{"id":9993,"date":"2020-12-16T06:12:31","date_gmt":"2020-12-16T05:12:31","guid":{"rendered":"http:\/\/onlinelotto365.net\/?page_id=9993"},"modified":"2021-02-25T15:20:06","modified_gmt":"2021-02-25T14:20:06","slug":"mega-millions","status":"publish","type":"page","link":"https:\/\/onlinelotto365.com\/cs\/koupit-listky\/mega-millions\/","title":{"rendered":"Mega Millions je jednou z nejlep\u0161\u00edch loteri\u00ed na planet\u011b"},"content":{"rendered":"<h2>Loterie nen\u00ed naz\u00fdvan\u00e1 Mega Millions jen tak<\/h2>\n<p>Jackpot Mega Millions sice m\u016f\u017ee za\u010d\u00edt na men\u0161\u00ed \u010d\u00e1stce ne\u017e u jeho sestersk\u00e9 mega loterie Powerball ve Spojen\u00fdch st\u00e1tech americk\u00fdch, ale postupem \u010dasu m\u016f\u017ee jackpot nar\u016fst do astronomick\u00fdch hodnot, a pak se m\u016f\u017ee sm\u011ble rovnat s ostatn\u00edmi sv\u011btov\u00fdmi mega loteriemi.<br \/>\nLoterie Mega Millions ve skute\u010dnosti dr\u017e\u00ed rekord nejvy\u0161\u0161\u00edho jackpotu v\u016fbec mezi americk\u00fdmi loteriemi, kdy\u017e si v b\u0159eznu 2012 t\u0159i extr\u00e9mn\u011b \u0161\u0165astliv\u00ed v\u00fdherci mezi sebou rozd\u011blili jackpot v celkov\u00e9 v\u00fd\u0161i 656 milion\u016f americk\u00fdch dolar\u016f. Loterie Mega Millions ji\u017e ve skute\u010dnosti vyplatila t\u0159i nejvy\u0161\u0161\u00ed jackpoty v historii Spojen\u00fdch st\u00e1t\u016f Americk\u00fdch, a jej\u00ed jackpoty \u010dasto nemaj\u00ed obdob u \u017e\u00e1dn\u00e9 loterie na sv\u011bt\u011b.<\/p>\n<p><a href=\"https:\/\/redfoxlotto.com\/cs\/?ref=A8564250A2&amp;campaign=ol\" target=\"_blank\" rel=\"noopener\"><span style=\"text-decoration: underline;\">Toto je odkaz na webovou str\u00e1nku, kde si m\u016f\u017eete zakoupit tikety do loterie Mega Millions online!<\/span><\/a><\/p>\n<h2>Jak to chod\u00ed u Mega Millions<\/h2>\n<p>U loterie Mega Millions prob\u00edhaj\u00ed dv\u011b slosov\u00e1n\u00ed za t\u00fdden, v\u017edy v \u00fater\u00fd a ve \u010dtvrtek. Podobn\u011b jako u loterie Powerball, s\u00e1zej\u00edc\u00ed si zvol\u00ed 5 hlavn\u00edch \u010d\u00edsel, ov\u0161em nam\u00edsto 59 mo\u017en\u00fdch \u010d\u00edsel jako u loterie Powerball m\u00e1 Mega Millions pouze 56 m\u00ed\u010dk\u016f, co\u017e znamen\u00e1 mnohem vy\u0161\u0161\u00ed \u0161anci, \u017ee se tref\u00edte do v\u0161ech 5 \u010d\u00edsel.<\/p>\n<p>V na\u0161\u00ed loterii je rovn\u011b\u017e jeden m\u00ed\u010dek nav\u00edc, kter\u00fd se jmenuje Mega Ball, u n\u011bj\u017e si zvol\u00edte ze 46 \u010d\u00edsel. Pokud spr\u00e1vn\u011b tref\u00edte 5 hlavn\u00edch \u010d\u00edsel plus \u010d\u00edslo na Mega Ball, pot\u00e9 vyhrajete \u0161t\u011bdr\u00fd jackpot, kter\u00fd loterie Mega Millions v\u017edy nab\u00edz\u00ed.<br \/>\nJako u v\u0161ech loteri\u00ed, pokud nikdo jackpot nevyhraje, jackpot st\u00e1le roste a roste a\u017e do doby, ne\u017e se najde jeho v\u00edt\u011bz. To rozhodn\u011b p\u0159id\u00e1v\u00e1 vzru\u0161uj\u00edc\u00edmu kl\u00e1n\u00ed, spole\u010dn\u011b s navy\u0161ov\u00e1n\u00edm hodnoty loterie poka\u017ed\u00e9, kdy\u017e \u010d\u00e1stka jackpotu vzroste. V\u00e1s \u00fa\u010dast v loterii stoj\u00ed st\u00e1le stejn\u011b, ale \u010d\u00edm v\u00edce pen\u011bz je ve h\u0159e, t\u00edm v\u011bt\u0161\u00ed v\u00fdhru m\u00e1te \u0161anci z\u00edskat.<br \/>\n<a href=\"https:\/\/redfoxlotto.com\/cs\/hrat\/mega-millions\/?ref=a8564250a2&amp;medium=ol365\" target=\"_blank\" rel=\"noopener noreferrer\"> <img decoding=\"async\" class=\"aligncenter\" src=\" https:\/\/redfoxlotto.com\/image?size=8&amp;lottery=mega-millions \" alt=\" mega miliony \" \/> <\/a><\/p>\n<p>Tak toto je jeden z d\u016fvod\u016f pro\u010d mnoho lid\u00ed hraje je\u0161t\u011b v\u00edce, kdy\u017e jackpot vylet\u00ed strm\u011b vzh\u016fru. Dal\u0161\u00edm d\u016fvodem, samoz\u0159ejm\u011b, je, \u017ee hran\u00ed o vy\u0161\u0161\u00ed \u010d\u00e1stky je, jednodu\u0161e \u0159e\u010deno, v\u00edce vzru\u0161uj\u00edc\u00ed. To je d\u016fvod, pro\u010d loterie jako Mega Millions a Powerball v\u017edy dbaj\u00ed na to, aby i ten jejich nejni\u017e\u0161\u00ed jackpot byl opravdu \u0161t\u011bdr\u00fd, aby s\u00e1zej\u00edc\u00ed nemuseli nikdy \u010dekat na to, ne\u017e se jim naskytne p\u0159\u00edle\u017eitost vychutnat si hru o obrovsk\u00e9 \u010d\u00e1stky.<\/p>\n<h2>Dal\u0161\u00ed informace o Mega Millions<\/h2>\n<ul>\n<li style=\"list-style-type: none;\">\n<ul>\n<li>Loterie se kon\u00e1 kde: USA<\/li>\n<li>Z kolika hlavn\u00edch \u010d\u00edsel si m\u016f\u017eete vybrat: 70<\/li>\n<li>Mus\u00edte vybrat: 5<\/li>\n<li>Kolik dal\u0161\u00edch \u010d\u00edsel si m\u016f\u017eete vybrat: 25<\/li>\n<li>Mus\u00edte vybrat: 1<\/li>\n<li>Rem\u00edzy, hodiny: \u00fater\u00fd, p\u00e1tek, 21:00 EST, +1 den 3:00 SE\u010c<\/li>\n<li>Minim\u00e1ln\u00ed jackpot: 40 milion\u016f $<\/li>\n<li>Maxim\u00e1ln\u00ed v\u00fd\u0161e jackpotu: \u017e\u00e1dn\u00e1<\/li>\n<li>Mo\u017en\u00e1 kombinace \u010d\u00edsel pro v\u00fdhru jackpotu: 1 z 175.711.536<\/li>\n<li>Mo\u017en\u00e1 kombinace \u010d\u00edsel pro v\u00fdhru 2. \u00farovn\u011b: 1 za 3,819,816<\/li>\n<li>Pravd\u011bpodobnost v\u00fdhry v jak\u00e9koli \u00farovni: 1 z 24,12<\/li>\n<li>Kolik \u00farovn\u00ed cen: 9<\/li>\n<\/ul>\n<\/li>\n<\/ul>\n<h2>Nyn\u00ed m\u016f\u017eete zakoupit tikety Mega Millions online<\/h2>\n<p>Ji\u017e nikdy nemus\u00edte opustit pohodl\u00ed domova, abyste si koupili loterijn\u00ed tikety Mega Millions. D\u00edky pohodl\u00ed, je\u017e n\u00e1m nab\u00edz\u00ed internet, si m\u016f\u017eete koupit kolik tiket\u016f Mega Millions jen chcete, kdykoli, p\u0159\u00edmo od va\u0161eho po\u010d\u00edta\u010de.<br \/>\nJi\u017e ani nemus\u00edte \u017e\u00edt na \u00fazem\u00ed Spojen\u00fdch st\u00e1t\u016f americk\u00fdch, jeliko\u017e t\u00e9to skv\u011bl\u00e9 loterie se mohou z\u00fa\u010dastnit obyvatel\u00e9 kter\u00e9hokoli st\u00e1tu sv\u011bta. Po dlouh\u00fdch letech, kdy byli \u00fa\u010dastn\u00edci loteri\u00ed limitov\u00e1ni jen na jejich lok\u00e1ln\u00ed loterie, a rovn\u011b\u017e d\u00edky internetu spojuj\u00edc\u00edmu cel\u00fd sv\u011bt, je toto jednozna\u010dn\u011b n\u00e1pad, jeho\u017e \u010das pr\u00e1v\u011b nade\u0161el.<\/p>\n<p>RedFoxLotto n\u00e1m nab\u00edz\u00ed rovn\u011b\u017e mo\u017enost koupit si online tikety nejen do loterie Mega Millions, ale tak\u00e9 v\u0161ech dal\u0161\u00edch nejv\u011bt\u0161\u00edch a nejnap\u00ednav\u011bj\u0161\u00edch loteri\u00ed na sv\u011bt\u011b. V\u0161e, co pro to mus\u00edte ud\u011blat, je zalo\u017eit si u nich bezplatn\u00fd \u00fa\u010det, zvolit kter\u00fdch loteri\u00ed se chcete \u00fa\u010dastnit, vybrat si \u010d\u00edsla nebo si je nechat vybrat po\u010d\u00edta\u010dem, zaplatit za tikety pomoc\u00ed jedn\u00e9 z mnoha nab\u00edzen\u00fdch platebn\u00edch zp\u016fsob\u016f a jste ve h\u0159e.<\/p>\n<h2>RedFoxLotto se v\u00e1m o v\u0161e postar\u00e1<\/h2>\n<p>Pot\u00e9, co si zakoup\u00edte tikety do loteri\u00ed va\u0161eho v\u00fdb\u011bru, RedFoxLotto jde do akce a koup\u00ed pro v\u00e1s tikety s va\u0161\u00edm jm\u00e9nem a pot\u00e9 je pro v\u00e1s v bezpe\u010d\u00ed dr\u017e\u00ed, p\u0159i\u010dem\u017e e-mailem v\u00e1m je za\u0161le naskenovan\u00e9, abyste je m\u011bli pohromad\u011b.<br \/>\nNemus\u00edte si ani poznamen\u00e1vat informace o slosov\u00e1n\u00edch nebo o ta\u017een\u00fdch \u010d\u00edslech, jeliko\u017e RedFoxLotto v\u0161e sleduje za v\u00e1s. A a\u010dkoli je v\u00fdznamnou sou\u010d\u00e1st\u00ed z\u00e1bavy tak\u00e9 sledov\u00e1n\u00ed va\u0161ich \u010d\u00edsel, nemus\u00edte se t\u00edm v\u016fbec zab\u00fdvat, pokud nechcete, jeliko\u017e v\u00e1m RedFoxLotto d\u00e1 v\u011bd\u011bt, zdali jste vyhr\u00e1li a p\u0159\u00edpadn\u011b kolik pen\u011bz.<\/p>\n<p>Jakmile vyhrajete, RedFoxLotto v\u00e1m pom\u016f\u017ee rovn\u011b\u017e s uplatn\u011bn\u00edm n\u00e1roku na v\u00fdhru. Pokud se jedn\u00e1 o men\u0161\u00ed \u010d\u00e1stku, nemus\u00edte d\u011blat v\u016fbec nic, pokud nechcete a pen\u00edze v\u00e1m budou p\u0159ips\u00e1ny na \u00fa\u010det dan\u00e9 loterie. U v\u011bt\u0161\u00edch v\u00fdher v\u00e1m pom\u016f\u017ee s pap\u00edrov\u00e1n\u00edm a u t\u011bch nejv\u011bt\u0161\u00edch v\u00fdher v\u00e1m asi nezbude nic jin\u00e9ho, ne\u017e si pro vyhran\u00e9 miliony p\u0159ijet osobn\u011b, ale to jsme si jisti, \u017ee v\u00e1m vadit nebude.<\/p>\n<h2>Stanete se velk\u00fdm v\u00fdhercem loterie Mega Millions?<\/h2>\n<p>Je pouze jedna cesta, jak se ujistit, a to p\u0159\u00edmo si online zahr\u00e1t v loterii Mega Millions, stejn\u011b jako kter\u00e9koli jin\u00e9 velk\u00e9 loterie, kter\u00e9 chcete zkusit. U\u017e jen ta \u0161ance na v\u00fdhru je dostate\u010dn\u00fdm d\u016fvodem pro\u010d si tak\u00e9 zahr\u00e1t. Pokud si nezahrajete, m\u016f\u017eete si b\u00fdt jisti, \u017ee tak\u00e9 nic nevyhrajete. Pokud si zahrajete, pak kdov\u00ed jestli se nestanete on\u00edm bohat\u00fdm \u0161\u0165astlivcem?<\/p>\n<p>Tud\u00ed\u017e pokud jste je\u0161t\u011b nikdy nehr\u00e1li loterii Mega Millions, kdov\u00ed kolik pen\u011bz byste si mohli vyd\u011blat, pokud byste hr\u00e1li? \u010cas o tomto spekulovat je v\u0161ak pry\u010d. Nyn\u00ed je to na v\u00e1s, a pokud vezmeme v potaz, jak jednoduch\u00e9 je zakoupit tikety na internetu, nen\u00ed v\u016fbec divu, pro\u010d jsou okolo toho lidi tolik nad\u0161en\u00ed.<\/p>\n","protected":false},"excerpt":{"rendered":"<p>Loterie nen\u00ed naz\u00fdvan\u00e1 Mega Millions jen tak Jackpot Mega Millions sice m\u016f\u017ee za\u010d\u00edt na men\u0161\u00ed \u010d\u00e1stce ne\u017e u jeho sestersk\u00e9 mega loterie Powerball ve Spojen\u00fdch st\u00e1tech americk\u00fdch, ale postupem \u010dasu m\u016f\u017ee jackpot nar\u016fst do astronomick\u00fdch hodnot, a pak se m\u016f\u017ee sm\u011ble rovnat s ostatn\u00edmi sv\u011btov\u00fdmi mega loteriemi. Loterie Mega Millions ve skute\u010dnosti dr\u017e\u00ed rekord nejvy\u0161\u0161\u00edho [&hellip;]<\/p>\n","protected":false},"author":1,"featured_media":0,"parent":5559,"menu_order":2,"comment_status":"closed","ping_status":"closed","template":"megamillion-info.php","meta":{"_et_pb_use_builder":"","_et_pb_old_content":"","_et_gb_content_width":"","exclude_from_search":false,"footnotes":""},"class_list":["post-9993","page","type-page","status-publish","hentry"],"yoast_head":"<!-- This site is optimized with the Yoast SEO plugin v23.4 - https:\/\/yoast.com\/wordpress\/plugins\/seo\/ -->\n<title>Mega Millions loterie online | Kupte si tiket na loterii Mega Millions z \u010cesk\u00e9 republiky<\/title>\n<meta name=\"description\" content=\"Lotto Mega Millions nyn\u00ed p\u0159ipraven\u00e9 pro obyvatele \u010cesk\u00e9 republiky - kupte si leg\u00e1ln\u00ed online l\u00edstky Mega Millions zde\" \/>\n<meta name=\"robots\" content=\"index, follow, max-snippet:-1, max-image-preview:large, max-video-preview:-1\" \/>\n<link rel=\"canonical\" href=\"https:\/\/onlinelotto365.com\/cs\/koupit-listky\/mega-millions\/\" \/>\n<meta property=\"og:locale\" content=\"cs_CZ\" \/>\n<meta property=\"og:type\" content=\"article\" \/>\n<meta property=\"og:title\" content=\"Mega Millions loterie online | Kupte si tiket na loterii Mega Millions z \u010cesk\u00e9 republiky\" \/>\n<meta property=\"og:description\" content=\"Lotto Mega Millions nyn\u00ed p\u0159ipraven\u00e9 pro obyvatele \u010cesk\u00e9 republiky - kupte si leg\u00e1ln\u00ed online l\u00edstky Mega Millions zde\" \/>\n<meta property=\"og:url\" content=\"https:\/\/onlinelotto365.com\/cs\/koupit-listky\/mega-millions\/\" \/>\n<meta property=\"og:site_name\" content=\"OnlineLotto365\" \/>\n<meta property=\"article:modified_time\" content=\"2021-02-25T14:20:06+00:00\" \/>\n<meta name=\"twitter:card\" content=\"summary_large_image\" \/>\n<meta name=\"twitter:label1\" content=\"Odhadovan\u00e1 doba \u010dten\u00ed\" \/>\n\t<meta name=\"twitter:data1\" content=\"4 minuty\" \/>\n<script type=\"application\/ld+json\" class=\"yoast-schema-graph\">{\"@context\":\"https:\/\/schema.org\",\"@graph\":[{\"@type\":\"WebPage\",\"@id\":\"https:\/\/onlinelotto365.com\/cs\/koupit-listky\/mega-millions\/\",\"url\":\"https:\/\/onlinelotto365.com\/cs\/koupit-listky\/mega-millions\/\",\"name\":\"Mega Millions loterie online | Kupte si tiket na loterii Mega Millions z \u010cesk\u00e9 republiky\",\"isPartOf\":{\"@id\":\"https:\/\/onlinelotto365.com\/cs\/#website\"},\"datePublished\":\"2020-12-16T05:12:31+00:00\",\"dateModified\":\"2021-02-25T14:20:06+00:00\",\"description\":\"Lotto Mega Millions nyn\u00ed p\u0159ipraven\u00e9 pro obyvatele \u010cesk\u00e9 republiky - kupte si leg\u00e1ln\u00ed online l\u00edstky Mega Millions zde\",\"breadcrumb\":{\"@id\":\"https:\/\/onlinelotto365.com\/cs\/koupit-listky\/mega-millions\/#breadcrumb\"},\"inLanguage\":\"cs\",\"potentialAction\":[{\"@type\":\"ReadAction\",\"target\":[\"https:\/\/onlinelotto365.com\/cs\/koupit-listky\/mega-millions\/\"]}]},{\"@type\":\"BreadcrumbList\",\"@id\":\"https:\/\/onlinelotto365.com\/cs\/koupit-listky\/mega-millions\/#breadcrumb\",\"itemListElement\":[{\"@type\":\"ListItem\",\"position\":1,\"name\":\"Home\",\"item\":\"https:\/\/onlinelotto365.com\/cs\/\"},{\"@type\":\"ListItem\",\"position\":2,\"name\":\"Pro\u010d m\u00e1 v\u011bt\u0161\u00ed smysl kupovat loterijn\u00ed l\u00edstky online\",\"item\":\"https:\/\/onlinelotto365.com\/cs\/buy-tickets\/\"},{\"@type\":\"ListItem\",\"position\":3,\"name\":\"Mega Millions je jednou z nejlep\u0161\u00edch loteri\u00ed na planet\u011b\"}]},{\"@type\":\"WebSite\",\"@id\":\"https:\/\/onlinelotto365.com\/cs\/#website\",\"url\":\"https:\/\/onlinelotto365.com\/cs\/\",\"name\":\"OnlineLotto365\",\"description\":\"\",\"potentialAction\":[{\"@type\":\"SearchAction\",\"target\":{\"@type\":\"EntryPoint\",\"urlTemplate\":\"https:\/\/onlinelotto365.com\/cs\/?s={search_term_string}\"},\"query-input\":{\"@type\":\"PropertyValueSpecification\",\"valueRequired\":true,\"valueName\":\"search_term_string\"}}],\"inLanguage\":\"cs\"}]}<\/script>\n<!-- \/ Yoast SEO plugin. -->","yoast_head_json":{"title":"Mega Millions loterie online | Kupte si tiket na loterii Mega Millions z \u010cesk\u00e9 republiky","description":"Lotto Mega Millions nyn\u00ed p\u0159ipraven\u00e9 pro obyvatele \u010cesk\u00e9 republiky - kupte si leg\u00e1ln\u00ed online l\u00edstky Mega Millions zde","robots":{"index":"index","follow":"follow","max-snippet":"max-snippet:-1","max-image-preview":"max-image-preview:large","max-video-preview":"max-video-preview:-1"},"canonical":"https:\/\/onlinelotto365.com\/cs\/koupit-listky\/mega-millions\/","og_locale":"cs_CZ","og_type":"article","og_title":"Mega Millions loterie online | Kupte si tiket na loterii Mega Millions z \u010cesk\u00e9 republiky","og_description":"Lotto Mega Millions nyn\u00ed p\u0159ipraven\u00e9 pro obyvatele \u010cesk\u00e9 republiky - kupte si leg\u00e1ln\u00ed online l\u00edstky Mega Millions zde","og_url":"https:\/\/onlinelotto365.com\/cs\/koupit-listky\/mega-millions\/","og_site_name":"OnlineLotto365","article_modified_time":"2021-02-25T14:20:06+00:00","twitter_card":"summary_large_image","twitter_misc":{"Odhadovan\u00e1 doba \u010dten\u00ed":"4 minuty"},"schema":{"@context":"https:\/\/schema.org","@graph":[{"@type":"WebPage","@id":"https:\/\/onlinelotto365.com\/cs\/koupit-listky\/mega-millions\/","url":"https:\/\/onlinelotto365.com\/cs\/koupit-listky\/mega-millions\/","name":"Mega Millions loterie online | Kupte si tiket na loterii Mega Millions z \u010cesk\u00e9 republiky","isPartOf":{"@id":"https:\/\/onlinelotto365.com\/cs\/#website"},"datePublished":"2020-12-16T05:12:31+00:00","dateModified":"2021-02-25T14:20:06+00:00","description":"Lotto Mega Millions nyn\u00ed p\u0159ipraven\u00e9 pro obyvatele \u010cesk\u00e9 republiky - kupte si leg\u00e1ln\u00ed online l\u00edstky Mega Millions zde","breadcrumb":{"@id":"https:\/\/onlinelotto365.com\/cs\/koupit-listky\/mega-millions\/#breadcrumb"},"inLanguage":"cs","potentialAction":[{"@type":"ReadAction","target":["https:\/\/onlinelotto365.com\/cs\/koupit-listky\/mega-millions\/"]}]},{"@type":"BreadcrumbList","@id":"https:\/\/onlinelotto365.com\/cs\/koupit-listky\/mega-millions\/#breadcrumb","itemListElement":[{"@type":"ListItem","position":1,"name":"Home","item":"https:\/\/onlinelotto365.com\/cs\/"},{"@type":"ListItem","position":2,"name":"Pro\u010d m\u00e1 v\u011bt\u0161\u00ed smysl kupovat loterijn\u00ed l\u00edstky online","item":"https:\/\/onlinelotto365.com\/cs\/buy-tickets\/"},{"@type":"ListItem","position":3,"name":"Mega Millions je jednou z nejlep\u0161\u00edch loteri\u00ed na planet\u011b"}]},{"@type":"WebSite","@id":"https:\/\/onlinelotto365.com\/cs\/#website","url":"https:\/\/onlinelotto365.com\/cs\/","name":"OnlineLotto365","description":"","potentialAction":[{"@type":"SearchAction","target":{"@type":"EntryPoint","urlTemplate":"https:\/\/onlinelotto365.com\/cs\/?s={search_term_string}"},"query-input":{"@type":"PropertyValueSpecification","valueRequired":true,"valueName":"search_term_string"}}],"inLanguage":"cs"}]}},"_links":{"self":[{"href":"https:\/\/onlinelotto365.com\/cs\/wp-json\/wp\/v2\/pages\/9993","targetHints":{"allow":["GET"]}}],"collection":[{"href":"https:\/\/onlinelotto365.com\/cs\/wp-json\/wp\/v2\/pages"}],"about":[{"href":"https:\/\/onlinelotto365.com\/cs\/wp-json\/wp\/v2\/types\/page"}],"author":[{"embeddable":true,"href":"https:\/\/onlinelotto365.com\/cs\/wp-json\/wp\/v2\/users\/1"}],"replies":[{"embeddable":true,"href":"https:\/\/onlinelotto365.com\/cs\/wp-json\/wp\/v2\/comments?post=9993"}],"version-history":[{"count":0,"href":"https:\/\/onlinelotto365.com\/cs\/wp-json\/wp\/v2\/pages\/9993\/revisions"}],"up":[{"embeddable":true,"href":"https:\/\/onlinelotto365.com\/cs\/wp-json\/wp\/v2\/pages\/5559"}],"wp:attachment":[{"href":"https:\/\/onlinelotto365.com\/cs\/wp-json\/wp\/v2\/media?parent=9993"}],"curies":[{"name":"wp","href":"https:\/\/api.w.org\/{rel}","templated":true}]}}