{"id":9995,"date":"2020-12-16T06:14:44","date_gmt":"2020-12-16T05:14:44","guid":{"rendered":"http:\/\/onlinelotto365.net\/?page_id=9995"},"modified":"2021-03-07T12:01:36","modified_gmt":"2021-03-07T11:01:36","slug":"euromillions","status":"publish","type":"page","link":"https:\/\/onlinelotto365.com\/cs\/koupit-listky\/euromillions\/","title":{"rendered":"Jak nakupovat l\u00edstky Euromillions online"},"content":{"rendered":"<p>Loterie EuroMillions za\u010dala v roce 2004 jako v\u00fdsledek spole\u010dn\u00e9ho \u00fasil\u00ed n\u00e1rodn\u00edch loteri\u00ed ve Francii, \u0160pan\u011blsku a Spojen\u00e9m kr\u00e1lovstv\u00ed. Zabralo to deset let, ne\u017e se poda\u0159ilo vypilovat dohodu mezi t\u011bmito zem\u011bmi, tud\u00ed\u017e jakmile to cel\u00e9 za\u010dalo, v\u0161e bylo skv\u011ble organizovan\u00e9, jako st\u00e1le je.<\/p>\n<p>Hlavn\u00edm z\u00e1m\u011brem bylo nab\u00eddnout hr\u00e1\u010d\u016fm loterie z t\u011bchto t\u0159\u00ed zem\u00ed mo\u017enost hr\u00e1t o mnohem vy\u0161\u0161\u00ed jackpoty, ne\u017e kter\u00e9 byly do t\u00e9 doby v\u016fbec dostupn\u00e9. Jeliko\u017e obrovsk\u00e9 jackpoty jsou hlavn\u00edm tahounem emoc\u00ed v t\u011bchto sout\u011b\u017e\u00edch, o\u010dek\u00e1valo se, \u017ee nov\u011b vzniknuv\u0161\u00ed loterie bude velk\u00fdm hitem a t\u00fdden za t\u00fddnem bude generovat fantastick\u00e9 jackpoty.<\/p>\n<p><a href=\"https:\/\/redfoxlotto.com\/cs\/hrat\/euromillions\/?ref=a8564250a2&amp;medium=ol365\" target=\"_blank\" rel=\"noopener noreferrer\"><img decoding=\"async\" class=\"aligncenter\" src=\"https:\/\/redfoxlotto.com\/image?size=8&amp;lottery=euromillions\" alt=\"euromillions\" \/><\/a><\/p>\n<p>S t\u00edm, jak rostl \u00fasp\u011bch t\u00e9to loterie, dal\u0161\u00ed zem\u011b byly p\u0159ipojov\u00e1ny jako partne\u0159i, p\u0159i\u010dem\u017e nyn\u00ed je v loterii zahrnuto celkem dev\u011bt r\u016fzn\u00fdch zem\u00ed. Jackpoty jsou stabiln\u011b mezi t\u011bmi nejhodnotn\u011bj\u0161\u00edmi ze v\u0161ech loteri\u00ed na sv\u011bt\u011b, nebo\u0165 za\u010d\u00ednaj\u00ed na 15 milionech Eur, z kter\u00e9\u017eto \u010d\u00e1stky d\u00e1le rostou.<\/p>\n<p>Jakmile jackpot dos\u00e1hne hodnoty 190 milion\u016f Euro, je na maximu a p\u0159\u00edpadn\u00e1 dal\u0161\u00ed nav\u00fd\u0161en\u00ed jsou p\u0159ipo\u010d\u00edt\u00e1na k jin\u00fdm cen\u00e1m. Organiz\u00e1to\u0159i loterie vn\u00edmaj\u00ed velikost jackpotu jako v\u00edce ne\u017e dostate\u010dnou \u2013 tak\u00e9 se jedn\u00e1 o pen\u00edze, kter\u00e9 bohat\u011b uspokoj\u00ed kohokoli z n\u00e1s. Jejich my\u0161len\u00ed v\u0161ak spo\u010d\u00edv\u00e1 v tom, \u017ee u takov\u00e9to vysok\u00e9 hodnoty je ji\u017e m\u00edra emoc\u00ed okolo jackpotu velmi vysok\u00e1 a nyn\u00ed to sam\u00e9 mohou u\u010dinit s ostatn\u00edmi cenami.<\/p>\n<h2>Ji\u017e nemus\u00edte \u017e\u00edt v \u017e\u00e1dn\u00e9 z t\u011bchto zem\u00ed, abyste si zahr\u00e1li<\/h2>\n<p>Jeliko\u017e loterie EuroMillions byla z historick\u00e9ho hlediska nab\u00edzena pouze v dev\u00edti vybran\u00fdch evropsk\u00fdch st\u00e1tech, v\u011bt\u0161ina z n\u00e1s se \u00fa\u010dastnit a u\u017e\u00edt si t\u00e9to loterie nemohla. Mnoh\u00e9 z n\u00e1s ve skute\u010dnosti nic takov\u00e9ho ani nenapadlo, tedy a\u017e doned\u00e1vna.<\/p>\n<p>D\u016fvtipn\u00ed \u00fa\u010dastn\u00edci loterie, ti byst\u0159ej\u0161\u00ed z n\u00e1s, si uv\u011bdomuj\u00ed, \u017ee fyzick\u00e9 bari\u00e9ry ve sv\u011bt\u011b loteri\u00ed ji\u017e neexistuj\u00ed. Tedy, v ur\u010dit\u00e9m slova smyslu st\u00e1le jsou, jeliko\u017e st\u00e1le mus\u00edte fyzicky nakoupit va\u0161e loterijn\u00ed tikety EuroMillions a ostatn\u00edch sv\u011btov\u00fdch loteri\u00ed. Samoz\u0159ejm\u011b do takov\u00fdch m\u00edst nebudete cestovat dvakr\u00e1t t\u00fddn\u011b jen kv\u016fli koupi loterijn\u00edch tiket\u016f, co\u017e by zkonzumovalo obrovsk\u00e9 mno\u017estv\u00ed \u010dasu a pen\u011bz.<\/p>\n<p>Mohli byste si najmout n\u011bkoho, kdo v dan\u00e9 zemi \u017eije, ale to si \u017e\u00e1d\u00e1 kontakty a \u00fasil\u00ed, kter\u00e9 je pro mnoho lid\u00ed nemysliteln\u00e9. Jak si tedy je\u0161t\u011b jinak m\u016f\u017eete po\u0159\u00eddit tikety k loterii EuroMillions?<br \/>\nOdpov\u011bd\u00ed je jednodu\u0161e si je zakoupit online, p\u0159\u00edmo z pohodl\u00ed va\u0161eho domova, p\u0159i\u010dem\u017e o v\u0161e se v\u00e1m postar\u00e1 d\u016fv\u011bryhodn\u00e1 a prov\u011b\u0159en\u00e1 slu\u017eba, v\u010detn\u011b koup\u011b tiket\u016f na va\u0161e jm\u00e9no, zasl\u00e1n\u00ed naskenovan\u00e9 kopie, bezpe\u010dn\u00e9 \u00faschovy tiket\u016f, kontroly va\u0161ich \u010d\u00edsel a ozn\u00e1men\u00ed v p\u0159\u00edpad\u011b v\u00fdhry a asistenci p\u0159i v\u00fdplat\u011b va\u0161ich v\u00fdher.<\/p>\n<p>Tato nov\u00e1 slu\u017eba nese n\u00e1zev RedFoxLotto, s n\u00ed\u017e se sen mnoha lid\u00ed koupit si loterijn\u00ed tikety online a m\u00edt v\u0161e vy\u0159\u00edzeno za n\u011b, pr\u00e1v\u011b stal realitou. Nejen\u017ee si m\u016f\u017eete pohodln\u011b zakoupit jak\u00e9koli tikety loterie EuroMillions, ov\u0161em slu\u017eba nab\u00edz\u00ed rovn\u011b\u017e online n\u00e1kup tiket\u016f ke v\u0161em velk\u00fdm a popul\u00e1rn\u00edm sv\u011btov\u00fdm loteri\u00edm.<\/p>\n<p>Klikn\u011bte zde pro n\u00e1v\u0161t\u011bvu jejich webov\u00fdch str\u00e1nek a zakoupen\u00ed tiketu EuroMillions!<\/p>\n<h2>Jak funguje loterie EuroMillions<\/h2>\n<p>V t\u00e9to loterii je celkem 13 r\u016fzn\u00fdch v\u00fd\u0161\u00ed v\u00fdher, po\u010d\u00ednaje shodou pouh\u00fdch dvou \u010d\u00edsel z hlavn\u00edch 5, a\u017e po shodu v\u0161ech 5 \u010d\u00edsel plus dvou \u201elucky stars&#8220; \u010d\u00edsel a v\u00fdh\u0159e jackpotu. Krom\u011b obrovit\u00fdch \u010d\u00e1stek jackpotu loterie EuroMillions sv\u00fdm hr\u00e1\u010d\u016fm nab\u00edz\u00ed rovn\u011b\u017e vy\u0161\u0161\u00ed \u0161anci na v\u00fdhru n\u011bkter\u00fdch \u010d\u00e1stek, kter\u00e9 b\u011b\u017en\u011b v\u00edd\u00e1te u velk\u00fdch loteri\u00ed.<\/p>\n<p>Losov\u00e1n\u00ed prob\u00edh\u00e1 dvakr\u00e1t t\u00fddn\u011b, o \u00faterc\u00edch a p\u00e1tc\u00edch, v 21 hodin britsk\u00e9ho \u010dasu. RedFoxLotto v\u00e1m z tohoto d\u016fvodu poskytuje odpo\u010d\u00edt\u00e1v\u00e1n\u00ed pro tuto, stejn\u011b jako ostatn\u00ed loterie na jejich webov\u00fdch str\u00e1nk\u00e1ch, tud\u00ed\u017e hr\u00e1\u010di maj\u00ed kdykoli p\u0159ehled o tom, kolik \u010dasu p\u0159esn\u011b zb\u00fdv\u00e1 do dal\u0161\u00edho slosov\u00e1n\u00ed. Hr\u00e1\u010di vol\u00ed 5 \u010d\u00edsel od 1 do 50 a 2 \u201elucky stars&#8220; \u010d\u00edsla od 1 do 11. Jako u loterijn\u00edch st\u00e1nk\u016f, RedFoxLotto hr\u00e1\u010d\u016fm nab\u00edz\u00ed mo\u017enost vlastn\u00ed volby jejich \u010d\u00edsel nebo zaji\u0161t\u011bn\u00ed vygenerov\u00e1n\u00ed n\u00e1hodn\u00fdch.<\/p>\n<p>Ke ka\u017ed\u00e9mu slosov\u00e1n\u00ed si m\u016f\u017eete zakoupit libovoln\u00e9 mno\u017estv\u00ed tiket\u016f. Pot\u00e9 m\u016f\u017eete nav\u0161t\u00edvit webov\u00e9 str\u00e1nky RedFoxLotto pro kontrolu va\u0161ich tiket\u016f nebo, pokud to preferujete, m\u016f\u017eete pouze \u010dekat na e-mail, kter\u00fd v\u00e1m RedFoxLotto za\u0161le v p\u0159\u00edpad\u011b v\u00fdhry. V z\u00e1vislosti na tom, kolik vyhrajete, v\u00e1m poskytne poradenstv\u00ed a asistenci p\u0159i p\u0159eb\u00edr\u00e1n\u00ed v\u00fdhry.<\/p>\n<h2>Dal\u0161\u00ed informace o EuroMillions<\/h2>\n<ul>\n<li>Zem\u011b: r\u016fzn\u00e9 Evropa<\/li>\n<li>Rozsah hlavn\u00edch \u010d\u00edsel: 50<\/li>\n<li>Vyberete: 5<\/li>\n<li>Rozsah dal\u0161\u00edch \u010d\u00edsel: 12<\/li>\n<li>Vyberete: 2<\/li>\n<li>Rem\u00edzy, hodiny: \u00fater\u00fd, p\u00e1tek, 19:30 GMT, 20:30 SE\u010c<\/li>\n<li>Minim\u00e1ln\u00ed jackpot: 17 milion\u016f EUR<\/li>\n<li>Maxim\u00e1ln\u00ed jackpot: 190 milion\u016f EUR<\/li>\n<li>Pravd\u011bpodobnost v\u00fdhry jackpotu: 1 v roce 186450880<\/li>\n<li>Pravd\u011bpodobnost v\u00fdhry 2. \u00farovn\u011b: 1 v 2118760<\/li>\n<li>Pravd\u011bpodobnost v\u00fdhry v jak\u00e9koli \u00farovni: 1 z 12,98<\/li>\n<li>Po\u010det \u00farovn\u00ed cen: 13<\/li>\n<\/ul>\n<h2>Te\u010f kdy\u017e u\u017e v\u00edte, je s\u00edla ve va\u0161ich rukou<\/h2>\n<p>Ji\u017e d\u00e1vno nejsme \u201eodst\u0159i\u017eeni&#8220; od velk\u00fdch loteri\u00ed jako EuroMillions, jen na z\u00e1klad\u011b m\u00edsta na\u0161eho bydli\u0161t\u011b. Nyn\u00ed si m\u016f\u017eeme zakoupit tikety ke kter\u00e9koli loterii, jak\u00e9 se n\u00e1m zl\u00edb\u00ed, a nikdo n\u00e1m v tom nem\u016f\u017ee zabr\u00e1nit. Internet opravdu otev\u0159el a propojil cel\u00fd sv\u011bt a nyn\u00ed se toto vztahuje i na loterie. Na\u0161e \u010dek\u00e1n\u00ed je nyn\u00ed u konce.<\/p>\n<p>Tud\u00ed\u017e s tolika emocemi nabit\u00fdmi loteriemi, kter\u00e9 n\u00e1m jsou nyn\u00ed dostupn\u00e9, ji\u017e nen\u00ed \u017e\u00e1dn\u00fd d\u016fvod odep\u00edrat si z\u00e1bavu, kter\u00e1 na n\u00e1s \u010dek\u00e1.<\/p>\n","protected":false},"excerpt":{"rendered":"<p>Loterie EuroMillions za\u010dala v roce 2004 jako v\u00fdsledek spole\u010dn\u00e9ho \u00fasil\u00ed n\u00e1rodn\u00edch loteri\u00ed ve Francii, \u0160pan\u011blsku a Spojen\u00e9m kr\u00e1lovstv\u00ed. Zabralo to deset let, ne\u017e se poda\u0159ilo vypilovat dohodu mezi t\u011bmito zem\u011bmi, tud\u00ed\u017e jakmile to cel\u00e9 za\u010dalo, v\u0161e bylo skv\u011ble organizovan\u00e9, jako st\u00e1le je. Hlavn\u00edm z\u00e1m\u011brem bylo nab\u00eddnout hr\u00e1\u010d\u016fm loterie z t\u011bchto t\u0159\u00ed zem\u00ed mo\u017enost hr\u00e1t o [&hellip;]<\/p>\n","protected":false},"author":1,"featured_media":0,"parent":5559,"menu_order":3,"comment_status":"closed","ping_status":"closed","template":"euromillions-info.php","meta":{"_et_pb_use_builder":"","_et_pb_old_content":"","_et_gb_content_width":"","exclude_from_search":false,"footnotes":""},"class_list":["post-9995","page","type-page","status-publish","hentry"],"yoast_head":"<!-- This site is optimized with the Yoast SEO plugin v23.4 - https:\/\/yoast.com\/wordpress\/plugins\/seo\/ -->\n<title>Nakupujte l\u00edstky na Euromillions online z \u010cesk\u00e9 republiky | Informace o Euromillions, jak nakupovat letenky<\/title>\n<meta name=\"description\" content=\"Fanou\u0161ci loterie z jak\u00e9koli zem\u011b v\u010detn\u011b \u010cesk\u00e9 republiky si nyn\u00ed mohou koupit l\u00edstky Euromillions zde\" \/>\n<meta name=\"robots\" content=\"index, follow, max-snippet:-1, max-image-preview:large, max-video-preview:-1\" \/>\n<link rel=\"canonical\" href=\"https:\/\/onlinelotto365.com\/cs\/koupit-listky\/euromillions\/\" \/>\n<meta property=\"og:locale\" content=\"cs_CZ\" \/>\n<meta property=\"og:type\" content=\"article\" \/>\n<meta property=\"og:title\" content=\"Nakupujte l\u00edstky na Euromillions online z \u010cesk\u00e9 republiky | Informace o Euromillions, jak nakupovat letenky\" \/>\n<meta property=\"og:description\" content=\"Fanou\u0161ci loterie z jak\u00e9koli zem\u011b v\u010detn\u011b \u010cesk\u00e9 republiky si nyn\u00ed mohou koupit l\u00edstky Euromillions zde\" \/>\n<meta property=\"og:url\" content=\"https:\/\/onlinelotto365.com\/cs\/koupit-listky\/euromillions\/\" \/>\n<meta property=\"og:site_name\" content=\"OnlineLotto365\" \/>\n<meta property=\"article:modified_time\" content=\"2021-03-07T11:01:36+00:00\" \/>\n<meta property=\"og:image\" content=\"https:\/\/redfoxlotto.com\/image?size=8&amp;lottery=euromillions\" \/>\n<meta name=\"twitter:card\" content=\"summary_large_image\" \/>\n<meta name=\"twitter:label1\" content=\"Odhadovan\u00e1 doba \u010dten\u00ed\" \/>\n\t<meta name=\"twitter:data1\" content=\"4 minuty\" \/>\n<script type=\"application\/ld+json\" class=\"yoast-schema-graph\">{\"@context\":\"https:\/\/schema.org\",\"@graph\":[{\"@type\":\"WebPage\",\"@id\":\"https:\/\/onlinelotto365.com\/cs\/koupit-listky\/euromillions\/\",\"url\":\"https:\/\/onlinelotto365.com\/cs\/koupit-listky\/euromillions\/\",\"name\":\"Nakupujte l\u00edstky na Euromillions online z \u010cesk\u00e9 republiky | Informace o Euromillions, jak nakupovat letenky\",\"isPartOf\":{\"@id\":\"https:\/\/onlinelotto365.com\/cs\/#website\"},\"primaryImageOfPage\":{\"@id\":\"https:\/\/onlinelotto365.com\/cs\/koupit-listky\/euromillions\/#primaryimage\"},\"image\":{\"@id\":\"https:\/\/onlinelotto365.com\/cs\/koupit-listky\/euromillions\/#primaryimage\"},\"thumbnailUrl\":\"https:\/\/redfoxlotto.com\/image?size=8&amp;lottery=euromillions\",\"datePublished\":\"2020-12-16T05:14:44+00:00\",\"dateModified\":\"2021-03-07T11:01:36+00:00\",\"description\":\"Fanou\u0161ci loterie z jak\u00e9koli zem\u011b v\u010detn\u011b \u010cesk\u00e9 republiky si nyn\u00ed mohou koupit l\u00edstky Euromillions zde\",\"breadcrumb\":{\"@id\":\"https:\/\/onlinelotto365.com\/cs\/koupit-listky\/euromillions\/#breadcrumb\"},\"inLanguage\":\"cs\",\"potentialAction\":[{\"@type\":\"ReadAction\",\"target\":[\"https:\/\/onlinelotto365.com\/cs\/koupit-listky\/euromillions\/\"]}]},{\"@type\":\"ImageObject\",\"inLanguage\":\"cs\",\"@id\":\"https:\/\/onlinelotto365.com\/cs\/koupit-listky\/euromillions\/#primaryimage\",\"url\":\"https:\/\/redfoxlotto.com\/image?size=8&amp;lottery=euromillions\",\"contentUrl\":\"https:\/\/redfoxlotto.com\/image?size=8&amp;lottery=euromillions\"},{\"@type\":\"BreadcrumbList\",\"@id\":\"https:\/\/onlinelotto365.com\/cs\/koupit-listky\/euromillions\/#breadcrumb\",\"itemListElement\":[{\"@type\":\"ListItem\",\"position\":1,\"name\":\"Home\",\"item\":\"https:\/\/onlinelotto365.com\/cs\/\"},{\"@type\":\"ListItem\",\"position\":2,\"name\":\"Pro\u010d m\u00e1 v\u011bt\u0161\u00ed smysl kupovat loterijn\u00ed l\u00edstky online\",\"item\":\"https:\/\/onlinelotto365.com\/cs\/buy-tickets\/\"},{\"@type\":\"ListItem\",\"position\":3,\"name\":\"Jak nakupovat l\u00edstky Euromillions online\"}]},{\"@type\":\"WebSite\",\"@id\":\"https:\/\/onlinelotto365.com\/cs\/#website\",\"url\":\"https:\/\/onlinelotto365.com\/cs\/\",\"name\":\"OnlineLotto365\",\"description\":\"\",\"potentialAction\":[{\"@type\":\"SearchAction\",\"target\":{\"@type\":\"EntryPoint\",\"urlTemplate\":\"https:\/\/onlinelotto365.com\/cs\/?s={search_term_string}\"},\"query-input\":{\"@type\":\"PropertyValueSpecification\",\"valueRequired\":true,\"valueName\":\"search_term_string\"}}],\"inLanguage\":\"cs\"}]}<\/script>\n<!-- \/ Yoast SEO plugin. -->","yoast_head_json":{"title":"Nakupujte l\u00edstky na Euromillions online z \u010cesk\u00e9 republiky | Informace o Euromillions, jak nakupovat letenky","description":"Fanou\u0161ci loterie z jak\u00e9koli zem\u011b v\u010detn\u011b \u010cesk\u00e9 republiky si nyn\u00ed mohou koupit l\u00edstky Euromillions zde","robots":{"index":"index","follow":"follow","max-snippet":"max-snippet:-1","max-image-preview":"max-image-preview:large","max-video-preview":"max-video-preview:-1"},"canonical":"https:\/\/onlinelotto365.com\/cs\/koupit-listky\/euromillions\/","og_locale":"cs_CZ","og_type":"article","og_title":"Nakupujte l\u00edstky na Euromillions online z \u010cesk\u00e9 republiky | Informace o Euromillions, jak nakupovat letenky","og_description":"Fanou\u0161ci loterie z jak\u00e9koli zem\u011b v\u010detn\u011b \u010cesk\u00e9 republiky si nyn\u00ed mohou koupit l\u00edstky Euromillions zde","og_url":"https:\/\/onlinelotto365.com\/cs\/koupit-listky\/euromillions\/","og_site_name":"OnlineLotto365","article_modified_time":"2021-03-07T11:01:36+00:00","og_image":[{"url":"https:\/\/redfoxlotto.com\/image?size=8&amp;lottery=euromillions"}],"twitter_card":"summary_large_image","twitter_misc":{"Odhadovan\u00e1 doba \u010dten\u00ed":"4 minuty"},"schema":{"@context":"https:\/\/schema.org","@graph":[{"@type":"WebPage","@id":"https:\/\/onlinelotto365.com\/cs\/koupit-listky\/euromillions\/","url":"https:\/\/onlinelotto365.com\/cs\/koupit-listky\/euromillions\/","name":"Nakupujte l\u00edstky na Euromillions online z \u010cesk\u00e9 republiky | Informace o Euromillions, jak nakupovat letenky","isPartOf":{"@id":"https:\/\/onlinelotto365.com\/cs\/#website"},"primaryImageOfPage":{"@id":"https:\/\/onlinelotto365.com\/cs\/koupit-listky\/euromillions\/#primaryimage"},"image":{"@id":"https:\/\/onlinelotto365.com\/cs\/koupit-listky\/euromillions\/#primaryimage"},"thumbnailUrl":"https:\/\/redfoxlotto.com\/image?size=8&amp;lottery=euromillions","datePublished":"2020-12-16T05:14:44+00:00","dateModified":"2021-03-07T11:01:36+00:00","description":"Fanou\u0161ci loterie z jak\u00e9koli zem\u011b v\u010detn\u011b \u010cesk\u00e9 republiky si nyn\u00ed mohou koupit l\u00edstky Euromillions zde","breadcrumb":{"@id":"https:\/\/onlinelotto365.com\/cs\/koupit-listky\/euromillions\/#breadcrumb"},"inLanguage":"cs","potentialAction":[{"@type":"ReadAction","target":["https:\/\/onlinelotto365.com\/cs\/koupit-listky\/euromillions\/"]}]},{"@type":"ImageObject","inLanguage":"cs","@id":"https:\/\/onlinelotto365.com\/cs\/koupit-listky\/euromillions\/#primaryimage","url":"https:\/\/redfoxlotto.com\/image?size=8&amp;lottery=euromillions","contentUrl":"https:\/\/redfoxlotto.com\/image?size=8&amp;lottery=euromillions"},{"@type":"BreadcrumbList","@id":"https:\/\/onlinelotto365.com\/cs\/koupit-listky\/euromillions\/#breadcrumb","itemListElement":[{"@type":"ListItem","position":1,"name":"Home","item":"https:\/\/onlinelotto365.com\/cs\/"},{"@type":"ListItem","position":2,"name":"Pro\u010d m\u00e1 v\u011bt\u0161\u00ed smysl kupovat loterijn\u00ed l\u00edstky online","item":"https:\/\/onlinelotto365.com\/cs\/buy-tickets\/"},{"@type":"ListItem","position":3,"name":"Jak nakupovat l\u00edstky Euromillions online"}]},{"@type":"WebSite","@id":"https:\/\/onlinelotto365.com\/cs\/#website","url":"https:\/\/onlinelotto365.com\/cs\/","name":"OnlineLotto365","description":"","potentialAction":[{"@type":"SearchAction","target":{"@type":"EntryPoint","urlTemplate":"https:\/\/onlinelotto365.com\/cs\/?s={search_term_string}"},"query-input":{"@type":"PropertyValueSpecification","valueRequired":true,"valueName":"search_term_string"}}],"inLanguage":"cs"}]}},"_links":{"self":[{"href":"https:\/\/onlinelotto365.com\/cs\/wp-json\/wp\/v2\/pages\/9995","targetHints":{"allow":["GET"]}}],"collection":[{"href":"https:\/\/onlinelotto365.com\/cs\/wp-json\/wp\/v2\/pages"}],"about":[{"href":"https:\/\/onlinelotto365.com\/cs\/wp-json\/wp\/v2\/types\/page"}],"author":[{"embeddable":true,"href":"https:\/\/onlinelotto365.com\/cs\/wp-json\/wp\/v2\/users\/1"}],"replies":[{"embeddable":true,"href":"https:\/\/onlinelotto365.com\/cs\/wp-json\/wp\/v2\/comments?post=9995"}],"version-history":[{"count":0,"href":"https:\/\/onlinelotto365.com\/cs\/wp-json\/wp\/v2\/pages\/9995\/revisions"}],"up":[{"embeddable":true,"href":"https:\/\/onlinelotto365.com\/cs\/wp-json\/wp\/v2\/pages\/5559"}],"wp:attachment":[{"href":"https:\/\/onlinelotto365.com\/cs\/wp-json\/wp\/v2\/media?parent=9995"}],"curies":[{"name":"wp","href":"https:\/\/api.w.org\/{rel}","templated":true}]}}