{"id":9997,"date":"2020-12-16T06:16:58","date_gmt":"2020-12-16T05:16:58","guid":{"rendered":"http:\/\/onlinelotto365.net\/?page_id=9997"},"modified":"2021-03-07T12:01:23","modified_gmt":"2021-03-07T11:01:23","slug":"eurojackpot","status":"publish","type":"page","link":"https:\/\/onlinelotto365.com\/cs\/koupit-listky\/eurojackpot\/","title":{"rendered":"Jak nakupovat l\u00edstky Eurojackpot online"},"content":{"rendered":"<p>V p\u0159\u00edpad\u011b, \u017ee v\u00e1s zaj\u00edm\u00e1 <strong> jak koupit l\u00edstky Eurojackpot online <\/strong>, popsali jsme tento postup ve snadn\u00fdch kroc\u00edch. Ve skute\u010dnosti v\u00e1s ale n\u00e1\u0161 web provede cel\u00fdm procesem. Sna\u017eili jsme se, aby to bylo co nejjednodu\u0161\u0161\u00ed.<\/p>\n<ul>\n<li>Jakmile jste na str\u00e1nce Eurojackpot, vyberte sv\u00e1 \u010d\u00edsla nebo nechte po\u010d\u00edta\u010d, aby \u010d\u00edsla vybral za v\u00e1s<\/li>\n<li>Pokud chcete, m\u016f\u017eete do sv\u00e9 objedn\u00e1vky p\u0159idat v\u00edce loteri\u00ed a v\u00edce tiket\u016f.<\/li>\n<li>Klikn\u011bte na Zaplatit<\/li>\n<li>Zaregistrujte sv\u016fj \u00fa\u010det na na\u0161em webu (pokud jste to ji\u017e ud\u011blali, m\u016f\u017eete tento krok p\u0159esko\u010dit a p\u0159ihlaste se ke sv\u00e9mu st\u00e1vaj\u00edc\u00edmu \u00fa\u010dtu<\/li>\n<li>Pokud registrujete nov\u00fd \u00fa\u010det, <strong> pros\u00edm zkontrolujte e-mailovou schr\u00e1nku, zda neobsahuje zpr\u00e1vu s ov\u011b\u0159ovac\u00edm odkazem <\/strong><\/li>\n<li>Pokud e-mail nem\u016f\u017eete naj\u00edt, pod\u00edvejte se pros\u00edm na svou spamovou schr\u00e1nku, kter\u00e1 tam mohla skon\u010dit<\/li>\n<li>Klikn\u011bte na symbol n\u00e1kupn\u00edho ko\u0161\u00edku<\/li>\n<li>Vyberte platebn\u00ed metodu, kliknut\u00edm prove\u010fte platbu a postupujte podle pokyn\u016f k platb\u011b.<\/li>\n<\/ul>\n<p><a href=\"https:\/\/redfoxlotto.com\/cs\/hrat\/eurojackpot\/?ref=a8564250a2&amp;medium=ol365\" target=\"_blank\" rel=\"noopener noreferrer\"> <img decoding=\"async\" class=\"aligncenter\" src=\"https:\/\/redfoxlotto.com\/image?size=8&amp;lottery=eurojackpot\" alt=\"eurojackpot\" \/> <\/a><\/p>\n<h2>Jak zaplatit za tiket Eurojackpot online<\/h2>\n<p>V t\u00e9to oblasti je na\u0161im z\u00e1kazn\u00edk\u016fm k dispozici \u0159ada bezpe\u010dn\u00fdch platebn\u00edch metod. Vyberte metodu, kter\u00e1 v\u00e1m vyhovuje.<\/p>\n<p><strong> Vstupenky si m\u016f\u017eete zakoupit online a zaplatit za n\u011b dv\u011bma zp\u016fsoby: <\/strong><\/p>\n<ul>\n<li>Pla\u0165te za svou objedn\u00e1vku p\u0159\u00edmo<\/li>\n<li>Vlo\u017ete pen\u00edze na sv\u016fj hr\u00e1\u010dsk\u00fd \u00fa\u010det a pot\u00e9 pou\u017eijte sv\u016fj z\u016fstatek na n\u00e1kup loteri\u00ed<\/li>\n<\/ul>\n<p>Pokud pou\u017eijete druhou metodu, ujist\u011bte se, \u017ee \u010d\u00e1stka va\u0161eho z\u016fstatku je vy\u0161\u0161\u00ed ne\u017e \u010d\u00e1stka objedn\u00e1vky letenky.<\/p>\n<h2>Dal\u0161\u00ed informace o Eurojackpotu<\/h2>\n<ul>\n<li>Zem\u011b: r\u016fzn\u00e9 evropsk\u00e9 zem\u011b<\/li>\n<li>Rozsah hlavn\u00edch \u010d\u00edsel: 50<\/li>\n<li>Vyberete: 5<\/li>\n<li>Rozsah dal\u0161\u00edch \u010d\u00edsel: 10<\/li>\n<li>Vyberete: 2<\/li>\n<li>Rem\u00edza dny, hodiny: p\u00e1tek, 21:00 SE\u010c<\/li>\n<li>Minim\u00e1ln\u00ed jackpot: 10 milion\u016f EUR<\/li>\n<li>Maxim\u00e1ln\u00ed jackpot: 90 milion\u016f EUR<\/li>\n<li>Pravd\u011bpodobnost v\u00fdhry jackpotu: 1 z 135 600 640<\/li>\n<li>Pravd\u011bpodobnost v\u00fdhry 2. \u00farovn\u011b: 1 ku 2.118.760<\/li>\n<li>Pravd\u011bpodobnost v\u00fdhry v jak\u00e9koli \u00farovni: 1 z 26,39<\/li>\n<li>Po\u010det \u00farovn\u00ed cen: 12<\/li>\n<\/ul>\n<h2>V\u00fdhody n\u00e1kupu l\u00edstk\u016f Eurojackpot online<\/h2>\n<ul>\n<li>kupte si letenky z pohodl\u00ed domova<\/li>\n<li>v\u011bt\u0161\u00ed v\u00fdb\u011br loteri\u00ed<\/li>\n<li> zvy\u0161te sv\u00e9 \u0161ance na v\u00fdhru  t\u00edm, \u017ee p\u0159ejdete na  loterie s nejvy\u0161\u0161\u00edmi jackpoty <\/li>\n<li>mo\u017enost nejprve vlo\u017eit pen\u00edze a pot\u00e9 uhradit z\u016fstatek<\/li>\n<li>U\u017e nikdy neztrat\u00edte l\u00edstek<\/li>\n<li>dost\u00e1vejte ozn\u00e1men\u00ed, kdy\u017e vyhrajete<\/li>\n<li>mo\u017enost rychl\u00e9ho v\u00fdb\u011bru s gener\u00e1torem n\u00e1hodn\u00fdch \u010d\u00edsel<\/li>\n<\/ul>\n<h2>Je leg\u00e1ln\u00ed nakupovat l\u00edstky Eurojackpot online?<\/h2>\n<p>Nemus\u00edte si d\u011blat starosti s t\u00edm, zda je n\u00e1kup loterijn\u00edch online nebo tradi\u010dn\u00edm zp\u016fsobem ve va\u0161\u00ed zemi leg\u00e1ln\u00ed. Sou\u010dasn\u011b si nemus\u00edte d\u011blat starosti s ot\u00e1zkou, zda je leg\u00e1ln\u00ed pou\u017e\u00edvat na\u0161i slu\u017ebu, pokud jde o p\u0159edpisy v zemi, kde se loterie kon\u00e1. Zp\u016fsob, jak\u00fdm provozujeme na\u0161e slu\u017eby, je navr\u017een tak, aby <strong> bylo zaru\u010deno, \u017ee dostanete zaplaceno, i kdy\u017e vyhrajete jackpot. <\/strong><\/p>\n<p> Abyste mohli vyu\u017e\u00edvat na\u0161i slu\u017ebu, mus\u00edte m\u00edt alespo\u0148 18 let. <\/p>\n<h2>Jak dostanu v\u00fdplatu, kdy\u017e vyhraji Eurojackpot online?<\/h2>\n<p>V\u00fdplata v\u00fdher je d\u016fle\u017eitou sou\u010d\u00e1st\u00ed na\u0161\u00ed slu\u017eby na\u0161im z\u00e1kazn\u00edk\u016fm. Je d\u016fle\u017eit\u00e9, abyste v\u011bd\u011bli, \u017ee z va\u0161ich v\u00fdher v loterii neode\u010d\u00edt\u00e1me \u017e\u00e1dn\u00fd druh provize. Pouze v jedn\u00e9 situaci m\u016f\u017ee b\u00fdt velmi mal\u00fd poplatek, a to pokud se rozhodnete pro v\u00fdplatu bankovn\u00edm p\u0159evodem. Jedn\u00e1 se o to, co n\u00e1m banka \u00fa\u010dtuje, a mluv\u00edme zde o 5 $ za p\u0159evod, pokud se jedn\u00e1 o mezin\u00e1rodn\u00ed p\u0159evod.<\/p>\n<p>V\u00fdplata m\u00e1 dv\u011b r\u016fzn\u00e9 situace:<\/p>\n<ul>\n<li>Vyhr\u00e1v\u00e1te \u010d\u00e1stku 2 500 EUR nebo m\u00e9n\u011b. V takov\u00e9m p\u0159\u00edpad\u011b bude vyhran\u00e1 \u010d\u00e1stka p\u0159ips\u00e1na na v\u00e1\u0161 hr\u00e1\u010dsk\u00fd \u00fa\u010det u n\u00e1s.<\/li>\n<li>Vyhr\u00e1v\u00e1te \u010d\u00e1stku vy\u0161\u0161\u00ed ne\u017e 2 500 EUR. V takov\u00e9m p\u0159\u00edpad\u011b v\u00e1m za\u0161leme e-mailem formul\u00e1\u0159, kter\u00fd mus\u00edte vyplnit. Vy rozhodujete, jak chcete dostat zaplaceno. V tomto p\u0159\u00edpad\u011b jsou bankovn\u00ed p\u0159evod a \u0161ek jedinou mo\u017enost\u00ed. Zpracujeme za v\u00e1s \u017e\u00e1dost a o n\u011bkolik dn\u00ed pozd\u011bji budete m\u00edt sv\u00e9 pen\u00edze na sv\u00e9m bankovn\u00edm \u00fa\u010dtu nebo obdr\u017e\u00edte \u0161ek.<\/li>\n<\/ul>\n","protected":false},"excerpt":{"rendered":"<p>V p\u0159\u00edpad\u011b, \u017ee v\u00e1s zaj\u00edm\u00e1 jak koupit l\u00edstky Eurojackpot online , popsali jsme tento postup ve snadn\u00fdch kroc\u00edch. Ve skute\u010dnosti v\u00e1s ale n\u00e1\u0161 web provede cel\u00fdm procesem. Sna\u017eili jsme se, aby to bylo co nejjednodu\u0161\u0161\u00ed. Jakmile jste na str\u00e1nce Eurojackpot, vyberte sv\u00e1 \u010d\u00edsla nebo nechte po\u010d\u00edta\u010d, aby \u010d\u00edsla vybral za v\u00e1s Pokud chcete, m\u016f\u017eete do [&hellip;]<\/p>\n","protected":false},"author":1,"featured_media":0,"parent":5559,"menu_order":4,"comment_status":"closed","ping_status":"closed","template":"eurojackpot-info.php","meta":{"_et_pb_use_builder":"","_et_pb_old_content":"","_et_gb_content_width":"","exclude_from_search":false,"footnotes":""},"class_list":["post-9997","page","type-page","status-publish","hentry"],"yoast_head":"<!-- This site is optimized with the Yoast SEO plugin v23.4 - https:\/\/yoast.com\/wordpress\/plugins\/seo\/ -->\n<title>Kupte si l\u00edstky na Eurojackpot online<\/title>\n<meta name=\"description\" content=\"\u017dijete v \u010cesk\u00e9 republice, ale chcete si koupit l\u00edstky na Eurojackpot? Kupte si je online zde!\" \/>\n<meta name=\"robots\" content=\"index, follow, max-snippet:-1, max-image-preview:large, max-video-preview:-1\" \/>\n<link rel=\"canonical\" href=\"https:\/\/onlinelotto365.com\/cs\/koupit-listky\/eurojackpot\/\" \/>\n<meta property=\"og:locale\" content=\"cs_CZ\" \/>\n<meta property=\"og:type\" content=\"article\" \/>\n<meta property=\"og:title\" content=\"Kupte si l\u00edstky na Eurojackpot online\" \/>\n<meta property=\"og:description\" content=\"\u017dijete v \u010cesk\u00e9 republice, ale chcete si koupit l\u00edstky na Eurojackpot? Kupte si je online zde!\" \/>\n<meta property=\"og:url\" content=\"https:\/\/onlinelotto365.com\/cs\/koupit-listky\/eurojackpot\/\" \/>\n<meta property=\"og:site_name\" content=\"OnlineLotto365\" \/>\n<meta property=\"article:modified_time\" content=\"2021-03-07T11:01:23+00:00\" \/>\n<meta property=\"og:image\" content=\"https:\/\/redfoxlotto.com\/image?size=8&amp;lottery=eurojackpot\" \/>\n<meta name=\"twitter:card\" content=\"summary_large_image\" \/>\n<meta name=\"twitter:label1\" content=\"Odhadovan\u00e1 doba \u010dten\u00ed\" \/>\n\t<meta name=\"twitter:data1\" content=\"4 minuty\" \/>\n<script type=\"application\/ld+json\" class=\"yoast-schema-graph\">{\"@context\":\"https:\/\/schema.org\",\"@graph\":[{\"@type\":\"WebPage\",\"@id\":\"https:\/\/onlinelotto365.com\/cs\/koupit-listky\/eurojackpot\/\",\"url\":\"https:\/\/onlinelotto365.com\/cs\/koupit-listky\/eurojackpot\/\",\"name\":\"Kupte si l\u00edstky na Eurojackpot online\",\"isPartOf\":{\"@id\":\"https:\/\/onlinelotto365.com\/cs\/#website\"},\"primaryImageOfPage\":{\"@id\":\"https:\/\/onlinelotto365.com\/cs\/koupit-listky\/eurojackpot\/#primaryimage\"},\"image\":{\"@id\":\"https:\/\/onlinelotto365.com\/cs\/koupit-listky\/eurojackpot\/#primaryimage\"},\"thumbnailUrl\":\"https:\/\/redfoxlotto.com\/image?size=8&amp;lottery=eurojackpot\",\"datePublished\":\"2020-12-16T05:16:58+00:00\",\"dateModified\":\"2021-03-07T11:01:23+00:00\",\"description\":\"\u017dijete v \u010cesk\u00e9 republice, ale chcete si koupit l\u00edstky na Eurojackpot? Kupte si je online zde!\",\"breadcrumb\":{\"@id\":\"https:\/\/onlinelotto365.com\/cs\/koupit-listky\/eurojackpot\/#breadcrumb\"},\"inLanguage\":\"cs\",\"potentialAction\":[{\"@type\":\"ReadAction\",\"target\":[\"https:\/\/onlinelotto365.com\/cs\/koupit-listky\/eurojackpot\/\"]}]},{\"@type\":\"ImageObject\",\"inLanguage\":\"cs\",\"@id\":\"https:\/\/onlinelotto365.com\/cs\/koupit-listky\/eurojackpot\/#primaryimage\",\"url\":\"https:\/\/redfoxlotto.com\/image?size=8&amp;lottery=eurojackpot\",\"contentUrl\":\"https:\/\/redfoxlotto.com\/image?size=8&amp;lottery=eurojackpot\"},{\"@type\":\"BreadcrumbList\",\"@id\":\"https:\/\/onlinelotto365.com\/cs\/koupit-listky\/eurojackpot\/#breadcrumb\",\"itemListElement\":[{\"@type\":\"ListItem\",\"position\":1,\"name\":\"Home\",\"item\":\"https:\/\/onlinelotto365.com\/cs\/\"},{\"@type\":\"ListItem\",\"position\":2,\"name\":\"Pro\u010d m\u00e1 v\u011bt\u0161\u00ed smysl kupovat loterijn\u00ed l\u00edstky online\",\"item\":\"https:\/\/onlinelotto365.com\/cs\/buy-tickets\/\"},{\"@type\":\"ListItem\",\"position\":3,\"name\":\"Jak nakupovat l\u00edstky Eurojackpot online\"}]},{\"@type\":\"WebSite\",\"@id\":\"https:\/\/onlinelotto365.com\/cs\/#website\",\"url\":\"https:\/\/onlinelotto365.com\/cs\/\",\"name\":\"OnlineLotto365\",\"description\":\"\",\"potentialAction\":[{\"@type\":\"SearchAction\",\"target\":{\"@type\":\"EntryPoint\",\"urlTemplate\":\"https:\/\/onlinelotto365.com\/cs\/?s={search_term_string}\"},\"query-input\":{\"@type\":\"PropertyValueSpecification\",\"valueRequired\":true,\"valueName\":\"search_term_string\"}}],\"inLanguage\":\"cs\"}]}<\/script>\n<!-- \/ Yoast SEO plugin. -->","yoast_head_json":{"title":"Kupte si l\u00edstky na Eurojackpot online","description":"\u017dijete v \u010cesk\u00e9 republice, ale chcete si koupit l\u00edstky na Eurojackpot? Kupte si je online zde!","robots":{"index":"index","follow":"follow","max-snippet":"max-snippet:-1","max-image-preview":"max-image-preview:large","max-video-preview":"max-video-preview:-1"},"canonical":"https:\/\/onlinelotto365.com\/cs\/koupit-listky\/eurojackpot\/","og_locale":"cs_CZ","og_type":"article","og_title":"Kupte si l\u00edstky na Eurojackpot online","og_description":"\u017dijete v \u010cesk\u00e9 republice, ale chcete si koupit l\u00edstky na Eurojackpot? Kupte si je online zde!","og_url":"https:\/\/onlinelotto365.com\/cs\/koupit-listky\/eurojackpot\/","og_site_name":"OnlineLotto365","article_modified_time":"2021-03-07T11:01:23+00:00","og_image":[{"url":"https:\/\/redfoxlotto.com\/image?size=8&amp;lottery=eurojackpot"}],"twitter_card":"summary_large_image","twitter_misc":{"Odhadovan\u00e1 doba \u010dten\u00ed":"4 minuty"},"schema":{"@context":"https:\/\/schema.org","@graph":[{"@type":"WebPage","@id":"https:\/\/onlinelotto365.com\/cs\/koupit-listky\/eurojackpot\/","url":"https:\/\/onlinelotto365.com\/cs\/koupit-listky\/eurojackpot\/","name":"Kupte si l\u00edstky na Eurojackpot online","isPartOf":{"@id":"https:\/\/onlinelotto365.com\/cs\/#website"},"primaryImageOfPage":{"@id":"https:\/\/onlinelotto365.com\/cs\/koupit-listky\/eurojackpot\/#primaryimage"},"image":{"@id":"https:\/\/onlinelotto365.com\/cs\/koupit-listky\/eurojackpot\/#primaryimage"},"thumbnailUrl":"https:\/\/redfoxlotto.com\/image?size=8&amp;lottery=eurojackpot","datePublished":"2020-12-16T05:16:58+00:00","dateModified":"2021-03-07T11:01:23+00:00","description":"\u017dijete v \u010cesk\u00e9 republice, ale chcete si koupit l\u00edstky na Eurojackpot? Kupte si je online zde!","breadcrumb":{"@id":"https:\/\/onlinelotto365.com\/cs\/koupit-listky\/eurojackpot\/#breadcrumb"},"inLanguage":"cs","potentialAction":[{"@type":"ReadAction","target":["https:\/\/onlinelotto365.com\/cs\/koupit-listky\/eurojackpot\/"]}]},{"@type":"ImageObject","inLanguage":"cs","@id":"https:\/\/onlinelotto365.com\/cs\/koupit-listky\/eurojackpot\/#primaryimage","url":"https:\/\/redfoxlotto.com\/image?size=8&amp;lottery=eurojackpot","contentUrl":"https:\/\/redfoxlotto.com\/image?size=8&amp;lottery=eurojackpot"},{"@type":"BreadcrumbList","@id":"https:\/\/onlinelotto365.com\/cs\/koupit-listky\/eurojackpot\/#breadcrumb","itemListElement":[{"@type":"ListItem","position":1,"name":"Home","item":"https:\/\/onlinelotto365.com\/cs\/"},{"@type":"ListItem","position":2,"name":"Pro\u010d m\u00e1 v\u011bt\u0161\u00ed smysl kupovat loterijn\u00ed l\u00edstky online","item":"https:\/\/onlinelotto365.com\/cs\/buy-tickets\/"},{"@type":"ListItem","position":3,"name":"Jak nakupovat l\u00edstky Eurojackpot online"}]},{"@type":"WebSite","@id":"https:\/\/onlinelotto365.com\/cs\/#website","url":"https:\/\/onlinelotto365.com\/cs\/","name":"OnlineLotto365","description":"","potentialAction":[{"@type":"SearchAction","target":{"@type":"EntryPoint","urlTemplate":"https:\/\/onlinelotto365.com\/cs\/?s={search_term_string}"},"query-input":{"@type":"PropertyValueSpecification","valueRequired":true,"valueName":"search_term_string"}}],"inLanguage":"cs"}]}},"_links":{"self":[{"href":"https:\/\/onlinelotto365.com\/cs\/wp-json\/wp\/v2\/pages\/9997","targetHints":{"allow":["GET"]}}],"collection":[{"href":"https:\/\/onlinelotto365.com\/cs\/wp-json\/wp\/v2\/pages"}],"about":[{"href":"https:\/\/onlinelotto365.com\/cs\/wp-json\/wp\/v2\/types\/page"}],"author":[{"embeddable":true,"href":"https:\/\/onlinelotto365.com\/cs\/wp-json\/wp\/v2\/users\/1"}],"replies":[{"embeddable":true,"href":"https:\/\/onlinelotto365.com\/cs\/wp-json\/wp\/v2\/comments?post=9997"}],"version-history":[{"count":0,"href":"https:\/\/onlinelotto365.com\/cs\/wp-json\/wp\/v2\/pages\/9997\/revisions"}],"up":[{"embeddable":true,"href":"https:\/\/onlinelotto365.com\/cs\/wp-json\/wp\/v2\/pages\/5559"}],"wp:attachment":[{"href":"https:\/\/onlinelotto365.com\/cs\/wp-json\/wp\/v2\/media?parent=9997"}],"curies":[{"name":"wp","href":"https:\/\/api.w.org\/{rel}","templated":true}]}}