{"id":9999,"date":"2020-12-16T06:18:25","date_gmt":"2020-12-16T05:18:25","guid":{"rendered":"http:\/\/onlinelotto365.net\/?page_id=9999"},"modified":"2021-03-07T12:01:23","modified_gmt":"2021-03-07T11:01:23","slug":"superenalotto","status":"publish","type":"page","link":"https:\/\/onlinelotto365.com\/cs\/koupit-listky\/superenalotto\/","title":{"rendered":"Jak nakupovat l\u00edstky Superenalotto online"},"content":{"rendered":"<p>M\u00e1te z\u00e1jem <strong> koupit si l\u00edstky Superenalotto online z \u010cesk\u00e9 republiky <\/strong>, ale nev\u00edte, jak na to? Pak jste na spr\u00e1vn\u00e9m m\u00edst\u011b, proto\u017ee se o to postar\u00e1me za v\u00e1s. Mus\u00edte jen postupovat podle jednoduch\u00fdch krok\u016f, o kter\u00fdch budeme diskutovat n\u00ed\u017ee, a sv\u00e9 l\u00edstky budete m\u00edt rychle.<\/p>\n<ul>\n<li>Vyberte loterijn\u00ed hru, pro kterou chcete <strong> zakoupit tikety, a vyberte \u010d\u00edsla <\/strong>, kter\u00e1 chcete hr\u00e1t, nebo vyberte mo\u017enost rychl\u00e9ho v\u00fdb\u011bru a nechte po\u010d\u00edta\u010d, aby si vybral v\u00e1s<\/li>\n<li>P\u0159idejte dal\u0161\u00ed tikety nebo <a href=\"https:\/\/onlinelotto365.com\/cs\/koupit-listky\"> dal\u0161\u00ed loterie <\/a> a vytvo\u0159te objedn\u00e1vku<\/li>\n<li>Vyberte mo\u017enost platby hned<\/li>\n<li>Vytvo\u0159te si u n\u00e1s \u00fa\u010det nebo se p\u0159ihlaste ke sv\u00e9mu \u00fa\u010dtu, abyste si mohli zakoupit vstupenky<\/li>\n<li>Ti, kte\u0159\u00ed si pot\u0159ebuj\u00ed zaregistrovat \u00fa\u010det, budou muset ve sv\u00e9m e-mailu vyhledat ov\u011b\u0159ovac\u00ed odkaz, aby se ujistili, \u017ee je jejich \u00fa\u010det zcela nastaven.<\/li>\n<li>Nezapome\u0148te, \u017ee pokud v\u00e1\u0161 e-mail nebude p\u0159id\u00e1n do va\u0161eho adres\u00e1\u0159e, m\u016f\u017ee odkaz p\u0159ej\u00edt do va\u0161\u00ed slo\u017eky se spamem, proto je d\u016fkladn\u011b zkontrolujte<\/li>\n<li>Vyberte ikonu platby v horn\u00ed \u010d\u00e1sti obrazovky<\/li>\n<li>Vyberte zp\u016fsob platby a dokon\u010dete proces platby podle pokyn\u016f<\/li>\n<\/ul>\n<p><a href=\"https:\/\/redfoxlotto.com\/cs\/hrat\/superenalotto\/?ref=a8564250a2&amp;medium=ol365\" target=\"_blank\" rel=\"noopener noreferrer\"> <img decoding=\"async\" class=\"aligncenter\" src=\"https:\/\/redfoxlotto.com\/image?size=8&amp;lottery=superenalotto\" alt=\"superenalotto\" \/> <\/a><\/p>\n<h2>Jak zaplatit za letenku Superenalotto online<\/h2>\n<p>Platbu za <strong> j\u00edzdenku Superenalotto z \u010cesk\u00e9 republiky d\u011bl\u00e1me co nejjednodu\u0161\u0161\u00ed <\/strong> t\u00edm, \u017ee nab\u00edz\u00edme \u0161irokou \u0161k\u00e1lu r\u016fzn\u00fdch platebn\u00edch metod. Sta\u010d\u00ed si vybrat ten, kter\u00e9mu d\u00e1v\u00e1te p\u0159ednost, a budete na cest\u011b za chvilku.<\/p>\n<p>A\u017e budete p\u0159ipraveni koupit si l\u00edstky online, sta\u010d\u00ed si vybrat mezi:<\/p>\n<ul>\n<li>K uplacen\u00ed l\u00edstk\u016f p\u0159\u00edmo pou\u017eijte preferovanou platebn\u00ed metodu<\/li>\n<li>Vlo\u017ete pen\u00edze na sv\u016fj \u00fa\u010det a pou\u017eijte je k n\u00e1kupu vstupenek<\/li>\n<\/ul>\n<p>Pokud se rozhodnete platit t\u00edmto zp\u016fsobem, nezapome\u0148te na sv\u016fj \u00fa\u010det vlo\u017eit v\u00edce pen\u011bz, ne\u017e kolik pot\u0159ebujete pro sv\u00e9 vstupenky.<\/p>\n<h2>Dal\u0161\u00ed informace o Superenalotto<\/h2>\n<ul>\n<li>Zem\u011b: It\u00e1lie<\/li>\n<li>Rozsah hlavn\u00edch \u010d\u00edsel: 90<\/li>\n<li>Vyberete: 6<\/li>\n<li>Rem\u00edzy, hodiny: \u00fater\u00fd, \u010dtvrtek, sobota, 19:00 GMT, 21:00 SE\u010c<\/li>\n<li>Minim\u00e1ln\u00ed jackpot: 2 miliony EUR<\/li>\n<li>Maxim\u00e1ln\u00ed jackpot: \u017e\u00e1dn\u00fd<\/li>\n<li>Pravd\u011bpodobnost v\u00fdhry jackpotu: 1 z 622614630<\/li>\n<li>Pravd\u011bpodobnost v\u00fdhry 2. \u00farovn\u011b: 1 z 103769105<\/li>\n<li>Pravd\u011bpodobnost v\u00fdhry v jak\u00e9koli \u00farovni: 1 z 20,58<\/li>\n<li>Po\u010det \u00farovn\u00ed cen: 6<\/li>\n<\/ul>\n<h2>V\u00fdhody n\u00e1kupu l\u00edstk\u016f Superenalotto online<\/h2>\n<ul>\n<li><a href=\"https:\/\/onlinelotto365.com\/cs\/hrat\"> N\u00e1kup vstupenek <\/a> je z m\u00edsta, kde v\u00e1m to bude nejp\u0159\u00edjemn\u011bj\u0161\u00ed, v\u010detn\u011b \u010cesk\u00e9 republiky <img decoding=\"async\" class=\"alignright size-medium wp- image-3615 \" src=\" https:\/\/onlinelotto365.com\/wp-content\/uploads\/2020\/11\/online_lottery-52-300x169.jpg \" alt=\" hr\u00e1t superenalotto online ve Velk\u00e9 Brit\u00e1nii \" width=\" 300 \" height=\"&quot;\" \/><\/li>\n<li>Vyberte si z n\u011bkolika r\u016fzn\u00fdch loteri\u00ed<\/li>\n<li>Z\u00edskejte  nejlep\u0161\u00ed \u0161ance na v\u00fdhru v loteri\u00edch , kter\u00e9 maj\u00ed nejlep\u0161\u00ed jackpoty<\/li>\n<li>P\u0159idejte pen\u00edze na sv\u016fj \u00fa\u010det a platte p\u0159\u00edmo za letenky<\/li>\n<li>\u017d\u00e1dn\u00fd strach ze ztr\u00e1ty l\u00edstku<\/li>\n<li>Okam\u017eit\u00e1 ozn\u00e1men\u00ed, kdy\u017e vyhrajete<\/li>\n<li>Gener\u00e1tor n\u00e1hodn\u00fdch \u010d\u00edsel pro mo\u017enosti rychl\u00e9ho v\u00fdb\u011bru l\u00edstku<\/li>\n<\/ul>\n<h2>Je leg\u00e1ln\u00ed nakupovat l\u00edstky Superenalotto online?<\/h2>\n<p>Co kdy\u017e se ob\u00e1v\u00e1te legality n\u00e1kupu online loterijn\u00edch l\u00edstk\u016f? Nebo dokonce tradi\u010dn\u00edm zp\u016fsobem? Pokud va\u0161e zem\u011b pobytu m\u00e1 p\u0159\u00edsn\u00e9 z\u00e1kony, m\u016f\u017eete se jich ob\u00e1vat, ale nemus\u00edte. Je to proto, \u017ee na\u0161e slu\u017eba dodr\u017euje p\u0159edpisy a zaji\u0161\u0165uje, \u017ee z\u00edsk\u00e1te sv\u00e9 v\u00fdhry bez ohledu na to, kolik vyhrajete nebo kde \u017eijete.  Abyste mohli slu\u017ebu vyu\u017e\u00edvat, mus\u00edte m\u00edt alespo\u0148 18 let. <\/p>\n<h2>Jak dostanu zaplaceno, kdy\u017e vyhraji Superenalotto online?<\/h2>\n<p>Pokud vyhrajete, proces platby je snadn\u00fd, proto\u017ee mus\u00edte ud\u011blat velmi m\u00e1lo. A nemus\u00edte se ob\u00e1vat ani ztr\u00e1ty jak\u00e9koli sv\u00e9 v\u00fdhry. Kdy\u017e vyhrajete, nebereme provizi a nebudeme v\u00e1m \u00fa\u010dtovat \u017e\u00e1dn\u00e9 poplatky, pokud se nerozhodnete dokon\u010dit bankovn\u00ed p\u0159evod. V takov\u00e9m p\u0159\u00edpad\u011b, pokud n\u00e1m banka za p\u0159evod \u00fa\u010dtuje poplatky, pak tyto poplatky p\u0159en\u00e1\u0161\u00edme d\u00e1l a z va\u0161\u00ed v\u00fdhry m\u016f\u017eete vid\u011bt malou \u010d\u00e1stku.<\/p>\n<p><strong> Jinak byste m\u011bli v\u011bd\u011bt dv\u011b v\u011bci: <\/strong><\/p>\n<ul>\n<li>V\u00fdhry, kter\u00e9 nedos\u00e1hnou v\u00fd\u0161e 2 500 EUR, se okam\u017eit\u011b vlo\u017e\u00ed p\u0159\u00edmo na v\u00e1\u0161 hr\u00e1\u010dsk\u00fd \u00fa\u010det, abyste je mohli pou\u017e\u00edt, jak chcete.<\/li>\n<li>\u010c\u00e1stky nad 2500 EUR budou vy\u017eadovat dal\u0161\u00ed krok. N\u00e1\u0161 t\u00fdm podpory v\u00e1s kontaktuje s formul\u00e1\u0159em, kter\u00fd mus\u00edte vyplnit pro provizi za loterii. Formul\u00e1\u0159 bude podrobn\u011b popisovat, jak chceteplatby, kter\u00e9 je t\u0159eba prov\u00e9st, a budete moci z\u00edskat bankovn\u00ed p\u0159evod nebo \u0161ek na \u010d\u00e1stku, kterou jste vyhr\u00e1li.<\/li>\n<\/ul>\n","protected":false},"excerpt":{"rendered":"<p>M\u00e1te z\u00e1jem koupit si l\u00edstky Superenalotto online z \u010cesk\u00e9 republiky , ale nev\u00edte, jak na to? Pak jste na spr\u00e1vn\u00e9m m\u00edst\u011b, proto\u017ee se o to postar\u00e1me za v\u00e1s. Mus\u00edte jen postupovat podle jednoduch\u00fdch krok\u016f, o kter\u00fdch budeme diskutovat n\u00ed\u017ee, a sv\u00e9 l\u00edstky budete m\u00edt rychle. Vyberte loterijn\u00ed hru, pro kterou chcete zakoupit tikety, a vyberte [&hellip;]<\/p>\n","protected":false},"author":1,"featured_media":0,"parent":5559,"menu_order":5,"comment_status":"closed","ping_status":"closed","template":"superenalotto-info.php","meta":{"_et_pb_use_builder":"","_et_pb_old_content":"","_et_gb_content_width":"","exclude_from_search":false,"footnotes":""},"class_list":["post-9999","page","type-page","status-publish","hentry"],"yoast_head":"<!-- This site is optimized with the Yoast SEO plugin v23.4 - https:\/\/yoast.com\/wordpress\/plugins\/seo\/ -->\n<title>O n\u00e1kupu vstupenek na Superenalotto online z \u010cesk\u00e9 republiky<\/title>\n<meta name=\"description\" content=\"Zjist\u011bte, jak koupit l\u00edstky Superenalotto odkudkoli, v\u010detn\u011b \u010cesk\u00e9 republiky\" \/>\n<meta name=\"robots\" content=\"index, follow, max-snippet:-1, max-image-preview:large, max-video-preview:-1\" \/>\n<link rel=\"canonical\" href=\"https:\/\/onlinelotto365.com\/cs\/koupit-listky\/superenalotto\/\" \/>\n<meta property=\"og:locale\" content=\"cs_CZ\" \/>\n<meta property=\"og:type\" content=\"article\" \/>\n<meta property=\"og:title\" content=\"O n\u00e1kupu vstupenek na Superenalotto online z \u010cesk\u00e9 republiky\" \/>\n<meta property=\"og:description\" content=\"Zjist\u011bte, jak koupit l\u00edstky Superenalotto odkudkoli, v\u010detn\u011b \u010cesk\u00e9 republiky\" \/>\n<meta property=\"og:url\" content=\"https:\/\/onlinelotto365.com\/cs\/koupit-listky\/superenalotto\/\" \/>\n<meta property=\"og:site_name\" content=\"OnlineLotto365\" \/>\n<meta property=\"article:modified_time\" content=\"2021-03-07T11:01:23+00:00\" \/>\n<meta property=\"og:image\" content=\"https:\/\/redfoxlotto.com\/image?size=8&amp;lottery=superenalotto\" \/>\n<meta name=\"twitter:card\" content=\"summary_large_image\" \/>\n<meta name=\"twitter:label1\" content=\"Odhadovan\u00e1 doba \u010dten\u00ed\" \/>\n\t<meta name=\"twitter:data1\" content=\"4 minuty\" \/>\n<script type=\"application\/ld+json\" class=\"yoast-schema-graph\">{\"@context\":\"https:\/\/schema.org\",\"@graph\":[{\"@type\":\"WebPage\",\"@id\":\"https:\/\/onlinelotto365.com\/cs\/koupit-listky\/superenalotto\/\",\"url\":\"https:\/\/onlinelotto365.com\/cs\/koupit-listky\/superenalotto\/\",\"name\":\"O n\u00e1kupu vstupenek na Superenalotto online z \u010cesk\u00e9 republiky\",\"isPartOf\":{\"@id\":\"https:\/\/onlinelotto365.com\/cs\/#website\"},\"primaryImageOfPage\":{\"@id\":\"https:\/\/onlinelotto365.com\/cs\/koupit-listky\/superenalotto\/#primaryimage\"},\"image\":{\"@id\":\"https:\/\/onlinelotto365.com\/cs\/koupit-listky\/superenalotto\/#primaryimage\"},\"thumbnailUrl\":\"https:\/\/redfoxlotto.com\/image?size=8&amp;lottery=superenalotto\",\"datePublished\":\"2020-12-16T05:18:25+00:00\",\"dateModified\":\"2021-03-07T11:01:23+00:00\",\"description\":\"Zjist\u011bte, jak koupit l\u00edstky Superenalotto odkudkoli, v\u010detn\u011b \u010cesk\u00e9 republiky\",\"breadcrumb\":{\"@id\":\"https:\/\/onlinelotto365.com\/cs\/koupit-listky\/superenalotto\/#breadcrumb\"},\"inLanguage\":\"cs\",\"potentialAction\":[{\"@type\":\"ReadAction\",\"target\":[\"https:\/\/onlinelotto365.com\/cs\/koupit-listky\/superenalotto\/\"]}]},{\"@type\":\"ImageObject\",\"inLanguage\":\"cs\",\"@id\":\"https:\/\/onlinelotto365.com\/cs\/koupit-listky\/superenalotto\/#primaryimage\",\"url\":\"https:\/\/redfoxlotto.com\/image?size=8&amp;lottery=superenalotto\",\"contentUrl\":\"https:\/\/redfoxlotto.com\/image?size=8&amp;lottery=superenalotto\"},{\"@type\":\"BreadcrumbList\",\"@id\":\"https:\/\/onlinelotto365.com\/cs\/koupit-listky\/superenalotto\/#breadcrumb\",\"itemListElement\":[{\"@type\":\"ListItem\",\"position\":1,\"name\":\"Home\",\"item\":\"https:\/\/onlinelotto365.com\/cs\/\"},{\"@type\":\"ListItem\",\"position\":2,\"name\":\"Pro\u010d m\u00e1 v\u011bt\u0161\u00ed smysl kupovat loterijn\u00ed l\u00edstky online\",\"item\":\"https:\/\/onlinelotto365.com\/cs\/buy-tickets\/\"},{\"@type\":\"ListItem\",\"position\":3,\"name\":\"Jak nakupovat l\u00edstky Superenalotto online\"}]},{\"@type\":\"WebSite\",\"@id\":\"https:\/\/onlinelotto365.com\/cs\/#website\",\"url\":\"https:\/\/onlinelotto365.com\/cs\/\",\"name\":\"OnlineLotto365\",\"description\":\"\",\"potentialAction\":[{\"@type\":\"SearchAction\",\"target\":{\"@type\":\"EntryPoint\",\"urlTemplate\":\"https:\/\/onlinelotto365.com\/cs\/?s={search_term_string}\"},\"query-input\":{\"@type\":\"PropertyValueSpecification\",\"valueRequired\":true,\"valueName\":\"search_term_string\"}}],\"inLanguage\":\"cs\"}]}<\/script>\n<!-- \/ Yoast SEO plugin. -->","yoast_head_json":{"title":"O n\u00e1kupu vstupenek na Superenalotto online z \u010cesk\u00e9 republiky","description":"Zjist\u011bte, jak koupit l\u00edstky Superenalotto odkudkoli, v\u010detn\u011b \u010cesk\u00e9 republiky","robots":{"index":"index","follow":"follow","max-snippet":"max-snippet:-1","max-image-preview":"max-image-preview:large","max-video-preview":"max-video-preview:-1"},"canonical":"https:\/\/onlinelotto365.com\/cs\/koupit-listky\/superenalotto\/","og_locale":"cs_CZ","og_type":"article","og_title":"O n\u00e1kupu vstupenek na Superenalotto online z \u010cesk\u00e9 republiky","og_description":"Zjist\u011bte, jak koupit l\u00edstky Superenalotto odkudkoli, v\u010detn\u011b \u010cesk\u00e9 republiky","og_url":"https:\/\/onlinelotto365.com\/cs\/koupit-listky\/superenalotto\/","og_site_name":"OnlineLotto365","article_modified_time":"2021-03-07T11:01:23+00:00","og_image":[{"url":"https:\/\/redfoxlotto.com\/image?size=8&amp;lottery=superenalotto"}],"twitter_card":"summary_large_image","twitter_misc":{"Odhadovan\u00e1 doba \u010dten\u00ed":"4 minuty"},"schema":{"@context":"https:\/\/schema.org","@graph":[{"@type":"WebPage","@id":"https:\/\/onlinelotto365.com\/cs\/koupit-listky\/superenalotto\/","url":"https:\/\/onlinelotto365.com\/cs\/koupit-listky\/superenalotto\/","name":"O n\u00e1kupu vstupenek na Superenalotto online z \u010cesk\u00e9 republiky","isPartOf":{"@id":"https:\/\/onlinelotto365.com\/cs\/#website"},"primaryImageOfPage":{"@id":"https:\/\/onlinelotto365.com\/cs\/koupit-listky\/superenalotto\/#primaryimage"},"image":{"@id":"https:\/\/onlinelotto365.com\/cs\/koupit-listky\/superenalotto\/#primaryimage"},"thumbnailUrl":"https:\/\/redfoxlotto.com\/image?size=8&amp;lottery=superenalotto","datePublished":"2020-12-16T05:18:25+00:00","dateModified":"2021-03-07T11:01:23+00:00","description":"Zjist\u011bte, jak koupit l\u00edstky Superenalotto odkudkoli, v\u010detn\u011b \u010cesk\u00e9 republiky","breadcrumb":{"@id":"https:\/\/onlinelotto365.com\/cs\/koupit-listky\/superenalotto\/#breadcrumb"},"inLanguage":"cs","potentialAction":[{"@type":"ReadAction","target":["https:\/\/onlinelotto365.com\/cs\/koupit-listky\/superenalotto\/"]}]},{"@type":"ImageObject","inLanguage":"cs","@id":"https:\/\/onlinelotto365.com\/cs\/koupit-listky\/superenalotto\/#primaryimage","url":"https:\/\/redfoxlotto.com\/image?size=8&amp;lottery=superenalotto","contentUrl":"https:\/\/redfoxlotto.com\/image?size=8&amp;lottery=superenalotto"},{"@type":"BreadcrumbList","@id":"https:\/\/onlinelotto365.com\/cs\/koupit-listky\/superenalotto\/#breadcrumb","itemListElement":[{"@type":"ListItem","position":1,"name":"Home","item":"https:\/\/onlinelotto365.com\/cs\/"},{"@type":"ListItem","position":2,"name":"Pro\u010d m\u00e1 v\u011bt\u0161\u00ed smysl kupovat loterijn\u00ed l\u00edstky online","item":"https:\/\/onlinelotto365.com\/cs\/buy-tickets\/"},{"@type":"ListItem","position":3,"name":"Jak nakupovat l\u00edstky Superenalotto online"}]},{"@type":"WebSite","@id":"https:\/\/onlinelotto365.com\/cs\/#website","url":"https:\/\/onlinelotto365.com\/cs\/","name":"OnlineLotto365","description":"","potentialAction":[{"@type":"SearchAction","target":{"@type":"EntryPoint","urlTemplate":"https:\/\/onlinelotto365.com\/cs\/?s={search_term_string}"},"query-input":{"@type":"PropertyValueSpecification","valueRequired":true,"valueName":"search_term_string"}}],"inLanguage":"cs"}]}},"_links":{"self":[{"href":"https:\/\/onlinelotto365.com\/cs\/wp-json\/wp\/v2\/pages\/9999","targetHints":{"allow":["GET"]}}],"collection":[{"href":"https:\/\/onlinelotto365.com\/cs\/wp-json\/wp\/v2\/pages"}],"about":[{"href":"https:\/\/onlinelotto365.com\/cs\/wp-json\/wp\/v2\/types\/page"}],"author":[{"embeddable":true,"href":"https:\/\/onlinelotto365.com\/cs\/wp-json\/wp\/v2\/users\/1"}],"replies":[{"embeddable":true,"href":"https:\/\/onlinelotto365.com\/cs\/wp-json\/wp\/v2\/comments?post=9999"}],"version-history":[{"count":0,"href":"https:\/\/onlinelotto365.com\/cs\/wp-json\/wp\/v2\/pages\/9999\/revisions"}],"up":[{"embeddable":true,"href":"https:\/\/onlinelotto365.com\/cs\/wp-json\/wp\/v2\/pages\/5559"}],"wp:attachment":[{"href":"https:\/\/onlinelotto365.com\/cs\/wp-json\/wp\/v2\/media?parent=9999"}],"curies":[{"name":"wp","href":"https:\/\/api.w.org\/{rel}","templated":true}]}}