{"id":10023,"date":"2020-12-16T07:54:40","date_gmt":"2020-12-16T06:54:40","guid":{"rendered":"http:\/\/onlinelotto365.net\/?page_id=10023"},"modified":"2021-03-07T12:01:40","modified_gmt":"2021-03-07T11:01:40","slug":"mega-millions","status":"publish","type":"page","link":"https:\/\/onlinelotto365.com\/da\/koebe-billetter\/mega-millions\/","title":{"rendered":"Mega Millions er et af de bedste lotterier p\u00e5 planeten"},"content":{"rendered":"<h2>Man kalder det ikke Mega Millions for ingenting<\/h2>\n<p>Mega Millions starter m\u00e5ske med en mindre minimum jackpot pulje end sin store pendant U.S Lottery Powerball, men jackpot puljen i spillet kan blive ufattelig stor, og det kan sagtens sammenlignes og m\u00e5ske endda overg\u00e5 alle verdens mega lotterier.<\/p>\n<p>Mega Millions har faktisk rekorden for den st\u00f8rste jackpot nogensinde i USA, hvor tre yderst heldige vindere i marts 2012 kunne dele en samlet jackpot p\u00e5 656 mio $. Mega Millions har desuden udbetalt de tre st\u00f8rste jackpots i amerikansk historie, og dets jackpots er meget ofte direkte sammenlignelige et hvilket som helst lotteri i verden.<br \/>\n<a href=\"https:\/\/redfoxlotto.com\/play\/mega-millions\/?ref=a8564250a2&amp;medium=ol365\" target=\"_blank\" rel=\"noopener noreferrer\"><img decoding=\"async\" class=\"aligncenter\" src=\"https:\/\/redfoxlotto.com\/image?size=8&amp;lottery=mega-millions\" alt=\"mega millions\" \/><\/a><\/p>\n<h2>S\u00e5dan virker Mega Millions<\/h2>\n<p>Mega Millions har to udtr\u00e6kninger ugen; tirsdag og fredag. Svarende til Powerball, v\u00e6lger spillerne 5 hoved numre, men i stedet for de 59 numre, som man kan v\u00e6lge imellem i Powerball lotteriet, s\u00e5 har Mega Millions kun 56 kugler, hvilket g\u00f8r chancerne for at ramme alle 5 numre endnu st\u00f8rre.<\/p>\n<p>Der er en ekstra kugle med i lotteriet, som kaldes Mega Ball, hvor man v\u00e6lger imellem 46 numre. Hvis man har alle 5 regul\u00e6re numre plus Mega Ball, s\u00e5 har man vundet den k\u00e6mpe-jackpot, som Mega Millions altid tilbyder.<\/p>\n<p>Som i alle lotterier er det s\u00e5dan, at hvis der ikke er en jackpot -vinder, s\u00e5 vokser jackpotten, indtil der findes en vinder. Det for\u00f8ger blot sp\u00e6ndingen, ud over at \u00f8ge v\u00e6rdien af lotteriet, hver gang jackpot-bel\u00f8bet stiger. Det koster det samme bel\u00f8b at spille, men jo flere penge, der er p\u00e5 spil, jo bedre en forretning ,er det for den enkelte.<\/p>\n<p>Dette er en af grundene til, at s\u00e5 mange spiller mere, n\u00e5r jackpot-puljerne stiger som raketter. Den anden grund er selvf\u00f8lgelig, at det simpelthen er mere sp\u00e6ndende at spille om et st\u00f8rre bel\u00f8b. S\u00e5 lotterier som Mega Millions og Powerball s\u00f8rger for, at selv deres mindste jackpot er k\u00e6mpestor, s\u00e5 spillerne aldrig skal vente p\u00e5 at opleve alt det sjove ved de store lotterier.<\/p>\n<h2>Flere oplysninger om Mega Millions<\/h2>\n<p><img loading=\"lazy\" decoding=\"async\" class=\" wp-image-1785 alignright\" src=\"https:\/\/onlinelotto365.com\/wp-content\/uploads\/2020\/11\/online_lottery-159-300x300.jpg\" alt=\"k\u00f8b mega millioner online\" width=\"204\" height=\"204\" \/><\/p>\n<ul>\n<li>Lotteri afholdes hvor: USA<\/li>\n<li>Hvor mange hovedtal at v\u00e6lge imellem: 70<\/li>\n<li>Du skal v\u00e6lge: 5<\/li>\n<li>Hvor mange ekstra tal at v\u00e6lge imellem: 25<\/li>\n<li>Du skal v\u00e6lge: 1<\/li>\n<li>Draw dage, timer: tirsdag, fredag, 21:00 EST, +1 dag 3:00 CET<\/li>\n<li>Minimum jackpot: $ 40 millioner<\/li>\n<li>Maksimum jackpotbel\u00f8b: ingen<\/li>\n<li>Mulig kombination af tal for en jackpotgevinst: 1 i 175.711.536<\/li>\n<li>Mulig kombination af tal for en sejr i 2. r\u00e6kke: 1 p\u00e5 3.819.816<\/li>\n<li>Sandsynligheden for at vinde i et hvilket som helst niveau: 1 ud af 24,12<\/li>\n<li>Hvor mange pr\u00e6mieniveauer: 9<\/li>\n<\/ul>\n<h2>Man kan nu k\u00f8be Mega Millions Lotto kuponer Online<\/h2>\n<p>Man skal Ikke l\u00e6ngere ud af huset for at k\u00f8be lottokuponer til Mega Millions. Takket v\u00e6re internettet, kan man blot k\u00f8be s\u00e5 mange Mega Millions kuponer online, som man vil , n\u00e5r som helst og direkte fra computeren.<\/p>\n<p>Man beh\u00f8ver ikke engang at bo i USA l\u00e6ngere, da folk fra alle lande i hele verden, er berettigede til at benytte af denne sp\u00e6ndende tjeneste. Efter lotterispilere i flere \u00e5r har v\u00e6ret begr\u00e6nset til deres lokale lotterier, s\u00e5 er internettet med til at \u00e5bne hele verden for os, og dette absolut en id\u00e9, som er oppe i tiden og under udvikling.<\/p>\n<p>RedFoxLotto tilbyder alle en mulighed for at k\u00f8be kuponer, ikke kun til Mega Millions online , men til alle de andre st\u00f8rste og mest sp\u00e6ndende lotterier i verden. Det eneste man skal g\u00f8re er, at oprette en gratis konto hos dem og v\u00e6lge, hvilke lotterier man \u00f8nsker at spille med i. Man v\u00e6lger s\u00e5 sine tal eller lader computeren v\u00e6lge dem. Man kan betale for sine kuponer via en af de mange smarte betalingsmuligheder, og er s\u00e5 straks med i spillet.<\/p>\n<h2>RedFoxLotto f\u00f8lger een hele vejen<\/h2>\n<p>N\u00e5r man har k\u00f8bt kuponer til sit lotteri eller lotterier efter eget valg, vil RedFoxLotto derefter k\u00f8be kuponer, som har ens navn noteret p\u00e5 dem , og derefter opbevare dem, og e-maile en scannet kopi af dem til ens arkiv.<\/p>\n<p>Man beh\u00f8ver ikke engang at holde styr p\u00e5 tr\u00e6kninger, eller de numre der er trukket, RedFoxLotto g\u00f8r alt dette for en. Selvom det helt sikkert er rigtig sjovt og sp\u00e6ndende, at kontrollere egne numre, beh\u00f8ver man ikke engang at bekymre sig det, hvis man ikke vil, idet man automatisk f\u00e5r oplyst, om man har vundet og hvor meget.<\/p>\n<p>N\u00e5r man har vundet, vil RedFoxLotto ogs\u00e5 assistance med at indkassere pengene. Hvis det er et mindre bel\u00f8b, beh\u00f8ver man ikke engang at g\u00f8re noget, hvis man ikke \u00f8nsker det. RedFoxLotto vil bare s\u00e6tte pengene direkte ind p\u00e5 kontoen hos dem. For st\u00f8rre pr\u00e6mier, vil de hj\u00e6lpe med at g\u00f8re papirarbejdet, og for de helt store pr\u00e6mier, kunne man blive n\u00f8dt til at tage en lille rejse for at hente millionerne, men det er jeg er sikker p\u00e5, at ingen ikke vil have noget imod.<\/p>\n<h2>Vil du blive en stor Mega Millions vinder?<\/h2>\n<p>Der er kun \u00e9n m\u00e5de at v\u00e6re sikker, og det er at spille Mega Millions lotteriet online, samt andre store lotterier, du \u00f8nsker at v\u00e6re med i. Bare chanceen for at du kan vinde, er grund nok til at spille. Hvis du ikke spiller, kan du v\u00e6re sikker p\u00e5, at du ikke vil vinde. Hvis du g\u00f8r det, ja hvem ved?<\/p>\n<p>S\u00e5 hvis man ikke har spillet Mega Millions f\u00f8r, hvordan kan man s\u00e5 vide, hvor mange penge man kunne have vundet, hvis man havde spillet hele tiden ? Det er det slut med at bekymre sig om. Bolden er nu hos dig, og i betragtning af hvor let det nu er at k\u00f8be lottokuponer online, er det ikke underligt, hvorfor s\u00e5 mange mennesker er glade for netop dette lotteri.<\/p>\n<h2>Fordele ved at k\u00f8be Mega Millions-billetter online<\/h2>\n<p>Mega Millions har to lodtr\u00e6kninger om ugen p\u00e5 tirsdage og fredage. I lighed med <a href=\"https:\/\/onlinelotto365.com\/da\/koebe-billetter\/powerball\"> Powerball <\/a> v\u00e6lger spillerne dog 5 hovednumre, i stedet for de 59 numre, som du v\u00e6lger fra med Powerball Lottery, Mega Millions har kun 56 bolde, hvilket g\u00f8r dine chancer for at ramme alle 5 numre endnu st\u00f8rre.<\/p>\n<p>Der er ogs\u00e5 en ekstra bold med dette lotteri, kaldet Mega Ball, hvor du v\u00e6lger blandt 46 numre. Hvis du matcher alle 5 almindelige tal plus Mega Ball, har du vundet den massive jackpot, som Mega Millions altid tilbyder.<\/p>\n<p>Som alle lotterier, <strong> hvis der ikke er nogen jackpotvinder, vokser jackpotten <\/strong> og vokser, indtil nogen vinder. S\u00e5 det tilf\u00f8jer bare al sp\u00e6nding ud over at \u00f8ge v\u00e6rdien af \u200b\u200blotteriet hver gang jackpotbel\u00f8bet stiger. Det koster dig det samme bel\u00f8b at spille, men jo flere penge der er p\u00e5 linjen, jo bedre er det for dig.<\/p>\n<p>S\u00e5 dette er en af \u200b\u200bgrundene til, at s\u00e5 mange mennesker spiller mere, n\u00e5r jackpots virkelig skyder i luften. Den anden \u00e5rsag er selvf\u00f8lgelig, at det simpelthen er mere sp\u00e6ndende at spille for st\u00f8rre bel\u00f8b. S\u00e5 lotterier som Mega Millions eller Powerball s\u00f8rger for, at selv deres mindste jackpot er enorm, s\u00e5 spillerne aldrig beh\u00f8ver at vente med at komme ind p\u00e5 alt det sjove, som store lotterier medf\u00f8rer.<\/p>\n<h2>Er det lovligt at k\u00f8be Mega Millions-billetter denlinje?<\/h2>\n<p>Det er <strong> helt lovligt at bruge vores  ticket messenger service  <\/strong> i Danmark. Bare s\u00f8rg for at du er myndig, hvilket betyder at du skal v\u00e6re mindst 18 \u00e5r for at k\u00f8be lotteri.<\/p>\n<h2>Hvordan f\u00e5r jeg betaling, hvis jeg vinder Mega Millions online?<\/h2>\n<p>N\u00e5r du har vundet, yder vi ogs\u00e5 hj\u00e6lp til at indsamle dine penge. Hvis det er et mindre bel\u00f8b (p\u00e5 mindre end \u20ac 2500), beh\u00f8ver du ikke engang at g\u00f8re noget &#8211; vi l\u00e6gger bare dine penge lige ind p\u00e5 din konto hos dem. For st\u00f8rre pr\u00e6mier hj\u00e6lper vi dig med at udfylde nogle papirer for at kr\u00e6ve en pr\u00e6mie og arrangere udbetalingen. Og for de enorme pr\u00e6mier (hvilket betyder en jackpot), kan du bare beslutte at tage en tur for at hente alle de millioner, men jeg er sikker p\u00e5 at du ikke har noget imod at g\u00f8re det. Hvis du ikke \u00f8nsker at rejse, er det ikke noget problem. Vi kan ogs\u00e5 arrangere en bankoverf\u00f8rsel eller tjekke betaling hos lotterimyndigheden.<\/p>\n<h2>Bliver du en stor mega million vinder?<\/h2>\n<p>Der er kun en m\u00e5de at v\u00e6re sikker p\u00e5, og det er at <strong> spille Mega Millions-lotteriet ogs\u00e5 <\/strong> som de andre store lotterier, du vil spille. Bare den eneste chance for at du kan vinde er grund nok til at spille. Hvis du ikke spiller, kan du v\u00e6re sikker p\u00e5 at du ikke vinder. Hvis du g\u00f8r det, hvem ved det godt?<\/p>\n<p>S\u00e5 hvis du ikke har spillet Mega Millions f\u00f8r, hvem ved virkelig, hvor mange penge du kunne have tjent, hvis du havde spillet hele denne tid? Tiden til at undre sig over det er dog forbi. Bolden er nu i dine h\u00e6nder og f\u00e5r <strong> hvor let det er at k\u00f8be lotteri online nu det er ikke underligt, hvorfor s\u00e5 mange mennesker er begejstrede for dette.<\/strong><\/p>\n","protected":false},"excerpt":{"rendered":"<p>Man kalder det ikke Mega Millions for ingenting Mega Millions starter m\u00e5ske med en mindre minimum jackpot pulje end sin store pendant U.S Lottery Powerball, men jackpot puljen i spillet kan blive ufattelig stor, og det kan sagtens sammenlignes og m\u00e5ske endda overg\u00e5 alle verdens mega lotterier. Mega Millions har faktisk rekorden for den st\u00f8rste [&hellip;]<\/p>\n","protected":false},"author":1,"featured_media":0,"parent":5567,"menu_order":2,"comment_status":"closed","ping_status":"closed","template":"megamillion-info.php","meta":{"_et_pb_use_builder":"","_et_pb_old_content":"","_et_gb_content_width":"","exclude_from_search":false,"footnotes":""},"class_list":["post-10023","page","type-page","status-publish","hentry"],"yoast_head":"<!-- This site is optimized with the Yoast SEO plugin v23.4 - https:\/\/yoast.com\/wordpress\/plugins\/seo\/ -->\n<title>Mega Millions Lotto Online | F\u00e5 en kupon til Mega Millions nu<\/title>\n<meta name=\"description\" content=\"Mega Millions Lotto nu klar til indbyggere i Danmark - k\u00f8b lovlige Mega Millions online billetter her\" \/>\n<meta name=\"robots\" content=\"index, follow, max-snippet:-1, max-image-preview:large, max-video-preview:-1\" \/>\n<link rel=\"canonical\" href=\"https:\/\/onlinelotto365.com\/da\/koebe-billetter\/mega-millions\/\" \/>\n<meta property=\"og:locale\" content=\"da_DK\" \/>\n<meta property=\"og:type\" content=\"article\" \/>\n<meta property=\"og:title\" content=\"Mega Millions Lotto Online | F\u00e5 en kupon til Mega Millions nu\" \/>\n<meta property=\"og:description\" content=\"Mega Millions Lotto nu klar til indbyggere i Danmark - k\u00f8b lovlige Mega Millions online billetter her\" \/>\n<meta property=\"og:url\" content=\"https:\/\/onlinelotto365.com\/da\/koebe-billetter\/mega-millions\/\" \/>\n<meta property=\"og:site_name\" content=\"OnlineLotto365\" \/>\n<meta property=\"article:modified_time\" content=\"2021-03-07T11:01:40+00:00\" \/>\n<meta property=\"og:image\" content=\"https:\/\/redfoxlotto.com\/image?size=8&amp;lottery=mega-millions\" \/>\n<meta name=\"twitter:card\" content=\"summary_large_image\" \/>\n<meta name=\"twitter:label1\" content=\"Estimeret l\u00e6setid\" \/>\n\t<meta name=\"twitter:data1\" content=\"7 minutter\" \/>\n<script type=\"application\/ld+json\" class=\"yoast-schema-graph\">{\"@context\":\"https:\/\/schema.org\",\"@graph\":[{\"@type\":\"WebPage\",\"@id\":\"https:\/\/onlinelotto365.com\/da\/koebe-billetter\/mega-millions\/\",\"url\":\"https:\/\/onlinelotto365.com\/da\/koebe-billetter\/mega-millions\/\",\"name\":\"Mega Millions Lotto Online | F\u00e5 en kupon til Mega Millions nu\",\"isPartOf\":{\"@id\":\"https:\/\/onlinelotto365.com\/da\/#website\"},\"primaryImageOfPage\":{\"@id\":\"https:\/\/onlinelotto365.com\/da\/koebe-billetter\/mega-millions\/#primaryimage\"},\"image\":{\"@id\":\"https:\/\/onlinelotto365.com\/da\/koebe-billetter\/mega-millions\/#primaryimage\"},\"thumbnailUrl\":\"https:\/\/redfoxlotto.com\/image?size=8&amp;lottery=mega-millions\",\"datePublished\":\"2020-12-16T06:54:40+00:00\",\"dateModified\":\"2021-03-07T11:01:40+00:00\",\"description\":\"Mega Millions Lotto nu klar til indbyggere i Danmark - k\u00f8b lovlige Mega Millions online billetter her\",\"breadcrumb\":{\"@id\":\"https:\/\/onlinelotto365.com\/da\/koebe-billetter\/mega-millions\/#breadcrumb\"},\"inLanguage\":\"da-DK\",\"potentialAction\":[{\"@type\":\"ReadAction\",\"target\":[\"https:\/\/onlinelotto365.com\/da\/koebe-billetter\/mega-millions\/\"]}]},{\"@type\":\"ImageObject\",\"inLanguage\":\"da-DK\",\"@id\":\"https:\/\/onlinelotto365.com\/da\/koebe-billetter\/mega-millions\/#primaryimage\",\"url\":\"https:\/\/redfoxlotto.com\/image?size=8&amp;lottery=mega-millions\",\"contentUrl\":\"https:\/\/redfoxlotto.com\/image?size=8&amp;lottery=mega-millions\"},{\"@type\":\"BreadcrumbList\",\"@id\":\"https:\/\/onlinelotto365.com\/da\/koebe-billetter\/mega-millions\/#breadcrumb\",\"itemListElement\":[{\"@type\":\"ListItem\",\"position\":1,\"name\":\"Home\",\"item\":\"https:\/\/onlinelotto365.com\/da\/\"},{\"@type\":\"ListItem\",\"position\":2,\"name\":\"At spille verdensomsp\u00e6ndende Lotto\",\"item\":\"https:\/\/onlinelotto365.com\/da\/buy-tickets\/\"},{\"@type\":\"ListItem\",\"position\":3,\"name\":\"Mega Millions er et af de bedste lotterier p\u00e5 planeten\"}]},{\"@type\":\"WebSite\",\"@id\":\"https:\/\/onlinelotto365.com\/da\/#website\",\"url\":\"https:\/\/onlinelotto365.com\/da\/\",\"name\":\"OnlineLotto365\",\"description\":\"\",\"potentialAction\":[{\"@type\":\"SearchAction\",\"target\":{\"@type\":\"EntryPoint\",\"urlTemplate\":\"https:\/\/onlinelotto365.com\/da\/?s={search_term_string}\"},\"query-input\":{\"@type\":\"PropertyValueSpecification\",\"valueRequired\":true,\"valueName\":\"search_term_string\"}}],\"inLanguage\":\"da-DK\"}]}<\/script>\n<!-- \/ Yoast SEO plugin. -->","yoast_head_json":{"title":"Mega Millions Lotto Online | F\u00e5 en kupon til Mega Millions nu","description":"Mega Millions Lotto nu klar til indbyggere i Danmark - k\u00f8b lovlige Mega Millions online billetter her","robots":{"index":"index","follow":"follow","max-snippet":"max-snippet:-1","max-image-preview":"max-image-preview:large","max-video-preview":"max-video-preview:-1"},"canonical":"https:\/\/onlinelotto365.com\/da\/koebe-billetter\/mega-millions\/","og_locale":"da_DK","og_type":"article","og_title":"Mega Millions Lotto Online | F\u00e5 en kupon til Mega Millions nu","og_description":"Mega Millions Lotto nu klar til indbyggere i Danmark - k\u00f8b lovlige Mega Millions online billetter her","og_url":"https:\/\/onlinelotto365.com\/da\/koebe-billetter\/mega-millions\/","og_site_name":"OnlineLotto365","article_modified_time":"2021-03-07T11:01:40+00:00","og_image":[{"url":"https:\/\/redfoxlotto.com\/image?size=8&amp;lottery=mega-millions"}],"twitter_card":"summary_large_image","twitter_misc":{"Estimeret l\u00e6setid":"7 minutter"},"schema":{"@context":"https:\/\/schema.org","@graph":[{"@type":"WebPage","@id":"https:\/\/onlinelotto365.com\/da\/koebe-billetter\/mega-millions\/","url":"https:\/\/onlinelotto365.com\/da\/koebe-billetter\/mega-millions\/","name":"Mega Millions Lotto Online | F\u00e5 en kupon til Mega Millions nu","isPartOf":{"@id":"https:\/\/onlinelotto365.com\/da\/#website"},"primaryImageOfPage":{"@id":"https:\/\/onlinelotto365.com\/da\/koebe-billetter\/mega-millions\/#primaryimage"},"image":{"@id":"https:\/\/onlinelotto365.com\/da\/koebe-billetter\/mega-millions\/#primaryimage"},"thumbnailUrl":"https:\/\/redfoxlotto.com\/image?size=8&amp;lottery=mega-millions","datePublished":"2020-12-16T06:54:40+00:00","dateModified":"2021-03-07T11:01:40+00:00","description":"Mega Millions Lotto nu klar til indbyggere i Danmark - k\u00f8b lovlige Mega Millions online billetter her","breadcrumb":{"@id":"https:\/\/onlinelotto365.com\/da\/koebe-billetter\/mega-millions\/#breadcrumb"},"inLanguage":"da-DK","potentialAction":[{"@type":"ReadAction","target":["https:\/\/onlinelotto365.com\/da\/koebe-billetter\/mega-millions\/"]}]},{"@type":"ImageObject","inLanguage":"da-DK","@id":"https:\/\/onlinelotto365.com\/da\/koebe-billetter\/mega-millions\/#primaryimage","url":"https:\/\/redfoxlotto.com\/image?size=8&amp;lottery=mega-millions","contentUrl":"https:\/\/redfoxlotto.com\/image?size=8&amp;lottery=mega-millions"},{"@type":"BreadcrumbList","@id":"https:\/\/onlinelotto365.com\/da\/koebe-billetter\/mega-millions\/#breadcrumb","itemListElement":[{"@type":"ListItem","position":1,"name":"Home","item":"https:\/\/onlinelotto365.com\/da\/"},{"@type":"ListItem","position":2,"name":"At spille verdensomsp\u00e6ndende Lotto","item":"https:\/\/onlinelotto365.com\/da\/buy-tickets\/"},{"@type":"ListItem","position":3,"name":"Mega Millions er et af de bedste lotterier p\u00e5 planeten"}]},{"@type":"WebSite","@id":"https:\/\/onlinelotto365.com\/da\/#website","url":"https:\/\/onlinelotto365.com\/da\/","name":"OnlineLotto365","description":"","potentialAction":[{"@type":"SearchAction","target":{"@type":"EntryPoint","urlTemplate":"https:\/\/onlinelotto365.com\/da\/?s={search_term_string}"},"query-input":{"@type":"PropertyValueSpecification","valueRequired":true,"valueName":"search_term_string"}}],"inLanguage":"da-DK"}]}},"_links":{"self":[{"href":"https:\/\/onlinelotto365.com\/da\/wp-json\/wp\/v2\/pages\/10023","targetHints":{"allow":["GET"]}}],"collection":[{"href":"https:\/\/onlinelotto365.com\/da\/wp-json\/wp\/v2\/pages"}],"about":[{"href":"https:\/\/onlinelotto365.com\/da\/wp-json\/wp\/v2\/types\/page"}],"author":[{"embeddable":true,"href":"https:\/\/onlinelotto365.com\/da\/wp-json\/wp\/v2\/users\/1"}],"replies":[{"embeddable":true,"href":"https:\/\/onlinelotto365.com\/da\/wp-json\/wp\/v2\/comments?post=10023"}],"version-history":[{"count":0,"href":"https:\/\/onlinelotto365.com\/da\/wp-json\/wp\/v2\/pages\/10023\/revisions"}],"up":[{"embeddable":true,"href":"https:\/\/onlinelotto365.com\/da\/wp-json\/wp\/v2\/pages\/5567"}],"wp:attachment":[{"href":"https:\/\/onlinelotto365.com\/da\/wp-json\/wp\/v2\/media?parent=10023"}],"curies":[{"name":"wp","href":"https:\/\/api.w.org\/{rel}","templated":true}]}}