{"id":10025,"date":"2020-12-16T07:31:18","date_gmt":"2020-12-16T06:31:18","guid":{"rendered":"http:\/\/onlinelotto365.net\/?page_id=10025"},"modified":"2021-03-14T19:11:54","modified_gmt":"2021-03-14T18:11:54","slug":"mega-millions","status":"publish","type":"page","link":"https:\/\/onlinelotto365.com\/da\/spille\/mega-millions\/","title":{"rendered":"Mega Millions online"},"content":{"rendered":"<h2>Om Mega Millions<\/h2>\n<p>Dette er nok verdens mest ber\u00f8mte lotteri. Vi giver lotteri entusiaster fra Danmark mulighed for at spille Mega Millions online og hj\u00e6lper spillernes dr\u00f8mme g\u00e5 i opfyldelse. Hvis du bor i Danmark, kan du stadig spille Mega Millions med en online lodseddel. Vores tjeneste er 100% lovlig, og vi giver dig chancen for at deltage i dette amerikanske megalotteri.<br \/>\n<a href=\"https:\/\/redfoxlotto.com\/play\/mega-millions\/?ref=a8564250a2&amp;medium=ol365\" target=\"_blank\" rel=\"noopener noreferrer\"><img decoding=\"async\" class=\"aligncenter\" src=\"https:\/\/redfoxlotto.com\/image?size=8&amp;lottery=mega-millions\" alt=\"mega millions\" \/><\/a><\/p>\n<ul>\n<li>Lande: USA<\/li>\n<li>Talr\u00e6kke for hovedtal: 70<\/li>\n<li>Du v\u00e6lger: 5<\/li>\n<li>Talr\u00e6kke for ekstra tal: 25<\/li>\n<li>Du v\u00e6lger: 1<\/li>\n<li>Udtr\u00e6kningsdage\/-tider: tirsdag og fredag, kl. 21.00 EST, +1 dag 3.00 CET<\/li>\n<li>Mega Millions jackpot starter p\u00e5: 40 millioner dollars<\/li>\n<li>Loft over Mega Millions jackpotten: intet<\/li>\n<li>Sandsynlighed for at vinde jackpotten: 1 i 175.711.536<\/li>\n<li>Sandsynlighed for gevinst p\u00e5 2. niveau: 1 i 3.819.816<\/li>\n<li>Sandsynlighed for at vinde hvilken som helst pr\u00e6mie: 1 i 24,12<\/li>\n<li>Antal pr\u00e6miekategorier: 9<\/li>\n<\/ul>\n<h2>Bedste egenskaber ved Mega Millions<\/h2>\n<p><img loading=\"lazy\" decoding=\"async\" class=\"alignright wp-image-1026\" src=\"https:\/\/onlinelotto365.com\/wp-content\/uploads\/2020\/11\/online_lottery-85.jpg\" alt=\"spil mega millions online\" width=\"189\" height=\"162\" \/><\/p>\n<p>Det mest tiltr\u00e6kkende ved Mega Millions er selvf\u00f8lgelig st\u00f8rrelsen p\u00e5 jackpotterne. Mega Millions jackpotten kan aldrig v\u00e6re under 40 millioner dollars. Hver gang, der er en, der vinder jackpotten, starter den forfra med minimumsbel\u00f8bet p\u00e5 40 millioner dollars. Med to udtr\u00e6kninger om ugen vokser Mega Millions jackpotten ret hurtigt. I USA spiller millioner af mennesker med i Mega Millions uge efter uge, og der er ogs\u00e5 masser af mennesker fra andre lande, fx Danmark, der spiller Mega Millions online.<\/p>\n<p>Det er alts\u00e5 normalt for Mega Millions jackpotten at vokse med 10 millioner dollars efter hver udtr\u00e6kning (med mindre nogen vinder jackpotten). Det vil sige omkring 20 millioner dollars om ugen, siden der er to udtr\u00e6kninger om ugen.<\/p>\n<p>Og n\u00e5r jackpotten er blevet st\u00f8rre end 100 millioner dollars, s\u00e6lges der endnu flere lodsedler, b\u00e5de i butikkerne og til online spillere. Det er sket mange gange, at jackpotten har n\u00e5et bel\u00f8b p\u00e5 400 millioner dollars eller h\u00f8jere. Og derfra er det normalt med en ugentlig v\u00e6kst p\u00e5 100 millioner dollars p\u00e5 grund af den drastiske stigning i salget af lodsedler. Den nuv\u00e6rende rekord for jackpotten er p\u00e5 1500 millioner dollars (ja, 1,5 milliarder!)<\/p>\n<h2>S\u00e5dan tjekker du Mega Millions resultaterne<\/h2>\n<p><img loading=\"lazy\" decoding=\"async\" class=\"alignright size-full wp-image-1103\" src=\"https:\/\/onlinelotto365.com\/wp-content\/uploads\/2020\/11\/online_lottery-93.jpg\" alt=\"mega millions Danmark\" width=\"212\" height=\"142\" \/><\/p>\n<p>Hvis du bor i Danmark eller i hvilket som helst andet land uden for USA, kan du h\u00f8jst sandsynligt ikke f\u00e5 vindertallene fra de lokale radio- eller tv-stationer. Du kan bes\u00f8ge den officielle hjemmeside for Mega Millions, men der er en meget lettere l\u00f8sning for dig. Kom bare tilbage til vores hjemmeside og kig p\u00e5 siden med resultater. Der offentligg\u00f8r vi resultater for alle lotterierne.<\/p>\n<p>Vi sender dig ogs\u00e5 en mail for at underrette dig om gevinster \u2013 hvis du har spillet online og har en Mega Millions lodseddel p\u00e5 din konto.<\/p>\n<p>Desuden kan du bekr\u00e6fte dine personlige lotteriresultater p\u00e5 din spillerkonto. N\u00e5r du har spillet Mega Millions online p\u00e5 vores hjemmeside, opbevares den lodseddel eller de lodsedler, du har k\u00f8bt, p\u00e5 kontoen. Og efter udtr\u00e6kningen kan du bare g\u00e5 derind og \u00f8jeblikkeligt sammenligne din Mega Millions lodseddel mod de seneste vindertal.<\/p>\n<h2>Du har spillet Mega Millions online og vundet \u2013 hvad sker der nu?<\/h2>\n<p>Hvis du har vundet en st\u00f8rre pr\u00e6mie, sender vores support dig besked med anvisninger om, hvad du skal g\u00f8re. Derefter skal du udfylde en formular, vi giver dig. Vores service team sender din formular til lotterikommissionen. Formularen har ogs\u00e5 oplysninger om din bankkonto og din fysiske adresse i Danmark (eller hvor du nu bor), og dit \u00f8nske om betalingsmetode angiver du ogs\u00e5 p\u00e5 denne formular. Inden for nogle f\u00e5 dage f\u00e5r du pengene via din valgte betalingsmetode.<\/p>\n<p>Og hvis du vinder et mindre pengebel\u00f8b (op til 2500 euro, n\u00e6rmere bestemt), g\u00e5r gevinsten ind p\u00e5 din spillekonto med det samme \u2013 du tjekker bare din spillesaldo. S\u00e5 kan du beslutte, om du vil lade pengene st\u00e5 der, s\u00e5 du kan bruge dem til at spille videre i flere lotterier (eller Mega Millions) online, eller du kan s\u00e6tte gang i en udbetaling.<\/p>\n","protected":false},"excerpt":{"rendered":"<p>Om Mega Millions Dette er nok verdens mest ber\u00f8mte lotteri. Vi giver lotteri entusiaster fra Danmark mulighed for at spille Mega Millions online og hj\u00e6lper spillernes dr\u00f8mme g\u00e5 i opfyldelse. Hvis du bor i Danmark, kan du stadig spille Mega Millions med en online lodseddel. Vores tjeneste er 100% lovlig, og vi giver dig chancen [&hellip;]<\/p>\n","protected":false},"author":1,"featured_media":0,"parent":5013,"menu_order":2,"comment_status":"closed","ping_status":"closed","template":"megamillion.php","meta":{"_et_pb_use_builder":"","_et_pb_old_content":"","_et_gb_content_width":"","exclude_from_search":false,"footnotes":""},"class_list":["post-10025","page","type-page","status-publish","hentry"],"yoast_head":"<!-- This site is optimized with the Yoast SEO plugin v23.4 - https:\/\/yoast.com\/wordpress\/plugins\/seo\/ -->\n<title>Spil Mega Millions USA online | S\u00e5dan kan folk, der bor i Danmark, spille lovligt med i Mega Millions<\/title>\n<meta name=\"description\" content=\"Nu kan du ogs\u00e5 spille Mega Millions - vores online tjeneste g\u00f8r det muligt at anskaffe Mega Millions lodsedler fra Danmark\" \/>\n<meta name=\"robots\" content=\"index, follow, max-snippet:-1, max-image-preview:large, max-video-preview:-1\" \/>\n<link rel=\"canonical\" href=\"https:\/\/onlinelotto365.com\/da\/spille\/mega-millions\/\" \/>\n<meta property=\"og:locale\" content=\"da_DK\" \/>\n<meta property=\"og:type\" content=\"article\" \/>\n<meta property=\"og:title\" content=\"Spil Mega Millions USA online | S\u00e5dan kan folk, der bor i Danmark, spille lovligt med i Mega Millions\" \/>\n<meta property=\"og:description\" content=\"Nu kan du ogs\u00e5 spille Mega Millions - vores online tjeneste g\u00f8r det muligt at anskaffe Mega Millions lodsedler fra Danmark\" \/>\n<meta property=\"og:url\" content=\"https:\/\/onlinelotto365.com\/da\/spille\/mega-millions\/\" \/>\n<meta property=\"og:site_name\" content=\"OnlineLotto365\" \/>\n<meta property=\"article:modified_time\" content=\"2021-03-14T18:11:54+00:00\" \/>\n<meta property=\"og:image\" content=\"https:\/\/redfoxlotto.com\/image?size=8&amp;lottery=mega-millions\" \/>\n<meta name=\"twitter:card\" content=\"summary_large_image\" \/>\n<meta name=\"twitter:label1\" content=\"Estimeret l\u00e6setid\" \/>\n\t<meta name=\"twitter:data1\" content=\"4 minutter\" \/>\n<script type=\"application\/ld+json\" class=\"yoast-schema-graph\">{\"@context\":\"https:\/\/schema.org\",\"@graph\":[{\"@type\":\"WebPage\",\"@id\":\"https:\/\/onlinelotto365.com\/da\/spille\/mega-millions\/\",\"url\":\"https:\/\/onlinelotto365.com\/da\/spille\/mega-millions\/\",\"name\":\"Spil Mega Millions USA online | S\u00e5dan kan folk, der bor i Danmark, spille lovligt med i Mega Millions\",\"isPartOf\":{\"@id\":\"https:\/\/onlinelotto365.com\/da\/#website\"},\"primaryImageOfPage\":{\"@id\":\"https:\/\/onlinelotto365.com\/da\/spille\/mega-millions\/#primaryimage\"},\"image\":{\"@id\":\"https:\/\/onlinelotto365.com\/da\/spille\/mega-millions\/#primaryimage\"},\"thumbnailUrl\":\"https:\/\/redfoxlotto.com\/image?size=8&amp;lottery=mega-millions\",\"datePublished\":\"2020-12-16T06:31:18+00:00\",\"dateModified\":\"2021-03-14T18:11:54+00:00\",\"description\":\"Nu kan du ogs\u00e5 spille Mega Millions - vores online tjeneste g\u00f8r det muligt at anskaffe Mega Millions lodsedler fra Danmark\",\"breadcrumb\":{\"@id\":\"https:\/\/onlinelotto365.com\/da\/spille\/mega-millions\/#breadcrumb\"},\"inLanguage\":\"da-DK\",\"potentialAction\":[{\"@type\":\"ReadAction\",\"target\":[\"https:\/\/onlinelotto365.com\/da\/spille\/mega-millions\/\"]}]},{\"@type\":\"ImageObject\",\"inLanguage\":\"da-DK\",\"@id\":\"https:\/\/onlinelotto365.com\/da\/spille\/mega-millions\/#primaryimage\",\"url\":\"https:\/\/redfoxlotto.com\/image?size=8&amp;lottery=mega-millions\",\"contentUrl\":\"https:\/\/redfoxlotto.com\/image?size=8&amp;lottery=mega-millions\"},{\"@type\":\"BreadcrumbList\",\"@id\":\"https:\/\/onlinelotto365.com\/da\/spille\/mega-millions\/#breadcrumb\",\"itemListElement\":[{\"@type\":\"ListItem\",\"position\":1,\"name\":\"Home\",\"item\":\"https:\/\/onlinelotto365.com\/da\/\"},{\"@type\":\"ListItem\",\"position\":2,\"name\":\"Alt, hvad du skal vide om dine muligheder for at spille de bedste lotterier online\",\"item\":\"https:\/\/onlinelotto365.com\/da\/spille\/\"},{\"@type\":\"ListItem\",\"position\":3,\"name\":\"Mega Millions online\"}]},{\"@type\":\"WebSite\",\"@id\":\"https:\/\/onlinelotto365.com\/da\/#website\",\"url\":\"https:\/\/onlinelotto365.com\/da\/\",\"name\":\"OnlineLotto365\",\"description\":\"\",\"potentialAction\":[{\"@type\":\"SearchAction\",\"target\":{\"@type\":\"EntryPoint\",\"urlTemplate\":\"https:\/\/onlinelotto365.com\/da\/?s={search_term_string}\"},\"query-input\":{\"@type\":\"PropertyValueSpecification\",\"valueRequired\":true,\"valueName\":\"search_term_string\"}}],\"inLanguage\":\"da-DK\"}]}<\/script>\n<!-- \/ Yoast SEO plugin. -->","yoast_head_json":{"title":"Spil Mega Millions USA online | S\u00e5dan kan folk, der bor i Danmark, spille lovligt med i Mega Millions","description":"Nu kan du ogs\u00e5 spille Mega Millions - vores online tjeneste g\u00f8r det muligt at anskaffe Mega Millions lodsedler fra Danmark","robots":{"index":"index","follow":"follow","max-snippet":"max-snippet:-1","max-image-preview":"max-image-preview:large","max-video-preview":"max-video-preview:-1"},"canonical":"https:\/\/onlinelotto365.com\/da\/spille\/mega-millions\/","og_locale":"da_DK","og_type":"article","og_title":"Spil Mega Millions USA online | S\u00e5dan kan folk, der bor i Danmark, spille lovligt med i Mega Millions","og_description":"Nu kan du ogs\u00e5 spille Mega Millions - vores online tjeneste g\u00f8r det muligt at anskaffe Mega Millions lodsedler fra Danmark","og_url":"https:\/\/onlinelotto365.com\/da\/spille\/mega-millions\/","og_site_name":"OnlineLotto365","article_modified_time":"2021-03-14T18:11:54+00:00","og_image":[{"url":"https:\/\/redfoxlotto.com\/image?size=8&amp;lottery=mega-millions"}],"twitter_card":"summary_large_image","twitter_misc":{"Estimeret l\u00e6setid":"4 minutter"},"schema":{"@context":"https:\/\/schema.org","@graph":[{"@type":"WebPage","@id":"https:\/\/onlinelotto365.com\/da\/spille\/mega-millions\/","url":"https:\/\/onlinelotto365.com\/da\/spille\/mega-millions\/","name":"Spil Mega Millions USA online | S\u00e5dan kan folk, der bor i Danmark, spille lovligt med i Mega Millions","isPartOf":{"@id":"https:\/\/onlinelotto365.com\/da\/#website"},"primaryImageOfPage":{"@id":"https:\/\/onlinelotto365.com\/da\/spille\/mega-millions\/#primaryimage"},"image":{"@id":"https:\/\/onlinelotto365.com\/da\/spille\/mega-millions\/#primaryimage"},"thumbnailUrl":"https:\/\/redfoxlotto.com\/image?size=8&amp;lottery=mega-millions","datePublished":"2020-12-16T06:31:18+00:00","dateModified":"2021-03-14T18:11:54+00:00","description":"Nu kan du ogs\u00e5 spille Mega Millions - vores online tjeneste g\u00f8r det muligt at anskaffe Mega Millions lodsedler fra Danmark","breadcrumb":{"@id":"https:\/\/onlinelotto365.com\/da\/spille\/mega-millions\/#breadcrumb"},"inLanguage":"da-DK","potentialAction":[{"@type":"ReadAction","target":["https:\/\/onlinelotto365.com\/da\/spille\/mega-millions\/"]}]},{"@type":"ImageObject","inLanguage":"da-DK","@id":"https:\/\/onlinelotto365.com\/da\/spille\/mega-millions\/#primaryimage","url":"https:\/\/redfoxlotto.com\/image?size=8&amp;lottery=mega-millions","contentUrl":"https:\/\/redfoxlotto.com\/image?size=8&amp;lottery=mega-millions"},{"@type":"BreadcrumbList","@id":"https:\/\/onlinelotto365.com\/da\/spille\/mega-millions\/#breadcrumb","itemListElement":[{"@type":"ListItem","position":1,"name":"Home","item":"https:\/\/onlinelotto365.com\/da\/"},{"@type":"ListItem","position":2,"name":"Alt, hvad du skal vide om dine muligheder for at spille de bedste lotterier online","item":"https:\/\/onlinelotto365.com\/da\/spille\/"},{"@type":"ListItem","position":3,"name":"Mega Millions online"}]},{"@type":"WebSite","@id":"https:\/\/onlinelotto365.com\/da\/#website","url":"https:\/\/onlinelotto365.com\/da\/","name":"OnlineLotto365","description":"","potentialAction":[{"@type":"SearchAction","target":{"@type":"EntryPoint","urlTemplate":"https:\/\/onlinelotto365.com\/da\/?s={search_term_string}"},"query-input":{"@type":"PropertyValueSpecification","valueRequired":true,"valueName":"search_term_string"}}],"inLanguage":"da-DK"}]}},"_links":{"self":[{"href":"https:\/\/onlinelotto365.com\/da\/wp-json\/wp\/v2\/pages\/10025","targetHints":{"allow":["GET"]}}],"collection":[{"href":"https:\/\/onlinelotto365.com\/da\/wp-json\/wp\/v2\/pages"}],"about":[{"href":"https:\/\/onlinelotto365.com\/da\/wp-json\/wp\/v2\/types\/page"}],"author":[{"embeddable":true,"href":"https:\/\/onlinelotto365.com\/da\/wp-json\/wp\/v2\/users\/1"}],"replies":[{"embeddable":true,"href":"https:\/\/onlinelotto365.com\/da\/wp-json\/wp\/v2\/comments?post=10025"}],"version-history":[{"count":0,"href":"https:\/\/onlinelotto365.com\/da\/wp-json\/wp\/v2\/pages\/10025\/revisions"}],"up":[{"embeddable":true,"href":"https:\/\/onlinelotto365.com\/da\/wp-json\/wp\/v2\/pages\/5013"}],"wp:attachment":[{"href":"https:\/\/onlinelotto365.com\/da\/wp-json\/wp\/v2\/media?parent=10025"}],"curies":[{"name":"wp","href":"https:\/\/api.w.org\/{rel}","templated":true}]}}