{"id":10027,"date":"2020-12-16T07:33:12","date_gmt":"2020-12-16T06:33:12","guid":{"rendered":"http:\/\/onlinelotto365.net\/?page_id=10027"},"modified":"2021-03-05T17:12:38","modified_gmt":"2021-03-05T16:12:38","slug":"euromillions","status":"publish","type":"page","link":"https:\/\/onlinelotto365.com\/da\/spille\/euromillions\/","title":{"rendered":"Flere lotterier til lotto spillere fra Danmark"},"content":{"rendered":"<p>At have kun dit lokale lotteri inden for r\u00e6kkevidde virker ikke for attraktivt for dig? I du er i Danmark ser lotterier som Euromillions helt sikkert meget mere attraktivt ud. At v\u00e6re dansk statsborger har du muligvis ikke v\u00e6ret i stand til at f\u00e5 en billet til disse lotterier. Men vent &#8211; der er en l\u00f8sning nu!<\/p>\n<h2>RedFoxLotto giver dig adgang til Euromillions og Eurojackpot<\/h2>\n<p><a href=\"https:\/\/redfoxlotto.com\/da\/?ref=A8564250A2&amp;medium=ol365\" target=\"_blank\" rel=\"noopener\"><span style=\"text-decoration: underline;\">Hvis du bes\u00f8ger RedFoxLotto.com ved at klikke p\u00e5 dette link<\/span><\/a>, er den f\u00f8rste ting du ser en liste over forskellige internationale lotterier. Listen er sorteret efter jackpotens st\u00f8rrelse. Du kan enten finde Euromillions og klikke p\u00e5 dem, eller hvis du ser et andet lotteri med en endnu h\u00f8jere jackpot, er du velkommen til at v\u00e6lge den ene. Derefter v\u00e6lger du dine numre. Bare rolig, hvis du ikke ved, hvor mange numre du skal klikke p\u00e5. Webstedet fort\u00e6ller dig, om du mangler et nummer. Selvf\u00f8lgelig kan du tilf\u00f8je flere billetter, og du kan endda spille flere lotterier. Dern\u00e6st registrerer du en konto hos RedFoxlotto.<br \/>\n<a href=\"https:\/\/redfoxlotto.com\/play\/euromillions\/?ref=a8564250a2&amp;medium=ol365\" target=\"_blank\" rel=\"noopener noreferrer\"><img loading=\"lazy\" decoding=\"async\" class=\"aligncenter\" src=\"https:\/\/redfoxlotto.com\/image?size=8&amp;lottery=euromillions\" alt=\"Euromillions\" width=\"720\" height=\"90\" \/><\/a><\/p>\n<h2>Flere oplysninger om Euromillions<\/h2>\n<ul>\n<li>Lotteri afholdes, hvor: diverse europ\u00e6iske lande<\/li>\n<li>Hvor mange hovedtal at v\u00e6lge imellem: 50<\/li>\n<li>Du skal v\u00e6lge: 5<\/li>\n<li>Hvor mange ekstra tal at v\u00e6lge imellem: 12<\/li>\n<li>Du skal v\u00e6lge: 2<\/li>\n<li>Uafgjort dage, timer: Tirsdag, fredag \u200b\u200b19:30 GMT &#8211; 20:30 CET<\/li>\n<li>Minimum jackpot: \u20ac 17 millioner<\/li>\n<li>Maksimum jackpotbel\u00f8b: \u20ac 190 millioner<\/li>\n<li>Mulig talkombination for en jackpotgevinst: 1 i 186.450.880<\/li>\n<li>Mulig kombination af tal for en sejr i 2. r\u00e6kke: 1 p\u00e5 2.118.760<\/li>\n<li>Sandsynligheden for at vinde i et hvilket som helst niveau: 1 ud af 12,98<\/li>\n<li>Hvor mange pr\u00e6mieniveauer: 13<\/li>\n<li>S\u00e6rlige lodtr\u00e6kninger for Euromillions: jackpotten er tre gange om \u00e5ret indstillet til \u20ac 140 millioner<\/li>\n<\/ul>\n<p>Du skal bekr\u00e6fte din e-mail-adresse &#8211; f\u00f8lg blot vejledningen p\u00e5 sk\u00e6rmen. Betaling er ogs\u00e5 let nok. Der er en r\u00e6kke muligheder som Skrill, kreditkort eller bankoverf\u00f8rsel. N\u00e5r du har betalt, vises billetten p\u00e5 din konto. Du kan se dine numre, og efter at tallene for dine lotterier er blevet tegnet, viser din konto ogs\u00e5 de tegnede numre ved siden af \u200b\u200bdet nummer du har valgt. Vindende tal er fremh\u00e6vet, s\u00e5 du hurtigt kan se om dine billetter har vundet noget eller ej.<\/p>\n<h2>Flere lotterier at v\u00e6lge imellem for lotto fans fra Danmark<\/h2>\n<p><img loading=\"lazy\" decoding=\"async\" class=\"alignright wp-image-1873\" style=\"font-size: 16px; font-weight: inherit;\" src=\"https:\/\/onlinelotto365.com\/wp-content\/uploads\/2020\/11\/online_lottery-167-300x197.jpg\" alt=\"spil euromillions online\" width=\"282\" height=\"185\" \/><\/p>\n<p>Ved siden af \u200b\u200bEuromillions anbefaler vi, at du tjekker de store amerikanske lotterier Powerball og Mega Millions. Deres jackpots er ofte meget st\u00f8rre, m\u00e6ngder p\u00e5 over $ 300 millioner er ganske hyppige. Men der er ogs\u00e5 Italiens Superenalotto. Det bedste du kan g\u00f8re er at sammenligne jackpotsne f\u00f8r du spiller. Altid at g\u00e5 til lotteriet med den st\u00f8rste jackpot er helt sikkert en strategi, der giver mening ud fra et \u00f8konomisk synspunkt! Lad ikke det faktum, at du bor i Danmark, holde dig fra at spille Eurojackpot eller Euromillions &#8211; spil online i dag!<\/p>\n","protected":false},"excerpt":{"rendered":"<p>At have kun dit lokale lotteri inden for r\u00e6kkevidde virker ikke for attraktivt for dig? I du er i Danmark ser lotterier som Euromillions helt sikkert meget mere attraktivt ud. At v\u00e6re dansk statsborger har du muligvis ikke v\u00e6ret i stand til at f\u00e5 en billet til disse lotterier. Men vent &#8211; der er en [&hellip;]<\/p>\n","protected":false},"author":1,"featured_media":0,"parent":5013,"menu_order":3,"comment_status":"closed","ping_status":"closed","template":"euromillions.php","meta":{"_et_pb_use_builder":"","_et_pb_old_content":"","_et_gb_content_width":"","exclude_from_search":false,"footnotes":""},"class_list":["post-10027","page","type-page","status-publish","hentry"],"yoast_head":"<!-- This site is optimized with the Yoast SEO plugin v23.4 - https:\/\/yoast.com\/wordpress\/plugins\/seo\/ -->\n<title>Kan danske borgere deltage i Euromillions?<\/title>\n<meta name=\"description\" content=\"Spil EuroMillions Lotto med en online billet, selv fra Danmark.\" \/>\n<meta name=\"robots\" content=\"index, follow, max-snippet:-1, max-image-preview:large, max-video-preview:-1\" \/>\n<link rel=\"canonical\" href=\"https:\/\/onlinelotto365.com\/da\/spille\/euromillions\/\" \/>\n<meta property=\"og:locale\" content=\"da_DK\" \/>\n<meta property=\"og:type\" content=\"article\" \/>\n<meta property=\"og:title\" content=\"Kan danske borgere deltage i Euromillions?\" \/>\n<meta property=\"og:description\" content=\"Spil EuroMillions Lotto med en online billet, selv fra Danmark.\" \/>\n<meta property=\"og:url\" content=\"https:\/\/onlinelotto365.com\/da\/spille\/euromillions\/\" \/>\n<meta property=\"og:site_name\" content=\"OnlineLotto365\" \/>\n<meta property=\"article:modified_time\" content=\"2021-03-05T16:12:38+00:00\" \/>\n<meta property=\"og:image\" content=\"https:\/\/redfoxlotto.com\/image?size=8&amp;lottery=euromillions\" \/>\n<meta name=\"twitter:card\" content=\"summary_large_image\" \/>\n<meta name=\"twitter:label1\" content=\"Estimeret l\u00e6setid\" \/>\n\t<meta name=\"twitter:data1\" content=\"3 minutter\" \/>\n<script type=\"application\/ld+json\" class=\"yoast-schema-graph\">{\"@context\":\"https:\/\/schema.org\",\"@graph\":[{\"@type\":\"WebPage\",\"@id\":\"https:\/\/onlinelotto365.com\/da\/spille\/euromillions\/\",\"url\":\"https:\/\/onlinelotto365.com\/da\/spille\/euromillions\/\",\"name\":\"Kan danske borgere deltage i Euromillions?\",\"isPartOf\":{\"@id\":\"https:\/\/onlinelotto365.com\/da\/#website\"},\"primaryImageOfPage\":{\"@id\":\"https:\/\/onlinelotto365.com\/da\/spille\/euromillions\/#primaryimage\"},\"image\":{\"@id\":\"https:\/\/onlinelotto365.com\/da\/spille\/euromillions\/#primaryimage\"},\"thumbnailUrl\":\"https:\/\/redfoxlotto.com\/image?size=8&amp;lottery=euromillions\",\"datePublished\":\"2020-12-16T06:33:12+00:00\",\"dateModified\":\"2021-03-05T16:12:38+00:00\",\"description\":\"Spil EuroMillions Lotto med en online billet, selv fra Danmark.\",\"breadcrumb\":{\"@id\":\"https:\/\/onlinelotto365.com\/da\/spille\/euromillions\/#breadcrumb\"},\"inLanguage\":\"da-DK\",\"potentialAction\":[{\"@type\":\"ReadAction\",\"target\":[\"https:\/\/onlinelotto365.com\/da\/spille\/euromillions\/\"]}]},{\"@type\":\"ImageObject\",\"inLanguage\":\"da-DK\",\"@id\":\"https:\/\/onlinelotto365.com\/da\/spille\/euromillions\/#primaryimage\",\"url\":\"https:\/\/redfoxlotto.com\/image?size=8&amp;lottery=euromillions\",\"contentUrl\":\"https:\/\/redfoxlotto.com\/image?size=8&amp;lottery=euromillions\"},{\"@type\":\"BreadcrumbList\",\"@id\":\"https:\/\/onlinelotto365.com\/da\/spille\/euromillions\/#breadcrumb\",\"itemListElement\":[{\"@type\":\"ListItem\",\"position\":1,\"name\":\"Home\",\"item\":\"https:\/\/onlinelotto365.com\/da\/\"},{\"@type\":\"ListItem\",\"position\":2,\"name\":\"Alt, hvad du skal vide om dine muligheder for at spille de bedste lotterier online\",\"item\":\"https:\/\/onlinelotto365.com\/da\/spille\/\"},{\"@type\":\"ListItem\",\"position\":3,\"name\":\"Flere lotterier til lotto spillere fra Danmark\"}]},{\"@type\":\"WebSite\",\"@id\":\"https:\/\/onlinelotto365.com\/da\/#website\",\"url\":\"https:\/\/onlinelotto365.com\/da\/\",\"name\":\"OnlineLotto365\",\"description\":\"\",\"potentialAction\":[{\"@type\":\"SearchAction\",\"target\":{\"@type\":\"EntryPoint\",\"urlTemplate\":\"https:\/\/onlinelotto365.com\/da\/?s={search_term_string}\"},\"query-input\":{\"@type\":\"PropertyValueSpecification\",\"valueRequired\":true,\"valueName\":\"search_term_string\"}}],\"inLanguage\":\"da-DK\"}]}<\/script>\n<!-- \/ Yoast SEO plugin. -->","yoast_head_json":{"title":"Kan danske borgere deltage i Euromillions?","description":"Spil EuroMillions Lotto med en online billet, selv fra Danmark.","robots":{"index":"index","follow":"follow","max-snippet":"max-snippet:-1","max-image-preview":"max-image-preview:large","max-video-preview":"max-video-preview:-1"},"canonical":"https:\/\/onlinelotto365.com\/da\/spille\/euromillions\/","og_locale":"da_DK","og_type":"article","og_title":"Kan danske borgere deltage i Euromillions?","og_description":"Spil EuroMillions Lotto med en online billet, selv fra Danmark.","og_url":"https:\/\/onlinelotto365.com\/da\/spille\/euromillions\/","og_site_name":"OnlineLotto365","article_modified_time":"2021-03-05T16:12:38+00:00","og_image":[{"url":"https:\/\/redfoxlotto.com\/image?size=8&amp;lottery=euromillions"}],"twitter_card":"summary_large_image","twitter_misc":{"Estimeret l\u00e6setid":"3 minutter"},"schema":{"@context":"https:\/\/schema.org","@graph":[{"@type":"WebPage","@id":"https:\/\/onlinelotto365.com\/da\/spille\/euromillions\/","url":"https:\/\/onlinelotto365.com\/da\/spille\/euromillions\/","name":"Kan danske borgere deltage i Euromillions?","isPartOf":{"@id":"https:\/\/onlinelotto365.com\/da\/#website"},"primaryImageOfPage":{"@id":"https:\/\/onlinelotto365.com\/da\/spille\/euromillions\/#primaryimage"},"image":{"@id":"https:\/\/onlinelotto365.com\/da\/spille\/euromillions\/#primaryimage"},"thumbnailUrl":"https:\/\/redfoxlotto.com\/image?size=8&amp;lottery=euromillions","datePublished":"2020-12-16T06:33:12+00:00","dateModified":"2021-03-05T16:12:38+00:00","description":"Spil EuroMillions Lotto med en online billet, selv fra Danmark.","breadcrumb":{"@id":"https:\/\/onlinelotto365.com\/da\/spille\/euromillions\/#breadcrumb"},"inLanguage":"da-DK","potentialAction":[{"@type":"ReadAction","target":["https:\/\/onlinelotto365.com\/da\/spille\/euromillions\/"]}]},{"@type":"ImageObject","inLanguage":"da-DK","@id":"https:\/\/onlinelotto365.com\/da\/spille\/euromillions\/#primaryimage","url":"https:\/\/redfoxlotto.com\/image?size=8&amp;lottery=euromillions","contentUrl":"https:\/\/redfoxlotto.com\/image?size=8&amp;lottery=euromillions"},{"@type":"BreadcrumbList","@id":"https:\/\/onlinelotto365.com\/da\/spille\/euromillions\/#breadcrumb","itemListElement":[{"@type":"ListItem","position":1,"name":"Home","item":"https:\/\/onlinelotto365.com\/da\/"},{"@type":"ListItem","position":2,"name":"Alt, hvad du skal vide om dine muligheder for at spille de bedste lotterier online","item":"https:\/\/onlinelotto365.com\/da\/spille\/"},{"@type":"ListItem","position":3,"name":"Flere lotterier til lotto spillere fra Danmark"}]},{"@type":"WebSite","@id":"https:\/\/onlinelotto365.com\/da\/#website","url":"https:\/\/onlinelotto365.com\/da\/","name":"OnlineLotto365","description":"","potentialAction":[{"@type":"SearchAction","target":{"@type":"EntryPoint","urlTemplate":"https:\/\/onlinelotto365.com\/da\/?s={search_term_string}"},"query-input":{"@type":"PropertyValueSpecification","valueRequired":true,"valueName":"search_term_string"}}],"inLanguage":"da-DK"}]}},"_links":{"self":[{"href":"https:\/\/onlinelotto365.com\/da\/wp-json\/wp\/v2\/pages\/10027","targetHints":{"allow":["GET"]}}],"collection":[{"href":"https:\/\/onlinelotto365.com\/da\/wp-json\/wp\/v2\/pages"}],"about":[{"href":"https:\/\/onlinelotto365.com\/da\/wp-json\/wp\/v2\/types\/page"}],"author":[{"embeddable":true,"href":"https:\/\/onlinelotto365.com\/da\/wp-json\/wp\/v2\/users\/1"}],"replies":[{"embeddable":true,"href":"https:\/\/onlinelotto365.com\/da\/wp-json\/wp\/v2\/comments?post=10027"}],"version-history":[{"count":0,"href":"https:\/\/onlinelotto365.com\/da\/wp-json\/wp\/v2\/pages\/10027\/revisions"}],"up":[{"embeddable":true,"href":"https:\/\/onlinelotto365.com\/da\/wp-json\/wp\/v2\/pages\/5013"}],"wp:attachment":[{"href":"https:\/\/onlinelotto365.com\/da\/wp-json\/wp\/v2\/media?parent=10027"}],"curies":[{"name":"wp","href":"https:\/\/api.w.org\/{rel}","templated":true}]}}