{"id":10029,"date":"2020-12-16T07:35:25","date_gmt":"2020-12-16T06:35:25","guid":{"rendered":"http:\/\/onlinelotto365.net\/?page_id=10029"},"modified":"2022-11-07T11:30:03","modified_gmt":"2022-11-07T10:30:03","slug":"eurojackpot","status":"publish","type":"page","link":"https:\/\/onlinelotto365.com\/da\/spille\/eurojackpot\/","title":{"rendered":"Spil Eurojackpot med en onlinebillet"},"content":{"rendered":"<h2>Om Eurojackpot<\/h2>\n<p>Dette europ\u00e6iske lotteri blev oprettet i samarbejde mellem en r\u00e6kke europ\u00e6iske lotterimyndigheder. I \u00f8jeblikket kan du spille Eurojackpot med lodder, der kan k\u00f8bes i din lokale lotteriforretning, hvis du bor i et af de deltagende lande. Disse lande er Kroatien, Tjekkiet, Danmark, Estland, Finland, Tyskland, Ukraine, Island, Italien, Letland, Litauen, Norge, Polen, Bulgarien, Slovenien, Spanien, Sverige, Tjekkiet, Tyskland og Nederlandene.<\/p>\n<p><a href=\"https:\/\/redfoxlotto.com\/play\/eurojackpot\/?ref=a8564250a2&amp;medium=ol365\" target=\"_blank\" rel=\"noopener noreferrer\"><img decoding=\"async\" class=\"aligncenter\" src=\"https:\/\/redfoxlotto.com\/image?size=8&amp;lottery=eurojackpot\" alt=\"Eurojackpot\" \/><\/a><\/p>\n<p>Hvis du bor i et land, der ikke er med p\u00e5 listen, er din eneste mulighed at spille Eurojackpot online. N\u00e5r du f\u00f8rst har opdaget denne mulighed, vil du se, at der er mange flere muligheder. Vores hjemmeside g\u00f8r det ikke kun nemt for dig at spille Eurojackpot online fra Danmark. Vi giver dig ogs\u00e5 adgang til andre lotterier i verdensklasse med enorme jackpots.<\/p>\n<ul>\n<li>Land: Diverse europ\u00e6iske lande, se ovenfor<\/li>\n<li>Hovednumre r\u00e6kkevidde: 50<\/li>\n<li>Du skal v\u00e6lge: 5<\/li>\n<li>Ekstra nummerserie: 10<\/li>\n<li>Du skal v\u00e6lge: 2<\/li>\n<li>Dage og timer for tr\u00e6kninger: Dagene og timerne fredag, , , , 21:00 CET &#8211; 21:00 CET<\/li>\n<li>Jackpot starter kl: \u20ac 10 millioner<\/li>\n<li>Jackpotten er begr\u00e6nset til: \u20ac 90 millioner<\/li>\n<li>Chance for at vinde jackpotten: 1 ud af 135600640<\/li>\n<li>Chance for at vinde andenpr\u00e6mien: 1 ud af 2118760<\/li>\n<li>Chance for at vinde en hvilken som helst pr\u00e6mie: 1 ud af 26,39<\/li>\n<li>Antal pr\u00e6miekategorier: 12<\/li>\n<\/ul>\n<h2>De bedste funktioner i Eurojackpot<\/h2>\n<p>F\u00f8rst vil du bem\u00e6rke, at jackpotten altid starter med et bel\u00f8b p\u00e5 mindst 10 millioner euro. Men du b\u00f8r ogs\u00e5 l\u00e6gge m\u00e6rke til, at den anden pr\u00e6miekategori ogs\u00e5 er ret attraktiv og har meget bedre odds. For at vinde andenpr\u00e6mien skal du have alle 5 hovedtal korrekt, plus et af de to ekstra tal. Oddsene for, at det sker, er ca. 1 ud af 2 millioner, og at vinde denne pr\u00e6mie giver dig normalt en udbetaling p\u00e5 mellem 100.000 og 500.000 \u20ac. Det er bestemt en god nok grund til at spille Eurojackpot online fra Danmark.<\/p>\n<p>Men den vigtigste grund til, at du altid b\u00f8r holde \u00f8je med Eurojackpot, er hvad der sker, hvis jackpotten n\u00e5r op p\u00e5 \u20ac90 millioner, hvilket normalt sker et par gange om \u00e5ret. S\u00e5 snart jackpotten har passeret t\u00e6rsklen p\u00e5 \u20ac40 millioner, har den en tendens til at vokse ret hurtigt, fordi flere mennesker spiller Eurojackpot, og der bliver solgt flere lodder. Hvad sker der s\u00e5, n\u00e5r den n\u00e5r sit loft p\u00e5 90 millioner euro?<\/p>\n<p>P\u00e5 det tidspunkt vil alle ekstra penge, som spillerne bruger, ikke \u00f8ge jackpotten. I stedet vil disse midler blive overf\u00f8rt til den anden pr\u00e6miekategori. S\u00e5 ved den n\u00e6ste tr\u00e6kning kan du ikke kun spille Eurojackpot online for en jackpot p\u00e5 90 millioner euro, men du kan ogs\u00e5 forvente en meget st\u00f8rre udbetaling, hvis du vinder i den anden kategori. Og s\u00e5 l\u00e6nge jackpotten p\u00e5 90 millioner euro ikke er blevet kn\u00e6kket, kan andenpr\u00e6mien v\u00e6re vundet, men der vil blive tilf\u00f8jet nye penge ved hver tr\u00e6kning.<\/p>\n<h2>S\u00e5dan tjekker du Eurojackpot-resultaterne<\/h2>\n<p>Tjek resultaterne enten p\u00e5 et af de officielle lotterihjemmesider i et deltagende land eller mere bekvemt ved at bes\u00f8ge vores hjemmeside, hvor du kan finde de seneste resultater for de mest spektakul\u00e6re lotterier i hele verden. Og udover at kunne spille Eurojackpot online fra Danmark har du naturligvis ogs\u00e5 mulighed for blot at v\u00e6lge det lotteri, der i \u00f8jeblikket har den h\u00f8jeste jackpot, og spille dette lotteri online.<\/p>\n<h2>Du har spillet Eurojackpot online og vundet &#8211; hvad sker der s\u00e5 nu?<\/h2>\n<p>N\u00e5r du har fundet ud af, at du har vundet noget p\u00e5 Eurojackpot, vil du ogs\u00e5 f\u00e5 en e-mail med en besked fra os. Vi giver altid besked til vores vindere, s\u00e5 der er ingen chance for, at du g\u00e5r glip af en gevinst. Og ved alle mindre gevinster (mindre end eller lig med 2.500 \u20ac) vil du finde de penge, du har vundet, allerede p\u00e5 din spillerkonto. Pengene vil v\u00e6re til din r\u00e5dighed til udbetaling kort efter lodtr\u00e6kningen. Du kan naturligvis ogs\u00e5 v\u00e6lge ikke at udbetale eller anmode om en udbetaling af en del af din saldo. Uanset hvad din saldo er bagefter kan du s\u00e5 bruge den til at spille online lotto og k\u00f8be nye lottokuponer.<\/p>\n","protected":false},"excerpt":{"rendered":"<p>Om Eurojackpot Dette europ\u00e6iske lotteri blev oprettet i samarbejde mellem en r\u00e6kke europ\u00e6iske lotterimyndigheder. I \u00f8jeblikket kan du spille Eurojackpot med lodder, der kan k\u00f8bes i din lokale lotteriforretning, hvis du bor i et af de deltagende lande. Disse lande er Kroatien, Tjekkiet, Danmark, Estland, Finland, Tyskland, Ukraine, Island, Italien, Letland, Litauen, Norge, Polen, Bulgarien, [&hellip;]<\/p>\n","protected":false},"author":1,"featured_media":0,"parent":5013,"menu_order":4,"comment_status":"closed","ping_status":"closed","template":"eurojackpot.php","meta":{"_et_pb_use_builder":"","_et_pb_old_content":"","_et_gb_content_width":"","exclude_from_search":false,"footnotes":""},"class_list":["post-10029","page","type-page","status-publish","hentry"],"yoast_head":"<!-- This site is optimized with the Yoast SEO plugin v23.4 - https:\/\/yoast.com\/wordpress\/plugins\/seo\/ -->\n<title>Eurojackpot for indbyggere i Danmark | Spil Eurojackpot online her<\/title>\n<meta name=\"description\" content=\"Den lovlige og nemme m\u00e5de at spille Eurojackpot online og fra Danmark\" \/>\n<meta name=\"robots\" content=\"index, follow, max-snippet:-1, max-image-preview:large, max-video-preview:-1\" \/>\n<link rel=\"canonical\" href=\"https:\/\/onlinelotto365.com\/da\/spille\/eurojackpot\/\" \/>\n<meta property=\"og:locale\" content=\"da_DK\" \/>\n<meta property=\"og:type\" content=\"article\" \/>\n<meta property=\"og:title\" content=\"Eurojackpot for indbyggere i Danmark | Spil Eurojackpot online her\" \/>\n<meta property=\"og:description\" content=\"Den lovlige og nemme m\u00e5de at spille Eurojackpot online og fra Danmark\" \/>\n<meta property=\"og:url\" content=\"https:\/\/onlinelotto365.com\/da\/spille\/eurojackpot\/\" \/>\n<meta property=\"og:site_name\" content=\"OnlineLotto365\" \/>\n<meta property=\"article:modified_time\" content=\"2022-11-07T10:30:03+00:00\" \/>\n<meta property=\"og:image\" content=\"https:\/\/redfoxlotto.com\/image?size=8&amp;lottery=eurojackpot\" \/>\n<meta name=\"twitter:card\" content=\"summary_large_image\" \/>\n<meta name=\"twitter:label1\" content=\"Estimeret l\u00e6setid\" \/>\n\t<meta name=\"twitter:data1\" content=\"4 minutter\" \/>\n<script type=\"application\/ld+json\" class=\"yoast-schema-graph\">{\"@context\":\"https:\/\/schema.org\",\"@graph\":[{\"@type\":\"WebPage\",\"@id\":\"https:\/\/onlinelotto365.com\/da\/spille\/eurojackpot\/\",\"url\":\"https:\/\/onlinelotto365.com\/da\/spille\/eurojackpot\/\",\"name\":\"Eurojackpot for indbyggere i Danmark | Spil Eurojackpot online her\",\"isPartOf\":{\"@id\":\"https:\/\/onlinelotto365.com\/da\/#website\"},\"primaryImageOfPage\":{\"@id\":\"https:\/\/onlinelotto365.com\/da\/spille\/eurojackpot\/#primaryimage\"},\"image\":{\"@id\":\"https:\/\/onlinelotto365.com\/da\/spille\/eurojackpot\/#primaryimage\"},\"thumbnailUrl\":\"https:\/\/redfoxlotto.com\/image?size=8&amp;lottery=eurojackpot\",\"datePublished\":\"2020-12-16T06:35:25+00:00\",\"dateModified\":\"2022-11-07T10:30:03+00:00\",\"description\":\"Den lovlige og nemme m\u00e5de at spille Eurojackpot online og fra Danmark\",\"breadcrumb\":{\"@id\":\"https:\/\/onlinelotto365.com\/da\/spille\/eurojackpot\/#breadcrumb\"},\"inLanguage\":\"da-DK\",\"potentialAction\":[{\"@type\":\"ReadAction\",\"target\":[\"https:\/\/onlinelotto365.com\/da\/spille\/eurojackpot\/\"]}]},{\"@type\":\"ImageObject\",\"inLanguage\":\"da-DK\",\"@id\":\"https:\/\/onlinelotto365.com\/da\/spille\/eurojackpot\/#primaryimage\",\"url\":\"https:\/\/redfoxlotto.com\/image?size=8&amp;lottery=eurojackpot\",\"contentUrl\":\"https:\/\/redfoxlotto.com\/image?size=8&amp;lottery=eurojackpot\"},{\"@type\":\"BreadcrumbList\",\"@id\":\"https:\/\/onlinelotto365.com\/da\/spille\/eurojackpot\/#breadcrumb\",\"itemListElement\":[{\"@type\":\"ListItem\",\"position\":1,\"name\":\"Home\",\"item\":\"https:\/\/onlinelotto365.com\/da\/\"},{\"@type\":\"ListItem\",\"position\":2,\"name\":\"Alt, hvad du skal vide om dine muligheder for at spille de bedste lotterier online\",\"item\":\"https:\/\/onlinelotto365.com\/da\/spille\/\"},{\"@type\":\"ListItem\",\"position\":3,\"name\":\"Spil Eurojackpot med en onlinebillet\"}]},{\"@type\":\"WebSite\",\"@id\":\"https:\/\/onlinelotto365.com\/da\/#website\",\"url\":\"https:\/\/onlinelotto365.com\/da\/\",\"name\":\"OnlineLotto365\",\"description\":\"\",\"potentialAction\":[{\"@type\":\"SearchAction\",\"target\":{\"@type\":\"EntryPoint\",\"urlTemplate\":\"https:\/\/onlinelotto365.com\/da\/?s={search_term_string}\"},\"query-input\":{\"@type\":\"PropertyValueSpecification\",\"valueRequired\":true,\"valueName\":\"search_term_string\"}}],\"inLanguage\":\"da-DK\"}]}<\/script>\n<!-- \/ Yoast SEO plugin. -->","yoast_head_json":{"title":"Eurojackpot for indbyggere i Danmark | Spil Eurojackpot online her","description":"Den lovlige og nemme m\u00e5de at spille Eurojackpot online og fra Danmark","robots":{"index":"index","follow":"follow","max-snippet":"max-snippet:-1","max-image-preview":"max-image-preview:large","max-video-preview":"max-video-preview:-1"},"canonical":"https:\/\/onlinelotto365.com\/da\/spille\/eurojackpot\/","og_locale":"da_DK","og_type":"article","og_title":"Eurojackpot for indbyggere i Danmark | Spil Eurojackpot online her","og_description":"Den lovlige og nemme m\u00e5de at spille Eurojackpot online og fra Danmark","og_url":"https:\/\/onlinelotto365.com\/da\/spille\/eurojackpot\/","og_site_name":"OnlineLotto365","article_modified_time":"2022-11-07T10:30:03+00:00","og_image":[{"url":"https:\/\/redfoxlotto.com\/image?size=8&amp;lottery=eurojackpot"}],"twitter_card":"summary_large_image","twitter_misc":{"Estimeret l\u00e6setid":"4 minutter"},"schema":{"@context":"https:\/\/schema.org","@graph":[{"@type":"WebPage","@id":"https:\/\/onlinelotto365.com\/da\/spille\/eurojackpot\/","url":"https:\/\/onlinelotto365.com\/da\/spille\/eurojackpot\/","name":"Eurojackpot for indbyggere i Danmark | Spil Eurojackpot online her","isPartOf":{"@id":"https:\/\/onlinelotto365.com\/da\/#website"},"primaryImageOfPage":{"@id":"https:\/\/onlinelotto365.com\/da\/spille\/eurojackpot\/#primaryimage"},"image":{"@id":"https:\/\/onlinelotto365.com\/da\/spille\/eurojackpot\/#primaryimage"},"thumbnailUrl":"https:\/\/redfoxlotto.com\/image?size=8&amp;lottery=eurojackpot","datePublished":"2020-12-16T06:35:25+00:00","dateModified":"2022-11-07T10:30:03+00:00","description":"Den lovlige og nemme m\u00e5de at spille Eurojackpot online og fra Danmark","breadcrumb":{"@id":"https:\/\/onlinelotto365.com\/da\/spille\/eurojackpot\/#breadcrumb"},"inLanguage":"da-DK","potentialAction":[{"@type":"ReadAction","target":["https:\/\/onlinelotto365.com\/da\/spille\/eurojackpot\/"]}]},{"@type":"ImageObject","inLanguage":"da-DK","@id":"https:\/\/onlinelotto365.com\/da\/spille\/eurojackpot\/#primaryimage","url":"https:\/\/redfoxlotto.com\/image?size=8&amp;lottery=eurojackpot","contentUrl":"https:\/\/redfoxlotto.com\/image?size=8&amp;lottery=eurojackpot"},{"@type":"BreadcrumbList","@id":"https:\/\/onlinelotto365.com\/da\/spille\/eurojackpot\/#breadcrumb","itemListElement":[{"@type":"ListItem","position":1,"name":"Home","item":"https:\/\/onlinelotto365.com\/da\/"},{"@type":"ListItem","position":2,"name":"Alt, hvad du skal vide om dine muligheder for at spille de bedste lotterier online","item":"https:\/\/onlinelotto365.com\/da\/spille\/"},{"@type":"ListItem","position":3,"name":"Spil Eurojackpot med en onlinebillet"}]},{"@type":"WebSite","@id":"https:\/\/onlinelotto365.com\/da\/#website","url":"https:\/\/onlinelotto365.com\/da\/","name":"OnlineLotto365","description":"","potentialAction":[{"@type":"SearchAction","target":{"@type":"EntryPoint","urlTemplate":"https:\/\/onlinelotto365.com\/da\/?s={search_term_string}"},"query-input":{"@type":"PropertyValueSpecification","valueRequired":true,"valueName":"search_term_string"}}],"inLanguage":"da-DK"}]}},"_links":{"self":[{"href":"https:\/\/onlinelotto365.com\/da\/wp-json\/wp\/v2\/pages\/10029","targetHints":{"allow":["GET"]}}],"collection":[{"href":"https:\/\/onlinelotto365.com\/da\/wp-json\/wp\/v2\/pages"}],"about":[{"href":"https:\/\/onlinelotto365.com\/da\/wp-json\/wp\/v2\/types\/page"}],"author":[{"embeddable":true,"href":"https:\/\/onlinelotto365.com\/da\/wp-json\/wp\/v2\/users\/1"}],"replies":[{"embeddable":true,"href":"https:\/\/onlinelotto365.com\/da\/wp-json\/wp\/v2\/comments?post=10029"}],"version-history":[{"count":0,"href":"https:\/\/onlinelotto365.com\/da\/wp-json\/wp\/v2\/pages\/10029\/revisions"}],"up":[{"embeddable":true,"href":"https:\/\/onlinelotto365.com\/da\/wp-json\/wp\/v2\/pages\/5013"}],"wp:attachment":[{"href":"https:\/\/onlinelotto365.com\/da\/wp-json\/wp\/v2\/media?parent=10029"}],"curies":[{"name":"wp","href":"https:\/\/api.w.org\/{rel}","templated":true}]}}