{"id":10033,"date":"2020-12-16T07:38:16","date_gmt":"2020-12-16T06:38:16","guid":{"rendered":"http:\/\/onlinelotto365.net\/?page_id=10033"},"modified":"2022-11-08T14:05:34","modified_gmt":"2022-11-08T13:05:34","slug":"el-gordo","status":"publish","type":"page","link":"https:\/\/onlinelotto365.com\/da\/spille\/el-gordo\/","title":{"rendered":"Hvordan kan beboere i Danmark deltage i El Gordo?"},"content":{"rendered":"<h2>Spaniens mest popul\u00e6re El Gordo lotteri er nu tilg\u00e6ngeligt for os allesammen<\/h2>\n<p>Hvis du bor i Spanien, beh\u00f8ver jeg ikke at fort\u00e6lle dig, hvor sp\u00e6ndende El Gordo Lotto er. Men de fleste lotto-spillere bor ikke der, og de fleste har aldrig h\u00f8rt om Spaniens st\u00f8rste lotteri. Indtil for nyligt var det lige meget, siden man alligevel ikke kunne spille, da Spanien var det eneste sted, man kunne k\u00f8be lotterisedler til det.<br \/>\n<a href=\"https:\/\/redfoxlotto.com\/play\/el-gordo-primitiva\/?ref=a8564250a2&amp;medium=ol365\" target=\"_blank\" rel=\"noopener noreferrer\"><img decoding=\"async\" class=\"aligncenter\" src=\"https:\/\/redfoxlotto.com\/image?size=8&amp;lottery=el-gordo-primitiva\" alt=\"el gordo la primitiva\" \/><\/a><\/p>\n<p>Men nu om dage, via internettets trylleri, morer over 150.000 spillere fra over 140 lande sig med at spille El Gordo. I dag er det eneste, du skal g\u00f8re for at k\u00f8be billetter, at finde ud af, hvor de kan k\u00f8bes online. Det er det, vi er her for at hj\u00e6lpe dig med.<\/p>\n<h2>Om El Gordo<\/h2>\n<ul>\n<li>Land: Spanien<\/li>\n<li><span style=\"font-size: 16px;\"> Omr\u00e5de til hovednumre: 54 <\/span><\/li>\n<li>Du v\u00e6lger: 5<\/li>\n<li>Omr\u00e5de til ekstra tal: ingen<\/li>\n<li>Du v\u00e6lger: ingen<\/li>\n<li>Draw dage, timer: s\u00f8ndag, 21.30 CET, 21.30 CET<\/li>\n<li>Minimum jackpot: \u20ac 4 millioner<\/li>\n<li>Jackpot maksimalt begr\u00e6nset: intet maksimum<\/li>\n<li>Sandsynligheden for at vinde jackpotten: 1 ud af 31.625.100<\/li>\n<li>Sandsynligheden for en r\u00e6kke 2-sejr: 1 p\u00e5 3.513.900<\/li>\n<li>Sandsynligheden for at vinde i et hvilket som helst niveau: 1 ud af 6,16<\/li>\n<li>S\u00e6rlige begivenheder for El Gordo: Julespecial<\/li>\n<\/ul>\n<p>Som i mange store lotterier er der to dele af lodtr\u00e6kningen. Den f\u00f8rste best\u00e5r i at v\u00e6lge 5 numre blandt 54 numre. Hvis du g\u00f8r det, er der en meget stor pr\u00e6mie, der allerede venter p\u00e5 dig. Hvis du derefter b\u00e5de matcher dine 5 numre plus matcher dit n\u00f8gletal mellem 1 og 9, har du gjort det og har ramt den store jackpot.<\/p>\n<p>Der er i alt 9 forskellige pr\u00e6miekategorier med El Gordo, startende med blot at matche det afg\u00f8rende nummer mellem 1 og 9, helt op til den store gevinst. S\u00e5 selv om vi alle virkelig gerne vil vinde jackpots, er det bestemt rart, n\u00e5r du vinder en pr\u00e6mie af et hvilket som helst bel\u00f8b, og Spaniens mest popul\u00e6re lotteri giver dig en endnu bedre chance for at tr\u00e6kke dette end nogle andre lotterier.<\/p>\n<p>I mods\u00e6tning til nogle andre lande er lotterigevinster i Spanien ogs\u00e5 skattefrie. Du skal m\u00e5ske eller m\u00e5ske ikke indberette dine gevinster til regeringen, afh\u00e6ngigt af hvor du bor, men nogle steder tilbageholdes der skat af lotterigevinster, selv om lotterigevinster m\u00e5ske er skattefrie i dit land. Selv om du kan f\u00e5 disse penge tilbage, er det en ulempe, som du ikke beh\u00f8ver at bekymre dig om med El Gordo.<\/p>\n<p>Men selv i lande, der g\u00f8r dette, n\u00e5r du rammer jackpotten, vil de penge, som du f\u00e5r p\u00e5 forh\u00e5nd med eller uden skatte tilbageholdelse, helt sikkert holde dig i lang tid alligevel, s\u00e5 dette b\u00f8r ikke rigtig bekymre dig. Du b\u00f8r heller ikke v\u00e6re n\u00f8dt til at tage en tur til Spanien for at hente dine millioner. Du skal nok rejse meget mere end det, og du kan lige s\u00e5 godt starte din karriere som jetsetter med denne rejse.<\/p>\n<h2>Hvorfor g\u00e5 glip af El Gordo, da du ikke beh\u00f8ver det nu?<\/h2>\n<p>I \u00e5revis har du haft en god undskyldning for ikke at spille El Gordo Lotto, fordi du bor i Bulgarien og ikke i Spanien. Dette er dog heldigvis ikke l\u00e6ngere tilf\u00e6ldet. Hvem ved, hvor mange penge du kunne have vundet, hvis du havde spillet dette og alle de andre st\u00f8rste lotterier i verden hele tiden?<\/p>\n<p>Det beh\u00f8ver du ikke l\u00e6ngere at spekulere over, for vi bringer nu El Gordo direkte hjem til dig, lige der hvor du sidder lige nu. Jeg ved, at du elsker at spille i lotteriet, ellers ville du ikke l\u00e6se dette. Hvorfor ikke fork\u00e6le dig selv med en El Gordo-lodseddel lige nu? Mens du er i gang, hvorfor tjekker du s\u00e5 ikke alt det andet, vi har at tilbyde dig?<\/p>\n<h2>S\u00e5dan tjekker du El Gordo-resultaterne<\/h2>\n<p>Du kan vende tilbage her for at tjekke de vindende numre og sammenligne dem med dine El Gordo-lodder. Vi vil vise dig de seneste vindertal side om side med tallene p\u00e5 din egen billet. Du kan selvf\u00f8lgelig ogs\u00e5 se, hvor meget du har vundet, hvis du har vundet.<\/p>\n<p>At f\u00e5 dine gevinster ind p\u00e5 din konto er ogs\u00e5 en del af vores service. Hvordan du bliver betalt afh\u00e6nger af, hvor meget du har vundet. Vi tager ikke nogen penge fra din gevinst for denne service.<\/p>\n","protected":false},"excerpt":{"rendered":"<p>Spaniens mest popul\u00e6re El Gordo lotteri er nu tilg\u00e6ngeligt for os allesammen Hvis du bor i Spanien, beh\u00f8ver jeg ikke at fort\u00e6lle dig, hvor sp\u00e6ndende El Gordo Lotto er. Men de fleste lotto-spillere bor ikke der, og de fleste har aldrig h\u00f8rt om Spaniens st\u00f8rste lotteri. Indtil for nyligt var det lige meget, siden man [&hellip;]<\/p>\n","protected":false},"author":1,"featured_media":0,"parent":5013,"menu_order":6,"comment_status":"closed","ping_status":"closed","template":"el-gordo.php","meta":{"_et_pb_use_builder":"","_et_pb_old_content":"","_et_gb_content_width":"","exclude_from_search":false,"footnotes":""},"class_list":["post-10033","page","type-page","status-publish","hentry"],"yoast_head":"<!-- This site is optimized with the Yoast SEO plugin v23.4 - https:\/\/yoast.com\/wordpress\/plugins\/seo\/ -->\n<title>Spil El Gordo online fra Danmark | Kan jeg deltage i El Gordo<\/title>\n<meta name=\"description\" content=\"Spil El Gordo Lotto her - Spaniens st\u00f8rste lotteri, tilg\u00e6ngeligt online fra Danmark\" \/>\n<meta name=\"robots\" content=\"index, follow, max-snippet:-1, max-image-preview:large, max-video-preview:-1\" \/>\n<link rel=\"canonical\" href=\"https:\/\/onlinelotto365.com\/da\/spille\/el-gordo\/\" \/>\n<meta property=\"og:locale\" content=\"da_DK\" \/>\n<meta property=\"og:type\" content=\"article\" \/>\n<meta property=\"og:title\" content=\"Spil El Gordo online fra Danmark | Kan jeg deltage i El Gordo\" \/>\n<meta property=\"og:description\" content=\"Spil El Gordo Lotto her - Spaniens st\u00f8rste lotteri, tilg\u00e6ngeligt online fra Danmark\" \/>\n<meta property=\"og:url\" content=\"https:\/\/onlinelotto365.com\/da\/spille\/el-gordo\/\" \/>\n<meta property=\"og:site_name\" content=\"OnlineLotto365\" \/>\n<meta property=\"article:modified_time\" content=\"2022-11-08T13:05:34+00:00\" \/>\n<meta property=\"og:image\" content=\"https:\/\/redfoxlotto.com\/image?size=8&amp;lottery=el-gordo-primitiva\" \/>\n<meta name=\"twitter:card\" content=\"summary_large_image\" \/>\n<meta name=\"twitter:label1\" content=\"Estimeret l\u00e6setid\" \/>\n\t<meta name=\"twitter:data1\" content=\"4 minutter\" \/>\n<script type=\"application\/ld+json\" class=\"yoast-schema-graph\">{\"@context\":\"https:\/\/schema.org\",\"@graph\":[{\"@type\":\"WebPage\",\"@id\":\"https:\/\/onlinelotto365.com\/da\/spille\/el-gordo\/\",\"url\":\"https:\/\/onlinelotto365.com\/da\/spille\/el-gordo\/\",\"name\":\"Spil El Gordo online fra Danmark | Kan jeg deltage i El Gordo\",\"isPartOf\":{\"@id\":\"https:\/\/onlinelotto365.com\/da\/#website\"},\"primaryImageOfPage\":{\"@id\":\"https:\/\/onlinelotto365.com\/da\/spille\/el-gordo\/#primaryimage\"},\"image\":{\"@id\":\"https:\/\/onlinelotto365.com\/da\/spille\/el-gordo\/#primaryimage\"},\"thumbnailUrl\":\"https:\/\/redfoxlotto.com\/image?size=8&amp;lottery=el-gordo-primitiva\",\"datePublished\":\"2020-12-16T06:38:16+00:00\",\"dateModified\":\"2022-11-08T13:05:34+00:00\",\"description\":\"Spil El Gordo Lotto her - Spaniens st\u00f8rste lotteri, tilg\u00e6ngeligt online fra Danmark\",\"breadcrumb\":{\"@id\":\"https:\/\/onlinelotto365.com\/da\/spille\/el-gordo\/#breadcrumb\"},\"inLanguage\":\"da-DK\",\"potentialAction\":[{\"@type\":\"ReadAction\",\"target\":[\"https:\/\/onlinelotto365.com\/da\/spille\/el-gordo\/\"]}]},{\"@type\":\"ImageObject\",\"inLanguage\":\"da-DK\",\"@id\":\"https:\/\/onlinelotto365.com\/da\/spille\/el-gordo\/#primaryimage\",\"url\":\"https:\/\/redfoxlotto.com\/image?size=8&amp;lottery=el-gordo-primitiva\",\"contentUrl\":\"https:\/\/redfoxlotto.com\/image?size=8&amp;lottery=el-gordo-primitiva\"},{\"@type\":\"BreadcrumbList\",\"@id\":\"https:\/\/onlinelotto365.com\/da\/spille\/el-gordo\/#breadcrumb\",\"itemListElement\":[{\"@type\":\"ListItem\",\"position\":1,\"name\":\"Home\",\"item\":\"https:\/\/onlinelotto365.com\/da\/\"},{\"@type\":\"ListItem\",\"position\":2,\"name\":\"Alt, hvad du skal vide om dine muligheder for at spille de bedste lotterier online\",\"item\":\"https:\/\/onlinelotto365.com\/da\/spille\/\"},{\"@type\":\"ListItem\",\"position\":3,\"name\":\"Hvordan kan beboere i Danmark deltage i El Gordo?\"}]},{\"@type\":\"WebSite\",\"@id\":\"https:\/\/onlinelotto365.com\/da\/#website\",\"url\":\"https:\/\/onlinelotto365.com\/da\/\",\"name\":\"OnlineLotto365\",\"description\":\"\",\"potentialAction\":[{\"@type\":\"SearchAction\",\"target\":{\"@type\":\"EntryPoint\",\"urlTemplate\":\"https:\/\/onlinelotto365.com\/da\/?s={search_term_string}\"},\"query-input\":{\"@type\":\"PropertyValueSpecification\",\"valueRequired\":true,\"valueName\":\"search_term_string\"}}],\"inLanguage\":\"da-DK\"}]}<\/script>\n<!-- \/ Yoast SEO plugin. -->","yoast_head_json":{"title":"Spil El Gordo online fra Danmark | Kan jeg deltage i El Gordo","description":"Spil El Gordo Lotto her - Spaniens st\u00f8rste lotteri, tilg\u00e6ngeligt online fra Danmark","robots":{"index":"index","follow":"follow","max-snippet":"max-snippet:-1","max-image-preview":"max-image-preview:large","max-video-preview":"max-video-preview:-1"},"canonical":"https:\/\/onlinelotto365.com\/da\/spille\/el-gordo\/","og_locale":"da_DK","og_type":"article","og_title":"Spil El Gordo online fra Danmark | Kan jeg deltage i El Gordo","og_description":"Spil El Gordo Lotto her - Spaniens st\u00f8rste lotteri, tilg\u00e6ngeligt online fra Danmark","og_url":"https:\/\/onlinelotto365.com\/da\/spille\/el-gordo\/","og_site_name":"OnlineLotto365","article_modified_time":"2022-11-08T13:05:34+00:00","og_image":[{"url":"https:\/\/redfoxlotto.com\/image?size=8&amp;lottery=el-gordo-primitiva"}],"twitter_card":"summary_large_image","twitter_misc":{"Estimeret l\u00e6setid":"4 minutter"},"schema":{"@context":"https:\/\/schema.org","@graph":[{"@type":"WebPage","@id":"https:\/\/onlinelotto365.com\/da\/spille\/el-gordo\/","url":"https:\/\/onlinelotto365.com\/da\/spille\/el-gordo\/","name":"Spil El Gordo online fra Danmark | Kan jeg deltage i El Gordo","isPartOf":{"@id":"https:\/\/onlinelotto365.com\/da\/#website"},"primaryImageOfPage":{"@id":"https:\/\/onlinelotto365.com\/da\/spille\/el-gordo\/#primaryimage"},"image":{"@id":"https:\/\/onlinelotto365.com\/da\/spille\/el-gordo\/#primaryimage"},"thumbnailUrl":"https:\/\/redfoxlotto.com\/image?size=8&amp;lottery=el-gordo-primitiva","datePublished":"2020-12-16T06:38:16+00:00","dateModified":"2022-11-08T13:05:34+00:00","description":"Spil El Gordo Lotto her - Spaniens st\u00f8rste lotteri, tilg\u00e6ngeligt online fra Danmark","breadcrumb":{"@id":"https:\/\/onlinelotto365.com\/da\/spille\/el-gordo\/#breadcrumb"},"inLanguage":"da-DK","potentialAction":[{"@type":"ReadAction","target":["https:\/\/onlinelotto365.com\/da\/spille\/el-gordo\/"]}]},{"@type":"ImageObject","inLanguage":"da-DK","@id":"https:\/\/onlinelotto365.com\/da\/spille\/el-gordo\/#primaryimage","url":"https:\/\/redfoxlotto.com\/image?size=8&amp;lottery=el-gordo-primitiva","contentUrl":"https:\/\/redfoxlotto.com\/image?size=8&amp;lottery=el-gordo-primitiva"},{"@type":"BreadcrumbList","@id":"https:\/\/onlinelotto365.com\/da\/spille\/el-gordo\/#breadcrumb","itemListElement":[{"@type":"ListItem","position":1,"name":"Home","item":"https:\/\/onlinelotto365.com\/da\/"},{"@type":"ListItem","position":2,"name":"Alt, hvad du skal vide om dine muligheder for at spille de bedste lotterier online","item":"https:\/\/onlinelotto365.com\/da\/spille\/"},{"@type":"ListItem","position":3,"name":"Hvordan kan beboere i Danmark deltage i El Gordo?"}]},{"@type":"WebSite","@id":"https:\/\/onlinelotto365.com\/da\/#website","url":"https:\/\/onlinelotto365.com\/da\/","name":"OnlineLotto365","description":"","potentialAction":[{"@type":"SearchAction","target":{"@type":"EntryPoint","urlTemplate":"https:\/\/onlinelotto365.com\/da\/?s={search_term_string}"},"query-input":{"@type":"PropertyValueSpecification","valueRequired":true,"valueName":"search_term_string"}}],"inLanguage":"da-DK"}]}},"_links":{"self":[{"href":"https:\/\/onlinelotto365.com\/da\/wp-json\/wp\/v2\/pages\/10033","targetHints":{"allow":["GET"]}}],"collection":[{"href":"https:\/\/onlinelotto365.com\/da\/wp-json\/wp\/v2\/pages"}],"about":[{"href":"https:\/\/onlinelotto365.com\/da\/wp-json\/wp\/v2\/types\/page"}],"author":[{"embeddable":true,"href":"https:\/\/onlinelotto365.com\/da\/wp-json\/wp\/v2\/users\/1"}],"replies":[{"embeddable":true,"href":"https:\/\/onlinelotto365.com\/da\/wp-json\/wp\/v2\/comments?post=10033"}],"version-history":[{"count":0,"href":"https:\/\/onlinelotto365.com\/da\/wp-json\/wp\/v2\/pages\/10033\/revisions"}],"up":[{"embeddable":true,"href":"https:\/\/onlinelotto365.com\/da\/wp-json\/wp\/v2\/pages\/5013"}],"wp:attachment":[{"href":"https:\/\/onlinelotto365.com\/da\/wp-json\/wp\/v2\/media?parent=10033"}],"curies":[{"name":"wp","href":"https:\/\/api.w.org\/{rel}","templated":true}]}}