{"id":10055,"date":"2020-12-16T07:53:21","date_gmt":"2020-12-16T06:53:21","guid":{"rendered":"http:\/\/onlinelotto365.net\/?page_id=10055"},"modified":"2022-11-10T08:56:59","modified_gmt":"2022-11-10T07:56:59","slug":"powerball","status":"publish","type":"page","link":"https:\/\/onlinelotto365.com\/da\/koebe-billetter\/powerball\/","title":{"rendered":"S\u00e5dan k\u00f8ber du Powerball-billetter online fra Danmark"},"content":{"rendered":"<p>Det er naturligvis internettet, der g\u00f8r det muligt for dig at f\u00e5 en billet til de store amerikanske lotterier online. Du beh\u00f8ver ikke at bo i USA for at deltage og have en chance for at vinde de utrolige jackpots. Du kan k\u00f8be din billet fra Danmark, ved hj\u00e6lp af vores online service.<\/p>\n<p>Du kan f\u00f8rst registrere en konto hos os, og derefter v\u00e6lge et af vores lotterier og v\u00e6lge dine numre. Eller du kan bare tjekke lotterierne f\u00f8rst og oprette lodder med dine numre. N\u00e5r du er tilfreds med dit valg, kan du foretage kassen. P\u00e5 det tidspunkt vil du blive bedt om at oprette en konto.<\/p>\n<p>I begge tilf\u00e6lde skal du tjekke din e-mailindbakke, n\u00e5r du har registreret din nye konto. Du vil f\u00e5 en bekr\u00e6ftelsesmail med et link i den. Klik p\u00e5 dette link for at bekr\u00e6fte din e-mailadresse. N\u00e5r du har gjort dette, er din konto aktiveret. Hvis du ikke kan finde bekr\u00e6ftelsesmailen, skal du tjekke din spam-mappe. N\u00e5r du har fundet e-mailen, er det vigtigt, at du markerer den som &#8220;ikke spam&#8221; eller &#8220;ikke junk&#8221;. Det sikrer, at fremtidige e-mails fra os ikke havner i din spam-mappe. Forestil dig, at du g\u00e5r glip af en gevinst, fordi du ikke har modtaget e-mailen med besked om den!<br \/>\n<a href=\"https:\/\/redfoxlotto.com\/play\/powerball\/?ref=a8564250a2&amp;medium=ol365\" target=\"_blank\" rel=\"noopener noreferrer\"><img loading=\"lazy\" decoding=\"async\" class=\"aligncenter\" src=\"https:\/\/redfoxlotto.com\/image?size=8&amp;lottery=powerball\" alt=\"powerball\" width=\"793\" height=\"98\" \/><\/a><\/p>\n<h2>S\u00e5dan betaler du for din Powerball-billet online<\/h2>\n<p>Der er to m\u00e5der at betale for de online-lotterisedler, du \u00f8nsker.<\/p>\n<ul>\n<li>For det f\u00f8rste kan du foretage en indbetaling p\u00e5 din konto. Derefter kan du k\u00f8be s\u00e5 mange lodder, som du vil, og bruge din saldo til at betale for dem.<\/li>\n<li>For det andet v\u00e6lger du f\u00f8rst dine lodder og betaler derefter for det bel\u00f8b, du bestiller.<\/li>\n<\/ul>\n<p>Der er en r\u00e6kke betalingsmuligheder til r\u00e5dighed for dig, og de er alle sikkert krypterede. De mest popul\u00e6re metoder er kreditkort og Bitcoin.<\/p>\n<h2>Mere info om Powerball<\/h2>\n<ul>\n<li>Lotteriet afholdes hvor: USA<\/li>\n<li>Hvor mange hovedtal at v\u00e6lge imellem: 69<\/li>\n<li>Du skal v\u00e6lge: 5<\/li>\n<li>Hvor mange ekstra numre skal du v\u00e6lge mellem: 26<\/li>\n<li>Du skal v\u00e6lge: 1<\/li>\n<li>Tr\u00e6k dage, timer: Onsdag, l\u00f8rdag, kl. 21:00 EST, +1 dag kl. 3:00 CET<\/li>\n<li>Mindste jackpot: 40 millioner dollars<\/li>\n<li>Maksimalt jackpotbel\u00f8b: ingen<\/li>\n<li>Mulige talkombinationer for en jackpotgevinst: 1 i 175.223.510<\/li>\n<li>Mulig talkombination for en gevinst p\u00e5 niveau 2: 1 i 5.006.386<\/li>\n<li>Sandsynlighed for at vinde i alle niveauer: 1 p\u00e5 24,87<\/li>\n<li>Hvor mange pr\u00e6mieniveauer: 9<\/li>\n<\/ul>\n<p>For blot kort tid siden, den 13. februar 2016, blev den st\u00f8rste amerikanske lotterijackpot i historien vundet af tre heldige spillere. Med en utrolig jackpotst\u00f8rrelse p\u00e5 i alt 1,5 milliarder amerikanske dollars brugte lottofans i hele USA timevis p\u00e5 at st\u00e5 i k\u00f8 for at f\u00e5 en kupon. Men hvad med lottospillere fra Danmark? Var de udelukket fra at f\u00e5 en Powerball-lodseddel, medmindre de faktisk var i USA p\u00e5 det p\u00e5g\u00e6ldende tidspunkt? Nej, det var de ikke &#8211; hvis de havde vidst, at man faktisk kan spille Powerball eller Mega Millions-lotto fra Danmark!<\/p>\n<h2>Fordele ved at k\u00f8be Powerball-billetter online<\/h2>\n<p><img loading=\"lazy\" decoding=\"async\" class=\"size-medium wp-image-1356 alignright\" src=\"https:\/\/onlinelotto365.com\/wp-content\/uploads\/2020\/11\/online_lottery-117-300x217.jpg\" alt=\"spille powerball online\" width=\"300\" height=\"217\" \/><br \/>\nGennem denne online-lotteribilletkurertjeneste kan du k\u00f8be billetter til over 20 af de st\u00f8rste lotterier p\u00e5 denne planet. Selvom du m\u00e5ske bor i Danmark, kan du v\u00e6lge lotterier, der tr\u00e6kkes i andre lande. Hvis du ikke bor i Danmark, men gerne vil have en billet til Danmarkslotteriet, er det selvf\u00f8lgelig ogs\u00e5 noget, du kan g\u00f8re online!<\/p>\n<h2>Er det lovligt at k\u00f8be Powerball-lodder online?<\/h2>\n<p>Det er vigtigt at vide, at dette er en lovlig og p\u00e5lidelig billetbuddetjeneste. Ved at k\u00f8be en lottokupon online f\u00e5r du en kontrakt med selve lotteriet &#8211; hvilket sikrer, at de penge, som du m\u00e5ske vinder, kommer fra dem!<\/p>\n<h2>Hvordan bliver jeg betalt, hvis jeg vinder Powerball online?<\/h2>\n<p>Hvis du vinder, afh\u00e6nger proceduren for udbetaling af det bel\u00f8b, du har vundet. Mindre bel\u00f8b under 2.500 \u20ac vil blive krediteret din onlinekonto. Du kan enten udbetale disse penge eller bruge dem til at k\u00f8be flere online lottokuponer. Hvis du skulle vinde et st\u00f8rre bel\u00f8b, sender vi dig en formular, som du skal udfylde og sende tilbage til os pr. e-mail. Vi sender derefter formularen til lottokommissionen, og de udbetaler dig. Denne service er gratis for dig.<\/p>\n<p>Hvis du vinder Powerball-jackpotten med din onlinebillet, skal du tr\u00e6ffe et valg. Du kan enten f\u00e5 en engangsudbetaling, som vil v\u00e6re lavere end den faktiske jackpot, eller du kan blive betalt i 30 \u00e5rlige rater plus renter.<\/p>\n","protected":false},"excerpt":{"rendered":"<p>Det er naturligvis internettet, der g\u00f8r det muligt for dig at f\u00e5 en billet til de store amerikanske lotterier online. Du beh\u00f8ver ikke at bo i USA for at deltage og have en chance for at vinde de utrolige jackpots. Du kan k\u00f8be din billet fra Danmark, ved hj\u00e6lp af vores online service. Du kan [&hellip;]<\/p>\n","protected":false},"author":1,"featured_media":0,"parent":5567,"menu_order":0,"comment_status":"closed","ping_status":"closed","template":"powerball-usa-info.php","meta":{"_et_pb_use_builder":"","_et_pb_old_content":"","_et_gb_content_width":"","exclude_from_search":false,"footnotes":""},"class_list":["post-10055","page","type-page","status-publish","hentry"],"yoast_head":"<!-- This site is optimized with the Yoast SEO plugin v23.4 - https:\/\/yoast.com\/wordpress\/plugins\/seo\/ -->\n<title>K\u00f8b billetter til Powerball online fra Danmark | Om Powerball, hvordan man k\u00f8ber billetter online<\/title>\n<meta name=\"description\" content=\"Det er nu nemt at k\u00f8be billetter til det ber\u00f8mte Powerball-lotteri, f\u00e5 dem online fra Danmark og andre steder\" \/>\n<meta name=\"robots\" content=\"index, follow, max-snippet:-1, max-image-preview:large, max-video-preview:-1\" \/>\n<link rel=\"canonical\" href=\"https:\/\/onlinelotto365.com\/da\/koebe-billetter\/powerball\/\" \/>\n<meta property=\"og:locale\" content=\"da_DK\" \/>\n<meta property=\"og:type\" content=\"article\" \/>\n<meta property=\"og:title\" content=\"K\u00f8b billetter til Powerball online fra Danmark | Om Powerball, hvordan man k\u00f8ber billetter online\" \/>\n<meta property=\"og:description\" content=\"Det er nu nemt at k\u00f8be billetter til det ber\u00f8mte Powerball-lotteri, f\u00e5 dem online fra Danmark og andre steder\" \/>\n<meta property=\"og:url\" content=\"https:\/\/onlinelotto365.com\/da\/koebe-billetter\/powerball\/\" \/>\n<meta property=\"og:site_name\" content=\"OnlineLotto365\" \/>\n<meta property=\"article:modified_time\" content=\"2022-11-10T07:56:59+00:00\" \/>\n<meta property=\"og:image\" content=\"https:\/\/redfoxlotto.com\/image?size=8&amp;lottery=powerball\" \/>\n<meta name=\"twitter:card\" content=\"summary_large_image\" \/>\n<meta name=\"twitter:label1\" content=\"Estimeret l\u00e6setid\" \/>\n\t<meta name=\"twitter:data1\" content=\"4 minutter\" \/>\n<script type=\"application\/ld+json\" class=\"yoast-schema-graph\">{\"@context\":\"https:\/\/schema.org\",\"@graph\":[{\"@type\":\"WebPage\",\"@id\":\"https:\/\/onlinelotto365.com\/da\/koebe-billetter\/powerball\/\",\"url\":\"https:\/\/onlinelotto365.com\/da\/koebe-billetter\/powerball\/\",\"name\":\"K\u00f8b billetter til Powerball online fra Danmark | Om Powerball, hvordan man k\u00f8ber billetter online\",\"isPartOf\":{\"@id\":\"https:\/\/onlinelotto365.com\/da\/#website\"},\"primaryImageOfPage\":{\"@id\":\"https:\/\/onlinelotto365.com\/da\/koebe-billetter\/powerball\/#primaryimage\"},\"image\":{\"@id\":\"https:\/\/onlinelotto365.com\/da\/koebe-billetter\/powerball\/#primaryimage\"},\"thumbnailUrl\":\"https:\/\/redfoxlotto.com\/image?size=8&amp;lottery=powerball\",\"datePublished\":\"2020-12-16T06:53:21+00:00\",\"dateModified\":\"2022-11-10T07:56:59+00:00\",\"description\":\"Det er nu nemt at k\u00f8be billetter til det ber\u00f8mte Powerball-lotteri, f\u00e5 dem online fra Danmark og andre steder\",\"breadcrumb\":{\"@id\":\"https:\/\/onlinelotto365.com\/da\/koebe-billetter\/powerball\/#breadcrumb\"},\"inLanguage\":\"da-DK\",\"potentialAction\":[{\"@type\":\"ReadAction\",\"target\":[\"https:\/\/onlinelotto365.com\/da\/koebe-billetter\/powerball\/\"]}]},{\"@type\":\"ImageObject\",\"inLanguage\":\"da-DK\",\"@id\":\"https:\/\/onlinelotto365.com\/da\/koebe-billetter\/powerball\/#primaryimage\",\"url\":\"https:\/\/redfoxlotto.com\/image?size=8&amp;lottery=powerball\",\"contentUrl\":\"https:\/\/redfoxlotto.com\/image?size=8&amp;lottery=powerball\"},{\"@type\":\"BreadcrumbList\",\"@id\":\"https:\/\/onlinelotto365.com\/da\/koebe-billetter\/powerball\/#breadcrumb\",\"itemListElement\":[{\"@type\":\"ListItem\",\"position\":1,\"name\":\"Home\",\"item\":\"https:\/\/onlinelotto365.com\/da\/\"},{\"@type\":\"ListItem\",\"position\":2,\"name\":\"At spille verdensomsp\u00e6ndende Lotto\",\"item\":\"https:\/\/onlinelotto365.com\/da\/buy-tickets\/\"},{\"@type\":\"ListItem\",\"position\":3,\"name\":\"S\u00e5dan k\u00f8ber du Powerball-billetter online fra Danmark\"}]},{\"@type\":\"WebSite\",\"@id\":\"https:\/\/onlinelotto365.com\/da\/#website\",\"url\":\"https:\/\/onlinelotto365.com\/da\/\",\"name\":\"OnlineLotto365\",\"description\":\"\",\"potentialAction\":[{\"@type\":\"SearchAction\",\"target\":{\"@type\":\"EntryPoint\",\"urlTemplate\":\"https:\/\/onlinelotto365.com\/da\/?s={search_term_string}\"},\"query-input\":{\"@type\":\"PropertyValueSpecification\",\"valueRequired\":true,\"valueName\":\"search_term_string\"}}],\"inLanguage\":\"da-DK\"}]}<\/script>\n<!-- \/ Yoast SEO plugin. -->","yoast_head_json":{"title":"K\u00f8b billetter til Powerball online fra Danmark | Om Powerball, hvordan man k\u00f8ber billetter online","description":"Det er nu nemt at k\u00f8be billetter til det ber\u00f8mte Powerball-lotteri, f\u00e5 dem online fra Danmark og andre steder","robots":{"index":"index","follow":"follow","max-snippet":"max-snippet:-1","max-image-preview":"max-image-preview:large","max-video-preview":"max-video-preview:-1"},"canonical":"https:\/\/onlinelotto365.com\/da\/koebe-billetter\/powerball\/","og_locale":"da_DK","og_type":"article","og_title":"K\u00f8b billetter til Powerball online fra Danmark | Om Powerball, hvordan man k\u00f8ber billetter online","og_description":"Det er nu nemt at k\u00f8be billetter til det ber\u00f8mte Powerball-lotteri, f\u00e5 dem online fra Danmark og andre steder","og_url":"https:\/\/onlinelotto365.com\/da\/koebe-billetter\/powerball\/","og_site_name":"OnlineLotto365","article_modified_time":"2022-11-10T07:56:59+00:00","og_image":[{"url":"https:\/\/redfoxlotto.com\/image?size=8&amp;lottery=powerball"}],"twitter_card":"summary_large_image","twitter_misc":{"Estimeret l\u00e6setid":"4 minutter"},"schema":{"@context":"https:\/\/schema.org","@graph":[{"@type":"WebPage","@id":"https:\/\/onlinelotto365.com\/da\/koebe-billetter\/powerball\/","url":"https:\/\/onlinelotto365.com\/da\/koebe-billetter\/powerball\/","name":"K\u00f8b billetter til Powerball online fra Danmark | Om Powerball, hvordan man k\u00f8ber billetter online","isPartOf":{"@id":"https:\/\/onlinelotto365.com\/da\/#website"},"primaryImageOfPage":{"@id":"https:\/\/onlinelotto365.com\/da\/koebe-billetter\/powerball\/#primaryimage"},"image":{"@id":"https:\/\/onlinelotto365.com\/da\/koebe-billetter\/powerball\/#primaryimage"},"thumbnailUrl":"https:\/\/redfoxlotto.com\/image?size=8&amp;lottery=powerball","datePublished":"2020-12-16T06:53:21+00:00","dateModified":"2022-11-10T07:56:59+00:00","description":"Det er nu nemt at k\u00f8be billetter til det ber\u00f8mte Powerball-lotteri, f\u00e5 dem online fra Danmark og andre steder","breadcrumb":{"@id":"https:\/\/onlinelotto365.com\/da\/koebe-billetter\/powerball\/#breadcrumb"},"inLanguage":"da-DK","potentialAction":[{"@type":"ReadAction","target":["https:\/\/onlinelotto365.com\/da\/koebe-billetter\/powerball\/"]}]},{"@type":"ImageObject","inLanguage":"da-DK","@id":"https:\/\/onlinelotto365.com\/da\/koebe-billetter\/powerball\/#primaryimage","url":"https:\/\/redfoxlotto.com\/image?size=8&amp;lottery=powerball","contentUrl":"https:\/\/redfoxlotto.com\/image?size=8&amp;lottery=powerball"},{"@type":"BreadcrumbList","@id":"https:\/\/onlinelotto365.com\/da\/koebe-billetter\/powerball\/#breadcrumb","itemListElement":[{"@type":"ListItem","position":1,"name":"Home","item":"https:\/\/onlinelotto365.com\/da\/"},{"@type":"ListItem","position":2,"name":"At spille verdensomsp\u00e6ndende Lotto","item":"https:\/\/onlinelotto365.com\/da\/buy-tickets\/"},{"@type":"ListItem","position":3,"name":"S\u00e5dan k\u00f8ber du Powerball-billetter online fra Danmark"}]},{"@type":"WebSite","@id":"https:\/\/onlinelotto365.com\/da\/#website","url":"https:\/\/onlinelotto365.com\/da\/","name":"OnlineLotto365","description":"","potentialAction":[{"@type":"SearchAction","target":{"@type":"EntryPoint","urlTemplate":"https:\/\/onlinelotto365.com\/da\/?s={search_term_string}"},"query-input":{"@type":"PropertyValueSpecification","valueRequired":true,"valueName":"search_term_string"}}],"inLanguage":"da-DK"}]}},"_links":{"self":[{"href":"https:\/\/onlinelotto365.com\/da\/wp-json\/wp\/v2\/pages\/10055","targetHints":{"allow":["GET"]}}],"collection":[{"href":"https:\/\/onlinelotto365.com\/da\/wp-json\/wp\/v2\/pages"}],"about":[{"href":"https:\/\/onlinelotto365.com\/da\/wp-json\/wp\/v2\/types\/page"}],"author":[{"embeddable":true,"href":"https:\/\/onlinelotto365.com\/da\/wp-json\/wp\/v2\/users\/1"}],"replies":[{"embeddable":true,"href":"https:\/\/onlinelotto365.com\/da\/wp-json\/wp\/v2\/comments?post=10055"}],"version-history":[{"count":0,"href":"https:\/\/onlinelotto365.com\/da\/wp-json\/wp\/v2\/pages\/10055\/revisions"}],"up":[{"embeddable":true,"href":"https:\/\/onlinelotto365.com\/da\/wp-json\/wp\/v2\/pages\/5567"}],"wp:attachment":[{"href":"https:\/\/onlinelotto365.com\/da\/wp-json\/wp\/v2\/media?parent=10055"}],"curies":[{"name":"wp","href":"https:\/\/api.w.org\/{rel}","templated":true}]}}