{"id":10059,"date":"2020-12-16T07:57:20","date_gmt":"2020-12-16T06:57:20","guid":{"rendered":"http:\/\/onlinelotto365.net\/?page_id=10059"},"modified":"2021-03-05T16:57:42","modified_gmt":"2021-03-05T15:57:42","slug":"euromillions","status":"publish","type":"page","link":"https:\/\/onlinelotto365.com\/da\/koebe-billetter\/euromillions\/","title":{"rendered":"EuroMillions Lotto Online"},"content":{"rendered":"<h2>EuroMillions er en af verdens st\u00f8rste lotterier<\/h2>\n<p>EuroMillions begyndte i 2004 som et samarbejde mellem de nationale lotteri operat\u00f8rer i Frankrig, Spanien og Storbritannien Det tog hele ti \u00e5r at udarbejde en aftale imellem landene, s\u00e5 da spillet startede, var det absolut meget velorganiseret, og det er det fortsat.<br \/>\n<a href=\"https:\/\/redfoxlotto.com\/play\/euromillions\/?ref=a8564250a2&amp;medium=ol365\" target=\"_blank\" rel=\"noopener noreferrer\"><img decoding=\"async\" class=\"aligncenter\" src=\"https:\/\/redfoxlotto.com\/image?size=8&amp;lottery=euromillions\" alt=\"euromillions\" \/><\/a><\/p>\n<p>Planen var at tilbyde lotteri-spillere i disse tre lande muligheden for at spille for meget st\u00f8rre jackpots, end der havde v\u00e6ret tilg\u00e6ngelige tidligere. Da store jackpots har en tendens til virkelig at v\u00e6re drivkraften bag sp\u00e6ndingen, var forventningen, at dette nye lotto ville v\u00e6re et k\u00e6mpe hit og generere nogle fantastiske jackpots uge efter uge. Det er pr\u00e6cis, hvad der skete.<\/p>\n<p>Da lotteriets succes voksede, blev flere lande f\u00f8jet til partnerskabet, og i dag er der i alt ni forskellige lande, der deltager i det. Jackpots er altid blandt de st\u00f8rste i verden, og de starter ved 15 millioner euro og vokser derfra.<\/p>\n<ul>\n<li>Land: diverse Europa<\/li>\n<li>Omr\u00e5de for hovednumre: 50<\/li>\n<li>Du v\u00e6lger: 5<\/li>\n<li>Ekstra tal r\u00e6kkevidde: 12<\/li>\n<li>Du v\u00e6lger: 2<\/li>\n<li>Draw dage, timer: tirsdag, fredag, 19:30 GMT, 20:30 CET<\/li>\n<li>Minimum jackpot: \u20ac 17 millioner<\/li>\n<li>Maksimal jackpot: 190 millioner euro<\/li>\n<li>Sandsynligheden for at vinde jackpotten: 1 i 186450880<\/li>\n<li>Sandsynligheden for en sejr i 2. r\u00e6kke: 1 i 2118760<\/li>\n<li>Sandsynligheden for at vinde i et hvilket som helst niveau: 1 ud af 12,98<\/li>\n<li>Antal pr\u00e6mier: 13<\/li>\n<\/ul>\n<p>N\u00e5r jackpot n\u00e5r 190 millioner euro, bliver det begr\u00e6nset, og yderligere stigninger f\u00f8jes til de \u00f8vrige pr\u00e6mier. Lotteriets arrang\u00f8rerne anser \u00e5benbart denne st\u00f8rrelse jackpot for stor nok, og det er da ogs\u00e5 helt sikkert mere end nok til at tilfredsstille de fleste af os. Deres ide med denne begr\u00e6nsning er, at der p\u00e5 dette tidspunkt er opbygget mere end nok sp\u00e6nding omkring jackpot-puljen, og s\u00e5 kan man begynde at opbygge samme sp\u00e6nding omkring de \u00f8vrige pr\u00e6mier.<\/p>\n<h2>Du beh\u00f8ver ikke at bo i et af disse lande for kunne spille<\/h2>\n<p>Da EuroMillions har historisk set kun er blevet udbudt i ni udvalgte europ\u00e6iske lande, har de fleste af os ikke haft mulighed for at kunne nyde at spille med i det. Indtil nu, har det vi virkeligheden ikke sk\u00e6nket det en tanke at spillle med.<\/p>\n<p>De erfarne lotteri spillere og rigtige kendere af spillene, har nu erfaret, at fysiske barrierer i en verden af lotterier, ikke l\u00e6ngere eksisterer. De g\u00f8r de jo faktisk alligevel i en vis forstand, idet man stadig er n\u00f8dt til fysisk at k\u00f8be sine lottokuponer til EuroMillions og andre lotterier fra hele verden. Selvf\u00f8lgelig er man ikke n\u00f8dt til at rejse derhen to gange om ugen for at k\u00f8be sine kuponer, da dette jo ville kr\u00e6ve et latterligt stort bel\u00f8b og ufatteligt meget tid.<\/p>\n<p>Man kunne ans\u00e6tte en person, der bor i et af de lande, man \u00f8nsker at k\u00f8be lottokuponer fra, men ville kr\u00e6ve mere indsigt og indsats, end de fleste mennesker nogensinde ville forpligte sig til.<\/p>\n<h2>Hvordan kan man rent faktisk k\u00f8be kuponer til EuroMillions ?<\/h2>\n<p>Svaret er, at man blot k\u00f8ber dem online hjemmefra, og derefter har en velanset og betroet tjeneste til at tage sig af det, herunder at k\u00f8be kuponer i ens navn, e-maile en scannet kopi, opbevare ens kuponer, kontrollere ens tal og give besked, hvis man vinder, og hj\u00e6lpe med at indkassere gevinsterne.<\/p>\n<p>Denne nye tjeneste hedder RedFoxLotto, og dr\u00f8mmen om at f\u00e5 mulighed for at k\u00f8be lotteri kuponer online, og f\u00e5 alt ordnet for sig, er nu er blevet en realitet. Ikke alene kan du ganske let k\u00f8be alle de EuroMillions kuponer du \u00f8nsker, men der tilbydes ogs\u00e5 online k\u00f8b af kuponer til alle verdens st\u00f8rste og mest popul\u00e6re lotterier.<\/p>\n<p><a href=\"https:\/\/redfoxlotto.com\/da\/?ref=A8564250A2&amp;campaign=ol\" target=\"_blank\" rel=\"noopener\"><span style=\"text-decoration: underline;\"><strong>Klik her for at bes\u00f8ge deres hjemmeside og f\u00e5 din EuroMillions kupon!<\/strong><\/span><\/a><\/p>\n<h2>S\u00e5dan virker EuroMillions Lotto<\/h2>\n<p><img loading=\"lazy\" decoding=\"async\" class=\"alignright size-medium wp-image-3672\" src=\"https:\/\/onlinelotto365.com\/wp-content\/uploads\/2020\/11\/online_lottery-161-300x207.jpg\" alt=\"k\u00f8ber Euromillions online\" width=\"300\" height=\"207\" srcset=\"https:\/\/onlinelotto365.com\/wp-content\/uploads\/2020\/11\/online_lottery-161-300x207.jpg 300w, https:\/\/onlinelotto365.com\/wp-content\/uploads\/2020\/11\/online_lottery-161.jpg 320w\" sizes=\"auto, (max-width: 300px) 100vw, 300px\" \/><\/p>\n<p>Der er i alt 13 forskellige pr\u00e6mie udbetalinger i dette lotto-spil, startende fra blot at have to rigtige ud af de 5 udtrukne numre,til at have alle 5 plus begge lykke-stjerne tal og vinde jackpot-puljen. Bortset fra dets enorme jackpotsum, giver EuroMillions ogs\u00e5 sine spillere en st\u00f8rre chance for at vinde en pr\u00e6mie, end man typisk ser i andre store lotterier.<\/p>\n<p>Der er tr\u00e6kninger to gange om ugen, tirsdag og fredag, kl 21:00 engelsk tid. RedFoxLotto k\u00f8rer en nedt\u00e6lling for dette lotteri, og alle de andre lotterier p\u00e5 deres hjemmeside, s\u00e5 spillerne altid ved n\u00f8jagtigt, hvor meget tid der er tilbage til n\u00e6ste tr\u00e6kning. Spillere v\u00e6lger 5 tal fra 1 til 50, samt 2 lykke-stjerne numre fra 1-11. Ligesom i fysiske lotto forretninger, tilbyder RedFoxLotto spillerne mulighed for enten at v\u00e6lge deres egne tal, eller lade deres computer v\u00e6lge tilf\u00e6ldige tal.<\/p>\n<p>Man kan k\u00f8be s\u00e5 mange kuponer, til hver lodtr\u00e6kning, som man vil. Derefter kan man bes\u00f8ge RedFoxLotto hjemmeside for at tjekke kuponerne, eller hvis man foretr\u00e6kker det, bare vente til den e-mail RedFoxLotto sender, n\u00e5r man vinder. Afh\u00e6ngigt af hvor meget man vinder, vil man s\u00e5 blive r\u00e5dgivet og hjulpet med at indkassere gevinsten.<\/p>\n<h2>Nu ved du det hele, og du nu har Kontrollen<\/h2>\n<p>Vi er ikke kke l\u00e6ngere udelukket fra de store lotterier s\u00e5som EuroMillions baseret p\u00e5, hvor vi bor. Vi nu kan k\u00f8be, lige hvilken lottokupon vi vil, og ingen kan stoppe os. Internettet har virkelig \u00e5bnet verden, og nu har dette endelig bredt sig til lotterier. Ventetiden er slut.<\/p>\n<p>Med s\u00e5 mange sp\u00e6ndende lotterier s\u00e5 let tilg\u00e6ngelige, er der ingen god grund til at n\u00e6gte os selv alt det sjove, der er i vente for os.<\/p>\n<h2>Flere oplysninger om EuroMillions<\/h2>\n","protected":false},"excerpt":{"rendered":"<p>EuroMillions er en af verdens st\u00f8rste lotterier EuroMillions begyndte i 2004 som et samarbejde mellem de nationale lotteri operat\u00f8rer i Frankrig, Spanien og Storbritannien Det tog hele ti \u00e5r at udarbejde en aftale imellem landene, s\u00e5 da spillet startede, var det absolut meget velorganiseret, og det er det fortsat. Planen var at tilbyde lotteri-spillere i [&hellip;]<\/p>\n","protected":false},"author":1,"featured_media":0,"parent":5567,"menu_order":3,"comment_status":"closed","ping_status":"closed","template":"euromillions-info.php","meta":{"_et_pb_use_builder":"","_et_pb_old_content":"","_et_gb_content_width":"","exclude_from_search":false,"footnotes":""},"class_list":["post-10059","page","type-page","status-publish","hentry"],"yoast_head":"<!-- This site is optimized with the Yoast SEO plugin v23.4 - https:\/\/yoast.com\/wordpress\/plugins\/seo\/ -->\n<title>k\u00f8ber Euromillions-billetter online<\/title>\n<meta name=\"description\" content=\"Lotto fans fra ethvert land inklusive Danmark kan nu k\u00f8be Euromillions billetter her\" \/>\n<meta name=\"robots\" content=\"index, follow, max-snippet:-1, max-image-preview:large, max-video-preview:-1\" \/>\n<link rel=\"canonical\" href=\"https:\/\/onlinelotto365.com\/da\/koebe-billetter\/euromillions\/\" \/>\n<meta property=\"og:locale\" content=\"da_DK\" \/>\n<meta property=\"og:type\" content=\"article\" \/>\n<meta property=\"og:title\" content=\"k\u00f8ber Euromillions-billetter online\" \/>\n<meta property=\"og:description\" content=\"Lotto fans fra ethvert land inklusive Danmark kan nu k\u00f8be Euromillions billetter her\" \/>\n<meta property=\"og:url\" content=\"https:\/\/onlinelotto365.com\/da\/koebe-billetter\/euromillions\/\" \/>\n<meta property=\"og:site_name\" content=\"OnlineLotto365\" \/>\n<meta property=\"article:modified_time\" content=\"2021-03-05T15:57:42+00:00\" \/>\n<meta property=\"og:image\" content=\"https:\/\/redfoxlotto.com\/image?size=8&amp;lottery=euromillions\" \/>\n<meta name=\"twitter:card\" content=\"summary_large_image\" \/>\n<meta name=\"twitter:label1\" content=\"Estimeret l\u00e6setid\" \/>\n\t<meta name=\"twitter:data1\" content=\"5 minutter\" \/>\n<script type=\"application\/ld+json\" class=\"yoast-schema-graph\">{\"@context\":\"https:\/\/schema.org\",\"@graph\":[{\"@type\":\"WebPage\",\"@id\":\"https:\/\/onlinelotto365.com\/da\/koebe-billetter\/euromillions\/\",\"url\":\"https:\/\/onlinelotto365.com\/da\/koebe-billetter\/euromillions\/\",\"name\":\"k\u00f8ber Euromillions-billetter online\",\"isPartOf\":{\"@id\":\"https:\/\/onlinelotto365.com\/da\/#website\"},\"primaryImageOfPage\":{\"@id\":\"https:\/\/onlinelotto365.com\/da\/koebe-billetter\/euromillions\/#primaryimage\"},\"image\":{\"@id\":\"https:\/\/onlinelotto365.com\/da\/koebe-billetter\/euromillions\/#primaryimage\"},\"thumbnailUrl\":\"https:\/\/redfoxlotto.com\/image?size=8&amp;lottery=euromillions\",\"datePublished\":\"2020-12-16T06:57:20+00:00\",\"dateModified\":\"2021-03-05T15:57:42+00:00\",\"description\":\"Lotto fans fra ethvert land inklusive Danmark kan nu k\u00f8be Euromillions billetter her\",\"breadcrumb\":{\"@id\":\"https:\/\/onlinelotto365.com\/da\/koebe-billetter\/euromillions\/#breadcrumb\"},\"inLanguage\":\"da-DK\",\"potentialAction\":[{\"@type\":\"ReadAction\",\"target\":[\"https:\/\/onlinelotto365.com\/da\/koebe-billetter\/euromillions\/\"]}]},{\"@type\":\"ImageObject\",\"inLanguage\":\"da-DK\",\"@id\":\"https:\/\/onlinelotto365.com\/da\/koebe-billetter\/euromillions\/#primaryimage\",\"url\":\"https:\/\/redfoxlotto.com\/image?size=8&amp;lottery=euromillions\",\"contentUrl\":\"https:\/\/redfoxlotto.com\/image?size=8&amp;lottery=euromillions\"},{\"@type\":\"BreadcrumbList\",\"@id\":\"https:\/\/onlinelotto365.com\/da\/koebe-billetter\/euromillions\/#breadcrumb\",\"itemListElement\":[{\"@type\":\"ListItem\",\"position\":1,\"name\":\"Home\",\"item\":\"https:\/\/onlinelotto365.com\/da\/\"},{\"@type\":\"ListItem\",\"position\":2,\"name\":\"At spille verdensomsp\u00e6ndende Lotto\",\"item\":\"https:\/\/onlinelotto365.com\/da\/buy-tickets\/\"},{\"@type\":\"ListItem\",\"position\":3,\"name\":\"EuroMillions Lotto Online\"}]},{\"@type\":\"WebSite\",\"@id\":\"https:\/\/onlinelotto365.com\/da\/#website\",\"url\":\"https:\/\/onlinelotto365.com\/da\/\",\"name\":\"OnlineLotto365\",\"description\":\"\",\"potentialAction\":[{\"@type\":\"SearchAction\",\"target\":{\"@type\":\"EntryPoint\",\"urlTemplate\":\"https:\/\/onlinelotto365.com\/da\/?s={search_term_string}\"},\"query-input\":{\"@type\":\"PropertyValueSpecification\",\"valueRequired\":true,\"valueName\":\"search_term_string\"}}],\"inLanguage\":\"da-DK\"}]}<\/script>\n<!-- \/ Yoast SEO plugin. -->","yoast_head_json":{"title":"k\u00f8ber Euromillions-billetter online","description":"Lotto fans fra ethvert land inklusive Danmark kan nu k\u00f8be Euromillions billetter her","robots":{"index":"index","follow":"follow","max-snippet":"max-snippet:-1","max-image-preview":"max-image-preview:large","max-video-preview":"max-video-preview:-1"},"canonical":"https:\/\/onlinelotto365.com\/da\/koebe-billetter\/euromillions\/","og_locale":"da_DK","og_type":"article","og_title":"k\u00f8ber Euromillions-billetter online","og_description":"Lotto fans fra ethvert land inklusive Danmark kan nu k\u00f8be Euromillions billetter her","og_url":"https:\/\/onlinelotto365.com\/da\/koebe-billetter\/euromillions\/","og_site_name":"OnlineLotto365","article_modified_time":"2021-03-05T15:57:42+00:00","og_image":[{"url":"https:\/\/redfoxlotto.com\/image?size=8&amp;lottery=euromillions"}],"twitter_card":"summary_large_image","twitter_misc":{"Estimeret l\u00e6setid":"5 minutter"},"schema":{"@context":"https:\/\/schema.org","@graph":[{"@type":"WebPage","@id":"https:\/\/onlinelotto365.com\/da\/koebe-billetter\/euromillions\/","url":"https:\/\/onlinelotto365.com\/da\/koebe-billetter\/euromillions\/","name":"k\u00f8ber Euromillions-billetter online","isPartOf":{"@id":"https:\/\/onlinelotto365.com\/da\/#website"},"primaryImageOfPage":{"@id":"https:\/\/onlinelotto365.com\/da\/koebe-billetter\/euromillions\/#primaryimage"},"image":{"@id":"https:\/\/onlinelotto365.com\/da\/koebe-billetter\/euromillions\/#primaryimage"},"thumbnailUrl":"https:\/\/redfoxlotto.com\/image?size=8&amp;lottery=euromillions","datePublished":"2020-12-16T06:57:20+00:00","dateModified":"2021-03-05T15:57:42+00:00","description":"Lotto fans fra ethvert land inklusive Danmark kan nu k\u00f8be Euromillions billetter her","breadcrumb":{"@id":"https:\/\/onlinelotto365.com\/da\/koebe-billetter\/euromillions\/#breadcrumb"},"inLanguage":"da-DK","potentialAction":[{"@type":"ReadAction","target":["https:\/\/onlinelotto365.com\/da\/koebe-billetter\/euromillions\/"]}]},{"@type":"ImageObject","inLanguage":"da-DK","@id":"https:\/\/onlinelotto365.com\/da\/koebe-billetter\/euromillions\/#primaryimage","url":"https:\/\/redfoxlotto.com\/image?size=8&amp;lottery=euromillions","contentUrl":"https:\/\/redfoxlotto.com\/image?size=8&amp;lottery=euromillions"},{"@type":"BreadcrumbList","@id":"https:\/\/onlinelotto365.com\/da\/koebe-billetter\/euromillions\/#breadcrumb","itemListElement":[{"@type":"ListItem","position":1,"name":"Home","item":"https:\/\/onlinelotto365.com\/da\/"},{"@type":"ListItem","position":2,"name":"At spille verdensomsp\u00e6ndende Lotto","item":"https:\/\/onlinelotto365.com\/da\/buy-tickets\/"},{"@type":"ListItem","position":3,"name":"EuroMillions Lotto Online"}]},{"@type":"WebSite","@id":"https:\/\/onlinelotto365.com\/da\/#website","url":"https:\/\/onlinelotto365.com\/da\/","name":"OnlineLotto365","description":"","potentialAction":[{"@type":"SearchAction","target":{"@type":"EntryPoint","urlTemplate":"https:\/\/onlinelotto365.com\/da\/?s={search_term_string}"},"query-input":{"@type":"PropertyValueSpecification","valueRequired":true,"valueName":"search_term_string"}}],"inLanguage":"da-DK"}]}},"_links":{"self":[{"href":"https:\/\/onlinelotto365.com\/da\/wp-json\/wp\/v2\/pages\/10059","targetHints":{"allow":["GET"]}}],"collection":[{"href":"https:\/\/onlinelotto365.com\/da\/wp-json\/wp\/v2\/pages"}],"about":[{"href":"https:\/\/onlinelotto365.com\/da\/wp-json\/wp\/v2\/types\/page"}],"author":[{"embeddable":true,"href":"https:\/\/onlinelotto365.com\/da\/wp-json\/wp\/v2\/users\/1"}],"replies":[{"embeddable":true,"href":"https:\/\/onlinelotto365.com\/da\/wp-json\/wp\/v2\/comments?post=10059"}],"version-history":[{"count":0,"href":"https:\/\/onlinelotto365.com\/da\/wp-json\/wp\/v2\/pages\/10059\/revisions"}],"up":[{"embeddable":true,"href":"https:\/\/onlinelotto365.com\/da\/wp-json\/wp\/v2\/pages\/5567"}],"wp:attachment":[{"href":"https:\/\/onlinelotto365.com\/da\/wp-json\/wp\/v2\/media?parent=10059"}],"curies":[{"name":"wp","href":"https:\/\/api.w.org\/{rel}","templated":true}]}}