{"id":4482,"date":"2020-11-30T12:01:04","date_gmt":"2020-11-30T11:01:04","guid":{"rendered":"http:\/\/onlinelotto365.net\/velkommen-til-onlinelotto365"},"modified":"2023-10-04T09:12:35","modified_gmt":"2023-10-04T08:12:35","slug":"home","status":"publish","type":"page","link":"https:\/\/onlinelotto365.com\/da\/","title":{"rendered":"Velkommen til OnlineLotto365!"},"content":{"rendered":"<p>Indtil for nylig kunne vi lotterispillere kun spille lotteriet fra vores eget land eller omr\u00e5de. Vi h\u00f8rte tit om store, fine jackpotter andre steder p\u00e5 helt op til hundredvis af millioner af dollars eller Euros eller tilsvarende p\u00e5 spil, og vi kunne kun beklage, at vi boede et sted, hvor man kan k\u00f8be lodsedler til dette slaraffenland af lotterier.<\/p>\n<p>Jeg er ikke i tvivl om, at du har \u00f8nsket dig at kunne spille med lige s\u00e5 tit, som jeg har. Men vi har desv\u00e6rre ikke engang kunnet deltage, for slet ikke at tale om at vinde.<br \/>\n<a href=\"https:\/\/redfoxlotto.com\/?ref=a8564250a2&amp;medium=ol365\" target=\"_blank\" rel=\"noopener noreferrer\"><img loading=\"lazy\" decoding=\"async\" class=\"aligncenter\" src=\"https:\/\/redfoxlotto.com\/image?size=8&amp;lottery=mega-millions\" alt=\"Mega Millions\" width=\"728\" height=\"90\" \/><\/a><br \/>\nMen det er ved at \u00e6ndre sig. Ved hj\u00e6lp af vores nye online lotteriservice, g\u00f8r det nu ikke den mindste forskel, om du bor i det land, hvor et lotteri afholdes.<\/p>\n<h2>Bestil nu lodsedler online<\/h2>\n<p>Det er ikke, som det var, i de gamle dage, internettet har \u00e5bnet op for hele verden, s\u00e5 man nu kan f\u00e5 simpelthen alt online. S\u00e5 hvorfor ikke f\u00e5 adgang til alle de store lotterijackpotter derude? Det er p\u00e5 h\u00f8je tid, men nu beh\u00f8ver du ikke at vente l\u00e6ngere.<\/p>\n<p>Vi har gjort online adgang til det hele s\u00e5 nemt, som det overhovedet kan v\u00e6re. Det eneste, du skal g\u00f8re, er at klikke p\u00e5 et af lotterierne, s\u00e5 f\u00e5r du \u00f8jeblikkelig adgang til s\u00e5 mange store jackpotter. Derefter f\u00f8lger du bare de enkle anvisninger, du f\u00e5r givet, du v\u00e6lger dine tal, og du k\u00f8ber din lodseddel.<\/p>\n<h2>Sikker online betaling for lotterier<\/h2>\n<p>Denne fantastiske nye service byder p\u00e5 flere nemme online betalingsmuligheder gennem en af de nyeste, 100% sikre betalingsprocessorer. N\u00e5r du har k\u00f8bt dine lodsedler, mailer de en bekr\u00e6ftelse til dig, og du kan se lodsedlerne i din kundekonto. Vi hj\u00e6lper dig ogs\u00e5 helt gratis med at indkassere dine gevinster, og det f\u00e5r du jo brug for, siden du ikke bor i det land, hvor lotteriet afholdes. Der er ingen grund til at bekymre sig om noget her, da vi tager os af det hele for vores kunder.<\/p>\n<h2>Jo h\u00f8jere jackpotter, desto bedre er dine chancer<\/h2>\n<p><img loading=\"lazy\" decoding=\"async\" class=\" wp-image-1840 alignright\" src=\"https:\/\/onlinelotto365.com\/wp-content\/uploads\/2023\/10\/online_lottery-164-300x250-1.jpg\" alt=\"online lotteriservice\" width=\"250\" height=\"200\" \/><br \/>\nDet er ikke nogen hemmelighed, at v\u00e6rdien af at spille i lotteriet stiger kraftigt, jo h\u00f8jere jackpotterne bliver. S\u00e5 hvis du sidder og venter p\u00e5, at det store lotteri i dit eget land n\u00e5r en enorm jackpot, kan du vente l\u00e6nge. Det er selvf\u00f8lgelig stadig sjovt at spille for de mindre jackpotter, men det kan alts\u00e5 slet ikke sammenlignes med at spille for de store online. Det er ikke blot sjovere at dr\u00f8mme om at vinde en af de enorme pr\u00e6mier, vi ser andre modtage, men oddsene er ogs\u00e5 meget bedre for os med de store lotterier.<\/p>\n<p>Du har nu adgang til alle de store lotterier derude, herunder USA\u2019s Powerball and Mega Millions, Spaniens El Gordo, Italiens Superenalotto, EuroMillions, Eurojackpot, British Lottery, forskellige australske lotterier, og mange flere.<\/p>\n<p>Og selv hvis du kun spiller i lotteriet en gang imellem, er der vel ingen grund til at n\u00f8jes med dem, du kan k\u00f8be lodsedler til i h\u00e5ndk\u00f8b, n\u00e5r du kan udvide dine horisonter og spille over hele verden gennem denne fantastiske online service? Det skal siges igen, at det er en tjeneste, man betaler for, men de tr\u00e6kker ikke noget fra gevinsterne.<\/p>\n<h2>De st\u00f8rste gevinster nogensinde<\/h2>\n<p>Her er en liste over de st\u00f8rste jackpotter, der er blevet vundet over de seneste \u00e5r. Det b\u00f8r ikke overraske nogen, at de alle blev vundet i USA. De store amerikanske lotterier, Powerball og Mega Millions, genererer j\u00e6vnligt enorme gevinster. S\u00e5 der er ikke noget at sige til, at de fleste online k\u00f8b er af lodsedler til Powerball og Mega Millions.<\/p>\n<ul>\n<li>1568 millioner dollars, Powerball jackpot, vundet den 13. januar, 2016. Denne jackpot blev delt af 3 vindere.<\/li>\n<li>1537 millioner dollars, Mega Millions jackpot vundet af en enkelt vinder den 23. oktober, 2018<\/li>\n<li>1 milliard dollars, Mega Millions jackpot vundet af en enkelt vinder den 22. januar, 2021<\/li>\n<li>768 millioner dollars, vundet i Powerball den 27. marts, 2019<\/li>\n<li>758 millioner dollars, vundet i Powerball af en enkelt vinder i august 2017<\/li>\n<li>730 millioner dollars, vundet i Powerball af en enkelt vinder den 20. januar, 2021<\/li>\n<li>687 millioner dollars, der blev delt mellem to vindere af Powerball den 27. oktober, 2018<\/li>\n<li>656 millioner dollars, en Mega Millions jackpot delt mellem tre vindere i marts 2016<\/li>\n<\/ul>\n<p>Nu har du chancen for at vinde stort i et af disse lotterier. Du kan gl\u00e6de dig til at f\u00e5 adgang til alt, hvad verden har at byde p\u00e5, og \u2013 hvad vigtigere er \u2013 forbedre dine chancer betydeligt for at vinde rigdom online!<\/p>\n<h2>Lotteriets udvikling<\/h2>\n<p><img loading=\"lazy\" decoding=\"async\" class=\" wp-image-1840 alignright\" src=\"https:\/\/onlinelotto365.com\/wp-content\/uploads\/2021\/02\/international-lottery.jpg\" alt=\"internationale lotterier\" width=\"250\" height=\"200\" \/><br \/>\nHistorisk menes det, at de f\u00f8rste lotterier blev afholdt i Kina, og selv dengang brugte man mest disse lotteri til finansiering af offentlige projekter. Kinamuren har m\u00e5ske endda v\u00e6ret et af disse projekter. Over flere hundrede \u00e5r var lotterier for det meste tilladt og k\u00f8rt af stater og regeringer for at indsamle penge.<\/p>\n<h2>Lotterier i moderne tider<\/h2>\n<p>Siden internettet har gjort tingene lettere for mange af os, er de fleste nationale lotterier begyndt at tilbyde muligheden for at k\u00f8be lodsedler online. Men k\u00f8b af lodsedler online via de nationale lotteriers hjemmesider var begr\u00e6nset til spillere, der bor i det land, hvor lotteriet afholdes. Denne begr\u00e6nsning er nu blevet tilsidesat af n\u00e6ste skridt i lotteriets udvikling.<\/p>\n<h2>Flere lotterier at v\u00e6lge imellem giver dig bedre odds<\/h2>\n<p>Ideen med en online service som vores, der giver lottospillere mulighed for at deltage i lotterier fra andre steder, var det n\u00e6ste logiske trin i udviklingen. Nu kan lottospillere v\u00e6lge mellem mange lotterier. Ved at altid at kunne deltage i lotteriet med den h\u00f8jeste jackpot, kan de \u00f8ge deres gevinstchancer betydeligt. For lotterier som Mega Millions, Powerball og Euromillions vokser andelen af lodsedler, der k\u00f8bes online af spillere over hele verden, hver m\u00e5ned.<\/p>\n","protected":false},"excerpt":{"rendered":"<p>Indtil for nylig kunne vi lotterispillere kun spille lotteriet fra vores eget land eller omr\u00e5de. Vi h\u00f8rte tit om store, fine jackpotter andre steder p\u00e5 helt op til hundredvis af millioner af dollars eller Euros eller tilsvarende p\u00e5 spil, og vi kunne kun beklage, at vi boede et sted, hvor man kan k\u00f8be lodsedler til [&hellip;]<\/p>\n","protected":false},"author":1,"featured_media":0,"parent":0,"menu_order":1,"comment_status":"closed","ping_status":"closed","template":"lotto.php","meta":{"_et_pb_use_builder":"","_et_pb_old_content":"","_et_gb_content_width":"","exclude_from_search":false,"footnotes":""},"class_list":["post-4482","page","type-page","status-publish","hentry"],"yoast_head":"<!-- This site is optimized with the Yoast SEO plugin v23.4 - https:\/\/yoast.com\/wordpress\/plugins\/seo\/ -->\n<title>Lotto Online | Alle verdens lotterijackpotter tilg\u00e6ngelige online<\/title>\n<meta name=\"description\" content=\"Online lodseddelservice for hvilken som helst international jackpot. F\u00e5 lodsedler til hvilket som helst lotteri i verden, uanset hvor du bor\" \/>\n<meta name=\"robots\" content=\"index, follow, max-snippet:-1, max-image-preview:large, max-video-preview:-1\" \/>\n<link rel=\"canonical\" href=\"https:\/\/onlinelotto365.com\/da\/\" \/>\n<meta property=\"og:locale\" content=\"da_DK\" \/>\n<meta property=\"og:type\" content=\"article\" \/>\n<meta property=\"og:title\" content=\"Lotto Online | Alle verdens lotterijackpotter tilg\u00e6ngelige online\" \/>\n<meta property=\"og:description\" content=\"Online lodseddelservice for hvilken som helst international jackpot. F\u00e5 lodsedler til hvilket som helst lotteri i verden, uanset hvor du bor\" \/>\n<meta property=\"og:url\" content=\"https:\/\/onlinelotto365.com\/da\/\" \/>\n<meta property=\"og:site_name\" content=\"OnlineLotto365\" \/>\n<meta property=\"article:modified_time\" content=\"2023-10-04T08:12:35+00:00\" \/>\n<meta property=\"og:image\" content=\"https:\/\/redfoxlotto.com\/image?size=8&amp;lottery=mega-millions\" \/>\n<meta name=\"twitter:card\" content=\"summary_large_image\" \/>\n<meta name=\"twitter:label1\" content=\"Estimeret l\u00e6setid\" \/>\n\t<meta name=\"twitter:data1\" content=\"5 minutter\" \/>\n<script type=\"application\/ld+json\" class=\"yoast-schema-graph\">{\"@context\":\"https:\/\/schema.org\",\"@graph\":[{\"@type\":\"WebPage\",\"@id\":\"https:\/\/onlinelotto365.com\/da\/\",\"url\":\"https:\/\/onlinelotto365.com\/da\/\",\"name\":\"Lotto Online | Alle verdens lotterijackpotter tilg\u00e6ngelige online\",\"isPartOf\":{\"@id\":\"https:\/\/onlinelotto365.com\/da\/#website\"},\"primaryImageOfPage\":{\"@id\":\"https:\/\/onlinelotto365.com\/da\/#primaryimage\"},\"image\":{\"@id\":\"https:\/\/onlinelotto365.com\/da\/#primaryimage\"},\"thumbnailUrl\":\"https:\/\/redfoxlotto.com\/image?size=8&amp;lottery=mega-millions\",\"datePublished\":\"2020-11-30T11:01:04+00:00\",\"dateModified\":\"2023-10-04T08:12:35+00:00\",\"description\":\"Online lodseddelservice for hvilken som helst international jackpot. F\u00e5 lodsedler til hvilket som helst lotteri i verden, uanset hvor du bor\",\"breadcrumb\":{\"@id\":\"https:\/\/onlinelotto365.com\/da\/#breadcrumb\"},\"inLanguage\":\"da-DK\",\"potentialAction\":[{\"@type\":\"ReadAction\",\"target\":[\"https:\/\/onlinelotto365.com\/da\/\"]}]},{\"@type\":\"ImageObject\",\"inLanguage\":\"da-DK\",\"@id\":\"https:\/\/onlinelotto365.com\/da\/#primaryimage\",\"url\":\"https:\/\/redfoxlotto.com\/image?size=8&amp;lottery=mega-millions\",\"contentUrl\":\"https:\/\/redfoxlotto.com\/image?size=8&amp;lottery=mega-millions\"},{\"@type\":\"BreadcrumbList\",\"@id\":\"https:\/\/onlinelotto365.com\/da\/#breadcrumb\",\"itemListElement\":[{\"@type\":\"ListItem\",\"position\":1,\"name\":\"Home\",\"item\":\"https:\/\/onlinelotto365.com\/da\/\"},{\"@type\":\"ListItem\",\"position\":2,\"name\":\"Velkommen til OnlineLotto365!\"}]},{\"@type\":\"WebSite\",\"@id\":\"https:\/\/onlinelotto365.com\/da\/#website\",\"url\":\"https:\/\/onlinelotto365.com\/da\/\",\"name\":\"OnlineLotto365\",\"description\":\"\",\"potentialAction\":[{\"@type\":\"SearchAction\",\"target\":{\"@type\":\"EntryPoint\",\"urlTemplate\":\"https:\/\/onlinelotto365.com\/da\/?s={search_term_string}\"},\"query-input\":{\"@type\":\"PropertyValueSpecification\",\"valueRequired\":true,\"valueName\":\"search_term_string\"}}],\"inLanguage\":\"da-DK\"}]}<\/script>\n<!-- \/ Yoast SEO plugin. -->","yoast_head_json":{"title":"Lotto Online | Alle verdens lotterijackpotter tilg\u00e6ngelige online","description":"Online lodseddelservice for hvilken som helst international jackpot. F\u00e5 lodsedler til hvilket som helst lotteri i verden, uanset hvor du bor","robots":{"index":"index","follow":"follow","max-snippet":"max-snippet:-1","max-image-preview":"max-image-preview:large","max-video-preview":"max-video-preview:-1"},"canonical":"https:\/\/onlinelotto365.com\/da\/","og_locale":"da_DK","og_type":"article","og_title":"Lotto Online | Alle verdens lotterijackpotter tilg\u00e6ngelige online","og_description":"Online lodseddelservice for hvilken som helst international jackpot. F\u00e5 lodsedler til hvilket som helst lotteri i verden, uanset hvor du bor","og_url":"https:\/\/onlinelotto365.com\/da\/","og_site_name":"OnlineLotto365","article_modified_time":"2023-10-04T08:12:35+00:00","og_image":[{"url":"https:\/\/redfoxlotto.com\/image?size=8&amp;lottery=mega-millions"}],"twitter_card":"summary_large_image","twitter_misc":{"Estimeret l\u00e6setid":"5 minutter"},"schema":{"@context":"https:\/\/schema.org","@graph":[{"@type":"WebPage","@id":"https:\/\/onlinelotto365.com\/da\/","url":"https:\/\/onlinelotto365.com\/da\/","name":"Lotto Online | Alle verdens lotterijackpotter tilg\u00e6ngelige online","isPartOf":{"@id":"https:\/\/onlinelotto365.com\/da\/#website"},"primaryImageOfPage":{"@id":"https:\/\/onlinelotto365.com\/da\/#primaryimage"},"image":{"@id":"https:\/\/onlinelotto365.com\/da\/#primaryimage"},"thumbnailUrl":"https:\/\/redfoxlotto.com\/image?size=8&amp;lottery=mega-millions","datePublished":"2020-11-30T11:01:04+00:00","dateModified":"2023-10-04T08:12:35+00:00","description":"Online lodseddelservice for hvilken som helst international jackpot. F\u00e5 lodsedler til hvilket som helst lotteri i verden, uanset hvor du bor","breadcrumb":{"@id":"https:\/\/onlinelotto365.com\/da\/#breadcrumb"},"inLanguage":"da-DK","potentialAction":[{"@type":"ReadAction","target":["https:\/\/onlinelotto365.com\/da\/"]}]},{"@type":"ImageObject","inLanguage":"da-DK","@id":"https:\/\/onlinelotto365.com\/da\/#primaryimage","url":"https:\/\/redfoxlotto.com\/image?size=8&amp;lottery=mega-millions","contentUrl":"https:\/\/redfoxlotto.com\/image?size=8&amp;lottery=mega-millions"},{"@type":"BreadcrumbList","@id":"https:\/\/onlinelotto365.com\/da\/#breadcrumb","itemListElement":[{"@type":"ListItem","position":1,"name":"Home","item":"https:\/\/onlinelotto365.com\/da\/"},{"@type":"ListItem","position":2,"name":"Velkommen til OnlineLotto365!"}]},{"@type":"WebSite","@id":"https:\/\/onlinelotto365.com\/da\/#website","url":"https:\/\/onlinelotto365.com\/da\/","name":"OnlineLotto365","description":"","potentialAction":[{"@type":"SearchAction","target":{"@type":"EntryPoint","urlTemplate":"https:\/\/onlinelotto365.com\/da\/?s={search_term_string}"},"query-input":{"@type":"PropertyValueSpecification","valueRequired":true,"valueName":"search_term_string"}}],"inLanguage":"da-DK"}]}},"_links":{"self":[{"href":"https:\/\/onlinelotto365.com\/da\/wp-json\/wp\/v2\/pages\/4482","targetHints":{"allow":["GET"]}}],"collection":[{"href":"https:\/\/onlinelotto365.com\/da\/wp-json\/wp\/v2\/pages"}],"about":[{"href":"https:\/\/onlinelotto365.com\/da\/wp-json\/wp\/v2\/types\/page"}],"author":[{"embeddable":true,"href":"https:\/\/onlinelotto365.com\/da\/wp-json\/wp\/v2\/users\/1"}],"replies":[{"embeddable":true,"href":"https:\/\/onlinelotto365.com\/da\/wp-json\/wp\/v2\/comments?post=4482"}],"version-history":[{"count":0,"href":"https:\/\/onlinelotto365.com\/da\/wp-json\/wp\/v2\/pages\/4482\/revisions"}],"wp:attachment":[{"href":"https:\/\/onlinelotto365.com\/da\/wp-json\/wp\/v2\/media?parent=4482"}],"curies":[{"name":"wp","href":"https:\/\/api.w.org\/{rel}","templated":true}]}}