{"id":5013,"date":"2020-12-03T08:13:10","date_gmt":"2020-12-03T07:13:10","guid":{"rendered":"http:\/\/onlinelotto365.net\/?page_id=5013"},"modified":"2022-11-08T11:20:24","modified_gmt":"2022-11-08T10:20:24","slug":"spille","status":"publish","type":"page","link":"https:\/\/onlinelotto365.com\/da\/spille\/","title":{"rendered":"Alt, hvad du skal vide om dine muligheder for at spille de bedste lotterier online"},"content":{"rendered":"<p>\u00d8nsker du at komme i gang med at spille i lotteriet? Hvis du er, s\u00e5 vil du helt sikkert gerne tjekke dine online muligheder. Alle de store lottospil, fra stort set alle steder i verden, er tilg\u00e6ngelige for dig at spille online. Du skal bare vide, hvor du skal lede, og hvordan du kommer i gang. Heldigvis for dig er det faktisk meget nemt at g\u00f8re. Du skal bare bogm\u00e6rke vores hjemmeside og tjekke tilbage for opdaterede oplysninger. Du vil finde masser af muligheder for at spille hvert af de lotterispil, som du ser, fra et af de lande, der er anf\u00f8rt.<\/p>\n<p>Det gode ved online muligheder er, at det giver dig mulighed for at spille spil, der er placeret over hele verden. Du vil ikke l\u00e6ngere v\u00e6re begr\u00e6nset til kun at spille de spil, som du kan spille i din lokale n\u00e6rbutik. I stedet vil du kunne tjekke, hvordan spillene spilles i forskellige lande, og du kan pr\u00f8ve lykken med dem.<\/p>\n<p><a href=\"https:\/\/redfoxlotto.com\/play\/mega-millions\/?ref=a8564250a2&amp;medium=ol365\" target=\"_blank\" rel=\"noopener noreferrer\"><img loading=\"lazy\" decoding=\"async\" class=\"aligncenter\" src=\"https:\/\/redfoxlotto.com\/image?size=7&amp;lottery=mega-millions\" alt=\"play mega millions\" width=\"841\" height=\"108\" \/><\/a><\/p>\n<h2>At spille lotteri online giver dig flere valgmuligheder<\/h2>\n<p>Det bedste ved at spille lotto online er det faktum, at der til enhver tid vil v\u00e6re en stor jackpot tilg\u00e6ngelig for dig at vinde. Hvis du begr\u00e6nser dig til at spille p\u00e5 dit lokale lotto, kan du v\u00e6re n\u00f8dt til at vente l\u00e6nge p\u00e5, at jackpotten vokser til et punkt, hvor det giver mening at investere penge i lodder.<\/p>\n<p>Det er klart, at jackpottens st\u00f8rrelse er vigtig for din beslutning. En st\u00f8rre gevinst betyder, at din matematiske vinderforventning er h\u00f8jere. Derfor bruger de fleste af vores kunder deres lottopenge p\u00e5 den jackpot, der i \u00f8jeblikket er h\u00f8jest.<\/p>\n<h2>Hvordan fungerer online-lottotjenesten?<\/h2>\n<p>Den hurtigste m\u00e5de at komme i gang med at spille lotto online er at klikke p\u00e5 en af lottoknapperne eller bannerne og v\u00e6lge dine tal for at oprette en kupon. Du kan spille mere end \u00e9t lotteri, hvis du \u00f8nsker det. Du skal blot tilf\u00f8je s\u00e5 mange lodder, som du \u00f8nsker, til din kurv. Klik derefter p\u00e5 for at tjekke ud og betale. Du skal oprette en konto hos os. Glem ikke at bekr\u00e6fte din konto &#8211; se efter bekr\u00e6ftelsesmailen i din indbakke. Hvis der ikke er nogen e-mail der, kan du finde den i din mappe med ukendte afsendere eller m\u00e5ske i din spam-boks.<\/p>\n<h2>Kan jeg spille fra mit bop\u00e6lsland?<\/h2>\n<p>Det er egentlig ligegyldigt, hvor du bor. Det er muligt at spille lotto online fra (n\u00e6sten) alle steder. De eneste undtagelser er, at vi ikke kan acceptere kunder fra USA og fra Holland.<\/p>\n<h2>Hvordan f\u00e5r jeg mine gevinster?<\/h2>\n<p>Vores lottokuponservice omfatter vores hj\u00e6lp, n\u00e5r det kommer til at udbetale dine gevinster. Der er to forskellige procedurer for dette:<\/p>\n<ul>\n<li>Gevinster p\u00e5 under 2.500 \u20ac: Det vundne bel\u00f8b vil blive krediteret din brugersaldo p\u00e5 vores websted. Du kan udbetale derfra, f.eks. til dit kreditkort eller din bankkonto.<\/li>\n<li>Gevinster p\u00e5 mere end 2 500 EUR: Udbetalinger af h\u00f8jere bel\u00f8b foretages direkte af lotteriet selv. Vi giver dig en formular, som du skal udfylde og sende tilbage til os. Formularen indeholder dine instruktioner for udbetalingen, som kan v\u00e6re enten en bankoverf\u00f8rsel eller en check. Alt dette vil blive gjort online. Vi sender formularen til lotteriet, og de vil overf\u00f8re pengene til din bankkonto eller sende dig en check &#8211; alt efter hvad du foretr\u00e6kker.<\/li>\n<\/ul>\n","protected":false},"excerpt":{"rendered":"<p>\u00d8nsker du at komme i gang med at spille i lotteriet? Hvis du er, s\u00e5 vil du helt sikkert gerne tjekke dine online muligheder. Alle de store lottospil, fra stort set alle steder i verden, er tilg\u00e6ngelige for dig at spille online. Du skal bare vide, hvor du skal lede, og hvordan du kommer i [&hellip;]<\/p>\n","protected":false},"author":1,"featured_media":0,"parent":0,"menu_order":2,"comment_status":"closed","ping_status":"closed","template":"Play-all.php","meta":{"_et_pb_use_builder":"","_et_pb_old_content":"","_et_gb_content_width":"","exclude_from_search":false,"footnotes":""},"class_list":["post-5013","page","type-page","status-publish","hentry"],"yoast_head":"<!-- This site is optimized with the Yoast SEO plugin v23.4 - https:\/\/yoast.com\/wordpress\/plugins\/seo\/ -->\n<title>Spil Lotto Online - flere jackpots for lotteri fans fra hele verden<\/title>\n<meta name=\"description\" content=\"Vi g\u00f8r det nemt for dig at spille udenlandske lotterier online - alle de store jackpots er her\" \/>\n<meta name=\"robots\" content=\"index, follow, max-snippet:-1, max-image-preview:large, max-video-preview:-1\" \/>\n<link rel=\"canonical\" href=\"https:\/\/onlinelotto365.com\/da\/spille\/\" \/>\n<meta property=\"og:locale\" content=\"da_DK\" \/>\n<meta property=\"og:type\" content=\"article\" \/>\n<meta property=\"og:title\" content=\"Spil Lotto Online - flere jackpots for lotteri fans fra hele verden\" \/>\n<meta property=\"og:description\" content=\"Vi g\u00f8r det nemt for dig at spille udenlandske lotterier online - alle de store jackpots er her\" \/>\n<meta property=\"og:url\" content=\"https:\/\/onlinelotto365.com\/da\/spille\/\" \/>\n<meta property=\"og:site_name\" content=\"OnlineLotto365\" \/>\n<meta property=\"article:modified_time\" content=\"2022-11-08T10:20:24+00:00\" \/>\n<meta property=\"og:image\" content=\"https:\/\/redfoxlotto.com\/image?size=7&amp;lottery=mega-millions\" \/>\n<meta name=\"twitter:card\" content=\"summary_large_image\" \/>\n<meta name=\"twitter:label1\" content=\"Estimeret l\u00e6setid\" \/>\n\t<meta name=\"twitter:data1\" content=\"3 minutter\" \/>\n<script type=\"application\/ld+json\" class=\"yoast-schema-graph\">{\"@context\":\"https:\/\/schema.org\",\"@graph\":[{\"@type\":\"WebPage\",\"@id\":\"https:\/\/onlinelotto365.com\/da\/spille\/\",\"url\":\"https:\/\/onlinelotto365.com\/da\/spille\/\",\"name\":\"Spil Lotto Online - flere jackpots for lotteri fans fra hele verden\",\"isPartOf\":{\"@id\":\"https:\/\/onlinelotto365.com\/da\/#website\"},\"primaryImageOfPage\":{\"@id\":\"https:\/\/onlinelotto365.com\/da\/spille\/#primaryimage\"},\"image\":{\"@id\":\"https:\/\/onlinelotto365.com\/da\/spille\/#primaryimage\"},\"thumbnailUrl\":\"https:\/\/redfoxlotto.com\/image?size=7&amp;lottery=mega-millions\",\"datePublished\":\"2020-12-03T07:13:10+00:00\",\"dateModified\":\"2022-11-08T10:20:24+00:00\",\"description\":\"Vi g\u00f8r det nemt for dig at spille udenlandske lotterier online - alle de store jackpots er her\",\"breadcrumb\":{\"@id\":\"https:\/\/onlinelotto365.com\/da\/spille\/#breadcrumb\"},\"inLanguage\":\"da-DK\",\"potentialAction\":[{\"@type\":\"ReadAction\",\"target\":[\"https:\/\/onlinelotto365.com\/da\/spille\/\"]}]},{\"@type\":\"ImageObject\",\"inLanguage\":\"da-DK\",\"@id\":\"https:\/\/onlinelotto365.com\/da\/spille\/#primaryimage\",\"url\":\"https:\/\/redfoxlotto.com\/image?size=7&amp;lottery=mega-millions\",\"contentUrl\":\"https:\/\/redfoxlotto.com\/image?size=7&amp;lottery=mega-millions\"},{\"@type\":\"BreadcrumbList\",\"@id\":\"https:\/\/onlinelotto365.com\/da\/spille\/#breadcrumb\",\"itemListElement\":[{\"@type\":\"ListItem\",\"position\":1,\"name\":\"Home\",\"item\":\"https:\/\/onlinelotto365.com\/da\/\"},{\"@type\":\"ListItem\",\"position\":2,\"name\":\"Alt, hvad du skal vide om dine muligheder for at spille de bedste lotterier online\"}]},{\"@type\":\"WebSite\",\"@id\":\"https:\/\/onlinelotto365.com\/da\/#website\",\"url\":\"https:\/\/onlinelotto365.com\/da\/\",\"name\":\"OnlineLotto365\",\"description\":\"\",\"potentialAction\":[{\"@type\":\"SearchAction\",\"target\":{\"@type\":\"EntryPoint\",\"urlTemplate\":\"https:\/\/onlinelotto365.com\/da\/?s={search_term_string}\"},\"query-input\":{\"@type\":\"PropertyValueSpecification\",\"valueRequired\":true,\"valueName\":\"search_term_string\"}}],\"inLanguage\":\"da-DK\"}]}<\/script>\n<!-- \/ Yoast SEO plugin. -->","yoast_head_json":{"title":"Spil Lotto Online - flere jackpots for lotteri fans fra hele verden","description":"Vi g\u00f8r det nemt for dig at spille udenlandske lotterier online - alle de store jackpots er her","robots":{"index":"index","follow":"follow","max-snippet":"max-snippet:-1","max-image-preview":"max-image-preview:large","max-video-preview":"max-video-preview:-1"},"canonical":"https:\/\/onlinelotto365.com\/da\/spille\/","og_locale":"da_DK","og_type":"article","og_title":"Spil Lotto Online - flere jackpots for lotteri fans fra hele verden","og_description":"Vi g\u00f8r det nemt for dig at spille udenlandske lotterier online - alle de store jackpots er her","og_url":"https:\/\/onlinelotto365.com\/da\/spille\/","og_site_name":"OnlineLotto365","article_modified_time":"2022-11-08T10:20:24+00:00","og_image":[{"url":"https:\/\/redfoxlotto.com\/image?size=7&amp;lottery=mega-millions"}],"twitter_card":"summary_large_image","twitter_misc":{"Estimeret l\u00e6setid":"3 minutter"},"schema":{"@context":"https:\/\/schema.org","@graph":[{"@type":"WebPage","@id":"https:\/\/onlinelotto365.com\/da\/spille\/","url":"https:\/\/onlinelotto365.com\/da\/spille\/","name":"Spil Lotto Online - flere jackpots for lotteri fans fra hele verden","isPartOf":{"@id":"https:\/\/onlinelotto365.com\/da\/#website"},"primaryImageOfPage":{"@id":"https:\/\/onlinelotto365.com\/da\/spille\/#primaryimage"},"image":{"@id":"https:\/\/onlinelotto365.com\/da\/spille\/#primaryimage"},"thumbnailUrl":"https:\/\/redfoxlotto.com\/image?size=7&amp;lottery=mega-millions","datePublished":"2020-12-03T07:13:10+00:00","dateModified":"2022-11-08T10:20:24+00:00","description":"Vi g\u00f8r det nemt for dig at spille udenlandske lotterier online - alle de store jackpots er her","breadcrumb":{"@id":"https:\/\/onlinelotto365.com\/da\/spille\/#breadcrumb"},"inLanguage":"da-DK","potentialAction":[{"@type":"ReadAction","target":["https:\/\/onlinelotto365.com\/da\/spille\/"]}]},{"@type":"ImageObject","inLanguage":"da-DK","@id":"https:\/\/onlinelotto365.com\/da\/spille\/#primaryimage","url":"https:\/\/redfoxlotto.com\/image?size=7&amp;lottery=mega-millions","contentUrl":"https:\/\/redfoxlotto.com\/image?size=7&amp;lottery=mega-millions"},{"@type":"BreadcrumbList","@id":"https:\/\/onlinelotto365.com\/da\/spille\/#breadcrumb","itemListElement":[{"@type":"ListItem","position":1,"name":"Home","item":"https:\/\/onlinelotto365.com\/da\/"},{"@type":"ListItem","position":2,"name":"Alt, hvad du skal vide om dine muligheder for at spille de bedste lotterier online"}]},{"@type":"WebSite","@id":"https:\/\/onlinelotto365.com\/da\/#website","url":"https:\/\/onlinelotto365.com\/da\/","name":"OnlineLotto365","description":"","potentialAction":[{"@type":"SearchAction","target":{"@type":"EntryPoint","urlTemplate":"https:\/\/onlinelotto365.com\/da\/?s={search_term_string}"},"query-input":{"@type":"PropertyValueSpecification","valueRequired":true,"valueName":"search_term_string"}}],"inLanguage":"da-DK"}]}},"_links":{"self":[{"href":"https:\/\/onlinelotto365.com\/da\/wp-json\/wp\/v2\/pages\/5013","targetHints":{"allow":["GET"]}}],"collection":[{"href":"https:\/\/onlinelotto365.com\/da\/wp-json\/wp\/v2\/pages"}],"about":[{"href":"https:\/\/onlinelotto365.com\/da\/wp-json\/wp\/v2\/types\/page"}],"author":[{"embeddable":true,"href":"https:\/\/onlinelotto365.com\/da\/wp-json\/wp\/v2\/users\/1"}],"replies":[{"embeddable":true,"href":"https:\/\/onlinelotto365.com\/da\/wp-json\/wp\/v2\/comments?post=5013"}],"version-history":[{"count":0,"href":"https:\/\/onlinelotto365.com\/da\/wp-json\/wp\/v2\/pages\/5013\/revisions"}],"wp:attachment":[{"href":"https:\/\/onlinelotto365.com\/da\/wp-json\/wp\/v2\/media?parent=5013"}],"curies":[{"name":"wp","href":"https:\/\/api.w.org\/{rel}","templated":true}]}}