{"id":5567,"date":"2020-12-04T16:53:37","date_gmt":"2020-12-04T15:53:37","guid":{"rendered":"http:\/\/onlinelotto365.net\/?page_id=5567"},"modified":"2021-03-05T17:02:31","modified_gmt":"2021-03-05T16:02:31","slug":"koebe-billetter","status":"publish","type":"page","link":"https:\/\/onlinelotto365.com\/da\/koebe-billetter\/","title":{"rendered":"At spille verdensomsp\u00e6ndende Lotto"},"content":{"rendered":"<p>At spille lotto er en yndlingsbesk\u00e6ftigelse i hele verden. N\u00e6sten alle lande har sit eget lottospil, for det meste organiseret af staten. Nogle lotterier giver indt\u00e6gterne til velg\u00f8renhed, og nogle bruger simplet hen indt\u00e6gterne som skatteindt\u00e6gter.<\/p>\n<p>Hvor popul\u00e6rt lottospillet er, afh\u00e6nger naturligvis meget af, hvor mange penge der rent faktisk kan vindes. Som f\u00f8lge heraf, har de fleste lotto-kommissioner fundet metoder til at \u00f8ge gevinsternes st\u00f8rrelse. Den mest popul\u00e6re m\u00e5de at g\u00f8re dette p\u00e5, er ved at tilbyde en jackpot &#8211; hver gang hovedpr\u00e6mien ikke er vundet, gemmes ubetalte gevinster og tilf\u00f8jes den pulje, der spilles om i n\u00e6ste spil.<br \/>\n<a href=\"https:\/\/redfoxlotto.com\/?ref=a8564250a2&amp;medium=ol365\" target=\"_blank\" rel=\"noopener noreferrer\"><img loading=\"lazy\" decoding=\"async\" class=\"aligncenter\" src=\"https:\/\/redfoxlotto.com\/image?size=8&amp;lottery=euromillions\" alt=\"Euromillions\" width=\"720\" height=\"90\" \/><\/a><\/p>\n<h2>Den klassiske jackpot-ordning<\/h2>\n<p>Det typiske for en lotteri-jackpot er, at f\u00e5 udtrukket 5 eller 6 tal fra i alt 39, 49 eller 59 numre. Rammer du 5 eller 6 numre vil du allerede blive ret rig, men denne tal kombination bliver ramt n\u00e6sten hver uge. S\u00e5 for at opn\u00e5 h\u00f8je jackpots er et ekstra tal tilf\u00f8jet (for det meste mellem 0 og 9). Hvis du \u00f8nsker at vinde jackpot, skal du have de 5 eller 6 hoved-numre rigtige PLUS jackpot nummeret.<\/p>\n<h2>Hvilke lotterier har verdens st\u00f8rste lotteri-jackpots ?<\/h2>\n<p><img loading=\"lazy\" decoding=\"async\" class=\" wp-image-729 alignright\" src=\"https:\/\/onlinelotto365.com\/wp-content\/uploads\/2020\/11\/online_lottery-52-300x169.jpg\" alt=\"k\u00f8b lotteri kuponer online\" width=\"210\" height=\"119\" \/><\/p>\n<p>Nogle lotterier er kendte for at have virkelig store jackpots. Og det er ikke underligt, at de amerikanske lotto jackpots ligger i toppen af de st\u00f8rste lotto jackpots i verden. Mega Millions og Powerball er de to st\u00f8rste amerikanske lotterier og deres jackpots har flere gange n\u00e5et astronomiske st\u00f8rrelser p\u00e5 over 500 millioner Dollars.<\/p>\n<p>Det italienske Superena, Det spanske El Gordo Loto er ogs\u00e5 ret popul\u00e6re. Disse lotterier har ofte jackpots, der ikke er vundet i meget lang tid. \u00c5rsagen er, at antallet af mulige kombinationer, der kan genereres i henhold til reglerne, er ganske h\u00f8jt.<\/p>\n<p>Og s\u00e5 er der \u00e9n ret ny lotto begivenhed, der p\u00e5 det sidste har p\u00e5kaldt sig opm\u00e6rksomhed fra lotto fans over hele verden: The EuroMillions lotto. P\u00e5 grund af, at dette lotteri er tilg\u00e6ngeligt i flere europ\u00e6iske lande, og at disse lande har masser af lotto fans med penge, er denne lotteri-jackpot n\u00e6sten altid t\u00e6t p\u00e5 100 millioner euro.<\/p>\n<p>Hvis du vil vide, hvilket lottospil der i \u00f8jeblikket har den st\u00f8rste jackpot, skal du bare kigge p\u00e5 kolonnen i h\u00f8jre side p\u00e5 vores hjemmeside. I denne kolonne kan du finde verdens nuv\u00e6rende lotto-jackpots sorteret efter st\u00f8rrelse.<\/p>\n<p><a href=\"https:\/\/redfoxlotto.com\/da\/?ref=A8564250A2&amp;campaign=ol365\" target=\"_blank\" rel=\"noopener\"><span style=\"text-decoration: underline;\"><strong>V\u00e6lg en af dem ved blot at klikke, v\u00e6lg derefter dine tal og betal online!<\/strong><\/span><\/a><\/p>\n<h2>Hvordan spiller man p\u00e5 disse verdensomsp\u00e6ndende lotterier ?<\/h2>\n<p>Disse lotterier var oprindeligt beregnet til indbyggerne i de p\u00e5g\u00e6ldende lande, men der findes nu en service, som g\u00f8r det muligt for alle, at spille lotto p\u00e5 verdensplan. Det er uden betydning, hvor du bor &#8211; du kan v\u00e6lge dine numre og bestille en kupon online via RedFoxLotto &#8211; klik her for at komme i gang.<\/p>\n<p>Dette er en verdensomsp\u00e6ndende kurer-service, der vil k\u00f8be en fysisk kupon til dig, sende dig en kopi, og hj\u00e6lpe dig med at indkassere din gevinst, hvis du vinder. Dette er ikke et lotteri-fupnummer, det er et velrenommeret firma, der har leveret en p\u00e5lidelig service til lotto fans fra hele verden i mange \u00e5r.<\/p>\n<p>Fodelen er, at n\u00e5r du kan v\u00e6lge et hvilket som helst af disse verdensomsp\u00e6ndende lotterier, s\u00e5 kan du forbedre dine chancer for at vinde betydeligt. Det er faktisk ret enkelt : i stedet for at spille dit lokale lottospil hvor jackpotten m\u00e5ske er lav, investerer de samme penge, og f\u00e5r en kupon til en jackpot et andet sted i verden, hvor den er 10 eller 50 gange h\u00f8jere!<\/p>\n","protected":false},"excerpt":{"rendered":"<p>At spille lotto er en yndlingsbesk\u00e6ftigelse i hele verden. N\u00e6sten alle lande har sit eget lottospil, for det meste organiseret af staten. Nogle lotterier giver indt\u00e6gterne til velg\u00f8renhed, og nogle bruger simplet hen indt\u00e6gterne som skatteindt\u00e6gter. Hvor popul\u00e6rt lottospillet er, afh\u00e6nger naturligvis meget af, hvor mange penge der rent faktisk kan vindes. Som f\u00f8lge heraf, [&hellip;]<\/p>\n","protected":false},"author":1,"featured_media":0,"parent":0,"menu_order":3,"comment_status":"closed","ping_status":"closed","template":"Information.php","meta":{"_et_pb_use_builder":"","_et_pb_old_content":"","_et_gb_content_width":"","exclude_from_search":false,"footnotes":""},"class_list":["post-5567","page","type-page","status-publish","hentry"],"yoast_head":"<!-- This site is optimized with the Yoast SEO plugin v23.4 - https:\/\/yoast.com\/wordpress\/plugins\/seo\/ -->\n<title>K\u00f8b online kuponer til de verdensomsp\u00e6ndende lotterier i verden<\/title>\n<meta name=\"description\" content=\"K\u00f8ber du stadig lotteri lokalt? Der er meget bedre lotto jackpots - bare k\u00f8b dine billetter online!\" \/>\n<meta name=\"robots\" content=\"index, follow, max-snippet:-1, max-image-preview:large, max-video-preview:-1\" \/>\n<link rel=\"canonical\" href=\"https:\/\/onlinelotto365.com\/da\/koebe-billetter\/\" \/>\n<meta property=\"og:locale\" content=\"da_DK\" \/>\n<meta property=\"og:type\" content=\"article\" \/>\n<meta property=\"og:title\" content=\"K\u00f8b online kuponer til de verdensomsp\u00e6ndende lotterier i verden\" \/>\n<meta property=\"og:description\" content=\"K\u00f8ber du stadig lotteri lokalt? Der er meget bedre lotto jackpots - bare k\u00f8b dine billetter online!\" \/>\n<meta property=\"og:url\" content=\"https:\/\/onlinelotto365.com\/da\/koebe-billetter\/\" \/>\n<meta property=\"og:site_name\" content=\"OnlineLotto365\" \/>\n<meta property=\"article:modified_time\" content=\"2021-03-05T16:02:31+00:00\" \/>\n<meta property=\"og:image\" content=\"https:\/\/redfoxlotto.com\/image?size=8&amp;lottery=euromillions\" \/>\n<meta name=\"twitter:card\" content=\"summary_large_image\" \/>\n<meta name=\"twitter:label1\" content=\"Estimeret l\u00e6setid\" \/>\n\t<meta name=\"twitter:data1\" content=\"3 minutter\" \/>\n<script type=\"application\/ld+json\" class=\"yoast-schema-graph\">{\"@context\":\"https:\/\/schema.org\",\"@graph\":[{\"@type\":\"WebPage\",\"@id\":\"https:\/\/onlinelotto365.com\/da\/koebe-billetter\/\",\"url\":\"https:\/\/onlinelotto365.com\/da\/koebe-billetter\/\",\"name\":\"K\u00f8b online kuponer til de verdensomsp\u00e6ndende lotterier i verden\",\"isPartOf\":{\"@id\":\"https:\/\/onlinelotto365.com\/da\/#website\"},\"primaryImageOfPage\":{\"@id\":\"https:\/\/onlinelotto365.com\/da\/koebe-billetter\/#primaryimage\"},\"image\":{\"@id\":\"https:\/\/onlinelotto365.com\/da\/koebe-billetter\/#primaryimage\"},\"thumbnailUrl\":\"https:\/\/redfoxlotto.com\/image?size=8&amp;lottery=euromillions\",\"datePublished\":\"2020-12-04T15:53:37+00:00\",\"dateModified\":\"2021-03-05T16:02:31+00:00\",\"description\":\"K\u00f8ber du stadig lotteri lokalt? Der er meget bedre lotto jackpots - bare k\u00f8b dine billetter online!\",\"breadcrumb\":{\"@id\":\"https:\/\/onlinelotto365.com\/da\/koebe-billetter\/#breadcrumb\"},\"inLanguage\":\"da-DK\",\"potentialAction\":[{\"@type\":\"ReadAction\",\"target\":[\"https:\/\/onlinelotto365.com\/da\/koebe-billetter\/\"]}]},{\"@type\":\"ImageObject\",\"inLanguage\":\"da-DK\",\"@id\":\"https:\/\/onlinelotto365.com\/da\/koebe-billetter\/#primaryimage\",\"url\":\"https:\/\/redfoxlotto.com\/image?size=8&amp;lottery=euromillions\",\"contentUrl\":\"https:\/\/redfoxlotto.com\/image?size=8&amp;lottery=euromillions\"},{\"@type\":\"BreadcrumbList\",\"@id\":\"https:\/\/onlinelotto365.com\/da\/koebe-billetter\/#breadcrumb\",\"itemListElement\":[{\"@type\":\"ListItem\",\"position\":1,\"name\":\"Home\",\"item\":\"https:\/\/onlinelotto365.com\/da\/\"},{\"@type\":\"ListItem\",\"position\":2,\"name\":\"At spille verdensomsp\u00e6ndende Lotto\"}]},{\"@type\":\"WebSite\",\"@id\":\"https:\/\/onlinelotto365.com\/da\/#website\",\"url\":\"https:\/\/onlinelotto365.com\/da\/\",\"name\":\"OnlineLotto365\",\"description\":\"\",\"potentialAction\":[{\"@type\":\"SearchAction\",\"target\":{\"@type\":\"EntryPoint\",\"urlTemplate\":\"https:\/\/onlinelotto365.com\/da\/?s={search_term_string}\"},\"query-input\":{\"@type\":\"PropertyValueSpecification\",\"valueRequired\":true,\"valueName\":\"search_term_string\"}}],\"inLanguage\":\"da-DK\"}]}<\/script>\n<!-- \/ Yoast SEO plugin. -->","yoast_head_json":{"title":"K\u00f8b online kuponer til de verdensomsp\u00e6ndende lotterier i verden","description":"K\u00f8ber du stadig lotteri lokalt? Der er meget bedre lotto jackpots - bare k\u00f8b dine billetter online!","robots":{"index":"index","follow":"follow","max-snippet":"max-snippet:-1","max-image-preview":"max-image-preview:large","max-video-preview":"max-video-preview:-1"},"canonical":"https:\/\/onlinelotto365.com\/da\/koebe-billetter\/","og_locale":"da_DK","og_type":"article","og_title":"K\u00f8b online kuponer til de verdensomsp\u00e6ndende lotterier i verden","og_description":"K\u00f8ber du stadig lotteri lokalt? Der er meget bedre lotto jackpots - bare k\u00f8b dine billetter online!","og_url":"https:\/\/onlinelotto365.com\/da\/koebe-billetter\/","og_site_name":"OnlineLotto365","article_modified_time":"2021-03-05T16:02:31+00:00","og_image":[{"url":"https:\/\/redfoxlotto.com\/image?size=8&amp;lottery=euromillions"}],"twitter_card":"summary_large_image","twitter_misc":{"Estimeret l\u00e6setid":"3 minutter"},"schema":{"@context":"https:\/\/schema.org","@graph":[{"@type":"WebPage","@id":"https:\/\/onlinelotto365.com\/da\/koebe-billetter\/","url":"https:\/\/onlinelotto365.com\/da\/koebe-billetter\/","name":"K\u00f8b online kuponer til de verdensomsp\u00e6ndende lotterier i verden","isPartOf":{"@id":"https:\/\/onlinelotto365.com\/da\/#website"},"primaryImageOfPage":{"@id":"https:\/\/onlinelotto365.com\/da\/koebe-billetter\/#primaryimage"},"image":{"@id":"https:\/\/onlinelotto365.com\/da\/koebe-billetter\/#primaryimage"},"thumbnailUrl":"https:\/\/redfoxlotto.com\/image?size=8&amp;lottery=euromillions","datePublished":"2020-12-04T15:53:37+00:00","dateModified":"2021-03-05T16:02:31+00:00","description":"K\u00f8ber du stadig lotteri lokalt? Der er meget bedre lotto jackpots - bare k\u00f8b dine billetter online!","breadcrumb":{"@id":"https:\/\/onlinelotto365.com\/da\/koebe-billetter\/#breadcrumb"},"inLanguage":"da-DK","potentialAction":[{"@type":"ReadAction","target":["https:\/\/onlinelotto365.com\/da\/koebe-billetter\/"]}]},{"@type":"ImageObject","inLanguage":"da-DK","@id":"https:\/\/onlinelotto365.com\/da\/koebe-billetter\/#primaryimage","url":"https:\/\/redfoxlotto.com\/image?size=8&amp;lottery=euromillions","contentUrl":"https:\/\/redfoxlotto.com\/image?size=8&amp;lottery=euromillions"},{"@type":"BreadcrumbList","@id":"https:\/\/onlinelotto365.com\/da\/koebe-billetter\/#breadcrumb","itemListElement":[{"@type":"ListItem","position":1,"name":"Home","item":"https:\/\/onlinelotto365.com\/da\/"},{"@type":"ListItem","position":2,"name":"At spille verdensomsp\u00e6ndende Lotto"}]},{"@type":"WebSite","@id":"https:\/\/onlinelotto365.com\/da\/#website","url":"https:\/\/onlinelotto365.com\/da\/","name":"OnlineLotto365","description":"","potentialAction":[{"@type":"SearchAction","target":{"@type":"EntryPoint","urlTemplate":"https:\/\/onlinelotto365.com\/da\/?s={search_term_string}"},"query-input":{"@type":"PropertyValueSpecification","valueRequired":true,"valueName":"search_term_string"}}],"inLanguage":"da-DK"}]}},"_links":{"self":[{"href":"https:\/\/onlinelotto365.com\/da\/wp-json\/wp\/v2\/pages\/5567","targetHints":{"allow":["GET"]}}],"collection":[{"href":"https:\/\/onlinelotto365.com\/da\/wp-json\/wp\/v2\/pages"}],"about":[{"href":"https:\/\/onlinelotto365.com\/da\/wp-json\/wp\/v2\/types\/page"}],"author":[{"embeddable":true,"href":"https:\/\/onlinelotto365.com\/da\/wp-json\/wp\/v2\/users\/1"}],"replies":[{"embeddable":true,"href":"https:\/\/onlinelotto365.com\/da\/wp-json\/wp\/v2\/comments?post=5567"}],"version-history":[{"count":0,"href":"https:\/\/onlinelotto365.com\/da\/wp-json\/wp\/v2\/pages\/5567\/revisions"}],"wp:attachment":[{"href":"https:\/\/onlinelotto365.com\/da\/wp-json\/wp\/v2\/media?parent=5567"}],"curies":[{"name":"wp","href":"https:\/\/api.w.org\/{rel}","templated":true}]}}