{"id":5826,"date":"2020-12-05T09:17:10","date_gmt":"2020-12-05T08:17:10","guid":{"rendered":"http:\/\/onlinelotto365.net\/?page_id=5826"},"modified":"2021-03-14T18:56:33","modified_gmt":"2021-03-14T17:56:33","slug":"vindende-numre","status":"publish","type":"page","link":"https:\/\/onlinelotto365.com\/da\/vindende-numre\/","title":{"rendered":"F\u00e5 vindertal og resultater for de seneste lotteriudtr\u00e6kninger"},"content":{"rendered":"<p>F\u00e5 vindertallene for verdens st\u00f8rste internationale lotterier her. Hvis du har spillet med i nogle af disse internationale lotterier, h\u00e5ber vi, du sidder inde med den lodseddel, der har vindertallene! Og vidste du forresten, at det er sket flere gange, at spillere har f\u00e5et den store gevinst ved at bruge vindertallene fra et udenlandsk lotteri til at spille i deres eget lokale lotteri?<br \/>\n<a href=\"https:\/\/redfoxlotto.com\/?ref=a8564250a2&amp;medium=ol365\" target=\"_blank\" rel=\"noopener noreferrer\"><img loading=\"lazy\" decoding=\"async\" class=\"aligncenter\" src=\"https:\/\/redfoxlotto.com\/image?size=8&amp;lottery=eurojackpot\" alt=\"eurojackpot\" width=\"720\" height=\"90\" \/><\/a><\/p>\n<p>Men det vigtigste er, at du sikkert ikke vidste, at du nu kan v\u00e6lge at deltage i klodens st\u00f8rste lotterier \u2013 endda lotterier i lande, du ikke bor i! Uanset om du er interesseret i Powerball, Mega Millions, Euromillions eller hvilket som helst andet lotteri, der tilbydes her, kan du k\u00f8be lodsedler online nu. For at deltage klikker du bare p\u00e5 \u201cSpil med\u201d knappen for at finde dit yndlingslotteri ved siden af resultaterne herunder. I l\u00f8bet af nogle f\u00e5 minutter har du dine lodsedler. Personligt anbefaler vi, at du kigger p\u00e5 jackpotternes st\u00f8rrelse og v\u00e6lger det lotteri, der i \u00f8jeblikket har den st\u00f8rste jackpot!<\/p>\n<h2>Hvor findes lotteriresultaterne fra i dag<\/h2>\n<p>Vil du gerne se resultaterne med det samme? Lige s\u00e5 snart, de er tilg\u00e6ngelige? Hvis du vil det, er det en god ide at komme tilbage til din online lodseddeltjeneste. Her finder du akkurat, hvad du s\u00f8ger, for her kan du ikke blot finde lotteriresultaterne p\u00e5 samme dag som udtr\u00e6kningen, de er der er i samme \u00f8jeblik, udtr\u00e6kningen er f\u00e6rdig. For ikke at tale om, at du s\u00e5 er klar til at spille dit n\u00e6ste s\u00e6t lykketal, s\u00e5 snart du finder ud af, om du har vundet.<\/p>\n<h2>Log ind og tjek sektionen \u2019Mine Lodsedler\u2019<\/h2>\n<p>Den mest praktiske og sikre m\u00e5de, hvorp\u00e5 du kan finde ud af, om du har vundet noget, er at logge ind p\u00e5 din konto og tjekke dine eksisterende lodsedler. N\u00e5r lottoresultaterne er i hus, er det let at sammenligne dine lodsedler med vindertallene. Med en online lodseddel er der heller ingen risiko for, at du g\u00e5r hen og mister lodsedlen. Den er her altid, p\u00e5 din konto. Og desuden giver vi dig besked, n\u00e5r du har gevinst!<\/p>\n<p>Hvis du har k\u00f8bt lodsedler online gennem os, f\u00e5r du altid underretning via mail, n\u00e5r du har vundet noget. Det er selvf\u00f8lgelig vigtigt, at din mailudbyder ikke flytter vores mails til spam mappen. S\u00f8rg for at f\u00f8je os til listen over betroede kontakter.<\/p>\n<h2>Find det senere<\/h2>\n<p><img loading=\"lazy\" decoding=\"async\" class=\"alignright wp-image-1037\" src=\"https:\/\/onlinelotto365.com\/wp-content\/uploads\/2020\/11\/online_lottery-86-300x228.jpg\" alt=\"tjek vindertal for lotteriet\" width=\"218\" height=\"166\" \/><\/p>\n<p>Hvis du ikke er helt s\u00e5 forhippet p\u00e5 at f\u00e5 resultaterne af en udtr\u00e6kning, s\u00e5 snart den finder sted, har du flere forskellige muligheder for at finde dem senere. Nogle af disse er lige efter udtr\u00e6kningen, mens andre m\u00e5ske f\u00f8rst er dagen efter, s\u00e5 det er op til dig at v\u00e6lge, hvilken metode passer dig bedst, og hvordan du b\u00e6rer dig ad med at finde vindertallene. Hvis du fx ikke har noget imod at vente, kan du l\u00e6se dem i avisen dagen efter udtr\u00e6kningen. Hvis du vil finde dem hurtigt, findes der officielle hjemmesider, som du kan tjekke for at f\u00e5 flere oplysninger, lige efter udtr\u00e6kningen udsendes live.<\/p>\n<p>Hvis du vil have hurtig besked, er den n\u00e6stbedste m\u00e5de at g\u00e5 online. Det gode ved dette er, at du kan finde alle lotteriresultaterne for de st\u00f8rste udtr\u00e6kninger og jackpotter, s\u00e5 du altid kan f\u00e5 lotteriresultaterne samme dag. Med denne tjeneste kan du logge p\u00e5 og se det hele fremlagt for dig p\u00e5 hjemmesiden fra den seneste udtr\u00e6kning til den \u00e6ldste, s\u00e5 du kan rulle igennem dem, som du har lyst. For ikke at tale om, at du ser, hvor udtr\u00e6kningen foreg\u00e5r, og hvad det samlede gevinstbel\u00f8b er. S\u00e5 der er alt, hvad du har brug for at vide.<\/p>\n<h2>Find gevinstbel\u00f8bene<\/h2>\n<p>Men hvad s\u00e5, hvis du allerede har set tallene, men nu vil du gerne vide mere om gevinsterne? Det er faktisk meget nemt. Disse oplysninger har vi ogs\u00e5, og vi opdaterer dem i realtid.<\/p>\n<h2>Udbetaling af online pr\u00e6mier<\/h2>\n<p>Hvis du vinder en pr\u00e6mie online, er processen lidt anderledes end det, du ville g\u00f8re, hvis du vandt med en lodseddel, du har k\u00f8bt i en butik. Hvis du vinder et bel\u00f8b p\u00e5 over 2500 euro, skal du udfylde en formular online for at f\u00e5 pr\u00e6mien udbetalt. Resten klarer vi for dig.<\/p>\n<p>Gevinster under 2500 euro bliver \u00f8jeblikkeligt indsat p\u00e5 din spillekonto p\u00e5 hjemmesiden. Derfra kan du enten bruge pengene til at k\u00f8be flere lodsedler, eller du kan s\u00e6tte gang i udbetaling af pengene.<\/p>\n<h2>Kort sagt<\/h2>\n<p>Hvis du gerne vil have dagens lotteriresultater, er det bare om at vide, hvor du finder dem. Uanset om dette betyder, at kigger online, ser dem live eller tjekker dem dagen efter, f\u00e5r du ikke nogen problemer her. Du kan holde styr p\u00e5 b\u00e5de dine egne lottotal og vindertallene. Og du kan nemt spille med i dine yndlingslotterier og endda opdage nogle nye fra helt forskellige dele af verden.<\/p>\n","protected":false},"excerpt":{"rendered":"<p>F\u00e5 vindertallene for verdens st\u00f8rste internationale lotterier her. Hvis du har spillet med i nogle af disse internationale lotterier, h\u00e5ber vi, du sidder inde med den lodseddel, der har vindertallene! Og vidste du forresten, at det er sket flere gange, at spillere har f\u00e5et den store gevinst ved at bruge vindertallene fra et udenlandsk lotteri [&hellip;]<\/p>\n","protected":false},"author":1,"featured_media":0,"parent":0,"menu_order":4,"comment_status":"closed","ping_status":"closed","template":"Results.php","meta":{"_et_pb_use_builder":"","_et_pb_old_content":"","_et_gb_content_width":"","exclude_from_search":false,"footnotes":""},"class_list":["post-5826","page","type-page","status-publish","hentry"],"yoast_head":"<!-- This site is optimized with the Yoast SEO plugin v23.4 - https:\/\/yoast.com\/wordpress\/plugins\/seo\/ -->\n<title>Vindertal og resultater for verdens st\u00f8rste jackpotter<\/title>\n<meta name=\"description\" content=\"Find denne uges lotteriresultater og vindertallene for de st\u00f8rste lotterier her\" \/>\n<meta name=\"robots\" content=\"index, follow, max-snippet:-1, max-image-preview:large, max-video-preview:-1\" \/>\n<link rel=\"canonical\" href=\"https:\/\/onlinelotto365.com\/da\/vindende-numre\/\" \/>\n<meta property=\"og:locale\" content=\"da_DK\" \/>\n<meta property=\"og:type\" content=\"article\" \/>\n<meta property=\"og:title\" content=\"Vindertal og resultater for verdens st\u00f8rste jackpotter\" \/>\n<meta property=\"og:description\" content=\"Find denne uges lotteriresultater og vindertallene for de st\u00f8rste lotterier her\" \/>\n<meta property=\"og:url\" content=\"https:\/\/onlinelotto365.com\/da\/vindende-numre\/\" \/>\n<meta property=\"og:site_name\" content=\"OnlineLotto365\" \/>\n<meta property=\"article:modified_time\" content=\"2021-03-14T17:56:33+00:00\" \/>\n<meta property=\"og:image\" content=\"https:\/\/redfoxlotto.com\/image?size=8&amp;lottery=eurojackpot\" \/>\n<meta name=\"twitter:card\" content=\"summary_large_image\" \/>\n<meta name=\"twitter:label1\" content=\"Estimeret l\u00e6setid\" \/>\n\t<meta name=\"twitter:data1\" content=\"4 minutter\" \/>\n<script type=\"application\/ld+json\" class=\"yoast-schema-graph\">{\"@context\":\"https:\/\/schema.org\",\"@graph\":[{\"@type\":\"WebPage\",\"@id\":\"https:\/\/onlinelotto365.com\/da\/vindende-numre\/\",\"url\":\"https:\/\/onlinelotto365.com\/da\/vindende-numre\/\",\"name\":\"Vindertal og resultater for verdens st\u00f8rste jackpotter\",\"isPartOf\":{\"@id\":\"https:\/\/onlinelotto365.com\/da\/#website\"},\"primaryImageOfPage\":{\"@id\":\"https:\/\/onlinelotto365.com\/da\/vindende-numre\/#primaryimage\"},\"image\":{\"@id\":\"https:\/\/onlinelotto365.com\/da\/vindende-numre\/#primaryimage\"},\"thumbnailUrl\":\"https:\/\/redfoxlotto.com\/image?size=8&amp;lottery=eurojackpot\",\"datePublished\":\"2020-12-05T08:17:10+00:00\",\"dateModified\":\"2021-03-14T17:56:33+00:00\",\"description\":\"Find denne uges lotteriresultater og vindertallene for de st\u00f8rste lotterier her\",\"breadcrumb\":{\"@id\":\"https:\/\/onlinelotto365.com\/da\/vindende-numre\/#breadcrumb\"},\"inLanguage\":\"da-DK\",\"potentialAction\":[{\"@type\":\"ReadAction\",\"target\":[\"https:\/\/onlinelotto365.com\/da\/vindende-numre\/\"]}]},{\"@type\":\"ImageObject\",\"inLanguage\":\"da-DK\",\"@id\":\"https:\/\/onlinelotto365.com\/da\/vindende-numre\/#primaryimage\",\"url\":\"https:\/\/redfoxlotto.com\/image?size=8&amp;lottery=eurojackpot\",\"contentUrl\":\"https:\/\/redfoxlotto.com\/image?size=8&amp;lottery=eurojackpot\"},{\"@type\":\"BreadcrumbList\",\"@id\":\"https:\/\/onlinelotto365.com\/da\/vindende-numre\/#breadcrumb\",\"itemListElement\":[{\"@type\":\"ListItem\",\"position\":1,\"name\":\"Home\",\"item\":\"https:\/\/onlinelotto365.com\/da\/\"},{\"@type\":\"ListItem\",\"position\":2,\"name\":\"F\u00e5 vindertal og resultater for de seneste lotteriudtr\u00e6kninger\"}]},{\"@type\":\"WebSite\",\"@id\":\"https:\/\/onlinelotto365.com\/da\/#website\",\"url\":\"https:\/\/onlinelotto365.com\/da\/\",\"name\":\"OnlineLotto365\",\"description\":\"\",\"potentialAction\":[{\"@type\":\"SearchAction\",\"target\":{\"@type\":\"EntryPoint\",\"urlTemplate\":\"https:\/\/onlinelotto365.com\/da\/?s={search_term_string}\"},\"query-input\":{\"@type\":\"PropertyValueSpecification\",\"valueRequired\":true,\"valueName\":\"search_term_string\"}}],\"inLanguage\":\"da-DK\"}]}<\/script>\n<!-- \/ Yoast SEO plugin. -->","yoast_head_json":{"title":"Vindertal og resultater for verdens st\u00f8rste jackpotter","description":"Find denne uges lotteriresultater og vindertallene for de st\u00f8rste lotterier her","robots":{"index":"index","follow":"follow","max-snippet":"max-snippet:-1","max-image-preview":"max-image-preview:large","max-video-preview":"max-video-preview:-1"},"canonical":"https:\/\/onlinelotto365.com\/da\/vindende-numre\/","og_locale":"da_DK","og_type":"article","og_title":"Vindertal og resultater for verdens st\u00f8rste jackpotter","og_description":"Find denne uges lotteriresultater og vindertallene for de st\u00f8rste lotterier her","og_url":"https:\/\/onlinelotto365.com\/da\/vindende-numre\/","og_site_name":"OnlineLotto365","article_modified_time":"2021-03-14T17:56:33+00:00","og_image":[{"url":"https:\/\/redfoxlotto.com\/image?size=8&amp;lottery=eurojackpot"}],"twitter_card":"summary_large_image","twitter_misc":{"Estimeret l\u00e6setid":"4 minutter"},"schema":{"@context":"https:\/\/schema.org","@graph":[{"@type":"WebPage","@id":"https:\/\/onlinelotto365.com\/da\/vindende-numre\/","url":"https:\/\/onlinelotto365.com\/da\/vindende-numre\/","name":"Vindertal og resultater for verdens st\u00f8rste jackpotter","isPartOf":{"@id":"https:\/\/onlinelotto365.com\/da\/#website"},"primaryImageOfPage":{"@id":"https:\/\/onlinelotto365.com\/da\/vindende-numre\/#primaryimage"},"image":{"@id":"https:\/\/onlinelotto365.com\/da\/vindende-numre\/#primaryimage"},"thumbnailUrl":"https:\/\/redfoxlotto.com\/image?size=8&amp;lottery=eurojackpot","datePublished":"2020-12-05T08:17:10+00:00","dateModified":"2021-03-14T17:56:33+00:00","description":"Find denne uges lotteriresultater og vindertallene for de st\u00f8rste lotterier her","breadcrumb":{"@id":"https:\/\/onlinelotto365.com\/da\/vindende-numre\/#breadcrumb"},"inLanguage":"da-DK","potentialAction":[{"@type":"ReadAction","target":["https:\/\/onlinelotto365.com\/da\/vindende-numre\/"]}]},{"@type":"ImageObject","inLanguage":"da-DK","@id":"https:\/\/onlinelotto365.com\/da\/vindende-numre\/#primaryimage","url":"https:\/\/redfoxlotto.com\/image?size=8&amp;lottery=eurojackpot","contentUrl":"https:\/\/redfoxlotto.com\/image?size=8&amp;lottery=eurojackpot"},{"@type":"BreadcrumbList","@id":"https:\/\/onlinelotto365.com\/da\/vindende-numre\/#breadcrumb","itemListElement":[{"@type":"ListItem","position":1,"name":"Home","item":"https:\/\/onlinelotto365.com\/da\/"},{"@type":"ListItem","position":2,"name":"F\u00e5 vindertal og resultater for de seneste lotteriudtr\u00e6kninger"}]},{"@type":"WebSite","@id":"https:\/\/onlinelotto365.com\/da\/#website","url":"https:\/\/onlinelotto365.com\/da\/","name":"OnlineLotto365","description":"","potentialAction":[{"@type":"SearchAction","target":{"@type":"EntryPoint","urlTemplate":"https:\/\/onlinelotto365.com\/da\/?s={search_term_string}"},"query-input":{"@type":"PropertyValueSpecification","valueRequired":true,"valueName":"search_term_string"}}],"inLanguage":"da-DK"}]}},"_links":{"self":[{"href":"https:\/\/onlinelotto365.com\/da\/wp-json\/wp\/v2\/pages\/5826","targetHints":{"allow":["GET"]}}],"collection":[{"href":"https:\/\/onlinelotto365.com\/da\/wp-json\/wp\/v2\/pages"}],"about":[{"href":"https:\/\/onlinelotto365.com\/da\/wp-json\/wp\/v2\/types\/page"}],"author":[{"embeddable":true,"href":"https:\/\/onlinelotto365.com\/da\/wp-json\/wp\/v2\/users\/1"}],"replies":[{"embeddable":true,"href":"https:\/\/onlinelotto365.com\/da\/wp-json\/wp\/v2\/comments?post=5826"}],"version-history":[{"count":0,"href":"https:\/\/onlinelotto365.com\/da\/wp-json\/wp\/v2\/pages\/5826\/revisions"}],"wp:attachment":[{"href":"https:\/\/onlinelotto365.com\/da\/wp-json\/wp\/v2\/media?parent=5826"}],"curies":[{"name":"wp","href":"https:\/\/api.w.org\/{rel}","templated":true}]}}