{"id":77535,"date":"2022-11-01T11:20:05","date_gmt":"2022-11-01T10:20:05","guid":{"rendered":"https:\/\/onlinelotto365.com\/?page_id=77535"},"modified":"2022-11-09T12:41:35","modified_gmt":"2022-11-09T11:41:35","slug":"mon-wed-lotto","status":"publish","type":"page","link":"https:\/\/onlinelotto365.com\/da\/spille\/mon-wed-lotto\/","title":{"rendered":"At spille Mon &#038; Wed Lotto Australien er kun en af mulighederne for lotteri fans fra Danmark"},"content":{"rendered":"<h2>Hvordan man spiller Mon &amp; Wed Lotto Australia online<\/h2>\n<p>Hvis du befinder dig i Danmark beh\u00f8ver det ikke v\u00e6re sv\u00e6rt at spille Mon &amp; Wed Lotto Australia online. Det eneste du skal g\u00f8re er at finde ud af, hvilken m\u00e5de du vil g\u00f8re det p\u00e5, og hvordan du vil f\u00e5 de lodder, som du \u00f8nsker til den n\u00e6ste tr\u00e6kning. Det kan vi hj\u00e6lpe dig med.<\/p>\n<p>Vores system s\u00f8rger for, at du er p\u00e5 rette vej hele vejen igennem. Det eneste, du skal g\u00f8re, er at oprette din konto, v\u00e6lge de billetter og numre, du \u00f8nsker, og derefter betale for dem med din foretrukne betalingsmetode. Bare s\u00e5dan er du klar til at g\u00e5 i gang og venter p\u00e5 den n\u00e6ste tr\u00e6kning, s\u00e5 du kan tjekke dine lodder.<\/p>\n<p>Hvis du er klar til at v\u00e6lge de f\u00f8rste billetter, skal du bare v\u00e6lge det rigtige spil. I dette tilf\u00e6lde taler vi om Mon &amp; Wed Lotto Australia. S\u00e5 v\u00e6lg det rigtige spil, og begynd at v\u00e6lge dine numre.<br \/>\nEller v\u00e6lg et hurtigvalg, hvor computeren v\u00e6lger tilf\u00e6ldige tal for dig. Du kan endda stadig justere disse tal, hvis du skifter mening, s\u00e5 du f\u00e5r de tal, du \u00f8nsker for hver tr\u00e6kning.<\/p>\n<p>N\u00e5r du har valgt dine Mon &amp; Wed Lotto Australia-numre, kan du v\u00e6lge nogle billetter til andre spil, som du \u00f8nsker at spille, og tjekke ud. Checkout-processen er sikker og sikrer ogs\u00e5, at det er dig, der k\u00f8ber billetterne. Du skal bekr\u00e6fte din konto (og oprette en konto), og derefter kan du begynde at k\u00f8be de billetter, du \u00f8nsker.<\/p>\n<p>Du skal blot oprette en konto med dine personlige oplysninger og klikke p\u00e5 linket i den bekr\u00e6ftelsesmail, som vi sender. Den kan ligge i din spam-mappe, hvis du endnu ikke har tilf\u00f8jet os til din adressebog, s\u00e5 s\u00f8rg for at holde \u00f8je med den. Herefter er din konto klar, og du kan begynde at k\u00f8be de billetter, du \u00f8nsker.<\/p>\n<p><a href=\"https:\/\/redfoxlotto.com\/play\/monday-wednesday-lotto-au\/?ref=a8564250a2&amp;medium=ol365\" target=\"_blank\" rel=\"noopener noreferrer\"><img decoding=\"async\" class=\"aligncenter\" src=\"https:\/\/redfoxlotto.com\/image?size=8&amp;lottery=monday-wednesday-lotto-au\" alt=\"Mon &amp; Wed Lotto Australien\" \/><\/a><\/p>\n<h2>Om Mon &amp; Wed Lotto Australia<\/h2>\n<ul>\n<li>Land: Australien<\/li>\n<li>Hovednumre r\u00e6kkevidde: 45<\/li>\n<li>Du skal v\u00e6lge: 6<\/li>\n<li>Dage og timer for tr\u00e6kninger: Mandag, onsdag, 21:30 GMT+11 &#8211; 10:30 CET<\/li>\n<li>Jackpot starter p\u00e5: Jackpot starter ved 2,5 millioner AU$.<\/li>\n<li>Jackpot er begr\u00e6nset til: fast jackpot<\/li>\n<li>Chance for at vinde jackpotten: 1 ud af 8145060<\/li>\n<li>Chance for at vinde andenpr\u00e6mien: 1 ud af 678755<\/li>\n<li>Chance for at vinde enhver pr\u00e6mie: 1 ud af 85,44<\/li>\n<li>Antal pr\u00e6miekategorier: 6<\/li>\n<\/ul>\n<h2>Bedste funktioner i Mon &amp; Wed Lotto Australia<\/h2>\n<p>Mon &amp; Wed Lotto Australia tr\u00e6kkes to gange om ugen og giver dig en chance for at f\u00e5 del i milliongevinster. Og alt, hvad du skal g\u00f8re, er at give det en chance og komme med i pr\u00e6miepuljen i Division 1. Du ved aldrig, hvad du kan g\u00e5 derfra med.<\/p>\n<h2>S\u00e5dan tjekker du resultaterne af Mon &amp; Wed Lotto Australia<\/h2>\n<p>N\u00e5r det kommer til at tjekke resultaterne, bliver du m\u00e5ske overrasket over alle de steder, du kan g\u00e5 hen til. Du kan tjekke lotteriets hjemmeside for at finde tallene lige efter tr\u00e6kningen. Du kan ogs\u00e5 tjekke lokale aviser og tv-stationer efter tr\u00e6kningen.<br \/>\nMen hvis du \u00f8nsker at f\u00e5 dine resultater hurtigt og nemt, b\u00f8r du tjekke vores websted, hvor du har k\u00f8bt dine lodder. Du finder ikke kun de vindende numre, men ogs\u00e5 en sammenligning med dine numre.<\/p>\n<h2>Du har spillet Mon &amp; Wed Lotto Australia online og vundet &#8211; hvad sker der nu?<\/h2>\n<p>Se de vindende numre, dine numre og hvor meget du har vundet p\u00e5 spillet. Hvis du har vundet mindre end 2.500 \u20ac, beh\u00f8ver du ikke at g\u00f8re noget. Pengene vil allerede v\u00e6re p\u00e5 din konto.<br \/>\nOg n\u00e5r de f\u00f8rst er p\u00e5 din konto, skal du blot h\u00e6ve dem (hvis de er over 10 \u20ac) eller bruge dem p\u00e5 nogle flere lottokuponer. Du kan lade dem st\u00e5 p\u00e5 din konto, s\u00e5 du kan bruge dem s\u00e5 l\u00e6nge du vil, s\u00e5 de er der altid.<br \/>\nHvis du er heldig og vinder over 2.500 \u20ac, f\u00e5r du dog en besked fra vores supportteam. De vil hj\u00e6lpe dig med at finde ud af dine n\u00e6ste skridt, herunder udfylde en kravformular for at f\u00e5 din gevinst. Og derefter vil dine penge blive indsat direkte p\u00e5 din bankkonto eller sendt til dig med en check.<\/p>\n","protected":false},"excerpt":{"rendered":"<p>Hvordan man spiller Mon &amp; Wed Lotto Australia online Hvis du befinder dig i Danmark beh\u00f8ver det ikke v\u00e6re sv\u00e6rt at spille Mon &amp; Wed Lotto Australia online. Det eneste du skal g\u00f8re er at finde ud af, hvilken m\u00e5de du vil g\u00f8re det p\u00e5, og hvordan du vil f\u00e5 de lodder, som du \u00f8nsker [&hellip;]<\/p>\n","protected":false},"author":1,"featured_media":0,"parent":5013,"menu_order":16,"comment_status":"closed","ping_status":"closed","template":"template-rightsidebar.php","meta":{"_et_pb_use_builder":"","_et_pb_old_content":"","_et_gb_content_width":"","exclude_from_search":false,"footnotes":""},"class_list":["post-77535","page","type-page","status-publish","hentry"],"yoast_head":"<!-- This site is optimized with the Yoast SEO plugin v23.4 - https:\/\/yoast.com\/wordpress\/plugins\/seo\/ -->\n<title>Deltag i Mon &amp; Wed Lotto Australia selv fra Danmark<\/title>\n<meta name=\"description\" content=\"Leder du efter at spille Australias Won &amp; Wed lotto? F\u00e5 billetter her!\" \/>\n<meta name=\"robots\" content=\"index, follow, max-snippet:-1, max-image-preview:large, max-video-preview:-1\" \/>\n<link rel=\"canonical\" href=\"https:\/\/onlinelotto365.com\/da\/spille\/mon-wed-lotto\/\" \/>\n<meta property=\"og:locale\" content=\"da_DK\" \/>\n<meta property=\"og:type\" content=\"article\" \/>\n<meta property=\"og:title\" content=\"Deltag i Mon &amp; Wed Lotto Australia selv fra Danmark\" \/>\n<meta property=\"og:description\" content=\"Leder du efter at spille Australias Won &amp; Wed lotto? F\u00e5 billetter her!\" \/>\n<meta property=\"og:url\" content=\"https:\/\/onlinelotto365.com\/da\/spille\/mon-wed-lotto\/\" \/>\n<meta property=\"og:site_name\" content=\"OnlineLotto365\" \/>\n<meta property=\"article:modified_time\" content=\"2022-11-09T11:41:35+00:00\" \/>\n<meta property=\"og:image\" content=\"https:\/\/redfoxlotto.com\/image?size=8&amp;lottery=monday-wednesday-lotto-au\" \/>\n<meta name=\"twitter:card\" content=\"summary_large_image\" \/>\n<meta name=\"twitter:label1\" content=\"Estimeret l\u00e6setid\" \/>\n\t<meta name=\"twitter:data1\" content=\"4 minutter\" \/>\n<script type=\"application\/ld+json\" class=\"yoast-schema-graph\">{\"@context\":\"https:\/\/schema.org\",\"@graph\":[{\"@type\":\"WebPage\",\"@id\":\"https:\/\/onlinelotto365.com\/da\/spille\/mon-wed-lotto\/\",\"url\":\"https:\/\/onlinelotto365.com\/da\/spille\/mon-wed-lotto\/\",\"name\":\"Deltag i Mon & Wed Lotto Australia selv fra Danmark\",\"isPartOf\":{\"@id\":\"https:\/\/onlinelotto365.com\/da\/#website\"},\"primaryImageOfPage\":{\"@id\":\"https:\/\/onlinelotto365.com\/da\/spille\/mon-wed-lotto\/#primaryimage\"},\"image\":{\"@id\":\"https:\/\/onlinelotto365.com\/da\/spille\/mon-wed-lotto\/#primaryimage\"},\"thumbnailUrl\":\"https:\/\/redfoxlotto.com\/image?size=8&amp;lottery=monday-wednesday-lotto-au\",\"datePublished\":\"2022-11-01T10:20:05+00:00\",\"dateModified\":\"2022-11-09T11:41:35+00:00\",\"description\":\"Leder du efter at spille Australias Won & Wed lotto? F\u00e5 billetter her!\",\"breadcrumb\":{\"@id\":\"https:\/\/onlinelotto365.com\/da\/spille\/mon-wed-lotto\/#breadcrumb\"},\"inLanguage\":\"da-DK\",\"potentialAction\":[{\"@type\":\"ReadAction\",\"target\":[\"https:\/\/onlinelotto365.com\/da\/spille\/mon-wed-lotto\/\"]}]},{\"@type\":\"ImageObject\",\"inLanguage\":\"da-DK\",\"@id\":\"https:\/\/onlinelotto365.com\/da\/spille\/mon-wed-lotto\/#primaryimage\",\"url\":\"https:\/\/redfoxlotto.com\/image?size=8&amp;lottery=monday-wednesday-lotto-au\",\"contentUrl\":\"https:\/\/redfoxlotto.com\/image?size=8&amp;lottery=monday-wednesday-lotto-au\"},{\"@type\":\"BreadcrumbList\",\"@id\":\"https:\/\/onlinelotto365.com\/da\/spille\/mon-wed-lotto\/#breadcrumb\",\"itemListElement\":[{\"@type\":\"ListItem\",\"position\":1,\"name\":\"Home\",\"item\":\"https:\/\/onlinelotto365.com\/da\/\"},{\"@type\":\"ListItem\",\"position\":2,\"name\":\"Alt, hvad du skal vide om dine muligheder for at spille de bedste lotterier online\",\"item\":\"https:\/\/onlinelotto365.com\/da\/spille\/\"},{\"@type\":\"ListItem\",\"position\":3,\"name\":\"At spille Mon &#038; Wed Lotto Australien er kun en af mulighederne for lotteri fans fra Danmark\"}]},{\"@type\":\"WebSite\",\"@id\":\"https:\/\/onlinelotto365.com\/da\/#website\",\"url\":\"https:\/\/onlinelotto365.com\/da\/\",\"name\":\"OnlineLotto365\",\"description\":\"\",\"potentialAction\":[{\"@type\":\"SearchAction\",\"target\":{\"@type\":\"EntryPoint\",\"urlTemplate\":\"https:\/\/onlinelotto365.com\/da\/?s={search_term_string}\"},\"query-input\":{\"@type\":\"PropertyValueSpecification\",\"valueRequired\":true,\"valueName\":\"search_term_string\"}}],\"inLanguage\":\"da-DK\"}]}<\/script>\n<!-- \/ Yoast SEO plugin. -->","yoast_head_json":{"title":"Deltag i Mon & Wed Lotto Australia selv fra Danmark","description":"Leder du efter at spille Australias Won & Wed lotto? F\u00e5 billetter her!","robots":{"index":"index","follow":"follow","max-snippet":"max-snippet:-1","max-image-preview":"max-image-preview:large","max-video-preview":"max-video-preview:-1"},"canonical":"https:\/\/onlinelotto365.com\/da\/spille\/mon-wed-lotto\/","og_locale":"da_DK","og_type":"article","og_title":"Deltag i Mon & Wed Lotto Australia selv fra Danmark","og_description":"Leder du efter at spille Australias Won & Wed lotto? F\u00e5 billetter her!","og_url":"https:\/\/onlinelotto365.com\/da\/spille\/mon-wed-lotto\/","og_site_name":"OnlineLotto365","article_modified_time":"2022-11-09T11:41:35+00:00","og_image":[{"url":"https:\/\/redfoxlotto.com\/image?size=8&amp;lottery=monday-wednesday-lotto-au"}],"twitter_card":"summary_large_image","twitter_misc":{"Estimeret l\u00e6setid":"4 minutter"},"schema":{"@context":"https:\/\/schema.org","@graph":[{"@type":"WebPage","@id":"https:\/\/onlinelotto365.com\/da\/spille\/mon-wed-lotto\/","url":"https:\/\/onlinelotto365.com\/da\/spille\/mon-wed-lotto\/","name":"Deltag i Mon & Wed Lotto Australia selv fra Danmark","isPartOf":{"@id":"https:\/\/onlinelotto365.com\/da\/#website"},"primaryImageOfPage":{"@id":"https:\/\/onlinelotto365.com\/da\/spille\/mon-wed-lotto\/#primaryimage"},"image":{"@id":"https:\/\/onlinelotto365.com\/da\/spille\/mon-wed-lotto\/#primaryimage"},"thumbnailUrl":"https:\/\/redfoxlotto.com\/image?size=8&amp;lottery=monday-wednesday-lotto-au","datePublished":"2022-11-01T10:20:05+00:00","dateModified":"2022-11-09T11:41:35+00:00","description":"Leder du efter at spille Australias Won & Wed lotto? F\u00e5 billetter her!","breadcrumb":{"@id":"https:\/\/onlinelotto365.com\/da\/spille\/mon-wed-lotto\/#breadcrumb"},"inLanguage":"da-DK","potentialAction":[{"@type":"ReadAction","target":["https:\/\/onlinelotto365.com\/da\/spille\/mon-wed-lotto\/"]}]},{"@type":"ImageObject","inLanguage":"da-DK","@id":"https:\/\/onlinelotto365.com\/da\/spille\/mon-wed-lotto\/#primaryimage","url":"https:\/\/redfoxlotto.com\/image?size=8&amp;lottery=monday-wednesday-lotto-au","contentUrl":"https:\/\/redfoxlotto.com\/image?size=8&amp;lottery=monday-wednesday-lotto-au"},{"@type":"BreadcrumbList","@id":"https:\/\/onlinelotto365.com\/da\/spille\/mon-wed-lotto\/#breadcrumb","itemListElement":[{"@type":"ListItem","position":1,"name":"Home","item":"https:\/\/onlinelotto365.com\/da\/"},{"@type":"ListItem","position":2,"name":"Alt, hvad du skal vide om dine muligheder for at spille de bedste lotterier online","item":"https:\/\/onlinelotto365.com\/da\/spille\/"},{"@type":"ListItem","position":3,"name":"At spille Mon &#038; Wed Lotto Australien er kun en af mulighederne for lotteri fans fra Danmark"}]},{"@type":"WebSite","@id":"https:\/\/onlinelotto365.com\/da\/#website","url":"https:\/\/onlinelotto365.com\/da\/","name":"OnlineLotto365","description":"","potentialAction":[{"@type":"SearchAction","target":{"@type":"EntryPoint","urlTemplate":"https:\/\/onlinelotto365.com\/da\/?s={search_term_string}"},"query-input":{"@type":"PropertyValueSpecification","valueRequired":true,"valueName":"search_term_string"}}],"inLanguage":"da-DK"}]}},"_links":{"self":[{"href":"https:\/\/onlinelotto365.com\/da\/wp-json\/wp\/v2\/pages\/77535","targetHints":{"allow":["GET"]}}],"collection":[{"href":"https:\/\/onlinelotto365.com\/da\/wp-json\/wp\/v2\/pages"}],"about":[{"href":"https:\/\/onlinelotto365.com\/da\/wp-json\/wp\/v2\/types\/page"}],"author":[{"embeddable":true,"href":"https:\/\/onlinelotto365.com\/da\/wp-json\/wp\/v2\/users\/1"}],"replies":[{"embeddable":true,"href":"https:\/\/onlinelotto365.com\/da\/wp-json\/wp\/v2\/comments?post=77535"}],"version-history":[{"count":0,"href":"https:\/\/onlinelotto365.com\/da\/wp-json\/wp\/v2\/pages\/77535\/revisions"}],"up":[{"embeddable":true,"href":"https:\/\/onlinelotto365.com\/da\/wp-json\/wp\/v2\/pages\/5013"}],"wp:attachment":[{"href":"https:\/\/onlinelotto365.com\/da\/wp-json\/wp\/v2\/media?parent=77535"}],"curies":[{"name":"wp","href":"https:\/\/api.w.org\/{rel}","templated":true}]}}