{"id":79165,"date":"2022-11-02T07:35:04","date_gmt":"2022-11-02T06:35:04","guid":{"rendered":"https:\/\/onlinelotto365.com\/?page_id=79165"},"modified":"2022-11-02T07:56:41","modified_gmt":"2022-11-02T06:56:41","slug":"bonoloto","status":"publish","type":"page","link":"https:\/\/onlinelotto365.com\/da\/spille\/bonoloto\/","title":{"rendered":"Bonoloto kan nu f\u00e5s overalt"},"content":{"rendered":"<h2>Hvordan man spiller BonoLoto online<\/h2>\n<p>At spille BonoLoto er nemmere end du m\u00e5ske tror. Det eneste, du skal g\u00f8re, er at vide, hvor du skal komme i gang, og hvor du skal k\u00f8be dine billetter. Og det bedste sted, hvor du kan g\u00f8re pr\u00e6cis det, er hos os, og et par enkle trin.<\/p>\n<p>Vores system s\u00f8rger for, at der bliver taget h\u00e5nd om dig hele vejen fra start til slut. Det eneste du skal g\u00f8re er at oprette en helt gratis konto, og s\u00e5 er du i gang. Du vil kunne v\u00e6lge mellem alle de forskellige lottospil, vi har til r\u00e5dighed, og v\u00e6lge de billetter og specifikke numre, som du \u00f8nsker. Derefter kan du betale med din foretrukne betalingsmetode, og s\u00e5 er du f\u00e6rdig.<\/p>\n<p>Alt du skal g\u00f8re er at tage et kig p\u00e5 de forskellige lottospil, vi har til r\u00e5dighed, og v\u00e6lge det rigtige (BonoLoto). Derfra v\u00e6lger du de numre, som du vil spille. Hvis du v\u00e6lger for mange eller for f\u00e5, er det ligegyldigt, vores system advarer dig om, hvad du skal g\u00f8re, s\u00e5 du kan rette din kupon. Eller du kan v\u00e6lge at lade computeren tildele dig tilf\u00e6ldigt numre.<\/p>\n<p>N\u00e5r du har f\u00e5et de billetter, du \u00f8nsker til BonoLoto, kan du v\u00e6lge at tilf\u00f8je billetter fra andre spil ogs\u00e5. Det bliver super simpelt, og det tager kun et par minutter. Du venter p\u00e5 din bekr\u00e6ftelsesmail i den e-mail, som du giver os, og du klikker p\u00e5 linket. Det er alt, hvad der skal til, og din konto vil blive oprettet. P\u00e5 den m\u00e5de kan du forts\u00e6tte med at k\u00f8be billetter.<br \/>\n<a href=\"https:\/\/redfoxlotto.com\/play\/bonoloto\/?ref=a8564250a2&amp;medium=ol365\" target=\"_blank\" rel=\"noopener noreferrer\"><img decoding=\"async\" class=\"aligncenter\" src=\"https:\/\/redfoxlotto.com\/image?size=8&amp;lottery=bonoloto\" alt=\"Bono Lotto\" \/><\/a><\/p>\n<p>S\u00f8rg for at holde \u00f8je med bekr\u00e6ftelseslinket i din almindelige e-mailindbakke samt i din spam-mappe for at v\u00e6re sikker. Hvis vi ikke er i din adressebog, kan det v\u00e6re, at du ikke kan se e-mailen i din almindelige kontomappe.<\/p>\n<h2>Om BonoLoto<\/h2>\n<ul>\n<li>Land: Spanien<\/li>\n<li>Vigtigste numre r\u00e6kkevidde: 49<\/li>\n<li>Du skal v\u00e6lge: 6<\/li>\n<li>Dage, tidspunkter for tr\u00e6kninger: dagligt undtagen s\u00f8ndag, 21:30 CET &#8211; 21:30 CET<\/li>\n<li>Jackpot starter p\u00e5: \u20ac400.000<\/li>\n<li>Jackpot er begr\u00e6nset til: ingen<\/li>\n<li>Chance for at vinde jackpotten: 1 ud af 13983816<\/li>\n<li>Chance for at vinde andenpr\u00e6mien: 1 ud af 2330636<\/li>\n<li>Chance for at vinde enhver pr\u00e6mie: 1 ud af 8,43<\/li>\n<li>Antal pr\u00e6miekategorier: 6<\/li>\n<\/ul>\n<h2>Bedste funktioner i BonoLoto<\/h2>\n<p>BonoLoto har eksisteret i et godt stykke tid, og det har uddelt en hel masse pr\u00e6mier i den tid. Endnu bedre er det, at det har fire forskellige lodtr\u00e6kninger hver uge og oprindeligt blev oprettet for at v\u00e6re en overkommelig mulighed. Det er det stadig, og du kan vinde en andel p\u00e5 55% af indt\u00e6gterne i samlede pr\u00e6mier.<\/p>\n<h2>S\u00e5dan tjekker du BonoLoto-resultaterne<\/h2>\n<p>Er du klar til at se, hvilke vindertal der er for BonoLoto? Ja, det er faktisk ret simpelt, for det eneste du skal g\u00f8re er at g\u00e5 ind p\u00e5 BonoLotos officielle hjemmeside. Eller du kan v\u00e6lge at tjekke dine lokale aviser og tv-stationer. Disse steder rapporterer alle vindernumrene.<br \/>\nMen det bedste sted at g\u00e5 hen er helt sikkert det sted, hvor du har k\u00f8bt din billet, hvilket er lige her. Du vil kunne se de vindende numre samt dine egne numre, og hvordan de sammenlignes. P\u00e5 den m\u00e5de kan du ogs\u00e5 se din gevinst med det samme. <img loading=\"lazy\" decoding=\"async\" class=\"alignright wp-image-3656\" src=\"https:\/\/onlinelotto365.com\/wp-content\/uploads\/2020\/11\/online_lottery-16-300x200.jpg\" alt=\"spille bonoloto online\" width=\"215\" height=\"143\" srcset=\"https:\/\/onlinelotto365.com\/wp-content\/uploads\/2020\/11\/online_lottery-16-300x200.jpg 300w, https:\/\/onlinelotto365.com\/wp-content\/uploads\/2020\/11\/online_lottery-16.jpg 320w\" sizes=\"auto, (max-width: 215px) 100vw, 215px\" \/><\/p>\n<h2>Du har spillet BonoLoto online og vundet &#8211; hvad sker der s\u00e5 nu?<\/h2>\n<p>Hvis du vinder mindre end 2.500 \u20ac, beh\u00f8ver du ikke at g\u00f8re noget som helst. Det skyldes, at vi kr\u00e6ver pengene for dig og indbetaler dem direkte p\u00e5 din konto. De vil v\u00e6re der, s\u00e5 du kan bruge dem, som du vil, og n\u00e5r du vil. Eller du kan h\u00e6ve dem til din almindelige bankkonto, hvis du har mindst 10 \u20ac.<br \/>\nHvis du har vundet over \u20ac2500, skal du vente p\u00e5 at h\u00f8re fra vores supportteam, fordi der er lidt mere involveret for at du kan f\u00e5 din gevinst. Heldigvis hj\u00e6lper vi dig med processen og f\u00e5r dig i gang med det samme, s\u00e5 du kan f\u00e5 dine penge sendt med en check eller direkte til din konto.<\/p>\n","protected":false},"excerpt":{"rendered":"<p>Hvordan man spiller BonoLoto online At spille BonoLoto er nemmere end du m\u00e5ske tror. Det eneste, du skal g\u00f8re, er at vide, hvor du skal komme i gang, og hvor du skal k\u00f8be dine billetter. Og det bedste sted, hvor du kan g\u00f8re pr\u00e6cis det, er hos os, og et par enkle trin. Vores system [&hellip;]<\/p>\n","protected":false},"author":1,"featured_media":0,"parent":5013,"menu_order":8,"comment_status":"closed","ping_status":"closed","template":"","meta":{"_et_pb_use_builder":"","_et_pb_old_content":"","_et_gb_content_width":"","exclude_from_search":false,"footnotes":""},"class_list":["post-79165","page","type-page","status-publish","hentry"],"yoast_head":"<!-- This site is optimized with the Yoast SEO plugin v23.4 - https:\/\/yoast.com\/wordpress\/plugins\/seo\/ -->\n<title>Hvordan man spiller BonoLoto, hvis man bor i Danmark<\/title>\n<meta name=\"description\" content=\"Bestil lovligt billetter til at spille Bonoloto her p\u00e5 vores hjemmeside\" \/>\n<meta name=\"robots\" content=\"index, follow, max-snippet:-1, max-image-preview:large, max-video-preview:-1\" \/>\n<link rel=\"canonical\" href=\"https:\/\/onlinelotto365.com\/da\/spille\/bonoloto\/\" \/>\n<meta property=\"og:locale\" content=\"da_DK\" \/>\n<meta property=\"og:type\" content=\"article\" \/>\n<meta property=\"og:title\" content=\"Hvordan man spiller BonoLoto, hvis man bor i Danmark\" \/>\n<meta property=\"og:description\" content=\"Bestil lovligt billetter til at spille Bonoloto her p\u00e5 vores hjemmeside\" \/>\n<meta property=\"og:url\" content=\"https:\/\/onlinelotto365.com\/da\/spille\/bonoloto\/\" \/>\n<meta property=\"og:site_name\" content=\"OnlineLotto365\" \/>\n<meta property=\"article:modified_time\" content=\"2022-11-02T06:56:41+00:00\" \/>\n<meta property=\"og:image\" content=\"https:\/\/redfoxlotto.com\/image?size=8&amp;lottery=bonoloto\" \/>\n<meta name=\"twitter:card\" content=\"summary_large_image\" \/>\n<meta name=\"twitter:label1\" content=\"Estimeret l\u00e6setid\" \/>\n\t<meta name=\"twitter:data1\" content=\"4 minutter\" \/>\n<script type=\"application\/ld+json\" class=\"yoast-schema-graph\">{\"@context\":\"https:\/\/schema.org\",\"@graph\":[{\"@type\":\"WebPage\",\"@id\":\"https:\/\/onlinelotto365.com\/da\/spille\/bonoloto\/\",\"url\":\"https:\/\/onlinelotto365.com\/da\/spille\/bonoloto\/\",\"name\":\"Hvordan man spiller BonoLoto, hvis man bor i Danmark\",\"isPartOf\":{\"@id\":\"https:\/\/onlinelotto365.com\/da\/#website\"},\"primaryImageOfPage\":{\"@id\":\"https:\/\/onlinelotto365.com\/da\/spille\/bonoloto\/#primaryimage\"},\"image\":{\"@id\":\"https:\/\/onlinelotto365.com\/da\/spille\/bonoloto\/#primaryimage\"},\"thumbnailUrl\":\"https:\/\/redfoxlotto.com\/image?size=8&amp;lottery=bonoloto\",\"datePublished\":\"2022-11-02T06:35:04+00:00\",\"dateModified\":\"2022-11-02T06:56:41+00:00\",\"description\":\"Bestil lovligt billetter til at spille Bonoloto her p\u00e5 vores hjemmeside\",\"breadcrumb\":{\"@id\":\"https:\/\/onlinelotto365.com\/da\/spille\/bonoloto\/#breadcrumb\"},\"inLanguage\":\"da-DK\",\"potentialAction\":[{\"@type\":\"ReadAction\",\"target\":[\"https:\/\/onlinelotto365.com\/da\/spille\/bonoloto\/\"]}]},{\"@type\":\"ImageObject\",\"inLanguage\":\"da-DK\",\"@id\":\"https:\/\/onlinelotto365.com\/da\/spille\/bonoloto\/#primaryimage\",\"url\":\"https:\/\/redfoxlotto.com\/image?size=8&amp;lottery=bonoloto\",\"contentUrl\":\"https:\/\/redfoxlotto.com\/image?size=8&amp;lottery=bonoloto\"},{\"@type\":\"BreadcrumbList\",\"@id\":\"https:\/\/onlinelotto365.com\/da\/spille\/bonoloto\/#breadcrumb\",\"itemListElement\":[{\"@type\":\"ListItem\",\"position\":1,\"name\":\"Home\",\"item\":\"https:\/\/onlinelotto365.com\/da\/\"},{\"@type\":\"ListItem\",\"position\":2,\"name\":\"Alt, hvad du skal vide om dine muligheder for at spille de bedste lotterier online\",\"item\":\"https:\/\/onlinelotto365.com\/da\/spille\/\"},{\"@type\":\"ListItem\",\"position\":3,\"name\":\"Bonoloto kan nu f\u00e5s overalt\"}]},{\"@type\":\"WebSite\",\"@id\":\"https:\/\/onlinelotto365.com\/da\/#website\",\"url\":\"https:\/\/onlinelotto365.com\/da\/\",\"name\":\"OnlineLotto365\",\"description\":\"\",\"potentialAction\":[{\"@type\":\"SearchAction\",\"target\":{\"@type\":\"EntryPoint\",\"urlTemplate\":\"https:\/\/onlinelotto365.com\/da\/?s={search_term_string}\"},\"query-input\":{\"@type\":\"PropertyValueSpecification\",\"valueRequired\":true,\"valueName\":\"search_term_string\"}}],\"inLanguage\":\"da-DK\"}]}<\/script>\n<!-- \/ Yoast SEO plugin. -->","yoast_head_json":{"title":"Hvordan man spiller BonoLoto, hvis man bor i Danmark","description":"Bestil lovligt billetter til at spille Bonoloto her p\u00e5 vores hjemmeside","robots":{"index":"index","follow":"follow","max-snippet":"max-snippet:-1","max-image-preview":"max-image-preview:large","max-video-preview":"max-video-preview:-1"},"canonical":"https:\/\/onlinelotto365.com\/da\/spille\/bonoloto\/","og_locale":"da_DK","og_type":"article","og_title":"Hvordan man spiller BonoLoto, hvis man bor i Danmark","og_description":"Bestil lovligt billetter til at spille Bonoloto her p\u00e5 vores hjemmeside","og_url":"https:\/\/onlinelotto365.com\/da\/spille\/bonoloto\/","og_site_name":"OnlineLotto365","article_modified_time":"2022-11-02T06:56:41+00:00","og_image":[{"url":"https:\/\/redfoxlotto.com\/image?size=8&amp;lottery=bonoloto"}],"twitter_card":"summary_large_image","twitter_misc":{"Estimeret l\u00e6setid":"4 minutter"},"schema":{"@context":"https:\/\/schema.org","@graph":[{"@type":"WebPage","@id":"https:\/\/onlinelotto365.com\/da\/spille\/bonoloto\/","url":"https:\/\/onlinelotto365.com\/da\/spille\/bonoloto\/","name":"Hvordan man spiller BonoLoto, hvis man bor i Danmark","isPartOf":{"@id":"https:\/\/onlinelotto365.com\/da\/#website"},"primaryImageOfPage":{"@id":"https:\/\/onlinelotto365.com\/da\/spille\/bonoloto\/#primaryimage"},"image":{"@id":"https:\/\/onlinelotto365.com\/da\/spille\/bonoloto\/#primaryimage"},"thumbnailUrl":"https:\/\/redfoxlotto.com\/image?size=8&amp;lottery=bonoloto","datePublished":"2022-11-02T06:35:04+00:00","dateModified":"2022-11-02T06:56:41+00:00","description":"Bestil lovligt billetter til at spille Bonoloto her p\u00e5 vores hjemmeside","breadcrumb":{"@id":"https:\/\/onlinelotto365.com\/da\/spille\/bonoloto\/#breadcrumb"},"inLanguage":"da-DK","potentialAction":[{"@type":"ReadAction","target":["https:\/\/onlinelotto365.com\/da\/spille\/bonoloto\/"]}]},{"@type":"ImageObject","inLanguage":"da-DK","@id":"https:\/\/onlinelotto365.com\/da\/spille\/bonoloto\/#primaryimage","url":"https:\/\/redfoxlotto.com\/image?size=8&amp;lottery=bonoloto","contentUrl":"https:\/\/redfoxlotto.com\/image?size=8&amp;lottery=bonoloto"},{"@type":"BreadcrumbList","@id":"https:\/\/onlinelotto365.com\/da\/spille\/bonoloto\/#breadcrumb","itemListElement":[{"@type":"ListItem","position":1,"name":"Home","item":"https:\/\/onlinelotto365.com\/da\/"},{"@type":"ListItem","position":2,"name":"Alt, hvad du skal vide om dine muligheder for at spille de bedste lotterier online","item":"https:\/\/onlinelotto365.com\/da\/spille\/"},{"@type":"ListItem","position":3,"name":"Bonoloto kan nu f\u00e5s overalt"}]},{"@type":"WebSite","@id":"https:\/\/onlinelotto365.com\/da\/#website","url":"https:\/\/onlinelotto365.com\/da\/","name":"OnlineLotto365","description":"","potentialAction":[{"@type":"SearchAction","target":{"@type":"EntryPoint","urlTemplate":"https:\/\/onlinelotto365.com\/da\/?s={search_term_string}"},"query-input":{"@type":"PropertyValueSpecification","valueRequired":true,"valueName":"search_term_string"}}],"inLanguage":"da-DK"}]}},"_links":{"self":[{"href":"https:\/\/onlinelotto365.com\/da\/wp-json\/wp\/v2\/pages\/79165","targetHints":{"allow":["GET"]}}],"collection":[{"href":"https:\/\/onlinelotto365.com\/da\/wp-json\/wp\/v2\/pages"}],"about":[{"href":"https:\/\/onlinelotto365.com\/da\/wp-json\/wp\/v2\/types\/page"}],"author":[{"embeddable":true,"href":"https:\/\/onlinelotto365.com\/da\/wp-json\/wp\/v2\/users\/1"}],"replies":[{"embeddable":true,"href":"https:\/\/onlinelotto365.com\/da\/wp-json\/wp\/v2\/comments?post=79165"}],"version-history":[{"count":0,"href":"https:\/\/onlinelotto365.com\/da\/wp-json\/wp\/v2\/pages\/79165\/revisions"}],"up":[{"embeddable":true,"href":"https:\/\/onlinelotto365.com\/da\/wp-json\/wp\/v2\/pages\/5013"}],"wp:attachment":[{"href":"https:\/\/onlinelotto365.com\/da\/wp-json\/wp\/v2\/media?parent=79165"}],"curies":[{"name":"wp","href":"https:\/\/api.w.org\/{rel}","templated":true}]}}