{"id":79201,"date":"2022-11-02T10:28:05","date_gmt":"2022-11-02T09:28:05","guid":{"rendered":"https:\/\/onlinelotto365.com\/?page_id=79201"},"modified":"2022-11-02T10:29:13","modified_gmt":"2022-11-02T09:29:13","slug":"tysk-lotto","status":"publish","type":"page","link":"https:\/\/onlinelotto365.com\/da\/spille\/tysk-lotto\/","title":{"rendered":"Deltag i tysk Lotto fra andre lande"},"content":{"rendered":"<p>Det tyske Lotto er et af verdens l\u00e6ngst eksisterende lotterier, der har v\u00e6ret afholdt i over 50 \u00e5r. Du kan v\u00e6dde p\u00e5, at al denne erfaring tjener dem meget godt, og de er et af de st\u00f8rre europ\u00e6iske lande, der beholder deres eget nationale lotteri frem for at samarbejde med EuroMillions-lotteriet. S\u00e5 tyskerne er stolte af deres tyske Lotto, som de b\u00f8r v\u00e6re.<\/p>\n<p>Hvis du bor i Danmark og \u00f8nsker at spille det tyske Lotto alligevel, eller et andet stort lotteri fra hele verden for den sags skyld, s\u00e5 er der ikke l\u00e6ngere noget, der forhindrer dig i at g\u00f8re det. Det eneste, du skal g\u00f8re i dag, er at k\u00f8be dine lodder online. Hvis du er fra Danmark, kan du endda stadigv\u00e6k ogs\u00e5 k\u00f8be billetter til det tyske Lotto online.<\/p>\n<p>Selvf\u00f8lgelig skal du vide, hvor du kan k\u00f8be dine lottokuponer p\u00e5 denne m\u00e5de, og det er her, vi kommer ind i billedet. Vi har drevet denne online lottokuponer service i et godt stykke tid nu. Dette er den st\u00f8rste ting, der nogensinde er sket for lotterispilning siden lotterier blev opfundet, som du m\u00e5ske kan forestille dig.<\/p>\n<p><a href=\"https:\/\/redfoxlotto.com\/play\/lotto-6aus49\/?ref=a8564250a2&amp;medium=ol365\" target=\"_blank\" rel=\"noopener noreferrer\"><img decoding=\"async\" class=\"aligncenter\" src=\"https:\/\/redfoxlotto.com\/image?size=8&amp;lottery=lotto-6aus49\" alt=\"Tysk 6aus49\" \/><\/a><\/p>\n<h2>Du er ikke l\u00e6ngere begr\u00e6nset til kun lotteriet i dit omr\u00e5de<\/h2>\n<p>Hvis du er som de fleste lottospillere, vil du gerne spille de store lotterier, og hvis du har valget, vil du gerne spille mere end \u00e9t. Indtil for nylig har dette dog ikke v\u00e6ret muligt. Folk undrede sig dog over, hvorfor det ikke var det, for eksempel hvorfor kan man k\u00f8be stort set alting online undtagen lotterisedler?<\/p>\n<p>Det kr\u00e6vede et netv\u00e6rk af mennesker, som skulle s\u00e6ttes p\u00e5 plads for at g\u00f8re det for vores kunder, hvilket indebar at tage ud og k\u00f8be billetterne for alle i mange forskellige lande. Det bet\u00f8d ogs\u00e5, at vi skulle administrere kundernes oplevelser fra salgsstedet og fremad og yde den slags fremragende service, som folk forventer.<\/p>\n<p><img loading=\"lazy\" decoding=\"async\" class=\" wp-image-1543 alignright\" src=\"https:\/\/onlinelotto365.com\/wp-content\/uploads\/2020\/11\/online_lottery-135.jpg\" alt=\"spille tysk lotto online\" width=\"305\" height=\"204\" \/><\/p>\n<h2>Om German Lotto<\/h2>\n<ul>\n<li>Land: Tyskland<\/li>\n<li>De vigtigste tal: 49<\/li>\n<li>Du v\u00e6lger: 6<\/li>\n<li>Ekstra tal: ingen<\/li>\n<li>Du v\u00e6lger: ingen<\/li>\n<li>Tr\u00e6kningsdage, timer: L\u00f8rdag, 20:25 CET, 20:25 CET<\/li>\n<li>Mindste jackpot: 1 million EUR<\/li>\n<li>Jackpot med maksimalt loft: intet loft<\/li>\n<li>Sandsynlighed for at vinde jackpotten: 1 ud af 125.854.344<\/li>\n<li>Sandsynlighed for en gevinst p\u00e5 niveau 2: 1 ud af 13.983.816<\/li>\n<li>Sandsynlighed for at vinde i alle niveauer: 1 ud af 31<\/li>\n<li>Antal gevinstniveauer: 9<\/li>\n<\/ul>\n<p>Alle de lotterier, som vi stiller til r\u00e5dighed for dig, er alle f\u00f8rsteklasses store lotterier, herunder det tyske Lotto. For at spille det tyske Lotto v\u00e6lger du 6 numre ud af 49 mulige sammen med et bonusnummer fra 1 til 9.\u00a0Hvis det lykkes dig at ramme alle 6 tal plus bonusnummeret, skal du snart en tur til Tyskland for at hente flere millioner euro eller mere.<\/p>\n<p>I betragtning af det mindre antal kugler i tromlen sammenlignet med mange andre store lotterier er dine chancer for at vinde jackpotten i det tyske Lotto helt klart h\u00f8jere. Det tyske Lotto tilbyder naturligvis andre pr\u00e6mier udover jackpotten, som alle lotterier g\u00f8r, og der er i alt 7 subsidi\u00e6re pr\u00e6mier udover jackpotten. Hvis du kan matche s\u00e5 f\u00e5 som 3 af dine tal, f\u00e5r du penge.<\/p>\n<h2>Lad os v\u00e6re din guide til det tyske lotto og videre<\/h2>\n<p>I betragtning af hvor popul\u00e6re lotterier er rundt om i verden, er det en lottospillers dr\u00f8m at have adgang til alle de gode lotterier. Hvorfor kun spille \u00e9t, n\u00e5r du i stedet kan spille s\u00e5 mange som du vil? Hvorfor n\u00f8jes med en eller to tr\u00e6kninger om ugen, n\u00e5r du kan f\u00e5 dusinvis af tr\u00e6kninger, hvis du \u00f8nsker det? Hvorfor b\u00f8vle med at g\u00e5 i butikken, n\u00e5r du kan k\u00f8be alle de lottokuponer, du \u00f8nsker, online?<\/p>\n<h2>Du har spillet tysk Lotto online og vundet &#8211; hvad sker der s\u00e5 nu?<\/h2>\n<p>Vi hj\u00e6lper dig hele vejen igennem, lige fra at sende dig en bekr\u00e6ftelse p\u00e5 dit k\u00f8b via e-mail til at give dig besked via e-mail, n\u00e5r du vinder, og til at hj\u00e6lpe dig med at indl\u00f8se de penge, du har vundet. Det er alt sammen utroligt nemt.<\/p>\n","protected":false},"excerpt":{"rendered":"<p>Det tyske Lotto er et af verdens l\u00e6ngst eksisterende lotterier, der har v\u00e6ret afholdt i over 50 \u00e5r. Du kan v\u00e6dde p\u00e5, at al denne erfaring tjener dem meget godt, og de er et af de st\u00f8rre europ\u00e6iske lande, der beholder deres eget nationale lotteri frem for at samarbejde med EuroMillions-lotteriet. S\u00e5 tyskerne er stolte [&hellip;]<\/p>\n","protected":false},"author":1,"featured_media":0,"parent":5013,"menu_order":11,"comment_status":"closed","ping_status":"closed","template":"lotto-german.php","meta":{"_et_pb_use_builder":"","_et_pb_old_content":"","_et_gb_content_width":"","exclude_from_search":false,"footnotes":""},"class_list":["post-79201","page","type-page","status-publish","hentry"],"yoast_head":"<!-- This site is optimized with the Yoast SEO plugin v23.4 - https:\/\/yoast.com\/wordpress\/plugins\/seo\/ -->\n<title>Spil tysk Lotto online fra Danmark | Kan jeg deltage i tysk Lotto, hvis jeg bor i Danmark<\/title>\n<meta name=\"description\" content=\"Spil tysk Lotto Lotto her - vores online billetservice g\u00f8r det muligt fra Danmark\" \/>\n<meta name=\"robots\" content=\"index, follow, max-snippet:-1, max-image-preview:large, max-video-preview:-1\" \/>\n<link rel=\"canonical\" href=\"https:\/\/onlinelotto365.com\/da\/spille\/tysk-lotto\/\" \/>\n<meta property=\"og:locale\" content=\"da_DK\" \/>\n<meta property=\"og:type\" content=\"article\" \/>\n<meta property=\"og:title\" content=\"Spil tysk Lotto online fra Danmark | Kan jeg deltage i tysk Lotto, hvis jeg bor i Danmark\" \/>\n<meta property=\"og:description\" content=\"Spil tysk Lotto Lotto her - vores online billetservice g\u00f8r det muligt fra Danmark\" \/>\n<meta property=\"og:url\" content=\"https:\/\/onlinelotto365.com\/da\/spille\/tysk-lotto\/\" \/>\n<meta property=\"og:site_name\" content=\"OnlineLotto365\" \/>\n<meta property=\"article:modified_time\" content=\"2022-11-02T09:29:13+00:00\" \/>\n<meta property=\"og:image\" content=\"https:\/\/redfoxlotto.com\/image?size=8&amp;lottery=lotto-6aus49\" \/>\n<meta name=\"twitter:card\" content=\"summary_large_image\" \/>\n<meta name=\"twitter:label1\" content=\"Estimeret l\u00e6setid\" \/>\n\t<meta name=\"twitter:data1\" content=\"4 minutter\" \/>\n<script type=\"application\/ld+json\" class=\"yoast-schema-graph\">{\"@context\":\"https:\/\/schema.org\",\"@graph\":[{\"@type\":\"WebPage\",\"@id\":\"https:\/\/onlinelotto365.com\/da\/spille\/tysk-lotto\/\",\"url\":\"https:\/\/onlinelotto365.com\/da\/spille\/tysk-lotto\/\",\"name\":\"Spil tysk Lotto online fra Danmark | Kan jeg deltage i tysk Lotto, hvis jeg bor i Danmark\",\"isPartOf\":{\"@id\":\"https:\/\/onlinelotto365.com\/da\/#website\"},\"primaryImageOfPage\":{\"@id\":\"https:\/\/onlinelotto365.com\/da\/spille\/tysk-lotto\/#primaryimage\"},\"image\":{\"@id\":\"https:\/\/onlinelotto365.com\/da\/spille\/tysk-lotto\/#primaryimage\"},\"thumbnailUrl\":\"https:\/\/redfoxlotto.com\/image?size=8&amp;lottery=lotto-6aus49\",\"datePublished\":\"2022-11-02T09:28:05+00:00\",\"dateModified\":\"2022-11-02T09:29:13+00:00\",\"description\":\"Spil tysk Lotto Lotto her - vores online billetservice g\u00f8r det muligt fra Danmark\",\"breadcrumb\":{\"@id\":\"https:\/\/onlinelotto365.com\/da\/spille\/tysk-lotto\/#breadcrumb\"},\"inLanguage\":\"da-DK\",\"potentialAction\":[{\"@type\":\"ReadAction\",\"target\":[\"https:\/\/onlinelotto365.com\/da\/spille\/tysk-lotto\/\"]}]},{\"@type\":\"ImageObject\",\"inLanguage\":\"da-DK\",\"@id\":\"https:\/\/onlinelotto365.com\/da\/spille\/tysk-lotto\/#primaryimage\",\"url\":\"https:\/\/redfoxlotto.com\/image?size=8&amp;lottery=lotto-6aus49\",\"contentUrl\":\"https:\/\/redfoxlotto.com\/image?size=8&amp;lottery=lotto-6aus49\"},{\"@type\":\"BreadcrumbList\",\"@id\":\"https:\/\/onlinelotto365.com\/da\/spille\/tysk-lotto\/#breadcrumb\",\"itemListElement\":[{\"@type\":\"ListItem\",\"position\":1,\"name\":\"Home\",\"item\":\"https:\/\/onlinelotto365.com\/da\/\"},{\"@type\":\"ListItem\",\"position\":2,\"name\":\"Alt, hvad du skal vide om dine muligheder for at spille de bedste lotterier online\",\"item\":\"https:\/\/onlinelotto365.com\/da\/spille\/\"},{\"@type\":\"ListItem\",\"position\":3,\"name\":\"Deltag i tysk Lotto fra andre lande\"}]},{\"@type\":\"WebSite\",\"@id\":\"https:\/\/onlinelotto365.com\/da\/#website\",\"url\":\"https:\/\/onlinelotto365.com\/da\/\",\"name\":\"OnlineLotto365\",\"description\":\"\",\"potentialAction\":[{\"@type\":\"SearchAction\",\"target\":{\"@type\":\"EntryPoint\",\"urlTemplate\":\"https:\/\/onlinelotto365.com\/da\/?s={search_term_string}\"},\"query-input\":{\"@type\":\"PropertyValueSpecification\",\"valueRequired\":true,\"valueName\":\"search_term_string\"}}],\"inLanguage\":\"da-DK\"}]}<\/script>\n<!-- \/ Yoast SEO plugin. -->","yoast_head_json":{"title":"Spil tysk Lotto online fra Danmark | Kan jeg deltage i tysk Lotto, hvis jeg bor i Danmark","description":"Spil tysk Lotto Lotto her - vores online billetservice g\u00f8r det muligt fra Danmark","robots":{"index":"index","follow":"follow","max-snippet":"max-snippet:-1","max-image-preview":"max-image-preview:large","max-video-preview":"max-video-preview:-1"},"canonical":"https:\/\/onlinelotto365.com\/da\/spille\/tysk-lotto\/","og_locale":"da_DK","og_type":"article","og_title":"Spil tysk Lotto online fra Danmark | Kan jeg deltage i tysk Lotto, hvis jeg bor i Danmark","og_description":"Spil tysk Lotto Lotto her - vores online billetservice g\u00f8r det muligt fra Danmark","og_url":"https:\/\/onlinelotto365.com\/da\/spille\/tysk-lotto\/","og_site_name":"OnlineLotto365","article_modified_time":"2022-11-02T09:29:13+00:00","og_image":[{"url":"https:\/\/redfoxlotto.com\/image?size=8&amp;lottery=lotto-6aus49"}],"twitter_card":"summary_large_image","twitter_misc":{"Estimeret l\u00e6setid":"4 minutter"},"schema":{"@context":"https:\/\/schema.org","@graph":[{"@type":"WebPage","@id":"https:\/\/onlinelotto365.com\/da\/spille\/tysk-lotto\/","url":"https:\/\/onlinelotto365.com\/da\/spille\/tysk-lotto\/","name":"Spil tysk Lotto online fra Danmark | Kan jeg deltage i tysk Lotto, hvis jeg bor i Danmark","isPartOf":{"@id":"https:\/\/onlinelotto365.com\/da\/#website"},"primaryImageOfPage":{"@id":"https:\/\/onlinelotto365.com\/da\/spille\/tysk-lotto\/#primaryimage"},"image":{"@id":"https:\/\/onlinelotto365.com\/da\/spille\/tysk-lotto\/#primaryimage"},"thumbnailUrl":"https:\/\/redfoxlotto.com\/image?size=8&amp;lottery=lotto-6aus49","datePublished":"2022-11-02T09:28:05+00:00","dateModified":"2022-11-02T09:29:13+00:00","description":"Spil tysk Lotto Lotto her - vores online billetservice g\u00f8r det muligt fra Danmark","breadcrumb":{"@id":"https:\/\/onlinelotto365.com\/da\/spille\/tysk-lotto\/#breadcrumb"},"inLanguage":"da-DK","potentialAction":[{"@type":"ReadAction","target":["https:\/\/onlinelotto365.com\/da\/spille\/tysk-lotto\/"]}]},{"@type":"ImageObject","inLanguage":"da-DK","@id":"https:\/\/onlinelotto365.com\/da\/spille\/tysk-lotto\/#primaryimage","url":"https:\/\/redfoxlotto.com\/image?size=8&amp;lottery=lotto-6aus49","contentUrl":"https:\/\/redfoxlotto.com\/image?size=8&amp;lottery=lotto-6aus49"},{"@type":"BreadcrumbList","@id":"https:\/\/onlinelotto365.com\/da\/spille\/tysk-lotto\/#breadcrumb","itemListElement":[{"@type":"ListItem","position":1,"name":"Home","item":"https:\/\/onlinelotto365.com\/da\/"},{"@type":"ListItem","position":2,"name":"Alt, hvad du skal vide om dine muligheder for at spille de bedste lotterier online","item":"https:\/\/onlinelotto365.com\/da\/spille\/"},{"@type":"ListItem","position":3,"name":"Deltag i tysk Lotto fra andre lande"}]},{"@type":"WebSite","@id":"https:\/\/onlinelotto365.com\/da\/#website","url":"https:\/\/onlinelotto365.com\/da\/","name":"OnlineLotto365","description":"","potentialAction":[{"@type":"SearchAction","target":{"@type":"EntryPoint","urlTemplate":"https:\/\/onlinelotto365.com\/da\/?s={search_term_string}"},"query-input":{"@type":"PropertyValueSpecification","valueRequired":true,"valueName":"search_term_string"}}],"inLanguage":"da-DK"}]}},"_links":{"self":[{"href":"https:\/\/onlinelotto365.com\/da\/wp-json\/wp\/v2\/pages\/79201","targetHints":{"allow":["GET"]}}],"collection":[{"href":"https:\/\/onlinelotto365.com\/da\/wp-json\/wp\/v2\/pages"}],"about":[{"href":"https:\/\/onlinelotto365.com\/da\/wp-json\/wp\/v2\/types\/page"}],"author":[{"embeddable":true,"href":"https:\/\/onlinelotto365.com\/da\/wp-json\/wp\/v2\/users\/1"}],"replies":[{"embeddable":true,"href":"https:\/\/onlinelotto365.com\/da\/wp-json\/wp\/v2\/comments?post=79201"}],"version-history":[{"count":0,"href":"https:\/\/onlinelotto365.com\/da\/wp-json\/wp\/v2\/pages\/79201\/revisions"}],"up":[{"embeddable":true,"href":"https:\/\/onlinelotto365.com\/da\/wp-json\/wp\/v2\/pages\/5013"}],"wp:attachment":[{"href":"https:\/\/onlinelotto365.com\/da\/wp-json\/wp\/v2\/media?parent=79201"}],"curies":[{"name":"wp","href":"https:\/\/api.w.org\/{rel}","templated":true}]}}