{"id":79237,"date":"2022-11-02T13:44:14","date_gmt":"2022-11-02T12:44:14","guid":{"rendered":"https:\/\/onlinelotto365.com\/?page_id=79237"},"modified":"2022-11-02T13:44:24","modified_gmt":"2022-11-02T12:44:24","slug":"la-primitiva","status":"publish","type":"page","link":"https:\/\/onlinelotto365.com\/da\/spille\/la-primitiva\/","title":{"rendered":"S\u00e5dan spiller du det spanske La Primitiva-lotteri"},"content":{"rendered":"<h2>Om La Primitiva<\/h2>\n<p>Dette lotteri fra Spanien er ogs\u00e5 kendt som El Gordo, selv om det er misvisende. Faktisk er El Gordo k\u00e6lenavnet for juleudgaven af La Primitiva-lotteriet. Mens du kan spille La Primitiva hele \u00e5ret, tilbydes El Gordo kun til jul. La Primitiva kan spilles online af personer bosiddende i Danmark via vores hjemmeside.<\/p>\n<p>Der er to tr\u00e6kninger om ugen for La Primitiva. Chancerne for at vinde jackpotten er relativt h\u00f8je, fordi der ikke er nogen ekstra tal.<\/p>\n<p><a href=\"https:\/\/redfoxlotto.com\/play\/la-primitiva\/?ref=a8564250a2&amp;medium=ol365\" target=\"_blank\" rel=\"noopener noreferrer\"><img decoding=\"async\" class=\"aligncenter\" src=\"https:\/\/redfoxlotto.com\/image?size=8&amp;lottery=la-primitiva\" alt=\"La Primitiva\" \/><\/a><\/p>\n<p>&nbsp;<\/p>\n<ul>\n<li>Land: Spanien<\/li>\n<li>Hovednumre r\u00e6kkevidde: 49<\/li>\n<li>Du skal v\u00e6lge: 6<\/li>\n<li>Ekstra nummerserie:<\/li>\n<li>Du skal v\u00e6lge: 1<\/li>\n<li>Dage, timer for tr\u00e6kninger: Torsdag, l\u00f8rdag, kl. 21:30 CET &#8211; 21:30 CET<\/li>\n<li>Jackpot starter p\u00e5: \u20ac 2 millioner<\/li>\n<li>Jackpot er begr\u00e6nset til: ingen<\/li>\n<li>Chance for at vinde jackpotten: 1 ud af 15537573<\/li>\n<li>Chance for at vinde en anden pr\u00e6mie: 1 ud af 542008<\/li>\n<li>Chance for at vinde en hvilken som helst pr\u00e6mie: 1 ud af 8,43<\/li>\n<li>Antal pr\u00e6miekategorier: 9<\/li>\n<\/ul>\n<h2>De bedste funktioner i La Primitiva<\/h2>\n<p>Som allerede n\u00e6vnt betyder det faktum, at du kun skal spille 6 ud af 49 numre og ingen ekstra numre, at dine chancer for at vinde jackpotten faktisk er ret gode.<\/p>\n<h2>S\u00e5dan tjekker du La Primitiva-resultaterne<\/h2>\n<p>Hvis du har k\u00f8bt din billet online fra Danmark eller et andet land uden for Spanien, kan det v\u00e6re sv\u00e6rt at finde de vindende numre og pr\u00e6miebel\u00f8bene. Men her p\u00e5 vores hjemmeside offentligg\u00f8r vi resultaterne lige efter at La Primitiva-lotteri tallene er blevet trukket. Du kan endda se din kupon p\u00e5 din spillerkonto, hvor du straks kan se, hvilke numre fra din lottokupon der passer til tr\u00e6kningens resultater. <img loading=\"lazy\" decoding=\"async\" class=\"alignright size-full wp-image-905\" src=\"https:\/\/onlinelotto365.com\/wp-content\/uploads\/2020\/11\/online_lottery-71.jpg\" alt=\"spille la primitiva\" width=\"302\" height=\"100\" \/><\/p>\n<h2>Du har spillet La Primitiva online og vundet &#8211; hvad sker der nu?<\/h2>\n<p>Hvis din kupon har vundet en pr\u00e6mie p\u00e5 under 2.500 \u20ac, vil det p\u00e5g\u00e6ldende pr\u00e6miebel\u00f8b v\u00e6re p\u00e5 din spillerkonto lige efter tr\u00e6kningen. Hvis du vinder en h\u00f8jere pr\u00e6mie, skal du kontakte vores serviceteam. De vil hj\u00e6lpe dig med at oprette en betaling, enten direkte til din bankkonto eller med en check.<\/p>\n","protected":false},"excerpt":{"rendered":"<p>Om La Primitiva Dette lotteri fra Spanien er ogs\u00e5 kendt som El Gordo, selv om det er misvisende. Faktisk er El Gordo k\u00e6lenavnet for juleudgaven af La Primitiva-lotteriet. Mens du kan spille La Primitiva hele \u00e5ret, tilbydes El Gordo kun til jul. La Primitiva kan spilles online af personer bosiddende i Danmark via vores hjemmeside. [&hellip;]<\/p>\n","protected":false},"author":1,"featured_media":0,"parent":5013,"menu_order":7,"comment_status":"closed","ping_status":"closed","template":"la-primitiva.php","meta":{"_et_pb_use_builder":"","_et_pb_old_content":"","_et_gb_content_width":"","exclude_from_search":false,"footnotes":""},"class_list":["post-79237","page","type-page","status-publish","hentry"],"yoast_head":"<!-- This site is optimized with the Yoast SEO plugin v23.4 - https:\/\/yoast.com\/wordpress\/plugins\/seo\/ -->\n<title>Spil La Primitiva Spanien online | La Primitiva fra Danmark<\/title>\n<meta name=\"description\" content=\"Det spanske La Primitiva-lotteri kan nu spilles online fra Danmark\" \/>\n<meta name=\"robots\" content=\"index, follow, max-snippet:-1, max-image-preview:large, max-video-preview:-1\" \/>\n<link rel=\"canonical\" href=\"https:\/\/onlinelotto365.com\/da\/spille\/la-primitiva\/\" \/>\n<meta property=\"og:locale\" content=\"da_DK\" \/>\n<meta property=\"og:type\" content=\"article\" \/>\n<meta property=\"og:title\" content=\"Spil La Primitiva Spanien online | La Primitiva fra Danmark\" \/>\n<meta property=\"og:description\" content=\"Det spanske La Primitiva-lotteri kan nu spilles online fra Danmark\" \/>\n<meta property=\"og:url\" content=\"https:\/\/onlinelotto365.com\/da\/spille\/la-primitiva\/\" \/>\n<meta property=\"og:site_name\" content=\"OnlineLotto365\" \/>\n<meta property=\"article:modified_time\" content=\"2022-11-02T12:44:24+00:00\" \/>\n<meta property=\"og:image\" content=\"https:\/\/redfoxlotto.com\/image?size=8&amp;lottery=la-primitiva\" \/>\n<meta name=\"twitter:card\" content=\"summary_large_image\" \/>\n<meta name=\"twitter:label1\" content=\"Estimeret l\u00e6setid\" \/>\n\t<meta name=\"twitter:data1\" content=\"2 minutter\" \/>\n<script type=\"application\/ld+json\" class=\"yoast-schema-graph\">{\"@context\":\"https:\/\/schema.org\",\"@graph\":[{\"@type\":\"WebPage\",\"@id\":\"https:\/\/onlinelotto365.com\/da\/spille\/la-primitiva\/\",\"url\":\"https:\/\/onlinelotto365.com\/da\/spille\/la-primitiva\/\",\"name\":\"Spil La Primitiva Spanien online | La Primitiva fra Danmark\",\"isPartOf\":{\"@id\":\"https:\/\/onlinelotto365.com\/da\/#website\"},\"primaryImageOfPage\":{\"@id\":\"https:\/\/onlinelotto365.com\/da\/spille\/la-primitiva\/#primaryimage\"},\"image\":{\"@id\":\"https:\/\/onlinelotto365.com\/da\/spille\/la-primitiva\/#primaryimage\"},\"thumbnailUrl\":\"https:\/\/redfoxlotto.com\/image?size=8&amp;lottery=la-primitiva\",\"datePublished\":\"2022-11-02T12:44:14+00:00\",\"dateModified\":\"2022-11-02T12:44:24+00:00\",\"description\":\"Det spanske La Primitiva-lotteri kan nu spilles online fra Danmark\",\"breadcrumb\":{\"@id\":\"https:\/\/onlinelotto365.com\/da\/spille\/la-primitiva\/#breadcrumb\"},\"inLanguage\":\"da-DK\",\"potentialAction\":[{\"@type\":\"ReadAction\",\"target\":[\"https:\/\/onlinelotto365.com\/da\/spille\/la-primitiva\/\"]}]},{\"@type\":\"ImageObject\",\"inLanguage\":\"da-DK\",\"@id\":\"https:\/\/onlinelotto365.com\/da\/spille\/la-primitiva\/#primaryimage\",\"url\":\"https:\/\/redfoxlotto.com\/image?size=8&amp;lottery=la-primitiva\",\"contentUrl\":\"https:\/\/redfoxlotto.com\/image?size=8&amp;lottery=la-primitiva\"},{\"@type\":\"BreadcrumbList\",\"@id\":\"https:\/\/onlinelotto365.com\/da\/spille\/la-primitiva\/#breadcrumb\",\"itemListElement\":[{\"@type\":\"ListItem\",\"position\":1,\"name\":\"Home\",\"item\":\"https:\/\/onlinelotto365.com\/da\/\"},{\"@type\":\"ListItem\",\"position\":2,\"name\":\"Alt, hvad du skal vide om dine muligheder for at spille de bedste lotterier online\",\"item\":\"https:\/\/onlinelotto365.com\/da\/spille\/\"},{\"@type\":\"ListItem\",\"position\":3,\"name\":\"S\u00e5dan spiller du det spanske La Primitiva-lotteri\"}]},{\"@type\":\"WebSite\",\"@id\":\"https:\/\/onlinelotto365.com\/da\/#website\",\"url\":\"https:\/\/onlinelotto365.com\/da\/\",\"name\":\"OnlineLotto365\",\"description\":\"\",\"potentialAction\":[{\"@type\":\"SearchAction\",\"target\":{\"@type\":\"EntryPoint\",\"urlTemplate\":\"https:\/\/onlinelotto365.com\/da\/?s={search_term_string}\"},\"query-input\":{\"@type\":\"PropertyValueSpecification\",\"valueRequired\":true,\"valueName\":\"search_term_string\"}}],\"inLanguage\":\"da-DK\"}]}<\/script>\n<!-- \/ Yoast SEO plugin. -->","yoast_head_json":{"title":"Spil La Primitiva Spanien online | La Primitiva fra Danmark","description":"Det spanske La Primitiva-lotteri kan nu spilles online fra Danmark","robots":{"index":"index","follow":"follow","max-snippet":"max-snippet:-1","max-image-preview":"max-image-preview:large","max-video-preview":"max-video-preview:-1"},"canonical":"https:\/\/onlinelotto365.com\/da\/spille\/la-primitiva\/","og_locale":"da_DK","og_type":"article","og_title":"Spil La Primitiva Spanien online | La Primitiva fra Danmark","og_description":"Det spanske La Primitiva-lotteri kan nu spilles online fra Danmark","og_url":"https:\/\/onlinelotto365.com\/da\/spille\/la-primitiva\/","og_site_name":"OnlineLotto365","article_modified_time":"2022-11-02T12:44:24+00:00","og_image":[{"url":"https:\/\/redfoxlotto.com\/image?size=8&amp;lottery=la-primitiva"}],"twitter_card":"summary_large_image","twitter_misc":{"Estimeret l\u00e6setid":"2 minutter"},"schema":{"@context":"https:\/\/schema.org","@graph":[{"@type":"WebPage","@id":"https:\/\/onlinelotto365.com\/da\/spille\/la-primitiva\/","url":"https:\/\/onlinelotto365.com\/da\/spille\/la-primitiva\/","name":"Spil La Primitiva Spanien online | La Primitiva fra Danmark","isPartOf":{"@id":"https:\/\/onlinelotto365.com\/da\/#website"},"primaryImageOfPage":{"@id":"https:\/\/onlinelotto365.com\/da\/spille\/la-primitiva\/#primaryimage"},"image":{"@id":"https:\/\/onlinelotto365.com\/da\/spille\/la-primitiva\/#primaryimage"},"thumbnailUrl":"https:\/\/redfoxlotto.com\/image?size=8&amp;lottery=la-primitiva","datePublished":"2022-11-02T12:44:14+00:00","dateModified":"2022-11-02T12:44:24+00:00","description":"Det spanske La Primitiva-lotteri kan nu spilles online fra Danmark","breadcrumb":{"@id":"https:\/\/onlinelotto365.com\/da\/spille\/la-primitiva\/#breadcrumb"},"inLanguage":"da-DK","potentialAction":[{"@type":"ReadAction","target":["https:\/\/onlinelotto365.com\/da\/spille\/la-primitiva\/"]}]},{"@type":"ImageObject","inLanguage":"da-DK","@id":"https:\/\/onlinelotto365.com\/da\/spille\/la-primitiva\/#primaryimage","url":"https:\/\/redfoxlotto.com\/image?size=8&amp;lottery=la-primitiva","contentUrl":"https:\/\/redfoxlotto.com\/image?size=8&amp;lottery=la-primitiva"},{"@type":"BreadcrumbList","@id":"https:\/\/onlinelotto365.com\/da\/spille\/la-primitiva\/#breadcrumb","itemListElement":[{"@type":"ListItem","position":1,"name":"Home","item":"https:\/\/onlinelotto365.com\/da\/"},{"@type":"ListItem","position":2,"name":"Alt, hvad du skal vide om dine muligheder for at spille de bedste lotterier online","item":"https:\/\/onlinelotto365.com\/da\/spille\/"},{"@type":"ListItem","position":3,"name":"S\u00e5dan spiller du det spanske La Primitiva-lotteri"}]},{"@type":"WebSite","@id":"https:\/\/onlinelotto365.com\/da\/#website","url":"https:\/\/onlinelotto365.com\/da\/","name":"OnlineLotto365","description":"","potentialAction":[{"@type":"SearchAction","target":{"@type":"EntryPoint","urlTemplate":"https:\/\/onlinelotto365.com\/da\/?s={search_term_string}"},"query-input":{"@type":"PropertyValueSpecification","valueRequired":true,"valueName":"search_term_string"}}],"inLanguage":"da-DK"}]}},"_links":{"self":[{"href":"https:\/\/onlinelotto365.com\/da\/wp-json\/wp\/v2\/pages\/79237","targetHints":{"allow":["GET"]}}],"collection":[{"href":"https:\/\/onlinelotto365.com\/da\/wp-json\/wp\/v2\/pages"}],"about":[{"href":"https:\/\/onlinelotto365.com\/da\/wp-json\/wp\/v2\/types\/page"}],"author":[{"embeddable":true,"href":"https:\/\/onlinelotto365.com\/da\/wp-json\/wp\/v2\/users\/1"}],"replies":[{"embeddable":true,"href":"https:\/\/onlinelotto365.com\/da\/wp-json\/wp\/v2\/comments?post=79237"}],"version-history":[{"count":0,"href":"https:\/\/onlinelotto365.com\/da\/wp-json\/wp\/v2\/pages\/79237\/revisions"}],"up":[{"embeddable":true,"href":"https:\/\/onlinelotto365.com\/da\/wp-json\/wp\/v2\/pages\/5013"}],"wp:attachment":[{"href":"https:\/\/onlinelotto365.com\/da\/wp-json\/wp\/v2\/media?parent=79237"}],"curies":[{"name":"wp","href":"https:\/\/api.w.org\/{rel}","templated":true}]}}