{"id":79278,"date":"2022-11-03T09:36:25","date_gmt":"2022-11-03T08:36:25","guid":{"rendered":"https:\/\/onlinelotto365.com\/?page_id=79278"},"modified":"2022-11-03T09:36:41","modified_gmt":"2022-11-03T08:36:41","slug":"saturday-lotto-australia","status":"publish","type":"page","link":"https:\/\/onlinelotto365.com\/da\/spille\/saturday-lotto-australia\/","title":{"rendered":"At spille l\u00f8rdag Lotto Australien er kun en af mulighederne for lotteri fans fra Danmark"},"content":{"rendered":"<h2>S\u00e5dan spiller du l\u00f8rdag Lotto Australia online<\/h2>\n<p>Hvis du bor i Danmark eller andre steder, vil du opdage, at det ikke er s\u00e5 sv\u00e6rt som du m\u00e5ske tror at spille Saturday Lotto Australia. Plus at du har muligheder for at f\u00e5 de billetter, som du \u00f8nsker uden at skulle bruge en hel masse tid p\u00e5 det, hvad kunne v\u00e6re bedre end det?<\/p>\n<p>Tja, det faktum, at vi vil hj\u00e6lpe dig undervejs, vil helt sikkert ogs\u00e5 v\u00e6re en stor fordel. Du kan v\u00e6lge alle de muligheder, du \u00f8nsker, oprette din konto, k\u00f8be dine billetter og alt det andet, du har brug for, med din foretrukne betalingsmetode p\u00e5 ingen tid overhovedet. Og vi s\u00f8rger for, at billetterne er klar til dig, n\u00e5r lodtr\u00e6kningen kommer.<\/p>\n<p>Det eneste du skal g\u00f8re er at tjekke de forskellige lottoindstillinger og v\u00e6lge Saturday Lotto Australia. N\u00e5r du g\u00f8r det, f\u00e5r du mulighed for at v\u00e6lge dine numre for hver billet, som du \u00f8nsker.<br \/>\nDu skal dog ikke bekymre dig om at v\u00e6lge det forkerte antal tal, for systemet vil guide dig til at f\u00e5 det helt rigtige antal. Og hvis du ikke er s\u00e5 sikker p\u00e5, hvilke numre du vil have, kan du bare v\u00e6lge et hurtigvalg for at lade computeren v\u00e6lge dine numre for dig.<\/p>\n<p>N\u00e5r du har f\u00e5et dine billetter, kan du v\u00e6lge at tilf\u00f8je flere, v\u00e6lge billetter til et andet spil eller bare tilf\u00f8je til din ordre og g\u00f8re dig klar til at foretage et k\u00f8b. Kasseprocessen er designet til at v\u00e6re s\u00e5 enkel som muligt, s\u00e5 du kan betale for dine billetter og komme af sted p\u00e5 ingen tid. Det eneste, du skal g\u00f8re, er at oprette din konto.<\/p>\n<p>Det er nemt at oprette en konto, fordi vi ikke har brug for en masse oplysninger. Og s\u00e5 sender vi dig en bekr\u00e6ftelsesmail, s\u00e5 du kan f\u00e6rdigg\u00f8re din konto. Husk p\u00e5, at den kan ende i din spam-mappe (hvilket betyder, at du skal tilf\u00f8je os til din adressebog), og dermed f\u00e5r du en konto og mulighed for at k\u00f8be flere billetter, n\u00e5r du vil.<\/p>\n<p><a href=\"https:\/\/redfoxlotto.com\/play\/saturday-lotto-au\/?ref=a8564250a2&amp;medium=ol365\" target=\"_blank\" rel=\"noopener noreferrer\"><img decoding=\"async\" class=\"aligncenter\" src=\"https:\/\/redfoxlotto.com\/image?size=8&amp;lottery=saturday-lotto-au\" alt=\"L\u00f8rdags Lotto Australien\" \/><\/a><\/p>\n<h2>Om Saturday Lotto Australia<\/h2>\n<ul>\n<li>Land: Australien<\/li>\n<li>Hovedtalsomr\u00e5de: 45<\/li>\n<li>Du skal v\u00e6lge: 6<\/li>\n<li>Dage og timer for tr\u00e6kninger: L\u00f8rdag, 21:30 GMT+11 &#8211; 10:30 CET<\/li>\n<li>Jackpot starter p\u00e5: Jackpot starter: 5 millioner AU$.<\/li>\n<li>Jackpotten er begr\u00e6nset til: AU$ 150 millioner<\/li>\n<li>Chance for at vinde jackpotten: 1 ud af 8145060<\/li>\n<li>Chance for at vinde andenpr\u00e6mien: 1 ud af 678755<\/li>\n<li>Chance for at vinde en pr\u00e6mie: 1 ud af 85,44<\/li>\n<li>Antal pr\u00e6miekategorier: 6<\/li>\n<\/ul>\n<h2>De bedste funktioner i Saturday Lotto Australia<\/h2>\n<p>Saturday Lotto Australia giver masser af chancer for at vinde og jackpots p\u00e5 flere millioner kroner. Hvad der er endnu bedre er, at der er hundredtusindvis af vindere i hver tr\u00e6kning. Du kan vinde en lille pr\u00e6mie p\u00e5 under 10 dollars, eller du kan vinde store pr\u00e6mier, der er p\u00e5 flere hundrede tusinde dollars. Det eneste du skal g\u00f8re er at v\u00e6lge de rigtige tal.<\/p>\n<h2>S\u00e5dan tjekker du l\u00f8rdagens Lotto Australia-resultater<\/h2>\n<p>N\u00e5r det er tid til at tjekke resultaterne af Saturday Lotto Australia har du flere forskellige muligheder. Den f\u00f8rste er at tage et kig p\u00e5 lotteriets officielle hjemmeside. De offentligg\u00f8r altid de vindende numre, efter at de er blevet trukket.<br \/>\nMen du kan ogs\u00e5 tjekke lokale aviser og tv-kanaler, hvis du bor lokalt. Den nemmeste og bedste m\u00e5de at tjekke det p\u00e5 er naturligvis at komme tilbage til vores hjemmeside og logge ind p\u00e5 din konto. Derfra vil du kunne se de seneste vindertal og sammenligne dem med dine egne.<\/p>\n<h2>Du har spillet l\u00f8rdags Lotto Australia online og vundet &#8211; hvad sker der nu?<\/h2>\n<p>Vandt du noget i den sidste tr\u00e6kning? Hvis du gjorde, vil du gerne vide hvor meget, og det vil have indflydelse p\u00e5, hvordan du f\u00e5r dine penge. Ethvert bel\u00f8b under 2.500 \u20ac kan indbetales direkte p\u00e5 din konto, og det vil v\u00e6re. Det betyder, at du kan g\u00f8re, hvad du vil med det, lige fra at h\u00e6ve det (hvis det er over \u20ac10) til at k\u00f8be et par flere lodder til dette eller et andet spil, som du \u00f8nsker.<br \/>\nP\u00e5 den anden side, hvis du har v\u00e6ret heldig nok til at vinde mere end \u20ac2500, hj\u00e6lper vi dig gennem processen med at kr\u00e6ve din gevinst, hvilket kr\u00e6ver en lidt st\u00f8rre indsats. Til denne proces skal du udfylde en kravformular til lotterikommissionen og beslutte, om du vil have dine penge sendt til dig via en bankoverf\u00f8rsel eller en check. Det er helt op til dig.<\/p>\n","protected":false},"excerpt":{"rendered":"<p>S\u00e5dan spiller du l\u00f8rdag Lotto Australia online Hvis du bor i Danmark eller andre steder, vil du opdage, at det ikke er s\u00e5 sv\u00e6rt som du m\u00e5ske tror at spille Saturday Lotto Australia. Plus at du har muligheder for at f\u00e5 de billetter, som du \u00f8nsker uden at skulle bruge en hel masse tid p\u00e5 [&hellip;]<\/p>\n","protected":false},"author":1,"featured_media":0,"parent":5013,"menu_order":15,"comment_status":"closed","ping_status":"closed","template":"saturday-lotto.php","meta":{"_et_pb_use_builder":"","_et_pb_old_content":"","_et_gb_content_width":"","exclude_from_search":false,"footnotes":""},"class_list":["post-79278","page","type-page","status-publish","hentry"],"yoast_head":"<!-- This site is optimized with the Yoast SEO plugin v23.4 - https:\/\/yoast.com\/wordpress\/plugins\/seo\/ -->\n<title>Vores service giver dig mulighed for at spille l\u00f8rdag Lotto Australien online fra Danmark<\/title>\n<meta name=\"description\" content=\"Der er ogs\u00e5 et l\u00f8rdagslotteri i Australien - spil det online nu\" \/>\n<meta name=\"robots\" content=\"index, follow, max-snippet:-1, max-image-preview:large, max-video-preview:-1\" \/>\n<link rel=\"canonical\" href=\"https:\/\/onlinelotto365.com\/da\/spille\/saturday-lotto-australia\/\" \/>\n<meta property=\"og:locale\" content=\"da_DK\" \/>\n<meta property=\"og:type\" content=\"article\" \/>\n<meta property=\"og:title\" content=\"Vores service giver dig mulighed for at spille l\u00f8rdag Lotto Australien online fra Danmark\" \/>\n<meta property=\"og:description\" content=\"Der er ogs\u00e5 et l\u00f8rdagslotteri i Australien - spil det online nu\" \/>\n<meta property=\"og:url\" content=\"https:\/\/onlinelotto365.com\/da\/spille\/saturday-lotto-australia\/\" \/>\n<meta property=\"og:site_name\" content=\"OnlineLotto365\" \/>\n<meta property=\"article:modified_time\" content=\"2022-11-03T08:36:41+00:00\" \/>\n<meta property=\"og:image\" content=\"https:\/\/redfoxlotto.com\/image?size=8&amp;lottery=saturday-lotto-au\" \/>\n<meta name=\"twitter:card\" content=\"summary_large_image\" \/>\n<meta name=\"twitter:label1\" content=\"Estimeret l\u00e6setid\" \/>\n\t<meta name=\"twitter:data1\" content=\"4 minutter\" \/>\n<script type=\"application\/ld+json\" class=\"yoast-schema-graph\">{\"@context\":\"https:\/\/schema.org\",\"@graph\":[{\"@type\":\"WebPage\",\"@id\":\"https:\/\/onlinelotto365.com\/da\/spille\/saturday-lotto-australia\/\",\"url\":\"https:\/\/onlinelotto365.com\/da\/spille\/saturday-lotto-australia\/\",\"name\":\"Vores service giver dig mulighed for at spille l\u00f8rdag Lotto Australien online fra Danmark\",\"isPartOf\":{\"@id\":\"https:\/\/onlinelotto365.com\/da\/#website\"},\"primaryImageOfPage\":{\"@id\":\"https:\/\/onlinelotto365.com\/da\/spille\/saturday-lotto-australia\/#primaryimage\"},\"image\":{\"@id\":\"https:\/\/onlinelotto365.com\/da\/spille\/saturday-lotto-australia\/#primaryimage\"},\"thumbnailUrl\":\"https:\/\/redfoxlotto.com\/image?size=8&amp;lottery=saturday-lotto-au\",\"datePublished\":\"2022-11-03T08:36:25+00:00\",\"dateModified\":\"2022-11-03T08:36:41+00:00\",\"description\":\"Der er ogs\u00e5 et l\u00f8rdagslotteri i Australien - spil det online nu\",\"breadcrumb\":{\"@id\":\"https:\/\/onlinelotto365.com\/da\/spille\/saturday-lotto-australia\/#breadcrumb\"},\"inLanguage\":\"da-DK\",\"potentialAction\":[{\"@type\":\"ReadAction\",\"target\":[\"https:\/\/onlinelotto365.com\/da\/spille\/saturday-lotto-australia\/\"]}]},{\"@type\":\"ImageObject\",\"inLanguage\":\"da-DK\",\"@id\":\"https:\/\/onlinelotto365.com\/da\/spille\/saturday-lotto-australia\/#primaryimage\",\"url\":\"https:\/\/redfoxlotto.com\/image?size=8&amp;lottery=saturday-lotto-au\",\"contentUrl\":\"https:\/\/redfoxlotto.com\/image?size=8&amp;lottery=saturday-lotto-au\"},{\"@type\":\"BreadcrumbList\",\"@id\":\"https:\/\/onlinelotto365.com\/da\/spille\/saturday-lotto-australia\/#breadcrumb\",\"itemListElement\":[{\"@type\":\"ListItem\",\"position\":1,\"name\":\"Home\",\"item\":\"https:\/\/onlinelotto365.com\/da\/\"},{\"@type\":\"ListItem\",\"position\":2,\"name\":\"Alt, hvad du skal vide om dine muligheder for at spille de bedste lotterier online\",\"item\":\"https:\/\/onlinelotto365.com\/da\/spille\/\"},{\"@type\":\"ListItem\",\"position\":3,\"name\":\"At spille l\u00f8rdag Lotto Australien er kun en af mulighederne for lotteri fans fra Danmark\"}]},{\"@type\":\"WebSite\",\"@id\":\"https:\/\/onlinelotto365.com\/da\/#website\",\"url\":\"https:\/\/onlinelotto365.com\/da\/\",\"name\":\"OnlineLotto365\",\"description\":\"\",\"potentialAction\":[{\"@type\":\"SearchAction\",\"target\":{\"@type\":\"EntryPoint\",\"urlTemplate\":\"https:\/\/onlinelotto365.com\/da\/?s={search_term_string}\"},\"query-input\":{\"@type\":\"PropertyValueSpecification\",\"valueRequired\":true,\"valueName\":\"search_term_string\"}}],\"inLanguage\":\"da-DK\"}]}<\/script>\n<!-- \/ Yoast SEO plugin. -->","yoast_head_json":{"title":"Vores service giver dig mulighed for at spille l\u00f8rdag Lotto Australien online fra Danmark","description":"Der er ogs\u00e5 et l\u00f8rdagslotteri i Australien - spil det online nu","robots":{"index":"index","follow":"follow","max-snippet":"max-snippet:-1","max-image-preview":"max-image-preview:large","max-video-preview":"max-video-preview:-1"},"canonical":"https:\/\/onlinelotto365.com\/da\/spille\/saturday-lotto-australia\/","og_locale":"da_DK","og_type":"article","og_title":"Vores service giver dig mulighed for at spille l\u00f8rdag Lotto Australien online fra Danmark","og_description":"Der er ogs\u00e5 et l\u00f8rdagslotteri i Australien - spil det online nu","og_url":"https:\/\/onlinelotto365.com\/da\/spille\/saturday-lotto-australia\/","og_site_name":"OnlineLotto365","article_modified_time":"2022-11-03T08:36:41+00:00","og_image":[{"url":"https:\/\/redfoxlotto.com\/image?size=8&amp;lottery=saturday-lotto-au"}],"twitter_card":"summary_large_image","twitter_misc":{"Estimeret l\u00e6setid":"4 minutter"},"schema":{"@context":"https:\/\/schema.org","@graph":[{"@type":"WebPage","@id":"https:\/\/onlinelotto365.com\/da\/spille\/saturday-lotto-australia\/","url":"https:\/\/onlinelotto365.com\/da\/spille\/saturday-lotto-australia\/","name":"Vores service giver dig mulighed for at spille l\u00f8rdag Lotto Australien online fra Danmark","isPartOf":{"@id":"https:\/\/onlinelotto365.com\/da\/#website"},"primaryImageOfPage":{"@id":"https:\/\/onlinelotto365.com\/da\/spille\/saturday-lotto-australia\/#primaryimage"},"image":{"@id":"https:\/\/onlinelotto365.com\/da\/spille\/saturday-lotto-australia\/#primaryimage"},"thumbnailUrl":"https:\/\/redfoxlotto.com\/image?size=8&amp;lottery=saturday-lotto-au","datePublished":"2022-11-03T08:36:25+00:00","dateModified":"2022-11-03T08:36:41+00:00","description":"Der er ogs\u00e5 et l\u00f8rdagslotteri i Australien - spil det online nu","breadcrumb":{"@id":"https:\/\/onlinelotto365.com\/da\/spille\/saturday-lotto-australia\/#breadcrumb"},"inLanguage":"da-DK","potentialAction":[{"@type":"ReadAction","target":["https:\/\/onlinelotto365.com\/da\/spille\/saturday-lotto-australia\/"]}]},{"@type":"ImageObject","inLanguage":"da-DK","@id":"https:\/\/onlinelotto365.com\/da\/spille\/saturday-lotto-australia\/#primaryimage","url":"https:\/\/redfoxlotto.com\/image?size=8&amp;lottery=saturday-lotto-au","contentUrl":"https:\/\/redfoxlotto.com\/image?size=8&amp;lottery=saturday-lotto-au"},{"@type":"BreadcrumbList","@id":"https:\/\/onlinelotto365.com\/da\/spille\/saturday-lotto-australia\/#breadcrumb","itemListElement":[{"@type":"ListItem","position":1,"name":"Home","item":"https:\/\/onlinelotto365.com\/da\/"},{"@type":"ListItem","position":2,"name":"Alt, hvad du skal vide om dine muligheder for at spille de bedste lotterier online","item":"https:\/\/onlinelotto365.com\/da\/spille\/"},{"@type":"ListItem","position":3,"name":"At spille l\u00f8rdag Lotto Australien er kun en af mulighederne for lotteri fans fra Danmark"}]},{"@type":"WebSite","@id":"https:\/\/onlinelotto365.com\/da\/#website","url":"https:\/\/onlinelotto365.com\/da\/","name":"OnlineLotto365","description":"","potentialAction":[{"@type":"SearchAction","target":{"@type":"EntryPoint","urlTemplate":"https:\/\/onlinelotto365.com\/da\/?s={search_term_string}"},"query-input":{"@type":"PropertyValueSpecification","valueRequired":true,"valueName":"search_term_string"}}],"inLanguage":"da-DK"}]}},"_links":{"self":[{"href":"https:\/\/onlinelotto365.com\/da\/wp-json\/wp\/v2\/pages\/79278","targetHints":{"allow":["GET"]}}],"collection":[{"href":"https:\/\/onlinelotto365.com\/da\/wp-json\/wp\/v2\/pages"}],"about":[{"href":"https:\/\/onlinelotto365.com\/da\/wp-json\/wp\/v2\/types\/page"}],"author":[{"embeddable":true,"href":"https:\/\/onlinelotto365.com\/da\/wp-json\/wp\/v2\/users\/1"}],"replies":[{"embeddable":true,"href":"https:\/\/onlinelotto365.com\/da\/wp-json\/wp\/v2\/comments?post=79278"}],"version-history":[{"count":0,"href":"https:\/\/onlinelotto365.com\/da\/wp-json\/wp\/v2\/pages\/79278\/revisions"}],"up":[{"embeddable":true,"href":"https:\/\/onlinelotto365.com\/da\/wp-json\/wp\/v2\/pages\/5013"}],"wp:attachment":[{"href":"https:\/\/onlinelotto365.com\/da\/wp-json\/wp\/v2\/media?parent=79278"}],"curies":[{"name":"wp","href":"https:\/\/api.w.org\/{rel}","templated":true}]}}