{"id":79319,"date":"2022-11-03T11:28:37","date_gmt":"2022-11-03T10:28:37","guid":{"rendered":"https:\/\/onlinelotto365.com\/?page_id=79319"},"modified":"2022-11-03T11:29:52","modified_gmt":"2022-11-03T10:29:52","slug":"oz-lotto","status":"publish","type":"page","link":"https:\/\/onlinelotto365.com\/da\/spille\/oz-lotto\/","title":{"rendered":"At spille Oz Lotto er kun en af mulighederne for lotteri fans fra Danmark"},"content":{"rendered":"<h2>S\u00e5dan spiller du Oz Lotto online<\/h2>\n<p>Uanset om du bor i Danmark eller ej, kan du nemt spille Oz Lotto online. Du skal nemlig bare finde den rigtige side p\u00e5 vores hjemmeside, klikke p\u00e5 et par knapper, og f\u00f8r du ved af det, har du de \u00f8nskede billetter.<\/p>\n<p>Endnu bedre, du skal bare oprette en helt gratis konto, v\u00e6lge de billetter og numre, du vil have, v\u00e6lge den betalingsmulighed, der fungerer bedst for dig, og s\u00e5 er du f\u00e6rdig. Det er virkelig bare s\u00e5 enkelt.<\/p>\n<p>Hvis du er klar til at g\u00e5 i gang, er det f\u00f8rste, du skal g\u00f8re, at v\u00e6lge det lotto, du vil have. I dette tilf\u00e6lde er det Oz Lotto, du skal v\u00e6lge. N\u00e5r du er inde, skal du bare v\u00e6lge de numre, som du vil spille. Du beh\u00f8ver ikke engang at bekymre dig om at v\u00e6lge dine numre forkert, fordi systemet vil lade dig vide, hvad du skal bruge.<\/p>\n<p>Det betyder ogs\u00e5 m\u00e6ngden af numre. Desuden kan du v\u00e6lge et hurtigvalg for at f\u00e5 computeren til at v\u00e6lge dine numre tilf\u00e6ldigt og derefter redigere disse numre ogs\u00e5.<br \/>\nN\u00e5r du har f\u00e5et de billetter, du \u00f8nsker til Oz Lotto, kan du v\u00e6lge at tilf\u00f8je endnu flere billetter, v\u00e6lge et andet spil og tilf\u00f8je disse billetter eller blot tilf\u00f8je dine billetter til en ordre til k\u00f8b. Checkout og betal med din foretrukne betalingsmetode, og s\u00e5 er du helt klar. Selv om du selvf\u00f8lgelig skal oprette en konto for at komme hele vejen igennem kasseprocessen.<\/p>\n<p>Det er nemt at oprette kontoen, og vi sender dig en bekr\u00e6ftelsesmail og et link med det samme. P\u00e5 den m\u00e5de kan du hoppe direkte i gang med at k\u00f8be billetterne uden at skulle vente. Du skal bare s\u00f8rge for at tjekke din indbakke og din spam-mappe, for du vil ikke kunne f\u00e5 dine billetter, medmindre du bekr\u00e6fter dem. S\u00e5 er du klar til at g\u00e5 i gang p\u00e5 ingen tid.<\/p>\n<p><a href=\"https:\/\/redfoxlotto.com\/play\/oz-lotto\/?ref=a8564250a2&amp;medium=ol365\" target=\"_blank\" rel=\"noopener noreferrer\"><img decoding=\"async\" class=\"aligncenter\" src=\"https:\/\/redfoxlotto.com\/image?size=8&amp;lottery=oz-lotto\" alt=\"Oz Lotto\" \/><\/a><\/p>\n<h2>Om Oz Lotto<\/h2>\n<ul>\n<li>Land: Australien<\/li>\n<li>Hovedtalsomr\u00e5de: 45<\/li>\n<li>Du skal v\u00e6lge: 7<\/li>\n<li>Dage og timer for tr\u00e6kninger: Tirsdag, 21:30 GMT+11 &#8211; 10:30 CET<\/li>\n<li>Jackpot starter p\u00e5: AU$ 2 millioner<\/li>\n<li>Jackpot er begr\u00e6nset til: ingen<\/li>\n<li>Chance for at vinde jackpotten: 1 ud af 45379620<\/li>\n<li>Chance for at vinde andenpr\u00e6mien: 1 ud af 3241401<\/li>\n<li>Chance for at vinde en pr\u00e6mie: 1 ud af 54,59<\/li>\n<li>Antal pr\u00e6miekategorier: 7<\/li>\n<\/ul>\n<h2>Bedste funktioner i Oz Lotto<\/h2>\n<p>Oz Lotto giver dig mulighed for at vinde i syv forskellige divisioner, hvilket \u00f8ger dine chancer for at vinde en stor pr\u00e6mie. Ikke kun det, men hvis du vinder i division 1 er du garanteret at dele en pr\u00e6mie p\u00e5 2 millioner dollars, og ofte meget h\u00f8jere. Det betyder, at du ikke vil have noget problem med at vinde noget stort, eller i det mindste f\u00e5 en del af en af de store pr\u00e6miemuligheder.<\/p>\n<h2>S\u00e5dan tjekker du Oz Lotto-resultaterne<\/h2>\n<p>Der er masser af m\u00e5der at tjekke de vindende tal for Oz Lotto p\u00e5. Den f\u00f8rste er ved at g\u00e5 til den officielle hjemmeside eller ved at tjekke lokale lotterier gennem din egen avis eller din foretrukne nyhedskanal. Men det virker kun, hvis spillet er lokalt. Og den bedste m\u00e5de, hvorp\u00e5 du kan f\u00e5 dine lottotal, er ved at komme tilbage til vores hjemmeside.<br \/>\nDu har jo trods alt k\u00f8bt dine lodder her, s\u00e5 hvorfor ikke? Du vil kunne logge direkte ind p\u00e5 din konto og sammenligne dine numre med de vindende numre for at se, hvor meget du har vundet.<\/p>\n<h2>Du er en Oz Lotto-vinder! &#8211; Hvad nu?<\/h2>\n<p>Det f\u00f8rste, du vil vide, er, hvor meget du vil f\u00e5. Alle vil jo gerne vide noget om deres gevinst, ikke sandt? Hvis du har vundet mindre end 2.500 \u20ac, beh\u00f8ver du ikke at g\u00f8re noget. Vi tager os af at kr\u00e6ve gevinsten og s\u00e6tter den direkte ind p\u00e5 din online konto. Derfra kan du v\u00e6lge at tage den ud, k\u00f8be nye billetter eller hvad du vil, s\u00e5 l\u00e6nge du er over \u20ac10, det vil sige.<br \/>\n<img loading=\"lazy\" decoding=\"async\" class=\"alignright wp-image-3635\" src=\"https:\/\/onlinelotto365.com\/wp-content\/uploads\/2020\/11\/online_lottery-123-300x300.jpg\" alt=\"spille oz lotto online\" width=\"228\" height=\"228\" srcset=\"https:\/\/onlinelotto365.com\/wp-content\/uploads\/2020\/11\/online_lottery-123-300x300.jpg 300w, https:\/\/onlinelotto365.com\/wp-content\/uploads\/2020\/11\/online_lottery-123-100x100.jpg 100w, https:\/\/onlinelotto365.com\/wp-content\/uploads\/2020\/11\/online_lottery-123-150x150.jpg 150w, https:\/\/onlinelotto365.com\/wp-content\/uploads\/2020\/11\/online_lottery-123.jpg 320w\" sizes=\"auto, (max-width: 228px) 100vw, 228px\" \/><\/p>\n<p>Hvis du har vundet over \u20ac2500, er der lidt mere involveret i processen, men bare rolig, for vi hj\u00e6lper dig igennem det hele. Vi tager kontakt til dig og giver dig en kopi af den ans\u00f8gningsformular, der skal sendes til lotterikommissionen. N\u00e5r du har udfyldt den, vil du kunne f\u00e5 din gevinst i henhold til det, du har indsendt p\u00e5 papiret. Du kan f\u00e5 en check eller en bankoverf\u00f8rsel.<\/p>\n","protected":false},"excerpt":{"rendered":"<p>S\u00e5dan spiller du Oz Lotto online Uanset om du bor i Danmark eller ej, kan du nemt spille Oz Lotto online. Du skal nemlig bare finde den rigtige side p\u00e5 vores hjemmeside, klikke p\u00e5 et par knapper, og f\u00f8r du ved af det, har du de \u00f8nskede billetter. Endnu bedre, du skal bare oprette en [&hellip;]<\/p>\n","protected":false},"author":1,"featured_media":0,"parent":5013,"menu_order":14,"comment_status":"closed","ping_status":"closed","template":"template-rightsidebar.php","meta":{"_et_pb_use_builder":"","_et_pb_old_content":"","_et_gb_content_width":"","exclude_from_search":false,"footnotes":""},"class_list":["post-79319","page","type-page","status-publish","hentry"],"yoast_head":"<!-- This site is optimized with the Yoast SEO plugin v23.4 - https:\/\/yoast.com\/wordpress\/plugins\/seo\/ -->\n<title>Spil Oz Lotto lige her - de st\u00f8rste lotterier p\u00e5 planeten, tilg\u00e6ngelige online fra Danmark<\/title>\n<meta name=\"description\" content=\"Spil mange internationale lotterier online, herunder OzLotto\" \/>\n<meta name=\"robots\" content=\"index, follow, max-snippet:-1, max-image-preview:large, max-video-preview:-1\" \/>\n<link rel=\"canonical\" href=\"https:\/\/onlinelotto365.com\/da\/spille\/oz-lotto\/\" \/>\n<meta property=\"og:locale\" content=\"da_DK\" \/>\n<meta property=\"og:type\" content=\"article\" \/>\n<meta property=\"og:title\" content=\"Spil Oz Lotto lige her - de st\u00f8rste lotterier p\u00e5 planeten, tilg\u00e6ngelige online fra Danmark\" \/>\n<meta property=\"og:description\" content=\"Spil mange internationale lotterier online, herunder OzLotto\" \/>\n<meta property=\"og:url\" content=\"https:\/\/onlinelotto365.com\/da\/spille\/oz-lotto\/\" \/>\n<meta property=\"og:site_name\" content=\"OnlineLotto365\" \/>\n<meta property=\"article:modified_time\" content=\"2022-11-03T10:29:52+00:00\" \/>\n<meta property=\"og:image\" content=\"https:\/\/redfoxlotto.com\/image?size=8&amp;lottery=oz-lotto\" \/>\n<meta name=\"twitter:card\" content=\"summary_large_image\" \/>\n<meta name=\"twitter:label1\" content=\"Estimeret l\u00e6setid\" \/>\n\t<meta name=\"twitter:data1\" content=\"4 minutter\" \/>\n<script type=\"application\/ld+json\" class=\"yoast-schema-graph\">{\"@context\":\"https:\/\/schema.org\",\"@graph\":[{\"@type\":\"WebPage\",\"@id\":\"https:\/\/onlinelotto365.com\/da\/spille\/oz-lotto\/\",\"url\":\"https:\/\/onlinelotto365.com\/da\/spille\/oz-lotto\/\",\"name\":\"Spil Oz Lotto lige her - de st\u00f8rste lotterier p\u00e5 planeten, tilg\u00e6ngelige online fra Danmark\",\"isPartOf\":{\"@id\":\"https:\/\/onlinelotto365.com\/da\/#website\"},\"primaryImageOfPage\":{\"@id\":\"https:\/\/onlinelotto365.com\/da\/spille\/oz-lotto\/#primaryimage\"},\"image\":{\"@id\":\"https:\/\/onlinelotto365.com\/da\/spille\/oz-lotto\/#primaryimage\"},\"thumbnailUrl\":\"https:\/\/redfoxlotto.com\/image?size=8&amp;lottery=oz-lotto\",\"datePublished\":\"2022-11-03T10:28:37+00:00\",\"dateModified\":\"2022-11-03T10:29:52+00:00\",\"description\":\"Spil mange internationale lotterier online, herunder OzLotto\",\"breadcrumb\":{\"@id\":\"https:\/\/onlinelotto365.com\/da\/spille\/oz-lotto\/#breadcrumb\"},\"inLanguage\":\"da-DK\",\"potentialAction\":[{\"@type\":\"ReadAction\",\"target\":[\"https:\/\/onlinelotto365.com\/da\/spille\/oz-lotto\/\"]}]},{\"@type\":\"ImageObject\",\"inLanguage\":\"da-DK\",\"@id\":\"https:\/\/onlinelotto365.com\/da\/spille\/oz-lotto\/#primaryimage\",\"url\":\"https:\/\/redfoxlotto.com\/image?size=8&amp;lottery=oz-lotto\",\"contentUrl\":\"https:\/\/redfoxlotto.com\/image?size=8&amp;lottery=oz-lotto\"},{\"@type\":\"BreadcrumbList\",\"@id\":\"https:\/\/onlinelotto365.com\/da\/spille\/oz-lotto\/#breadcrumb\",\"itemListElement\":[{\"@type\":\"ListItem\",\"position\":1,\"name\":\"Home\",\"item\":\"https:\/\/onlinelotto365.com\/da\/\"},{\"@type\":\"ListItem\",\"position\":2,\"name\":\"Alt, hvad du skal vide om dine muligheder for at spille de bedste lotterier online\",\"item\":\"https:\/\/onlinelotto365.com\/da\/spille\/\"},{\"@type\":\"ListItem\",\"position\":3,\"name\":\"At spille Oz Lotto er kun en af mulighederne for lotteri fans fra Danmark\"}]},{\"@type\":\"WebSite\",\"@id\":\"https:\/\/onlinelotto365.com\/da\/#website\",\"url\":\"https:\/\/onlinelotto365.com\/da\/\",\"name\":\"OnlineLotto365\",\"description\":\"\",\"potentialAction\":[{\"@type\":\"SearchAction\",\"target\":{\"@type\":\"EntryPoint\",\"urlTemplate\":\"https:\/\/onlinelotto365.com\/da\/?s={search_term_string}\"},\"query-input\":{\"@type\":\"PropertyValueSpecification\",\"valueRequired\":true,\"valueName\":\"search_term_string\"}}],\"inLanguage\":\"da-DK\"}]}<\/script>\n<!-- \/ Yoast SEO plugin. -->","yoast_head_json":{"title":"Spil Oz Lotto lige her - de st\u00f8rste lotterier p\u00e5 planeten, tilg\u00e6ngelige online fra Danmark","description":"Spil mange internationale lotterier online, herunder OzLotto","robots":{"index":"index","follow":"follow","max-snippet":"max-snippet:-1","max-image-preview":"max-image-preview:large","max-video-preview":"max-video-preview:-1"},"canonical":"https:\/\/onlinelotto365.com\/da\/spille\/oz-lotto\/","og_locale":"da_DK","og_type":"article","og_title":"Spil Oz Lotto lige her - de st\u00f8rste lotterier p\u00e5 planeten, tilg\u00e6ngelige online fra Danmark","og_description":"Spil mange internationale lotterier online, herunder OzLotto","og_url":"https:\/\/onlinelotto365.com\/da\/spille\/oz-lotto\/","og_site_name":"OnlineLotto365","article_modified_time":"2022-11-03T10:29:52+00:00","og_image":[{"url":"https:\/\/redfoxlotto.com\/image?size=8&amp;lottery=oz-lotto"}],"twitter_card":"summary_large_image","twitter_misc":{"Estimeret l\u00e6setid":"4 minutter"},"schema":{"@context":"https:\/\/schema.org","@graph":[{"@type":"WebPage","@id":"https:\/\/onlinelotto365.com\/da\/spille\/oz-lotto\/","url":"https:\/\/onlinelotto365.com\/da\/spille\/oz-lotto\/","name":"Spil Oz Lotto lige her - de st\u00f8rste lotterier p\u00e5 planeten, tilg\u00e6ngelige online fra Danmark","isPartOf":{"@id":"https:\/\/onlinelotto365.com\/da\/#website"},"primaryImageOfPage":{"@id":"https:\/\/onlinelotto365.com\/da\/spille\/oz-lotto\/#primaryimage"},"image":{"@id":"https:\/\/onlinelotto365.com\/da\/spille\/oz-lotto\/#primaryimage"},"thumbnailUrl":"https:\/\/redfoxlotto.com\/image?size=8&amp;lottery=oz-lotto","datePublished":"2022-11-03T10:28:37+00:00","dateModified":"2022-11-03T10:29:52+00:00","description":"Spil mange internationale lotterier online, herunder OzLotto","breadcrumb":{"@id":"https:\/\/onlinelotto365.com\/da\/spille\/oz-lotto\/#breadcrumb"},"inLanguage":"da-DK","potentialAction":[{"@type":"ReadAction","target":["https:\/\/onlinelotto365.com\/da\/spille\/oz-lotto\/"]}]},{"@type":"ImageObject","inLanguage":"da-DK","@id":"https:\/\/onlinelotto365.com\/da\/spille\/oz-lotto\/#primaryimage","url":"https:\/\/redfoxlotto.com\/image?size=8&amp;lottery=oz-lotto","contentUrl":"https:\/\/redfoxlotto.com\/image?size=8&amp;lottery=oz-lotto"},{"@type":"BreadcrumbList","@id":"https:\/\/onlinelotto365.com\/da\/spille\/oz-lotto\/#breadcrumb","itemListElement":[{"@type":"ListItem","position":1,"name":"Home","item":"https:\/\/onlinelotto365.com\/da\/"},{"@type":"ListItem","position":2,"name":"Alt, hvad du skal vide om dine muligheder for at spille de bedste lotterier online","item":"https:\/\/onlinelotto365.com\/da\/spille\/"},{"@type":"ListItem","position":3,"name":"At spille Oz Lotto er kun en af mulighederne for lotteri fans fra Danmark"}]},{"@type":"WebSite","@id":"https:\/\/onlinelotto365.com\/da\/#website","url":"https:\/\/onlinelotto365.com\/da\/","name":"OnlineLotto365","description":"","potentialAction":[{"@type":"SearchAction","target":{"@type":"EntryPoint","urlTemplate":"https:\/\/onlinelotto365.com\/da\/?s={search_term_string}"},"query-input":{"@type":"PropertyValueSpecification","valueRequired":true,"valueName":"search_term_string"}}],"inLanguage":"da-DK"}]}},"_links":{"self":[{"href":"https:\/\/onlinelotto365.com\/da\/wp-json\/wp\/v2\/pages\/79319","targetHints":{"allow":["GET"]}}],"collection":[{"href":"https:\/\/onlinelotto365.com\/da\/wp-json\/wp\/v2\/pages"}],"about":[{"href":"https:\/\/onlinelotto365.com\/da\/wp-json\/wp\/v2\/types\/page"}],"author":[{"embeddable":true,"href":"https:\/\/onlinelotto365.com\/da\/wp-json\/wp\/v2\/users\/1"}],"replies":[{"embeddable":true,"href":"https:\/\/onlinelotto365.com\/da\/wp-json\/wp\/v2\/comments?post=79319"}],"version-history":[{"count":0,"href":"https:\/\/onlinelotto365.com\/da\/wp-json\/wp\/v2\/pages\/79319\/revisions"}],"up":[{"embeddable":true,"href":"https:\/\/onlinelotto365.com\/da\/wp-json\/wp\/v2\/pages\/5013"}],"wp:attachment":[{"href":"https:\/\/onlinelotto365.com\/da\/wp-json\/wp\/v2\/media?parent=79319"}],"curies":[{"name":"wp","href":"https:\/\/api.w.org\/{rel}","templated":true}]}}