{"id":79362,"date":"2022-11-03T14:37:38","date_gmt":"2022-11-03T13:37:38","guid":{"rendered":"https:\/\/onlinelotto365.com\/?page_id=79362"},"modified":"2022-11-03T14:38:02","modified_gmt":"2022-11-03T13:38:02","slug":"powerball-australien","status":"publish","type":"page","link":"https:\/\/onlinelotto365.com\/da\/spille\/powerball-australien\/","title":{"rendered":"Powerball Australia &#8211; du er ikke l\u00e6ngere begr\u00e6nset til dine danske lotterier"},"content":{"rendered":"<h2>S\u00e5dan spiller du Powerball Australia online<\/h2>\n<p>Det er faktisk ret nemt at spille Powerball Australia online, selv hvis du befinder dig i Danmark . Og det er ogs\u00e5 ret praktisk, for du er allerede her, hvor du kan f\u00e5 dine billetter med f\u00e5 klik med musen.<\/p>\n<p>Der bliver taget h\u00e5nd om dig hele vejen igennem, hvor alt du skal g\u00f8re er at oprette en gratis konto, foretage dine valg, v\u00e6lge en af deres mange praktiske betalingsmuligheder, og s\u00e5 klarer vi alt det andet.<\/p>\n<p>S\u00f8rg for at du klikker p\u00e5 det rigtige lotteri, nemlig Powerball Australia. Derefter v\u00e6lger du dine numre. Hvis du fors\u00f8ger at v\u00e6lge for mange numre eller ikke har valgt nok numre, vil systemet bede dig om at v\u00e6lge f\u00e6rre eller flere numre. Du kan ogs\u00e5 klikke p\u00e5 knappen &#8220;Quick Pick&#8221;, hvorefter webstedet v\u00e6lger nogle tilf\u00e6ldige numre for dig. Du kan stadig manuelt redigere disse numre, hvis du ikke kan lide dem.<\/p>\n<p>Der er ogs\u00e5 en metode, som mange spillere kan lide at bruge &#8211; quick pick-funktionen. Eller du kan bruge nogle af dine yndlingsnumre manuelt og lade generatoren af tilf\u00e6ldige numre v\u00e6lge resten for dig.<\/p>\n<p>Derefter kan du v\u00e6lge et andet lotteri, spille flere lottokuponer og tilf\u00f8je dem til din bestilling. Klik derefter p\u00e5 for at tjekke ud og betale sikkert for dine lottokuponer. P\u00e5 dette tidspunkt skal du oprette en konto hos os. Du kan selvf\u00f8lgelig ogs\u00e5 oprette din konto f\u00f8rst og derefter starte processen med at bestille dine billetter.<\/p>\n<p>N\u00e5r du har oprettet din konto, sender vi dig en bekr\u00e6ftelsesmail med et link, som du skal klikke p\u00e5. S\u00f8rg for at tjekke din spam-mappe for denne e-mail. Det vil v\u00e6re klogt at markere vores e-mailadresse som en betroet afsender. Dette sikrer, at vigtige meddelelser som meddelelser om gevinster rent faktisk n\u00e5r frem til dig.<\/p>\n<p><a href=\"https:\/\/redfoxlotto.com\/play\/powerball-au\/?ref=a8564250a2&amp;medium=ol365\" target=\"_blank\" rel=\"noopener noreferrer\"><img decoding=\"async\" class=\"aligncenter\" src=\"https:\/\/redfoxlotto.com\/image?size=8&amp;lottery=powerball-au\" alt=\"Powerball Australien\" \/><\/a><\/p>\n<h2>Om Powerball Australia<\/h2>\n<ul>\n<li>Land: Australien<\/li>\n<li>Hovedtalsomr\u00e5de: 35<\/li>\n<li>Du skal v\u00e6lge: 7<\/li>\n<li>Ekstra nummerserie: 20<\/li>\n<li>Du skal v\u00e6lge: 1<\/li>\n<li>Dage og timer for tr\u00e6kninger: Dagene og timerne Torsdag, 21:30 GMT+11, 10:30 CET<\/li>\n<li>Jackpotten starter p\u00e5::: Jackpot AU$ 3 millioner<\/li>\n<li>Jackpotten er begr\u00e6nset til: AU$ 150 millioner<\/li>\n<li>Chance for at vinde jackpotten: 1 ud af 134.490.400<\/li>\n<li>Chance for at vinde en anden pr\u00e6mie: 1 ud af 7.078.443<\/li>\n<li>Chance for at vinde en hvilken som helst pr\u00e6mie: 1 ud af 24,87<\/li>\n<li>Antal pr\u00e6miekategorier: 7<\/li>\n<\/ul>\n<h2>S\u00e5dan tjekker du resultaterne af Powerball Australia<\/h2>\n<p>Du kan bruge en r\u00e6kke metoder til at tjekke dine resultater. Du kan finde dem p\u00e5 lotteriets officielle websted. For nogle lotterier kan du finde vindernumrene i din lokale avis, eller en tv-kanal kan udsende dem. Men den nemmeste m\u00e5de er at komme tilbage til vores websted og tjekke de seneste vindertal her. N\u00e5r du er logget ind p\u00e5 din konto, kan du sammenligne de tal, du har spillet, med tallene fra tr\u00e6kningen. Og du kan se, hvor meget du har vundet med det samme.<\/p>\n<h2>Du har spillet Powerball Australia online og vundet &#8211; hvad sker der nu?<\/h2>\n<p>F\u00f8rst b\u00f8r du tjekke, hvor meget du har vundet. Hvis gevinsten er mindre end 2.500 \u20ac, vil du finde bel\u00f8bet krediteret p\u00e5 din spillerkonto. Det er dit valg at bruge det til k\u00f8b af yderligere billetter, eller hvis du foretr\u00e6kker det, kan du h\u00e6ve det. V\u00e6r opm\u00e6rksom p\u00e5, at udbetalingsmuligheden kun er synlig, hvis din kontosaldo er p\u00e5 mindst \u20ac10.<\/p>\n<p>For gevinster over \u20ac2500 vil vores support kontakte dig. Du skal udfylde en kravformular, som vi derefter sender til lotterikommissionen. Derefter vil du enten modtage din gevinst via bankoverf\u00f8rsel eller check, afh\u00e6ngigt af dine \u00f8nsker.<br \/>\n<img loading=\"lazy\" decoding=\"async\" class=\"alignright wp-image-1653\" src=\"https:\/\/onlinelotto365.com\/wp-content\/uploads\/2020\/11\/online_lottery-145-300x143.jpg\" alt=\"spille powerball australien online\" width=\"413\" height=\"197\" \/><\/p>\n","protected":false},"excerpt":{"rendered":"<p>S\u00e5dan spiller du Powerball Australia online Det er faktisk ret nemt at spille Powerball Australia online, selv hvis du befinder dig i Danmark . Og det er ogs\u00e5 ret praktisk, for du er allerede her, hvor du kan f\u00e5 dine billetter med f\u00e5 klik med musen. Der bliver taget h\u00e5nd om dig hele vejen igennem, [&hellip;]<\/p>\n","protected":false},"author":1,"featured_media":0,"parent":5013,"menu_order":13,"comment_status":"closed","ping_status":"closed","template":"powerball-au.php","meta":{"_et_pb_use_builder":"","_et_pb_old_content":"","_et_gb_content_width":"","exclude_from_search":false,"footnotes":""},"class_list":["post-79362","page","type-page","status-publish","hentry"],"yoast_head":"<!-- This site is optimized with the Yoast SEO plugin v23.4 - https:\/\/yoast.com\/wordpress\/plugins\/seo\/ -->\n<title>Spil Powerball Australia online fra Danmark | Kan jeg deltage i Powerball Australia, hvis jeg bor i Danmark<\/title>\n<meta name=\"description\" content=\"Spil Powerball Australia lige her - de st\u00f8rste lotterier i verden, tilg\u00e6ngelige online fra Danmark\" \/>\n<meta name=\"robots\" content=\"index, follow, max-snippet:-1, max-image-preview:large, max-video-preview:-1\" \/>\n<link rel=\"canonical\" href=\"https:\/\/onlinelotto365.com\/da\/spille\/powerball-australien\/\" \/>\n<meta property=\"og:locale\" content=\"da_DK\" \/>\n<meta property=\"og:type\" content=\"article\" \/>\n<meta property=\"og:title\" content=\"Spil Powerball Australia online fra Danmark | Kan jeg deltage i Powerball Australia, hvis jeg bor i Danmark\" \/>\n<meta property=\"og:description\" content=\"Spil Powerball Australia lige her - de st\u00f8rste lotterier i verden, tilg\u00e6ngelige online fra Danmark\" \/>\n<meta property=\"og:url\" content=\"https:\/\/onlinelotto365.com\/da\/spille\/powerball-australien\/\" \/>\n<meta property=\"og:site_name\" content=\"OnlineLotto365\" \/>\n<meta property=\"article:modified_time\" content=\"2022-11-03T13:38:02+00:00\" \/>\n<meta property=\"og:image\" content=\"https:\/\/redfoxlotto.com\/image?size=8&amp;lottery=powerball-au\" \/>\n<meta name=\"twitter:card\" content=\"summary_large_image\" \/>\n<meta name=\"twitter:label1\" content=\"Estimeret l\u00e6setid\" \/>\n\t<meta name=\"twitter:data1\" content=\"3 minutter\" \/>\n<script type=\"application\/ld+json\" class=\"yoast-schema-graph\">{\"@context\":\"https:\/\/schema.org\",\"@graph\":[{\"@type\":\"WebPage\",\"@id\":\"https:\/\/onlinelotto365.com\/da\/spille\/powerball-australien\/\",\"url\":\"https:\/\/onlinelotto365.com\/da\/spille\/powerball-australien\/\",\"name\":\"Spil Powerball Australia online fra Danmark | Kan jeg deltage i Powerball Australia, hvis jeg bor i Danmark\",\"isPartOf\":{\"@id\":\"https:\/\/onlinelotto365.com\/da\/#website\"},\"primaryImageOfPage\":{\"@id\":\"https:\/\/onlinelotto365.com\/da\/spille\/powerball-australien\/#primaryimage\"},\"image\":{\"@id\":\"https:\/\/onlinelotto365.com\/da\/spille\/powerball-australien\/#primaryimage\"},\"thumbnailUrl\":\"https:\/\/redfoxlotto.com\/image?size=8&amp;lottery=powerball-au\",\"datePublished\":\"2022-11-03T13:37:38+00:00\",\"dateModified\":\"2022-11-03T13:38:02+00:00\",\"description\":\"Spil Powerball Australia lige her - de st\u00f8rste lotterier i verden, tilg\u00e6ngelige online fra Danmark\",\"breadcrumb\":{\"@id\":\"https:\/\/onlinelotto365.com\/da\/spille\/powerball-australien\/#breadcrumb\"},\"inLanguage\":\"da-DK\",\"potentialAction\":[{\"@type\":\"ReadAction\",\"target\":[\"https:\/\/onlinelotto365.com\/da\/spille\/powerball-australien\/\"]}]},{\"@type\":\"ImageObject\",\"inLanguage\":\"da-DK\",\"@id\":\"https:\/\/onlinelotto365.com\/da\/spille\/powerball-australien\/#primaryimage\",\"url\":\"https:\/\/redfoxlotto.com\/image?size=8&amp;lottery=powerball-au\",\"contentUrl\":\"https:\/\/redfoxlotto.com\/image?size=8&amp;lottery=powerball-au\"},{\"@type\":\"BreadcrumbList\",\"@id\":\"https:\/\/onlinelotto365.com\/da\/spille\/powerball-australien\/#breadcrumb\",\"itemListElement\":[{\"@type\":\"ListItem\",\"position\":1,\"name\":\"Home\",\"item\":\"https:\/\/onlinelotto365.com\/da\/\"},{\"@type\":\"ListItem\",\"position\":2,\"name\":\"Alt, hvad du skal vide om dine muligheder for at spille de bedste lotterier online\",\"item\":\"https:\/\/onlinelotto365.com\/da\/spille\/\"},{\"@type\":\"ListItem\",\"position\":3,\"name\":\"Powerball Australia &#8211; du er ikke l\u00e6ngere begr\u00e6nset til dine danske lotterier\"}]},{\"@type\":\"WebSite\",\"@id\":\"https:\/\/onlinelotto365.com\/da\/#website\",\"url\":\"https:\/\/onlinelotto365.com\/da\/\",\"name\":\"OnlineLotto365\",\"description\":\"\",\"potentialAction\":[{\"@type\":\"SearchAction\",\"target\":{\"@type\":\"EntryPoint\",\"urlTemplate\":\"https:\/\/onlinelotto365.com\/da\/?s={search_term_string}\"},\"query-input\":{\"@type\":\"PropertyValueSpecification\",\"valueRequired\":true,\"valueName\":\"search_term_string\"}}],\"inLanguage\":\"da-DK\"}]}<\/script>\n<!-- \/ Yoast SEO plugin. -->","yoast_head_json":{"title":"Spil Powerball Australia online fra Danmark | Kan jeg deltage i Powerball Australia, hvis jeg bor i Danmark","description":"Spil Powerball Australia lige her - de st\u00f8rste lotterier i verden, tilg\u00e6ngelige online fra Danmark","robots":{"index":"index","follow":"follow","max-snippet":"max-snippet:-1","max-image-preview":"max-image-preview:large","max-video-preview":"max-video-preview:-1"},"canonical":"https:\/\/onlinelotto365.com\/da\/spille\/powerball-australien\/","og_locale":"da_DK","og_type":"article","og_title":"Spil Powerball Australia online fra Danmark | Kan jeg deltage i Powerball Australia, hvis jeg bor i Danmark","og_description":"Spil Powerball Australia lige her - de st\u00f8rste lotterier i verden, tilg\u00e6ngelige online fra Danmark","og_url":"https:\/\/onlinelotto365.com\/da\/spille\/powerball-australien\/","og_site_name":"OnlineLotto365","article_modified_time":"2022-11-03T13:38:02+00:00","og_image":[{"url":"https:\/\/redfoxlotto.com\/image?size=8&amp;lottery=powerball-au"}],"twitter_card":"summary_large_image","twitter_misc":{"Estimeret l\u00e6setid":"3 minutter"},"schema":{"@context":"https:\/\/schema.org","@graph":[{"@type":"WebPage","@id":"https:\/\/onlinelotto365.com\/da\/spille\/powerball-australien\/","url":"https:\/\/onlinelotto365.com\/da\/spille\/powerball-australien\/","name":"Spil Powerball Australia online fra Danmark | Kan jeg deltage i Powerball Australia, hvis jeg bor i Danmark","isPartOf":{"@id":"https:\/\/onlinelotto365.com\/da\/#website"},"primaryImageOfPage":{"@id":"https:\/\/onlinelotto365.com\/da\/spille\/powerball-australien\/#primaryimage"},"image":{"@id":"https:\/\/onlinelotto365.com\/da\/spille\/powerball-australien\/#primaryimage"},"thumbnailUrl":"https:\/\/redfoxlotto.com\/image?size=8&amp;lottery=powerball-au","datePublished":"2022-11-03T13:37:38+00:00","dateModified":"2022-11-03T13:38:02+00:00","description":"Spil Powerball Australia lige her - de st\u00f8rste lotterier i verden, tilg\u00e6ngelige online fra Danmark","breadcrumb":{"@id":"https:\/\/onlinelotto365.com\/da\/spille\/powerball-australien\/#breadcrumb"},"inLanguage":"da-DK","potentialAction":[{"@type":"ReadAction","target":["https:\/\/onlinelotto365.com\/da\/spille\/powerball-australien\/"]}]},{"@type":"ImageObject","inLanguage":"da-DK","@id":"https:\/\/onlinelotto365.com\/da\/spille\/powerball-australien\/#primaryimage","url":"https:\/\/redfoxlotto.com\/image?size=8&amp;lottery=powerball-au","contentUrl":"https:\/\/redfoxlotto.com\/image?size=8&amp;lottery=powerball-au"},{"@type":"BreadcrumbList","@id":"https:\/\/onlinelotto365.com\/da\/spille\/powerball-australien\/#breadcrumb","itemListElement":[{"@type":"ListItem","position":1,"name":"Home","item":"https:\/\/onlinelotto365.com\/da\/"},{"@type":"ListItem","position":2,"name":"Alt, hvad du skal vide om dine muligheder for at spille de bedste lotterier online","item":"https:\/\/onlinelotto365.com\/da\/spille\/"},{"@type":"ListItem","position":3,"name":"Powerball Australia &#8211; du er ikke l\u00e6ngere begr\u00e6nset til dine danske lotterier"}]},{"@type":"WebSite","@id":"https:\/\/onlinelotto365.com\/da\/#website","url":"https:\/\/onlinelotto365.com\/da\/","name":"OnlineLotto365","description":"","potentialAction":[{"@type":"SearchAction","target":{"@type":"EntryPoint","urlTemplate":"https:\/\/onlinelotto365.com\/da\/?s={search_term_string}"},"query-input":{"@type":"PropertyValueSpecification","valueRequired":true,"valueName":"search_term_string"}}],"inLanguage":"da-DK"}]}},"_links":{"self":[{"href":"https:\/\/onlinelotto365.com\/da\/wp-json\/wp\/v2\/pages\/79362","targetHints":{"allow":["GET"]}}],"collection":[{"href":"https:\/\/onlinelotto365.com\/da\/wp-json\/wp\/v2\/pages"}],"about":[{"href":"https:\/\/onlinelotto365.com\/da\/wp-json\/wp\/v2\/types\/page"}],"author":[{"embeddable":true,"href":"https:\/\/onlinelotto365.com\/da\/wp-json\/wp\/v2\/users\/1"}],"replies":[{"embeddable":true,"href":"https:\/\/onlinelotto365.com\/da\/wp-json\/wp\/v2\/comments?post=79362"}],"version-history":[{"count":0,"href":"https:\/\/onlinelotto365.com\/da\/wp-json\/wp\/v2\/pages\/79362\/revisions"}],"up":[{"embeddable":true,"href":"https:\/\/onlinelotto365.com\/da\/wp-json\/wp\/v2\/pages\/5013"}],"wp:attachment":[{"href":"https:\/\/onlinelotto365.com\/da\/wp-json\/wp\/v2\/media?parent=79362"}],"curies":[{"name":"wp","href":"https:\/\/api.w.org\/{rel}","templated":true}]}}