{"id":79405,"date":"2022-11-04T08:08:08","date_gmt":"2022-11-04T07:08:08","guid":{"rendered":"https:\/\/onlinelotto365.com\/?page_id=79405"},"modified":"2022-11-04T08:08:24","modified_gmt":"2022-11-04T07:08:24","slug":"mega-sena","status":"publish","type":"page","link":"https:\/\/onlinelotto365.com\/da\/spille\/mega-sena\/","title":{"rendered":"Hvordan kan indbyggere i Danmark spille Mega-Sena online?"},"content":{"rendered":"<p>Vores service giver dig i \u00f8jeblikket mulighed for at k\u00f8be lottokuponer til 15 forskellige store lotterier fra hele verden. Vi er stolte af at kunne tilbyde vores spillere muligheden for at spille det brasilianske Mega Sena-lotteri online. Som ved alle store lotterier skulle du tidligere bo i det land eller omr\u00e5de, hvor et bestemt lotteri blev afholdt, og rejse til en lottoforhandler der for at k\u00f8be dine lodder.<\/p>\n<p>Dette er dog ikke l\u00e6ngere tilf\u00e6ldet nu, hvor du ogs\u00e5 kan spille dem fra Danmark og k\u00f8be de lottokuponer du \u00f8nsker direkte online, og s\u00e5 mange du vil, og til s\u00e5 mange forskellige lotterier du vil, direkte fra din egen computer.<\/p>\n<p>S\u00e5 nu hvor denne nye dag er kommet over lotterispillets verden, har spillerne talt, og det de har bedt om er et stort udvalg af forskellige lotterier. S\u00e5 vi bringer dig det bedste af det til dit hjem. Blandt disse er Mega-Sena Lotto, Brasiliens st\u00f8rste lotteri.<\/p>\n<p><a href=\"https:\/\/redfoxlotto.com\/play\/mega-sena\/?ref=a8564250a2&amp;medium=ol365\" target=\"_blank\" rel=\"noopener noreferrer\"><img decoding=\"async\" class=\"aligncenter\" src=\"https:\/\/redfoxlotto.com\/image?size=8&amp;lottery=mega-sena\" alt=\"mega-sena\" \/><\/a><\/p>\n<h2>Om Mega-Sena<\/h2>\n<ul>\n<li>Land: Brasilien<\/li>\n<li>Hovedtalsomr\u00e5de: 60<\/li>\n<li>Du v\u00e6lger: 6<\/li>\n<li>Ekstra tal: ingen<\/li>\n<li>Du v\u00e6lger: ingen<\/li>\n<li>Tr\u00e6kningsdage, timer: Onsdag, l\u00f8rdag, 20:00 GMT -3, 24:00 CET<\/li>\n<li>Mindste jackpot: R$ 2 millioner<\/li>\n<li>Jackpot med maksimalt loft: intet loft<\/li>\n<li>Sandsynlighed for at vinde jackpotten: 1 ud af 50.063.860<\/li>\n<li>Sandsynlighed for en gevinst p\u00e5 niveau 2: 1 ud af 15.451.809<\/li>\n<li>Sandsynlighed for at vinde i alle tier: 1 p\u00e5 2297,56<\/li>\n<li>Antal gevinstniveauer: 3<\/li>\n<\/ul>\n<p>Tr\u00e6kninger til Mega-Sena finder sted onsdage og l\u00f8rdage, hvilket giver yderligere to chancer for at vinde blandt alle de andre lotterier, som du spiller nu. Vi giver dig et stort udvalg at v\u00e6lge imellem, og alle er v\u00e6rd at spille, herunder Mega Sena.<\/p>\n<p>For at spille Mega-Sena Lotto v\u00e6lger spillerne 6 numre fra 1 til 60. Ved at f\u00e5 alle 6 tal vinder du jackpotten, som altid er p\u00e5 mindst flere millioner dollars og ofte bliver meget h\u00f8jere end det.<br \/>\nMega-Sena er dog enest\u00e5ende i forhold til alle andre lotterier i verden, da de ikke bare har 60 kugler med forskellige numre p\u00e5 dem. Der er to forskellige tromler, den ene med 0 til 5 og den anden fra 0 til 9. De tr\u00e6kker s\u00e5 tallene et ad gangen.<\/p>\n<p>Hvis de f.eks. tr\u00e6kker et 2-tal fra den f\u00f8rste tromle og derefter et 9-tal fra den anden tromle, s\u00e5 er det trukne tal 29. N\u00e5r f\u00f8rst et enkeltcifret tal er trukket, l\u00e6gges det ikke tilbage i tromlen. S\u00e5 vi ved nu, at der vil v\u00e6re pr\u00e6cis \u00e9t encifret tal, medmindre der tr\u00e6kkes 00, som anses for at v\u00e6re 60, \u00e9t, der starter med 1, \u00e9t, der starter med to og s\u00e5 videre. S\u00e5 dette er en interessant drejning og g\u00f8r det faktisk lettere at vinde, hvis du f\u00f8lger denne strategi.<\/p>\n<p>Hvis du f\u00e5r alle 6 tal vinder du jackpotten, hvor du ved at f\u00e5 4 eller 5 tal vinder en sekund\u00e6r pr\u00e6mie. Som det ofte er tilf\u00e6ldet med nationale lotterier, g\u00e5r overskuddet fra Mega-Sena Lotto til st\u00f8tte for sociale programmer, og det brasilianske folk er faktisk meget afh\u00e6ngig af disse donationer. S\u00e5 selv om vi m\u00e5ske ikke er fra Brasilien og derfor ikke nyder direkte godt af dette, er det dejligt at vide, at vi helt sikkert g\u00f8r noget godt ved at spille Mega Sena ud over alt det sjove, vi har ved at g\u00f8re det.<\/p>\n<h2>Lotterier er verdens mest popul\u00e6re form for spil<\/h2>\n<p>Det er ikke s\u00e6rlig sv\u00e6rt at regne ud, hvorfor lotterier har v\u00e6ret verdens mest popul\u00e6re form for spil. Det er ikke engang, at det er s\u00e5 let tilg\u00e6ngeligt, selv om det helt sikkert hj\u00e6lper. Den virkelige grund er den sp\u00e6nding, som muligheden for at vinde enorme bel\u00f8b giver.<br \/>\n<img loading=\"lazy\" decoding=\"async\" class=\"size-medium wp-image-1136 alignright\" src=\"https:\/\/onlinelotto365.com\/wp-content\/uploads\/2020\/11\/online_lottery-96-300x212.jpg\" alt=\"spille mega-sena online\" width=\"300\" height=\"212\" \/><\/p>\n<p>Det ser ogs\u00e5 ud til, at vores appetit p\u00e5 disse enorme jackpots er ganske betydelig. Hvis du nogensinde har v\u00e6ret vidne til den summen, der opst\u00e5r, n\u00e5r jackpots vokser til enorme bel\u00f8b, og hvor mange flere billetter der s\u00e6lges til disse, med de meget l\u00e6ngere k\u00f8er, der f\u00f8lger med dem, s\u00e5 ved du, at alt dette er sandt.<\/p>\n<p>Hvorfor skulle folk dog ikke blive begejstrede over at have en chance for at vinde penge nok til at s\u00e6tte dig op til et liv i luksus og overd\u00e5dighed? For det overv\u00e6ldende flertal af os er dette den eneste chance, vi nogensinde vil f\u00e5 for at f\u00e5 denne livsstil. Almindelige mennesker som os selv vinder dog disse gigantiske bel\u00f8b, og man ved aldrig, om og hvorn\u00e5r det bliver ens tur.<\/p>\n<p>Bare det at spille giver dog en masse gl\u00e6de for folk, og selv om chancerne for at vinde mange penge p\u00e5 denne m\u00e5de er meget sm\u00e5, er chancen stadig til stede. Hvis du ikke spiller, f\u00e5r du ikke lov til at dr\u00f8mme, og du nyder ikke tanken om, at det hele muligvis kan ske for dig.<\/p>\n<p>Selvf\u00f8lgelig beh\u00f8ver man ikke at vinde jackpotten for at vinde penge i lotterier, og spillerne vinder hele tiden mindre pr\u00e6mier. Nogle af disse mindre pr\u00e6mier er faktisk slet ikke s\u00e5 sm\u00e5. Der er mange forskellige m\u00e5der at vinde penge p\u00e5 ved at spille p\u00e5 lotterier, og hver gang du indl\u00f8ser pengene, er det altid meget rart.<\/p>\n","protected":false},"excerpt":{"rendered":"<p>Vores service giver dig i \u00f8jeblikket mulighed for at k\u00f8be lottokuponer til 15 forskellige store lotterier fra hele verden. Vi er stolte af at kunne tilbyde vores spillere muligheden for at spille det brasilianske Mega Sena-lotteri online. Som ved alle store lotterier skulle du tidligere bo i det land eller omr\u00e5de, hvor et bestemt lotteri [&hellip;]<\/p>\n","protected":false},"author":1,"featured_media":0,"parent":5013,"menu_order":12,"comment_status":"closed","ping_status":"closed","template":"megasena.php","meta":{"_et_pb_use_builder":"","_et_pb_old_content":"","_et_gb_content_width":"","exclude_from_search":false,"footnotes":""},"class_list":["post-79405","page","type-page","status-publish","hentry"],"yoast_head":"<!-- This site is optimized with the Yoast SEO plugin v23.4 - https:\/\/yoast.com\/wordpress\/plugins\/seo\/ -->\n<title>Spil Mega-Sena online fra Danmark | Kan jeg deltage i Mega-Sena, hvis jeg bor i Danmark<\/title>\n<meta name=\"description\" content=\"Vores online billettjeneste g\u00f8r det nemt for dig at spille Mega-Sena online\" \/>\n<meta name=\"robots\" content=\"index, follow, max-snippet:-1, max-image-preview:large, max-video-preview:-1\" \/>\n<link rel=\"canonical\" href=\"https:\/\/onlinelotto365.com\/da\/spille\/mega-sena\/\" \/>\n<meta property=\"og:locale\" content=\"da_DK\" \/>\n<meta property=\"og:type\" content=\"article\" \/>\n<meta property=\"og:title\" content=\"Spil Mega-Sena online fra Danmark | Kan jeg deltage i Mega-Sena, hvis jeg bor i Danmark\" \/>\n<meta property=\"og:description\" content=\"Vores online billettjeneste g\u00f8r det nemt for dig at spille Mega-Sena online\" \/>\n<meta property=\"og:url\" content=\"https:\/\/onlinelotto365.com\/da\/spille\/mega-sena\/\" \/>\n<meta property=\"og:site_name\" content=\"OnlineLotto365\" \/>\n<meta property=\"article:modified_time\" content=\"2022-11-04T07:08:24+00:00\" \/>\n<meta property=\"og:image\" content=\"https:\/\/redfoxlotto.com\/image?size=8&amp;lottery=mega-sena\" \/>\n<meta name=\"twitter:card\" content=\"summary_large_image\" \/>\n<meta name=\"twitter:label1\" content=\"Estimeret l\u00e6setid\" \/>\n\t<meta name=\"twitter:data1\" content=\"5 minutter\" \/>\n<script type=\"application\/ld+json\" class=\"yoast-schema-graph\">{\"@context\":\"https:\/\/schema.org\",\"@graph\":[{\"@type\":\"WebPage\",\"@id\":\"https:\/\/onlinelotto365.com\/da\/spille\/mega-sena\/\",\"url\":\"https:\/\/onlinelotto365.com\/da\/spille\/mega-sena\/\",\"name\":\"Spil Mega-Sena online fra Danmark | Kan jeg deltage i Mega-Sena, hvis jeg bor i Danmark\",\"isPartOf\":{\"@id\":\"https:\/\/onlinelotto365.com\/da\/#website\"},\"primaryImageOfPage\":{\"@id\":\"https:\/\/onlinelotto365.com\/da\/spille\/mega-sena\/#primaryimage\"},\"image\":{\"@id\":\"https:\/\/onlinelotto365.com\/da\/spille\/mega-sena\/#primaryimage\"},\"thumbnailUrl\":\"https:\/\/redfoxlotto.com\/image?size=8&amp;lottery=mega-sena\",\"datePublished\":\"2022-11-04T07:08:08+00:00\",\"dateModified\":\"2022-11-04T07:08:24+00:00\",\"description\":\"Vores online billettjeneste g\u00f8r det nemt for dig at spille Mega-Sena online\",\"breadcrumb\":{\"@id\":\"https:\/\/onlinelotto365.com\/da\/spille\/mega-sena\/#breadcrumb\"},\"inLanguage\":\"da-DK\",\"potentialAction\":[{\"@type\":\"ReadAction\",\"target\":[\"https:\/\/onlinelotto365.com\/da\/spille\/mega-sena\/\"]}]},{\"@type\":\"ImageObject\",\"inLanguage\":\"da-DK\",\"@id\":\"https:\/\/onlinelotto365.com\/da\/spille\/mega-sena\/#primaryimage\",\"url\":\"https:\/\/redfoxlotto.com\/image?size=8&amp;lottery=mega-sena\",\"contentUrl\":\"https:\/\/redfoxlotto.com\/image?size=8&amp;lottery=mega-sena\"},{\"@type\":\"BreadcrumbList\",\"@id\":\"https:\/\/onlinelotto365.com\/da\/spille\/mega-sena\/#breadcrumb\",\"itemListElement\":[{\"@type\":\"ListItem\",\"position\":1,\"name\":\"Home\",\"item\":\"https:\/\/onlinelotto365.com\/da\/\"},{\"@type\":\"ListItem\",\"position\":2,\"name\":\"Alt, hvad du skal vide om dine muligheder for at spille de bedste lotterier online\",\"item\":\"https:\/\/onlinelotto365.com\/da\/spille\/\"},{\"@type\":\"ListItem\",\"position\":3,\"name\":\"Hvordan kan indbyggere i Danmark spille Mega-Sena online?\"}]},{\"@type\":\"WebSite\",\"@id\":\"https:\/\/onlinelotto365.com\/da\/#website\",\"url\":\"https:\/\/onlinelotto365.com\/da\/\",\"name\":\"OnlineLotto365\",\"description\":\"\",\"potentialAction\":[{\"@type\":\"SearchAction\",\"target\":{\"@type\":\"EntryPoint\",\"urlTemplate\":\"https:\/\/onlinelotto365.com\/da\/?s={search_term_string}\"},\"query-input\":{\"@type\":\"PropertyValueSpecification\",\"valueRequired\":true,\"valueName\":\"search_term_string\"}}],\"inLanguage\":\"da-DK\"}]}<\/script>\n<!-- \/ Yoast SEO plugin. -->","yoast_head_json":{"title":"Spil Mega-Sena online fra Danmark | Kan jeg deltage i Mega-Sena, hvis jeg bor i Danmark","description":"Vores online billettjeneste g\u00f8r det nemt for dig at spille Mega-Sena online","robots":{"index":"index","follow":"follow","max-snippet":"max-snippet:-1","max-image-preview":"max-image-preview:large","max-video-preview":"max-video-preview:-1"},"canonical":"https:\/\/onlinelotto365.com\/da\/spille\/mega-sena\/","og_locale":"da_DK","og_type":"article","og_title":"Spil Mega-Sena online fra Danmark | Kan jeg deltage i Mega-Sena, hvis jeg bor i Danmark","og_description":"Vores online billettjeneste g\u00f8r det nemt for dig at spille Mega-Sena online","og_url":"https:\/\/onlinelotto365.com\/da\/spille\/mega-sena\/","og_site_name":"OnlineLotto365","article_modified_time":"2022-11-04T07:08:24+00:00","og_image":[{"url":"https:\/\/redfoxlotto.com\/image?size=8&amp;lottery=mega-sena"}],"twitter_card":"summary_large_image","twitter_misc":{"Estimeret l\u00e6setid":"5 minutter"},"schema":{"@context":"https:\/\/schema.org","@graph":[{"@type":"WebPage","@id":"https:\/\/onlinelotto365.com\/da\/spille\/mega-sena\/","url":"https:\/\/onlinelotto365.com\/da\/spille\/mega-sena\/","name":"Spil Mega-Sena online fra Danmark | Kan jeg deltage i Mega-Sena, hvis jeg bor i Danmark","isPartOf":{"@id":"https:\/\/onlinelotto365.com\/da\/#website"},"primaryImageOfPage":{"@id":"https:\/\/onlinelotto365.com\/da\/spille\/mega-sena\/#primaryimage"},"image":{"@id":"https:\/\/onlinelotto365.com\/da\/spille\/mega-sena\/#primaryimage"},"thumbnailUrl":"https:\/\/redfoxlotto.com\/image?size=8&amp;lottery=mega-sena","datePublished":"2022-11-04T07:08:08+00:00","dateModified":"2022-11-04T07:08:24+00:00","description":"Vores online billettjeneste g\u00f8r det nemt for dig at spille Mega-Sena online","breadcrumb":{"@id":"https:\/\/onlinelotto365.com\/da\/spille\/mega-sena\/#breadcrumb"},"inLanguage":"da-DK","potentialAction":[{"@type":"ReadAction","target":["https:\/\/onlinelotto365.com\/da\/spille\/mega-sena\/"]}]},{"@type":"ImageObject","inLanguage":"da-DK","@id":"https:\/\/onlinelotto365.com\/da\/spille\/mega-sena\/#primaryimage","url":"https:\/\/redfoxlotto.com\/image?size=8&amp;lottery=mega-sena","contentUrl":"https:\/\/redfoxlotto.com\/image?size=8&amp;lottery=mega-sena"},{"@type":"BreadcrumbList","@id":"https:\/\/onlinelotto365.com\/da\/spille\/mega-sena\/#breadcrumb","itemListElement":[{"@type":"ListItem","position":1,"name":"Home","item":"https:\/\/onlinelotto365.com\/da\/"},{"@type":"ListItem","position":2,"name":"Alt, hvad du skal vide om dine muligheder for at spille de bedste lotterier online","item":"https:\/\/onlinelotto365.com\/da\/spille\/"},{"@type":"ListItem","position":3,"name":"Hvordan kan indbyggere i Danmark spille Mega-Sena online?"}]},{"@type":"WebSite","@id":"https:\/\/onlinelotto365.com\/da\/#website","url":"https:\/\/onlinelotto365.com\/da\/","name":"OnlineLotto365","description":"","potentialAction":[{"@type":"SearchAction","target":{"@type":"EntryPoint","urlTemplate":"https:\/\/onlinelotto365.com\/da\/?s={search_term_string}"},"query-input":{"@type":"PropertyValueSpecification","valueRequired":true,"valueName":"search_term_string"}}],"inLanguage":"da-DK"}]}},"_links":{"self":[{"href":"https:\/\/onlinelotto365.com\/da\/wp-json\/wp\/v2\/pages\/79405","targetHints":{"allow":["GET"]}}],"collection":[{"href":"https:\/\/onlinelotto365.com\/da\/wp-json\/wp\/v2\/pages"}],"about":[{"href":"https:\/\/onlinelotto365.com\/da\/wp-json\/wp\/v2\/types\/page"}],"author":[{"embeddable":true,"href":"https:\/\/onlinelotto365.com\/da\/wp-json\/wp\/v2\/users\/1"}],"replies":[{"embeddable":true,"href":"https:\/\/onlinelotto365.com\/da\/wp-json\/wp\/v2\/comments?post=79405"}],"version-history":[{"count":0,"href":"https:\/\/onlinelotto365.com\/da\/wp-json\/wp\/v2\/pages\/79405\/revisions"}],"up":[{"embeddable":true,"href":"https:\/\/onlinelotto365.com\/da\/wp-json\/wp\/v2\/pages\/5013"}],"wp:attachment":[{"href":"https:\/\/onlinelotto365.com\/da\/wp-json\/wp\/v2\/media?parent=79405"}],"curies":[{"name":"wp","href":"https:\/\/api.w.org\/{rel}","templated":true}]}}