{"id":79438,"date":"2022-11-04T10:22:31","date_gmt":"2022-11-04T09:22:31","guid":{"rendered":"https:\/\/onlinelotto365.com\/?page_id=79438"},"modified":"2022-11-04T10:22:45","modified_gmt":"2022-11-04T09:22:45","slug":"set-for-life","status":"publish","type":"page","link":"https:\/\/onlinelotto365.com\/da\/spille\/set-for-life\/","title":{"rendered":"Er det muligt at spille Set for life-lotto online?"},"content":{"rendered":"<p>Vidste du, at du med Set for Life-lotteriet kan f\u00e5 chancen for at vinde 10.000 \u00a3 hver m\u00e5ned? Hvis du er interesseret i at pr\u00f8ve lykken i et lotteri, er Set for Life en fantastisk m\u00e5de at starte p\u00e5. Set for Life-lotteriet er bedst kendt for at v\u00e6re det eneste spil, der giver dig mulighed for at spille numre i syv daglige tr\u00e6kninger i tr\u00e6kninger i tr\u00e6k i tr\u00e6k i tr\u00e6k i syv p\u00e5 hinanden f\u00f8lgende dage. Det betyder ganske enkelt, at du har masser af chancer for at vinde jackpotten hver dag i ugen.<\/p>\n<p>Her vil vi f\u00e5 dig til at f\u00e5 mere at vide om Set for Life og forst\u00e5, hvorfor en masse mennesker bliver ved med at spille dette lotteri.<\/p>\n<p>Set for Life blev organiseret af National Lottery og fik titlen som Storbritanniens f\u00f8rste annuitetslotteri. Lotteriet giver spillerne mulighed for at vinde en m\u00e5nedlig udbetaling p\u00e5 10.000 \u00a3 i en 30-\u00e5rig periode.<\/p>\n<p>Og selvom det er et britisk lotteri, kan du spille Set for life online fra Danmark. Vores online billettjeneste til globale lotterier giver spillere fra hele verden mulighed for at deltage i de bedste lotterier med de st\u00f8rste jackpots.<\/p>\n<p><a href=\"https:\/\/redfoxlotto.com\/play\/set-for-life-uk\/?ref=a8564250a2&amp;medium=ol365\" target=\"_blank\" rel=\"noopener noreferrer\"><img decoding=\"async\" class=\"aligncenter\" src=\"https:\/\/redfoxlotto.com\/image?size=8&amp;lottery=set-for-life-uk\" alt=\"&quot;Set\" \/><\/a><\/p>\n<p>&nbsp;<\/p>\n<h2>Om Set for life lotto<\/h2>\n<ul>\n<li>Land: Storbritannien<\/li>\n<li>Hovedtalsomr\u00e5de: 45<\/li>\n<li>Du v\u00e6lger: 5<\/li>\n<li>Ekstra numre: 10<\/li>\n<li>Du v\u00e6lger: 1<\/li>\n<li>Tr\u00e6kningsdage, timer: Mandag, torsdag, 20:00 GMT, 21:00 CET<\/li>\n<li>Mindste jackpot: ingen<\/li>\n<li>Maksimal jackpot: ingen<\/li>\n<li>Sandsynlighed for at vinde jackpotten: 1 ud af 15.339.390<\/li>\n<li>Sandsynlighed for en gevinst p\u00e5 niveau 2: 1 ud af 1.704.377<\/li>\n<li>Sandsynlighed for at vinde i et hvilket som helst niveau: 1 i 12,4<\/li>\n<li>Antal gevinstniveauer: 8<\/li>\n<\/ul>\n<p>Ligesom andre lotterier i Det Forenede Kongerige er Set for Life et lodtr\u00e6kningsspil. Hvis du spiller i lotteriet, skal du v\u00e6lge fem tal fra g\u00e6tteomr\u00e5det fra 1 til 47, herunder et &#8220;livskugle&#8221;-tal fra 1 til 10. N\u00e5r dine fem numre og life ball-nummeret er valgt, har du chancen for at vinde en samlet jackpot p\u00e5 10 000 \u00a3 hver m\u00e5ned.<\/p>\n<h2>Set for Life Draw<\/h2>\n<p>Set for Life-lotteriet afvikles hver mandag og torsdag, og i Storbritannien kan spillerne k\u00f8be lottokuponer i deres lokale lottobutik. Tr\u00e6kningen slutter kl. 21.00 \u00d8ST hver aften. De seneste resultater af Set for Life er typisk tilg\u00e6ngelige p\u00e5 tr\u00e6kningsdagen, som er kl. 21:45 GMT. V\u00e6r opm\u00e6rksom p\u00e5, at udbytterne for hvert spil opdateres kort efter tr\u00e6kningen. Desuden er udbytteopdateringer normalt tilg\u00e6ngelige for offentligheden morgenen efter lottotr\u00e6kningen.<\/p>\n<h2>S\u00e5dan vinder du Set for Life Lottery<\/h2>\n<p>Set for Life lotteriets f\u00f8rstepr\u00e6mie tilbyder en m\u00e5nedlig udbetaling p\u00e5 10.000 \u00a3, og fire spillere har en chance for at vinde pr\u00e6mien i hver tr\u00e6kning. For at du kan vinde jackpotpr\u00e6mien, skal dine tal matche de otte vindertal i det enkelte s\u00e6t. Det betyder, at der er i alt otte pr\u00e6miekategorier i Set for Life-lotteriet. Du har en chance for at vinde en pr\u00e6mie med fire vindertal, herunder et bonustal i hvert s\u00e6t.<br \/>\n<img loading=\"lazy\" decoding=\"async\" class=\"size-full wp-image-1477 alignright\" src=\"https:\/\/onlinelotto365.com\/wp-content\/uploads\/2020\/11\/online_lottery-128.jpg\" alt=\"spille set for life lotto\" width=\"212\" height=\"142\" \/><\/p>\n<p>Set for Life tilbyder gunstige odds for at vinde jackpotten. For eksempel giver andre pr\u00e6mier, der kr\u00e6ver et match af et eller flere numre, dig en chance p\u00e5 1 ud af 12 for at vinde selv det ville kun v\u00e6re \u00a35.<\/p>\n<p>S\u00e5 hvis du kan m\u00e6rke dit held, vil det v\u00e6re v\u00e6rd at g\u00e5 efter en Set for Life-lodseddel! Vi giver dig et bredt udvalg af internationale lotterier, som du kan spille fra Danmark, til jackpots med gevinster p\u00e5 flere hundrede millioner kroner.<\/p>\n","protected":false},"excerpt":{"rendered":"<p>Vidste du, at du med Set for Life-lotteriet kan f\u00e5 chancen for at vinde 10.000 \u00a3 hver m\u00e5ned? Hvis du er interesseret i at pr\u00f8ve lykken i et lotteri, er Set for Life en fantastisk m\u00e5de at starte p\u00e5. Set for Life-lotteriet er bedst kendt for at v\u00e6re det eneste spil, der giver dig mulighed [&hellip;]<\/p>\n","protected":false},"author":1,"featured_media":0,"parent":5013,"menu_order":10,"comment_status":"closed","ping_status":"closed","template":"set-for-life.php","meta":{"_et_pb_use_builder":"","_et_pb_old_content":"","_et_gb_content_width":"","exclude_from_search":false,"footnotes":""},"class_list":["post-79438","page","type-page","status-publish","hentry"],"yoast_head":"<!-- This site is optimized with the Yoast SEO plugin v23.4 - https:\/\/yoast.com\/wordpress\/plugins\/seo\/ -->\n<title>Hvordan man spiller Set for life lotto online fra Danmark<\/title>\n<meta name=\"description\" content=\"K\u00f8b online billetter til Set for life lotto, hvis du er baseret i Danmark\" \/>\n<meta name=\"robots\" content=\"index, follow, max-snippet:-1, max-image-preview:large, max-video-preview:-1\" \/>\n<link rel=\"canonical\" href=\"https:\/\/onlinelotto365.com\/da\/spille\/set-for-life\/\" \/>\n<meta property=\"og:locale\" content=\"da_DK\" \/>\n<meta property=\"og:type\" content=\"article\" \/>\n<meta property=\"og:title\" content=\"Hvordan man spiller Set for life lotto online fra Danmark\" \/>\n<meta property=\"og:description\" content=\"K\u00f8b online billetter til Set for life lotto, hvis du er baseret i Danmark\" \/>\n<meta property=\"og:url\" content=\"https:\/\/onlinelotto365.com\/da\/spille\/set-for-life\/\" \/>\n<meta property=\"og:site_name\" content=\"OnlineLotto365\" \/>\n<meta property=\"article:modified_time\" content=\"2022-11-04T09:22:45+00:00\" \/>\n<meta property=\"og:image\" content=\"https:\/\/redfoxlotto.com\/image?size=8&amp;lottery=set-for-life-uk\" \/>\n<meta name=\"twitter:card\" content=\"summary_large_image\" \/>\n<meta name=\"twitter:label1\" content=\"Estimeret l\u00e6setid\" \/>\n\t<meta name=\"twitter:data1\" content=\"3 minutter\" \/>\n<script type=\"application\/ld+json\" class=\"yoast-schema-graph\">{\"@context\":\"https:\/\/schema.org\",\"@graph\":[{\"@type\":\"WebPage\",\"@id\":\"https:\/\/onlinelotto365.com\/da\/spille\/set-for-life\/\",\"url\":\"https:\/\/onlinelotto365.com\/da\/spille\/set-for-life\/\",\"name\":\"Hvordan man spiller Set for life lotto online fra Danmark\",\"isPartOf\":{\"@id\":\"https:\/\/onlinelotto365.com\/da\/#website\"},\"primaryImageOfPage\":{\"@id\":\"https:\/\/onlinelotto365.com\/da\/spille\/set-for-life\/#primaryimage\"},\"image\":{\"@id\":\"https:\/\/onlinelotto365.com\/da\/spille\/set-for-life\/#primaryimage\"},\"thumbnailUrl\":\"https:\/\/redfoxlotto.com\/image?size=8&amp;lottery=set-for-life-uk\",\"datePublished\":\"2022-11-04T09:22:31+00:00\",\"dateModified\":\"2022-11-04T09:22:45+00:00\",\"description\":\"K\u00f8b online billetter til Set for life lotto, hvis du er baseret i Danmark\",\"breadcrumb\":{\"@id\":\"https:\/\/onlinelotto365.com\/da\/spille\/set-for-life\/#breadcrumb\"},\"inLanguage\":\"da-DK\",\"potentialAction\":[{\"@type\":\"ReadAction\",\"target\":[\"https:\/\/onlinelotto365.com\/da\/spille\/set-for-life\/\"]}]},{\"@type\":\"ImageObject\",\"inLanguage\":\"da-DK\",\"@id\":\"https:\/\/onlinelotto365.com\/da\/spille\/set-for-life\/#primaryimage\",\"url\":\"https:\/\/redfoxlotto.com\/image?size=8&amp;lottery=set-for-life-uk\",\"contentUrl\":\"https:\/\/redfoxlotto.com\/image?size=8&amp;lottery=set-for-life-uk\"},{\"@type\":\"BreadcrumbList\",\"@id\":\"https:\/\/onlinelotto365.com\/da\/spille\/set-for-life\/#breadcrumb\",\"itemListElement\":[{\"@type\":\"ListItem\",\"position\":1,\"name\":\"Home\",\"item\":\"https:\/\/onlinelotto365.com\/da\/\"},{\"@type\":\"ListItem\",\"position\":2,\"name\":\"Alt, hvad du skal vide om dine muligheder for at spille de bedste lotterier online\",\"item\":\"https:\/\/onlinelotto365.com\/da\/spille\/\"},{\"@type\":\"ListItem\",\"position\":3,\"name\":\"Er det muligt at spille Set for life-lotto online?\"}]},{\"@type\":\"WebSite\",\"@id\":\"https:\/\/onlinelotto365.com\/da\/#website\",\"url\":\"https:\/\/onlinelotto365.com\/da\/\",\"name\":\"OnlineLotto365\",\"description\":\"\",\"potentialAction\":[{\"@type\":\"SearchAction\",\"target\":{\"@type\":\"EntryPoint\",\"urlTemplate\":\"https:\/\/onlinelotto365.com\/da\/?s={search_term_string}\"},\"query-input\":{\"@type\":\"PropertyValueSpecification\",\"valueRequired\":true,\"valueName\":\"search_term_string\"}}],\"inLanguage\":\"da-DK\"}]}<\/script>\n<!-- \/ Yoast SEO plugin. -->","yoast_head_json":{"title":"Hvordan man spiller Set for life lotto online fra Danmark","description":"K\u00f8b online billetter til Set for life lotto, hvis du er baseret i Danmark","robots":{"index":"index","follow":"follow","max-snippet":"max-snippet:-1","max-image-preview":"max-image-preview:large","max-video-preview":"max-video-preview:-1"},"canonical":"https:\/\/onlinelotto365.com\/da\/spille\/set-for-life\/","og_locale":"da_DK","og_type":"article","og_title":"Hvordan man spiller Set for life lotto online fra Danmark","og_description":"K\u00f8b online billetter til Set for life lotto, hvis du er baseret i Danmark","og_url":"https:\/\/onlinelotto365.com\/da\/spille\/set-for-life\/","og_site_name":"OnlineLotto365","article_modified_time":"2022-11-04T09:22:45+00:00","og_image":[{"url":"https:\/\/redfoxlotto.com\/image?size=8&amp;lottery=set-for-life-uk"}],"twitter_card":"summary_large_image","twitter_misc":{"Estimeret l\u00e6setid":"3 minutter"},"schema":{"@context":"https:\/\/schema.org","@graph":[{"@type":"WebPage","@id":"https:\/\/onlinelotto365.com\/da\/spille\/set-for-life\/","url":"https:\/\/onlinelotto365.com\/da\/spille\/set-for-life\/","name":"Hvordan man spiller Set for life lotto online fra Danmark","isPartOf":{"@id":"https:\/\/onlinelotto365.com\/da\/#website"},"primaryImageOfPage":{"@id":"https:\/\/onlinelotto365.com\/da\/spille\/set-for-life\/#primaryimage"},"image":{"@id":"https:\/\/onlinelotto365.com\/da\/spille\/set-for-life\/#primaryimage"},"thumbnailUrl":"https:\/\/redfoxlotto.com\/image?size=8&amp;lottery=set-for-life-uk","datePublished":"2022-11-04T09:22:31+00:00","dateModified":"2022-11-04T09:22:45+00:00","description":"K\u00f8b online billetter til Set for life lotto, hvis du er baseret i Danmark","breadcrumb":{"@id":"https:\/\/onlinelotto365.com\/da\/spille\/set-for-life\/#breadcrumb"},"inLanguage":"da-DK","potentialAction":[{"@type":"ReadAction","target":["https:\/\/onlinelotto365.com\/da\/spille\/set-for-life\/"]}]},{"@type":"ImageObject","inLanguage":"da-DK","@id":"https:\/\/onlinelotto365.com\/da\/spille\/set-for-life\/#primaryimage","url":"https:\/\/redfoxlotto.com\/image?size=8&amp;lottery=set-for-life-uk","contentUrl":"https:\/\/redfoxlotto.com\/image?size=8&amp;lottery=set-for-life-uk"},{"@type":"BreadcrumbList","@id":"https:\/\/onlinelotto365.com\/da\/spille\/set-for-life\/#breadcrumb","itemListElement":[{"@type":"ListItem","position":1,"name":"Home","item":"https:\/\/onlinelotto365.com\/da\/"},{"@type":"ListItem","position":2,"name":"Alt, hvad du skal vide om dine muligheder for at spille de bedste lotterier online","item":"https:\/\/onlinelotto365.com\/da\/spille\/"},{"@type":"ListItem","position":3,"name":"Er det muligt at spille Set for life-lotto online?"}]},{"@type":"WebSite","@id":"https:\/\/onlinelotto365.com\/da\/#website","url":"https:\/\/onlinelotto365.com\/da\/","name":"OnlineLotto365","description":"","potentialAction":[{"@type":"SearchAction","target":{"@type":"EntryPoint","urlTemplate":"https:\/\/onlinelotto365.com\/da\/?s={search_term_string}"},"query-input":{"@type":"PropertyValueSpecification","valueRequired":true,"valueName":"search_term_string"}}],"inLanguage":"da-DK"}]}},"_links":{"self":[{"href":"https:\/\/onlinelotto365.com\/da\/wp-json\/wp\/v2\/pages\/79438","targetHints":{"allow":["GET"]}}],"collection":[{"href":"https:\/\/onlinelotto365.com\/da\/wp-json\/wp\/v2\/pages"}],"about":[{"href":"https:\/\/onlinelotto365.com\/da\/wp-json\/wp\/v2\/types\/page"}],"author":[{"embeddable":true,"href":"https:\/\/onlinelotto365.com\/da\/wp-json\/wp\/v2\/users\/1"}],"replies":[{"embeddable":true,"href":"https:\/\/onlinelotto365.com\/da\/wp-json\/wp\/v2\/comments?post=79438"}],"version-history":[{"count":0,"href":"https:\/\/onlinelotto365.com\/da\/wp-json\/wp\/v2\/pages\/79438\/revisions"}],"up":[{"embeddable":true,"href":"https:\/\/onlinelotto365.com\/da\/wp-json\/wp\/v2\/pages\/5013"}],"wp:attachment":[{"href":"https:\/\/onlinelotto365.com\/da\/wp-json\/wp\/v2\/media?parent=79438"}],"curies":[{"name":"wp","href":"https:\/\/api.w.org\/{rel}","templated":true}]}}