{"id":79471,"date":"2022-11-04T11:56:01","date_gmt":"2022-11-04T10:56:01","guid":{"rendered":"https:\/\/onlinelotto365.com\/?page_id=79471"},"modified":"2022-11-04T11:57:17","modified_gmt":"2022-11-04T10:57:17","slug":"uk-lottery","status":"publish","type":"page","link":"https:\/\/onlinelotto365.com\/da\/spille\/uk-lottery\/","title":{"rendered":"Hvordan kan indbyggere i Danmark spille UK Lottery online?"},"content":{"rendered":"<h2>Om UK Lottery<\/h2>\n<p>Med seks numre at v\u00e6lge ud af 59 og ingen yderligere numre er vinderchancerne ok sammenlignet med Powerball eller Mega Millions. Hvis du har 5 ud af 6 numre rigtigt, f\u00e5r du garanteret 2,5 millioner britiske pund, og hvis du har alle 6 numre rigtigt, er du jackpotvinder. Medmindre du bor i Storbritannien, er det din eneste mulighed for at deltage at spille online gennem vores tjeneste.<\/p>\n<ul>\n<li>Land: UK<\/li>\n<li>Hovedtalsomr\u00e5de: 59<\/li>\n<li>Du v\u00e6lger: 6<\/li>\n<li>Ekstra nummerserie: ingen<\/li>\n<li>Du v\u00e6lger: ingen<\/li>\n<li>Tr\u00e6kningsdage, timer: Onsdag, l\u00f8rdag 19:30 UTC, 19:30 CET<\/li>\n<li>Minimum jackpot: GBP 2,5 millioner<\/li>\n<li>Maksimal jackpot: GBP 22 mio.<\/li>\n<li>Sandsynlighed for at vinde jackpotten: 1 ud af 45.057.474<\/li>\n<li>Sandsynlighed for en tier 2-gevinst: 1 ud af 7.509.579<\/li>\n<li>Sandsynlighed for at vinde i et hvilket som helst niveau: 1 ud af 9,27<\/li>\n<li>Antal gevinstniveauer: 6<\/li>\n<\/ul>\n<h2>Hvorfor er jackpots i det britiske lotteri normalt ret lave?<br \/>\n<a href=\"https:\/\/redfoxlotto.com\/play\/lotto-uk\/?ref=a8564250a2&amp;medium=ol365\" target=\"_blank\" rel=\"noopener noreferrer\"><img loading=\"lazy\" decoding=\"async\" class=\"aligncenter\" src=\"https:\/\/redfoxlotto.com\/image?size=8&amp;lottery=lotto-uk\" alt=\"UK lotteri\" width=\"720\" height=\"90\" \/><\/a><\/h2>\n<p>Tja, p\u00e5 grund af det simple faktum, at jackpotten i det britiske lotteri kun kan rulles over 5 gange. Derefter kan jackpotten vindes ved blot at have 5 ud af<br \/>\nseks tal p\u00e5 din lottokupon. I betragtning af denne regel ville det give mening at spille dette lotteri, hver gang jackpotten ikke er blevet vundet fem gange i tr\u00e6k. P\u00e5 det tidspunkt f\u00e5r du meget bedre chancer for at vinde hovedpr\u00e6mien. Denne hovedpr\u00e6mie b\u00f8r v\u00e6re stor nok til at s\u00e6tte dig i en position, hvor du ikke beh\u00f8ver at bekymre dig om penge resten af dit liv.<\/p>\n<p>Der er dog en god chance for, at jackpotten efter fem rulninger m\u00e5ske skal deles mellem flere vindere. Med de lavere odds og flere spillere kan der v\u00e6re mere end \u00e9n vinder til det andet pr\u00e6mier\u00e6kken.<\/p>\n<h2>\u00d8nsker du ikke at dele jackpotten?<\/h2>\n<p>Der er en lotteristrategi for at undg\u00e5 at dele hovedpr\u00e6mien: V\u00e6lg en talkombination, der virker mindre sandsynlig for at blive valgt af andre spillere ogs\u00e5. Brug f.eks. f\u00e6rre tal mellem 1 og 31 (der er for mange spillere, der bruger f\u00f8dselsdatoer som deres heldige tal), eller brug 3 tal mellem 30 og 40 og 3 tal mellem 50 og 56. Brug din fantasi til at finde p\u00e5 flere &#8220;ulige&#8221; tal.<\/p>\n","protected":false},"excerpt":{"rendered":"<p>Om UK Lottery Med seks numre at v\u00e6lge ud af 59 og ingen yderligere numre er vinderchancerne ok sammenlignet med Powerball eller Mega Millions. Hvis du har 5 ud af 6 numre rigtigt, f\u00e5r du garanteret 2,5 millioner britiske pund, og hvis du har alle 6 numre rigtigt, er du jackpotvinder. Medmindre du bor i [&hellip;]<\/p>\n","protected":false},"author":1,"featured_media":0,"parent":5013,"menu_order":9,"comment_status":"closed","ping_status":"closed","template":"lotto-uk.php","meta":{"_et_pb_use_builder":"","_et_pb_old_content":"","_et_gb_content_width":"","exclude_from_search":false,"footnotes":""},"class_list":["post-79471","page","type-page","status-publish","hentry"],"yoast_head":"<!-- This site is optimized with the Yoast SEO plugin v23.4 - https:\/\/yoast.com\/wordpress\/plugins\/seo\/ -->\n<title>Spil UK Lottery online fra Danmark | Kan jeg deltage i UK Lotto, hvis jeg bor i Danmark<\/title>\n<meta name=\"description\" content=\"Det er nu nemt at deltage i UK Lottery fra andre lande som Danmark med vores online service\" \/>\n<meta name=\"robots\" content=\"index, follow, max-snippet:-1, max-image-preview:large, max-video-preview:-1\" \/>\n<link rel=\"canonical\" href=\"https:\/\/onlinelotto365.com\/da\/spille\/uk-lottery\/\" \/>\n<meta property=\"og:locale\" content=\"da_DK\" \/>\n<meta property=\"og:type\" content=\"article\" \/>\n<meta property=\"og:title\" content=\"Spil UK Lottery online fra Danmark | Kan jeg deltage i UK Lotto, hvis jeg bor i Danmark\" \/>\n<meta property=\"og:description\" content=\"Det er nu nemt at deltage i UK Lottery fra andre lande som Danmark med vores online service\" \/>\n<meta property=\"og:url\" content=\"https:\/\/onlinelotto365.com\/da\/spille\/uk-lottery\/\" \/>\n<meta property=\"og:site_name\" content=\"OnlineLotto365\" \/>\n<meta property=\"article:modified_time\" content=\"2022-11-04T10:57:17+00:00\" \/>\n<meta property=\"og:image\" content=\"https:\/\/redfoxlotto.com\/image?size=8&amp;lottery=lotto-uk\" \/>\n<meta name=\"twitter:card\" content=\"summary_large_image\" \/>\n<meta name=\"twitter:label1\" content=\"Estimeret l\u00e6setid\" \/>\n\t<meta name=\"twitter:data1\" content=\"2 minutter\" \/>\n<script type=\"application\/ld+json\" class=\"yoast-schema-graph\">{\"@context\":\"https:\/\/schema.org\",\"@graph\":[{\"@type\":\"WebPage\",\"@id\":\"https:\/\/onlinelotto365.com\/da\/spille\/uk-lottery\/\",\"url\":\"https:\/\/onlinelotto365.com\/da\/spille\/uk-lottery\/\",\"name\":\"Spil UK Lottery online fra Danmark | Kan jeg deltage i UK Lotto, hvis jeg bor i Danmark\",\"isPartOf\":{\"@id\":\"https:\/\/onlinelotto365.com\/da\/#website\"},\"primaryImageOfPage\":{\"@id\":\"https:\/\/onlinelotto365.com\/da\/spille\/uk-lottery\/#primaryimage\"},\"image\":{\"@id\":\"https:\/\/onlinelotto365.com\/da\/spille\/uk-lottery\/#primaryimage\"},\"thumbnailUrl\":\"https:\/\/redfoxlotto.com\/image?size=8&amp;lottery=lotto-uk\",\"datePublished\":\"2022-11-04T10:56:01+00:00\",\"dateModified\":\"2022-11-04T10:57:17+00:00\",\"description\":\"Det er nu nemt at deltage i UK Lottery fra andre lande som Danmark med vores online service\",\"breadcrumb\":{\"@id\":\"https:\/\/onlinelotto365.com\/da\/spille\/uk-lottery\/#breadcrumb\"},\"inLanguage\":\"da-DK\",\"potentialAction\":[{\"@type\":\"ReadAction\",\"target\":[\"https:\/\/onlinelotto365.com\/da\/spille\/uk-lottery\/\"]}]},{\"@type\":\"ImageObject\",\"inLanguage\":\"da-DK\",\"@id\":\"https:\/\/onlinelotto365.com\/da\/spille\/uk-lottery\/#primaryimage\",\"url\":\"https:\/\/redfoxlotto.com\/image?size=8&amp;lottery=lotto-uk\",\"contentUrl\":\"https:\/\/redfoxlotto.com\/image?size=8&amp;lottery=lotto-uk\"},{\"@type\":\"BreadcrumbList\",\"@id\":\"https:\/\/onlinelotto365.com\/da\/spille\/uk-lottery\/#breadcrumb\",\"itemListElement\":[{\"@type\":\"ListItem\",\"position\":1,\"name\":\"Home\",\"item\":\"https:\/\/onlinelotto365.com\/da\/\"},{\"@type\":\"ListItem\",\"position\":2,\"name\":\"Alt, hvad du skal vide om dine muligheder for at spille de bedste lotterier online\",\"item\":\"https:\/\/onlinelotto365.com\/da\/spille\/\"},{\"@type\":\"ListItem\",\"position\":3,\"name\":\"Hvordan kan indbyggere i Danmark spille UK Lottery online?\"}]},{\"@type\":\"WebSite\",\"@id\":\"https:\/\/onlinelotto365.com\/da\/#website\",\"url\":\"https:\/\/onlinelotto365.com\/da\/\",\"name\":\"OnlineLotto365\",\"description\":\"\",\"potentialAction\":[{\"@type\":\"SearchAction\",\"target\":{\"@type\":\"EntryPoint\",\"urlTemplate\":\"https:\/\/onlinelotto365.com\/da\/?s={search_term_string}\"},\"query-input\":{\"@type\":\"PropertyValueSpecification\",\"valueRequired\":true,\"valueName\":\"search_term_string\"}}],\"inLanguage\":\"da-DK\"}]}<\/script>\n<!-- \/ Yoast SEO plugin. -->","yoast_head_json":{"title":"Spil UK Lottery online fra Danmark | Kan jeg deltage i UK Lotto, hvis jeg bor i Danmark","description":"Det er nu nemt at deltage i UK Lottery fra andre lande som Danmark med vores online service","robots":{"index":"index","follow":"follow","max-snippet":"max-snippet:-1","max-image-preview":"max-image-preview:large","max-video-preview":"max-video-preview:-1"},"canonical":"https:\/\/onlinelotto365.com\/da\/spille\/uk-lottery\/","og_locale":"da_DK","og_type":"article","og_title":"Spil UK Lottery online fra Danmark | Kan jeg deltage i UK Lotto, hvis jeg bor i Danmark","og_description":"Det er nu nemt at deltage i UK Lottery fra andre lande som Danmark med vores online service","og_url":"https:\/\/onlinelotto365.com\/da\/spille\/uk-lottery\/","og_site_name":"OnlineLotto365","article_modified_time":"2022-11-04T10:57:17+00:00","og_image":[{"url":"https:\/\/redfoxlotto.com\/image?size=8&amp;lottery=lotto-uk"}],"twitter_card":"summary_large_image","twitter_misc":{"Estimeret l\u00e6setid":"2 minutter"},"schema":{"@context":"https:\/\/schema.org","@graph":[{"@type":"WebPage","@id":"https:\/\/onlinelotto365.com\/da\/spille\/uk-lottery\/","url":"https:\/\/onlinelotto365.com\/da\/spille\/uk-lottery\/","name":"Spil UK Lottery online fra Danmark | Kan jeg deltage i UK Lotto, hvis jeg bor i Danmark","isPartOf":{"@id":"https:\/\/onlinelotto365.com\/da\/#website"},"primaryImageOfPage":{"@id":"https:\/\/onlinelotto365.com\/da\/spille\/uk-lottery\/#primaryimage"},"image":{"@id":"https:\/\/onlinelotto365.com\/da\/spille\/uk-lottery\/#primaryimage"},"thumbnailUrl":"https:\/\/redfoxlotto.com\/image?size=8&amp;lottery=lotto-uk","datePublished":"2022-11-04T10:56:01+00:00","dateModified":"2022-11-04T10:57:17+00:00","description":"Det er nu nemt at deltage i UK Lottery fra andre lande som Danmark med vores online service","breadcrumb":{"@id":"https:\/\/onlinelotto365.com\/da\/spille\/uk-lottery\/#breadcrumb"},"inLanguage":"da-DK","potentialAction":[{"@type":"ReadAction","target":["https:\/\/onlinelotto365.com\/da\/spille\/uk-lottery\/"]}]},{"@type":"ImageObject","inLanguage":"da-DK","@id":"https:\/\/onlinelotto365.com\/da\/spille\/uk-lottery\/#primaryimage","url":"https:\/\/redfoxlotto.com\/image?size=8&amp;lottery=lotto-uk","contentUrl":"https:\/\/redfoxlotto.com\/image?size=8&amp;lottery=lotto-uk"},{"@type":"BreadcrumbList","@id":"https:\/\/onlinelotto365.com\/da\/spille\/uk-lottery\/#breadcrumb","itemListElement":[{"@type":"ListItem","position":1,"name":"Home","item":"https:\/\/onlinelotto365.com\/da\/"},{"@type":"ListItem","position":2,"name":"Alt, hvad du skal vide om dine muligheder for at spille de bedste lotterier online","item":"https:\/\/onlinelotto365.com\/da\/spille\/"},{"@type":"ListItem","position":3,"name":"Hvordan kan indbyggere i Danmark spille UK Lottery online?"}]},{"@type":"WebSite","@id":"https:\/\/onlinelotto365.com\/da\/#website","url":"https:\/\/onlinelotto365.com\/da\/","name":"OnlineLotto365","description":"","potentialAction":[{"@type":"SearchAction","target":{"@type":"EntryPoint","urlTemplate":"https:\/\/onlinelotto365.com\/da\/?s={search_term_string}"},"query-input":{"@type":"PropertyValueSpecification","valueRequired":true,"valueName":"search_term_string"}}],"inLanguage":"da-DK"}]}},"_links":{"self":[{"href":"https:\/\/onlinelotto365.com\/da\/wp-json\/wp\/v2\/pages\/79471","targetHints":{"allow":["GET"]}}],"collection":[{"href":"https:\/\/onlinelotto365.com\/da\/wp-json\/wp\/v2\/pages"}],"about":[{"href":"https:\/\/onlinelotto365.com\/da\/wp-json\/wp\/v2\/types\/page"}],"author":[{"embeddable":true,"href":"https:\/\/onlinelotto365.com\/da\/wp-json\/wp\/v2\/users\/1"}],"replies":[{"embeddable":true,"href":"https:\/\/onlinelotto365.com\/da\/wp-json\/wp\/v2\/comments?post=79471"}],"version-history":[{"count":0,"href":"https:\/\/onlinelotto365.com\/da\/wp-json\/wp\/v2\/pages\/79471\/revisions"}],"up":[{"embeddable":true,"href":"https:\/\/onlinelotto365.com\/da\/wp-json\/wp\/v2\/pages\/5013"}],"wp:attachment":[{"href":"https:\/\/onlinelotto365.com\/da\/wp-json\/wp\/v2\/media?parent=79471"}],"curies":[{"name":"wp","href":"https:\/\/api.w.org\/{rel}","templated":true}]}}