{"id":79504,"date":"2022-11-07T07:52:18","date_gmt":"2022-11-07T06:52:18","guid":{"rendered":"https:\/\/onlinelotto365.com\/?page_id=79504"},"modified":"2022-11-07T07:54:22","modified_gmt":"2022-11-07T06:54:22","slug":"superenalotto","status":"publish","type":"page","link":"https:\/\/onlinelotto365.com\/da\/spille\/superenalotto\/","title":{"rendered":"F\u00e5 dine Superenalotto billetter hvor som helst fra"},"content":{"rendered":"<p>I \u00e5revis har folk l\u00e6ngtes efter at spille lotterier i andre dele af verden. Udfordringen her har dog ikke rigtig v\u00e6ret de forskellige lotteriers manglende vilje til at acceptere internationale lottospillere. Det har v\u00e6ret, at man fysisk skal befinde sig i det land eller den region, hvor lotteriet afholdes, for at kunne spille ordentligt.<\/p>\n<p>Til at begynde med skal du bes\u00f8ge en lottoforhandler, der s\u00e6lger det lotto, du \u00f8nsker at k\u00f8be lodder til. Det betyder alts\u00e5, at du skal v\u00e6re i landet, ikke kun \u00e9n gang, men hver gang du vil k\u00f8be lodder. Det betyder alts\u00e5, at du skal rejse fra Danmark til Italien for at k\u00f8be lottokuponer til de tre tr\u00e6kninger, som Superenalotto afvikler hver uge.<\/p>\n<p>S\u00e5 du er n\u00f8dt til enten at flytte dertil eller hyre en person i Italien til at g\u00f8re det for dig. Det er bare ikke noget, vi er i stand til at g\u00f8re. Mens du er i gang, skal du ogs\u00e5 hyre folk i alle de andre lande, der har store lotterier, til at g\u00f8re det for dig. Det ville koste en formue.<\/p>\n<p>Men der er et godt alternativ nu &#8211; du skal bare spille online her p\u00e5 vores hjemmeside!<\/p>\n<p><a href=\"https:\/\/redfoxlotto.com\/play\/superenalotto\/?ref=a8564250a2&amp;medium=ol365\" target=\"_blank\" rel=\"noopener noreferrer\"><img decoding=\"async\" class=\"aligncenter\" src=\"https:\/\/redfoxlotto.com\/image?size=8&amp;lottery=superenalotto\" alt=\"superenalotto\" \/><\/a><\/p>\n<h2>Vi har alle dine lotto behov d\u00e6kket<\/h2>\n<p>Vi har styr p\u00e5 det hele, hvad ang\u00e5r hvordan vi f\u00e5r dig med i spillet med Superenalotto ud over alle de andre store lotterier i verden. Du skal blot k\u00f8be de lottokuponer du \u00f8nsker hos os online og fra Danmark, og s\u00e5 klarer vi resten for dig.<\/p>\n<p>Vi k\u00f8ber lodderne p\u00e5 dine vegne, og i mods\u00e6tning til normale lottokuponer, som kan indl\u00f8ses af den, der har dem, s\u00e5 opbevarer vi dem for dig. Derefter overv\u00e5ger vi tr\u00e6kningerne for dig, s\u00e5 du ikke beh\u00f8ver at g\u00f8re det, hvis du ikke \u00f8nsker det, og vi giver dig besked hver gang du vinder.<\/p>\n<h2>Mere info om Superenalotto<\/h2>\n<ul>\n<li>Lotteriet afholdes hvor: Italien<\/li>\n<li>Hvor mange hovedtal at v\u00e6lge imellem: 90<\/li>\n<li>Du skal v\u00e6lge: 6<\/li>\n<li>Hvor mange ekstra numre skal du v\u00e6lge imellem: ingen<\/li>\n<li>Du skal v\u00e6lge: ingen<\/li>\n<li>Tr\u00e6k dage, timer: Tirsdag, torsdag, l\u00f8rdag, kl. 19:00 GMT, 21:00 CET<\/li>\n<li>Mindste jackpot: 2 mio. EUR<\/li>\n<li>Maksimalt jackpotbel\u00f8b: ingen<\/li>\n<li>Mulige talkombinationer for en jackpotgevinst: 1 p\u00e5 622.614.630<\/li>\n<li>Mulig talkombination for en gevinst p\u00e5 niveau 2: 1 i 103.769.105<\/li>\n<li>Sandsynlighed for at vinde i alle niveauer: 1 p\u00e5 20,58<\/li>\n<li>Hvor mange pr\u00e6mieniveauer: v<\/li>\n<\/ul>\n<p>For at spille Superenalotto v\u00e6lger du 6 numre ud af i alt 90 mulige numre. Du skal ogs\u00e5 v\u00e6lge det, som de kalder et Jolly-nummer blandt de 90.<\/p>\n<p>For at vinde jackpotten skal du matche alle 6 af dine almindelige tal. Hvis du matcher 5 plus Jolly-nummeret, vinder du den anden pr\u00e6mie. 5 tal uden Jolly-nummeret giver dig en udbetaling p\u00e5 tredjepladsen, 4 rigtige tal giver dig fjerdepladsen, og blot 3 tal giver dig ogs\u00e5 en udbetaling.<\/p>\n<p>Tr\u00e6kningerne finder sted 3 gange om ugen, tirsdag, torsdag og l\u00f8rdag kl. 20.00 italiensk tid. Vi giver dig en l\u00f8bende nedt\u00e6lling til den n\u00e6ste tr\u00e6kning for Superenalotto ud over alle de andre store lotterier, de tilbyder lodder online, s\u00e5 du altid ved, hvor meget tid du har tilbage.<br \/>\n<img loading=\"lazy\" decoding=\"async\" class=\" wp-image-1334 alignright\" src=\"https:\/\/onlinelotto365.com\/wp-content\/uploads\/2020\/11\/online_lottery-115.jpg\" alt=\"k\u00f8be superenalotto billetter online\" width=\"452\" height=\"172\" \/><\/p>\n<h2>Fordele ved at spille Superenalotto online<\/h2>\n<p>Mange globale lottospillere kan lide at v\u00e6lge flere lotterier at spille, is\u00e6r fordi hver enkelt af dem regelm\u00e6ssigt tilbyder store jackpots. Faktisk er det s\u00e5dan, at jo flere tr\u00e6kninger du er involveret i, jo bedre.<\/p>\n<p>S\u00e5 selv om jackpots med Superenalotto m\u00e5ske ikke kan sammenlignes med nogle af de st\u00f8rre lotterier derude, for eksempel EuroMillions, Powerball eller Mega Millions, vil du ogs\u00e5 gerne spille dem alligevel. Superenalotto er dog ikke nogen lille kartoffel med typiske jackpots, der ofte er p\u00e5 titusindvis af millioner euro. S\u00e5 med de 3 ekstra tr\u00e6kninger om ugen, som Superenalotto tilbyder, er det 3 ekstra tr\u00e6kninger om ugen, som er mere sjove, end hvis du ikke spiller.<\/p>\n<p>S\u00e5 med 3 ekstra chancer for at vinde en k\u00e6mpe gevinst er det ikke sv\u00e6rt at se, hvorfor s\u00e5 mange mennesker i Danmark kan lide dette lotteri. I betragtning af at du kan k\u00f8be dine lodder bekvemt online nu, er der faktisk ingen god grund til ikke at spille. At sprede dine penge rundt til flere lotterier er hvad det hele handler om, hvilket i h\u00f8j grad \u00f8ger den sp\u00e6nding, du f\u00e5r ved at spille lotterier nu.<\/p>\n<p>S\u00e5 hvis du er klar p\u00e5 mere sjov ved at spille lotto, og det ved jeg, at du er, s\u00e5 kan du komme i gang lige nu.<\/p>\n<h2>Hvordan bliver jeg betalt, hvis jeg vinder Superenalotto online?<\/h2>\n<p>Vi giver dig al den hj\u00e6lp, du har brug for til at indl\u00f8se dine lodder, lige fra at hente dine mindre pr\u00e6mier og straks s\u00e6tte dem ind p\u00e5 din konto hos os, til at hente og sende dig alle de formularer, der er n\u00f8dvendige for st\u00f8rre pr\u00e6mier eller endda jackpots. Der er alts\u00e5 ingen grund til at bekymre sig her, da der er tale om en full-service aftale med f\u00f8rsteklasses service og behandling af vores kunder fra Danmark og andre steder.<\/p>\n","protected":false},"excerpt":{"rendered":"<p>I \u00e5revis har folk l\u00e6ngtes efter at spille lotterier i andre dele af verden. Udfordringen her har dog ikke rigtig v\u00e6ret de forskellige lotteriers manglende vilje til at acceptere internationale lottospillere. Det har v\u00e6ret, at man fysisk skal befinde sig i det land eller den region, hvor lotteriet afholdes, for at kunne spille ordentligt. Til [&hellip;]<\/p>\n","protected":false},"author":1,"featured_media":0,"parent":5013,"menu_order":5,"comment_status":"closed","ping_status":"closed","template":"superenalotto.php","meta":{"_et_pb_use_builder":"","_et_pb_old_content":"","_et_gb_content_width":"","exclude_from_search":false,"footnotes":""},"class_list":["post-79504","page","type-page","status-publish","hentry"],"yoast_head":"<!-- This site is optimized with the Yoast SEO plugin v23.4 - https:\/\/yoast.com\/wordpress\/plugins\/seo\/ -->\n<title>Spil Superenalotto Italien online fra Danmark | S\u00e5dan k\u00f8ber du Superena billetter online<\/title>\n<meta name=\"description\" content=\"Denne italienske lotto jackpot kan nu vindes af alle, fra alle steder - spil Superenalotto online billet nu\" \/>\n<meta name=\"robots\" content=\"index, follow, max-snippet:-1, max-image-preview:large, max-video-preview:-1\" \/>\n<link rel=\"canonical\" href=\"https:\/\/onlinelotto365.com\/da\/spille\/superenalotto\/\" \/>\n<meta property=\"og:locale\" content=\"da_DK\" \/>\n<meta property=\"og:type\" content=\"article\" \/>\n<meta property=\"og:title\" content=\"Spil Superenalotto Italien online fra Danmark | S\u00e5dan k\u00f8ber du Superena billetter online\" \/>\n<meta property=\"og:description\" content=\"Denne italienske lotto jackpot kan nu vindes af alle, fra alle steder - spil Superenalotto online billet nu\" \/>\n<meta property=\"og:url\" content=\"https:\/\/onlinelotto365.com\/da\/spille\/superenalotto\/\" \/>\n<meta property=\"og:site_name\" content=\"OnlineLotto365\" \/>\n<meta property=\"article:modified_time\" content=\"2022-11-07T06:54:22+00:00\" \/>\n<meta property=\"og:image\" content=\"https:\/\/redfoxlotto.com\/image?size=8&amp;lottery=superenalotto\" \/>\n<meta name=\"twitter:card\" content=\"summary_large_image\" \/>\n<meta name=\"twitter:label1\" content=\"Estimeret l\u00e6setid\" \/>\n\t<meta name=\"twitter:data1\" content=\"5 minutter\" \/>\n<script type=\"application\/ld+json\" class=\"yoast-schema-graph\">{\"@context\":\"https:\/\/schema.org\",\"@graph\":[{\"@type\":\"WebPage\",\"@id\":\"https:\/\/onlinelotto365.com\/da\/spille\/superenalotto\/\",\"url\":\"https:\/\/onlinelotto365.com\/da\/spille\/superenalotto\/\",\"name\":\"Spil Superenalotto Italien online fra Danmark | S\u00e5dan k\u00f8ber du Superena billetter online\",\"isPartOf\":{\"@id\":\"https:\/\/onlinelotto365.com\/da\/#website\"},\"primaryImageOfPage\":{\"@id\":\"https:\/\/onlinelotto365.com\/da\/spille\/superenalotto\/#primaryimage\"},\"image\":{\"@id\":\"https:\/\/onlinelotto365.com\/da\/spille\/superenalotto\/#primaryimage\"},\"thumbnailUrl\":\"https:\/\/redfoxlotto.com\/image?size=8&amp;lottery=superenalotto\",\"datePublished\":\"2022-11-07T06:52:18+00:00\",\"dateModified\":\"2022-11-07T06:54:22+00:00\",\"description\":\"Denne italienske lotto jackpot kan nu vindes af alle, fra alle steder - spil Superenalotto online billet nu\",\"breadcrumb\":{\"@id\":\"https:\/\/onlinelotto365.com\/da\/spille\/superenalotto\/#breadcrumb\"},\"inLanguage\":\"da-DK\",\"potentialAction\":[{\"@type\":\"ReadAction\",\"target\":[\"https:\/\/onlinelotto365.com\/da\/spille\/superenalotto\/\"]}]},{\"@type\":\"ImageObject\",\"inLanguage\":\"da-DK\",\"@id\":\"https:\/\/onlinelotto365.com\/da\/spille\/superenalotto\/#primaryimage\",\"url\":\"https:\/\/redfoxlotto.com\/image?size=8&amp;lottery=superenalotto\",\"contentUrl\":\"https:\/\/redfoxlotto.com\/image?size=8&amp;lottery=superenalotto\"},{\"@type\":\"BreadcrumbList\",\"@id\":\"https:\/\/onlinelotto365.com\/da\/spille\/superenalotto\/#breadcrumb\",\"itemListElement\":[{\"@type\":\"ListItem\",\"position\":1,\"name\":\"Home\",\"item\":\"https:\/\/onlinelotto365.com\/da\/\"},{\"@type\":\"ListItem\",\"position\":2,\"name\":\"Alt, hvad du skal vide om dine muligheder for at spille de bedste lotterier online\",\"item\":\"https:\/\/onlinelotto365.com\/da\/spille\/\"},{\"@type\":\"ListItem\",\"position\":3,\"name\":\"F\u00e5 dine Superenalotto billetter hvor som helst fra\"}]},{\"@type\":\"WebSite\",\"@id\":\"https:\/\/onlinelotto365.com\/da\/#website\",\"url\":\"https:\/\/onlinelotto365.com\/da\/\",\"name\":\"OnlineLotto365\",\"description\":\"\",\"potentialAction\":[{\"@type\":\"SearchAction\",\"target\":{\"@type\":\"EntryPoint\",\"urlTemplate\":\"https:\/\/onlinelotto365.com\/da\/?s={search_term_string}\"},\"query-input\":{\"@type\":\"PropertyValueSpecification\",\"valueRequired\":true,\"valueName\":\"search_term_string\"}}],\"inLanguage\":\"da-DK\"}]}<\/script>\n<!-- \/ Yoast SEO plugin. -->","yoast_head_json":{"title":"Spil Superenalotto Italien online fra Danmark | S\u00e5dan k\u00f8ber du Superena billetter online","description":"Denne italienske lotto jackpot kan nu vindes af alle, fra alle steder - spil Superenalotto online billet nu","robots":{"index":"index","follow":"follow","max-snippet":"max-snippet:-1","max-image-preview":"max-image-preview:large","max-video-preview":"max-video-preview:-1"},"canonical":"https:\/\/onlinelotto365.com\/da\/spille\/superenalotto\/","og_locale":"da_DK","og_type":"article","og_title":"Spil Superenalotto Italien online fra Danmark | S\u00e5dan k\u00f8ber du Superena billetter online","og_description":"Denne italienske lotto jackpot kan nu vindes af alle, fra alle steder - spil Superenalotto online billet nu","og_url":"https:\/\/onlinelotto365.com\/da\/spille\/superenalotto\/","og_site_name":"OnlineLotto365","article_modified_time":"2022-11-07T06:54:22+00:00","og_image":[{"url":"https:\/\/redfoxlotto.com\/image?size=8&amp;lottery=superenalotto"}],"twitter_card":"summary_large_image","twitter_misc":{"Estimeret l\u00e6setid":"5 minutter"},"schema":{"@context":"https:\/\/schema.org","@graph":[{"@type":"WebPage","@id":"https:\/\/onlinelotto365.com\/da\/spille\/superenalotto\/","url":"https:\/\/onlinelotto365.com\/da\/spille\/superenalotto\/","name":"Spil Superenalotto Italien online fra Danmark | S\u00e5dan k\u00f8ber du Superena billetter online","isPartOf":{"@id":"https:\/\/onlinelotto365.com\/da\/#website"},"primaryImageOfPage":{"@id":"https:\/\/onlinelotto365.com\/da\/spille\/superenalotto\/#primaryimage"},"image":{"@id":"https:\/\/onlinelotto365.com\/da\/spille\/superenalotto\/#primaryimage"},"thumbnailUrl":"https:\/\/redfoxlotto.com\/image?size=8&amp;lottery=superenalotto","datePublished":"2022-11-07T06:52:18+00:00","dateModified":"2022-11-07T06:54:22+00:00","description":"Denne italienske lotto jackpot kan nu vindes af alle, fra alle steder - spil Superenalotto online billet nu","breadcrumb":{"@id":"https:\/\/onlinelotto365.com\/da\/spille\/superenalotto\/#breadcrumb"},"inLanguage":"da-DK","potentialAction":[{"@type":"ReadAction","target":["https:\/\/onlinelotto365.com\/da\/spille\/superenalotto\/"]}]},{"@type":"ImageObject","inLanguage":"da-DK","@id":"https:\/\/onlinelotto365.com\/da\/spille\/superenalotto\/#primaryimage","url":"https:\/\/redfoxlotto.com\/image?size=8&amp;lottery=superenalotto","contentUrl":"https:\/\/redfoxlotto.com\/image?size=8&amp;lottery=superenalotto"},{"@type":"BreadcrumbList","@id":"https:\/\/onlinelotto365.com\/da\/spille\/superenalotto\/#breadcrumb","itemListElement":[{"@type":"ListItem","position":1,"name":"Home","item":"https:\/\/onlinelotto365.com\/da\/"},{"@type":"ListItem","position":2,"name":"Alt, hvad du skal vide om dine muligheder for at spille de bedste lotterier online","item":"https:\/\/onlinelotto365.com\/da\/spille\/"},{"@type":"ListItem","position":3,"name":"F\u00e5 dine Superenalotto billetter hvor som helst fra"}]},{"@type":"WebSite","@id":"https:\/\/onlinelotto365.com\/da\/#website","url":"https:\/\/onlinelotto365.com\/da\/","name":"OnlineLotto365","description":"","potentialAction":[{"@type":"SearchAction","target":{"@type":"EntryPoint","urlTemplate":"https:\/\/onlinelotto365.com\/da\/?s={search_term_string}"},"query-input":{"@type":"PropertyValueSpecification","valueRequired":true,"valueName":"search_term_string"}}],"inLanguage":"da-DK"}]}},"_links":{"self":[{"href":"https:\/\/onlinelotto365.com\/da\/wp-json\/wp\/v2\/pages\/79504","targetHints":{"allow":["GET"]}}],"collection":[{"href":"https:\/\/onlinelotto365.com\/da\/wp-json\/wp\/v2\/pages"}],"about":[{"href":"https:\/\/onlinelotto365.com\/da\/wp-json\/wp\/v2\/types\/page"}],"author":[{"embeddable":true,"href":"https:\/\/onlinelotto365.com\/da\/wp-json\/wp\/v2\/users\/1"}],"replies":[{"embeddable":true,"href":"https:\/\/onlinelotto365.com\/da\/wp-json\/wp\/v2\/comments?post=79504"}],"version-history":[{"count":0,"href":"https:\/\/onlinelotto365.com\/da\/wp-json\/wp\/v2\/pages\/79504\/revisions"}],"up":[{"embeddable":true,"href":"https:\/\/onlinelotto365.com\/da\/wp-json\/wp\/v2\/pages\/5013"}],"wp:attachment":[{"href":"https:\/\/onlinelotto365.com\/da\/wp-json\/wp\/v2\/media?parent=79504"}],"curies":[{"name":"wp","href":"https:\/\/api.w.org\/{rel}","templated":true}]}}