{"id":80063,"date":"2022-11-14T13:42:49","date_gmt":"2022-11-14T12:42:49","guid":{"rendered":"https:\/\/onlinelotto365.com\/?page_id=80063"},"modified":"2022-11-14T13:42:49","modified_gmt":"2022-11-14T12:42:49","slug":"superenalotto","status":"publish","type":"page","link":"https:\/\/onlinelotto365.com\/da\/vindende-numre\/superenalotto\/","title":{"rendered":"Se de vindende Superenalotto-tal her"},"content":{"rendered":"<p>Vi tilbyder masser af forskellige internationale lotterispil p\u00e5 vores hjemmeside, men vi vil gerne sikre os, at det ikke er noget problem at finde resultaterne. Selvf\u00f8lgelig kan du tjekke resultaterne i tv, hvis du er heldig nok til at finde tegningsresultaterne i nyhederne. Eller du kan finde dem i avisen, hvis du bor i et omr\u00e5de, hvor spillene er lokale. Men det kan ogs\u00e5 v\u00e6re sv\u00e6rt.<br \/>\n<a href=\"https:\/\/redfoxlotto.com\/play\/superenalotto\/?ref=a8564250a2&amp;medium=ol365\" target=\"_blank\" rel=\"noopener noreferrer\"><img decoding=\"async\" class=\"aligncenter\" src=\"https:\/\/redfoxlotto.com\/image?size=8&amp;lottery=superenalotto\" alt=\"superenalotto\" \/><\/a><\/p>\n<p>Du kan ogs\u00e5 tjekke Superenalottos hjemmeside for at finde en livestream af tr\u00e6kningsprocessen, hvis det tilbydes. Dette kan v\u00e6re sjovt for de spil, der tilbyder det, og kan give dig et sp\u00e6ndende \u00f8jeblik, hvor du kan se, om dine numre er dem, der har vundet, men det er faktisk ikke alle lotterispil, der tilbyder denne mulighed.<\/p>\n<p>Efter lodtr\u00e6kningen kan du nogle gange finde vindernumre og lodtr\u00e6kninger for Superenalotto p\u00e5 YouTube, hvis du ved, hvordan du skal lave din research, og hvor du skal lede. Men det kan tage tid.<\/p>\n<p>Den bedste m\u00e5de at g\u00f8re det p\u00e5 er simpelthen at g\u00e5 til vores side med lotteriresultater og se alle tallene for hvert af de forskellige lottospil. Det omfatter Superenalotto og en hel masse mere.<\/p>\n<h2>S\u00e5dan finder du ud af, om din online-lodseddel har vundet<\/h2>\n<p>For dem, der har k\u00f8bt en kupon til Superenalotto med vores side, kan du nemt tjekke din konto for at finde ud af de vindende numre. Det bliver meget nemmere, end du m\u00e5ske tror, og hvad der er bedre er, at du ikke engang beh\u00f8ver at sammenligne tallene.<\/p>\n<p>Vi tager os af den del for dig. Faktisk viser vi dig, hvilke numre du har, der matcher vindernumrene, ved at fremh\u00e6ve dem. Derefter s\u00e6tter vi alle penge, som du vinder op til 2.500 \u20ac, direkte ind p\u00e5 din konto. Du beh\u00f8ver ikke at bekymre dig om at g\u00f8re krav p\u00e5 dem eller s\u00f8rge for at bekr\u00e6fte noget som helst. Vi g\u00f8r det hele, s\u00e5 du kan nyde din gevinst.<\/p>\n<h2>Superenalotto resultatarkiv<\/h2>\n<p>Enhver side p\u00e5 vores hjemmeside, der viser vindernumrene for Superenalotto, viser dig ogs\u00e5 lige hvordan du kan g\u00e5 tilbage til de tidligere resultater for at tjekke tidligere tr\u00e6kninger. Dette kan hj\u00e6lpe dig med at v\u00e6lge de rigtige numre, som du \u00f8nsker at spille, n\u00e5r det er tid til den n\u00e6ste tr\u00e6kning. Det er en af de mest popul\u00e6re m\u00e5der at v\u00e6lge numre p\u00e5.<\/p>\n<h2>Min billet har vundet, hvad sker der s\u00e5 nu?<\/h2>\n<p><img loading=\"lazy\" decoding=\"async\" class=\"alignright size-full wp-image-3634\" src=\"https:\/\/onlinelotto365.com\/wp-content\/uploads\/2020\/11\/online_lottery-136.jpg\" alt=\"superenalotto vindertal\" width=\"297\" height=\"101\" \/><br \/>\nEnhver gevinst, der er mindre end 2.500 \u20ac, vil straks blive sat ind p\u00e5 din spillerkonto. P\u00e5 den m\u00e5de kan du h\u00e6ve den (ethvert bel\u00f8b over 10 \u20ac) eller du kan bruge den til at k\u00f8be yderligere lodder. Husk bare, at du kan h\u00e6ve pengene til et kredit- eller betalingskort eller du kan h\u00e6ve dem til en bankkonto. Uanset hvilken konto du \u00f8nsker at tage pengene ud med, skal du ogs\u00e5 allerede have brugt til at s\u00e6tte penge ind p\u00e5. Det er s\u00e5dan, vi hj\u00e6lper med at beskytte dig, og det er ogs\u00e5 s\u00e5dan, vi overholder reglerne om bek\u00e6mpelse af hvidvaskning af penge m.m.<\/p>\n","protected":false},"excerpt":{"rendered":"<p>Vi tilbyder masser af forskellige internationale lotterispil p\u00e5 vores hjemmeside, men vi vil gerne sikre os, at det ikke er noget problem at finde resultaterne. Selvf\u00f8lgelig kan du tjekke resultaterne i tv, hvis du er heldig nok til at finde tegningsresultaterne i nyhederne. Eller du kan finde dem i avisen, hvis du bor i et [&hellip;]<\/p>\n","protected":false},"author":1,"featured_media":0,"parent":5826,"menu_order":5,"comment_status":"closed","ping_status":"closed","template":"superenalotto-results.php","meta":{"_et_pb_use_builder":"","_et_pb_old_content":"","_et_gb_content_width":"","exclude_from_search":false,"footnotes":""},"class_list":["post-80063","page","type-page","status-publish","hentry"],"yoast_head":"<!-- This site is optimized with the Yoast SEO plugin v23.4 - https:\/\/yoast.com\/wordpress\/plugins\/seo\/ -->\n<title>Seneste vindertal for Superenalotto<\/title>\n<meta name=\"description\" content=\"Vil du kende vindertallene for Superenalotto? Find resultaterne og meget mere her!\" \/>\n<meta name=\"robots\" content=\"index, follow, max-snippet:-1, max-image-preview:large, max-video-preview:-1\" \/>\n<link rel=\"canonical\" href=\"https:\/\/onlinelotto365.com\/da\/vindende-numre\/superenalotto\/\" \/>\n<meta property=\"og:locale\" content=\"da_DK\" \/>\n<meta property=\"og:type\" content=\"article\" \/>\n<meta property=\"og:title\" content=\"Seneste vindertal for Superenalotto\" \/>\n<meta property=\"og:description\" content=\"Vil du kende vindertallene for Superenalotto? Find resultaterne og meget mere her!\" \/>\n<meta property=\"og:url\" content=\"https:\/\/onlinelotto365.com\/da\/vindende-numre\/superenalotto\/\" \/>\n<meta property=\"og:site_name\" content=\"OnlineLotto365\" \/>\n<meta property=\"og:image\" content=\"https:\/\/redfoxlotto.com\/image?size=8&amp;lottery=superenalotto\" \/>\n<meta name=\"twitter:card\" content=\"summary_large_image\" \/>\n<meta name=\"twitter:label1\" content=\"Estimeret l\u00e6setid\" \/>\n\t<meta name=\"twitter:data1\" content=\"3 minutter\" \/>\n<script type=\"application\/ld+json\" class=\"yoast-schema-graph\">{\"@context\":\"https:\/\/schema.org\",\"@graph\":[{\"@type\":\"WebPage\",\"@id\":\"https:\/\/onlinelotto365.com\/da\/vindende-numre\/superenalotto\/\",\"url\":\"https:\/\/onlinelotto365.com\/da\/vindende-numre\/superenalotto\/\",\"name\":\"Seneste vindertal for Superenalotto\",\"isPartOf\":{\"@id\":\"https:\/\/onlinelotto365.com\/da\/#website\"},\"primaryImageOfPage\":{\"@id\":\"https:\/\/onlinelotto365.com\/da\/vindende-numre\/superenalotto\/#primaryimage\"},\"image\":{\"@id\":\"https:\/\/onlinelotto365.com\/da\/vindende-numre\/superenalotto\/#primaryimage\"},\"thumbnailUrl\":\"https:\/\/redfoxlotto.com\/image?size=8&amp;lottery=superenalotto\",\"datePublished\":\"2022-11-14T12:42:49+00:00\",\"dateModified\":\"2022-11-14T12:42:49+00:00\",\"description\":\"Vil du kende vindertallene for Superenalotto? Find resultaterne og meget mere her!\",\"breadcrumb\":{\"@id\":\"https:\/\/onlinelotto365.com\/da\/vindende-numre\/superenalotto\/#breadcrumb\"},\"inLanguage\":\"da-DK\",\"potentialAction\":[{\"@type\":\"ReadAction\",\"target\":[\"https:\/\/onlinelotto365.com\/da\/vindende-numre\/superenalotto\/\"]}]},{\"@type\":\"ImageObject\",\"inLanguage\":\"da-DK\",\"@id\":\"https:\/\/onlinelotto365.com\/da\/vindende-numre\/superenalotto\/#primaryimage\",\"url\":\"https:\/\/redfoxlotto.com\/image?size=8&amp;lottery=superenalotto\",\"contentUrl\":\"https:\/\/redfoxlotto.com\/image?size=8&amp;lottery=superenalotto\"},{\"@type\":\"BreadcrumbList\",\"@id\":\"https:\/\/onlinelotto365.com\/da\/vindende-numre\/superenalotto\/#breadcrumb\",\"itemListElement\":[{\"@type\":\"ListItem\",\"position\":1,\"name\":\"Home\",\"item\":\"https:\/\/onlinelotto365.com\/da\/\"},{\"@type\":\"ListItem\",\"position\":2,\"name\":\"F\u00e5 vindertal og resultater for de seneste lotteriudtr\u00e6kninger\",\"item\":\"https:\/\/onlinelotto365.com\/da\/vindende-numre\/\"},{\"@type\":\"ListItem\",\"position\":3,\"name\":\"Se de vindende Superenalotto-tal her\"}]},{\"@type\":\"WebSite\",\"@id\":\"https:\/\/onlinelotto365.com\/da\/#website\",\"url\":\"https:\/\/onlinelotto365.com\/da\/\",\"name\":\"OnlineLotto365\",\"description\":\"\",\"potentialAction\":[{\"@type\":\"SearchAction\",\"target\":{\"@type\":\"EntryPoint\",\"urlTemplate\":\"https:\/\/onlinelotto365.com\/da\/?s={search_term_string}\"},\"query-input\":{\"@type\":\"PropertyValueSpecification\",\"valueRequired\":true,\"valueName\":\"search_term_string\"}}],\"inLanguage\":\"da-DK\"}]}<\/script>\n<!-- \/ Yoast SEO plugin. -->","yoast_head_json":{"title":"Seneste vindertal for Superenalotto","description":"Vil du kende vindertallene for Superenalotto? Find resultaterne og meget mere her!","robots":{"index":"index","follow":"follow","max-snippet":"max-snippet:-1","max-image-preview":"max-image-preview:large","max-video-preview":"max-video-preview:-1"},"canonical":"https:\/\/onlinelotto365.com\/da\/vindende-numre\/superenalotto\/","og_locale":"da_DK","og_type":"article","og_title":"Seneste vindertal for Superenalotto","og_description":"Vil du kende vindertallene for Superenalotto? Find resultaterne og meget mere her!","og_url":"https:\/\/onlinelotto365.com\/da\/vindende-numre\/superenalotto\/","og_site_name":"OnlineLotto365","og_image":[{"url":"https:\/\/redfoxlotto.com\/image?size=8&amp;lottery=superenalotto"}],"twitter_card":"summary_large_image","twitter_misc":{"Estimeret l\u00e6setid":"3 minutter"},"schema":{"@context":"https:\/\/schema.org","@graph":[{"@type":"WebPage","@id":"https:\/\/onlinelotto365.com\/da\/vindende-numre\/superenalotto\/","url":"https:\/\/onlinelotto365.com\/da\/vindende-numre\/superenalotto\/","name":"Seneste vindertal for Superenalotto","isPartOf":{"@id":"https:\/\/onlinelotto365.com\/da\/#website"},"primaryImageOfPage":{"@id":"https:\/\/onlinelotto365.com\/da\/vindende-numre\/superenalotto\/#primaryimage"},"image":{"@id":"https:\/\/onlinelotto365.com\/da\/vindende-numre\/superenalotto\/#primaryimage"},"thumbnailUrl":"https:\/\/redfoxlotto.com\/image?size=8&amp;lottery=superenalotto","datePublished":"2022-11-14T12:42:49+00:00","dateModified":"2022-11-14T12:42:49+00:00","description":"Vil du kende vindertallene for Superenalotto? Find resultaterne og meget mere her!","breadcrumb":{"@id":"https:\/\/onlinelotto365.com\/da\/vindende-numre\/superenalotto\/#breadcrumb"},"inLanguage":"da-DK","potentialAction":[{"@type":"ReadAction","target":["https:\/\/onlinelotto365.com\/da\/vindende-numre\/superenalotto\/"]}]},{"@type":"ImageObject","inLanguage":"da-DK","@id":"https:\/\/onlinelotto365.com\/da\/vindende-numre\/superenalotto\/#primaryimage","url":"https:\/\/redfoxlotto.com\/image?size=8&amp;lottery=superenalotto","contentUrl":"https:\/\/redfoxlotto.com\/image?size=8&amp;lottery=superenalotto"},{"@type":"BreadcrumbList","@id":"https:\/\/onlinelotto365.com\/da\/vindende-numre\/superenalotto\/#breadcrumb","itemListElement":[{"@type":"ListItem","position":1,"name":"Home","item":"https:\/\/onlinelotto365.com\/da\/"},{"@type":"ListItem","position":2,"name":"F\u00e5 vindertal og resultater for de seneste lotteriudtr\u00e6kninger","item":"https:\/\/onlinelotto365.com\/da\/vindende-numre\/"},{"@type":"ListItem","position":3,"name":"Se de vindende Superenalotto-tal her"}]},{"@type":"WebSite","@id":"https:\/\/onlinelotto365.com\/da\/#website","url":"https:\/\/onlinelotto365.com\/da\/","name":"OnlineLotto365","description":"","potentialAction":[{"@type":"SearchAction","target":{"@type":"EntryPoint","urlTemplate":"https:\/\/onlinelotto365.com\/da\/?s={search_term_string}"},"query-input":{"@type":"PropertyValueSpecification","valueRequired":true,"valueName":"search_term_string"}}],"inLanguage":"da-DK"}]}},"_links":{"self":[{"href":"https:\/\/onlinelotto365.com\/da\/wp-json\/wp\/v2\/pages\/80063","targetHints":{"allow":["GET"]}}],"collection":[{"href":"https:\/\/onlinelotto365.com\/da\/wp-json\/wp\/v2\/pages"}],"about":[{"href":"https:\/\/onlinelotto365.com\/da\/wp-json\/wp\/v2\/types\/page"}],"author":[{"embeddable":true,"href":"https:\/\/onlinelotto365.com\/da\/wp-json\/wp\/v2\/users\/1"}],"replies":[{"embeddable":true,"href":"https:\/\/onlinelotto365.com\/da\/wp-json\/wp\/v2\/comments?post=80063"}],"version-history":[{"count":0,"href":"https:\/\/onlinelotto365.com\/da\/wp-json\/wp\/v2\/pages\/80063\/revisions"}],"up":[{"embeddable":true,"href":"https:\/\/onlinelotto365.com\/da\/wp-json\/wp\/v2\/pages\/5826"}],"wp:attachment":[{"href":"https:\/\/onlinelotto365.com\/da\/wp-json\/wp\/v2\/media?parent=80063"}],"curies":[{"name":"wp","href":"https:\/\/api.w.org\/{rel}","templated":true}]}}