{"id":80095,"date":"2022-11-14T14:32:59","date_gmt":"2022-11-14T13:32:59","guid":{"rendered":"https:\/\/onlinelotto365.com\/?page_id=80095"},"modified":"2022-11-14T14:32:59","modified_gmt":"2022-11-14T13:32:59","slug":"euromillions","status":"publish","type":"page","link":"https:\/\/onlinelotto365.com\/da\/vindende-numre\/euromillions\/","title":{"rendered":"Se de vindende Euromillions-numre"},"content":{"rendered":"<p>Vi ved, at der er mange internationale lotterispil tilg\u00e6ngelige p\u00e5 vores hjemmeside, og det kan v\u00e6re lidt forvirrende for dig. Men det beh\u00f8ver ikke at v\u00e6re s\u00e5 forvirrende, som du tror. Og det beh\u00f8ver heller ikke at v\u00e6re s\u00e5 sv\u00e6rt for dig at finde de vindende tal til det spil, som du \u00f8nsker. Men m\u00e5ske har du t\u00e6nkt p\u00e5 at tjekke andre steder. Avisen og tv&#8217;et er et par muligheder, men medmindre du er lokal kan det v\u00e6re sv\u00e6rt at finde resultaterne begge steder, hvis du ikke er lokal.<br \/>\n<a href=\"https:\/\/redfoxlotto.com\/play\/euromillions\/?ref=a8564250a2&amp;medium=ol365\" target=\"_blank\" rel=\"noopener noreferrer\"><img decoding=\"async\" class=\"aligncenter\" src=\"https:\/\/redfoxlotto.com\/image?size=8&amp;lottery=euromillions\" alt=\"euromillions\" \/><\/a><\/p>\n<p>Du kan ogs\u00e5 v\u00e6lge at g\u00e5 ind p\u00e5 det officielle websted for EuroMillions-lotteriet. Dette er et af de bedste steder at f\u00e5 resultaterne, fordi de er tilg\u00e6ngelige fakta, og du kan m\u00e5ske endda se en livestream af lodtr\u00e6kningen. Det kan v\u00e6re sjovt og sp\u00e6ndende at se denne tr\u00e6kning live, is\u00e6r hvis det er dig, der vinder, og du kan se dine numre komme frem. Men det kan tage meget tid, og det er ikke alle lotterispil, der faktisk streames.<\/p>\n<p>N\u00e5r lotteriet er blevet trukket, er en anden mulighed at tjekke YouTube for at se, om du kan f\u00e5 en video af tr\u00e6kningen eller en anden person, der afsl\u00f8rer tallene efterf\u00f8lgende.<\/p>\n<p>Den bedste m\u00e5de at f\u00e5 fat i vindertallene p\u00e5 er dog at tjekke vores hjemmeside og kontrollere resultaterne. Det hele er tilg\u00e6ngeligt p\u00e5 vores side med lotteriresultater, som viser dig de vindende numre for alle lottospil, som du kan k\u00f8be p\u00e5 vores hjemmeside.<\/p>\n<h2>S\u00e5dan finder du ud af, om din online-lodseddel har vundet<\/h2>\n<p>Hvad der er endnu bedre er, at hvis du faktisk har k\u00f8bt en billet til dette spil, beh\u00f8ver du ikke engang bekymre dig om at g\u00e5 til resultatsiden. Du kan bare g\u00e5 direkte til din konto og til siden med dine billetter.<\/p>\n<p>Derfra kan du se de vindende numre og dine numre sammenlignet. Og vi fremh\u00e6ver de numre, der matcher, s\u00e5 du ikke g\u00e5r glip af dem. Desuden s\u00f8rger vi for at skaffe dig gevinsterne fra dine numre, hvis du har noget under 2.500 \u20ac. Hvis det er over, skal du blot udfylde en formular, og vi hj\u00e6lper dig stadig med at f\u00e5 alt ordnet.<\/p>\n<h2>EuroMillions-resultater arkiv<\/h2>\n<p>Vi har flere omr\u00e5der, hvor du kan se de seneste vindernumre for EuroMillions og resultaterne af andre spil, men vi har ogs\u00e5 muligheder for at tjekke gamle vindernumre ogs\u00e5. Hvis du vil v\u00e6re sikker p\u00e5, at du v\u00e6lger de rigtige tal til nettospillet, kan det v\u00e6re en god m\u00e5de at se p\u00e5 de \u00e6ldre spil, hvis du vil v\u00e6re sikker p\u00e5 at tr\u00e6ffe det valg.<\/p>\n<h2>Min billet har vundet, hvad sker der s\u00e5 nu?<\/h2>\n<p><img loading=\"lazy\" decoding=\"async\" class=\"alignright wp-image-3645\" src=\"https:\/\/onlinelotto365.com\/wp-content\/uploads\/2020\/11\/online_lottery-129-300x300.jpg\" alt=\"Euromillions vindernumre\" width=\"210\" height=\"210\" srcset=\"https:\/\/onlinelotto365.com\/wp-content\/uploads\/2020\/11\/online_lottery-129-300x300.jpg 300w, https:\/\/onlinelotto365.com\/wp-content\/uploads\/2020\/11\/online_lottery-129-100x100.jpg 100w, https:\/\/onlinelotto365.com\/wp-content\/uploads\/2020\/11\/online_lottery-129-150x150.jpg 150w, https:\/\/onlinelotto365.com\/wp-content\/uploads\/2020\/11\/online_lottery-129.jpg 320w\" sizes=\"auto, (max-width: 210px) 100vw, 210px\" \/><br \/>\nVi har allerede n\u00e6vnt, at enhver gevinst, du vinder, der er mindre end 2.500 \u20ac, vil blive sat ind p\u00e5 din konto for dig af vores kundeservice. N\u00e5r pengene er p\u00e5 din konto, kan du h\u00e6ve dem, bruge dem eller hvad du ellers \u00f8nsker. Dette vil g\u00f8re det nemt for dig at forts\u00e6tte med at spille eller bruge dine penge til hvad du vil.<br \/>\nIkke kun det, men du kan ogs\u00e5 h\u00e6ve pengene fra en konto, som du allerede har brugt til at k\u00f8be eller indbetale yderligere penge p\u00e5 din konto. Det omfatter bankkonti, kreditkort og meget mere.<\/p>\n","protected":false},"excerpt":{"rendered":"<p>Vi ved, at der er mange internationale lotterispil tilg\u00e6ngelige p\u00e5 vores hjemmeside, og det kan v\u00e6re lidt forvirrende for dig. Men det beh\u00f8ver ikke at v\u00e6re s\u00e5 forvirrende, som du tror. Og det beh\u00f8ver heller ikke at v\u00e6re s\u00e5 sv\u00e6rt for dig at finde de vindende tal til det spil, som du \u00f8nsker. Men m\u00e5ske [&hellip;]<\/p>\n","protected":false},"author":1,"featured_media":0,"parent":5826,"menu_order":3,"comment_status":"closed","ping_status":"closed","template":"euromillions-results.php","meta":{"_et_pb_use_builder":"","_et_pb_old_content":"","_et_gb_content_width":"","exclude_from_search":false,"footnotes":""},"class_list":["post-80095","page","type-page","status-publish","hentry"],"yoast_head":"<!-- This site is optimized with the Yoast SEO plugin v23.4 - https:\/\/yoast.com\/wordpress\/plugins\/seo\/ -->\n<title>Vindernumre Euromillions | Se de seneste pr\u00e6mier og resultater for Euromillions<\/title>\n<meta name=\"description\" content=\"Sammenlign din Euromillions-lodseddel med de vindende numre - se alle lotteriresultater her\" \/>\n<meta name=\"robots\" content=\"index, follow, max-snippet:-1, max-image-preview:large, max-video-preview:-1\" \/>\n<link rel=\"canonical\" href=\"https:\/\/onlinelotto365.com\/da\/vindende-numre\/euromillions\/\" \/>\n<meta property=\"og:locale\" content=\"da_DK\" \/>\n<meta property=\"og:type\" content=\"article\" \/>\n<meta property=\"og:title\" content=\"Vindernumre Euromillions | Se de seneste pr\u00e6mier og resultater for Euromillions\" \/>\n<meta property=\"og:description\" content=\"Sammenlign din Euromillions-lodseddel med de vindende numre - se alle lotteriresultater her\" \/>\n<meta property=\"og:url\" content=\"https:\/\/onlinelotto365.com\/da\/vindende-numre\/euromillions\/\" \/>\n<meta property=\"og:site_name\" content=\"OnlineLotto365\" \/>\n<meta property=\"og:image\" content=\"https:\/\/redfoxlotto.com\/image?size=8&amp;lottery=euromillions\" \/>\n<meta name=\"twitter:card\" content=\"summary_large_image\" \/>\n<meta name=\"twitter:label1\" content=\"Estimeret l\u00e6setid\" \/>\n\t<meta name=\"twitter:data1\" content=\"3 minutter\" \/>\n<script type=\"application\/ld+json\" class=\"yoast-schema-graph\">{\"@context\":\"https:\/\/schema.org\",\"@graph\":[{\"@type\":\"WebPage\",\"@id\":\"https:\/\/onlinelotto365.com\/da\/vindende-numre\/euromillions\/\",\"url\":\"https:\/\/onlinelotto365.com\/da\/vindende-numre\/euromillions\/\",\"name\":\"Vindernumre Euromillions | Se de seneste pr\u00e6mier og resultater for Euromillions\",\"isPartOf\":{\"@id\":\"https:\/\/onlinelotto365.com\/da\/#website\"},\"primaryImageOfPage\":{\"@id\":\"https:\/\/onlinelotto365.com\/da\/vindende-numre\/euromillions\/#primaryimage\"},\"image\":{\"@id\":\"https:\/\/onlinelotto365.com\/da\/vindende-numre\/euromillions\/#primaryimage\"},\"thumbnailUrl\":\"https:\/\/redfoxlotto.com\/image?size=8&amp;lottery=euromillions\",\"datePublished\":\"2022-11-14T13:32:59+00:00\",\"dateModified\":\"2022-11-14T13:32:59+00:00\",\"description\":\"Sammenlign din Euromillions-lodseddel med de vindende numre - se alle lotteriresultater her\",\"breadcrumb\":{\"@id\":\"https:\/\/onlinelotto365.com\/da\/vindende-numre\/euromillions\/#breadcrumb\"},\"inLanguage\":\"da-DK\",\"potentialAction\":[{\"@type\":\"ReadAction\",\"target\":[\"https:\/\/onlinelotto365.com\/da\/vindende-numre\/euromillions\/\"]}]},{\"@type\":\"ImageObject\",\"inLanguage\":\"da-DK\",\"@id\":\"https:\/\/onlinelotto365.com\/da\/vindende-numre\/euromillions\/#primaryimage\",\"url\":\"https:\/\/redfoxlotto.com\/image?size=8&amp;lottery=euromillions\",\"contentUrl\":\"https:\/\/redfoxlotto.com\/image?size=8&amp;lottery=euromillions\"},{\"@type\":\"BreadcrumbList\",\"@id\":\"https:\/\/onlinelotto365.com\/da\/vindende-numre\/euromillions\/#breadcrumb\",\"itemListElement\":[{\"@type\":\"ListItem\",\"position\":1,\"name\":\"Home\",\"item\":\"https:\/\/onlinelotto365.com\/da\/\"},{\"@type\":\"ListItem\",\"position\":2,\"name\":\"F\u00e5 vindertal og resultater for de seneste lotteriudtr\u00e6kninger\",\"item\":\"https:\/\/onlinelotto365.com\/da\/vindende-numre\/\"},{\"@type\":\"ListItem\",\"position\":3,\"name\":\"Se de vindende Euromillions-numre\"}]},{\"@type\":\"WebSite\",\"@id\":\"https:\/\/onlinelotto365.com\/da\/#website\",\"url\":\"https:\/\/onlinelotto365.com\/da\/\",\"name\":\"OnlineLotto365\",\"description\":\"\",\"potentialAction\":[{\"@type\":\"SearchAction\",\"target\":{\"@type\":\"EntryPoint\",\"urlTemplate\":\"https:\/\/onlinelotto365.com\/da\/?s={search_term_string}\"},\"query-input\":{\"@type\":\"PropertyValueSpecification\",\"valueRequired\":true,\"valueName\":\"search_term_string\"}}],\"inLanguage\":\"da-DK\"}]}<\/script>\n<!-- \/ Yoast SEO plugin. -->","yoast_head_json":{"title":"Vindernumre Euromillions | Se de seneste pr\u00e6mier og resultater for Euromillions","description":"Sammenlign din Euromillions-lodseddel med de vindende numre - se alle lotteriresultater her","robots":{"index":"index","follow":"follow","max-snippet":"max-snippet:-1","max-image-preview":"max-image-preview:large","max-video-preview":"max-video-preview:-1"},"canonical":"https:\/\/onlinelotto365.com\/da\/vindende-numre\/euromillions\/","og_locale":"da_DK","og_type":"article","og_title":"Vindernumre Euromillions | Se de seneste pr\u00e6mier og resultater for Euromillions","og_description":"Sammenlign din Euromillions-lodseddel med de vindende numre - se alle lotteriresultater her","og_url":"https:\/\/onlinelotto365.com\/da\/vindende-numre\/euromillions\/","og_site_name":"OnlineLotto365","og_image":[{"url":"https:\/\/redfoxlotto.com\/image?size=8&amp;lottery=euromillions"}],"twitter_card":"summary_large_image","twitter_misc":{"Estimeret l\u00e6setid":"3 minutter"},"schema":{"@context":"https:\/\/schema.org","@graph":[{"@type":"WebPage","@id":"https:\/\/onlinelotto365.com\/da\/vindende-numre\/euromillions\/","url":"https:\/\/onlinelotto365.com\/da\/vindende-numre\/euromillions\/","name":"Vindernumre Euromillions | Se de seneste pr\u00e6mier og resultater for Euromillions","isPartOf":{"@id":"https:\/\/onlinelotto365.com\/da\/#website"},"primaryImageOfPage":{"@id":"https:\/\/onlinelotto365.com\/da\/vindende-numre\/euromillions\/#primaryimage"},"image":{"@id":"https:\/\/onlinelotto365.com\/da\/vindende-numre\/euromillions\/#primaryimage"},"thumbnailUrl":"https:\/\/redfoxlotto.com\/image?size=8&amp;lottery=euromillions","datePublished":"2022-11-14T13:32:59+00:00","dateModified":"2022-11-14T13:32:59+00:00","description":"Sammenlign din Euromillions-lodseddel med de vindende numre - se alle lotteriresultater her","breadcrumb":{"@id":"https:\/\/onlinelotto365.com\/da\/vindende-numre\/euromillions\/#breadcrumb"},"inLanguage":"da-DK","potentialAction":[{"@type":"ReadAction","target":["https:\/\/onlinelotto365.com\/da\/vindende-numre\/euromillions\/"]}]},{"@type":"ImageObject","inLanguage":"da-DK","@id":"https:\/\/onlinelotto365.com\/da\/vindende-numre\/euromillions\/#primaryimage","url":"https:\/\/redfoxlotto.com\/image?size=8&amp;lottery=euromillions","contentUrl":"https:\/\/redfoxlotto.com\/image?size=8&amp;lottery=euromillions"},{"@type":"BreadcrumbList","@id":"https:\/\/onlinelotto365.com\/da\/vindende-numre\/euromillions\/#breadcrumb","itemListElement":[{"@type":"ListItem","position":1,"name":"Home","item":"https:\/\/onlinelotto365.com\/da\/"},{"@type":"ListItem","position":2,"name":"F\u00e5 vindertal og resultater for de seneste lotteriudtr\u00e6kninger","item":"https:\/\/onlinelotto365.com\/da\/vindende-numre\/"},{"@type":"ListItem","position":3,"name":"Se de vindende Euromillions-numre"}]},{"@type":"WebSite","@id":"https:\/\/onlinelotto365.com\/da\/#website","url":"https:\/\/onlinelotto365.com\/da\/","name":"OnlineLotto365","description":"","potentialAction":[{"@type":"SearchAction","target":{"@type":"EntryPoint","urlTemplate":"https:\/\/onlinelotto365.com\/da\/?s={search_term_string}"},"query-input":{"@type":"PropertyValueSpecification","valueRequired":true,"valueName":"search_term_string"}}],"inLanguage":"da-DK"}]}},"_links":{"self":[{"href":"https:\/\/onlinelotto365.com\/da\/wp-json\/wp\/v2\/pages\/80095","targetHints":{"allow":["GET"]}}],"collection":[{"href":"https:\/\/onlinelotto365.com\/da\/wp-json\/wp\/v2\/pages"}],"about":[{"href":"https:\/\/onlinelotto365.com\/da\/wp-json\/wp\/v2\/types\/page"}],"author":[{"embeddable":true,"href":"https:\/\/onlinelotto365.com\/da\/wp-json\/wp\/v2\/users\/1"}],"replies":[{"embeddable":true,"href":"https:\/\/onlinelotto365.com\/da\/wp-json\/wp\/v2\/comments?post=80095"}],"version-history":[{"count":0,"href":"https:\/\/onlinelotto365.com\/da\/wp-json\/wp\/v2\/pages\/80095\/revisions"}],"up":[{"embeddable":true,"href":"https:\/\/onlinelotto365.com\/da\/wp-json\/wp\/v2\/pages\/5826"}],"wp:attachment":[{"href":"https:\/\/onlinelotto365.com\/da\/wp-json\/wp\/v2\/media?parent=80095"}],"curies":[{"name":"wp","href":"https:\/\/api.w.org\/{rel}","templated":true}]}}