{"id":80127,"date":"2022-11-15T07:20:38","date_gmt":"2022-11-15T06:20:38","guid":{"rendered":"https:\/\/onlinelotto365.com\/?page_id=80127"},"modified":"2022-11-15T07:20:38","modified_gmt":"2022-11-15T06:20:38","slug":"mega-millioner","status":"publish","type":"page","link":"https:\/\/onlinelotto365.com\/da\/vindende-numre\/mega-millioner\/","title":{"rendered":"Se de vindende Mega Millions-numre her"},"content":{"rendered":"<p>Med alle de internationale lotterier, du kan spille p\u00e5 vores hjemmeside, kan det v\u00e6re et problem at f\u00e5 fat i de vindende numre og resultaterne. Du vil sandsynligvis ikke kunne finde vindernumrene for Mega Millions i din avis. Du kan lede efter en tv-kanal, der er tilg\u00e6ngelig for dig, og som inkluderer tr\u00e6kningsresultaterne i deres nyheder, men det vil kr\u00e6ve noget research.<br \/>\n<a href=\"https:\/\/redfoxlotto.com\/play\/mega-millions\/?ref=a8564250a2&amp;medium=ol365\" target=\"_blank\" rel=\"noopener noreferrer\"><img decoding=\"async\" class=\"aligncenter\" src=\"https:\/\/redfoxlotto.com\/image?size=8&amp;lottery=mega-millions\" alt=\"Mega Millions\" \/><\/a><br \/>\nEn mulighed ville v\u00e6re at tjekke, om det officielle Mega Millions-lotteriets websted sender en livestream af lodtr\u00e6kningsproceduren. Det er naturligvis meget sp\u00e6ndende at se tallene blive trukket live. Det ville ogs\u00e5 v\u00e6re den hurtigste m\u00e5de at finde ud af, om dine numre har vundet. Men de fleste lotterier tilbyder ikke livestreaming af tr\u00e6kningen i realtid.<\/p>\n<p>Hvis tr\u00e6kningen allerede er blevet foretaget p\u00e5 det tidspunkt, hvor du \u00f8nsker at tjekke vindertallene, kan du g\u00e5 over p\u00e5 Youtube og s\u00f8ge efter en video, der viser den seneste Mega Millions-tr\u00e6kning.<\/p>\n<p>Men en meget bekvem metode til at kontrollere de vindende numre samt resultaterne og pr\u00e6mierne i Mega Millions er vores egen side med lotteriresultater. P\u00e5 \u00e9n side kan du finde vindernumrene for alle de lotterier, som vi tilbyder.<\/p>\n<h2>S\u00e5dan finder du ud af, om din online-lodseddel har vundet<\/h2>\n<p>Og det bliver endnu bedre! Hvis du har k\u00f8bt en billet til Mega Millions p\u00e5 vores side, kan du kigge p\u00e5 din konto (du skal selvf\u00f8lgelig logge ind f\u00f8rst) og p\u00e5 den sektion, hvor dine lodder er gemt. For hvert lotteri, som du har spillet, vises vindernumrene lige ved siden af de numre, som du har valgt. Alle de numre fra din kupon, der matcher tr\u00e6kningsresultaterne, vil ogs\u00e5 v\u00e6re farvemarkeret. N\u00e5r du ved, hvor mange numre du har valgt rigtigt, kan du kontrollere, hvor meget du har vundet. Husk ogs\u00e5, at alle gevinster p\u00e5 under 2.500 \u20ac vil blive krediteret din spillerkonto, s\u00e5 snart lotteriet har bekr\u00e6ftet de officielle resultater.<\/p>\n<h2>Mega Millions-resultater arkiv<\/h2>\n<p>De sider p\u00e5 vores websted, der viser de seneste Mega Millions-resultater, giver dig ogs\u00e5 mulighed for at tjekke tidligere tr\u00e6kningsresultater. Dette er noget, som mange spillere bruger til at tjekke, hvilke numre der er blevet trukket p\u00e5 det seneste, eller hvilke numre der ikke er blevet trukket tidligere. Det er en meget popul\u00e6r lotteristrategi at bruge disse oplysninger, n\u00e5r du v\u00e6lger tallene til din n\u00e6ste kupon.<\/p>\n<h2>Min lod har vundet, hvad sker der s\u00e5 nu?<\/h2>\n<p>Som vi allerede har n\u00e6vnt, vil gevinster p\u00e5 under 2.500 \u20ac blive krediteret direkte til din kundekonto p\u00e5 vores websted. Derfra kan du h\u00e6ve hele bel\u00f8bet eller en del af det, s\u00e5 l\u00e6nge du har en saldo p\u00e5 mindst 10 \u20ac. Eller du kan bruge en del af den til at k\u00f8be nye billetter. Hvis du beslutter dig for at h\u00e6ve penge til dit kreditkort eller din bankkonto, skal du give os nogle dokumenter til identifikation. Dette er et krav fra vores betalingsprocessorer p\u00e5 grund af lovgivningen mod hvidvaskning af penge. Du kan heller ikke bruge en udbetalingsmetode, som ikke tidligere er blevet brugt til et k\u00f8b eller en indbetaling.<\/p>\n","protected":false},"excerpt":{"rendered":"<p>Med alle de internationale lotterier, du kan spille p\u00e5 vores hjemmeside, kan det v\u00e6re et problem at f\u00e5 fat i de vindende numre og resultaterne. Du vil sandsynligvis ikke kunne finde vindernumrene for Mega Millions i din avis. Du kan lede efter en tv-kanal, der er tilg\u00e6ngelig for dig, og som inkluderer tr\u00e6kningsresultaterne i deres [&hellip;]<\/p>\n","protected":false},"author":1,"featured_media":0,"parent":5826,"menu_order":2,"comment_status":"closed","ping_status":"closed","template":"megamillion-results.php","meta":{"_et_pb_use_builder":"","_et_pb_old_content":"","_et_gb_content_width":"","exclude_from_search":false,"footnotes":""},"class_list":["post-80127","page","type-page","status-publish","hentry"],"yoast_head":"<!-- This site is optimized with the Yoast SEO plugin v23.4 - https:\/\/yoast.com\/wordpress\/plugins\/seo\/ -->\n<title>Vindertal Mega Millions | Seneste resultater og pr\u00e6mier for Mega Millions<\/title>\n<meta name=\"description\" content=\"S\u00e5dan bruger du vores websted til nemt at finde vindernumre og resultater for Mega Millions\" \/>\n<meta name=\"robots\" content=\"index, follow, max-snippet:-1, max-image-preview:large, max-video-preview:-1\" \/>\n<link rel=\"canonical\" href=\"https:\/\/onlinelotto365.com\/da\/vindende-numre\/mega-millioner\/\" \/>\n<meta property=\"og:locale\" content=\"da_DK\" \/>\n<meta property=\"og:type\" content=\"article\" \/>\n<meta property=\"og:title\" content=\"Vindertal Mega Millions | Seneste resultater og pr\u00e6mier for Mega Millions\" \/>\n<meta property=\"og:description\" content=\"S\u00e5dan bruger du vores websted til nemt at finde vindernumre og resultater for Mega Millions\" \/>\n<meta property=\"og:url\" content=\"https:\/\/onlinelotto365.com\/da\/vindende-numre\/mega-millioner\/\" \/>\n<meta property=\"og:site_name\" content=\"OnlineLotto365\" \/>\n<meta property=\"og:image\" content=\"https:\/\/redfoxlotto.com\/image?size=8&amp;lottery=mega-millions\" \/>\n<meta name=\"twitter:card\" content=\"summary_large_image\" \/>\n<meta name=\"twitter:label1\" content=\"Estimeret l\u00e6setid\" \/>\n\t<meta name=\"twitter:data1\" content=\"3 minutter\" \/>\n<script type=\"application\/ld+json\" class=\"yoast-schema-graph\">{\"@context\":\"https:\/\/schema.org\",\"@graph\":[{\"@type\":\"WebPage\",\"@id\":\"https:\/\/onlinelotto365.com\/da\/vindende-numre\/mega-millioner\/\",\"url\":\"https:\/\/onlinelotto365.com\/da\/vindende-numre\/mega-millioner\/\",\"name\":\"Vindertal Mega Millions | Seneste resultater og pr\u00e6mier for Mega Millions\",\"isPartOf\":{\"@id\":\"https:\/\/onlinelotto365.com\/da\/#website\"},\"primaryImageOfPage\":{\"@id\":\"https:\/\/onlinelotto365.com\/da\/vindende-numre\/mega-millioner\/#primaryimage\"},\"image\":{\"@id\":\"https:\/\/onlinelotto365.com\/da\/vindende-numre\/mega-millioner\/#primaryimage\"},\"thumbnailUrl\":\"https:\/\/redfoxlotto.com\/image?size=8&amp;lottery=mega-millions\",\"datePublished\":\"2022-11-15T06:20:38+00:00\",\"dateModified\":\"2022-11-15T06:20:38+00:00\",\"description\":\"S\u00e5dan bruger du vores websted til nemt at finde vindernumre og resultater for Mega Millions\",\"breadcrumb\":{\"@id\":\"https:\/\/onlinelotto365.com\/da\/vindende-numre\/mega-millioner\/#breadcrumb\"},\"inLanguage\":\"da-DK\",\"potentialAction\":[{\"@type\":\"ReadAction\",\"target\":[\"https:\/\/onlinelotto365.com\/da\/vindende-numre\/mega-millioner\/\"]}]},{\"@type\":\"ImageObject\",\"inLanguage\":\"da-DK\",\"@id\":\"https:\/\/onlinelotto365.com\/da\/vindende-numre\/mega-millioner\/#primaryimage\",\"url\":\"https:\/\/redfoxlotto.com\/image?size=8&amp;lottery=mega-millions\",\"contentUrl\":\"https:\/\/redfoxlotto.com\/image?size=8&amp;lottery=mega-millions\"},{\"@type\":\"BreadcrumbList\",\"@id\":\"https:\/\/onlinelotto365.com\/da\/vindende-numre\/mega-millioner\/#breadcrumb\",\"itemListElement\":[{\"@type\":\"ListItem\",\"position\":1,\"name\":\"Home\",\"item\":\"https:\/\/onlinelotto365.com\/da\/\"},{\"@type\":\"ListItem\",\"position\":2,\"name\":\"F\u00e5 vindertal og resultater for de seneste lotteriudtr\u00e6kninger\",\"item\":\"https:\/\/onlinelotto365.com\/da\/vindende-numre\/\"},{\"@type\":\"ListItem\",\"position\":3,\"name\":\"Se de vindende Mega Millions-numre her\"}]},{\"@type\":\"WebSite\",\"@id\":\"https:\/\/onlinelotto365.com\/da\/#website\",\"url\":\"https:\/\/onlinelotto365.com\/da\/\",\"name\":\"OnlineLotto365\",\"description\":\"\",\"potentialAction\":[{\"@type\":\"SearchAction\",\"target\":{\"@type\":\"EntryPoint\",\"urlTemplate\":\"https:\/\/onlinelotto365.com\/da\/?s={search_term_string}\"},\"query-input\":{\"@type\":\"PropertyValueSpecification\",\"valueRequired\":true,\"valueName\":\"search_term_string\"}}],\"inLanguage\":\"da-DK\"}]}<\/script>\n<!-- \/ Yoast SEO plugin. -->","yoast_head_json":{"title":"Vindertal Mega Millions | Seneste resultater og pr\u00e6mier for Mega Millions","description":"S\u00e5dan bruger du vores websted til nemt at finde vindernumre og resultater for Mega Millions","robots":{"index":"index","follow":"follow","max-snippet":"max-snippet:-1","max-image-preview":"max-image-preview:large","max-video-preview":"max-video-preview:-1"},"canonical":"https:\/\/onlinelotto365.com\/da\/vindende-numre\/mega-millioner\/","og_locale":"da_DK","og_type":"article","og_title":"Vindertal Mega Millions | Seneste resultater og pr\u00e6mier for Mega Millions","og_description":"S\u00e5dan bruger du vores websted til nemt at finde vindernumre og resultater for Mega Millions","og_url":"https:\/\/onlinelotto365.com\/da\/vindende-numre\/mega-millioner\/","og_site_name":"OnlineLotto365","og_image":[{"url":"https:\/\/redfoxlotto.com\/image?size=8&amp;lottery=mega-millions"}],"twitter_card":"summary_large_image","twitter_misc":{"Estimeret l\u00e6setid":"3 minutter"},"schema":{"@context":"https:\/\/schema.org","@graph":[{"@type":"WebPage","@id":"https:\/\/onlinelotto365.com\/da\/vindende-numre\/mega-millioner\/","url":"https:\/\/onlinelotto365.com\/da\/vindende-numre\/mega-millioner\/","name":"Vindertal Mega Millions | Seneste resultater og pr\u00e6mier for Mega Millions","isPartOf":{"@id":"https:\/\/onlinelotto365.com\/da\/#website"},"primaryImageOfPage":{"@id":"https:\/\/onlinelotto365.com\/da\/vindende-numre\/mega-millioner\/#primaryimage"},"image":{"@id":"https:\/\/onlinelotto365.com\/da\/vindende-numre\/mega-millioner\/#primaryimage"},"thumbnailUrl":"https:\/\/redfoxlotto.com\/image?size=8&amp;lottery=mega-millions","datePublished":"2022-11-15T06:20:38+00:00","dateModified":"2022-11-15T06:20:38+00:00","description":"S\u00e5dan bruger du vores websted til nemt at finde vindernumre og resultater for Mega Millions","breadcrumb":{"@id":"https:\/\/onlinelotto365.com\/da\/vindende-numre\/mega-millioner\/#breadcrumb"},"inLanguage":"da-DK","potentialAction":[{"@type":"ReadAction","target":["https:\/\/onlinelotto365.com\/da\/vindende-numre\/mega-millioner\/"]}]},{"@type":"ImageObject","inLanguage":"da-DK","@id":"https:\/\/onlinelotto365.com\/da\/vindende-numre\/mega-millioner\/#primaryimage","url":"https:\/\/redfoxlotto.com\/image?size=8&amp;lottery=mega-millions","contentUrl":"https:\/\/redfoxlotto.com\/image?size=8&amp;lottery=mega-millions"},{"@type":"BreadcrumbList","@id":"https:\/\/onlinelotto365.com\/da\/vindende-numre\/mega-millioner\/#breadcrumb","itemListElement":[{"@type":"ListItem","position":1,"name":"Home","item":"https:\/\/onlinelotto365.com\/da\/"},{"@type":"ListItem","position":2,"name":"F\u00e5 vindertal og resultater for de seneste lotteriudtr\u00e6kninger","item":"https:\/\/onlinelotto365.com\/da\/vindende-numre\/"},{"@type":"ListItem","position":3,"name":"Se de vindende Mega Millions-numre her"}]},{"@type":"WebSite","@id":"https:\/\/onlinelotto365.com\/da\/#website","url":"https:\/\/onlinelotto365.com\/da\/","name":"OnlineLotto365","description":"","potentialAction":[{"@type":"SearchAction","target":{"@type":"EntryPoint","urlTemplate":"https:\/\/onlinelotto365.com\/da\/?s={search_term_string}"},"query-input":{"@type":"PropertyValueSpecification","valueRequired":true,"valueName":"search_term_string"}}],"inLanguage":"da-DK"}]}},"_links":{"self":[{"href":"https:\/\/onlinelotto365.com\/da\/wp-json\/wp\/v2\/pages\/80127","targetHints":{"allow":["GET"]}}],"collection":[{"href":"https:\/\/onlinelotto365.com\/da\/wp-json\/wp\/v2\/pages"}],"about":[{"href":"https:\/\/onlinelotto365.com\/da\/wp-json\/wp\/v2\/types\/page"}],"author":[{"embeddable":true,"href":"https:\/\/onlinelotto365.com\/da\/wp-json\/wp\/v2\/users\/1"}],"replies":[{"embeddable":true,"href":"https:\/\/onlinelotto365.com\/da\/wp-json\/wp\/v2\/comments?post=80127"}],"version-history":[{"count":0,"href":"https:\/\/onlinelotto365.com\/da\/wp-json\/wp\/v2\/pages\/80127\/revisions"}],"up":[{"embeddable":true,"href":"https:\/\/onlinelotto365.com\/da\/wp-json\/wp\/v2\/pages\/5826"}],"wp:attachment":[{"href":"https:\/\/onlinelotto365.com\/da\/wp-json\/wp\/v2\/media?parent=80127"}],"curies":[{"name":"wp","href":"https:\/\/api.w.org\/{rel}","templated":true}]}}