{"id":80159,"date":"2022-11-15T08:12:19","date_gmt":"2022-11-15T07:12:19","guid":{"rendered":"https:\/\/onlinelotto365.com\/?page_id=80159"},"modified":"2022-11-15T08:12:19","modified_gmt":"2022-11-15T07:12:19","slug":"powerball","status":"publish","type":"page","link":"https:\/\/onlinelotto365.com\/da\/vindende-numre\/powerball\/","title":{"rendered":"Resultater af Powerball-tr\u00e6kningen"},"content":{"rendered":"<h2>Se de vindende Powerball-numre her<\/h2>\n<p>Det er nemt at finde de vindende Powerball-numre, hvis du bor i USA. Is\u00e6r ved lejligheder, hvor jackpotten er meget h\u00f8j, vil resultaterne blive sendt i nyhederne og offentliggjort i alle aviser.<br \/>\n<a href=\"https:\/\/redfoxlotto.com\/play\/powerball\/?ref=a8564250a2&amp;medium=ol365\" target=\"_blank\" rel=\"noopener noreferrer\"><img decoding=\"async\" class=\"aligncenter\" src=\"https:\/\/redfoxlotto.com\/image?size=8&amp;lottery=powerball\" alt=\"Powerball\" \/><\/a><br \/>\nMen hvad hvis du ikke bor i USA, hvordan f\u00e5r du s\u00e5 fat i Powerball vindernumrene? Hvordan finder du resultaterne og kan se, hvor meget du har vundet?<\/p>\n<h2>S\u00e5dan finder du ud af, om din online-billet har vundet<\/h2>\n<p>Tja, hvis du har k\u00f8bt en onlinebillet, er det faktisk ret nemt. G\u00e5 tilbage til vores websted, log ind med dit brugernavn og din adgangskode, og g\u00e5 derefter til den sektion, hvor din k\u00f8bslot er gemt digitalt. De numre, som du har spillet, vil blive fremh\u00e6vet i en anden farve, hvis de matcher de udtrukne numre p\u00e5 den tr\u00e6kningsdag, som du har k\u00f8bt din billet til.<\/p>\n<p>Du kan selvf\u00f8lgelig ogs\u00e5 \u00e5bne vores side med resultatoversigt og sammenligne tr\u00e6kningsresultaterne med din billet p\u00e5 den m\u00e5de. Nogle af vores kunder kan lide at udskrive deres online-lodder og derefter markere de vindende numre p\u00e5 udskriften for at se, om de har vundet.<\/p>\n<h2>Powerball-resultater arkiv<\/h2>\n<p>P\u00e5 vores oversigtsside over lotteriresultater kan du ogs\u00e5 se de vindende numre fra tidligere uger. Dette kan hj\u00e6lpe dig med din strategi med at v\u00e6lge dine heldige tal. Du kan f.eks. fors\u00f8ge at finde numre, der er l\u00e6nge overskredet, og derefter oprette en lottokupon udelukkende med disse numre.<\/p>\n<p>Eller du kan v\u00e6lge dine Powerball-vindertal ved at finde ud af, hvilke tal der er kommet oftere frem end andre tal. Mange spillere bruger en blanding af disse to metoder til at v\u00e6lge deres personlige lottotal.<\/p>\n<p>Hvis du ikke kan beslutte dig for, hvilke numre du skal v\u00e6lge til en vinderkupon, hvad med denne metode: Tjek de tidligere vindernumre for et andet lotteri med et nummerspektrum, der ligner det lotteri, du planl\u00e6gger at spille. Find en vinderkombination, som du kan lide i disse tidligere resultater, og brug derefter disse \u00e6ldre vindertal til at spille en ny Powerball-lodseddel.<\/p>\n<h2>Min kupon har vundet, hvad sker der nu?<\/h2>\n<p><img loading=\"lazy\" decoding=\"async\" class=\"size-full wp-image-50704 alignright\" src=\"https:\/\/onlinelotto365.com\/wp-content\/uploads\/2021\/01\/online_lottery-136.jpg\" alt=\"lotteri resultater\" width=\"297\" height=\"101\" \/><br \/>\nJamen, tillykke, godt for dig! Vi er selvf\u00f8lgelig altid glade, hvis en af vores kunder har en billet med den vindende Powerball-billet p\u00e5. Uanset om det er en mindre eller st\u00f8rre gevinst, tager vi os af udbetalingen for dig, naturligvis gratis!<\/p>\n<p>Gevinster p\u00e5 \u20ac2500 eller mindre &#8211; det vundne bel\u00f8b vil blive krediteret din saldo p\u00e5 vores hjemmeside. Indl\u00f8s det derfra, eller brug saldoen til at k\u00f8be flere billetter.<\/p>\n<p>Gevinster p\u00e5 mere end E2500 &#8211; vores supportteam vil hj\u00e6lpe dig med at f\u00e5 udbetalt gevinster. N\u00e5r du har indsendt nogle oplysninger om din identitet og din foretrukne betalingsmetode (bankoverf\u00f8rsel eller check), vil du modtage betalingen direkte p\u00e5 den m\u00e5de, du har valgt.<\/p>\n","protected":false},"excerpt":{"rendered":"<p>Se de vindende Powerball-numre her Det er nemt at finde de vindende Powerball-numre, hvis du bor i USA. Is\u00e6r ved lejligheder, hvor jackpotten er meget h\u00f8j, vil resultaterne blive sendt i nyhederne og offentliggjort i alle aviser. Men hvad hvis du ikke bor i USA, hvordan f\u00e5r du s\u00e5 fat i Powerball vindernumrene? Hvordan finder [&hellip;]<\/p>\n","protected":false},"author":1,"featured_media":0,"parent":5826,"menu_order":1,"comment_status":"closed","ping_status":"closed","template":"powerball-usa-info.php","meta":{"_et_pb_use_builder":"","_et_pb_old_content":"","_et_gb_content_width":"","exclude_from_search":false,"footnotes":""},"class_list":["post-80159","page","type-page","status-publish","hentry"],"yoast_head":"<!-- This site is optimized with the Yoast SEO plugin v23.4 - https:\/\/yoast.com\/wordpress\/plugins\/seo\/ -->\n<title>Powerball vindernumre | Tjek resultater og gevinster for Powerball USA<\/title>\n<meta name=\"description\" content=\"Vil du se, om din Powerball-billet er en vinder? Tjek vindernumrene p\u00e5 vores websted!\" \/>\n<meta name=\"robots\" content=\"index, follow, max-snippet:-1, max-image-preview:large, max-video-preview:-1\" \/>\n<link rel=\"canonical\" href=\"https:\/\/onlinelotto365.com\/da\/vindende-numre\/powerball\/\" \/>\n<meta property=\"og:locale\" content=\"da_DK\" \/>\n<meta property=\"og:type\" content=\"article\" \/>\n<meta property=\"og:title\" content=\"Powerball vindernumre | Tjek resultater og gevinster for Powerball USA\" \/>\n<meta property=\"og:description\" content=\"Vil du se, om din Powerball-billet er en vinder? Tjek vindernumrene p\u00e5 vores websted!\" \/>\n<meta property=\"og:url\" content=\"https:\/\/onlinelotto365.com\/da\/vindende-numre\/powerball\/\" \/>\n<meta property=\"og:site_name\" content=\"OnlineLotto365\" \/>\n<meta property=\"og:image\" content=\"https:\/\/redfoxlotto.com\/image?size=8&amp;lottery=powerball\" \/>\n<meta name=\"twitter:card\" content=\"summary_large_image\" \/>\n<meta name=\"twitter:label1\" content=\"Estimeret l\u00e6setid\" \/>\n\t<meta name=\"twitter:data1\" content=\"3 minutter\" \/>\n<script type=\"application\/ld+json\" class=\"yoast-schema-graph\">{\"@context\":\"https:\/\/schema.org\",\"@graph\":[{\"@type\":\"WebPage\",\"@id\":\"https:\/\/onlinelotto365.com\/da\/vindende-numre\/powerball\/\",\"url\":\"https:\/\/onlinelotto365.com\/da\/vindende-numre\/powerball\/\",\"name\":\"Powerball vindernumre | Tjek resultater og gevinster for Powerball USA\",\"isPartOf\":{\"@id\":\"https:\/\/onlinelotto365.com\/da\/#website\"},\"primaryImageOfPage\":{\"@id\":\"https:\/\/onlinelotto365.com\/da\/vindende-numre\/powerball\/#primaryimage\"},\"image\":{\"@id\":\"https:\/\/onlinelotto365.com\/da\/vindende-numre\/powerball\/#primaryimage\"},\"thumbnailUrl\":\"https:\/\/redfoxlotto.com\/image?size=8&amp;lottery=powerball\",\"datePublished\":\"2022-11-15T07:12:19+00:00\",\"dateModified\":\"2022-11-15T07:12:19+00:00\",\"description\":\"Vil du se, om din Powerball-billet er en vinder? Tjek vindernumrene p\u00e5 vores websted!\",\"breadcrumb\":{\"@id\":\"https:\/\/onlinelotto365.com\/da\/vindende-numre\/powerball\/#breadcrumb\"},\"inLanguage\":\"da-DK\",\"potentialAction\":[{\"@type\":\"ReadAction\",\"target\":[\"https:\/\/onlinelotto365.com\/da\/vindende-numre\/powerball\/\"]}]},{\"@type\":\"ImageObject\",\"inLanguage\":\"da-DK\",\"@id\":\"https:\/\/onlinelotto365.com\/da\/vindende-numre\/powerball\/#primaryimage\",\"url\":\"https:\/\/redfoxlotto.com\/image?size=8&amp;lottery=powerball\",\"contentUrl\":\"https:\/\/redfoxlotto.com\/image?size=8&amp;lottery=powerball\"},{\"@type\":\"BreadcrumbList\",\"@id\":\"https:\/\/onlinelotto365.com\/da\/vindende-numre\/powerball\/#breadcrumb\",\"itemListElement\":[{\"@type\":\"ListItem\",\"position\":1,\"name\":\"Home\",\"item\":\"https:\/\/onlinelotto365.com\/da\/\"},{\"@type\":\"ListItem\",\"position\":2,\"name\":\"F\u00e5 vindertal og resultater for de seneste lotteriudtr\u00e6kninger\",\"item\":\"https:\/\/onlinelotto365.com\/da\/vindende-numre\/\"},{\"@type\":\"ListItem\",\"position\":3,\"name\":\"Resultater af Powerball-tr\u00e6kningen\"}]},{\"@type\":\"WebSite\",\"@id\":\"https:\/\/onlinelotto365.com\/da\/#website\",\"url\":\"https:\/\/onlinelotto365.com\/da\/\",\"name\":\"OnlineLotto365\",\"description\":\"\",\"potentialAction\":[{\"@type\":\"SearchAction\",\"target\":{\"@type\":\"EntryPoint\",\"urlTemplate\":\"https:\/\/onlinelotto365.com\/da\/?s={search_term_string}\"},\"query-input\":{\"@type\":\"PropertyValueSpecification\",\"valueRequired\":true,\"valueName\":\"search_term_string\"}}],\"inLanguage\":\"da-DK\"}]}<\/script>\n<!-- \/ Yoast SEO plugin. -->","yoast_head_json":{"title":"Powerball vindernumre | Tjek resultater og gevinster for Powerball USA","description":"Vil du se, om din Powerball-billet er en vinder? Tjek vindernumrene p\u00e5 vores websted!","robots":{"index":"index","follow":"follow","max-snippet":"max-snippet:-1","max-image-preview":"max-image-preview:large","max-video-preview":"max-video-preview:-1"},"canonical":"https:\/\/onlinelotto365.com\/da\/vindende-numre\/powerball\/","og_locale":"da_DK","og_type":"article","og_title":"Powerball vindernumre | Tjek resultater og gevinster for Powerball USA","og_description":"Vil du se, om din Powerball-billet er en vinder? Tjek vindernumrene p\u00e5 vores websted!","og_url":"https:\/\/onlinelotto365.com\/da\/vindende-numre\/powerball\/","og_site_name":"OnlineLotto365","og_image":[{"url":"https:\/\/redfoxlotto.com\/image?size=8&amp;lottery=powerball"}],"twitter_card":"summary_large_image","twitter_misc":{"Estimeret l\u00e6setid":"3 minutter"},"schema":{"@context":"https:\/\/schema.org","@graph":[{"@type":"WebPage","@id":"https:\/\/onlinelotto365.com\/da\/vindende-numre\/powerball\/","url":"https:\/\/onlinelotto365.com\/da\/vindende-numre\/powerball\/","name":"Powerball vindernumre | Tjek resultater og gevinster for Powerball USA","isPartOf":{"@id":"https:\/\/onlinelotto365.com\/da\/#website"},"primaryImageOfPage":{"@id":"https:\/\/onlinelotto365.com\/da\/vindende-numre\/powerball\/#primaryimage"},"image":{"@id":"https:\/\/onlinelotto365.com\/da\/vindende-numre\/powerball\/#primaryimage"},"thumbnailUrl":"https:\/\/redfoxlotto.com\/image?size=8&amp;lottery=powerball","datePublished":"2022-11-15T07:12:19+00:00","dateModified":"2022-11-15T07:12:19+00:00","description":"Vil du se, om din Powerball-billet er en vinder? Tjek vindernumrene p\u00e5 vores websted!","breadcrumb":{"@id":"https:\/\/onlinelotto365.com\/da\/vindende-numre\/powerball\/#breadcrumb"},"inLanguage":"da-DK","potentialAction":[{"@type":"ReadAction","target":["https:\/\/onlinelotto365.com\/da\/vindende-numre\/powerball\/"]}]},{"@type":"ImageObject","inLanguage":"da-DK","@id":"https:\/\/onlinelotto365.com\/da\/vindende-numre\/powerball\/#primaryimage","url":"https:\/\/redfoxlotto.com\/image?size=8&amp;lottery=powerball","contentUrl":"https:\/\/redfoxlotto.com\/image?size=8&amp;lottery=powerball"},{"@type":"BreadcrumbList","@id":"https:\/\/onlinelotto365.com\/da\/vindende-numre\/powerball\/#breadcrumb","itemListElement":[{"@type":"ListItem","position":1,"name":"Home","item":"https:\/\/onlinelotto365.com\/da\/"},{"@type":"ListItem","position":2,"name":"F\u00e5 vindertal og resultater for de seneste lotteriudtr\u00e6kninger","item":"https:\/\/onlinelotto365.com\/da\/vindende-numre\/"},{"@type":"ListItem","position":3,"name":"Resultater af Powerball-tr\u00e6kningen"}]},{"@type":"WebSite","@id":"https:\/\/onlinelotto365.com\/da\/#website","url":"https:\/\/onlinelotto365.com\/da\/","name":"OnlineLotto365","description":"","potentialAction":[{"@type":"SearchAction","target":{"@type":"EntryPoint","urlTemplate":"https:\/\/onlinelotto365.com\/da\/?s={search_term_string}"},"query-input":{"@type":"PropertyValueSpecification","valueRequired":true,"valueName":"search_term_string"}}],"inLanguage":"da-DK"}]}},"_links":{"self":[{"href":"https:\/\/onlinelotto365.com\/da\/wp-json\/wp\/v2\/pages\/80159","targetHints":{"allow":["GET"]}}],"collection":[{"href":"https:\/\/onlinelotto365.com\/da\/wp-json\/wp\/v2\/pages"}],"about":[{"href":"https:\/\/onlinelotto365.com\/da\/wp-json\/wp\/v2\/types\/page"}],"author":[{"embeddable":true,"href":"https:\/\/onlinelotto365.com\/da\/wp-json\/wp\/v2\/users\/1"}],"replies":[{"embeddable":true,"href":"https:\/\/onlinelotto365.com\/da\/wp-json\/wp\/v2\/comments?post=80159"}],"version-history":[{"count":0,"href":"https:\/\/onlinelotto365.com\/da\/wp-json\/wp\/v2\/pages\/80159\/revisions"}],"up":[{"embeddable":true,"href":"https:\/\/onlinelotto365.com\/da\/wp-json\/wp\/v2\/pages\/5826"}],"wp:attachment":[{"href":"https:\/\/onlinelotto365.com\/da\/wp-json\/wp\/v2\/media?parent=80159"}],"curies":[{"name":"wp","href":"https:\/\/api.w.org\/{rel}","templated":true}]}}