{"id":80188,"date":"2022-11-15T09:27:48","date_gmt":"2022-11-15T08:27:48","guid":{"rendered":"https:\/\/onlinelotto365.com\/?page_id=80188"},"modified":"2022-11-15T09:27:48","modified_gmt":"2022-11-15T08:27:48","slug":"eurojackpot","status":"publish","type":"page","link":"https:\/\/onlinelotto365.com\/da\/koebe-billetter\/eurojackpot\/","title":{"rendered":"S\u00e5dan k\u00f8ber du Eurojackpot-billetter online"},"content":{"rendered":"<p>Hvis du undrer dig over, hvordan du k\u00f8ber dine Eurojackpot-billetter online, har vi beskrevet processen i enkle trin. Men faktisk vil vores hjemmeside guide dig gennem hele processen. Vi har fors\u00f8gt at holde det s\u00e5 enkelt som muligt.<\/p>\n<ul>\n<li>N\u00e5r du er p\u00e5 Eurojackpot-siden, skal du v\u00e6lge dine numre eller lade computeren v\u00e6lge numre for dig<\/li>\n<li>Du kan tilf\u00f8je flere lotterier og flere lodder til din bestilling, hvis du \u00f8nsker det<\/li>\n<li>Klik p\u00e5 betal nu<\/li>\n<li>Registrer din konto p\u00e5 vores websted (hvis du allerede har gjort det, kan du springe dette trin over og blot logge ind p\u00e5 din eksisterende konto<\/li>\n<li>Hvis du registrerer en ny konto, skal du tjekke din e-mailindbakke for at finde beskeden med bekr\u00e6ftelseslinket<\/li>\n<li>Hvis du ikke kan finde e-mailen, skal du kigge i din spam-boks, den kan v\u00e6re havnet der<\/li>\n<li>Klik p\u00e5 symbolet med indk\u00f8bskurven<\/li>\n<li>V\u00e6lg en betalingsmetode, klik p\u00e5 for at betale, og f\u00f8lg betalingsinstruktionerne.<\/li>\n<\/ul>\n<h2>S\u00e5dan betaler du for din Eurojackpot-billet online<\/h2>\n<p>Der omr\u00e5de antal sikre betalingsmetoder til r\u00e5dighed for vores kunder. V\u00e6lg den metode, der er praktisk for dig.<br \/>\n<a href=\"https:\/\/redfoxlotto.com\/play\/eurojackpot\/?ref=a8564250a2&amp;medium=ol365\" target=\"_blank\" rel=\"noopener noreferrer\"><img decoding=\"async\" class=\"aligncenter\" src=\"https:\/\/redfoxlotto.com\/image?size=8&amp;lottery=eurojackpot\" alt=\"eurojackpot\" \/><\/a><br \/>\nDu kan k\u00f8be dine billetter online og betale for dem p\u00e5 to m\u00e5der:<\/p>\n<ul>\n<li>Betal direkte for din ordre<\/li>\n<li>Indbetal penge til din spillerkonto, og brug derefter din saldo til at k\u00f8be lottokuponer<\/li>\n<\/ul>\n<p>Hvis du bruger den anden metode, skal du s\u00f8rge for, at bel\u00f8bet p\u00e5 din saldo er h\u00f8jere end bel\u00f8bet for billetbestillingen.<\/p>\n<h2>Mere info om Eurojackpot<\/h2>\n<ul>\n<li>Land: Diverse europ\u00e6iske lande<\/li>\n<li>Hovedtalsomr\u00e5de: 50<\/li>\n<li>Du v\u00e6lger: 5<\/li>\n<li>Ekstra numre: 10<\/li>\n<li>Du v\u00e6lger: 2<\/li>\n<li>Tr\u00e6kningsdage, timer: fredag, 21:00 CET, 21:00 CET<\/li>\n<li>Mindste jackpot: 10 mio. EUR<\/li>\n<li>Maksimal jackpot: 90 mio. EUR<\/li>\n<li>Sandsynlighed for at vinde jackpotten: 1 ud af 135.600.640<\/li>\n<li>Sandsynlighed for en gevinst p\u00e5 niveau 2: 1 ud af 2.118.760<\/li>\n<li>Sandsynlighed for at vinde i et hvilket som helst niveau: 1 p\u00e5 26,39<\/li>\n<li>Antal gevinstniveauer: 12<\/li>\n<\/ul>\n<h2>Fordele ved at k\u00f8be Eurojackpot-billetter online<\/h2>\n<ul>\n<li>du kan k\u00f8be dine billetter hjemmefra<\/li>\n<li>et st\u00f8rre udvalg af lotterier<\/li>\n<li>du forbedrer dine vinderchancer ved at v\u00e6lge det lotteri med de h\u00f8jeste jackpots<\/li>\n<li>mulighed for at indbetale penge f\u00f8rst og derefter betale med din saldo<\/li>\n<li>aldrig miste en billet igen<\/li>\n<li>f\u00e5 besked, n\u00e5r du vinder<\/li>\n<li>mulighed for hurtig valg med en generator af tilf\u00e6ldige numre<\/li>\n<li>Er det lovligt at k\u00f8be Eurojackpot-lodder online?<\/li>\n<\/ul>\n<p>Du beh\u00f8ver ikke at bekymre dig om, hvorvidt det er lovligt at k\u00f8be lottokuponer online eller p\u00e5 traditionel vis i dit bop\u00e6lsland. Samtidig beh\u00f8ver du ikke at bekymre dig om, hvorvidt det er lovligt at bruge vores service, hvad ang\u00e5r reglerne i det land, hvor lotteriet afholdes. Den m\u00e5de, vi driver vores tjeneste p\u00e5, er udformet s\u00e5ledes, at du er garanteret at blive betalt, selv hvis du vinder en jackpot.<\/p>\n<p>Du skal v\u00e6re mindst 18 \u00e5r for at bruge vores tjeneste.<\/p>\n<h2>Hvordan bliver jeg betalt, hvis jeg vinder Eurojackpot online?<\/h2>\n<p><img loading=\"lazy\" decoding=\"async\" class=\"alignright wp-image-1246\" src=\"https:\/\/onlinelotto365.com\/wp-content\/uploads\/2020\/11\/online_lottery-106.jpg\" alt=\"k\u00f8b eurojackpot online\" width=\"302\" height=\"181\" \/><br \/>\nUdbetaling af gevinster er en vigtig del af vores service over for vores kunder. Det er vigtigt for dig at vide, at vi ikke tr\u00e6kker nogen form for provision fra dine lotterigevinster. Der kan kun v\u00e6re et meget lille gebyr i \u00e9n situation, og det er hvis du beslutter dig for at blive betalt via en bankoverf\u00f8rsel. Dette er ca. hvad banken opkr\u00e6ver af os, og vi taler om m\u00e5ske $5 pr. overf\u00f8rsel her, hvis det er en international overf\u00f8rsel.<\/p>\n<p>Der er to forskellige situationer for udbetalingen:<\/p>\n<ul>\n<li>Du vinder et bel\u00f8b p\u00e5 \u20ac2500 eller mindre. I dette tilf\u00e6lde vil det vundne bel\u00f8b blive krediteret til din spillerkonto hos os.<\/li>\n<li>Du vinder et bel\u00f8b p\u00e5 mere end \u20ac2500. I dette tilf\u00e6lde sender vi dig en e-mail med en formular, som du skal udfylde. Du bestemmer selv, hvordan du \u00f8nsker at blive betalt. I dette tilf\u00e6lde er bankoverf\u00f8rsel og check de eneste muligheder. Vi behandler anmodningen for dig, og et par dage senere vil du have pengene p\u00e5 din bankkonto, eller du vil modtage en check.<\/li>\n<\/ul>\n","protected":false},"excerpt":{"rendered":"<p>Hvis du undrer dig over, hvordan du k\u00f8ber dine Eurojackpot-billetter online, har vi beskrevet processen i enkle trin. Men faktisk vil vores hjemmeside guide dig gennem hele processen. Vi har fors\u00f8gt at holde det s\u00e5 enkelt som muligt. N\u00e5r du er p\u00e5 Eurojackpot-siden, skal du v\u00e6lge dine numre eller lade computeren v\u00e6lge numre for dig [&hellip;]<\/p>\n","protected":false},"author":1,"featured_media":0,"parent":5567,"menu_order":4,"comment_status":"closed","ping_status":"closed","template":"eurojackpot-info.php","meta":{"_et_pb_use_builder":"","_et_pb_old_content":"","_et_gb_content_width":"","exclude_from_search":false,"footnotes":""},"class_list":["post-80188","page","type-page","status-publish","hentry"],"yoast_head":"<!-- This site is optimized with the Yoast SEO plugin v23.4 - https:\/\/yoast.com\/wordpress\/plugins\/seo\/ -->\n<title>K\u00f8b billetter til Eurojackpot online fra Danmark| Eurojackpot info, hvordan man k\u00f8ber billetter<\/title>\n<meta name=\"description\" content=\"Bor du i Danmark, men \u00f8nsker at k\u00f8be billetter til Eurojackpot? K\u00f8b dem online her!\" \/>\n<meta name=\"robots\" content=\"index, follow, max-snippet:-1, max-image-preview:large, max-video-preview:-1\" \/>\n<link rel=\"canonical\" href=\"https:\/\/onlinelotto365.com\/da\/koebe-billetter\/eurojackpot\/\" \/>\n<meta property=\"og:locale\" content=\"da_DK\" \/>\n<meta property=\"og:type\" content=\"article\" \/>\n<meta property=\"og:title\" content=\"K\u00f8b billetter til Eurojackpot online fra Danmark| Eurojackpot info, hvordan man k\u00f8ber billetter\" \/>\n<meta property=\"og:description\" content=\"Bor du i Danmark, men \u00f8nsker at k\u00f8be billetter til Eurojackpot? K\u00f8b dem online her!\" \/>\n<meta property=\"og:url\" content=\"https:\/\/onlinelotto365.com\/da\/koebe-billetter\/eurojackpot\/\" \/>\n<meta property=\"og:site_name\" content=\"OnlineLotto365\" \/>\n<meta property=\"og:image\" content=\"https:\/\/redfoxlotto.com\/image?size=8&amp;lottery=eurojackpot\" \/>\n<meta name=\"twitter:card\" content=\"summary_large_image\" \/>\n<meta name=\"twitter:label1\" content=\"Estimeret l\u00e6setid\" \/>\n\t<meta name=\"twitter:data1\" content=\"4 minutter\" \/>\n<script type=\"application\/ld+json\" class=\"yoast-schema-graph\">{\"@context\":\"https:\/\/schema.org\",\"@graph\":[{\"@type\":\"WebPage\",\"@id\":\"https:\/\/onlinelotto365.com\/da\/koebe-billetter\/eurojackpot\/\",\"url\":\"https:\/\/onlinelotto365.com\/da\/koebe-billetter\/eurojackpot\/\",\"name\":\"K\u00f8b billetter til Eurojackpot online fra Danmark| Eurojackpot info, hvordan man k\u00f8ber billetter\",\"isPartOf\":{\"@id\":\"https:\/\/onlinelotto365.com\/da\/#website\"},\"primaryImageOfPage\":{\"@id\":\"https:\/\/onlinelotto365.com\/da\/koebe-billetter\/eurojackpot\/#primaryimage\"},\"image\":{\"@id\":\"https:\/\/onlinelotto365.com\/da\/koebe-billetter\/eurojackpot\/#primaryimage\"},\"thumbnailUrl\":\"https:\/\/redfoxlotto.com\/image?size=8&amp;lottery=eurojackpot\",\"datePublished\":\"2022-11-15T08:27:48+00:00\",\"dateModified\":\"2022-11-15T08:27:48+00:00\",\"description\":\"Bor du i Danmark, men \u00f8nsker at k\u00f8be billetter til Eurojackpot? K\u00f8b dem online her!\",\"breadcrumb\":{\"@id\":\"https:\/\/onlinelotto365.com\/da\/koebe-billetter\/eurojackpot\/#breadcrumb\"},\"inLanguage\":\"da-DK\",\"potentialAction\":[{\"@type\":\"ReadAction\",\"target\":[\"https:\/\/onlinelotto365.com\/da\/koebe-billetter\/eurojackpot\/\"]}]},{\"@type\":\"ImageObject\",\"inLanguage\":\"da-DK\",\"@id\":\"https:\/\/onlinelotto365.com\/da\/koebe-billetter\/eurojackpot\/#primaryimage\",\"url\":\"https:\/\/redfoxlotto.com\/image?size=8&amp;lottery=eurojackpot\",\"contentUrl\":\"https:\/\/redfoxlotto.com\/image?size=8&amp;lottery=eurojackpot\"},{\"@type\":\"BreadcrumbList\",\"@id\":\"https:\/\/onlinelotto365.com\/da\/koebe-billetter\/eurojackpot\/#breadcrumb\",\"itemListElement\":[{\"@type\":\"ListItem\",\"position\":1,\"name\":\"Home\",\"item\":\"https:\/\/onlinelotto365.com\/da\/\"},{\"@type\":\"ListItem\",\"position\":2,\"name\":\"At spille verdensomsp\u00e6ndende Lotto\",\"item\":\"https:\/\/onlinelotto365.com\/da\/buy-tickets\/\"},{\"@type\":\"ListItem\",\"position\":3,\"name\":\"S\u00e5dan k\u00f8ber du Eurojackpot-billetter online\"}]},{\"@type\":\"WebSite\",\"@id\":\"https:\/\/onlinelotto365.com\/da\/#website\",\"url\":\"https:\/\/onlinelotto365.com\/da\/\",\"name\":\"OnlineLotto365\",\"description\":\"\",\"potentialAction\":[{\"@type\":\"SearchAction\",\"target\":{\"@type\":\"EntryPoint\",\"urlTemplate\":\"https:\/\/onlinelotto365.com\/da\/?s={search_term_string}\"},\"query-input\":{\"@type\":\"PropertyValueSpecification\",\"valueRequired\":true,\"valueName\":\"search_term_string\"}}],\"inLanguage\":\"da-DK\"}]}<\/script>\n<!-- \/ Yoast SEO plugin. -->","yoast_head_json":{"title":"K\u00f8b billetter til Eurojackpot online fra Danmark| Eurojackpot info, hvordan man k\u00f8ber billetter","description":"Bor du i Danmark, men \u00f8nsker at k\u00f8be billetter til Eurojackpot? K\u00f8b dem online her!","robots":{"index":"index","follow":"follow","max-snippet":"max-snippet:-1","max-image-preview":"max-image-preview:large","max-video-preview":"max-video-preview:-1"},"canonical":"https:\/\/onlinelotto365.com\/da\/koebe-billetter\/eurojackpot\/","og_locale":"da_DK","og_type":"article","og_title":"K\u00f8b billetter til Eurojackpot online fra Danmark| Eurojackpot info, hvordan man k\u00f8ber billetter","og_description":"Bor du i Danmark, men \u00f8nsker at k\u00f8be billetter til Eurojackpot? K\u00f8b dem online her!","og_url":"https:\/\/onlinelotto365.com\/da\/koebe-billetter\/eurojackpot\/","og_site_name":"OnlineLotto365","og_image":[{"url":"https:\/\/redfoxlotto.com\/image?size=8&amp;lottery=eurojackpot"}],"twitter_card":"summary_large_image","twitter_misc":{"Estimeret l\u00e6setid":"4 minutter"},"schema":{"@context":"https:\/\/schema.org","@graph":[{"@type":"WebPage","@id":"https:\/\/onlinelotto365.com\/da\/koebe-billetter\/eurojackpot\/","url":"https:\/\/onlinelotto365.com\/da\/koebe-billetter\/eurojackpot\/","name":"K\u00f8b billetter til Eurojackpot online fra Danmark| Eurojackpot info, hvordan man k\u00f8ber billetter","isPartOf":{"@id":"https:\/\/onlinelotto365.com\/da\/#website"},"primaryImageOfPage":{"@id":"https:\/\/onlinelotto365.com\/da\/koebe-billetter\/eurojackpot\/#primaryimage"},"image":{"@id":"https:\/\/onlinelotto365.com\/da\/koebe-billetter\/eurojackpot\/#primaryimage"},"thumbnailUrl":"https:\/\/redfoxlotto.com\/image?size=8&amp;lottery=eurojackpot","datePublished":"2022-11-15T08:27:48+00:00","dateModified":"2022-11-15T08:27:48+00:00","description":"Bor du i Danmark, men \u00f8nsker at k\u00f8be billetter til Eurojackpot? K\u00f8b dem online her!","breadcrumb":{"@id":"https:\/\/onlinelotto365.com\/da\/koebe-billetter\/eurojackpot\/#breadcrumb"},"inLanguage":"da-DK","potentialAction":[{"@type":"ReadAction","target":["https:\/\/onlinelotto365.com\/da\/koebe-billetter\/eurojackpot\/"]}]},{"@type":"ImageObject","inLanguage":"da-DK","@id":"https:\/\/onlinelotto365.com\/da\/koebe-billetter\/eurojackpot\/#primaryimage","url":"https:\/\/redfoxlotto.com\/image?size=8&amp;lottery=eurojackpot","contentUrl":"https:\/\/redfoxlotto.com\/image?size=8&amp;lottery=eurojackpot"},{"@type":"BreadcrumbList","@id":"https:\/\/onlinelotto365.com\/da\/koebe-billetter\/eurojackpot\/#breadcrumb","itemListElement":[{"@type":"ListItem","position":1,"name":"Home","item":"https:\/\/onlinelotto365.com\/da\/"},{"@type":"ListItem","position":2,"name":"At spille verdensomsp\u00e6ndende Lotto","item":"https:\/\/onlinelotto365.com\/da\/buy-tickets\/"},{"@type":"ListItem","position":3,"name":"S\u00e5dan k\u00f8ber du Eurojackpot-billetter online"}]},{"@type":"WebSite","@id":"https:\/\/onlinelotto365.com\/da\/#website","url":"https:\/\/onlinelotto365.com\/da\/","name":"OnlineLotto365","description":"","potentialAction":[{"@type":"SearchAction","target":{"@type":"EntryPoint","urlTemplate":"https:\/\/onlinelotto365.com\/da\/?s={search_term_string}"},"query-input":{"@type":"PropertyValueSpecification","valueRequired":true,"valueName":"search_term_string"}}],"inLanguage":"da-DK"}]}},"_links":{"self":[{"href":"https:\/\/onlinelotto365.com\/da\/wp-json\/wp\/v2\/pages\/80188","targetHints":{"allow":["GET"]}}],"collection":[{"href":"https:\/\/onlinelotto365.com\/da\/wp-json\/wp\/v2\/pages"}],"about":[{"href":"https:\/\/onlinelotto365.com\/da\/wp-json\/wp\/v2\/types\/page"}],"author":[{"embeddable":true,"href":"https:\/\/onlinelotto365.com\/da\/wp-json\/wp\/v2\/users\/1"}],"replies":[{"embeddable":true,"href":"https:\/\/onlinelotto365.com\/da\/wp-json\/wp\/v2\/comments?post=80188"}],"version-history":[{"count":0,"href":"https:\/\/onlinelotto365.com\/da\/wp-json\/wp\/v2\/pages\/80188\/revisions"}],"up":[{"embeddable":true,"href":"https:\/\/onlinelotto365.com\/da\/wp-json\/wp\/v2\/pages\/5567"}],"wp:attachment":[{"href":"https:\/\/onlinelotto365.com\/da\/wp-json\/wp\/v2\/media?parent=80188"}],"curies":[{"name":"wp","href":"https:\/\/api.w.org\/{rel}","templated":true}]}}