{"id":80208,"date":"2022-11-15T10:59:37","date_gmt":"2022-11-15T09:59:37","guid":{"rendered":"https:\/\/onlinelotto365.com\/?page_id=80208"},"modified":"2022-11-15T10:59:37","modified_gmt":"2022-11-15T09:59:37","slug":"superenalotto","status":"publish","type":"page","link":"https:\/\/onlinelotto365.com\/da\/koebe-billetter\/superenalotto\/","title":{"rendered":"S\u00e5dan k\u00f8ber du Superenalotto billetter online"},"content":{"rendered":"<p>Er du interesseret i at k\u00f8be Superenalotto billetter online fra Danmark, men er du ikke sikker p\u00e5, hvordan du g\u00f8r det? S\u00e5 er du kommet til det rette sted, for vi tager os af det for dig. Alt du skal g\u00f8re er at f\u00f8lge de enkle trin, som vi vil diskutere nedenfor, og du vil hurtigt f\u00e5 dine billetter.<br \/>\n<a href=\"https:\/\/redfoxlotto.com\/play\/superenalotto\/?ref=a8564250a2&amp;medium=ol365\" target=\"_blank\" rel=\"noopener noreferrer\"><img decoding=\"async\" class=\"aligncenter\" src=\"https:\/\/redfoxlotto.com\/image?size=8&amp;lottery=superenalotto\" alt=\"superenalotto\" \/><\/a><\/p>\n<ul>\n<li>V\u00e6lg det lotterispil, som du vil k\u00f8be billetter til, og v\u00e6lg de numre, du vil spille, eller v\u00e6lg quick pick-muligheden for at lade computeren v\u00e6lge for dig<\/li>\n<li>Tilf\u00f8j yderligere lodder eller yderligere lotterier for at oprette din ordre<\/li>\n<li>V\u00e6lg muligheden for at betale nu<\/li>\n<li>Opret en konto hos os eller log ind p\u00e5 din konto for at k\u00f8be dine lodder<\/li>\n<li>De, der skal registrere en konto, skal kigge efter et bekr\u00e6ftelseslink i deres e-mail for at sikre sig, at deres konto er helt oprettet<\/li>\n<li>Husk, at linket kan ryge ind i din spam-mappe, hvis vores e-mailadresse ikke er tilf\u00f8jet til din adressebog, s\u00e5 s\u00f8rg for at dobbelttjekke<\/li>\n<li>V\u00e6lg betalingsikonet \u00f8verst p\u00e5 din sk\u00e6rm<\/li>\n<li>V\u00e6lg din betalingsmetode, og f\u00f8lg instruktionerne for at gennemf\u00f8re betalingsprocessen<\/li>\n<\/ul>\n<h2>S\u00e5dan betaler du for din Superenalotto billet online<\/h2>\n<p>Vi g\u00f8r det nemt at betale for din Superenalotto billet fra Danmark<br \/>\ns\u00e5 enkelt som muligt ved at tilbyde en bred vifte af forskellige betalingsmetoder. Du skal blot v\u00e6lge den, du foretr\u00e6kker, og s\u00e5 er du p\u00e5 vej i l\u00f8bet af ingen tid.<\/p>\n<p>N\u00e5r du er klar til at k\u00f8be dine billetter online, skal du blot v\u00e6lge mellem:<\/p>\n<ul>\n<li>Brug en foretrukken betalingsmetode til at betale for billetter direkte<\/li>\n<li>Inds\u00e6tte penge p\u00e5 din konto og bruge disse penge til at k\u00f8be dine billetter<\/li>\n<\/ul>\n<p>Du skal blot s\u00f8rge for, at du indbetaler mere end det bel\u00f8b, du skal bruge til dine billetter, p\u00e5 din konto, hvis du v\u00e6lger at betale p\u00e5 denne m\u00e5de.<\/p>\n<h2>Mere info om Superenalotto<\/h2>\n<ul>\n<li>Land: Italien<\/li>\n<li>Hovednummersortiment: 90<\/li>\n<li>Du v\u00e6lger: 6<\/li>\n<li>Tr\u00e6k dage, timer: Tirsdag, torsdag, l\u00f8rdag, kl. 19:00 GMT, 21:00 CET<\/li>\n<li>Mindste jackpot: 2 mio. EUR<\/li>\n<li>Maksimal jackpot: ingen<\/li>\n<li>Sandsynlighed for at vinde jackpotten: 1 ud af 622614630<\/li>\n<li>Sandsynlighed for en gevinst p\u00e5 niveau 2: 1 ud af 103769105<\/li>\n<li>Sandsynlighed for at vinde i et hvilket som helst niveau: 1 ud af 20,58<\/li>\n<li>Antal gevinstniveauer: 6<\/li>\n<\/ul>\n<h2>Fordele ved at k\u00f8be Superenalotto billetter online<\/h2>\n<ul>\n<li>Billetk\u00f8b sker fra det sted, hvor du har det bedst, ogs\u00e5 i Danmark<\/li>\n<li>Du kan v\u00e6lge mellem flere forskellige lotterier<\/li>\n<li>F\u00e5 de bedste chancer for at vinde lotterier, der har de bedste jackpots<\/li>\n<li>Inds\u00e6t penge p\u00e5 din konto for at betale direkte for billetter<\/li>\n<li>Ingen bekymringer om at miste din billet<\/li>\n<li>\u00d8jeblikkelige notifikationer, n\u00e5r du vinder<\/li>\n<li>Tilf\u00e6ldig nummergenerator til hurtige valg af billetter<\/li>\n<\/ul>\n<h2>Er det lovligt at k\u00f8be Superenalotto billetter online?<\/h2>\n<p>Hvad hvis du er bekymret for lovligheden af at k\u00f8be dine lottokuponer online? Eller endda p\u00e5 en traditionel m\u00e5de? Hvis dit bop\u00e6lsland har nogle strenge love, er du m\u00e5ske bekymret, men det beh\u00f8ver du ikke at v\u00e6re. Vores service f\u00f8lger nemlig reglerne og s\u00f8rger for, at du f\u00e5r din gevinst, uanset hvor meget du vinder, og uanset hvor du bor. Du skal blot v\u00e6re 18 \u00e5r gammel for at bruge tjenesten.<\/p>\n<h2>Hvordan bliver jeg betalt, hvis jeg vinder Superenalotto online?<\/h2>\n<p><img loading=\"lazy\" decoding=\"async\" class=\"alignright size-medium wp-image-3615\" src=\"https:\/\/onlinelotto365.com\/wp-content\/uploads\/2020\/11\/online_lottery-52-300x169.jpg\" alt=\"spille superenalotto online UK\" width=\"300\" height=\"169\" srcset=\"https:\/\/onlinelotto365.com\/wp-content\/uploads\/2020\/11\/online_lottery-52-300x169.jpg 300w, https:\/\/onlinelotto365.com\/wp-content\/uploads\/2020\/11\/online_lottery-52.jpg 462w\" sizes=\"auto, (max-width: 300px) 100vw, 300px\" \/><br \/>\nHvis du vinder, er betalingsprocessen nem, fordi du skal g\u00f8re meget lidt. Og du beh\u00f8ver heller ikke at bekymre dig om at miste noget af din gevinst. Vi tager ikke provision, n\u00e5r du vinder, og vi opkr\u00e6ver ingen gebyrer, medmindre du v\u00e6lger at f\u00e5 gennemf\u00f8rt en bankoverf\u00f8rsel. I s\u00e5 fald, hvis banken opkr\u00e6ver os gebyrer for overf\u00f8rslen, s\u00e5 sender vi disse gebyrer videre, og du kan se et lille bel\u00f8b blive trukket fra din gevinst.<\/p>\n<p><strong>Ellers er der to ting, du skal vide:<\/strong><\/p>\n<ul>\n<li>Bel\u00f8b, der er vundet, og som er under 2.500 \u20ac, bliver straks sat direkte ind p\u00e5 din spillerkonto, s\u00e5 du kan bruge dem, som du vil.<\/li>\n<li>Bel\u00f8b, der er over \u20ac2500, kr\u00e6ver et ekstra trin. Du vil blive kontaktet af vores supportteam med en formular, som du skal udfylde til lotterikommissionen. I formularen vil du beskrive, hvordan du \u00f8nsker, at dine betalinger skal foretages, og du vil kunne f\u00e5 en bankoverf\u00f8rsel eller en check p\u00e5 det bel\u00f8b, du har vundet.<\/li>\n<\/ul>\n","protected":false},"excerpt":{"rendered":"<p>Er du interesseret i at k\u00f8be Superenalotto billetter online fra Danmark, men er du ikke sikker p\u00e5, hvordan du g\u00f8r det? S\u00e5 er du kommet til det rette sted, for vi tager os af det for dig. Alt du skal g\u00f8re er at f\u00f8lge de enkle trin, som vi vil diskutere nedenfor, og du vil [&hellip;]<\/p>\n","protected":false},"author":1,"featured_media":0,"parent":5567,"menu_order":5,"comment_status":"closed","ping_status":"closed","template":"superenalotto-info.php","meta":{"_et_pb_use_builder":"","_et_pb_old_content":"","_et_gb_content_width":"","exclude_from_search":false,"footnotes":""},"class_list":["post-80208","page","type-page","status-publish","hentry"],"yoast_head":"<!-- This site is optimized with the Yoast SEO plugin v23.4 - https:\/\/yoast.com\/wordpress\/plugins\/seo\/ -->\n<title>Om at k\u00f8be billetter til Superenalotto online fra Danmark<\/title>\n<meta name=\"description\" content=\"Find ud af, hvordan du k\u00f8ber Superenalotto billetter fra alle steder, inklusive Danmark\" \/>\n<meta name=\"robots\" content=\"index, follow, max-snippet:-1, max-image-preview:large, max-video-preview:-1\" \/>\n<link rel=\"canonical\" href=\"https:\/\/onlinelotto365.com\/da\/koebe-billetter\/superenalotto\/\" \/>\n<meta property=\"og:locale\" content=\"da_DK\" \/>\n<meta property=\"og:type\" content=\"article\" \/>\n<meta property=\"og:title\" content=\"Om at k\u00f8be billetter til Superenalotto online fra Danmark\" \/>\n<meta property=\"og:description\" content=\"Find ud af, hvordan du k\u00f8ber Superenalotto billetter fra alle steder, inklusive Danmark\" \/>\n<meta property=\"og:url\" content=\"https:\/\/onlinelotto365.com\/da\/koebe-billetter\/superenalotto\/\" \/>\n<meta property=\"og:site_name\" content=\"OnlineLotto365\" \/>\n<meta property=\"og:image\" content=\"https:\/\/redfoxlotto.com\/image?size=8&amp;lottery=superenalotto\" \/>\n<meta name=\"twitter:card\" content=\"summary_large_image\" \/>\n<meta name=\"twitter:label1\" content=\"Estimeret l\u00e6setid\" \/>\n\t<meta name=\"twitter:data1\" content=\"4 minutter\" \/>\n<script type=\"application\/ld+json\" class=\"yoast-schema-graph\">{\"@context\":\"https:\/\/schema.org\",\"@graph\":[{\"@type\":\"WebPage\",\"@id\":\"https:\/\/onlinelotto365.com\/da\/koebe-billetter\/superenalotto\/\",\"url\":\"https:\/\/onlinelotto365.com\/da\/koebe-billetter\/superenalotto\/\",\"name\":\"Om at k\u00f8be billetter til Superenalotto online fra Danmark\",\"isPartOf\":{\"@id\":\"https:\/\/onlinelotto365.com\/da\/#website\"},\"primaryImageOfPage\":{\"@id\":\"https:\/\/onlinelotto365.com\/da\/koebe-billetter\/superenalotto\/#primaryimage\"},\"image\":{\"@id\":\"https:\/\/onlinelotto365.com\/da\/koebe-billetter\/superenalotto\/#primaryimage\"},\"thumbnailUrl\":\"https:\/\/redfoxlotto.com\/image?size=8&amp;lottery=superenalotto\",\"datePublished\":\"2022-11-15T09:59:37+00:00\",\"dateModified\":\"2022-11-15T09:59:37+00:00\",\"description\":\"Find ud af, hvordan du k\u00f8ber Superenalotto billetter fra alle steder, inklusive Danmark\",\"breadcrumb\":{\"@id\":\"https:\/\/onlinelotto365.com\/da\/koebe-billetter\/superenalotto\/#breadcrumb\"},\"inLanguage\":\"da-DK\",\"potentialAction\":[{\"@type\":\"ReadAction\",\"target\":[\"https:\/\/onlinelotto365.com\/da\/koebe-billetter\/superenalotto\/\"]}]},{\"@type\":\"ImageObject\",\"inLanguage\":\"da-DK\",\"@id\":\"https:\/\/onlinelotto365.com\/da\/koebe-billetter\/superenalotto\/#primaryimage\",\"url\":\"https:\/\/redfoxlotto.com\/image?size=8&amp;lottery=superenalotto\",\"contentUrl\":\"https:\/\/redfoxlotto.com\/image?size=8&amp;lottery=superenalotto\"},{\"@type\":\"BreadcrumbList\",\"@id\":\"https:\/\/onlinelotto365.com\/da\/koebe-billetter\/superenalotto\/#breadcrumb\",\"itemListElement\":[{\"@type\":\"ListItem\",\"position\":1,\"name\":\"Home\",\"item\":\"https:\/\/onlinelotto365.com\/da\/\"},{\"@type\":\"ListItem\",\"position\":2,\"name\":\"At spille verdensomsp\u00e6ndende Lotto\",\"item\":\"https:\/\/onlinelotto365.com\/da\/buy-tickets\/\"},{\"@type\":\"ListItem\",\"position\":3,\"name\":\"S\u00e5dan k\u00f8ber du Superenalotto billetter online\"}]},{\"@type\":\"WebSite\",\"@id\":\"https:\/\/onlinelotto365.com\/da\/#website\",\"url\":\"https:\/\/onlinelotto365.com\/da\/\",\"name\":\"OnlineLotto365\",\"description\":\"\",\"potentialAction\":[{\"@type\":\"SearchAction\",\"target\":{\"@type\":\"EntryPoint\",\"urlTemplate\":\"https:\/\/onlinelotto365.com\/da\/?s={search_term_string}\"},\"query-input\":{\"@type\":\"PropertyValueSpecification\",\"valueRequired\":true,\"valueName\":\"search_term_string\"}}],\"inLanguage\":\"da-DK\"}]}<\/script>\n<!-- \/ Yoast SEO plugin. -->","yoast_head_json":{"title":"Om at k\u00f8be billetter til Superenalotto online fra Danmark","description":"Find ud af, hvordan du k\u00f8ber Superenalotto billetter fra alle steder, inklusive Danmark","robots":{"index":"index","follow":"follow","max-snippet":"max-snippet:-1","max-image-preview":"max-image-preview:large","max-video-preview":"max-video-preview:-1"},"canonical":"https:\/\/onlinelotto365.com\/da\/koebe-billetter\/superenalotto\/","og_locale":"da_DK","og_type":"article","og_title":"Om at k\u00f8be billetter til Superenalotto online fra Danmark","og_description":"Find ud af, hvordan du k\u00f8ber Superenalotto billetter fra alle steder, inklusive Danmark","og_url":"https:\/\/onlinelotto365.com\/da\/koebe-billetter\/superenalotto\/","og_site_name":"OnlineLotto365","og_image":[{"url":"https:\/\/redfoxlotto.com\/image?size=8&amp;lottery=superenalotto"}],"twitter_card":"summary_large_image","twitter_misc":{"Estimeret l\u00e6setid":"4 minutter"},"schema":{"@context":"https:\/\/schema.org","@graph":[{"@type":"WebPage","@id":"https:\/\/onlinelotto365.com\/da\/koebe-billetter\/superenalotto\/","url":"https:\/\/onlinelotto365.com\/da\/koebe-billetter\/superenalotto\/","name":"Om at k\u00f8be billetter til Superenalotto online fra Danmark","isPartOf":{"@id":"https:\/\/onlinelotto365.com\/da\/#website"},"primaryImageOfPage":{"@id":"https:\/\/onlinelotto365.com\/da\/koebe-billetter\/superenalotto\/#primaryimage"},"image":{"@id":"https:\/\/onlinelotto365.com\/da\/koebe-billetter\/superenalotto\/#primaryimage"},"thumbnailUrl":"https:\/\/redfoxlotto.com\/image?size=8&amp;lottery=superenalotto","datePublished":"2022-11-15T09:59:37+00:00","dateModified":"2022-11-15T09:59:37+00:00","description":"Find ud af, hvordan du k\u00f8ber Superenalotto billetter fra alle steder, inklusive Danmark","breadcrumb":{"@id":"https:\/\/onlinelotto365.com\/da\/koebe-billetter\/superenalotto\/#breadcrumb"},"inLanguage":"da-DK","potentialAction":[{"@type":"ReadAction","target":["https:\/\/onlinelotto365.com\/da\/koebe-billetter\/superenalotto\/"]}]},{"@type":"ImageObject","inLanguage":"da-DK","@id":"https:\/\/onlinelotto365.com\/da\/koebe-billetter\/superenalotto\/#primaryimage","url":"https:\/\/redfoxlotto.com\/image?size=8&amp;lottery=superenalotto","contentUrl":"https:\/\/redfoxlotto.com\/image?size=8&amp;lottery=superenalotto"},{"@type":"BreadcrumbList","@id":"https:\/\/onlinelotto365.com\/da\/koebe-billetter\/superenalotto\/#breadcrumb","itemListElement":[{"@type":"ListItem","position":1,"name":"Home","item":"https:\/\/onlinelotto365.com\/da\/"},{"@type":"ListItem","position":2,"name":"At spille verdensomsp\u00e6ndende Lotto","item":"https:\/\/onlinelotto365.com\/da\/buy-tickets\/"},{"@type":"ListItem","position":3,"name":"S\u00e5dan k\u00f8ber du Superenalotto billetter online"}]},{"@type":"WebSite","@id":"https:\/\/onlinelotto365.com\/da\/#website","url":"https:\/\/onlinelotto365.com\/da\/","name":"OnlineLotto365","description":"","potentialAction":[{"@type":"SearchAction","target":{"@type":"EntryPoint","urlTemplate":"https:\/\/onlinelotto365.com\/da\/?s={search_term_string}"},"query-input":{"@type":"PropertyValueSpecification","valueRequired":true,"valueName":"search_term_string"}}],"inLanguage":"da-DK"}]}},"_links":{"self":[{"href":"https:\/\/onlinelotto365.com\/da\/wp-json\/wp\/v2\/pages\/80208","targetHints":{"allow":["GET"]}}],"collection":[{"href":"https:\/\/onlinelotto365.com\/da\/wp-json\/wp\/v2\/pages"}],"about":[{"href":"https:\/\/onlinelotto365.com\/da\/wp-json\/wp\/v2\/types\/page"}],"author":[{"embeddable":true,"href":"https:\/\/onlinelotto365.com\/da\/wp-json\/wp\/v2\/users\/1"}],"replies":[{"embeddable":true,"href":"https:\/\/onlinelotto365.com\/da\/wp-json\/wp\/v2\/comments?post=80208"}],"version-history":[{"count":0,"href":"https:\/\/onlinelotto365.com\/da\/wp-json\/wp\/v2\/pages\/80208\/revisions"}],"up":[{"embeddable":true,"href":"https:\/\/onlinelotto365.com\/da\/wp-json\/wp\/v2\/pages\/5567"}],"wp:attachment":[{"href":"https:\/\/onlinelotto365.com\/da\/wp-json\/wp\/v2\/media?parent=80208"}],"curies":[{"name":"wp","href":"https:\/\/api.w.org\/{rel}","templated":true}]}}