{"id":80241,"date":"2022-11-15T13:33:50","date_gmt":"2022-11-15T12:33:50","guid":{"rendered":"https:\/\/onlinelotto365.com\/?page_id=80241"},"modified":"2022-11-15T13:33:50","modified_gmt":"2022-11-15T12:33:50","slug":"el-gordo","status":"publish","type":"page","link":"https:\/\/onlinelotto365.com\/da\/koebe-billetter\/el-gordo\/","title":{"rendered":"S\u00e5dan k\u00f8ber du El Gordo billetter online"},"content":{"rendered":"<p>Er du nysgerrig efter at k\u00f8be El Gordo billetter online, mens du bor i Danmark? S\u00e5 vil du ikke g\u00e5 glip af denne artikel, for vi vil guide dig gennem hele processen, s\u00e5 du kan f\u00e5 de billetter, du \u00f8nsker uden besv\u00e6r, og uden at skulle rejse til et land, der normalt spiller dette spil heller.<br \/>\n<a href=\"https:\/\/redfoxlotto.com\/play\/el-gordo-primitiva\/?ref=a8564250a2&amp;medium=ol365\" target=\"_blank\" rel=\"noopener noreferrer\"><img decoding=\"async\" class=\"aligncenter\" src=\"https:\/\/redfoxlotto.com\/image?size=8&amp;lottery=el-gordo-primitiva\" alt=\"el gordo\" \/><\/a><\/p>\n<ul>\n<li>Tjek hovedsiden for det lotteri, du vil spille, og v\u00e6lg de numre, du vil have p\u00e5 dine billetter<\/li>\n<li>Tilf\u00f8j endnu flere lodder til det samme spil eller til andre spil, som du \u00f8nsker at spille, s\u00e5 du har en fuld ordre<\/li>\n<li>V\u00e6lg muligheden for at betale nu<\/li>\n<li>G\u00e5 gennem registreringsprocessen for din konto, hvis du aldrig har k\u00f8bt hos os f\u00f8r, eller log ind p\u00e5 din eksisterende konto, hvis du allerede har en.<\/li>\n<li>Tjek din e-mail for et bekr\u00e6ftelseslink for konti, der skal bekr\u00e6ftes og registreres<\/li>\n<li>Hvis e-mailen ikke dukker op i din indbakke, skal du kigge i din spam-mappe for at sikre dig, at den ikke er havnet der<\/li>\n<li>Klik p\u00e5 indk\u00f8bskurven for at betale for din ordre<\/li>\n<li>V\u00e6lg den betalingsmulighed, du \u00f8nsker at bruge, og f\u00f8lg beta<\/li>\n<li>lingsinstruktionerne<\/li>\n<\/ul>\n<h2>S\u00e5dan betaler du for din El Gordo billet online<\/h2>\n<p>Det er nemt og hurtigt at foretage en betaling for dine billetter, fordi vi \u00f8nsker at sikre, at vores kunder fra Danmark kan v\u00e6lge de billetter, de \u00f8nsker, n\u00e5r de \u00f8nsker dem.<br \/>\nDu kan v\u00e6lge at betale for dine billetter ved at g\u00f8re et af f\u00f8lgende:<\/p>\n<ul>\n<li>Inds\u00e6t en betalingsmetode for at foretage et k\u00f8b direkte<\/li>\n<li>Tilf\u00f8j penge til din konto for at foretage en betaling direkte derfra<\/li>\n<\/ul>\n<p>S\u00f8rg for at s\u00e6tte mere end nok ind p\u00e5 din spillerkonto, hvis du planl\u00e6gger at foretage et k\u00f8b direkte herfra.<\/p>\n<h2>Mere info om El Gordo<\/h2>\n<ul>\n<li>Land: Spanien<\/li>\n<li>Vigtigste nummerserie: 54<\/li>\n<li>Du v\u00e6lger: 5<\/li>\n<li>Ekstra numre: ingen<\/li>\n<li>Du v\u00e6lger: ingen<\/li>\n<li>Tr\u00e6kningsdage, timer: S\u00f8ndag, 21:30 CET, 21:30 CET<\/li>\n<li>Mindste jackpot: 4 mio. EUR<\/li>\n<li>Maksimal jackpot: ingen<\/li>\n<li>Sandsynlighed for at vinde jackpotten: 1 ud af 31625100<\/li>\n<li>Sandsynlighed for en gevinst p\u00e5 niveau 2: 1 ud af 3513900<\/li>\n<li>Sandsynlighed for at vinde i et hvilket som helst niveau: 1 p\u00e5 6,16<\/li>\n<li>Antal gevinstniveauer: 9<\/li>\n<\/ul>\n<h2>Fordele ved at k\u00f8be El Gordo-billetter online<\/h2>\n<ul>\n<li>Du f\u00e5r de \u00f8nskede billetter uden at forlade hjemmet<\/li>\n<li>V\u00e6lg mellem endnu flere lotterispil<\/li>\n<li>F\u00e5 endnu bedre vinderchancer ved at v\u00e6lge lotterispil med de bedste jackpots<\/li>\n<li>Tilf\u00f8j penge til din konto og betal for billetter ved hj\u00e6lp af din lotterisaldo<\/li>\n<li>Hold nemt styr p\u00e5 dine lodder<\/li>\n<li>F\u00e5 \u00f8jeblikkelig besked om vindende lodder<\/li>\n<li>Lad computeren v\u00e6lge de lodnumre, du bruger<\/li>\n<\/ul>\n<h2>Er det lovligt at k\u00f8be El Gordo billetter online?<\/h2>\n<p>Du skal ikke bekymre dig om, hvorvidt dine lodder og k\u00f8b online eller p\u00e5 traditionel vis er lovligt for dig i Danmark. Vores system g\u00f8r alt lovligt og i overensstemmelse med reglerne. For ikke at n\u00e6vne, at du f\u00e5r din betaling og dine gevinster, uanset hvad der sker. Vi s\u00f8rger for, at det bliver overf\u00f8rt til din konto s\u00e5 hurtigt som muligt.<br \/>\nDet eneste du skal g\u00f8re er at v\u00e6re 18 \u00e5r for at kunne bruge vores hjemmeside.<\/p>\n<h2>Hvordan bliver jeg betalt, hvis jeg vinder El Gordo online?<\/h2>\n<p><img loading=\"lazy\" decoding=\"async\" class=\"alignright wp-image-3585\" src=\"https:\/\/onlinelotto365.com\/wp-content\/uploads\/2020\/11\/online_lottery-106.jpg\" alt=\"spille el gordo online UK\" width=\"282\" height=\"169\" \/><br \/>\nVi ved, at det er ekstremt vigtigt for dig at blive betalt, og det er derfor, at vi l\u00e6gger en hel del tid og kr\u00e6fter i denne proces. Vi s\u00f8rger for, at du f\u00e5r alle dine gevinster uden gebyrer eller kommission taget for os selv. Den eneste gang du betaler noget til os er, hvis du v\u00e6lger en bankoverf\u00f8rsel som din betalingsmetode. I nogle omr\u00e5der kan dette kr\u00e6ve et gebyr fra banken for en overf\u00f8rsel til Danmark, og vi vil ogs\u00e5 sende dette lille gebyr videre til dig.<\/p>\n<h2>Ellers foreg\u00e5r betalingen p\u00e5 en af to m\u00e5der:<\/h2>\n<p>Hvis du vinder mindre end 2.500 \u20ac, indbetaler vi automatisk pengene direkte p\u00e5 din konto, s\u00e5 du ikke beh\u00f8ver at g\u00f8re andet.<br \/>\nHvis du vinder mere end \u20ac2500, skal du vente p\u00e5 en e-mail fra vores supportteam, s\u00e5 du kan udfylde formularen for krav. Dette vil g\u00f8re det muligt for dig at f\u00e5 din gevinst indbetalt direkte via bankoverf\u00f8rsel eller via en check, der sendes til dig.<\/p>\n","protected":false},"excerpt":{"rendered":"<p>Er du nysgerrig efter at k\u00f8be El Gordo billetter online, mens du bor i Danmark? S\u00e5 vil du ikke g\u00e5 glip af denne artikel, for vi vil guide dig gennem hele processen, s\u00e5 du kan f\u00e5 de billetter, du \u00f8nsker uden besv\u00e6r, og uden at skulle rejse til et land, der normalt spiller dette spil [&hellip;]<\/p>\n","protected":false},"author":1,"featured_media":0,"parent":5567,"menu_order":6,"comment_status":"closed","ping_status":"closed","template":"el-gordo-info.php","meta":{"_et_pb_use_builder":"","_et_pb_old_content":"","_et_gb_content_width":"","exclude_from_search":false,"footnotes":""},"class_list":["post-80241","page","type-page","status-publish","hentry"],"yoast_head":"<!-- This site is optimized with the Yoast SEO plugin v23.4 - https:\/\/yoast.com\/wordpress\/plugins\/seo\/ -->\n<title>El Gordo fra Danmark - hvordan man k\u00f8ber billetter online<\/title>\n<meta name=\"description\" content=\"Dette spanske lotteri er nu tilg\u00e6ngeligt fra Danmark - k\u00f8b billetter online\" \/>\n<meta name=\"robots\" content=\"index, follow, max-snippet:-1, max-image-preview:large, max-video-preview:-1\" \/>\n<link rel=\"canonical\" href=\"https:\/\/onlinelotto365.com\/da\/koebe-billetter\/el-gordo\/\" \/>\n<meta property=\"og:locale\" content=\"da_DK\" \/>\n<meta property=\"og:type\" content=\"article\" \/>\n<meta property=\"og:title\" content=\"El Gordo fra Danmark - hvordan man k\u00f8ber billetter online\" \/>\n<meta property=\"og:description\" content=\"Dette spanske lotteri er nu tilg\u00e6ngeligt fra Danmark - k\u00f8b billetter online\" \/>\n<meta property=\"og:url\" content=\"https:\/\/onlinelotto365.com\/da\/koebe-billetter\/el-gordo\/\" \/>\n<meta property=\"og:site_name\" content=\"OnlineLotto365\" \/>\n<meta property=\"og:image\" content=\"https:\/\/redfoxlotto.com\/image?size=8&amp;lottery=el-gordo-primitiva\" \/>\n<meta name=\"twitter:card\" content=\"summary_large_image\" \/>\n<meta name=\"twitter:label1\" content=\"Estimeret l\u00e6setid\" \/>\n\t<meta name=\"twitter:data1\" content=\"4 minutter\" \/>\n<script type=\"application\/ld+json\" class=\"yoast-schema-graph\">{\"@context\":\"https:\/\/schema.org\",\"@graph\":[{\"@type\":\"WebPage\",\"@id\":\"https:\/\/onlinelotto365.com\/da\/koebe-billetter\/el-gordo\/\",\"url\":\"https:\/\/onlinelotto365.com\/da\/koebe-billetter\/el-gordo\/\",\"name\":\"El Gordo fra Danmark - hvordan man k\u00f8ber billetter online\",\"isPartOf\":{\"@id\":\"https:\/\/onlinelotto365.com\/da\/#website\"},\"primaryImageOfPage\":{\"@id\":\"https:\/\/onlinelotto365.com\/da\/koebe-billetter\/el-gordo\/#primaryimage\"},\"image\":{\"@id\":\"https:\/\/onlinelotto365.com\/da\/koebe-billetter\/el-gordo\/#primaryimage\"},\"thumbnailUrl\":\"https:\/\/redfoxlotto.com\/image?size=8&amp;lottery=el-gordo-primitiva\",\"datePublished\":\"2022-11-15T12:33:50+00:00\",\"dateModified\":\"2022-11-15T12:33:50+00:00\",\"description\":\"Dette spanske lotteri er nu tilg\u00e6ngeligt fra Danmark - k\u00f8b billetter online\",\"breadcrumb\":{\"@id\":\"https:\/\/onlinelotto365.com\/da\/koebe-billetter\/el-gordo\/#breadcrumb\"},\"inLanguage\":\"da-DK\",\"potentialAction\":[{\"@type\":\"ReadAction\",\"target\":[\"https:\/\/onlinelotto365.com\/da\/koebe-billetter\/el-gordo\/\"]}]},{\"@type\":\"ImageObject\",\"inLanguage\":\"da-DK\",\"@id\":\"https:\/\/onlinelotto365.com\/da\/koebe-billetter\/el-gordo\/#primaryimage\",\"url\":\"https:\/\/redfoxlotto.com\/image?size=8&amp;lottery=el-gordo-primitiva\",\"contentUrl\":\"https:\/\/redfoxlotto.com\/image?size=8&amp;lottery=el-gordo-primitiva\"},{\"@type\":\"BreadcrumbList\",\"@id\":\"https:\/\/onlinelotto365.com\/da\/koebe-billetter\/el-gordo\/#breadcrumb\",\"itemListElement\":[{\"@type\":\"ListItem\",\"position\":1,\"name\":\"Home\",\"item\":\"https:\/\/onlinelotto365.com\/da\/\"},{\"@type\":\"ListItem\",\"position\":2,\"name\":\"At spille verdensomsp\u00e6ndende Lotto\",\"item\":\"https:\/\/onlinelotto365.com\/da\/buy-tickets\/\"},{\"@type\":\"ListItem\",\"position\":3,\"name\":\"S\u00e5dan k\u00f8ber du El Gordo billetter online\"}]},{\"@type\":\"WebSite\",\"@id\":\"https:\/\/onlinelotto365.com\/da\/#website\",\"url\":\"https:\/\/onlinelotto365.com\/da\/\",\"name\":\"OnlineLotto365\",\"description\":\"\",\"potentialAction\":[{\"@type\":\"SearchAction\",\"target\":{\"@type\":\"EntryPoint\",\"urlTemplate\":\"https:\/\/onlinelotto365.com\/da\/?s={search_term_string}\"},\"query-input\":{\"@type\":\"PropertyValueSpecification\",\"valueRequired\":true,\"valueName\":\"search_term_string\"}}],\"inLanguage\":\"da-DK\"}]}<\/script>\n<!-- \/ Yoast SEO plugin. -->","yoast_head_json":{"title":"El Gordo fra Danmark - hvordan man k\u00f8ber billetter online","description":"Dette spanske lotteri er nu tilg\u00e6ngeligt fra Danmark - k\u00f8b billetter online","robots":{"index":"index","follow":"follow","max-snippet":"max-snippet:-1","max-image-preview":"max-image-preview:large","max-video-preview":"max-video-preview:-1"},"canonical":"https:\/\/onlinelotto365.com\/da\/koebe-billetter\/el-gordo\/","og_locale":"da_DK","og_type":"article","og_title":"El Gordo fra Danmark - hvordan man k\u00f8ber billetter online","og_description":"Dette spanske lotteri er nu tilg\u00e6ngeligt fra Danmark - k\u00f8b billetter online","og_url":"https:\/\/onlinelotto365.com\/da\/koebe-billetter\/el-gordo\/","og_site_name":"OnlineLotto365","og_image":[{"url":"https:\/\/redfoxlotto.com\/image?size=8&amp;lottery=el-gordo-primitiva"}],"twitter_card":"summary_large_image","twitter_misc":{"Estimeret l\u00e6setid":"4 minutter"},"schema":{"@context":"https:\/\/schema.org","@graph":[{"@type":"WebPage","@id":"https:\/\/onlinelotto365.com\/da\/koebe-billetter\/el-gordo\/","url":"https:\/\/onlinelotto365.com\/da\/koebe-billetter\/el-gordo\/","name":"El Gordo fra Danmark - hvordan man k\u00f8ber billetter online","isPartOf":{"@id":"https:\/\/onlinelotto365.com\/da\/#website"},"primaryImageOfPage":{"@id":"https:\/\/onlinelotto365.com\/da\/koebe-billetter\/el-gordo\/#primaryimage"},"image":{"@id":"https:\/\/onlinelotto365.com\/da\/koebe-billetter\/el-gordo\/#primaryimage"},"thumbnailUrl":"https:\/\/redfoxlotto.com\/image?size=8&amp;lottery=el-gordo-primitiva","datePublished":"2022-11-15T12:33:50+00:00","dateModified":"2022-11-15T12:33:50+00:00","description":"Dette spanske lotteri er nu tilg\u00e6ngeligt fra Danmark - k\u00f8b billetter online","breadcrumb":{"@id":"https:\/\/onlinelotto365.com\/da\/koebe-billetter\/el-gordo\/#breadcrumb"},"inLanguage":"da-DK","potentialAction":[{"@type":"ReadAction","target":["https:\/\/onlinelotto365.com\/da\/koebe-billetter\/el-gordo\/"]}]},{"@type":"ImageObject","inLanguage":"da-DK","@id":"https:\/\/onlinelotto365.com\/da\/koebe-billetter\/el-gordo\/#primaryimage","url":"https:\/\/redfoxlotto.com\/image?size=8&amp;lottery=el-gordo-primitiva","contentUrl":"https:\/\/redfoxlotto.com\/image?size=8&amp;lottery=el-gordo-primitiva"},{"@type":"BreadcrumbList","@id":"https:\/\/onlinelotto365.com\/da\/koebe-billetter\/el-gordo\/#breadcrumb","itemListElement":[{"@type":"ListItem","position":1,"name":"Home","item":"https:\/\/onlinelotto365.com\/da\/"},{"@type":"ListItem","position":2,"name":"At spille verdensomsp\u00e6ndende Lotto","item":"https:\/\/onlinelotto365.com\/da\/buy-tickets\/"},{"@type":"ListItem","position":3,"name":"S\u00e5dan k\u00f8ber du El Gordo billetter online"}]},{"@type":"WebSite","@id":"https:\/\/onlinelotto365.com\/da\/#website","url":"https:\/\/onlinelotto365.com\/da\/","name":"OnlineLotto365","description":"","potentialAction":[{"@type":"SearchAction","target":{"@type":"EntryPoint","urlTemplate":"https:\/\/onlinelotto365.com\/da\/?s={search_term_string}"},"query-input":{"@type":"PropertyValueSpecification","valueRequired":true,"valueName":"search_term_string"}}],"inLanguage":"da-DK"}]}},"_links":{"self":[{"href":"https:\/\/onlinelotto365.com\/da\/wp-json\/wp\/v2\/pages\/80241","targetHints":{"allow":["GET"]}}],"collection":[{"href":"https:\/\/onlinelotto365.com\/da\/wp-json\/wp\/v2\/pages"}],"about":[{"href":"https:\/\/onlinelotto365.com\/da\/wp-json\/wp\/v2\/types\/page"}],"author":[{"embeddable":true,"href":"https:\/\/onlinelotto365.com\/da\/wp-json\/wp\/v2\/users\/1"}],"replies":[{"embeddable":true,"href":"https:\/\/onlinelotto365.com\/da\/wp-json\/wp\/v2\/comments?post=80241"}],"version-history":[{"count":0,"href":"https:\/\/onlinelotto365.com\/da\/wp-json\/wp\/v2\/pages\/80241\/revisions"}],"up":[{"embeddable":true,"href":"https:\/\/onlinelotto365.com\/da\/wp-json\/wp\/v2\/pages\/5567"}],"wp:attachment":[{"href":"https:\/\/onlinelotto365.com\/da\/wp-json\/wp\/v2\/media?parent=80241"}],"curies":[{"name":"wp","href":"https:\/\/api.w.org\/{rel}","templated":true}]}}