{"id":80273,"date":"2022-11-16T08:57:28","date_gmt":"2022-11-16T07:57:28","guid":{"rendered":"https:\/\/onlinelotto365.com\/?page_id=80273"},"modified":"2022-11-16T08:57:28","modified_gmt":"2022-11-16T07:57:28","slug":"la-primitiva","status":"publish","type":"page","link":"https:\/\/onlinelotto365.com\/da\/koebe-billetter\/la-primitiva\/","title":{"rendered":"S\u00e5dan k\u00f8ber du La Primitiva-billetter online"},"content":{"rendered":"<p>Hvis du \u00f8nsker at k\u00f8be La Primitiva billetter online, men stadig ikke er helt sikker p\u00e5, hvordan du g\u00f8r det, s\u00e5 s\u00f8rg for at tage et kig p\u00e5 denne proces. Det er meget nemmere end du m\u00e5ske tror for Danmark<br \/>\nlotto fans, og du kan vente p\u00e5 tr\u00e6kning hurtigere end du tror.<br \/>\n<a href=\"https:\/\/redfoxlotto.com\/play\/la-primitiva\/?ref=a8564250a2&amp;medium=ol365\" target=\"_blank\" rel=\"noopener noreferrer\"><img decoding=\"async\" class=\"aligncenter\" src=\"https:\/\/redfoxlotto.com\/image?size=8&amp;lottery=la-primitiva\" alt=\" la primitiva\" \/><\/a><\/p>\n<ul>\n<li>V\u00e6lg det lottospil, som du \u00f8nsker at spille, og v\u00e6lg tallene til hver af dine lodder. Eller lad computeren v\u00e6lge dine lottotal for dig.<\/li>\n<li>Tilf\u00f8j s\u00e5 mange forskellige lodder og lottospil til din bestilling, som du vil, inden du er klar til at tjekke ud<\/li>\n<li>V\u00e6lg muligheden for at betale nu<\/li>\n<li>Registrer en ny konto, hvis du aldrig har k\u00f8bt hos os f\u00f8r, eller log ind, hvis du er en eksisterende kunde<\/li>\n<li>Gennemf\u00f8r registreringsprocessen ved at klikke p\u00e5 bekr\u00e6ftelseslinket, der sendes til din e-mailadresse<\/li>\n<li>Tjek b\u00e5de din indbakke og din spam-mappe for at finde din bekr\u00e6ftelsesmail<\/li>\n<li>G\u00e5 til indk\u00f8bskurven p\u00e5 webstedet<\/li>\n<li>F\u00f8lg vejledningen for at v\u00e6lge en betalingsmulighed og betale for dine billetter<\/li>\n<\/ul>\n<h2>S\u00e5dan betaler du for din La Primitiva-billet online<\/h2>\n<p>Du kan v\u00e6lge mellem flere forskellige betalingsmuligheder, som er meget sikre for vores brugere. Vi lader dig v\u00e6lge den mulighed, der er mest bekvem.<br \/>\nV\u00e6lg en af de to muligheder for at komme i gang:<\/p>\n<ul>\n<li>Foretag en betaling direkte med et kreditkort, en bankkonto eller en anden betalingsmetode<\/li>\n<li>Inds\u00e6t penge p\u00e5 din konto, og brug dem til at k\u00f8be dine billetter fra din spillerkonto<\/li>\n<\/ul>\n<p>De, der tilf\u00f8jer penge til deres spillerkonto for at foretage et k\u00f8b, skal indbetale mere end nok penge til det k\u00f8b, de v\u00e6lger at foretage.<\/p>\n<h2>Mere info om La Primitiva<\/h2>\n<ul>\n<li>Land: Spanien<\/li>\n<li>Hovednummersortiment: 49<\/li>\n<li>Du v\u00e6lger: 6<\/li>\n<li>Ekstra numre:<\/li>\n<li>Du v\u00e6lger: 1<\/li>\n<li>Tr\u00e6kningsdage, timer: Torsdag, l\u00f8rdag, 21:30 CET, 21:30 CET<\/li>\n<li>Mindste jackpot: 2 mio. EUR<\/li>\n<li>Maksimal jackpot: ingen<\/li>\n<li>Sandsynlighed for at vinde jackpotten: 1 ud af 15537573<\/li>\n<li>Sandsynlighed for en gevinst p\u00e5 niveau 2: 1 ud af 542008<\/li>\n<li>Sandsynlighed for at vinde i et hvilket som helst niveau: 1 ud af 8,43<\/li>\n<li>Antal gevinstniveauer: 9<\/li>\n<\/ul>\n<h2>Fordele ved at k\u00f8be La Primitiva-billetter online<\/h2>\n<ul>\n<li>Du kan v\u00e6lge dine billetter uden at forlade hjemmet<\/li>\n<li>V\u00e6lg mellem endnu flere lotterimuligheder<\/li>\n<li>Tag et kig p\u00e5 forskellige jackpots for at se, hvor du kan vinde mest<\/li>\n<li>S\u00e6t penge ind p\u00e5 din konto for at betale for dine billetter<\/li>\n<li>Du beh\u00f8ver ikke bekymre dig om at miste dine lodder<\/li>\n<li>Du f\u00e5r en meddelelse, hvis du vinder<\/li>\n<li>Du kan v\u00e6lge en tilf\u00e6ldigt genereret billet<\/li>\n<\/ul>\n<h2>Er det lovligt at k\u00f8be La Primitiva-billetter online?<\/h2>\n<p>Nogle mennesker bekymrer sig om, hvorvidt det er tilladt at k\u00f8be lotterisedler online i deres bop\u00e6lsland. Eller om de overhovedet kan k\u00f8be lodder p\u00e5 den traditionelle m\u00e5de. Men du beh\u00f8ver ikke at bekymre dig om, hvorvidt det er lovligt at bruge vores system, fordi vi tager os af reglerne for det omr\u00e5de, hvor lotteriet afholdes. P\u00e5 den m\u00e5de f\u00e5r du din gevinst, uanset hvad der foreg\u00e5r, og uanset hvor meget du vinder.<br \/>\nDu skal blot v\u00e6re mindst 18 \u00e5r gammel for at kunne bruge vores service.<\/p>\n<h2>Hvordan bliver jeg betalt, hvis jeg vinder La Primitiva online?<\/h2>\n<p><img loading=\"lazy\" decoding=\"async\" class=\"alignright wp-image-3535\" src=\"https:\/\/onlinelotto365.com\/wp-content\/uploads\/2020\/11\/online_lottery-141-296x300.jpg\" alt=\"la primitiva online\" width=\"164\" height=\"166\" srcset=\"https:\/\/onlinelotto365.com\/wp-content\/uploads\/2020\/11\/online_lottery-141-296x300.jpg 296w, https:\/\/onlinelotto365.com\/wp-content\/uploads\/2020\/11\/online_lottery-141-100x100.jpg 100w, https:\/\/onlinelotto365.com\/wp-content\/uploads\/2020\/11\/online_lottery-141.jpg 491w\" sizes=\"auto, (max-width: 164px) 100vw, 164px\" \/><br \/>\nN\u00e5r det kommer til at blive betalt, ved vi, hvor vigtigt det er for dig. Derfor g\u00f8r vi betalingsprocessen s\u00e5 nem som muligt. Og vi g\u00f8r det hele uden at opkr\u00e6ve dig nogen gebyrer eller provision. I hvert fald, medmindre du v\u00e6lger at f\u00e5 din betaling sendt via bankoverf\u00f8rsel. I s\u00e5 fald kan vi blive opkr\u00e6vet et gebyr af din bank. N\u00e5r det sker, sender vi dette gebyr videre til dig.<br \/>\n<strong>Det eneste, du beh\u00f8ver at g\u00f8re, er at vide, hvad der sker, n\u00e5r du vinder:<\/strong><\/p>\n<ul>\n<li>Hvis du vinder mindre end 2.500 \u20ac, beh\u00f8ver du ikke at g\u00f8re noget, for vi tager os af det hele for dig. Vi s\u00f8rger for, at du f\u00e5r alle dine penge direkte ind p\u00e5 din spillerkonto<\/li>\n<li>Hvis du vinder mere end \u20ac2500, kan du f\u00e5 dine penge sendt med check eller bankoverf\u00f8rsel. I dette tilf\u00e6lde skal du udfylde en kravformular, som vores supportteam sender til dig, og s\u00e5 hj\u00e6lper vi dig med resten<\/li>\n<\/ul>\n","protected":false},"excerpt":{"rendered":"<p>Hvis du \u00f8nsker at k\u00f8be La Primitiva billetter online, men stadig ikke er helt sikker p\u00e5, hvordan du g\u00f8r det, s\u00e5 s\u00f8rg for at tage et kig p\u00e5 denne proces. Det er meget nemmere end du m\u00e5ske tror for Danmark lotto fans, og du kan vente p\u00e5 tr\u00e6kning hurtigere end du tror. V\u00e6lg det lottospil, [&hellip;]<\/p>\n","protected":false},"author":1,"featured_media":0,"parent":5567,"menu_order":7,"comment_status":"closed","ping_status":"closed","template":"la-primitiva-info.php","meta":{"_et_pb_use_builder":"","_et_pb_old_content":"","_et_gb_content_width":"","exclude_from_search":false,"footnotes":""},"class_list":["post-80273","page","type-page","status-publish","hentry"],"yoast_head":"<!-- This site is optimized with the Yoast SEO plugin v23.4 - https:\/\/yoast.com\/wordpress\/plugins\/seo\/ -->\n<title>Online service for La Primitiva billetter | La Primitiva fra Danmark<\/title>\n<meta name=\"description\" content=\"Find ud af, hvordan du kan k\u00f8be billetter til Spaniens La Primitiva-lotteri fra Danmark\" \/>\n<meta name=\"robots\" content=\"index, follow, max-snippet:-1, max-image-preview:large, max-video-preview:-1\" \/>\n<link rel=\"canonical\" href=\"https:\/\/onlinelotto365.com\/da\/koebe-billetter\/la-primitiva\/\" \/>\n<meta property=\"og:locale\" content=\"da_DK\" \/>\n<meta property=\"og:type\" content=\"article\" \/>\n<meta property=\"og:title\" content=\"Online service for La Primitiva billetter | La Primitiva fra Danmark\" \/>\n<meta property=\"og:description\" content=\"Find ud af, hvordan du kan k\u00f8be billetter til Spaniens La Primitiva-lotteri fra Danmark\" \/>\n<meta property=\"og:url\" content=\"https:\/\/onlinelotto365.com\/da\/koebe-billetter\/la-primitiva\/\" \/>\n<meta property=\"og:site_name\" content=\"OnlineLotto365\" \/>\n<meta property=\"og:image\" content=\"https:\/\/redfoxlotto.com\/image?size=8&amp;lottery=la-primitiva\" \/>\n<meta name=\"twitter:card\" content=\"summary_large_image\" \/>\n<meta name=\"twitter:label1\" content=\"Estimeret l\u00e6setid\" \/>\n\t<meta name=\"twitter:data1\" content=\"4 minutter\" \/>\n<script type=\"application\/ld+json\" class=\"yoast-schema-graph\">{\"@context\":\"https:\/\/schema.org\",\"@graph\":[{\"@type\":\"WebPage\",\"@id\":\"https:\/\/onlinelotto365.com\/da\/koebe-billetter\/la-primitiva\/\",\"url\":\"https:\/\/onlinelotto365.com\/da\/koebe-billetter\/la-primitiva\/\",\"name\":\"Online service for La Primitiva billetter | La Primitiva fra Danmark\",\"isPartOf\":{\"@id\":\"https:\/\/onlinelotto365.com\/da\/#website\"},\"primaryImageOfPage\":{\"@id\":\"https:\/\/onlinelotto365.com\/da\/koebe-billetter\/la-primitiva\/#primaryimage\"},\"image\":{\"@id\":\"https:\/\/onlinelotto365.com\/da\/koebe-billetter\/la-primitiva\/#primaryimage\"},\"thumbnailUrl\":\"https:\/\/redfoxlotto.com\/image?size=8&amp;lottery=la-primitiva\",\"datePublished\":\"2022-11-16T07:57:28+00:00\",\"dateModified\":\"2022-11-16T07:57:28+00:00\",\"description\":\"Find ud af, hvordan du kan k\u00f8be billetter til Spaniens La Primitiva-lotteri fra Danmark\",\"breadcrumb\":{\"@id\":\"https:\/\/onlinelotto365.com\/da\/koebe-billetter\/la-primitiva\/#breadcrumb\"},\"inLanguage\":\"da-DK\",\"potentialAction\":[{\"@type\":\"ReadAction\",\"target\":[\"https:\/\/onlinelotto365.com\/da\/koebe-billetter\/la-primitiva\/\"]}]},{\"@type\":\"ImageObject\",\"inLanguage\":\"da-DK\",\"@id\":\"https:\/\/onlinelotto365.com\/da\/koebe-billetter\/la-primitiva\/#primaryimage\",\"url\":\"https:\/\/redfoxlotto.com\/image?size=8&amp;lottery=la-primitiva\",\"contentUrl\":\"https:\/\/redfoxlotto.com\/image?size=8&amp;lottery=la-primitiva\"},{\"@type\":\"BreadcrumbList\",\"@id\":\"https:\/\/onlinelotto365.com\/da\/koebe-billetter\/la-primitiva\/#breadcrumb\",\"itemListElement\":[{\"@type\":\"ListItem\",\"position\":1,\"name\":\"Home\",\"item\":\"https:\/\/onlinelotto365.com\/da\/\"},{\"@type\":\"ListItem\",\"position\":2,\"name\":\"At spille verdensomsp\u00e6ndende Lotto\",\"item\":\"https:\/\/onlinelotto365.com\/da\/buy-tickets\/\"},{\"@type\":\"ListItem\",\"position\":3,\"name\":\"S\u00e5dan k\u00f8ber du La Primitiva-billetter online\"}]},{\"@type\":\"WebSite\",\"@id\":\"https:\/\/onlinelotto365.com\/da\/#website\",\"url\":\"https:\/\/onlinelotto365.com\/da\/\",\"name\":\"OnlineLotto365\",\"description\":\"\",\"potentialAction\":[{\"@type\":\"SearchAction\",\"target\":{\"@type\":\"EntryPoint\",\"urlTemplate\":\"https:\/\/onlinelotto365.com\/da\/?s={search_term_string}\"},\"query-input\":{\"@type\":\"PropertyValueSpecification\",\"valueRequired\":true,\"valueName\":\"search_term_string\"}}],\"inLanguage\":\"da-DK\"}]}<\/script>\n<!-- \/ Yoast SEO plugin. -->","yoast_head_json":{"title":"Online service for La Primitiva billetter | La Primitiva fra Danmark","description":"Find ud af, hvordan du kan k\u00f8be billetter til Spaniens La Primitiva-lotteri fra Danmark","robots":{"index":"index","follow":"follow","max-snippet":"max-snippet:-1","max-image-preview":"max-image-preview:large","max-video-preview":"max-video-preview:-1"},"canonical":"https:\/\/onlinelotto365.com\/da\/koebe-billetter\/la-primitiva\/","og_locale":"da_DK","og_type":"article","og_title":"Online service for La Primitiva billetter | La Primitiva fra Danmark","og_description":"Find ud af, hvordan du kan k\u00f8be billetter til Spaniens La Primitiva-lotteri fra Danmark","og_url":"https:\/\/onlinelotto365.com\/da\/koebe-billetter\/la-primitiva\/","og_site_name":"OnlineLotto365","og_image":[{"url":"https:\/\/redfoxlotto.com\/image?size=8&amp;lottery=la-primitiva"}],"twitter_card":"summary_large_image","twitter_misc":{"Estimeret l\u00e6setid":"4 minutter"},"schema":{"@context":"https:\/\/schema.org","@graph":[{"@type":"WebPage","@id":"https:\/\/onlinelotto365.com\/da\/koebe-billetter\/la-primitiva\/","url":"https:\/\/onlinelotto365.com\/da\/koebe-billetter\/la-primitiva\/","name":"Online service for La Primitiva billetter | La Primitiva fra Danmark","isPartOf":{"@id":"https:\/\/onlinelotto365.com\/da\/#website"},"primaryImageOfPage":{"@id":"https:\/\/onlinelotto365.com\/da\/koebe-billetter\/la-primitiva\/#primaryimage"},"image":{"@id":"https:\/\/onlinelotto365.com\/da\/koebe-billetter\/la-primitiva\/#primaryimage"},"thumbnailUrl":"https:\/\/redfoxlotto.com\/image?size=8&amp;lottery=la-primitiva","datePublished":"2022-11-16T07:57:28+00:00","dateModified":"2022-11-16T07:57:28+00:00","description":"Find ud af, hvordan du kan k\u00f8be billetter til Spaniens La Primitiva-lotteri fra Danmark","breadcrumb":{"@id":"https:\/\/onlinelotto365.com\/da\/koebe-billetter\/la-primitiva\/#breadcrumb"},"inLanguage":"da-DK","potentialAction":[{"@type":"ReadAction","target":["https:\/\/onlinelotto365.com\/da\/koebe-billetter\/la-primitiva\/"]}]},{"@type":"ImageObject","inLanguage":"da-DK","@id":"https:\/\/onlinelotto365.com\/da\/koebe-billetter\/la-primitiva\/#primaryimage","url":"https:\/\/redfoxlotto.com\/image?size=8&amp;lottery=la-primitiva","contentUrl":"https:\/\/redfoxlotto.com\/image?size=8&amp;lottery=la-primitiva"},{"@type":"BreadcrumbList","@id":"https:\/\/onlinelotto365.com\/da\/koebe-billetter\/la-primitiva\/#breadcrumb","itemListElement":[{"@type":"ListItem","position":1,"name":"Home","item":"https:\/\/onlinelotto365.com\/da\/"},{"@type":"ListItem","position":2,"name":"At spille verdensomsp\u00e6ndende Lotto","item":"https:\/\/onlinelotto365.com\/da\/buy-tickets\/"},{"@type":"ListItem","position":3,"name":"S\u00e5dan k\u00f8ber du La Primitiva-billetter online"}]},{"@type":"WebSite","@id":"https:\/\/onlinelotto365.com\/da\/#website","url":"https:\/\/onlinelotto365.com\/da\/","name":"OnlineLotto365","description":"","potentialAction":[{"@type":"SearchAction","target":{"@type":"EntryPoint","urlTemplate":"https:\/\/onlinelotto365.com\/da\/?s={search_term_string}"},"query-input":{"@type":"PropertyValueSpecification","valueRequired":true,"valueName":"search_term_string"}}],"inLanguage":"da-DK"}]}},"_links":{"self":[{"href":"https:\/\/onlinelotto365.com\/da\/wp-json\/wp\/v2\/pages\/80273","targetHints":{"allow":["GET"]}}],"collection":[{"href":"https:\/\/onlinelotto365.com\/da\/wp-json\/wp\/v2\/pages"}],"about":[{"href":"https:\/\/onlinelotto365.com\/da\/wp-json\/wp\/v2\/types\/page"}],"author":[{"embeddable":true,"href":"https:\/\/onlinelotto365.com\/da\/wp-json\/wp\/v2\/users\/1"}],"replies":[{"embeddable":true,"href":"https:\/\/onlinelotto365.com\/da\/wp-json\/wp\/v2\/comments?post=80273"}],"version-history":[{"count":0,"href":"https:\/\/onlinelotto365.com\/da\/wp-json\/wp\/v2\/pages\/80273\/revisions"}],"up":[{"embeddable":true,"href":"https:\/\/onlinelotto365.com\/da\/wp-json\/wp\/v2\/pages\/5567"}],"wp:attachment":[{"href":"https:\/\/onlinelotto365.com\/da\/wp-json\/wp\/v2\/media?parent=80273"}],"curies":[{"name":"wp","href":"https:\/\/api.w.org\/{rel}","templated":true}]}}