{"id":80305,"date":"2022-11-16T11:43:53","date_gmt":"2022-11-16T10:43:53","guid":{"rendered":"https:\/\/onlinelotto365.com\/?page_id=80305"},"modified":"2022-11-16T11:43:53","modified_gmt":"2022-11-16T10:43:53","slug":"bonoloto","status":"publish","type":"page","link":"https:\/\/onlinelotto365.com\/da\/koebe-billetter\/bonoloto\/","title":{"rendered":"S\u00e5dan k\u00f8ber du BonoLoto-billetter online"},"content":{"rendered":"<p>Hvis du bor i Danmark og vil vide, hvordan du kan spille BonoLoto online og hvordan du f\u00e5r dine billetter, er du kommet til det rette sted. Vi kan hj\u00e6lpe dig med hele processen, og det bliver ogs\u00e5 meget nemmere, end du m\u00e5ske tror. Alt du skal g\u00f8re er at f\u00f8lge med i de trin, som vi har skitseret nedenfor.<br \/>\n<a href=\"https:\/\/redfoxlotto.com\/play\/bonoloto\/?ref=a8564250a2&amp;medium=ol365\" target=\"_blank\" rel=\"noopener noreferrer\"><img decoding=\"async\" class=\"aligncenter\" src=\"https:\/\/redfoxlotto.com\/image?size=8&amp;lottery=bonoloto\" alt=\"BonoLoto\" \/><\/a><\/p>\n<ul>\n<li>G\u00e5 til siden for det lottospil, som du \u00f8nsker at spille, f.eks. BonoLoto. V\u00e6lg derefter alle de lottokuponer, som du \u00f8nsker, herunder de numre, som du \u00f8nsker at spille.<\/li>\n<li>Tilf\u00f8j yderligere billetter til BonoLoto eller til andre spil til din ordre, indtil du er klar til at g\u00e5 til kassen.<\/li>\n<li>V\u00e6lg knappen for at betale nu<\/li>\n<li>Log ind p\u00e5 din konto, eller v\u00e6lg muligheden for at oprette en helt ny konto og g\u00e5 gennem tilmeldingsprocessen.<\/li>\n<li>Hvis du opretter en ny konto, skal du g\u00e5 til din e-mail for at f\u00e5 bekr\u00e6ftelseslinket, som giver dig mulighed for at afslutte processen.<\/li>\n<li>Hvis du ikke f\u00e5r linket, skal du s\u00f8rge for at tjekke din spam-mappe for at se, om den dukker op der i stedet for i din almindelige indbakke.<\/li>\n<li>G\u00e5 til betalingssiden p\u00e5 hjemmesiden, og start betalingsprocessen.<\/li>\n<li>V\u00e6lg din betalingsmetode, og afslut kassen.<\/li>\n<\/ul>\n<h2>S\u00e5dan betaler du for din BonoLoto-billet online<\/h2>\n<p>Du har masser af forskellige betalingsmetoder, som du kan bruge til at k\u00f8be dine BonoLoto-billetter og meget mere.<br \/>\nF\u00e5 dine billetter ved at v\u00e6lge mellem disse to generelle muligheder for at komme i gang:<\/p>\n<ul>\n<li>Betal din bestilling direkte med et kreditkort eller en finansiel konto<\/li>\n<li>Indbetal penge til din spillerkonto p\u00e5 vores hjemmeside og brug din spillerkonto til at foretage et k\u00f8b<\/li>\n<\/ul>\n<p>For dem, der v\u00e6lger at indbetale penge p\u00e5 deres spillerkonto, skal du s\u00f8rge for at tilf\u00f8je flere penge, end du har brug for til din aktuelle ordre for at kunne behandle den.<\/p>\n<h2>Mere info om BonoLoto<\/h2>\n<ul>\n<li>Land: Spanien<\/li>\n<li>Hovednumre r\u00e6kkevidde: 49<\/li>\n<li>Du v\u00e6lger: 6<\/li>\n<li>Tr\u00e6kningsdage, tidspunkter: dagligt undtagen s\u00f8ndag, 21:30 CET, 21:30 CET<\/li>\n<li>Mindste jackpot: 400000<\/li>\n<li>Maksimal jackpot: ingen<\/li>\n<li>Sandsynlighed for at vinde jackpotten: 1 ud af 13983816<\/li>\n<li>Sandsynlighed for en gevinst p\u00e5 niveau 2: 1 ud af 2330636<\/li>\n<li>Sandsynlighed for at vinde i et hvilket som helst niveau: 1 ud af 8,43<\/li>\n<li>Antal gevinstniveauer: 6<\/li>\n<\/ul>\n<h2>Fordele ved at k\u00f8be BonoLoto-billetter online<\/h2>\n<ul>\n<li>Bliv hjemme og f\u00e5 alligevel de \u00f8nskede billetter fra Danmark eller fra et hvilket som helst andet land<\/li>\n<li>V\u00e6lg mellem en bred vifte af forskellige lotterispil fra hele verden<\/li>\n<li>F\u00e5 bedre chancer for at vinde store pr\u00e6mier ved at v\u00e6lge de bedste jackpots<\/li>\n<li>S\u00e6t penge ind p\u00e5 din konto for at betale for dine billetter<\/li>\n<li>Du skal ikke bekymre dig om nogensinde at miste en billet igen<\/li>\n<li>G\u00e5 aldrig glip af en gevinst med \u00f8jeblikkelige notifikationer<\/li>\n<li>Brug den tilf\u00e6ldige nummergenerator til at v\u00e6lge dine numre for dig<\/li>\n<\/ul>\n<h2>Er det lovligt at k\u00f8be BonoLoto-billetter online?<\/h2>\n<p>Du f\u00f8ler dig m\u00e5ske lidt bekymret over at spille denne type spil, hvis du ikke kender til lovm\u00e6ssighederne for online-lotto i dit bop\u00e6lsland. Men du kan absolut stole p\u00e5, at vores service kan hj\u00e6lpe dig. Vi s\u00f8rger for, at alle regler for det land, som lottoet kommer fra, bliver overholdt.<\/p>\n<p>P\u00e5 den m\u00e5de beh\u00f8ver du ikke at bekymre dig om at kunne g\u00f8re krav p\u00e5 gevinsten, hvis du vinder en gevinst, herunder jackpotten. Du er garanteret at f\u00e5 den gevinst, som du har fortjent.<br \/>\nDen eneste regel er, at du skal v\u00e6re mindst 18 \u00e5r for at kunne spille.<\/p>\n<h2>Hvordan bliver jeg betalt, hvis jeg vinder BonoLoto online?<\/h2>\n<p><img loading=\"lazy\" decoding=\"async\" class=\"alignright wp-image-3675\" src=\"https:\/\/onlinelotto365.com\/wp-content\/uploads\/2020\/11\/online_lottery-117-300x217.jpg\" alt=\"k\u00f8be bonoloto billetter online\" width=\"195\" height=\"141\" srcset=\"https:\/\/onlinelotto365.com\/wp-content\/uploads\/2020\/11\/online_lottery-117-300x217.jpg 300w, https:\/\/onlinelotto365.com\/wp-content\/uploads\/2020\/11\/online_lottery-117.jpg 320w\" sizes=\"auto, (max-width: 195px) 100vw, 195px\" \/><\/p>\n<p>Udbetalinger er vigtige, og du vil gerne sikre dig, at du f\u00e5r alle de penge, som du er berettiget til. Det er ikke et problem hos os, fordi vi ikke opkr\u00e6ver dig en provision p\u00e5 nogen af dine gevinster. Du f\u00e5r det hele direkte ind p\u00e5 din konto.<\/p>\n<p>Det eneste tidspunkt, hvor vi overhovedet opkr\u00e6ver gebyrer, er, hvis du v\u00e6lger at f\u00e5 dine penge overf\u00f8rt til din bank. Hvis din bank opkr\u00e6ver et gebyr for denne overf\u00f8rsel, s\u00e5 sender vi dette gebyr videre til din konto.<br \/>\nN\u00e5r du er berettiget til udbetaling, sker der imidlertid en af to ting:<\/p>\n<ul>\n<li>Hvis du vinder mindre end 2.500 \u20ac, f\u00e5r du pengene p\u00e5 din konto praktisk talt med det samme, s\u00e5 du kan g\u00f8re, hvad du vil med dem.<\/li>\n<li>Hvis du vinder mere end 2.500 \u20ac, vil det bel\u00f8b, du vinder, blive sendt til dig enten som en bankoverf\u00f8rsel eller som en check. Du f\u00e5r mulighed for at v\u00e6lge, hvad du foretr\u00e6kker, n\u00e5r du udfylder den kravformular, som vores personale sender dig. P\u00e5 den m\u00e5de f\u00e5r du dine penge i l\u00f8bet af f\u00e5 dage.<\/li>\n<\/ul>\n","protected":false},"excerpt":{"rendered":"<p>Hvis du bor i Danmark og vil vide, hvordan du kan spille BonoLoto online og hvordan du f\u00e5r dine billetter, er du kommet til det rette sted. Vi kan hj\u00e6lpe dig med hele processen, og det bliver ogs\u00e5 meget nemmere, end du m\u00e5ske tror. Alt du skal g\u00f8re er at f\u00f8lge med i de trin, [&hellip;]<\/p>\n","protected":false},"author":1,"featured_media":0,"parent":5567,"menu_order":8,"comment_status":"closed","ping_status":"closed","template":"template-rightsidebar.php","meta":{"_et_pb_use_builder":"","_et_pb_old_content":"","_et_gb_content_width":"","exclude_from_search":false,"footnotes":""},"class_list":["post-80305","page","type-page","status-publish","hentry"],"yoast_head":"<!-- This site is optimized with the Yoast SEO plugin v23.4 - https:\/\/yoast.com\/wordpress\/plugins\/seo\/ -->\n<title>BonoLoto billetter online | S\u00e5dan k\u00f8ber du billetter fra Danmark<\/title>\n<meta name=\"description\" content=\"Vores hjemmeside giver dig mulighed for at k\u00f8be Bonoloto billetter online og lovligt\" \/>\n<meta name=\"robots\" content=\"index, follow, max-snippet:-1, max-image-preview:large, max-video-preview:-1\" \/>\n<link rel=\"canonical\" href=\"https:\/\/onlinelotto365.com\/da\/koebe-billetter\/bonoloto\/\" \/>\n<meta property=\"og:locale\" content=\"da_DK\" \/>\n<meta property=\"og:type\" content=\"article\" \/>\n<meta property=\"og:title\" content=\"BonoLoto billetter online | S\u00e5dan k\u00f8ber du billetter fra Danmark\" \/>\n<meta property=\"og:description\" content=\"Vores hjemmeside giver dig mulighed for at k\u00f8be Bonoloto billetter online og lovligt\" \/>\n<meta property=\"og:url\" content=\"https:\/\/onlinelotto365.com\/da\/koebe-billetter\/bonoloto\/\" \/>\n<meta property=\"og:site_name\" content=\"OnlineLotto365\" \/>\n<meta property=\"og:image\" content=\"https:\/\/redfoxlotto.com\/image?size=8&amp;lottery=bonoloto\" \/>\n<meta name=\"twitter:card\" content=\"summary_large_image\" \/>\n<meta name=\"twitter:label1\" content=\"Estimeret l\u00e6setid\" \/>\n\t<meta name=\"twitter:data1\" content=\"4 minutter\" \/>\n<script type=\"application\/ld+json\" class=\"yoast-schema-graph\">{\"@context\":\"https:\/\/schema.org\",\"@graph\":[{\"@type\":\"WebPage\",\"@id\":\"https:\/\/onlinelotto365.com\/da\/koebe-billetter\/bonoloto\/\",\"url\":\"https:\/\/onlinelotto365.com\/da\/koebe-billetter\/bonoloto\/\",\"name\":\"BonoLoto billetter online | S\u00e5dan k\u00f8ber du billetter fra Danmark\",\"isPartOf\":{\"@id\":\"https:\/\/onlinelotto365.com\/da\/#website\"},\"primaryImageOfPage\":{\"@id\":\"https:\/\/onlinelotto365.com\/da\/koebe-billetter\/bonoloto\/#primaryimage\"},\"image\":{\"@id\":\"https:\/\/onlinelotto365.com\/da\/koebe-billetter\/bonoloto\/#primaryimage\"},\"thumbnailUrl\":\"https:\/\/redfoxlotto.com\/image?size=8&amp;lottery=bonoloto\",\"datePublished\":\"2022-11-16T10:43:53+00:00\",\"dateModified\":\"2022-11-16T10:43:53+00:00\",\"description\":\"Vores hjemmeside giver dig mulighed for at k\u00f8be Bonoloto billetter online og lovligt\",\"breadcrumb\":{\"@id\":\"https:\/\/onlinelotto365.com\/da\/koebe-billetter\/bonoloto\/#breadcrumb\"},\"inLanguage\":\"da-DK\",\"potentialAction\":[{\"@type\":\"ReadAction\",\"target\":[\"https:\/\/onlinelotto365.com\/da\/koebe-billetter\/bonoloto\/\"]}]},{\"@type\":\"ImageObject\",\"inLanguage\":\"da-DK\",\"@id\":\"https:\/\/onlinelotto365.com\/da\/koebe-billetter\/bonoloto\/#primaryimage\",\"url\":\"https:\/\/redfoxlotto.com\/image?size=8&amp;lottery=bonoloto\",\"contentUrl\":\"https:\/\/redfoxlotto.com\/image?size=8&amp;lottery=bonoloto\"},{\"@type\":\"BreadcrumbList\",\"@id\":\"https:\/\/onlinelotto365.com\/da\/koebe-billetter\/bonoloto\/#breadcrumb\",\"itemListElement\":[{\"@type\":\"ListItem\",\"position\":1,\"name\":\"Home\",\"item\":\"https:\/\/onlinelotto365.com\/da\/\"},{\"@type\":\"ListItem\",\"position\":2,\"name\":\"At spille verdensomsp\u00e6ndende Lotto\",\"item\":\"https:\/\/onlinelotto365.com\/da\/buy-tickets\/\"},{\"@type\":\"ListItem\",\"position\":3,\"name\":\"S\u00e5dan k\u00f8ber du BonoLoto-billetter online\"}]},{\"@type\":\"WebSite\",\"@id\":\"https:\/\/onlinelotto365.com\/da\/#website\",\"url\":\"https:\/\/onlinelotto365.com\/da\/\",\"name\":\"OnlineLotto365\",\"description\":\"\",\"potentialAction\":[{\"@type\":\"SearchAction\",\"target\":{\"@type\":\"EntryPoint\",\"urlTemplate\":\"https:\/\/onlinelotto365.com\/da\/?s={search_term_string}\"},\"query-input\":{\"@type\":\"PropertyValueSpecification\",\"valueRequired\":true,\"valueName\":\"search_term_string\"}}],\"inLanguage\":\"da-DK\"}]}<\/script>\n<!-- \/ Yoast SEO plugin. -->","yoast_head_json":{"title":"BonoLoto billetter online | S\u00e5dan k\u00f8ber du billetter fra Danmark","description":"Vores hjemmeside giver dig mulighed for at k\u00f8be Bonoloto billetter online og lovligt","robots":{"index":"index","follow":"follow","max-snippet":"max-snippet:-1","max-image-preview":"max-image-preview:large","max-video-preview":"max-video-preview:-1"},"canonical":"https:\/\/onlinelotto365.com\/da\/koebe-billetter\/bonoloto\/","og_locale":"da_DK","og_type":"article","og_title":"BonoLoto billetter online | S\u00e5dan k\u00f8ber du billetter fra Danmark","og_description":"Vores hjemmeside giver dig mulighed for at k\u00f8be Bonoloto billetter online og lovligt","og_url":"https:\/\/onlinelotto365.com\/da\/koebe-billetter\/bonoloto\/","og_site_name":"OnlineLotto365","og_image":[{"url":"https:\/\/redfoxlotto.com\/image?size=8&amp;lottery=bonoloto"}],"twitter_card":"summary_large_image","twitter_misc":{"Estimeret l\u00e6setid":"4 minutter"},"schema":{"@context":"https:\/\/schema.org","@graph":[{"@type":"WebPage","@id":"https:\/\/onlinelotto365.com\/da\/koebe-billetter\/bonoloto\/","url":"https:\/\/onlinelotto365.com\/da\/koebe-billetter\/bonoloto\/","name":"BonoLoto billetter online | S\u00e5dan k\u00f8ber du billetter fra Danmark","isPartOf":{"@id":"https:\/\/onlinelotto365.com\/da\/#website"},"primaryImageOfPage":{"@id":"https:\/\/onlinelotto365.com\/da\/koebe-billetter\/bonoloto\/#primaryimage"},"image":{"@id":"https:\/\/onlinelotto365.com\/da\/koebe-billetter\/bonoloto\/#primaryimage"},"thumbnailUrl":"https:\/\/redfoxlotto.com\/image?size=8&amp;lottery=bonoloto","datePublished":"2022-11-16T10:43:53+00:00","dateModified":"2022-11-16T10:43:53+00:00","description":"Vores hjemmeside giver dig mulighed for at k\u00f8be Bonoloto billetter online og lovligt","breadcrumb":{"@id":"https:\/\/onlinelotto365.com\/da\/koebe-billetter\/bonoloto\/#breadcrumb"},"inLanguage":"da-DK","potentialAction":[{"@type":"ReadAction","target":["https:\/\/onlinelotto365.com\/da\/koebe-billetter\/bonoloto\/"]}]},{"@type":"ImageObject","inLanguage":"da-DK","@id":"https:\/\/onlinelotto365.com\/da\/koebe-billetter\/bonoloto\/#primaryimage","url":"https:\/\/redfoxlotto.com\/image?size=8&amp;lottery=bonoloto","contentUrl":"https:\/\/redfoxlotto.com\/image?size=8&amp;lottery=bonoloto"},{"@type":"BreadcrumbList","@id":"https:\/\/onlinelotto365.com\/da\/koebe-billetter\/bonoloto\/#breadcrumb","itemListElement":[{"@type":"ListItem","position":1,"name":"Home","item":"https:\/\/onlinelotto365.com\/da\/"},{"@type":"ListItem","position":2,"name":"At spille verdensomsp\u00e6ndende Lotto","item":"https:\/\/onlinelotto365.com\/da\/buy-tickets\/"},{"@type":"ListItem","position":3,"name":"S\u00e5dan k\u00f8ber du BonoLoto-billetter online"}]},{"@type":"WebSite","@id":"https:\/\/onlinelotto365.com\/da\/#website","url":"https:\/\/onlinelotto365.com\/da\/","name":"OnlineLotto365","description":"","potentialAction":[{"@type":"SearchAction","target":{"@type":"EntryPoint","urlTemplate":"https:\/\/onlinelotto365.com\/da\/?s={search_term_string}"},"query-input":{"@type":"PropertyValueSpecification","valueRequired":true,"valueName":"search_term_string"}}],"inLanguage":"da-DK"}]}},"_links":{"self":[{"href":"https:\/\/onlinelotto365.com\/da\/wp-json\/wp\/v2\/pages\/80305","targetHints":{"allow":["GET"]}}],"collection":[{"href":"https:\/\/onlinelotto365.com\/da\/wp-json\/wp\/v2\/pages"}],"about":[{"href":"https:\/\/onlinelotto365.com\/da\/wp-json\/wp\/v2\/types\/page"}],"author":[{"embeddable":true,"href":"https:\/\/onlinelotto365.com\/da\/wp-json\/wp\/v2\/users\/1"}],"replies":[{"embeddable":true,"href":"https:\/\/onlinelotto365.com\/da\/wp-json\/wp\/v2\/comments?post=80305"}],"version-history":[{"count":0,"href":"https:\/\/onlinelotto365.com\/da\/wp-json\/wp\/v2\/pages\/80305\/revisions"}],"up":[{"embeddable":true,"href":"https:\/\/onlinelotto365.com\/da\/wp-json\/wp\/v2\/pages\/5567"}],"wp:attachment":[{"href":"https:\/\/onlinelotto365.com\/da\/wp-json\/wp\/v2\/media?parent=80305"}],"curies":[{"name":"wp","href":"https:\/\/api.w.org\/{rel}","templated":true}]}}