{"id":80341,"date":"2022-11-16T14:41:22","date_gmt":"2022-11-16T13:41:22","guid":{"rendered":"https:\/\/onlinelotto365.com\/?page_id=80341"},"modified":"2022-11-16T14:41:22","modified_gmt":"2022-11-16T13:41:22","slug":"uk-lottery","status":"publish","type":"page","link":"https:\/\/onlinelotto365.com\/da\/koebe-billetter\/uk-lottery\/","title":{"rendered":"S\u00e5dan k\u00f8ber du britiske lottokuponer online"},"content":{"rendered":"<p>Hvis du \u00f8nsker at k\u00f8be dine lottokuponer til UK Lottery i Danmark, beh\u00f8ver du ikke at bekymre dig, for vi har hele processen hurtigt og nemt for dig. Du skal blot tage et kig p\u00e5 de enkle trin nedenfor, og du vil v\u00e6re klar p\u00e5 ingen tid overhovedet.<br \/>\n<a href=\"https:\/\/redfoxlotto.com\/play\/lotto-uk\/?ref=a8564250a2&amp;medium=ol365\" target=\"_blank\" rel=\"noopener noreferrer\"><img decoding=\"async\" class=\"aligncenter\" src=\"https:\/\/redfoxlotto.com\/image?size=8&amp;lottery=lotto-uk\" alt=\"uk lotteri\" \/><\/a><\/p>\n<ul>\n<li>G\u00e5 til den rigtige side for det lotteri, som du \u00f8nsker at spille, som f.eks. det britiske lotteri. Og v\u00e6lg derefter de numre, som du vil have til din kupon.<\/li>\n<li>V\u00e6lg eventuelle yderligere lottokuponer, som du \u00f8nsker til dette eller andre lotterispil, som du vil spille<\/li>\n<li>V\u00e6lg muligheden for at betale for dine lodder<\/li>\n<li>G\u00e5 gennem processen med at registrere en konto, hvis du er en ny bruger, eller logge ind p\u00e5 din konto, hvis du allerede er en eksisterende bruger<\/li>\n<li>For dem, der stadig har brug for at registrere sig, vil du f\u00e5 en bekr\u00e6ftelsesmail i din indbakke eller spam-mappe inden for f\u00e5 minutter<\/li>\n<li>Hvis du ikke har modtaget din e-mail i l\u00f8bet af et par minutter, skal du tjekke spam-mappen for at finde ud af, om du har modtaget den<\/li>\n<li>G\u00e5 tilbage til webstedet og v\u00e6lg indk\u00f8bskurven for at betale for dine billetter<\/li>\n<li>V\u00e6lg din betalingsmetode, og gennemg\u00e5 betalingsinstruktionerne<\/li>\n<\/ul>\n<h2>S\u00e5dan betaler du for din UK Lottery-billet online<\/h2>\n<p>Vi tilbyder flere forskellige helt sikre betalingsmetoder til vores kunder fra bl.a. Danmark. P\u00e5 den m\u00e5de kan du v\u00e6lge den metode, der fungerer bedst for dig.<br \/>\nV\u00e6lg mellem to forskellige overordnede betalingsmuligheder:<\/p>\n<p>Betal for hver enkelt ordre med den foretrukne betalingsform efter eget valg<br \/>\nS\u00e6t penge ind p\u00e5 din konto og brug dem til at k\u00f8be de billetter, som du \u00f8nsker<\/p>\n<p>S\u00f8rg for at indbetale mere end det bel\u00f8b, du har brug for til dine billetter, hvis du v\u00e6lger at s\u00e6tte penge direkte ind p\u00e5 din konto.<\/p>\n<h2>Mere information om UK Lottery<\/h2>\n<ul>\n<li>Land: UK Lottery<\/li>\n<li>Vigtigste nummerserie: 59<\/li>\n<li>Du v\u00e6lger: 6<\/li>\n<li>Ekstra numre:<\/li>\n<li>Du v\u00e6lger:<\/li>\n<li>Tr\u00e6k dage og timer: Onsdag, l\u00f8rdag, , 19:30 UTC, 19:30 CET<\/li>\n<li>Mindste jackpot: GBP 2,5 millioner<\/li>\n<li>Maksimal jackpot: GBP 22 mio.<\/li>\n<li>Sandsynlighed for at vinde jackpotten: 1 ud af 45057474<\/li>\n<li>Sandsynlighed for en gevinst p\u00e5 niveau 2: 1 ud af 7509579<\/li>\n<li>Sandsynlighed for at vinde i alle niveauer: 1 ud af 9,27<\/li>\n<li>Antal gevinstniveauer: 6<\/li>\n<\/ul>\n<h2>Fordele ved at k\u00f8be britiske lottokuponer online<\/h2>\n<ul>\n<li>Du kan f\u00e5 de \u00f8nskede billetter uden at forlade hjemmet<\/li>\n<li>V\u00e6lg mellem en bred vifte af forskellige lotterispil<\/li>\n<li>F\u00e5 de bedste chancer for en stor jackpot ved at v\u00e6lge mellem forskellige spil<\/li>\n<li>Tilf\u00f8j penge direkte til din betalingskonto for at betale for billetter<\/li>\n<li>Du beh\u00f8ver ikke bekymre dig om at miste dine lodder hver gang igen<\/li>\n<li>Meddelelser sendes direkte til dig ved gevinster<\/li>\n<li>Nemme valgmuligheder, hvis du ikke \u00f8nsker at v\u00e6lge dine egne numre<\/li>\n<\/ul>\n<h2>Er det lovligt at k\u00f8be britiske lottokuponer online?<\/h2>\n<p>Der er ingen bekymringer om lovligheden af at k\u00f8be UK Lottery billetter online fra Danmark eller p\u00e5 den mere traditionelle m\u00e5de. Du kan v\u00e6re sikker p\u00e5, at du uanset hvad f\u00e5r dine lodder, og du beh\u00f8ver ikke at bekymre dig om selv at f\u00e5 en jackpot.<\/p>\n<p>Vi s\u00f8rger for at skaffe dig pengene uden at du beh\u00f8ver at bekymre dig om, hvorvidt tjenesten er lovlig i henhold til dit bop\u00e6lsland. Du skal blot sikre dig, at du er 18 \u00e5r eller \u00e6ldre for at k\u00f8be billetter hos os<\/p>\n<h2>Hvordan bliver jeg betalt, hvis jeg vinder i UK Lottery online?<\/h2>\n<p><img loading=\"lazy\" decoding=\"async\" class=\"alignright size-medium wp-image-3655\" src=\"https:\/\/onlinelotto365.com\/wp-content\/uploads\/2020\/11\/online_lottery-59-300x182.jpg\" alt=\"spille uk lotteri online\" width=\"300\" height=\"182\" srcset=\"https:\/\/onlinelotto365.com\/wp-content\/uploads\/2020\/11\/online_lottery-59-300x182.jpg 300w, https:\/\/onlinelotto365.com\/wp-content\/uploads\/2020\/11\/online_lottery-59.jpg 320w\" sizes=\"auto, (max-width: 300px) 100vw, 300px\" \/><br \/>\nVi ved, at det at blive betalt er en af de vigtigste dele for dig, og derfor \u00f8nsker vi at sikre, at betalingsprocessen er s\u00e5 enkel som muligt. Vi tager heller ikke nogen provision af din gevinst, s\u00e5 du f\u00e5r hver en bid af det, du har vundet. Det eneste tidspunkt, hvor vi opkr\u00e6ver gebyrer, er, hvis du anmoder om en bankoverf\u00f8rsel, og banken opkr\u00e6ver os et gebyr. Dette bel\u00f8b kan blive sendt videre til dig.<br \/>\nEllers skal du bare se, hvad der sker for dine betalinger her:<\/p>\n<ul>\n<li>Betalinger p\u00e5 under 2.500 \u20ac vil automatisk blive udbetalt til din konto. Du beh\u00f8ver ikke at g\u00f8re noget som helst<\/li>\n<li>Udbetalinger p\u00e5 over 2 500 \u20ac kr\u00e6ver en kravformular, som kan indsendes til lotterikommissionen. Dette vil blive sendt til dig af vores supportteam og vil lade dig v\u00e6lge at f\u00e5 dine penge sendt med check eller bankoverf\u00f8rsel<\/li>\n<\/ul>\n","protected":false},"excerpt":{"rendered":"<p>Hvis du \u00f8nsker at k\u00f8be dine lottokuponer til UK Lottery i Danmark, beh\u00f8ver du ikke at bekymre dig, for vi har hele processen hurtigt og nemt for dig. Du skal blot tage et kig p\u00e5 de enkle trin nedenfor, og du vil v\u00e6re klar p\u00e5 ingen tid overhovedet. G\u00e5 til den rigtige side for det [&hellip;]<\/p>\n","protected":false},"author":1,"featured_media":0,"parent":5567,"menu_order":9,"comment_status":"closed","ping_status":"closed","template":"lotto-uk-info.php","meta":{"_et_pb_use_builder":"","_et_pb_old_content":"","_et_gb_content_width":"","exclude_from_search":false,"footnotes":""},"class_list":["post-80341","page","type-page","status-publish","hentry"],"yoast_head":"<!-- This site is optimized with the Yoast SEO plugin v23.4 - https:\/\/yoast.com\/wordpress\/plugins\/seo\/ -->\n<title>K\u00f8b billetter til UK Lottery online fra Danmark| UK Lottery info, hvordan man k\u00f8ber billetter<\/title>\n<meta name=\"description\" content=\"Vi g\u00f8r det muligt for lottospillere fra Danmark at k\u00f8be lodder til UK Lottery\" \/>\n<meta name=\"robots\" content=\"index, follow, max-snippet:-1, max-image-preview:large, max-video-preview:-1\" \/>\n<link rel=\"canonical\" href=\"https:\/\/onlinelotto365.com\/da\/koebe-billetter\/uk-lottery\/\" \/>\n<meta property=\"og:locale\" content=\"da_DK\" \/>\n<meta property=\"og:type\" content=\"article\" \/>\n<meta property=\"og:title\" content=\"K\u00f8b billetter til UK Lottery online fra Danmark| UK Lottery info, hvordan man k\u00f8ber billetter\" \/>\n<meta property=\"og:description\" content=\"Vi g\u00f8r det muligt for lottospillere fra Danmark at k\u00f8be lodder til UK Lottery\" \/>\n<meta property=\"og:url\" content=\"https:\/\/onlinelotto365.com\/da\/koebe-billetter\/uk-lottery\/\" \/>\n<meta property=\"og:site_name\" content=\"OnlineLotto365\" \/>\n<meta property=\"og:image\" content=\"https:\/\/redfoxlotto.com\/image?size=8&amp;lottery=lotto-uk\" \/>\n<meta name=\"twitter:card\" content=\"summary_large_image\" \/>\n<meta name=\"twitter:label1\" content=\"Estimeret l\u00e6setid\" \/>\n\t<meta name=\"twitter:data1\" content=\"4 minutter\" \/>\n<script type=\"application\/ld+json\" class=\"yoast-schema-graph\">{\"@context\":\"https:\/\/schema.org\",\"@graph\":[{\"@type\":\"WebPage\",\"@id\":\"https:\/\/onlinelotto365.com\/da\/koebe-billetter\/uk-lottery\/\",\"url\":\"https:\/\/onlinelotto365.com\/da\/koebe-billetter\/uk-lottery\/\",\"name\":\"K\u00f8b billetter til UK Lottery online fra Danmark| UK Lottery info, hvordan man k\u00f8ber billetter\",\"isPartOf\":{\"@id\":\"https:\/\/onlinelotto365.com\/da\/#website\"},\"primaryImageOfPage\":{\"@id\":\"https:\/\/onlinelotto365.com\/da\/koebe-billetter\/uk-lottery\/#primaryimage\"},\"image\":{\"@id\":\"https:\/\/onlinelotto365.com\/da\/koebe-billetter\/uk-lottery\/#primaryimage\"},\"thumbnailUrl\":\"https:\/\/redfoxlotto.com\/image?size=8&amp;lottery=lotto-uk\",\"datePublished\":\"2022-11-16T13:41:22+00:00\",\"dateModified\":\"2022-11-16T13:41:22+00:00\",\"description\":\"Vi g\u00f8r det muligt for lottospillere fra Danmark at k\u00f8be lodder til UK Lottery\",\"breadcrumb\":{\"@id\":\"https:\/\/onlinelotto365.com\/da\/koebe-billetter\/uk-lottery\/#breadcrumb\"},\"inLanguage\":\"da-DK\",\"potentialAction\":[{\"@type\":\"ReadAction\",\"target\":[\"https:\/\/onlinelotto365.com\/da\/koebe-billetter\/uk-lottery\/\"]}]},{\"@type\":\"ImageObject\",\"inLanguage\":\"da-DK\",\"@id\":\"https:\/\/onlinelotto365.com\/da\/koebe-billetter\/uk-lottery\/#primaryimage\",\"url\":\"https:\/\/redfoxlotto.com\/image?size=8&amp;lottery=lotto-uk\",\"contentUrl\":\"https:\/\/redfoxlotto.com\/image?size=8&amp;lottery=lotto-uk\"},{\"@type\":\"BreadcrumbList\",\"@id\":\"https:\/\/onlinelotto365.com\/da\/koebe-billetter\/uk-lottery\/#breadcrumb\",\"itemListElement\":[{\"@type\":\"ListItem\",\"position\":1,\"name\":\"Home\",\"item\":\"https:\/\/onlinelotto365.com\/da\/\"},{\"@type\":\"ListItem\",\"position\":2,\"name\":\"At spille verdensomsp\u00e6ndende Lotto\",\"item\":\"https:\/\/onlinelotto365.com\/da\/buy-tickets\/\"},{\"@type\":\"ListItem\",\"position\":3,\"name\":\"S\u00e5dan k\u00f8ber du britiske lottokuponer online\"}]},{\"@type\":\"WebSite\",\"@id\":\"https:\/\/onlinelotto365.com\/da\/#website\",\"url\":\"https:\/\/onlinelotto365.com\/da\/\",\"name\":\"OnlineLotto365\",\"description\":\"\",\"potentialAction\":[{\"@type\":\"SearchAction\",\"target\":{\"@type\":\"EntryPoint\",\"urlTemplate\":\"https:\/\/onlinelotto365.com\/da\/?s={search_term_string}\"},\"query-input\":{\"@type\":\"PropertyValueSpecification\",\"valueRequired\":true,\"valueName\":\"search_term_string\"}}],\"inLanguage\":\"da-DK\"}]}<\/script>\n<!-- \/ Yoast SEO plugin. -->","yoast_head_json":{"title":"K\u00f8b billetter til UK Lottery online fra Danmark| UK Lottery info, hvordan man k\u00f8ber billetter","description":"Vi g\u00f8r det muligt for lottospillere fra Danmark at k\u00f8be lodder til UK Lottery","robots":{"index":"index","follow":"follow","max-snippet":"max-snippet:-1","max-image-preview":"max-image-preview:large","max-video-preview":"max-video-preview:-1"},"canonical":"https:\/\/onlinelotto365.com\/da\/koebe-billetter\/uk-lottery\/","og_locale":"da_DK","og_type":"article","og_title":"K\u00f8b billetter til UK Lottery online fra Danmark| UK Lottery info, hvordan man k\u00f8ber billetter","og_description":"Vi g\u00f8r det muligt for lottospillere fra Danmark at k\u00f8be lodder til UK Lottery","og_url":"https:\/\/onlinelotto365.com\/da\/koebe-billetter\/uk-lottery\/","og_site_name":"OnlineLotto365","og_image":[{"url":"https:\/\/redfoxlotto.com\/image?size=8&amp;lottery=lotto-uk"}],"twitter_card":"summary_large_image","twitter_misc":{"Estimeret l\u00e6setid":"4 minutter"},"schema":{"@context":"https:\/\/schema.org","@graph":[{"@type":"WebPage","@id":"https:\/\/onlinelotto365.com\/da\/koebe-billetter\/uk-lottery\/","url":"https:\/\/onlinelotto365.com\/da\/koebe-billetter\/uk-lottery\/","name":"K\u00f8b billetter til UK Lottery online fra Danmark| UK Lottery info, hvordan man k\u00f8ber billetter","isPartOf":{"@id":"https:\/\/onlinelotto365.com\/da\/#website"},"primaryImageOfPage":{"@id":"https:\/\/onlinelotto365.com\/da\/koebe-billetter\/uk-lottery\/#primaryimage"},"image":{"@id":"https:\/\/onlinelotto365.com\/da\/koebe-billetter\/uk-lottery\/#primaryimage"},"thumbnailUrl":"https:\/\/redfoxlotto.com\/image?size=8&amp;lottery=lotto-uk","datePublished":"2022-11-16T13:41:22+00:00","dateModified":"2022-11-16T13:41:22+00:00","description":"Vi g\u00f8r det muligt for lottospillere fra Danmark at k\u00f8be lodder til UK Lottery","breadcrumb":{"@id":"https:\/\/onlinelotto365.com\/da\/koebe-billetter\/uk-lottery\/#breadcrumb"},"inLanguage":"da-DK","potentialAction":[{"@type":"ReadAction","target":["https:\/\/onlinelotto365.com\/da\/koebe-billetter\/uk-lottery\/"]}]},{"@type":"ImageObject","inLanguage":"da-DK","@id":"https:\/\/onlinelotto365.com\/da\/koebe-billetter\/uk-lottery\/#primaryimage","url":"https:\/\/redfoxlotto.com\/image?size=8&amp;lottery=lotto-uk","contentUrl":"https:\/\/redfoxlotto.com\/image?size=8&amp;lottery=lotto-uk"},{"@type":"BreadcrumbList","@id":"https:\/\/onlinelotto365.com\/da\/koebe-billetter\/uk-lottery\/#breadcrumb","itemListElement":[{"@type":"ListItem","position":1,"name":"Home","item":"https:\/\/onlinelotto365.com\/da\/"},{"@type":"ListItem","position":2,"name":"At spille verdensomsp\u00e6ndende Lotto","item":"https:\/\/onlinelotto365.com\/da\/buy-tickets\/"},{"@type":"ListItem","position":3,"name":"S\u00e5dan k\u00f8ber du britiske lottokuponer online"}]},{"@type":"WebSite","@id":"https:\/\/onlinelotto365.com\/da\/#website","url":"https:\/\/onlinelotto365.com\/da\/","name":"OnlineLotto365","description":"","potentialAction":[{"@type":"SearchAction","target":{"@type":"EntryPoint","urlTemplate":"https:\/\/onlinelotto365.com\/da\/?s={search_term_string}"},"query-input":{"@type":"PropertyValueSpecification","valueRequired":true,"valueName":"search_term_string"}}],"inLanguage":"da-DK"}]}},"_links":{"self":[{"href":"https:\/\/onlinelotto365.com\/da\/wp-json\/wp\/v2\/pages\/80341","targetHints":{"allow":["GET"]}}],"collection":[{"href":"https:\/\/onlinelotto365.com\/da\/wp-json\/wp\/v2\/pages"}],"about":[{"href":"https:\/\/onlinelotto365.com\/da\/wp-json\/wp\/v2\/types\/page"}],"author":[{"embeddable":true,"href":"https:\/\/onlinelotto365.com\/da\/wp-json\/wp\/v2\/users\/1"}],"replies":[{"embeddable":true,"href":"https:\/\/onlinelotto365.com\/da\/wp-json\/wp\/v2\/comments?post=80341"}],"version-history":[{"count":0,"href":"https:\/\/onlinelotto365.com\/da\/wp-json\/wp\/v2\/pages\/80341\/revisions"}],"up":[{"embeddable":true,"href":"https:\/\/onlinelotto365.com\/da\/wp-json\/wp\/v2\/pages\/5567"}],"wp:attachment":[{"href":"https:\/\/onlinelotto365.com\/da\/wp-json\/wp\/v2\/media?parent=80341"}],"curies":[{"name":"wp","href":"https:\/\/api.w.org\/{rel}","templated":true}]}}