{"id":80377,"date":"2022-11-17T09:41:43","date_gmt":"2022-11-17T08:41:43","guid":{"rendered":"https:\/\/onlinelotto365.com\/?page_id=80377"},"modified":"2022-11-17T09:41:43","modified_gmt":"2022-11-17T08:41:43","slug":"saet-for-life","status":"publish","type":"page","link":"https:\/\/onlinelotto365.com\/da\/koebe-billetter\/saet-for-life\/","title":{"rendered":"S\u00e5dan k\u00f8ber du Set for life-billetter online"},"content":{"rendered":"<p>Hvis du vil k\u00f8be dine Set for Life-billetter nu, skal du vide, hvordan du g\u00f8r det. Hvis du bor i Danmark, er det nemt for dig, og du ved sikkert allerede, hvordan du kan f\u00e5 billetter. Men hvad med lottospillere fra andre lande, f.eks. fra Australien? Tja, det er en meget enkel proces, og vi kan f\u00e5 dig i gang p\u00e5 ingen tid. Du skal blot f\u00f8lge de trin, som vi har beskrevet nedenfor. Derfra kan du f\u00e5 de billetter, du \u00f8nsker til den n\u00e6ste tr\u00e6kning.<br \/>\n<a href=\"https:\/\/redfoxlotto.com\/play\/set-for-life-uk\/?ref=a8564250a2&amp;medium=ol365\" target=\"_blank\" rel=\"noopener noreferrer\"><img decoding=\"async\" class=\"aligncenter\" src=\"https:\/\/redfoxlotto.com\/image?size=8&amp;lottery=set-for-life-uk\" alt=\"&amp;quot;Set\" \/><\/a><\/p>\n<ul>\n<li>G\u00e5 til siden for Set for Life-lotteriet og v\u00e6lg det antal lodder, du \u00f8nsker, og v\u00e6lg de numre, du \u00f8nsker for hver af disse lodder<\/li>\n<li>V\u00e6lg yderligere lottokuponer til Set for Life eller andre lottospil for at fylde din kurv<\/li>\n<li>V\u00e6lg muligheden for at betale nu<\/li>\n<li>F\u00f8lg anvisningerne for at logge ind p\u00e5 din konto eller g\u00e5 igennem processen med at oprette en ny konto<\/li>\n<li>Gennemf\u00f8r bekr\u00e6ftelsesprocessen ved at g\u00e5 ind p\u00e5 din konto og klikke p\u00e5 linket i din e-mail<\/li>\n<li>Tjek din spam-mappe, hvis e-mailen ikke vises i din indbakke, for at sikre dig, at du har modtaget den<\/li>\n<li>N\u00e5r du har bekr\u00e6ftet din konto, skal du g\u00e5 ind i indk\u00f8bskurven p\u00e5 webstedet<\/li>\n<li>V\u00e6lg din foretrukne betalingsmetode, og g\u00e5 igennem betalingsprocessen<\/li>\n<\/ul>\n<h2>S\u00e5dan betaler du din Set for life-billet online<\/h2>\n<p>N\u00e5r du skal betale for dine billetter, vil du opdage, at det ikke kun er nemt, men ogs\u00e5 helt sikkert og giver dig masser af muligheder.<br \/>\nDu kan v\u00e6lge at betale for dine billetter ved at:<\/p>\n<p>foretage et direkte k\u00f8b med den betalingsmetode, du har valgt<br \/>\nInds\u00e6tte penge p\u00e5 din konto og bruge dem til at foretage et k\u00f8b<\/p>\n<p>S\u00f8rg for, at hvis du v\u00e6lger at s\u00e6tte penge ind p\u00e5 din konto, skal du ogs\u00e5 s\u00e6tte lidt ekstra ind, s\u00e5 dit betalingsvalg bliver gennemf\u00f8rt.<\/p>\n<h2>Mere information om Set for life<\/h2>\n<ul>\n<li>Land: Danmark<\/li>\n<li>Vigtigste nummerserie: 45<\/li>\n<li>Du v\u00e6lger: 5<\/li>\n<li>Ekstra numre: 10<\/li>\n<li>Du v\u00e6lger: 1<\/li>\n<li>Tr\u00e6kningsdage, timer: Mandag, torsdag, 20:00 GMT, 21:00 CET<\/li>\n<li>Mindste jackpot:<\/li>\n<li>Maksimal jackpot:<\/li>\n<li>Sandsynlighed for at vinde jackpotten: 1 ud af 15339390<\/li>\n<li>Sandsynlighed for en gevinst p\u00e5 niveau 2: 1 ud af 1704377<\/li>\n<li>Sandsynlighed for at vinde i et hvilket som helst niveau: 1 ud af 12,4<\/li>\n<li>Antal gevinstniveauer: 8<\/li>\n<\/ul>\n<h2>Fordele ved at k\u00f8be Set for life-billetter online<\/h2>\n<ul>\n<li>Du skal aldrig forlade dit hjem for at k\u00f8be dine billetter<\/li>\n<li>Du er ikke begr\u00e6nset til at spille lotterier fra Australien<\/li>\n<li>Du kan v\u00e6lge mellem en r\u00e6kke forskellige lotterier fra hele verden<\/li>\n<li>V\u00e6lg spil med de h\u00f8jeste jackpots for at \u00f8ge dine chancer<\/li>\n<li>Brug din kontosaldo til at k\u00f8be de billetter, du \u00f8nsker<\/li>\n<li>Du kan altid holde styr p\u00e5 dine lodder<\/li>\n<li>F\u00e5 en meddelelse, hvis din billet er en vinder<\/li>\n<li>Du beh\u00f8ver ikke bekymre dig om at v\u00e6lge billetmuligheder med quick picks<\/li>\n<\/ul>\n<h2>Er det lovligt at k\u00f8be Set for life-billetter online?<\/h2>\n<p>Du beh\u00f8ver ikke at v\u00e6re bekymret for lovligheden af at k\u00f8be dine billetter online eller p\u00e5 den traditionelle m\u00e5de. Du kan l\u00e6ne dig tilbage og slappe af og stole p\u00e5, at vi vil s\u00f8rge for at f\u00f8lge alle regler fra det land, som disse spil kommer fra. Alt du skal g\u00f8re er at k\u00f8be en billet, og vi garanterer, at hvis du er berettiget til en pr\u00e6mie, herunder jackpotten, s\u00e5 f\u00e5r du den.<br \/>\nDu skal v\u00e6re mindst 18 \u00e5r gammel for at kunne bruge vores hjemmeside.<\/p>\n<h2>Hvordan bliver jeg betalt, hvis jeg vinder Set for life online?<\/h2>\n<p>Du \u00f8nsker at f\u00e5 udbetalt hver eneste cent, som du har ret til, n\u00e5r du vinder noget, og det er pr\u00e6cis, hvad vi g\u00f8r. Vi s\u00f8rger for, at du altid f\u00e5r alle pengene uden provision og uden gebyrer, der opkr\u00e6ves p\u00e5 din gevinst.<br \/>\nDet eneste tidspunkt, hvor du skal betale noget, er, hvis du beslutter dig for at f\u00e5 en bankoverf\u00f8rsel. Hvis banken opkr\u00e6ver os penge, hvilket kan ske med internationale overf\u00f8rsler, s\u00e5 opkr\u00e6ver vi gebyret p\u00e5 din konto. Dette er den eneste grund til, at vi tager noget fra dine gevinster.<br \/>\nOg hvis du vinder, f\u00e5r du dine penge p\u00e5 en af kun et par m\u00e5der:<\/p>\n<ul>\n<li>Ethvert bel\u00f8b under 2.500 \u20ac er nemt, fordi vores supportteam s\u00e6tter pengene direkte ind p\u00e5 din konto for dig<\/li>\n<li>Ethvert bel\u00f8b over \u20ac2500 vil stadig v\u00e6re nemt for dig, fordi vores supportteam vil hj\u00e6lpe dig gennem processen. Vi sender dig en formular, s\u00e5 du kan udfylde den og fort\u00e6lle os, om du vil have pengene overf\u00f8rt til din bank eller sendt som en check.<\/li>\n<\/ul>\n","protected":false},"excerpt":{"rendered":"<p>Hvis du vil k\u00f8be dine Set for Life-billetter nu, skal du vide, hvordan du g\u00f8r det. Hvis du bor i Danmark, er det nemt for dig, og du ved sikkert allerede, hvordan du kan f\u00e5 billetter. Men hvad med lottospillere fra andre lande, f.eks. fra Australien? Tja, det er en meget enkel proces, og vi [&hellip;]<\/p>\n","protected":false},"author":1,"featured_media":0,"parent":5567,"menu_order":10,"comment_status":"closed","ping_status":"closed","template":"set-for-life-info.php","meta":{"_et_pb_use_builder":"","_et_pb_old_content":"","_et_gb_content_width":"","exclude_from_search":false,"footnotes":""},"class_list":["post-80377","page","type-page","status-publish","hentry"],"yoast_head":"<!-- This site is optimized with the Yoast SEO plugin v23.4 - https:\/\/yoast.com\/wordpress\/plugins\/seo\/ -->\n<title>K\u00f8b billetter til Set for life online fra Australien | Set for life lotteri info, hvordan man k\u00f8ber billetter<\/title>\n<meta name=\"description\" content=\"Set for Life-lotteriet kan vindes fra Australien - k\u00f8b billetter online her\" \/>\n<meta name=\"robots\" content=\"index, follow, max-snippet:-1, max-image-preview:large, max-video-preview:-1\" \/>\n<link rel=\"canonical\" href=\"https:\/\/onlinelotto365.com\/da\/koebe-billetter\/saet-for-life\/\" \/>\n<meta property=\"og:locale\" content=\"da_DK\" \/>\n<meta property=\"og:type\" content=\"article\" \/>\n<meta property=\"og:title\" content=\"K\u00f8b billetter til Set for life online fra Australien | Set for life lotteri info, hvordan man k\u00f8ber billetter\" \/>\n<meta property=\"og:description\" content=\"Set for Life-lotteriet kan vindes fra Australien - k\u00f8b billetter online her\" \/>\n<meta property=\"og:url\" content=\"https:\/\/onlinelotto365.com\/da\/koebe-billetter\/saet-for-life\/\" \/>\n<meta property=\"og:site_name\" content=\"OnlineLotto365\" \/>\n<meta property=\"og:image\" content=\"https:\/\/redfoxlotto.com\/image?size=8&amp;lottery=set-for-life-uk\" \/>\n<meta name=\"twitter:card\" content=\"summary_large_image\" \/>\n<meta name=\"twitter:label1\" content=\"Estimeret l\u00e6setid\" \/>\n\t<meta name=\"twitter:data1\" content=\"4 minutter\" \/>\n<script type=\"application\/ld+json\" class=\"yoast-schema-graph\">{\"@context\":\"https:\/\/schema.org\",\"@graph\":[{\"@type\":\"WebPage\",\"@id\":\"https:\/\/onlinelotto365.com\/da\/koebe-billetter\/saet-for-life\/\",\"url\":\"https:\/\/onlinelotto365.com\/da\/koebe-billetter\/saet-for-life\/\",\"name\":\"K\u00f8b billetter til Set for life online fra Australien | Set for life lotteri info, hvordan man k\u00f8ber billetter\",\"isPartOf\":{\"@id\":\"https:\/\/onlinelotto365.com\/da\/#website\"},\"primaryImageOfPage\":{\"@id\":\"https:\/\/onlinelotto365.com\/da\/koebe-billetter\/saet-for-life\/#primaryimage\"},\"image\":{\"@id\":\"https:\/\/onlinelotto365.com\/da\/koebe-billetter\/saet-for-life\/#primaryimage\"},\"thumbnailUrl\":\"https:\/\/redfoxlotto.com\/image?size=8&amp;lottery=set-for-life-uk\",\"datePublished\":\"2022-11-17T08:41:43+00:00\",\"dateModified\":\"2022-11-17T08:41:43+00:00\",\"description\":\"Set for Life-lotteriet kan vindes fra Australien - k\u00f8b billetter online her\",\"breadcrumb\":{\"@id\":\"https:\/\/onlinelotto365.com\/da\/koebe-billetter\/saet-for-life\/#breadcrumb\"},\"inLanguage\":\"da-DK\",\"potentialAction\":[{\"@type\":\"ReadAction\",\"target\":[\"https:\/\/onlinelotto365.com\/da\/koebe-billetter\/saet-for-life\/\"]}]},{\"@type\":\"ImageObject\",\"inLanguage\":\"da-DK\",\"@id\":\"https:\/\/onlinelotto365.com\/da\/koebe-billetter\/saet-for-life\/#primaryimage\",\"url\":\"https:\/\/redfoxlotto.com\/image?size=8&amp;lottery=set-for-life-uk\",\"contentUrl\":\"https:\/\/redfoxlotto.com\/image?size=8&amp;lottery=set-for-life-uk\"},{\"@type\":\"BreadcrumbList\",\"@id\":\"https:\/\/onlinelotto365.com\/da\/koebe-billetter\/saet-for-life\/#breadcrumb\",\"itemListElement\":[{\"@type\":\"ListItem\",\"position\":1,\"name\":\"Home\",\"item\":\"https:\/\/onlinelotto365.com\/da\/\"},{\"@type\":\"ListItem\",\"position\":2,\"name\":\"At spille verdensomsp\u00e6ndende Lotto\",\"item\":\"https:\/\/onlinelotto365.com\/da\/buy-tickets\/\"},{\"@type\":\"ListItem\",\"position\":3,\"name\":\"S\u00e5dan k\u00f8ber du Set for life-billetter online\"}]},{\"@type\":\"WebSite\",\"@id\":\"https:\/\/onlinelotto365.com\/da\/#website\",\"url\":\"https:\/\/onlinelotto365.com\/da\/\",\"name\":\"OnlineLotto365\",\"description\":\"\",\"potentialAction\":[{\"@type\":\"SearchAction\",\"target\":{\"@type\":\"EntryPoint\",\"urlTemplate\":\"https:\/\/onlinelotto365.com\/da\/?s={search_term_string}\"},\"query-input\":{\"@type\":\"PropertyValueSpecification\",\"valueRequired\":true,\"valueName\":\"search_term_string\"}}],\"inLanguage\":\"da-DK\"}]}<\/script>\n<!-- \/ Yoast SEO plugin. -->","yoast_head_json":{"title":"K\u00f8b billetter til Set for life online fra Australien | Set for life lotteri info, hvordan man k\u00f8ber billetter","description":"Set for Life-lotteriet kan vindes fra Australien - k\u00f8b billetter online her","robots":{"index":"index","follow":"follow","max-snippet":"max-snippet:-1","max-image-preview":"max-image-preview:large","max-video-preview":"max-video-preview:-1"},"canonical":"https:\/\/onlinelotto365.com\/da\/koebe-billetter\/saet-for-life\/","og_locale":"da_DK","og_type":"article","og_title":"K\u00f8b billetter til Set for life online fra Australien | Set for life lotteri info, hvordan man k\u00f8ber billetter","og_description":"Set for Life-lotteriet kan vindes fra Australien - k\u00f8b billetter online her","og_url":"https:\/\/onlinelotto365.com\/da\/koebe-billetter\/saet-for-life\/","og_site_name":"OnlineLotto365","og_image":[{"url":"https:\/\/redfoxlotto.com\/image?size=8&amp;lottery=set-for-life-uk"}],"twitter_card":"summary_large_image","twitter_misc":{"Estimeret l\u00e6setid":"4 minutter"},"schema":{"@context":"https:\/\/schema.org","@graph":[{"@type":"WebPage","@id":"https:\/\/onlinelotto365.com\/da\/koebe-billetter\/saet-for-life\/","url":"https:\/\/onlinelotto365.com\/da\/koebe-billetter\/saet-for-life\/","name":"K\u00f8b billetter til Set for life online fra Australien | Set for life lotteri info, hvordan man k\u00f8ber billetter","isPartOf":{"@id":"https:\/\/onlinelotto365.com\/da\/#website"},"primaryImageOfPage":{"@id":"https:\/\/onlinelotto365.com\/da\/koebe-billetter\/saet-for-life\/#primaryimage"},"image":{"@id":"https:\/\/onlinelotto365.com\/da\/koebe-billetter\/saet-for-life\/#primaryimage"},"thumbnailUrl":"https:\/\/redfoxlotto.com\/image?size=8&amp;lottery=set-for-life-uk","datePublished":"2022-11-17T08:41:43+00:00","dateModified":"2022-11-17T08:41:43+00:00","description":"Set for Life-lotteriet kan vindes fra Australien - k\u00f8b billetter online her","breadcrumb":{"@id":"https:\/\/onlinelotto365.com\/da\/koebe-billetter\/saet-for-life\/#breadcrumb"},"inLanguage":"da-DK","potentialAction":[{"@type":"ReadAction","target":["https:\/\/onlinelotto365.com\/da\/koebe-billetter\/saet-for-life\/"]}]},{"@type":"ImageObject","inLanguage":"da-DK","@id":"https:\/\/onlinelotto365.com\/da\/koebe-billetter\/saet-for-life\/#primaryimage","url":"https:\/\/redfoxlotto.com\/image?size=8&amp;lottery=set-for-life-uk","contentUrl":"https:\/\/redfoxlotto.com\/image?size=8&amp;lottery=set-for-life-uk"},{"@type":"BreadcrumbList","@id":"https:\/\/onlinelotto365.com\/da\/koebe-billetter\/saet-for-life\/#breadcrumb","itemListElement":[{"@type":"ListItem","position":1,"name":"Home","item":"https:\/\/onlinelotto365.com\/da\/"},{"@type":"ListItem","position":2,"name":"At spille verdensomsp\u00e6ndende Lotto","item":"https:\/\/onlinelotto365.com\/da\/buy-tickets\/"},{"@type":"ListItem","position":3,"name":"S\u00e5dan k\u00f8ber du Set for life-billetter online"}]},{"@type":"WebSite","@id":"https:\/\/onlinelotto365.com\/da\/#website","url":"https:\/\/onlinelotto365.com\/da\/","name":"OnlineLotto365","description":"","potentialAction":[{"@type":"SearchAction","target":{"@type":"EntryPoint","urlTemplate":"https:\/\/onlinelotto365.com\/da\/?s={search_term_string}"},"query-input":{"@type":"PropertyValueSpecification","valueRequired":true,"valueName":"search_term_string"}}],"inLanguage":"da-DK"}]}},"_links":{"self":[{"href":"https:\/\/onlinelotto365.com\/da\/wp-json\/wp\/v2\/pages\/80377","targetHints":{"allow":["GET"]}}],"collection":[{"href":"https:\/\/onlinelotto365.com\/da\/wp-json\/wp\/v2\/pages"}],"about":[{"href":"https:\/\/onlinelotto365.com\/da\/wp-json\/wp\/v2\/types\/page"}],"author":[{"embeddable":true,"href":"https:\/\/onlinelotto365.com\/da\/wp-json\/wp\/v2\/users\/1"}],"replies":[{"embeddable":true,"href":"https:\/\/onlinelotto365.com\/da\/wp-json\/wp\/v2\/comments?post=80377"}],"version-history":[{"count":0,"href":"https:\/\/onlinelotto365.com\/da\/wp-json\/wp\/v2\/pages\/80377\/revisions"}],"up":[{"embeddable":true,"href":"https:\/\/onlinelotto365.com\/da\/wp-json\/wp\/v2\/pages\/5567"}],"wp:attachment":[{"href":"https:\/\/onlinelotto365.com\/da\/wp-json\/wp\/v2\/media?parent=80377"}],"curies":[{"name":"wp","href":"https:\/\/api.w.org\/{rel}","templated":true}]}}