{"id":80429,"date":"2022-11-17T13:52:33","date_gmt":"2022-11-17T12:52:33","guid":{"rendered":"https:\/\/onlinelotto365.com\/?page_id=80429"},"modified":"2022-11-17T13:53:06","modified_gmt":"2022-11-17T12:53:06","slug":"tysk-lotto","status":"publish","type":"page","link":"https:\/\/onlinelotto365.com\/da\/koebe-billetter\/tysk-lotto\/","title":{"rendered":"S\u00e5dan k\u00f8ber du billetter online til det tyske Lotto"},"content":{"rendered":"<p>Er du ikke helt sikker p\u00e5, hvordan du k\u00f8ber tyske Lotto-kuponer online? S\u00e5 er du kommet til det rette sted, for vi vil guide dig gennem den supernemme proces, s\u00e5 du kan komme fra at \u00f8nske dig disse lottokuponer i Danmark til at vente p\u00e5 tr\u00e6kningen for at se, om du har vundet noget stort.<br \/>\n<a href=\"https:\/\/redfoxlotto.com\/play\/lotto-6aus49\/?ref=a8564250a2&amp;medium=ol365\" target=\"_blank\" rel=\"noopener noreferrer\"><img decoding=\"async\" class=\"aligncenter\" src=\"https:\/\/redfoxlotto.com\/image?size=8&amp;lottery=lotto-6aus49\" alt=\"Tysk Lotto 6aus49\" \/><\/a><\/p>\n<ul>\n<li>G\u00e5 til websiden for det lottospil, du \u00f8nsker at spille, og v\u00e6lg det antal billetter, du \u00f8nsker, og de tal, du \u00f8nsker at spille<\/li>\n<li>K\u00f8b s\u00e5 mange lodder, som du \u00f8nsker til dette spil og alle andre<\/li>\n<li>Klik p\u00e5 knappen for at betale nu<\/li>\n<li>Log ind p\u00e5 din nuv\u00e6rende konto for at behandle din betaling eller opret en ny konto og fuldf\u00f8r registreringsprocessen<\/li>\n<li>De, der skal oprette en konto, skal ogs\u00e5 bekr\u00e6fte den fra deres e-mail-konto<\/li>\n<li>S\u00f8rg for at kigge i din indbakke samt i din spam-mappe for at se, om e-mailen er sendt der, og klik p\u00e5 linket<\/li>\n<li>N\u00e5r du har bekr\u00e6ftet din konto, skal du g\u00e5 til indk\u00f8bskurven for at k\u00f8be dine varer<\/li>\n<li>Gennemg\u00e5 betalingsprocessen i henhold til de instruktioner, der er angivet<\/li>\n<\/ul>\n<h2>S\u00e5dan betaler du for din tyske lottokupon online<\/h2>\n<p>Du kan v\u00e6lge mellem flere forskellige helt sikre betalingsmuligheder, n\u00e5r det er tid til at betale for dine lottokuponer.<br \/>\nHver af disse muligheder falder ind under en af to forskellige kategorier:<\/p>\n<p>Betal for dine billetter ved at indsende en betalingsmetode p\u00e5 k\u00f8bstidspunktet<br \/>\nBetal for dine billetter ved at tilf\u00f8je penge til din spillerkonto og bruge dem til at foretage k\u00f8bet<\/p>\n<p>S\u00f8rg for, at hvis du tilf\u00f8jer penge til din konto, skal du tilf\u00f8je nok til at d\u00e6kke mere end omkostningerne ved din aktuelle transaktion, s\u00e5 den bliver godkendt.<\/p>\n<h2>Mere info om German Lotto<\/h2>\n<ul>\n<li>Land: Tyskland<\/li>\n<li>Hovedtalsomr\u00e5de: 49<\/li>\n<li>Du v\u00e6lger: 6<\/li>\n<li>Ekstra nummer vil automatisk blive valgt for dig<\/li>\n<li>Tr\u00e6kningsdage, timer: L\u00f8rdag, 20:25 CET, 20:25 CET<\/li>\n<li>Mindste jackpot: 1 mio. EUR<\/li>\n<li>Maksimal jackpot: efter 12 tr\u00e6kninger<\/li>\n<li>Sandsynlighed for at vinde jackpotten: 1 ud af 125854344<\/li>\n<li>Sandsynlighed for en gevinst p\u00e5 niveau 2: 1 ud af 13983816<\/li>\n<li>Sandsynlighed for at vinde i et hvilket som helst niveau: 1 ud af 31<\/li>\n<li>Antal gevinstniveauer: 9<\/li>\n<\/ul>\n<h2>Fordele ved at k\u00f8be tyske lottokuponer online<\/h2>\n<ul>\n<li>Du kan f\u00e5 billetterne hjemme fra dit eget hjem, hvor du har det bedst muligt<\/li>\n<li>F\u00e5 alle de typer lottospil, du \u00f8nsker<\/li>\n<li>F\u00e5 bedre chancer for de bedste jackpots ved at v\u00e6lge dine spil rigtigt<\/li>\n<li>F\u00e5 nemme betalingsmuligheder ved at tilf\u00f8je penge direkte til din spillerkonto for at k\u00f8be<\/li>\n<li>F\u00e5 nem opbevaring af alle dine lottokuponer<\/li>\n<li>F\u00e5 en \u00f8jeblikkelig meddelelse om gevinster<\/li>\n<li>F\u00e5 nemme valgmuligheder, s\u00e5 du ikke beh\u00f8ver at v\u00e6lge tallene<\/li>\n<\/ul>\n<h2>Er det lovligt at k\u00f8be tyske lottokuponer online?<\/h2>\n<p>Hvis du har v\u00e6ret bekymret for at k\u00f8be billetter online, fordi du befinder dig i Danmark<br \/>\nog du ikke kender reglerne, beh\u00f8ver du ikke at bekymre dig. Vi kan hj\u00e6lpe dig med at fjerne nogle af bekymringerne, fordi vi s\u00f8rger for, at alle regler bliver fulgt for det land, som lotteriet kommer fra.<br \/>\nDette hj\u00e6lper dig med at f\u00f8le dig mere sikker, og det sikrer, at alle penge, som du vinder, garanteret g\u00e5r direkte til dig.<br \/>\nDen eneste regel er, at du skal v\u00e6re 18 \u00e5r eller \u00e6ldre for at kunne spille.<\/p>\n<h2>Hvordan bliver jeg betalt, hvis jeg vinder tysk Lotto online?<\/h2>\n<p><img loading=\"lazy\" decoding=\"async\" class=\"alignright wp-image-3633\" src=\"https:\/\/onlinelotto365.com\/wp-content\/uploads\/2020\/11\/online_lottery-41-300x102.jpg\" alt=\"tysk lotto online uk\" width=\"376\" height=\"128\" srcset=\"https:\/\/onlinelotto365.com\/wp-content\/uploads\/2020\/11\/online_lottery-41-300x102.jpg 300w, https:\/\/onlinelotto365.com\/wp-content\/uploads\/2020\/11\/online_lottery-41.jpg 593w\" sizes=\"auto, (max-width: 376px) 100vw, 376px\" \/><br \/>\nN\u00e5r det kommer til at f\u00e5 dine gevinster, ved vi allerede, at du ikke \u00f8nsker at ofre dig. Du \u00f8nsker at f\u00e5 alle de penge, som du er berettiget til, og det kan vi hj\u00e6lpe dig med. Faktisk kan vi f\u00e5 dig i gang med det samme, fordi vi ikke tager provision af din gevinst.<\/p>\n<p>Vi vil heller ikke opkr\u00e6ve dig nogen gebyrer. Det er rigtigt, medmindre du v\u00e6lger at f\u00e5 dine penge overf\u00f8rt til din bank, vil vi ikke opkr\u00e6ve dig et gebyr for noget som helst, som vi g\u00f8r. Hvis du v\u00e6lger en bankoverf\u00f8rsel, opkr\u00e6ver vi et gebyr, fordi din bank opkr\u00e6ver et gebyr.<\/p>\n<p><strong>Hvad sker der, n\u00e5r du vinder:<\/strong><\/p>\n<ul>\n<li>For dem, der vinder mindre end 2.500 \u20ac, beh\u00f8ver du ikke at g\u00f8re noget. Vi tager os af det hele ved at s\u00e6tte pengene ind p\u00e5 din konto.<\/li>\n<li>For dem, der vinder over \u20ac2500, f\u00e5r du en kravformular fra vores supportteam. P\u00e5 denne formular kan du beslutte, om du \u00f8nsker at blive betalt med check eller med bankoverf\u00f8rsel. Derefter kan du bare l\u00e6ne dig tilbage og vente p\u00e5, at pengene kommer til dig om et par dage<\/li>\n<\/ul>\n","protected":false},"excerpt":{"rendered":"<p>Er du ikke helt sikker p\u00e5, hvordan du k\u00f8ber tyske Lotto-kuponer online? S\u00e5 er du kommet til det rette sted, for vi vil guide dig gennem den supernemme proces, s\u00e5 du kan komme fra at \u00f8nske dig disse lottokuponer i Danmark til at vente p\u00e5 tr\u00e6kningen for at se, om du har vundet noget stort. [&hellip;]<\/p>\n","protected":false},"author":1,"featured_media":0,"parent":5567,"menu_order":11,"comment_status":"closed","ping_status":"closed","template":"lotto-german-info.php","meta":{"_et_pb_use_builder":"","_et_pb_old_content":"","_et_gb_content_width":"","exclude_from_search":false,"footnotes":""},"class_list":["post-80429","page","type-page","status-publish","hentry"],"yoast_head":"<!-- This site is optimized with the Yoast SEO plugin v23.4 - https:\/\/yoast.com\/wordpress\/plugins\/seo\/ -->\n<title>Nu kan du k\u00f8be tyske Lotto billetter online fra Danmark<\/title>\n<meta name=\"description\" content=\"Hvis du bor i Danmark, kan du stadig k\u00f8be tyske lottokuponer online\" \/>\n<meta name=\"robots\" content=\"index, follow, max-snippet:-1, max-image-preview:large, max-video-preview:-1\" \/>\n<link rel=\"canonical\" href=\"https:\/\/onlinelotto365.com\/da\/koebe-billetter\/tysk-lotto\/\" \/>\n<meta property=\"og:locale\" content=\"da_DK\" \/>\n<meta property=\"og:type\" content=\"article\" \/>\n<meta property=\"og:title\" content=\"Nu kan du k\u00f8be tyske Lotto billetter online fra Danmark\" \/>\n<meta property=\"og:description\" content=\"Hvis du bor i Danmark, kan du stadig k\u00f8be tyske lottokuponer online\" \/>\n<meta property=\"og:url\" content=\"https:\/\/onlinelotto365.com\/da\/koebe-billetter\/tysk-lotto\/\" \/>\n<meta property=\"og:site_name\" content=\"OnlineLotto365\" \/>\n<meta property=\"article:modified_time\" content=\"2022-11-17T12:53:06+00:00\" \/>\n<meta property=\"og:image\" content=\"https:\/\/redfoxlotto.com\/image?size=8&amp;lottery=lotto-6aus49\" \/>\n<meta name=\"twitter:card\" content=\"summary_large_image\" \/>\n<meta name=\"twitter:label1\" content=\"Estimeret l\u00e6setid\" \/>\n\t<meta name=\"twitter:data1\" content=\"4 minutter\" \/>\n<script type=\"application\/ld+json\" class=\"yoast-schema-graph\">{\"@context\":\"https:\/\/schema.org\",\"@graph\":[{\"@type\":\"WebPage\",\"@id\":\"https:\/\/onlinelotto365.com\/da\/koebe-billetter\/tysk-lotto\/\",\"url\":\"https:\/\/onlinelotto365.com\/da\/koebe-billetter\/tysk-lotto\/\",\"name\":\"Nu kan du k\u00f8be tyske Lotto billetter online fra Danmark\",\"isPartOf\":{\"@id\":\"https:\/\/onlinelotto365.com\/da\/#website\"},\"primaryImageOfPage\":{\"@id\":\"https:\/\/onlinelotto365.com\/da\/koebe-billetter\/tysk-lotto\/#primaryimage\"},\"image\":{\"@id\":\"https:\/\/onlinelotto365.com\/da\/koebe-billetter\/tysk-lotto\/#primaryimage\"},\"thumbnailUrl\":\"https:\/\/redfoxlotto.com\/image?size=8&amp;lottery=lotto-6aus49\",\"datePublished\":\"2022-11-17T12:52:33+00:00\",\"dateModified\":\"2022-11-17T12:53:06+00:00\",\"description\":\"Hvis du bor i Danmark, kan du stadig k\u00f8be tyske lottokuponer online\",\"breadcrumb\":{\"@id\":\"https:\/\/onlinelotto365.com\/da\/koebe-billetter\/tysk-lotto\/#breadcrumb\"},\"inLanguage\":\"da-DK\",\"potentialAction\":[{\"@type\":\"ReadAction\",\"target\":[\"https:\/\/onlinelotto365.com\/da\/koebe-billetter\/tysk-lotto\/\"]}]},{\"@type\":\"ImageObject\",\"inLanguage\":\"da-DK\",\"@id\":\"https:\/\/onlinelotto365.com\/da\/koebe-billetter\/tysk-lotto\/#primaryimage\",\"url\":\"https:\/\/redfoxlotto.com\/image?size=8&amp;lottery=lotto-6aus49\",\"contentUrl\":\"https:\/\/redfoxlotto.com\/image?size=8&amp;lottery=lotto-6aus49\"},{\"@type\":\"BreadcrumbList\",\"@id\":\"https:\/\/onlinelotto365.com\/da\/koebe-billetter\/tysk-lotto\/#breadcrumb\",\"itemListElement\":[{\"@type\":\"ListItem\",\"position\":1,\"name\":\"Home\",\"item\":\"https:\/\/onlinelotto365.com\/da\/\"},{\"@type\":\"ListItem\",\"position\":2,\"name\":\"At spille verdensomsp\u00e6ndende Lotto\",\"item\":\"https:\/\/onlinelotto365.com\/da\/buy-tickets\/\"},{\"@type\":\"ListItem\",\"position\":3,\"name\":\"S\u00e5dan k\u00f8ber du billetter online til det tyske Lotto\"}]},{\"@type\":\"WebSite\",\"@id\":\"https:\/\/onlinelotto365.com\/da\/#website\",\"url\":\"https:\/\/onlinelotto365.com\/da\/\",\"name\":\"OnlineLotto365\",\"description\":\"\",\"potentialAction\":[{\"@type\":\"SearchAction\",\"target\":{\"@type\":\"EntryPoint\",\"urlTemplate\":\"https:\/\/onlinelotto365.com\/da\/?s={search_term_string}\"},\"query-input\":{\"@type\":\"PropertyValueSpecification\",\"valueRequired\":true,\"valueName\":\"search_term_string\"}}],\"inLanguage\":\"da-DK\"}]}<\/script>\n<!-- \/ Yoast SEO plugin. -->","yoast_head_json":{"title":"Nu kan du k\u00f8be tyske Lotto billetter online fra Danmark","description":"Hvis du bor i Danmark, kan du stadig k\u00f8be tyske lottokuponer online","robots":{"index":"index","follow":"follow","max-snippet":"max-snippet:-1","max-image-preview":"max-image-preview:large","max-video-preview":"max-video-preview:-1"},"canonical":"https:\/\/onlinelotto365.com\/da\/koebe-billetter\/tysk-lotto\/","og_locale":"da_DK","og_type":"article","og_title":"Nu kan du k\u00f8be tyske Lotto billetter online fra Danmark","og_description":"Hvis du bor i Danmark, kan du stadig k\u00f8be tyske lottokuponer online","og_url":"https:\/\/onlinelotto365.com\/da\/koebe-billetter\/tysk-lotto\/","og_site_name":"OnlineLotto365","article_modified_time":"2022-11-17T12:53:06+00:00","og_image":[{"url":"https:\/\/redfoxlotto.com\/image?size=8&amp;lottery=lotto-6aus49"}],"twitter_card":"summary_large_image","twitter_misc":{"Estimeret l\u00e6setid":"4 minutter"},"schema":{"@context":"https:\/\/schema.org","@graph":[{"@type":"WebPage","@id":"https:\/\/onlinelotto365.com\/da\/koebe-billetter\/tysk-lotto\/","url":"https:\/\/onlinelotto365.com\/da\/koebe-billetter\/tysk-lotto\/","name":"Nu kan du k\u00f8be tyske Lotto billetter online fra Danmark","isPartOf":{"@id":"https:\/\/onlinelotto365.com\/da\/#website"},"primaryImageOfPage":{"@id":"https:\/\/onlinelotto365.com\/da\/koebe-billetter\/tysk-lotto\/#primaryimage"},"image":{"@id":"https:\/\/onlinelotto365.com\/da\/koebe-billetter\/tysk-lotto\/#primaryimage"},"thumbnailUrl":"https:\/\/redfoxlotto.com\/image?size=8&amp;lottery=lotto-6aus49","datePublished":"2022-11-17T12:52:33+00:00","dateModified":"2022-11-17T12:53:06+00:00","description":"Hvis du bor i Danmark, kan du stadig k\u00f8be tyske lottokuponer online","breadcrumb":{"@id":"https:\/\/onlinelotto365.com\/da\/koebe-billetter\/tysk-lotto\/#breadcrumb"},"inLanguage":"da-DK","potentialAction":[{"@type":"ReadAction","target":["https:\/\/onlinelotto365.com\/da\/koebe-billetter\/tysk-lotto\/"]}]},{"@type":"ImageObject","inLanguage":"da-DK","@id":"https:\/\/onlinelotto365.com\/da\/koebe-billetter\/tysk-lotto\/#primaryimage","url":"https:\/\/redfoxlotto.com\/image?size=8&amp;lottery=lotto-6aus49","contentUrl":"https:\/\/redfoxlotto.com\/image?size=8&amp;lottery=lotto-6aus49"},{"@type":"BreadcrumbList","@id":"https:\/\/onlinelotto365.com\/da\/koebe-billetter\/tysk-lotto\/#breadcrumb","itemListElement":[{"@type":"ListItem","position":1,"name":"Home","item":"https:\/\/onlinelotto365.com\/da\/"},{"@type":"ListItem","position":2,"name":"At spille verdensomsp\u00e6ndende Lotto","item":"https:\/\/onlinelotto365.com\/da\/buy-tickets\/"},{"@type":"ListItem","position":3,"name":"S\u00e5dan k\u00f8ber du billetter online til det tyske Lotto"}]},{"@type":"WebSite","@id":"https:\/\/onlinelotto365.com\/da\/#website","url":"https:\/\/onlinelotto365.com\/da\/","name":"OnlineLotto365","description":"","potentialAction":[{"@type":"SearchAction","target":{"@type":"EntryPoint","urlTemplate":"https:\/\/onlinelotto365.com\/da\/?s={search_term_string}"},"query-input":{"@type":"PropertyValueSpecification","valueRequired":true,"valueName":"search_term_string"}}],"inLanguage":"da-DK"}]}},"_links":{"self":[{"href":"https:\/\/onlinelotto365.com\/da\/wp-json\/wp\/v2\/pages\/80429","targetHints":{"allow":["GET"]}}],"collection":[{"href":"https:\/\/onlinelotto365.com\/da\/wp-json\/wp\/v2\/pages"}],"about":[{"href":"https:\/\/onlinelotto365.com\/da\/wp-json\/wp\/v2\/types\/page"}],"author":[{"embeddable":true,"href":"https:\/\/onlinelotto365.com\/da\/wp-json\/wp\/v2\/users\/1"}],"replies":[{"embeddable":true,"href":"https:\/\/onlinelotto365.com\/da\/wp-json\/wp\/v2\/comments?post=80429"}],"version-history":[{"count":0,"href":"https:\/\/onlinelotto365.com\/da\/wp-json\/wp\/v2\/pages\/80429\/revisions"}],"up":[{"embeddable":true,"href":"https:\/\/onlinelotto365.com\/da\/wp-json\/wp\/v2\/pages\/5567"}],"wp:attachment":[{"href":"https:\/\/onlinelotto365.com\/da\/wp-json\/wp\/v2\/media?parent=80429"}],"curies":[{"name":"wp","href":"https:\/\/api.w.org\/{rel}","templated":true}]}}