{"id":80460,"date":"2022-11-18T09:46:13","date_gmt":"2022-11-18T08:46:13","guid":{"rendered":"https:\/\/onlinelotto365.com\/?page_id=80460"},"modified":"2022-11-18T09:46:13","modified_gmt":"2022-11-18T08:46:13","slug":"mega-sena","status":"publish","type":"page","link":"https:\/\/onlinelotto365.com\/da\/koebe-billetter\/mega-sena\/","title":{"rendered":"S\u00e5dan k\u00f8ber du Mega-Sena Brazil billetter online"},"content":{"rendered":"<p>Vil du vide, hvordan du kan f\u00e5 de billetter, du har brug for til Mega-Senaen, selvom du bor i Danmark eller et andet land uden for Brasilien? S\u00e5 skal du l\u00e6se lidt videre, for vi kan hj\u00e6lpe dig med hele processen og s\u00f8rge for, at du er godt p\u00e5 vej til at f\u00e5 de billetter, du \u00f8nsker til alle de spil, som du \u00f8nsker at spille.<br \/>\n<a href=\"https:\/\/redfoxlotto.com\/play\/mega-sena\/?ref=a8564250a2&amp;medium=ol365\" target=\"_blank\" rel=\"noopener noreferrer\"><img decoding=\"async\" class=\"aligncenter\" src=\"https:\/\/redfoxlotto.com\/image?size=8&amp;lottery=mega-sena\" alt=\"mega-sena\" \/><\/a><\/p>\n<ul>\n<li>Det eneste du skal g\u00f8re for at komme i gang er at v\u00e6lge det spil, som du vil spille, og v\u00e6lge de billetnumre, som du vil have til det p\u00e5g\u00e6ldende spil.<\/li>\n<li>Tilf\u00f8j s\u00e5 mange billetter som du \u00f8nsker til dette spil eller et andet spil du \u00f8nsker at spille<\/li>\n<li>Klik p\u00e5 knappen for at starte kasseprocessen.<\/li>\n<li>Log ind p\u00e5 din nuv\u00e6rende konto eller opret en ny konto for at k\u00f8be dine billetter.<\/li>\n<li>Hvis du skal oprette en ny konto, skal du g\u00e5 gennem registreringsprocessen. Dit bekr\u00e6ftelseslink vil blive sendt til din e-mail.<\/li>\n<li>Hvis e-mailen ikke dukker op i din indbakke, skal du tjekke spam-mappen for at sikre dig, at den er blevet modtaget.<\/li>\n<li>N\u00e5r du har bekr\u00e6ftet din konto, skal du g\u00e5 til indk\u00f8bskurven p\u00e5 webstedet.<\/li>\n<li>F\u00f8lg vejledningen for at betale for dine billetter ved hj\u00e6lp af den valgte betalingsmetode.<\/li>\n<\/ul>\n<h2>S\u00e5dan betaler du for din Mega-Sena-billet online<\/h2>\n<p>Det er vigtigt for dig at betale for dine billetter p\u00e5 en sikker m\u00e5de, og vi g\u00f8r det s\u00e5 nemt som muligt ved at give dig masser af forskellige direkte betalingsmuligheder samt en sekund\u00e6r mulighed for at k\u00f8be dine billetter. Du skal blot starte med en af de to nedenfor.<\/p>\n<p>Betal direkte med din foretrukne betalingsmetode<br \/>\nInds\u00e6t penge p\u00e5 din spillerkonto, s\u00e5 du kan k\u00f8be billetter direkte fra kontoen.<\/p>\n<p>S\u00f8rg for at s\u00e6tte lidt ekstra ind p\u00e5 din spillerkonto, hvis du v\u00e6lger denne metode. P\u00e5 den m\u00e5de vil din kontosaldo kunne betale for k\u00f8bet.<\/p>\n<h2>Mere info om Mega-Sena<\/h2>\n<ul>\n<li>Land: Brasilien<\/li>\n<li>Hovednumre r\u00e6kkevidde: 60<\/li>\n<li>Du v\u00e6lger: 6<\/li>\n<li>Tr\u00e6kningsdage, timer: Onsdag, l\u00f8rdag, 20:00 GMT -3, 24:00 CET<\/li>\n<li>Minimum jackpot: R$ 2 millioner<\/li>\n<li>Maksimal jackpot: ingen<\/li>\n<li>Sandsynlighed for at vinde jackpotten: 1 ud af 50063860<\/li>\n<li>Sandsynlighed for at vinde p\u00e5 niveau 2: 1 ud af 15451809<\/li>\n<li>Sandsynlighed for at vinde i et hvilket som helst niveau: 1 p\u00e5 2297,56<\/li>\n<li>Antal gevinstniveauer: 3<\/li>\n<\/ul>\n<h2>Fordele ved at k\u00f8be Mega-Sena-billetter online<\/h2>\n<ul>\n<li>Det er ikke n\u00f8dvendigt at rejse &#8211; du skal bare k\u00f8be billetter hjemmefra<\/li>\n<li>Du kan v\u00e6lge mellem forskellige lotterispil<\/li>\n<li>F\u00e5 de bedste odds for at vinde spil med h\u00f8je jackpots<\/li>\n<li>S\u00e6t penge direkte ind p\u00e5 din konto, som du kan bruge til dit k\u00f8b<\/li>\n<li>Du kan nemt holde styr p\u00e5 dine billetter<\/li>\n<li>Modtag meddelelser, n\u00e5r du vinder p\u00e5 dine lodder<\/li>\n<li>Brug muligheden for hurtig valg for at f\u00e5 billetter uden at v\u00e6lge numre<\/li>\n<\/ul>\n<h2>Er det lovligt at k\u00f8be Mega-Sena-billetter online?<\/h2>\n<p>Mange mennesker bekymrer sig om, hvorvidt de kan k\u00f8be Mega Sena-lottolodder online, fordi Danmark er deres bop\u00e6lsland. Eller m\u00e5ske bor de i et andet land, men ikke i Brasilien. Vi hj\u00e6lper dig med at tage h\u00e5nd om nogle af bekymringerne ved at s\u00f8rge for, at alt, hvad vi g\u00f8r, er baseret p\u00e5 regler fra det land, der driver lotteriet. Det g\u00f8r det nemmere for dig at k\u00f8be dine lodder og at f\u00f8le dig tryg ved processen. Desuden er du garanteret at f\u00e5 alle de penge, som du vinder, herunder jackpotten.<\/p>\n<h2>Hvordan bliver jeg betalt, hvis jeg vinder Mega-Sena online?<\/h2>\n<p><img loading=\"lazy\" decoding=\"async\" class=\"alignright wp-image-3660\" src=\"https:\/\/onlinelotto365.com\/wp-content\/uploads\/2020\/11\/online_lottery-133-300x212.jpg\" alt=\"mega-sena online UK\" width=\"177\" height=\"125\" srcset=\"https:\/\/onlinelotto365.com\/wp-content\/uploads\/2020\/11\/online_lottery-133-300x212.jpg 300w, https:\/\/onlinelotto365.com\/wp-content\/uploads\/2020\/11\/online_lottery-133.jpg 320w\" sizes=\"auto, (max-width: 177px) 100vw, 177px\" \/><br \/>\nN\u00e5r det kommer til udbetalinger til vindere, g\u00f8r vi det p\u00e5 den bedste m\u00e5de, nemlig ved at give dig hver en \u00f8re. Du beh\u00f8ver ikke at betale os en kommission for ethvert bel\u00f8b, som du vinder, uanset om det er en lille pr\u00e6mie eller endda en jackpot. Du beh\u00f8ver heller ikke at betale os nogen gebyrer, medmindre du v\u00e6lger en bankoverf\u00f8rsel.<br \/>\nMed alle andre betalingsmetoder f\u00e5r du alle de penge, du har vundet. Med bankoverf\u00f8rsler f\u00e5r vi nogle gange gebyrer fra banken, og dette gebyr tr\u00e6kkes fra din gevinst under overf\u00f8rselsprocessen.<\/p>\n<p><strong>N\u00e5r du vinder, b\u00f8r du dog kende den proces, der sker for at f\u00e5 pengene til dig:<\/strong><\/p>\n<ul>\n<li>Alle, der vinder mindre end 2.500 \u20ac, f\u00e5r pengene sat direkte ind p\u00e5 deres konto uden at skulle g\u00f8re noget<\/li>\n<li>Alle, der vinder over 2.500 \u20ac, vil derimod blive bedt om at udfylde en kravformular af vores supportteam. Dette vil give dig mulighed for at f\u00e5 dine penge p\u00e5 en af to m\u00e5der. Du kan v\u00e6lge enten at f\u00e5 en check p\u00e5 det fulde bel\u00f8b eller at f\u00e5 foretaget en bankoverf\u00f8rsel. Uanset hvad, f\u00e5r du dine penge overf\u00f8rt til et hvilket som helst land, herunder Danmark, inden for f\u00e5 dage.<\/li>\n<\/ul>\n","protected":false},"excerpt":{"rendered":"<p>Vil du vide, hvordan du kan f\u00e5 de billetter, du har brug for til Mega-Senaen, selvom du bor i Danmark eller et andet land uden for Brasilien? S\u00e5 skal du l\u00e6se lidt videre, for vi kan hj\u00e6lpe dig med hele processen og s\u00f8rge for, at du er godt p\u00e5 vej til at f\u00e5 de billetter, [&hellip;]<\/p>\n","protected":false},"author":1,"featured_media":0,"parent":5567,"menu_order":12,"comment_status":"closed","ping_status":"closed","template":"megasena-info.php","meta":{"_et_pb_use_builder":"","_et_pb_old_content":"","_et_gb_content_width":"","exclude_from_search":false,"footnotes":""},"class_list":["post-80460","page","type-page","status-publish","hentry"],"yoast_head":"<!-- This site is optimized with the Yoast SEO plugin v23.4 - https:\/\/yoast.com\/wordpress\/plugins\/seo\/ -->\n<title>K\u00f8b billetter til Mega-Sena online fra Danmark | Om Mega-Sena og hvordan man f\u00e5r billetter<\/title>\n<meta name=\"description\" content=\"Dette er et stort lotteri fra Brasilien - og du kan nu k\u00f8be billetter online\" \/>\n<meta name=\"robots\" content=\"index, follow, max-snippet:-1, max-image-preview:large, max-video-preview:-1\" \/>\n<link rel=\"canonical\" href=\"https:\/\/onlinelotto365.com\/da\/koebe-billetter\/mega-sena\/\" \/>\n<meta property=\"og:locale\" content=\"da_DK\" \/>\n<meta property=\"og:type\" content=\"article\" \/>\n<meta property=\"og:title\" content=\"K\u00f8b billetter til Mega-Sena online fra Danmark | Om Mega-Sena og hvordan man f\u00e5r billetter\" \/>\n<meta property=\"og:description\" content=\"Dette er et stort lotteri fra Brasilien - og du kan nu k\u00f8be billetter online\" \/>\n<meta property=\"og:url\" content=\"https:\/\/onlinelotto365.com\/da\/koebe-billetter\/mega-sena\/\" \/>\n<meta property=\"og:site_name\" content=\"OnlineLotto365\" \/>\n<meta property=\"og:image\" content=\"https:\/\/redfoxlotto.com\/image?size=8&amp;lottery=mega-sena\" \/>\n<meta name=\"twitter:card\" content=\"summary_large_image\" \/>\n<meta name=\"twitter:label1\" content=\"Estimeret l\u00e6setid\" \/>\n\t<meta name=\"twitter:data1\" content=\"4 minutter\" \/>\n<script type=\"application\/ld+json\" class=\"yoast-schema-graph\">{\"@context\":\"https:\/\/schema.org\",\"@graph\":[{\"@type\":\"WebPage\",\"@id\":\"https:\/\/onlinelotto365.com\/da\/koebe-billetter\/mega-sena\/\",\"url\":\"https:\/\/onlinelotto365.com\/da\/koebe-billetter\/mega-sena\/\",\"name\":\"K\u00f8b billetter til Mega-Sena online fra Danmark | Om Mega-Sena og hvordan man f\u00e5r billetter\",\"isPartOf\":{\"@id\":\"https:\/\/onlinelotto365.com\/da\/#website\"},\"primaryImageOfPage\":{\"@id\":\"https:\/\/onlinelotto365.com\/da\/koebe-billetter\/mega-sena\/#primaryimage\"},\"image\":{\"@id\":\"https:\/\/onlinelotto365.com\/da\/koebe-billetter\/mega-sena\/#primaryimage\"},\"thumbnailUrl\":\"https:\/\/redfoxlotto.com\/image?size=8&amp;lottery=mega-sena\",\"datePublished\":\"2022-11-18T08:46:13+00:00\",\"dateModified\":\"2022-11-18T08:46:13+00:00\",\"description\":\"Dette er et stort lotteri fra Brasilien - og du kan nu k\u00f8be billetter online\",\"breadcrumb\":{\"@id\":\"https:\/\/onlinelotto365.com\/da\/koebe-billetter\/mega-sena\/#breadcrumb\"},\"inLanguage\":\"da-DK\",\"potentialAction\":[{\"@type\":\"ReadAction\",\"target\":[\"https:\/\/onlinelotto365.com\/da\/koebe-billetter\/mega-sena\/\"]}]},{\"@type\":\"ImageObject\",\"inLanguage\":\"da-DK\",\"@id\":\"https:\/\/onlinelotto365.com\/da\/koebe-billetter\/mega-sena\/#primaryimage\",\"url\":\"https:\/\/redfoxlotto.com\/image?size=8&amp;lottery=mega-sena\",\"contentUrl\":\"https:\/\/redfoxlotto.com\/image?size=8&amp;lottery=mega-sena\"},{\"@type\":\"BreadcrumbList\",\"@id\":\"https:\/\/onlinelotto365.com\/da\/koebe-billetter\/mega-sena\/#breadcrumb\",\"itemListElement\":[{\"@type\":\"ListItem\",\"position\":1,\"name\":\"Home\",\"item\":\"https:\/\/onlinelotto365.com\/da\/\"},{\"@type\":\"ListItem\",\"position\":2,\"name\":\"At spille verdensomsp\u00e6ndende Lotto\",\"item\":\"https:\/\/onlinelotto365.com\/da\/buy-tickets\/\"},{\"@type\":\"ListItem\",\"position\":3,\"name\":\"S\u00e5dan k\u00f8ber du Mega-Sena Brazil billetter online\"}]},{\"@type\":\"WebSite\",\"@id\":\"https:\/\/onlinelotto365.com\/da\/#website\",\"url\":\"https:\/\/onlinelotto365.com\/da\/\",\"name\":\"OnlineLotto365\",\"description\":\"\",\"potentialAction\":[{\"@type\":\"SearchAction\",\"target\":{\"@type\":\"EntryPoint\",\"urlTemplate\":\"https:\/\/onlinelotto365.com\/da\/?s={search_term_string}\"},\"query-input\":{\"@type\":\"PropertyValueSpecification\",\"valueRequired\":true,\"valueName\":\"search_term_string\"}}],\"inLanguage\":\"da-DK\"}]}<\/script>\n<!-- \/ Yoast SEO plugin. -->","yoast_head_json":{"title":"K\u00f8b billetter til Mega-Sena online fra Danmark | Om Mega-Sena og hvordan man f\u00e5r billetter","description":"Dette er et stort lotteri fra Brasilien - og du kan nu k\u00f8be billetter online","robots":{"index":"index","follow":"follow","max-snippet":"max-snippet:-1","max-image-preview":"max-image-preview:large","max-video-preview":"max-video-preview:-1"},"canonical":"https:\/\/onlinelotto365.com\/da\/koebe-billetter\/mega-sena\/","og_locale":"da_DK","og_type":"article","og_title":"K\u00f8b billetter til Mega-Sena online fra Danmark | Om Mega-Sena og hvordan man f\u00e5r billetter","og_description":"Dette er et stort lotteri fra Brasilien - og du kan nu k\u00f8be billetter online","og_url":"https:\/\/onlinelotto365.com\/da\/koebe-billetter\/mega-sena\/","og_site_name":"OnlineLotto365","og_image":[{"url":"https:\/\/redfoxlotto.com\/image?size=8&amp;lottery=mega-sena"}],"twitter_card":"summary_large_image","twitter_misc":{"Estimeret l\u00e6setid":"4 minutter"},"schema":{"@context":"https:\/\/schema.org","@graph":[{"@type":"WebPage","@id":"https:\/\/onlinelotto365.com\/da\/koebe-billetter\/mega-sena\/","url":"https:\/\/onlinelotto365.com\/da\/koebe-billetter\/mega-sena\/","name":"K\u00f8b billetter til Mega-Sena online fra Danmark | Om Mega-Sena og hvordan man f\u00e5r billetter","isPartOf":{"@id":"https:\/\/onlinelotto365.com\/da\/#website"},"primaryImageOfPage":{"@id":"https:\/\/onlinelotto365.com\/da\/koebe-billetter\/mega-sena\/#primaryimage"},"image":{"@id":"https:\/\/onlinelotto365.com\/da\/koebe-billetter\/mega-sena\/#primaryimage"},"thumbnailUrl":"https:\/\/redfoxlotto.com\/image?size=8&amp;lottery=mega-sena","datePublished":"2022-11-18T08:46:13+00:00","dateModified":"2022-11-18T08:46:13+00:00","description":"Dette er et stort lotteri fra Brasilien - og du kan nu k\u00f8be billetter online","breadcrumb":{"@id":"https:\/\/onlinelotto365.com\/da\/koebe-billetter\/mega-sena\/#breadcrumb"},"inLanguage":"da-DK","potentialAction":[{"@type":"ReadAction","target":["https:\/\/onlinelotto365.com\/da\/koebe-billetter\/mega-sena\/"]}]},{"@type":"ImageObject","inLanguage":"da-DK","@id":"https:\/\/onlinelotto365.com\/da\/koebe-billetter\/mega-sena\/#primaryimage","url":"https:\/\/redfoxlotto.com\/image?size=8&amp;lottery=mega-sena","contentUrl":"https:\/\/redfoxlotto.com\/image?size=8&amp;lottery=mega-sena"},{"@type":"BreadcrumbList","@id":"https:\/\/onlinelotto365.com\/da\/koebe-billetter\/mega-sena\/#breadcrumb","itemListElement":[{"@type":"ListItem","position":1,"name":"Home","item":"https:\/\/onlinelotto365.com\/da\/"},{"@type":"ListItem","position":2,"name":"At spille verdensomsp\u00e6ndende Lotto","item":"https:\/\/onlinelotto365.com\/da\/buy-tickets\/"},{"@type":"ListItem","position":3,"name":"S\u00e5dan k\u00f8ber du Mega-Sena Brazil billetter online"}]},{"@type":"WebSite","@id":"https:\/\/onlinelotto365.com\/da\/#website","url":"https:\/\/onlinelotto365.com\/da\/","name":"OnlineLotto365","description":"","potentialAction":[{"@type":"SearchAction","target":{"@type":"EntryPoint","urlTemplate":"https:\/\/onlinelotto365.com\/da\/?s={search_term_string}"},"query-input":{"@type":"PropertyValueSpecification","valueRequired":true,"valueName":"search_term_string"}}],"inLanguage":"da-DK"}]}},"_links":{"self":[{"href":"https:\/\/onlinelotto365.com\/da\/wp-json\/wp\/v2\/pages\/80460","targetHints":{"allow":["GET"]}}],"collection":[{"href":"https:\/\/onlinelotto365.com\/da\/wp-json\/wp\/v2\/pages"}],"about":[{"href":"https:\/\/onlinelotto365.com\/da\/wp-json\/wp\/v2\/types\/page"}],"author":[{"embeddable":true,"href":"https:\/\/onlinelotto365.com\/da\/wp-json\/wp\/v2\/users\/1"}],"replies":[{"embeddable":true,"href":"https:\/\/onlinelotto365.com\/da\/wp-json\/wp\/v2\/comments?post=80460"}],"version-history":[{"count":0,"href":"https:\/\/onlinelotto365.com\/da\/wp-json\/wp\/v2\/pages\/80460\/revisions"}],"up":[{"embeddable":true,"href":"https:\/\/onlinelotto365.com\/da\/wp-json\/wp\/v2\/pages\/5567"}],"wp:attachment":[{"href":"https:\/\/onlinelotto365.com\/da\/wp-json\/wp\/v2\/media?parent=80460"}],"curies":[{"name":"wp","href":"https:\/\/api.w.org\/{rel}","templated":true}]}}