{"id":80493,"date":"2022-11-18T12:52:51","date_gmt":"2022-11-18T11:52:51","guid":{"rendered":"https:\/\/onlinelotto365.com\/?page_id=80493"},"modified":"2022-11-18T12:52:51","modified_gmt":"2022-11-18T11:52:51","slug":"powerball-australien","status":"publish","type":"page","link":"https:\/\/onlinelotto365.com\/da\/koebe-billetter\/powerball-australien\/","title":{"rendered":"S\u00e5dan k\u00f8ber du Powerball Australia-billetter online"},"content":{"rendered":"<p>Vil du vide, hvordan du kan k\u00f8be dine Powerball Australia-billetter online? Vi har delt det op i et par enkle trin for vores kunder fra Danmark og fra andre lande, s\u00e5 du kan komme i gang med processen lige nu. Og du kan g\u00f8re det meget hurtigere og nemmere, end du m\u00e5ske tror.<br \/>\n<a href=\"https:\/\/redfoxlotto.com\/play\/powerball-au\/?ref=a8564250a2&amp;medium=ol365\" target=\"_blank\" rel=\"noopener noreferrer\"><img decoding=\"async\" class=\"aligncenter\" src=\"https:\/\/redfoxlotto.com\/image?size=8&amp;lottery=powerball-au\" alt=\"Powerball Australien\" \/><\/a><\/p>\n<ul>\n<li>G\u00e5 til Powerball Australia-siden og v\u00e6lg de billetter, du vil have, og tallene for disse billetter, eller lad computeren v\u00e6lge for dig.<\/li>\n<li>Tilf\u00f8j s\u00e5 mange billetter og spil til din bestilling, som du vil, f\u00f8r du er f\u00e6rdig.<\/li>\n<li>Klik p\u00e5 knappen for at betale nu<\/li>\n<li>Opret en konto p\u00e5 vores websted, eller log ind p\u00e5 din nuv\u00e6rende konto, hvis du allerede har en.<\/li>\n<li>For dem, der skal oprette en konto, skal du registrere den med din e-mailadresse.<\/li>\n<li>Tjek din spam-mappe samt din almindelige indbakke for bekr\u00e6ftelsesmailen<\/li>\n<li>G\u00e5 til din indk\u00f8bskurv for at afslutte dit k\u00f8b<\/li>\n<li>V\u00e6lg den betalingsmetode, du vil bruge, og g\u00e5 gennem betalingsprocessen<\/li>\n<\/ul>\n<h2>S\u00e5dan betaler du for din Powerball Australia-billet online<\/h2>\n<p>Du kan v\u00e6lge mellem en r\u00e6kke forskellige betalingsmuligheder, der alle er lige s\u00e5 sikre, som du kan forvente, n\u00e5r du k\u00f8ber noget online fra Danmark.<br \/>\nK\u00f8b dine billetter ved at:<\/p>\n<p>Betale for ordren direkte med din foretrukne betalingsmulighed<br \/>\nInds\u00e6tte penge p\u00e5 din spillerkonto og bruge dem til at k\u00f8be dine billetter<\/p>\n<p>Husk, at du skal indbetale mere end nok penge p\u00e5 din spillerkonto til at k\u00f8be de billetter, du \u00f8nsker, hvis du v\u00e6lger denne mulighed.<\/p>\n<h2>Mere information om Powerball Australia<\/h2>\n<ul>\n<li>Land: Australien<\/li>\n<li>Hovedtalsomr\u00e5de: 35<\/li>\n<li>Du v\u00e6lger: 7<\/li>\n<li>Ekstra tal: 20<\/li>\n<li>Du v\u00e6lger: 1<\/li>\n<li>Tr\u00e6kningsdage, timer: Tirs, 21:30 GMT+11, 10:30 CET<\/li>\n<li>Minimum jackpot: Minimum jackpot: 3 millioner AU$<\/li>\n<li>Maksimal jackpot: AU$ 150 millioner<\/li>\n<li>Sandsynlighed for at vinde jackpotten: 1 ud af 134490400<\/li>\n<li>Sandsynligheden for en tier 2-gevinst: 1 ud af 7078443<\/li>\n<li>Sandsynlighed for at vinde i alle niveauer: 1 ud af 24,87<\/li>\n<li>Antal gevinstniveauer: 7<\/li>\n<\/ul>\n<h2>Fordele ved at k\u00f8be Powerball Australia-billetter online<\/h2>\n<ul>\n<li>Du kan f\u00e5 de billetter, du \u00f8nsker, uden at skulle forlade hjemmet<\/li>\n<li>K\u00f8b billetter til mange forskellige typer af lotterier<\/li>\n<li>F\u00e5 en bedre chance for at vinde en stor jackpot ved at v\u00e6lge de bedste muligheder<\/li>\n<li>S\u00e6t penge ind p\u00e5 din konto og brug dem til at k\u00f8be dine billetter<\/li>\n<li>Du skal ikke bekymre dig om at miste dine lodder<\/li>\n<li>Meddelelser, hvis din billet er en vinder<\/li>\n<li>V\u00e6lg tilf\u00e6ldige lodder med nummergeneratoren<\/li>\n<\/ul>\n<h2>Er det lovligt at k\u00f8be Powerball Australia billetter online i Danmark?<\/h2>\n<p>Der er ingen grund til at bekymre dig om at k\u00f8be billetter online eller p\u00e5 den traditionelle m\u00e5de, n\u00e5r det kommer til reglerne fra dit bop\u00e6lsland. Vi s\u00f8rger for at f\u00f8lge reglerne i det land, som lotteriet finder sted i, s\u00e5 du kan f\u00e5 din gevinst. Selv hvis du vinder jackpotten, har du ingen problemer med at f\u00e5 pengene.<br \/>\nAlle, der bruger vores service, skal v\u00e6re mindst 18 \u00e5r gamle.<\/p>\n<h2>Hvordan bliver jeg betalt, hvis jeg vinder Powerball Australia online?<\/h2>\n<p><img loading=\"lazy\" decoding=\"async\" class=\"alignright wp-image-3631\" src=\"https:\/\/onlinelotto365.com\/wp-content\/uploads\/2020\/11\/online_lottery-40-300x200.jpg\" alt=\"powerball australien online\" width=\"252\" height=\"168\" srcset=\"https:\/\/onlinelotto365.com\/wp-content\/uploads\/2020\/11\/online_lottery-40-300x200.jpg 300w, https:\/\/onlinelotto365.com\/wp-content\/uploads\/2020\/11\/online_lottery-40.jpg 424w\" sizes=\"auto, (max-width: 252px) 100vw, 252px\" \/><br \/>\nVi ved, at du \u00f8nsker at f\u00e5 din gevinst s\u00e5 hurtigt som muligt, og du \u00f8nsker bestemt ikke at betale andre penge ud af denne gevinst. Derfor tager vi aldrig provision fra din gevinst. Hvis du vinder, f\u00e5r du pengene. Det eneste tidspunkt, hvor vi tager et gebyr, er, hvis du v\u00e6lger at f\u00e5 pengene overf\u00f8rt via bankoverf\u00f8rsel til din bank, som vil opkr\u00e6ve os et gebyr, som sendes videre til dig.<br \/>\n<strong>Hvis du vinder penge, skal du blot huske p\u00e5 dette:<\/strong><\/p>\n<ul>\n<li>Bel\u00f8b under 2.500 \u20ac udbetales automatisk til din spillerkonto, uden at du beh\u00f8ver at g\u00f8re noget som helst<\/li>\n<li>Bel\u00f8b over \u20ac2500 udbetales med check eller via bankoverf\u00f8rsel og kr\u00e6ver, at du udfylder en formular, som sendes af supportteamet. P\u00e5 den m\u00e5de kan du f\u00e5 pengene clearet gennem lotterikommissionen.<\/li>\n<\/ul>\n","protected":false},"excerpt":{"rendered":"<p>Vil du vide, hvordan du kan k\u00f8be dine Powerball Australia-billetter online? Vi har delt det op i et par enkle trin for vores kunder fra Danmark og fra andre lande, s\u00e5 du kan komme i gang med processen lige nu. Og du kan g\u00f8re det meget hurtigere og nemmere, end du m\u00e5ske tror. G\u00e5 til [&hellip;]<\/p>\n","protected":false},"author":1,"featured_media":0,"parent":5567,"menu_order":13,"comment_status":"closed","ping_status":"closed","template":"powerball-au-info.php","meta":{"_et_pb_use_builder":"","_et_pb_old_content":"","_et_gb_content_width":"","exclude_from_search":false,"footnotes":""},"class_list":["post-80493","page","type-page","status-publish","hentry"],"yoast_head":"<!-- This site is optimized with the Yoast SEO plugin v23.4 - https:\/\/yoast.com\/wordpress\/plugins\/seo\/ -->\n<title>K\u00f8b billetter til Powerball Australia fra Danmark via online service<\/title>\n<meta name=\"description\" content=\"K\u00f8b Powerball Australia billetter online - vi g\u00f8r det muligt for spillere fra Danmark\" \/>\n<meta name=\"robots\" content=\"index, follow, max-snippet:-1, max-image-preview:large, max-video-preview:-1\" \/>\n<link rel=\"canonical\" href=\"https:\/\/onlinelotto365.com\/da\/koebe-billetter\/powerball-australien\/\" \/>\n<meta property=\"og:locale\" content=\"da_DK\" \/>\n<meta property=\"og:type\" content=\"article\" \/>\n<meta property=\"og:title\" content=\"K\u00f8b billetter til Powerball Australia fra Danmark via online service\" \/>\n<meta property=\"og:description\" content=\"K\u00f8b Powerball Australia billetter online - vi g\u00f8r det muligt for spillere fra Danmark\" \/>\n<meta property=\"og:url\" content=\"https:\/\/onlinelotto365.com\/da\/koebe-billetter\/powerball-australien\/\" \/>\n<meta property=\"og:site_name\" content=\"OnlineLotto365\" \/>\n<meta property=\"og:image\" content=\"https:\/\/redfoxlotto.com\/image?size=8&amp;lottery=powerball-au\" \/>\n<meta name=\"twitter:card\" content=\"summary_large_image\" \/>\n<meta name=\"twitter:label1\" content=\"Estimeret l\u00e6setid\" \/>\n\t<meta name=\"twitter:data1\" content=\"4 minutter\" \/>\n<script type=\"application\/ld+json\" class=\"yoast-schema-graph\">{\"@context\":\"https:\/\/schema.org\",\"@graph\":[{\"@type\":\"WebPage\",\"@id\":\"https:\/\/onlinelotto365.com\/da\/koebe-billetter\/powerball-australien\/\",\"url\":\"https:\/\/onlinelotto365.com\/da\/koebe-billetter\/powerball-australien\/\",\"name\":\"K\u00f8b billetter til Powerball Australia fra Danmark via online service\",\"isPartOf\":{\"@id\":\"https:\/\/onlinelotto365.com\/da\/#website\"},\"primaryImageOfPage\":{\"@id\":\"https:\/\/onlinelotto365.com\/da\/koebe-billetter\/powerball-australien\/#primaryimage\"},\"image\":{\"@id\":\"https:\/\/onlinelotto365.com\/da\/koebe-billetter\/powerball-australien\/#primaryimage\"},\"thumbnailUrl\":\"https:\/\/redfoxlotto.com\/image?size=8&amp;lottery=powerball-au\",\"datePublished\":\"2022-11-18T11:52:51+00:00\",\"dateModified\":\"2022-11-18T11:52:51+00:00\",\"description\":\"K\u00f8b Powerball Australia billetter online - vi g\u00f8r det muligt for spillere fra Danmark\",\"breadcrumb\":{\"@id\":\"https:\/\/onlinelotto365.com\/da\/koebe-billetter\/powerball-australien\/#breadcrumb\"},\"inLanguage\":\"da-DK\",\"potentialAction\":[{\"@type\":\"ReadAction\",\"target\":[\"https:\/\/onlinelotto365.com\/da\/koebe-billetter\/powerball-australien\/\"]}]},{\"@type\":\"ImageObject\",\"inLanguage\":\"da-DK\",\"@id\":\"https:\/\/onlinelotto365.com\/da\/koebe-billetter\/powerball-australien\/#primaryimage\",\"url\":\"https:\/\/redfoxlotto.com\/image?size=8&amp;lottery=powerball-au\",\"contentUrl\":\"https:\/\/redfoxlotto.com\/image?size=8&amp;lottery=powerball-au\"},{\"@type\":\"BreadcrumbList\",\"@id\":\"https:\/\/onlinelotto365.com\/da\/koebe-billetter\/powerball-australien\/#breadcrumb\",\"itemListElement\":[{\"@type\":\"ListItem\",\"position\":1,\"name\":\"Home\",\"item\":\"https:\/\/onlinelotto365.com\/da\/\"},{\"@type\":\"ListItem\",\"position\":2,\"name\":\"At spille verdensomsp\u00e6ndende Lotto\",\"item\":\"https:\/\/onlinelotto365.com\/da\/buy-tickets\/\"},{\"@type\":\"ListItem\",\"position\":3,\"name\":\"S\u00e5dan k\u00f8ber du Powerball Australia-billetter online\"}]},{\"@type\":\"WebSite\",\"@id\":\"https:\/\/onlinelotto365.com\/da\/#website\",\"url\":\"https:\/\/onlinelotto365.com\/da\/\",\"name\":\"OnlineLotto365\",\"description\":\"\",\"potentialAction\":[{\"@type\":\"SearchAction\",\"target\":{\"@type\":\"EntryPoint\",\"urlTemplate\":\"https:\/\/onlinelotto365.com\/da\/?s={search_term_string}\"},\"query-input\":{\"@type\":\"PropertyValueSpecification\",\"valueRequired\":true,\"valueName\":\"search_term_string\"}}],\"inLanguage\":\"da-DK\"}]}<\/script>\n<!-- \/ Yoast SEO plugin. -->","yoast_head_json":{"title":"K\u00f8b billetter til Powerball Australia fra Danmark via online service","description":"K\u00f8b Powerball Australia billetter online - vi g\u00f8r det muligt for spillere fra Danmark","robots":{"index":"index","follow":"follow","max-snippet":"max-snippet:-1","max-image-preview":"max-image-preview:large","max-video-preview":"max-video-preview:-1"},"canonical":"https:\/\/onlinelotto365.com\/da\/koebe-billetter\/powerball-australien\/","og_locale":"da_DK","og_type":"article","og_title":"K\u00f8b billetter til Powerball Australia fra Danmark via online service","og_description":"K\u00f8b Powerball Australia billetter online - vi g\u00f8r det muligt for spillere fra Danmark","og_url":"https:\/\/onlinelotto365.com\/da\/koebe-billetter\/powerball-australien\/","og_site_name":"OnlineLotto365","og_image":[{"url":"https:\/\/redfoxlotto.com\/image?size=8&amp;lottery=powerball-au"}],"twitter_card":"summary_large_image","twitter_misc":{"Estimeret l\u00e6setid":"4 minutter"},"schema":{"@context":"https:\/\/schema.org","@graph":[{"@type":"WebPage","@id":"https:\/\/onlinelotto365.com\/da\/koebe-billetter\/powerball-australien\/","url":"https:\/\/onlinelotto365.com\/da\/koebe-billetter\/powerball-australien\/","name":"K\u00f8b billetter til Powerball Australia fra Danmark via online service","isPartOf":{"@id":"https:\/\/onlinelotto365.com\/da\/#website"},"primaryImageOfPage":{"@id":"https:\/\/onlinelotto365.com\/da\/koebe-billetter\/powerball-australien\/#primaryimage"},"image":{"@id":"https:\/\/onlinelotto365.com\/da\/koebe-billetter\/powerball-australien\/#primaryimage"},"thumbnailUrl":"https:\/\/redfoxlotto.com\/image?size=8&amp;lottery=powerball-au","datePublished":"2022-11-18T11:52:51+00:00","dateModified":"2022-11-18T11:52:51+00:00","description":"K\u00f8b Powerball Australia billetter online - vi g\u00f8r det muligt for spillere fra Danmark","breadcrumb":{"@id":"https:\/\/onlinelotto365.com\/da\/koebe-billetter\/powerball-australien\/#breadcrumb"},"inLanguage":"da-DK","potentialAction":[{"@type":"ReadAction","target":["https:\/\/onlinelotto365.com\/da\/koebe-billetter\/powerball-australien\/"]}]},{"@type":"ImageObject","inLanguage":"da-DK","@id":"https:\/\/onlinelotto365.com\/da\/koebe-billetter\/powerball-australien\/#primaryimage","url":"https:\/\/redfoxlotto.com\/image?size=8&amp;lottery=powerball-au","contentUrl":"https:\/\/redfoxlotto.com\/image?size=8&amp;lottery=powerball-au"},{"@type":"BreadcrumbList","@id":"https:\/\/onlinelotto365.com\/da\/koebe-billetter\/powerball-australien\/#breadcrumb","itemListElement":[{"@type":"ListItem","position":1,"name":"Home","item":"https:\/\/onlinelotto365.com\/da\/"},{"@type":"ListItem","position":2,"name":"At spille verdensomsp\u00e6ndende Lotto","item":"https:\/\/onlinelotto365.com\/da\/buy-tickets\/"},{"@type":"ListItem","position":3,"name":"S\u00e5dan k\u00f8ber du Powerball Australia-billetter online"}]},{"@type":"WebSite","@id":"https:\/\/onlinelotto365.com\/da\/#website","url":"https:\/\/onlinelotto365.com\/da\/","name":"OnlineLotto365","description":"","potentialAction":[{"@type":"SearchAction","target":{"@type":"EntryPoint","urlTemplate":"https:\/\/onlinelotto365.com\/da\/?s={search_term_string}"},"query-input":{"@type":"PropertyValueSpecification","valueRequired":true,"valueName":"search_term_string"}}],"inLanguage":"da-DK"}]}},"_links":{"self":[{"href":"https:\/\/onlinelotto365.com\/da\/wp-json\/wp\/v2\/pages\/80493","targetHints":{"allow":["GET"]}}],"collection":[{"href":"https:\/\/onlinelotto365.com\/da\/wp-json\/wp\/v2\/pages"}],"about":[{"href":"https:\/\/onlinelotto365.com\/da\/wp-json\/wp\/v2\/types\/page"}],"author":[{"embeddable":true,"href":"https:\/\/onlinelotto365.com\/da\/wp-json\/wp\/v2\/users\/1"}],"replies":[{"embeddable":true,"href":"https:\/\/onlinelotto365.com\/da\/wp-json\/wp\/v2\/comments?post=80493"}],"version-history":[{"count":0,"href":"https:\/\/onlinelotto365.com\/da\/wp-json\/wp\/v2\/pages\/80493\/revisions"}],"up":[{"embeddable":true,"href":"https:\/\/onlinelotto365.com\/da\/wp-json\/wp\/v2\/pages\/5567"}],"wp:attachment":[{"href":"https:\/\/onlinelotto365.com\/da\/wp-json\/wp\/v2\/media?parent=80493"}],"curies":[{"name":"wp","href":"https:\/\/api.w.org\/{rel}","templated":true}]}}