{"id":80533,"date":"2022-11-21T10:45:06","date_gmt":"2022-11-21T09:45:06","guid":{"rendered":"https:\/\/onlinelotto365.com\/?page_id=80533"},"modified":"2022-11-21T10:45:06","modified_gmt":"2022-11-21T09:45:06","slug":"oz-lotto","status":"publish","type":"page","link":"https:\/\/onlinelotto365.com\/da\/koebe-billetter\/oz-lotto\/","title":{"rendered":"S\u00e5dan k\u00f8ber du Oz Lotto billetter online"},"content":{"rendered":"<p>Du er heldig, for vi har gennemg\u00e5et processen for, hvad du skal g\u00f8re for at f\u00e5 dine Oz Lotto billetter lige her, og ogs\u00e5 fra Danmark. Du kan nemt k\u00f8be online, hvis du bare f\u00f8lger med i disse enkle trin, som vi har lagt ud for dig.<br \/>\n<a href=\"https:\/\/redfoxlotto.com\/play\/oz-lotto\/?ref=a8564250a2&amp;medium=ol365\" target=\"_blank\" rel=\"noopener noreferrer\"><img decoding=\"async\" class=\"aligncenter\" src=\"https:\/\/redfoxlotto.com\/image?size=8&amp;lottery=oz-lotto\" alt=\"Oz Lotto\" \/><\/a><\/p>\n<ul>\n<li>G\u00e5 til siden for det lotteri, som du \u00f8nsker at spille, og v\u00e6lg de numre, som du \u00f8nsker. Eller lad computeren v\u00e6lge nogle numre for dig.<\/li>\n<li>Tilf\u00f8j billetter til endnu flere lotterier og til dette spil ogs\u00e5<\/li>\n<li>Betal lige nu for dine billetter<\/li>\n<li>Registrer en helt ny konto eller log ind p\u00e5 din nuv\u00e6rende konto for at gennemg\u00e5 betalingsprocessen<\/li>\n<li>For konti, der skal registreres, skal du s\u00f8rge for at tjekke din e-mail for at finde bekr\u00e6ftelseslinket for at komme i gang<\/li>\n<li>Kig i din spam-mappe, hvis du ikke har modtaget e-mailen i din almindelige indbakke, og klik p\u00e5 linket for at bekr\u00e6fte<\/li>\n<li>G\u00e5 til din indk\u00f8bskurv for at k\u00f8be dine billetter<\/li>\n<li>G\u00e5 gennem betalingsprocessen for at f\u00e5 dine billetter<\/li>\n<\/ul>\n<h2>S\u00e5dan betaler du for din Oz Lotto-billet online<\/h2>\n<p>Du kan v\u00e6lge mellem flere forskellige helt sikre muligheder, n\u00e5r du skal betale for dine Oz Lotto-billetter.<br \/>\nHver af disse passer ind i to forskellige kategorier:<\/p>\n<p>Betal for ordren med en hvilken som helst valgt betalingsmetode<br \/>\ns\u00e6tte penge ind p\u00e5 din nuv\u00e6rende spillerkonto og bruge disse penge til at foretage et k\u00f8b<\/p>\n<p>S\u00f8rg for at s\u00e6tte flere penge ind, end du har brug for til at foretage k\u00f8bet, hvis du vil bruge din spillerkonto.<\/p>\n<h2>Mere info om Oz Lotto<\/h2>\n<ul>\n<li>Land: Australien<\/li>\n<li>De vigtigste numre: 45<\/li>\n<li>Du v\u00e6lger: 7<\/li>\n<li>Tr\u00e6kningsdage, timer: Tirsdag, 21:30 GMT+11, 10:30 CET<\/li>\n<li>Minimum jackpot: AU$ 2 millioner<\/li>\n<li>Maksimal jackpot: ingen<\/li>\n<li>Sandsynlighed for at vinde jackpotten: 1 ud af 45379620<\/li>\n<li>Sandsynlighed for en tier 2-gevinst: 1 ud af 3241401<\/li>\n<li>Sandsynlighed for at vinde i et hvilket som helst niveau: 1 p\u00e5 54,59<\/li>\n<li>Antal gevinstniveauer: 7<\/li>\n<\/ul>\n<h2>Fordele ved at k\u00f8be Oz Lotto billetter online<\/h2>\n<ul>\n<li>Du beh\u00f8ver ikke at forlade hjemmet for at v\u00e6lge dine lottokuponer<\/li>\n<li>Du kan v\u00e6lge mellem masser af forskellige muligheder<\/li>\n<li>Se p\u00e5 jackpotbel\u00f8bene for at beslutte, hvilket lotteri du vil k\u00f8be<\/li>\n<li>Du kan tilf\u00f8je penge direkte til din spillerkonto og bruge dem til at k\u00f8be dine billetter<\/li>\n<li>Du skal aldrig bekymre dig om at miste dine lodder<\/li>\n<li>F\u00e5 notifikationer, hvis du vinder noget<\/li>\n<li>Brug en hurtig valgmulighed for at f\u00e5 billetter uden at v\u00e6lge dine egne numre<\/li>\n<\/ul>\n<h2>Er det lovligt at k\u00f8be Oz Lotto billetter online?<\/h2>\n<p>Du er m\u00e5ske usikker p\u00e5, om dit bop\u00e6lsland tillader at k\u00f8be lottokuponer online eller endda p\u00e5 den traditionelle m\u00e5de. N\u00e5, men du beh\u00f8ver ikke at bekymre dig, uanset om det er i Danmark eller andre steder, for vi tager os af tingene, n\u00e5r det kommer til reglerne for det land, hvor spillet spilles. Du beh\u00f8ver ikke at bekymre dig om, hvorvidt det er lovligt at bruge den service, som vi tilbyder, s\u00e5 l\u00e6nge du er mindst 18 \u00e5r gammel. Vi s\u00f8rger for, at du bliver betalt uanset hvad.<\/p>\n<h2>Hvordan bliver jeg betalt, hvis jeg vinder Oz Lotto online?<\/h2>\n<p><img loading=\"lazy\" decoding=\"async\" class=\"alignright wp-image-3659\" src=\"https:\/\/onlinelotto365.com\/wp-content\/uploads\/2020\/11\/online_lottery-4-300x300.jpg\" alt=\"Oz lotto fra Storbritannien\" width=\"246\" height=\"246\" srcset=\"https:\/\/onlinelotto365.com\/wp-content\/uploads\/2020\/11\/online_lottery-4-300x300.jpg 300w, https:\/\/onlinelotto365.com\/wp-content\/uploads\/2020\/11\/online_lottery-4-100x100.jpg 100w, https:\/\/onlinelotto365.com\/wp-content\/uploads\/2020\/11\/online_lottery-4-150x150.jpg 150w, https:\/\/onlinelotto365.com\/wp-content\/uploads\/2020\/11\/online_lottery-4.jpg 320w\" sizes=\"auto, (max-width: 246px) 100vw, 246px\" \/><br \/>\nBetalinger er en vigtig del af processen, n\u00e5r det kommer til dit lottospil. Vi vil gerne sikre os, at du f\u00e5r alle dine penge, og derfor s\u00f8rger vi for, at du ikke bliver opkr\u00e6vet provision, n\u00e5r du vinder noget.<\/p>\n<p>Du vil heller ikke blive opkr\u00e6vet gebyrer, medmindre du v\u00e6lger at f\u00e5 foretaget en bankoverf\u00f8rsel for at f\u00e5 dine penge ind p\u00e5 din konto. I det tilf\u00e6lde vil du muligvis blive opkr\u00e6vet et gebyr p\u00e5 det bel\u00f8b, som banken opkr\u00e6ver for overf\u00f8rslen.<\/p>\n<p><strong>Ellers skal du huske p\u00e5 dette:<\/strong><\/p>\n<ul>\n<li>Hvis du vinder mindre end 2.500 \u20ac, bliver pengene automatisk sat ind p\u00e5 din konto. Du beh\u00f8ver ikke at bekymre dig om noget som helst<\/li>\n<li>Hvis du vinder mere end \u20ac2500 skal pengene g\u00e5 gennem de rette kanaler. Det betyder, at du vil f\u00e5 en e-mail fra os om at udfylde en kravformular med lotterikommissionen. Derefter vil pengene blive overf\u00f8rt til din bankkonto, eller de vil blive sendt med en check direkte til dig.<\/li>\n<\/ul>\n","protected":false},"excerpt":{"rendered":"<p>Du er heldig, for vi har gennemg\u00e5et processen for, hvad du skal g\u00f8re for at f\u00e5 dine Oz Lotto billetter lige her, og ogs\u00e5 fra Danmark. Du kan nemt k\u00f8be online, hvis du bare f\u00f8lger med i disse enkle trin, som vi har lagt ud for dig. G\u00e5 til siden for det lotteri, som du [&hellip;]<\/p>\n","protected":false},"author":1,"featured_media":0,"parent":5567,"menu_order":14,"comment_status":"closed","ping_status":"closed","template":"template-rightsidebar.php","meta":{"_et_pb_use_builder":"","_et_pb_old_content":"","_et_gb_content_width":"","exclude_from_search":false,"footnotes":""},"class_list":["post-80533","page","type-page","status-publish","hentry"],"yoast_head":"<!-- This site is optimized with the Yoast SEO plugin v23.4 - https:\/\/yoast.com\/wordpress\/plugins\/seo\/ -->\n<title>F\u00e5 billetter til Oz Lotto online fra Danmark<\/title>\n<meta name=\"description\" content=\"F\u00e5 dine billetter til det australske Oz Lotto fra Danmark\" \/>\n<meta name=\"robots\" content=\"index, follow, max-snippet:-1, max-image-preview:large, max-video-preview:-1\" \/>\n<link rel=\"canonical\" href=\"https:\/\/onlinelotto365.com\/da\/koebe-billetter\/oz-lotto\/\" \/>\n<meta property=\"og:locale\" content=\"da_DK\" \/>\n<meta property=\"og:type\" content=\"article\" \/>\n<meta property=\"og:title\" content=\"F\u00e5 billetter til Oz Lotto online fra Danmark\" \/>\n<meta property=\"og:description\" content=\"F\u00e5 dine billetter til det australske Oz Lotto fra Danmark\" \/>\n<meta property=\"og:url\" content=\"https:\/\/onlinelotto365.com\/da\/koebe-billetter\/oz-lotto\/\" \/>\n<meta property=\"og:site_name\" content=\"OnlineLotto365\" \/>\n<meta property=\"og:image\" content=\"https:\/\/redfoxlotto.com\/image?size=8&amp;lottery=oz-lotto\" \/>\n<meta name=\"twitter:card\" content=\"summary_large_image\" \/>\n<meta name=\"twitter:label1\" content=\"Estimeret l\u00e6setid\" \/>\n\t<meta name=\"twitter:data1\" content=\"4 minutter\" \/>\n<script type=\"application\/ld+json\" class=\"yoast-schema-graph\">{\"@context\":\"https:\/\/schema.org\",\"@graph\":[{\"@type\":\"WebPage\",\"@id\":\"https:\/\/onlinelotto365.com\/da\/koebe-billetter\/oz-lotto\/\",\"url\":\"https:\/\/onlinelotto365.com\/da\/koebe-billetter\/oz-lotto\/\",\"name\":\"F\u00e5 billetter til Oz Lotto online fra Danmark\",\"isPartOf\":{\"@id\":\"https:\/\/onlinelotto365.com\/da\/#website\"},\"primaryImageOfPage\":{\"@id\":\"https:\/\/onlinelotto365.com\/da\/koebe-billetter\/oz-lotto\/#primaryimage\"},\"image\":{\"@id\":\"https:\/\/onlinelotto365.com\/da\/koebe-billetter\/oz-lotto\/#primaryimage\"},\"thumbnailUrl\":\"https:\/\/redfoxlotto.com\/image?size=8&amp;lottery=oz-lotto\",\"datePublished\":\"2022-11-21T09:45:06+00:00\",\"dateModified\":\"2022-11-21T09:45:06+00:00\",\"description\":\"F\u00e5 dine billetter til det australske Oz Lotto fra Danmark\",\"breadcrumb\":{\"@id\":\"https:\/\/onlinelotto365.com\/da\/koebe-billetter\/oz-lotto\/#breadcrumb\"},\"inLanguage\":\"da-DK\",\"potentialAction\":[{\"@type\":\"ReadAction\",\"target\":[\"https:\/\/onlinelotto365.com\/da\/koebe-billetter\/oz-lotto\/\"]}]},{\"@type\":\"ImageObject\",\"inLanguage\":\"da-DK\",\"@id\":\"https:\/\/onlinelotto365.com\/da\/koebe-billetter\/oz-lotto\/#primaryimage\",\"url\":\"https:\/\/redfoxlotto.com\/image?size=8&amp;lottery=oz-lotto\",\"contentUrl\":\"https:\/\/redfoxlotto.com\/image?size=8&amp;lottery=oz-lotto\"},{\"@type\":\"BreadcrumbList\",\"@id\":\"https:\/\/onlinelotto365.com\/da\/koebe-billetter\/oz-lotto\/#breadcrumb\",\"itemListElement\":[{\"@type\":\"ListItem\",\"position\":1,\"name\":\"Home\",\"item\":\"https:\/\/onlinelotto365.com\/da\/\"},{\"@type\":\"ListItem\",\"position\":2,\"name\":\"At spille verdensomsp\u00e6ndende Lotto\",\"item\":\"https:\/\/onlinelotto365.com\/da\/buy-tickets\/\"},{\"@type\":\"ListItem\",\"position\":3,\"name\":\"S\u00e5dan k\u00f8ber du Oz Lotto billetter online\"}]},{\"@type\":\"WebSite\",\"@id\":\"https:\/\/onlinelotto365.com\/da\/#website\",\"url\":\"https:\/\/onlinelotto365.com\/da\/\",\"name\":\"OnlineLotto365\",\"description\":\"\",\"potentialAction\":[{\"@type\":\"SearchAction\",\"target\":{\"@type\":\"EntryPoint\",\"urlTemplate\":\"https:\/\/onlinelotto365.com\/da\/?s={search_term_string}\"},\"query-input\":{\"@type\":\"PropertyValueSpecification\",\"valueRequired\":true,\"valueName\":\"search_term_string\"}}],\"inLanguage\":\"da-DK\"}]}<\/script>\n<!-- \/ Yoast SEO plugin. -->","yoast_head_json":{"title":"F\u00e5 billetter til Oz Lotto online fra Danmark","description":"F\u00e5 dine billetter til det australske Oz Lotto fra Danmark","robots":{"index":"index","follow":"follow","max-snippet":"max-snippet:-1","max-image-preview":"max-image-preview:large","max-video-preview":"max-video-preview:-1"},"canonical":"https:\/\/onlinelotto365.com\/da\/koebe-billetter\/oz-lotto\/","og_locale":"da_DK","og_type":"article","og_title":"F\u00e5 billetter til Oz Lotto online fra Danmark","og_description":"F\u00e5 dine billetter til det australske Oz Lotto fra Danmark","og_url":"https:\/\/onlinelotto365.com\/da\/koebe-billetter\/oz-lotto\/","og_site_name":"OnlineLotto365","og_image":[{"url":"https:\/\/redfoxlotto.com\/image?size=8&amp;lottery=oz-lotto"}],"twitter_card":"summary_large_image","twitter_misc":{"Estimeret l\u00e6setid":"4 minutter"},"schema":{"@context":"https:\/\/schema.org","@graph":[{"@type":"WebPage","@id":"https:\/\/onlinelotto365.com\/da\/koebe-billetter\/oz-lotto\/","url":"https:\/\/onlinelotto365.com\/da\/koebe-billetter\/oz-lotto\/","name":"F\u00e5 billetter til Oz Lotto online fra Danmark","isPartOf":{"@id":"https:\/\/onlinelotto365.com\/da\/#website"},"primaryImageOfPage":{"@id":"https:\/\/onlinelotto365.com\/da\/koebe-billetter\/oz-lotto\/#primaryimage"},"image":{"@id":"https:\/\/onlinelotto365.com\/da\/koebe-billetter\/oz-lotto\/#primaryimage"},"thumbnailUrl":"https:\/\/redfoxlotto.com\/image?size=8&amp;lottery=oz-lotto","datePublished":"2022-11-21T09:45:06+00:00","dateModified":"2022-11-21T09:45:06+00:00","description":"F\u00e5 dine billetter til det australske Oz Lotto fra Danmark","breadcrumb":{"@id":"https:\/\/onlinelotto365.com\/da\/koebe-billetter\/oz-lotto\/#breadcrumb"},"inLanguage":"da-DK","potentialAction":[{"@type":"ReadAction","target":["https:\/\/onlinelotto365.com\/da\/koebe-billetter\/oz-lotto\/"]}]},{"@type":"ImageObject","inLanguage":"da-DK","@id":"https:\/\/onlinelotto365.com\/da\/koebe-billetter\/oz-lotto\/#primaryimage","url":"https:\/\/redfoxlotto.com\/image?size=8&amp;lottery=oz-lotto","contentUrl":"https:\/\/redfoxlotto.com\/image?size=8&amp;lottery=oz-lotto"},{"@type":"BreadcrumbList","@id":"https:\/\/onlinelotto365.com\/da\/koebe-billetter\/oz-lotto\/#breadcrumb","itemListElement":[{"@type":"ListItem","position":1,"name":"Home","item":"https:\/\/onlinelotto365.com\/da\/"},{"@type":"ListItem","position":2,"name":"At spille verdensomsp\u00e6ndende Lotto","item":"https:\/\/onlinelotto365.com\/da\/buy-tickets\/"},{"@type":"ListItem","position":3,"name":"S\u00e5dan k\u00f8ber du Oz Lotto billetter online"}]},{"@type":"WebSite","@id":"https:\/\/onlinelotto365.com\/da\/#website","url":"https:\/\/onlinelotto365.com\/da\/","name":"OnlineLotto365","description":"","potentialAction":[{"@type":"SearchAction","target":{"@type":"EntryPoint","urlTemplate":"https:\/\/onlinelotto365.com\/da\/?s={search_term_string}"},"query-input":{"@type":"PropertyValueSpecification","valueRequired":true,"valueName":"search_term_string"}}],"inLanguage":"da-DK"}]}},"_links":{"self":[{"href":"https:\/\/onlinelotto365.com\/da\/wp-json\/wp\/v2\/pages\/80533","targetHints":{"allow":["GET"]}}],"collection":[{"href":"https:\/\/onlinelotto365.com\/da\/wp-json\/wp\/v2\/pages"}],"about":[{"href":"https:\/\/onlinelotto365.com\/da\/wp-json\/wp\/v2\/types\/page"}],"author":[{"embeddable":true,"href":"https:\/\/onlinelotto365.com\/da\/wp-json\/wp\/v2\/users\/1"}],"replies":[{"embeddable":true,"href":"https:\/\/onlinelotto365.com\/da\/wp-json\/wp\/v2\/comments?post=80533"}],"version-history":[{"count":0,"href":"https:\/\/onlinelotto365.com\/da\/wp-json\/wp\/v2\/pages\/80533\/revisions"}],"up":[{"embeddable":true,"href":"https:\/\/onlinelotto365.com\/da\/wp-json\/wp\/v2\/pages\/5567"}],"wp:attachment":[{"href":"https:\/\/onlinelotto365.com\/da\/wp-json\/wp\/v2\/media?parent=80533"}],"curies":[{"name":"wp","href":"https:\/\/api.w.org\/{rel}","templated":true}]}}