{"id":80566,"date":"2022-11-21T13:11:27","date_gmt":"2022-11-21T12:11:27","guid":{"rendered":"https:\/\/onlinelotto365.com\/?page_id=80566"},"modified":"2022-11-21T13:11:27","modified_gmt":"2022-11-21T12:11:27","slug":"loerdag-lotto-australien","status":"publish","type":"page","link":"https:\/\/onlinelotto365.com\/da\/koebe-billetter\/loerdag-lotto-australien\/","title":{"rendered":"S\u00e5dan k\u00f8ber du l\u00f8rdag Lotto Australia billetter online"},"content":{"rendered":"<p>Hvis du ikke var helt sikker p\u00e5, hvordan du k\u00f8ber l\u00f8rdags Lotto Australia billetter online, b\u00f8r du tjekke denne trinvise vejledning, der er designet til at hj\u00e6lpe dig med at n\u00e5 dertil hurtigt. Du beh\u00f8ver ikke at bekymre dig om noget, fordi vi hj\u00e6lper dig p\u00e5 vej.<br \/>\n<a href=\"https:\/\/redfoxlotto.com\/play\/saturday-lotto-au\/?ref=a8564250a2&amp;medium=ol365\" target=\"_blank\" rel=\"noopener noreferrer\"><img decoding=\"async\" class=\"aligncenter\" src=\"https:\/\/redfoxlotto.com\/image?size=8&amp;lottery=saturday-lotto-au\" alt=\"L\u00f8rdag Lotto Australien\" \/><\/a><\/p>\n<ul>\n<li>G\u00e5 til siden for Saturday Lotto Australia og v\u00e6lg de tal, du vil spille p\u00e5 hver af dine billetter<\/li>\n<li>Tilf\u00f8j flere billetter til det samme spil eller til forskellige spil<\/li>\n<li>G\u00e5 til muligheden for at betale nu<\/li>\n<li>Log ind p\u00e5 din nuv\u00e6rende konto, eller v\u00e6lg muligheden for at oprette en ny konto, og f\u00f8lg anvisningerne<\/li>\n<li>For nye konti skal du s\u00f8rge for at tjekke din e-mailindbakke for en bekr\u00e6ftelsesmail med et bekr\u00e6ftelseslink<\/li>\n<li>Tjek din spam-mappe, hvis du ikke kan se bekr\u00e6ftelsesmailen, og klik p\u00e5 linket<\/li>\n<li>G\u00e5 til din indk\u00f8bskurv<\/li>\n<li>V\u00e6lg den betalingsmulighed, du \u00f8nsker at bruge, og g\u00e5 gennem betalingsprocessen<\/li>\n<\/ul>\n<h2>S\u00e5dan betaler du for din l\u00f8rdags Lotto Australia-billet online<\/h2>\n<p>Du kan bruge en af mange forskellige sikre betalingsmuligheder, n\u00e5r du er klar til at k\u00f8be dine n\u00e6ste lottokuponer hos os fra Danmark.<br \/>\nV\u00e6lg mellem disse forskellige muligheder:<\/p>\n<p>Betal for ordren direkte gennem din foretrukne betalingsmetode<br \/>\nS\u00e6t penge ind p\u00e5 din konto og brug dem til at foretage et k\u00f8b af billetter<\/p>\n<p>S\u00f8rg for at s\u00e6tte mere end nok penge ind til k\u00f8bet, hvis du beslutter dig for at s\u00e6tte penge ind p\u00e5 din konto.<\/p>\n<h2>Mere info om Saturday Lotto Australia<\/h2>\n<ul>\n<li>Land: Australien<\/li>\n<li>Hovedtalsomr\u00e5de: 45<\/li>\n<li>Du v\u00e6lger: 6<\/li>\n<li>Tr\u00e6kningsdage, timer: L\u00f8rdag, 21:30 GMT+11, 10:30 CET<\/li>\n<li>Minimum jackpot: AU$ 5 millioner<\/li>\n<li>Maksimal jackpot: AU$ 150 millioner<\/li>\n<li>Sandsynlighed for at vinde jackpotten: 1 ud af 8145060<\/li>\n<li>Sandsynligheden for en tier 2-gevinst: 1 ud af 678755<\/li>\n<li>Sandsynlighed for at vinde i et hvilket som helst niveau: 1 ud af 85,44<\/li>\n<li>Antal gevinstniveauer: 6<\/li>\n<\/ul>\n<h2>Fordele ved at k\u00f8be l\u00f8rdags Lotto Australia billetter online<\/h2>\n<ul>\n<li>Du f\u00e5r de billetter, du \u00f8nsker, og beh\u00f8ver aldrig at g\u00e5 ud af d\u00f8ren<\/li>\n<li>V\u00e6lg mellem masser af forskellige lotterispil<\/li>\n<li>F\u00e5 en bedre chance for at vinde ved at g\u00e5 efter de st\u00f8rste jackpots<\/li>\n<li>S\u00e6t dine penge ind p\u00e5 en konto, og betal derefter for dine billetter<\/li>\n<li>Du kan nemt holde styr p\u00e5 dine lodder<\/li>\n<li>F\u00e5 gevinstmeddelelser hver gang<\/li>\n<li>Brug et hurtigvalg til at f\u00e5 billetter uden at v\u00e6lge numre<\/li>\n<\/ul>\n<h2>Er det lovligt at k\u00f8be l\u00f8rdags Lotto Australia-lodder online?<\/h2>\n<p>Du er m\u00e5ske nerv\u00f8s for, om det er lovligt at k\u00f8be lottokuponer p\u00e5 denne m\u00e5de, mens du er bosiddende i Danmark, om det faktisk er lovligt i dit bop\u00e6lsland. N\u00e5, men du beh\u00f8ver ikke at bekymre dig, for vi s\u00f8rger for, at alt er lovligt i henhold til det land, som billetterne k\u00f8bes fra, herunder det land, som lotteriet er baseret i. Du beh\u00f8ver ikke at bekymre dig om andet end at s\u00f8rge for, at du er lovligt gammel nok til at k\u00f8be billetterne. Du skal v\u00e6re 18 \u00e5r for at kunne bruge vores hjemmeside.<\/p>\n<h2>Hvordan bliver jeg betalt, hvis jeg vinder Saturday Lotto Australia online?<\/h2>\n<p><img loading=\"lazy\" decoding=\"async\" class=\"alignright wp-image-3694\" src=\"https:\/\/onlinelotto365.com\/wp-content\/uploads\/2020\/11\/online_lottery-11-300x300.jpeg\" alt=\"k\u00f8be billetter l\u00f8rdag lotto online\" width=\"187\" height=\"187\" srcset=\"https:\/\/onlinelotto365.com\/wp-content\/uploads\/2020\/11\/online_lottery-11-300x300.jpeg 300w, https:\/\/onlinelotto365.com\/wp-content\/uploads\/2020\/11\/online_lottery-11-100x100.jpeg 100w, https:\/\/onlinelotto365.com\/wp-content\/uploads\/2020\/11\/online_lottery-11-150x150.jpeg 150w, https:\/\/onlinelotto365.com\/wp-content\/uploads\/2020\/11\/online_lottery-11.jpeg 480w\" sizes=\"auto, (max-width: 187px) 100vw, 187px\" \/><br \/>\nVi ved, at du ikke \u00f8nsker, at nogen skal tage en del af din gevinst, og derfor s\u00f8rger vi for, at vi ikke g\u00f8r det. Du vil aldrig betale os en kommission, n\u00e5r du vinder dine yndlingslotterispil. Og du beh\u00f8ver heller ikke at bekymre dig om at betale os en provision p\u00e5 gevinster.<\/p>\n<p>Det eneste tidspunkt, hvor du nogensinde skal betale et gebyr, er, hvis du v\u00e6lger at f\u00e5 dine lotterigevinster indbetalt via en bankoverf\u00f8rsel, f.eks. til en bank i Danmark. Disse bankoverf\u00f8rsler kan nogle gange koste os gebyrer, da bankerne opkr\u00e6ver gebyrer for internationale overf\u00f8rsler. Dette gebyr kan blive sendt videre til dig og trukket fra din gevinst.<br \/>\n<strong>N\u00e5r det kommer til at blive betalt, skal du bare huske:<\/strong><\/p>\n<ul>\n<li>Betalinger under 2.500 \u20ac inds\u00e6ttes p\u00e5 din konto. Du beh\u00f8ver ikke at g\u00f8re noget, for vi g\u00f8r det hele for dig.<\/li>\n<li>Betalinger over \u20ac2500 udbetales via bankoverf\u00f8rsel eller check. Du vil blive kontaktet af vores supportteam for at udfylde en formular, s\u00e5 vi ved, hvordan vi kan f\u00e5 pengene til dig. Derefter skal du bare vente et par dage p\u00e5, at de er der.<\/li>\n<\/ul>\n","protected":false},"excerpt":{"rendered":"<p>Hvis du ikke var helt sikker p\u00e5, hvordan du k\u00f8ber l\u00f8rdags Lotto Australia billetter online, b\u00f8r du tjekke denne trinvise vejledning, der er designet til at hj\u00e6lpe dig med at n\u00e5 dertil hurtigt. Du beh\u00f8ver ikke at bekymre dig om noget, fordi vi hj\u00e6lper dig p\u00e5 vej. G\u00e5 til siden for Saturday Lotto Australia og [&hellip;]<\/p>\n","protected":false},"author":1,"featured_media":0,"parent":5567,"menu_order":15,"comment_status":"closed","ping_status":"closed","template":"saturday-lotto-info.php","meta":{"_et_pb_use_builder":"","_et_pb_old_content":"","_et_gb_content_width":"","exclude_from_search":false,"footnotes":""},"class_list":["post-80566","page","type-page","status-publish","hentry"],"yoast_head":"<!-- This site is optimized with the Yoast SEO plugin v23.4 - https:\/\/yoast.com\/wordpress\/plugins\/seo\/ -->\n<title>S\u00e5dan f\u00e5r du billetter til l\u00f8rdag Lotto Australien, hvis du er bosiddende i Danmark<\/title>\n<meta name=\"description\" content=\"Beboere i Danmark kan nu k\u00f8be billetter til l\u00f8rdagslotto Australien\" \/>\n<meta name=\"robots\" content=\"index, follow, max-snippet:-1, max-image-preview:large, max-video-preview:-1\" \/>\n<link rel=\"canonical\" href=\"https:\/\/onlinelotto365.com\/da\/koebe-billetter\/loerdag-lotto-australien\/\" \/>\n<meta property=\"og:locale\" content=\"da_DK\" \/>\n<meta property=\"og:type\" content=\"article\" \/>\n<meta property=\"og:title\" content=\"S\u00e5dan f\u00e5r du billetter til l\u00f8rdag Lotto Australien, hvis du er bosiddende i Danmark\" \/>\n<meta property=\"og:description\" content=\"Beboere i Danmark kan nu k\u00f8be billetter til l\u00f8rdagslotto Australien\" \/>\n<meta property=\"og:url\" content=\"https:\/\/onlinelotto365.com\/da\/koebe-billetter\/loerdag-lotto-australien\/\" \/>\n<meta property=\"og:site_name\" content=\"OnlineLotto365\" \/>\n<meta property=\"og:image\" content=\"https:\/\/redfoxlotto.com\/image?size=8&amp;lottery=saturday-lotto-au\" \/>\n<meta name=\"twitter:card\" content=\"summary_large_image\" \/>\n<meta name=\"twitter:label1\" content=\"Estimeret l\u00e6setid\" \/>\n\t<meta name=\"twitter:data1\" content=\"4 minutter\" \/>\n<script type=\"application\/ld+json\" class=\"yoast-schema-graph\">{\"@context\":\"https:\/\/schema.org\",\"@graph\":[{\"@type\":\"WebPage\",\"@id\":\"https:\/\/onlinelotto365.com\/da\/koebe-billetter\/loerdag-lotto-australien\/\",\"url\":\"https:\/\/onlinelotto365.com\/da\/koebe-billetter\/loerdag-lotto-australien\/\",\"name\":\"S\u00e5dan f\u00e5r du billetter til l\u00f8rdag Lotto Australien, hvis du er bosiddende i Danmark\",\"isPartOf\":{\"@id\":\"https:\/\/onlinelotto365.com\/da\/#website\"},\"primaryImageOfPage\":{\"@id\":\"https:\/\/onlinelotto365.com\/da\/koebe-billetter\/loerdag-lotto-australien\/#primaryimage\"},\"image\":{\"@id\":\"https:\/\/onlinelotto365.com\/da\/koebe-billetter\/loerdag-lotto-australien\/#primaryimage\"},\"thumbnailUrl\":\"https:\/\/redfoxlotto.com\/image?size=8&amp;lottery=saturday-lotto-au\",\"datePublished\":\"2022-11-21T12:11:27+00:00\",\"dateModified\":\"2022-11-21T12:11:27+00:00\",\"description\":\"Beboere i Danmark kan nu k\u00f8be billetter til l\u00f8rdagslotto Australien\",\"breadcrumb\":{\"@id\":\"https:\/\/onlinelotto365.com\/da\/koebe-billetter\/loerdag-lotto-australien\/#breadcrumb\"},\"inLanguage\":\"da-DK\",\"potentialAction\":[{\"@type\":\"ReadAction\",\"target\":[\"https:\/\/onlinelotto365.com\/da\/koebe-billetter\/loerdag-lotto-australien\/\"]}]},{\"@type\":\"ImageObject\",\"inLanguage\":\"da-DK\",\"@id\":\"https:\/\/onlinelotto365.com\/da\/koebe-billetter\/loerdag-lotto-australien\/#primaryimage\",\"url\":\"https:\/\/redfoxlotto.com\/image?size=8&amp;lottery=saturday-lotto-au\",\"contentUrl\":\"https:\/\/redfoxlotto.com\/image?size=8&amp;lottery=saturday-lotto-au\"},{\"@type\":\"BreadcrumbList\",\"@id\":\"https:\/\/onlinelotto365.com\/da\/koebe-billetter\/loerdag-lotto-australien\/#breadcrumb\",\"itemListElement\":[{\"@type\":\"ListItem\",\"position\":1,\"name\":\"Home\",\"item\":\"https:\/\/onlinelotto365.com\/da\/\"},{\"@type\":\"ListItem\",\"position\":2,\"name\":\"At spille verdensomsp\u00e6ndende Lotto\",\"item\":\"https:\/\/onlinelotto365.com\/da\/buy-tickets\/\"},{\"@type\":\"ListItem\",\"position\":3,\"name\":\"S\u00e5dan k\u00f8ber du l\u00f8rdag Lotto Australia billetter online\"}]},{\"@type\":\"WebSite\",\"@id\":\"https:\/\/onlinelotto365.com\/da\/#website\",\"url\":\"https:\/\/onlinelotto365.com\/da\/\",\"name\":\"OnlineLotto365\",\"description\":\"\",\"potentialAction\":[{\"@type\":\"SearchAction\",\"target\":{\"@type\":\"EntryPoint\",\"urlTemplate\":\"https:\/\/onlinelotto365.com\/da\/?s={search_term_string}\"},\"query-input\":{\"@type\":\"PropertyValueSpecification\",\"valueRequired\":true,\"valueName\":\"search_term_string\"}}],\"inLanguage\":\"da-DK\"}]}<\/script>\n<!-- \/ Yoast SEO plugin. -->","yoast_head_json":{"title":"S\u00e5dan f\u00e5r du billetter til l\u00f8rdag Lotto Australien, hvis du er bosiddende i Danmark","description":"Beboere i Danmark kan nu k\u00f8be billetter til l\u00f8rdagslotto Australien","robots":{"index":"index","follow":"follow","max-snippet":"max-snippet:-1","max-image-preview":"max-image-preview:large","max-video-preview":"max-video-preview:-1"},"canonical":"https:\/\/onlinelotto365.com\/da\/koebe-billetter\/loerdag-lotto-australien\/","og_locale":"da_DK","og_type":"article","og_title":"S\u00e5dan f\u00e5r du billetter til l\u00f8rdag Lotto Australien, hvis du er bosiddende i Danmark","og_description":"Beboere i Danmark kan nu k\u00f8be billetter til l\u00f8rdagslotto Australien","og_url":"https:\/\/onlinelotto365.com\/da\/koebe-billetter\/loerdag-lotto-australien\/","og_site_name":"OnlineLotto365","og_image":[{"url":"https:\/\/redfoxlotto.com\/image?size=8&amp;lottery=saturday-lotto-au"}],"twitter_card":"summary_large_image","twitter_misc":{"Estimeret l\u00e6setid":"4 minutter"},"schema":{"@context":"https:\/\/schema.org","@graph":[{"@type":"WebPage","@id":"https:\/\/onlinelotto365.com\/da\/koebe-billetter\/loerdag-lotto-australien\/","url":"https:\/\/onlinelotto365.com\/da\/koebe-billetter\/loerdag-lotto-australien\/","name":"S\u00e5dan f\u00e5r du billetter til l\u00f8rdag Lotto Australien, hvis du er bosiddende i Danmark","isPartOf":{"@id":"https:\/\/onlinelotto365.com\/da\/#website"},"primaryImageOfPage":{"@id":"https:\/\/onlinelotto365.com\/da\/koebe-billetter\/loerdag-lotto-australien\/#primaryimage"},"image":{"@id":"https:\/\/onlinelotto365.com\/da\/koebe-billetter\/loerdag-lotto-australien\/#primaryimage"},"thumbnailUrl":"https:\/\/redfoxlotto.com\/image?size=8&amp;lottery=saturday-lotto-au","datePublished":"2022-11-21T12:11:27+00:00","dateModified":"2022-11-21T12:11:27+00:00","description":"Beboere i Danmark kan nu k\u00f8be billetter til l\u00f8rdagslotto Australien","breadcrumb":{"@id":"https:\/\/onlinelotto365.com\/da\/koebe-billetter\/loerdag-lotto-australien\/#breadcrumb"},"inLanguage":"da-DK","potentialAction":[{"@type":"ReadAction","target":["https:\/\/onlinelotto365.com\/da\/koebe-billetter\/loerdag-lotto-australien\/"]}]},{"@type":"ImageObject","inLanguage":"da-DK","@id":"https:\/\/onlinelotto365.com\/da\/koebe-billetter\/loerdag-lotto-australien\/#primaryimage","url":"https:\/\/redfoxlotto.com\/image?size=8&amp;lottery=saturday-lotto-au","contentUrl":"https:\/\/redfoxlotto.com\/image?size=8&amp;lottery=saturday-lotto-au"},{"@type":"BreadcrumbList","@id":"https:\/\/onlinelotto365.com\/da\/koebe-billetter\/loerdag-lotto-australien\/#breadcrumb","itemListElement":[{"@type":"ListItem","position":1,"name":"Home","item":"https:\/\/onlinelotto365.com\/da\/"},{"@type":"ListItem","position":2,"name":"At spille verdensomsp\u00e6ndende Lotto","item":"https:\/\/onlinelotto365.com\/da\/buy-tickets\/"},{"@type":"ListItem","position":3,"name":"S\u00e5dan k\u00f8ber du l\u00f8rdag Lotto Australia billetter online"}]},{"@type":"WebSite","@id":"https:\/\/onlinelotto365.com\/da\/#website","url":"https:\/\/onlinelotto365.com\/da\/","name":"OnlineLotto365","description":"","potentialAction":[{"@type":"SearchAction","target":{"@type":"EntryPoint","urlTemplate":"https:\/\/onlinelotto365.com\/da\/?s={search_term_string}"},"query-input":{"@type":"PropertyValueSpecification","valueRequired":true,"valueName":"search_term_string"}}],"inLanguage":"da-DK"}]}},"_links":{"self":[{"href":"https:\/\/onlinelotto365.com\/da\/wp-json\/wp\/v2\/pages\/80566","targetHints":{"allow":["GET"]}}],"collection":[{"href":"https:\/\/onlinelotto365.com\/da\/wp-json\/wp\/v2\/pages"}],"about":[{"href":"https:\/\/onlinelotto365.com\/da\/wp-json\/wp\/v2\/types\/page"}],"author":[{"embeddable":true,"href":"https:\/\/onlinelotto365.com\/da\/wp-json\/wp\/v2\/users\/1"}],"replies":[{"embeddable":true,"href":"https:\/\/onlinelotto365.com\/da\/wp-json\/wp\/v2\/comments?post=80566"}],"version-history":[{"count":0,"href":"https:\/\/onlinelotto365.com\/da\/wp-json\/wp\/v2\/pages\/80566\/revisions"}],"up":[{"embeddable":true,"href":"https:\/\/onlinelotto365.com\/da\/wp-json\/wp\/v2\/pages\/5567"}],"wp:attachment":[{"href":"https:\/\/onlinelotto365.com\/da\/wp-json\/wp\/v2\/media?parent=80566"}],"curies":[{"name":"wp","href":"https:\/\/api.w.org\/{rel}","templated":true}]}}