{"id":80591,"date":"2022-11-22T07:23:14","date_gmt":"2022-11-22T06:23:14","guid":{"rendered":"https:\/\/onlinelotto365.com\/?page_id=80591"},"modified":"2022-11-22T07:23:14","modified_gmt":"2022-11-22T06:23:14","slug":"mon-wed-lotto","status":"publish","type":"page","link":"https:\/\/onlinelotto365.com\/da\/koebe-billetter\/mon-wed-lotto\/","title":{"rendered":"S\u00e5dan k\u00f8ber du m\u00e5neds og ons Lotto Australia billetter online"},"content":{"rendered":"<p>Vi har beskrevet de forskellige trin, som du skal f\u00f8lge, hvis du \u00f8nsker at k\u00f8be Mon &amp; Wed Lotto Australia billetter fra vores hjemmeside. Det er enkelt og nemt, og n\u00e5r du gennemg\u00e5r disse trin, vil du opdage, at du hurtigt har dine billetter klar til at g\u00e5 i gang.<br \/>\n<a href=\"https:\/\/redfoxlotto.com\/play\/monday-wednesday-lotto-au\/?ref=a8564250a2&amp;medium=ol365\" target=\"_blank\" rel=\"noopener noreferrer\"><img decoding=\"async\" class=\"aligncenter\" src=\"https:\/\/redfoxlotto.com\/image?size=8&amp;lottery=monday-wednesday-lotto-au\" alt=\"Mon &amp;amp; Wed Lotto Australien\" \/><\/a><\/p>\n<ul>\n<li>G\u00e5 til siden for det lotteri, som du vil spille, og v\u00e6lg de numre, som du vil spille p\u00e5 hver billet<\/li>\n<li>Tilf\u00f8j s\u00e5 mange lodder til dette eller et andet spil, som du \u00f8nsker, for at oprette din ordre<\/li>\n<li>V\u00e6lg muligheden for at betale nu<\/li>\n<li>Log ind p\u00e5 din nuv\u00e6rende konto eller g\u00e5 igennem processen med at oprette en ny konto og registrere den<\/li>\n<li>G\u00e5 til din e-mail for at f\u00e5 bekr\u00e6ftelseslinket for at registrere din konto og foretage et k\u00f8b<\/li>\n<li>Tjek din mappe med spammails for at se, om mailen er blevet sendt der ved en fejltagelse, hvis du ikke kan se den i din indbakke<\/li>\n<li>G\u00e5 gennem kasseprocessen i din indk\u00f8bskurv<\/li>\n<li>V\u00e6lg den betalingsmetode, du vil bruge, og f\u00f8lg instruktionerne for at gennemf\u00f8re din betaling<\/li>\n<\/ul>\n<h2>S\u00e5dan betaler du for din Mon &amp; Wed Lotto Australia billet online<\/h2>\n<p>N\u00e5r du skal foretage en betaling, har du flere forskellige helt sikre muligheder. Alt du skal g\u00f8re er at tage et kig her og se, hvad nogle af disse muligheder vil v\u00e6re.<br \/>\nF\u00e5 dine billetter ved at v\u00e6lge en af to muligheder:<\/p>\n<p>Betal direkte med en betalingsmetode efter eget valg<br \/>\nInds\u00e6t penge p\u00e5 en spillerkonto og brug denne konto til at k\u00f8be dine billetter<\/p>\n<p>Beg\u00e5 ikke den fejl at s\u00e6tte for lidt ind p\u00e5 din konto for at betale for dine billetter. Du skal bruge lidt mere end bel\u00f8bet i din indk\u00f8bskurv.<\/p>\n<h2>Mere info om Mon &amp; Wed Lotto Australia<\/h2>\n<ul>\n<li>Land: Australien<\/li>\n<li>Hovednumre r\u00e6kkevidde: 45<\/li>\n<li>Du v\u00e6lger: 6<\/li>\n<li>Tr\u00e6k dage, timer: Mandag, onsdag, 21:30 GMT+11, 10:30 CET<\/li>\n<li>Mindste jackpot: AU$ 2,5 millioner<\/li>\n<li>Maksimal jackpot: Fast jackpot<\/li>\n<li>Sandsynlighed for at vinde jackpotten: 1 ud af 8145060<\/li>\n<li>Sandsynlighed for en tier 2-gevinst: 1 ud af 678755<\/li>\n<li>Sandsynlighed for at vinde i et hvilket som helst niveau: 1 ud af 85,44<\/li>\n<li>Antal gevinstniveauer: 6<\/li>\n<\/ul>\n<h2>Fordele ved at k\u00f8be Mon &amp; Wed Lotto Australia billetter online<\/h2>\n<ul>\n<li>Du kan k\u00f8be lottokuponer hjemmefra uden at skulle bekymre dig om at g\u00e5 ud<\/li>\n<li>V\u00e6lg mellem alle dine yndlingssedler og lidt til<\/li>\n<li>F\u00e5 bedre odds ved at v\u00e6lge spil med de h\u00f8jeste jackpotbel\u00f8b<\/li>\n<li>Brug din kontosaldo til at k\u00f8be billetter ved at indbetale penge<\/li>\n<li>Hold styr p\u00e5 dine lottokuponer via en onlinekonto<\/li>\n<li>F\u00e5 meddelelser, n\u00e5r du har en vindende billet<\/li>\n<li>Brug den tilf\u00e6ldige nummergenerator til at v\u00e6lge billetter for dig<\/li>\n<\/ul>\n<h2>Er det lovligt at k\u00f8be Mon &amp; Wed Lotto Australia billetter online?<\/h2>\n<p>Mange mennesker er bange for, at det er ulovligt at k\u00f8be billetter online, eller at det kan v\u00e6re ulovligt at k\u00f8be dem p\u00e5 den traditionelle m\u00e5de i deres hjemland. Vi s\u00f8rger for, at alle regler overholdes i det land, som selve lotteriet kommer fra. Vi s\u00f8rger for, at du ogs\u00e5 f\u00e5r din lotteri gevinst. Uanset om du vinder en lille gevinst eller en stor gevinst, hj\u00e6lper vi dig med at f\u00e5 det, du leder efter, og det du er berettiget til.<br \/>\nAlle brugere af vores hjemmeside skal v\u00e6re mindst 18 \u00e5r.<\/p>\n<h2>Hvordan bliver jeg betalt, hvis jeg vinder Mon &amp; Wed Lotto Australia online?<\/h2>\n<p><img loading=\"lazy\" decoding=\"async\" class=\"alignright wp-image-3685\" src=\"https:\/\/onlinelotto365.com\/wp-content\/uploads\/2020\/11\/online_lottery-4-300x192.jpeg\" alt=\"mon wed lotto australien online\" width=\"255\" height=\"163\" srcset=\"https:\/\/onlinelotto365.com\/wp-content\/uploads\/2020\/11\/online_lottery-4-300x192.jpeg 300w, https:\/\/onlinelotto365.com\/wp-content\/uploads\/2020\/11\/online_lottery-4-600x383.jpeg 600w, https:\/\/onlinelotto365.com\/wp-content\/uploads\/2020\/11\/online_lottery-4.jpeg 751w\" sizes=\"auto, (max-width: 255px) 100vw, 255px\" \/><br \/>\nAt f\u00e5 gevinster til vores kunder er den vigtigste del af processen, og vi g\u00f8r det ved at s\u00f8rge for, at der ikke er nogen provisioner. Du beh\u00f8ver ikke at bekymre dig om, at vi tager noget fra din gevinst, medmindre du v\u00e6lger at foretage en bankoverf\u00f8rsel.<br \/>\nDenne betalingsmetode, is\u00e6r n\u00e5r den udf\u00f8res som en international transaktion, kan koste os, n\u00e5r banken opkr\u00e6ver gebyrer. Hvis det sker, kan omkostningerne overf\u00f8res til dig og tages fra dine gevinster.<br \/>\nDer er to forskellige m\u00e5der, hvorp\u00e5 betalinger foretages.<\/p>\n<ul>\n<li>Betalinger, der er under 2.500 \u20ac, vil blive foretaget uden input fra dig. Vores team s\u00f8rger for, at pengene s\u00e6ttes direkte ind p\u00e5 din konto.<\/li>\n<li>Gevinstbel\u00f8b, der er mere end \u20ac2500, behandles p\u00e5 en anden m\u00e5de. Disse bel\u00f8b skal behandles med lotterikommissionen, og det betyder, at vi skal have udfyldt en kravformular. Vi sender formularen til dig, og alt du skal g\u00f8re er at udfylde den og lade os vide, om du vil have dine penge via bankoverf\u00f8rsel eller check.<\/li>\n<\/ul>\n","protected":false},"excerpt":{"rendered":"<p>Vi har beskrevet de forskellige trin, som du skal f\u00f8lge, hvis du \u00f8nsker at k\u00f8be Mon &amp; Wed Lotto Australia billetter fra vores hjemmeside. Det er enkelt og nemt, og n\u00e5r du gennemg\u00e5r disse trin, vil du opdage, at du hurtigt har dine billetter klar til at g\u00e5 i gang. G\u00e5 til siden for det [&hellip;]<\/p>\n","protected":false},"author":1,"featured_media":0,"parent":5567,"menu_order":16,"comment_status":"closed","ping_status":"closed","template":"template-rightsidebar.php","meta":{"_et_pb_use_builder":"","_et_pb_old_content":"","_et_gb_content_width":"","exclude_from_search":false,"footnotes":""},"class_list":["post-80591","page","type-page","status-publish","hentry"],"yoast_head":"<!-- This site is optimized with the Yoast SEO plugin v23.4 - https:\/\/yoast.com\/wordpress\/plugins\/seo\/ -->\n<title>Online billet k\u00f8b for Mon &amp; Wed Lotto Australien<\/title>\n<meta name=\"description\" content=\"Uanset hvor du bor, og uanset hvad du leder efter, kan du k\u00f8be Mon &amp; Wed Lotto Australia billetter her!\" \/>\n<meta name=\"robots\" content=\"index, follow, max-snippet:-1, max-image-preview:large, max-video-preview:-1\" \/>\n<link rel=\"canonical\" href=\"https:\/\/onlinelotto365.com\/da\/koebe-billetter\/mon-wed-lotto\/\" \/>\n<meta property=\"og:locale\" content=\"da_DK\" \/>\n<meta property=\"og:type\" content=\"article\" \/>\n<meta property=\"og:title\" content=\"Online billet k\u00f8b for Mon &amp; Wed Lotto Australien\" \/>\n<meta property=\"og:description\" content=\"Uanset hvor du bor, og uanset hvad du leder efter, kan du k\u00f8be Mon &amp; Wed Lotto Australia billetter her!\" \/>\n<meta property=\"og:url\" content=\"https:\/\/onlinelotto365.com\/da\/koebe-billetter\/mon-wed-lotto\/\" \/>\n<meta property=\"og:site_name\" content=\"OnlineLotto365\" \/>\n<meta property=\"og:image\" content=\"https:\/\/redfoxlotto.com\/image?size=8&amp;lottery=monday-wednesday-lotto-au\" \/>\n<meta name=\"twitter:card\" content=\"summary_large_image\" \/>\n<meta name=\"twitter:label1\" content=\"Estimeret l\u00e6setid\" \/>\n\t<meta name=\"twitter:data1\" content=\"4 minutter\" \/>\n<script type=\"application\/ld+json\" class=\"yoast-schema-graph\">{\"@context\":\"https:\/\/schema.org\",\"@graph\":[{\"@type\":\"WebPage\",\"@id\":\"https:\/\/onlinelotto365.com\/da\/koebe-billetter\/mon-wed-lotto\/\",\"url\":\"https:\/\/onlinelotto365.com\/da\/koebe-billetter\/mon-wed-lotto\/\",\"name\":\"Online billet k\u00f8b for Mon & Wed Lotto Australien\",\"isPartOf\":{\"@id\":\"https:\/\/onlinelotto365.com\/da\/#website\"},\"primaryImageOfPage\":{\"@id\":\"https:\/\/onlinelotto365.com\/da\/koebe-billetter\/mon-wed-lotto\/#primaryimage\"},\"image\":{\"@id\":\"https:\/\/onlinelotto365.com\/da\/koebe-billetter\/mon-wed-lotto\/#primaryimage\"},\"thumbnailUrl\":\"https:\/\/redfoxlotto.com\/image?size=8&amp;lottery=monday-wednesday-lotto-au\",\"datePublished\":\"2022-11-22T06:23:14+00:00\",\"dateModified\":\"2022-11-22T06:23:14+00:00\",\"description\":\"Uanset hvor du bor, og uanset hvad du leder efter, kan du k\u00f8be Mon & Wed Lotto Australia billetter her!\",\"breadcrumb\":{\"@id\":\"https:\/\/onlinelotto365.com\/da\/koebe-billetter\/mon-wed-lotto\/#breadcrumb\"},\"inLanguage\":\"da-DK\",\"potentialAction\":[{\"@type\":\"ReadAction\",\"target\":[\"https:\/\/onlinelotto365.com\/da\/koebe-billetter\/mon-wed-lotto\/\"]}]},{\"@type\":\"ImageObject\",\"inLanguage\":\"da-DK\",\"@id\":\"https:\/\/onlinelotto365.com\/da\/koebe-billetter\/mon-wed-lotto\/#primaryimage\",\"url\":\"https:\/\/redfoxlotto.com\/image?size=8&amp;lottery=monday-wednesday-lotto-au\",\"contentUrl\":\"https:\/\/redfoxlotto.com\/image?size=8&amp;lottery=monday-wednesday-lotto-au\"},{\"@type\":\"BreadcrumbList\",\"@id\":\"https:\/\/onlinelotto365.com\/da\/koebe-billetter\/mon-wed-lotto\/#breadcrumb\",\"itemListElement\":[{\"@type\":\"ListItem\",\"position\":1,\"name\":\"Home\",\"item\":\"https:\/\/onlinelotto365.com\/da\/\"},{\"@type\":\"ListItem\",\"position\":2,\"name\":\"At spille verdensomsp\u00e6ndende Lotto\",\"item\":\"https:\/\/onlinelotto365.com\/da\/buy-tickets\/\"},{\"@type\":\"ListItem\",\"position\":3,\"name\":\"S\u00e5dan k\u00f8ber du m\u00e5neds og ons Lotto Australia billetter online\"}]},{\"@type\":\"WebSite\",\"@id\":\"https:\/\/onlinelotto365.com\/da\/#website\",\"url\":\"https:\/\/onlinelotto365.com\/da\/\",\"name\":\"OnlineLotto365\",\"description\":\"\",\"potentialAction\":[{\"@type\":\"SearchAction\",\"target\":{\"@type\":\"EntryPoint\",\"urlTemplate\":\"https:\/\/onlinelotto365.com\/da\/?s={search_term_string}\"},\"query-input\":{\"@type\":\"PropertyValueSpecification\",\"valueRequired\":true,\"valueName\":\"search_term_string\"}}],\"inLanguage\":\"da-DK\"}]}<\/script>\n<!-- \/ Yoast SEO plugin. -->","yoast_head_json":{"title":"Online billet k\u00f8b for Mon & Wed Lotto Australien","description":"Uanset hvor du bor, og uanset hvad du leder efter, kan du k\u00f8be Mon & Wed Lotto Australia billetter her!","robots":{"index":"index","follow":"follow","max-snippet":"max-snippet:-1","max-image-preview":"max-image-preview:large","max-video-preview":"max-video-preview:-1"},"canonical":"https:\/\/onlinelotto365.com\/da\/koebe-billetter\/mon-wed-lotto\/","og_locale":"da_DK","og_type":"article","og_title":"Online billet k\u00f8b for Mon & Wed Lotto Australien","og_description":"Uanset hvor du bor, og uanset hvad du leder efter, kan du k\u00f8be Mon & Wed Lotto Australia billetter her!","og_url":"https:\/\/onlinelotto365.com\/da\/koebe-billetter\/mon-wed-lotto\/","og_site_name":"OnlineLotto365","og_image":[{"url":"https:\/\/redfoxlotto.com\/image?size=8&amp;lottery=monday-wednesday-lotto-au"}],"twitter_card":"summary_large_image","twitter_misc":{"Estimeret l\u00e6setid":"4 minutter"},"schema":{"@context":"https:\/\/schema.org","@graph":[{"@type":"WebPage","@id":"https:\/\/onlinelotto365.com\/da\/koebe-billetter\/mon-wed-lotto\/","url":"https:\/\/onlinelotto365.com\/da\/koebe-billetter\/mon-wed-lotto\/","name":"Online billet k\u00f8b for Mon & Wed Lotto Australien","isPartOf":{"@id":"https:\/\/onlinelotto365.com\/da\/#website"},"primaryImageOfPage":{"@id":"https:\/\/onlinelotto365.com\/da\/koebe-billetter\/mon-wed-lotto\/#primaryimage"},"image":{"@id":"https:\/\/onlinelotto365.com\/da\/koebe-billetter\/mon-wed-lotto\/#primaryimage"},"thumbnailUrl":"https:\/\/redfoxlotto.com\/image?size=8&amp;lottery=monday-wednesday-lotto-au","datePublished":"2022-11-22T06:23:14+00:00","dateModified":"2022-11-22T06:23:14+00:00","description":"Uanset hvor du bor, og uanset hvad du leder efter, kan du k\u00f8be Mon & Wed Lotto Australia billetter her!","breadcrumb":{"@id":"https:\/\/onlinelotto365.com\/da\/koebe-billetter\/mon-wed-lotto\/#breadcrumb"},"inLanguage":"da-DK","potentialAction":[{"@type":"ReadAction","target":["https:\/\/onlinelotto365.com\/da\/koebe-billetter\/mon-wed-lotto\/"]}]},{"@type":"ImageObject","inLanguage":"da-DK","@id":"https:\/\/onlinelotto365.com\/da\/koebe-billetter\/mon-wed-lotto\/#primaryimage","url":"https:\/\/redfoxlotto.com\/image?size=8&amp;lottery=monday-wednesday-lotto-au","contentUrl":"https:\/\/redfoxlotto.com\/image?size=8&amp;lottery=monday-wednesday-lotto-au"},{"@type":"BreadcrumbList","@id":"https:\/\/onlinelotto365.com\/da\/koebe-billetter\/mon-wed-lotto\/#breadcrumb","itemListElement":[{"@type":"ListItem","position":1,"name":"Home","item":"https:\/\/onlinelotto365.com\/da\/"},{"@type":"ListItem","position":2,"name":"At spille verdensomsp\u00e6ndende Lotto","item":"https:\/\/onlinelotto365.com\/da\/buy-tickets\/"},{"@type":"ListItem","position":3,"name":"S\u00e5dan k\u00f8ber du m\u00e5neds og ons Lotto Australia billetter online"}]},{"@type":"WebSite","@id":"https:\/\/onlinelotto365.com\/da\/#website","url":"https:\/\/onlinelotto365.com\/da\/","name":"OnlineLotto365","description":"","potentialAction":[{"@type":"SearchAction","target":{"@type":"EntryPoint","urlTemplate":"https:\/\/onlinelotto365.com\/da\/?s={search_term_string}"},"query-input":{"@type":"PropertyValueSpecification","valueRequired":true,"valueName":"search_term_string"}}],"inLanguage":"da-DK"}]}},"_links":{"self":[{"href":"https:\/\/onlinelotto365.com\/da\/wp-json\/wp\/v2\/pages\/80591","targetHints":{"allow":["GET"]}}],"collection":[{"href":"https:\/\/onlinelotto365.com\/da\/wp-json\/wp\/v2\/pages"}],"about":[{"href":"https:\/\/onlinelotto365.com\/da\/wp-json\/wp\/v2\/types\/page"}],"author":[{"embeddable":true,"href":"https:\/\/onlinelotto365.com\/da\/wp-json\/wp\/v2\/users\/1"}],"replies":[{"embeddable":true,"href":"https:\/\/onlinelotto365.com\/da\/wp-json\/wp\/v2\/comments?post=80591"}],"version-history":[{"count":0,"href":"https:\/\/onlinelotto365.com\/da\/wp-json\/wp\/v2\/pages\/80591\/revisions"}],"up":[{"embeddable":true,"href":"https:\/\/onlinelotto365.com\/da\/wp-json\/wp\/v2\/pages\/5567"}],"wp:attachment":[{"href":"https:\/\/onlinelotto365.com\/da\/wp-json\/wp\/v2\/media?parent=80591"}],"curies":[{"name":"wp","href":"https:\/\/api.w.org\/{rel}","templated":true}]}}