{"id":80661,"date":"2022-11-22T11:09:29","date_gmt":"2022-11-22T10:09:29","guid":{"rendered":"https:\/\/onlinelotto365.com\/?page_id=80661"},"modified":"2022-11-22T11:09:29","modified_gmt":"2022-11-22T10:09:29","slug":"el-gordo","status":"publish","type":"page","link":"https:\/\/onlinelotto365.com\/da\/vindende-numre\/el-gordo\/","title":{"rendered":"Se El Gordo resultater og gevinster her"},"content":{"rendered":"<p>Vi ved, at vi tilbyder en hel masse forskellige internationale lotterier, og det kan v\u00e6re lidt forvirrende at finde ud af, hvilke numre der vinder. Mange mennesker kigger i avisen for at finde vindernumre til deres yndlingsspil, men medmindre du bor i omr\u00e5det, kan det v\u00e6re sv\u00e6rt at finde numrene til El Gordo. Det samme g\u00e6lder, hvis man fors\u00f8ger at se lodtr\u00e6kningen eller se vindertallene p\u00e5 tv.<br \/>\n<a href=\"https:\/\/redfoxlotto.com\/play\/el-gordo-primitiva\/?ref=a8564250a2&amp;medium=ol365\" target=\"_blank\" rel=\"noopener noreferrer\"><img decoding=\"async\" class=\"aligncenter\" src=\"https:\/\/redfoxlotto.com\/image?size=8&amp;lottery=el-gordo-primitiva\" alt=\"el gordo\" \/><\/a><\/p>\n<p>En anden mulighed er at kigge p\u00e5 det officielle websted for El Gordo og se, om de tilbyder en livestream af tr\u00e6kningsprocessen. For de spil, der g\u00f8r det, kan det v\u00e6re en sjov og interessant mulighed for alle.<\/p>\n<p>Men der er mange spil, som faktisk ikke tilbyder dette. I stedet skal du vente, indtil lodtr\u00e6kningen er overst\u00e5et, og alt er blevet rapporteret, for at se resultaterne.<br \/>\nEndelig kan du, hvis lodtr\u00e6kningen allerede er overst\u00e5et, m\u00e5ske g\u00e5 ind p\u00e5 YouTube og finde El Gordo-tr\u00e6kningen der. Men dette er endnu et omr\u00e5de, hvor du m\u00e5ske ikke f\u00e5r succes. Der er m\u00e5ske ikke noget tilg\u00e6ngeligt for din tr\u00e6kning.<\/p>\n<p>En af de bedste og nemmeste m\u00e5der at finde vindernumrene p\u00e5 er dog med vores websted. Tjek vores sider med vindertal og resultater for at finde resultaterne for El Gordo og alle andre lotterispil, som vi har tilg\u00e6ngelige.<\/p>\n<h2>S\u00e5dan finder du ud af, om din online-lodseddel har vundet<\/h2>\n<p>Det endnu bedre er, at du ikke engang beh\u00f8ver at g\u00e5 til siden med lotteriresultater. Du kan g\u00e5 direkte til din konto, hvis du har k\u00f8bt lodder. Derfra vil du ikke kun kunne se de vindende numre, men ogs\u00e5 hvordan dine numre stemmer overens. Du kan se tallene sammenlignet, og s\u00e5 kan du se, hvilke tal der passer, og hvor meget du faktisk har vundet. Hvis du har vundet mindre end 2.500 \u20ac, beh\u00f8ver du ikke engang at g\u00f8re noget, fordi gevinsten vil v\u00e6re lige p\u00e5 din konto.<\/p>\n<h2>El Gordo resultatarkiv<\/h2>\n<p>Hvis du \u00f8nsker at sl\u00e5 gamle numre op og se, hvad de var, kan du ogs\u00e5 nemt g\u00f8re dette. Faktisk kan du p\u00e5 alle sider p\u00e5 vores hjemmeside, hvor du kan se de seneste El Gordo-resultater, ogs\u00e5 tjekke nogle af de \u00e6ldre numre. Dette g\u00f8r det lettere for dig at finde ud af, hvilke numre du vil spille n\u00e6ste gang.<\/p>\n<h2>Min billet har vundet, hvad sker der s\u00e5 nu?<\/h2>\n<p><img loading=\"lazy\" decoding=\"async\" class=\"alignright wp-image-3573\" src=\"https:\/\/onlinelotto365.com\/wp-content\/uploads\/2020\/11\/online_lottery-96-300x212.jpg\" alt=\"El Gordo resultater\" width=\"166\" height=\"117\" srcset=\"https:\/\/onlinelotto365.com\/wp-content\/uploads\/2020\/11\/online_lottery-96-300x212.jpg 300w, https:\/\/onlinelotto365.com\/wp-content\/uploads\/2020\/11\/online_lottery-96.jpg 320w\" sizes=\"auto, (max-width: 166px) 100vw, 166px\" \/><br \/>\nHvis du vinder, har du nemt ved at f\u00e5 dine penge, fordi vi indbetaler dem direkte p\u00e5 din konto, s\u00e5 snart resultaterne er godkendt. Hvis det er mindre end 2.500 \u20ac, f\u00e5r du pengene s\u00e5 hurtigt. Hvis det s\u00e5 er over \u20ac10, kan du h\u00e6ve pengene til din konto.<br \/>\nEller du kan lade pengene st\u00e5 p\u00e5 din spillerkonto og bruge dem til at k\u00f8be endnu flere billetter til yderligere spil. Du skal bare huske p\u00e5, at det vil kr\u00e6ve noget dokumentation at h\u00e6ve dine penge for at overholde de f\u00f8derale regler. Du skal ogs\u00e5 bruge en metode, som du allerede har brugt til en indbetaling.<\/p>\n","protected":false},"excerpt":{"rendered":"<p>Vi ved, at vi tilbyder en hel masse forskellige internationale lotterier, og det kan v\u00e6re lidt forvirrende at finde ud af, hvilke numre der vinder. Mange mennesker kigger i avisen for at finde vindernumre til deres yndlingsspil, men medmindre du bor i omr\u00e5det, kan det v\u00e6re sv\u00e6rt at finde numrene til El Gordo. Det samme [&hellip;]<\/p>\n","protected":false},"author":1,"featured_media":0,"parent":5826,"menu_order":6,"comment_status":"closed","ping_status":"closed","template":"el-gordo-results.php","meta":{"_et_pb_use_builder":"","_et_pb_old_content":"","_et_gb_content_width":"","exclude_from_search":false,"footnotes":""},"class_list":["post-80661","page","type-page","status-publish","hentry"],"yoast_head":"<!-- This site is optimized with the Yoast SEO plugin v23.4 - https:\/\/yoast.com\/wordpress\/plugins\/seo\/ -->\n<title>El Gordo vindernumre | El Gordo tr\u00e6kningsresultater og pr\u00e6mier<\/title>\n<meta name=\"description\" content=\"Vindernumre, resultater, pr\u00e6mier for El Gordo og mange andre lotterier, altid opdateret p\u00e5 vores hjemmeside\" \/>\n<meta name=\"robots\" content=\"index, follow, max-snippet:-1, max-image-preview:large, max-video-preview:-1\" \/>\n<link rel=\"canonical\" href=\"https:\/\/onlinelotto365.com\/da\/vindende-numre\/el-gordo\/\" \/>\n<meta property=\"og:locale\" content=\"da_DK\" \/>\n<meta property=\"og:type\" content=\"article\" \/>\n<meta property=\"og:title\" content=\"El Gordo vindernumre | El Gordo tr\u00e6kningsresultater og pr\u00e6mier\" \/>\n<meta property=\"og:description\" content=\"Vindernumre, resultater, pr\u00e6mier for El Gordo og mange andre lotterier, altid opdateret p\u00e5 vores hjemmeside\" \/>\n<meta property=\"og:url\" content=\"https:\/\/onlinelotto365.com\/da\/vindende-numre\/el-gordo\/\" \/>\n<meta property=\"og:site_name\" content=\"OnlineLotto365\" \/>\n<meta property=\"og:image\" content=\"https:\/\/redfoxlotto.com\/image?size=8&amp;lottery=el-gordo-primitiva\" \/>\n<meta name=\"twitter:card\" content=\"summary_large_image\" \/>\n<meta name=\"twitter:label1\" content=\"Estimeret l\u00e6setid\" \/>\n\t<meta name=\"twitter:data1\" content=\"3 minutter\" \/>\n<script type=\"application\/ld+json\" class=\"yoast-schema-graph\">{\"@context\":\"https:\/\/schema.org\",\"@graph\":[{\"@type\":\"WebPage\",\"@id\":\"https:\/\/onlinelotto365.com\/da\/vindende-numre\/el-gordo\/\",\"url\":\"https:\/\/onlinelotto365.com\/da\/vindende-numre\/el-gordo\/\",\"name\":\"El Gordo vindernumre | El Gordo tr\u00e6kningsresultater og pr\u00e6mier\",\"isPartOf\":{\"@id\":\"https:\/\/onlinelotto365.com\/da\/#website\"},\"primaryImageOfPage\":{\"@id\":\"https:\/\/onlinelotto365.com\/da\/vindende-numre\/el-gordo\/#primaryimage\"},\"image\":{\"@id\":\"https:\/\/onlinelotto365.com\/da\/vindende-numre\/el-gordo\/#primaryimage\"},\"thumbnailUrl\":\"https:\/\/redfoxlotto.com\/image?size=8&amp;lottery=el-gordo-primitiva\",\"datePublished\":\"2022-11-22T10:09:29+00:00\",\"dateModified\":\"2022-11-22T10:09:29+00:00\",\"description\":\"Vindernumre, resultater, pr\u00e6mier for El Gordo og mange andre lotterier, altid opdateret p\u00e5 vores hjemmeside\",\"breadcrumb\":{\"@id\":\"https:\/\/onlinelotto365.com\/da\/vindende-numre\/el-gordo\/#breadcrumb\"},\"inLanguage\":\"da-DK\",\"potentialAction\":[{\"@type\":\"ReadAction\",\"target\":[\"https:\/\/onlinelotto365.com\/da\/vindende-numre\/el-gordo\/\"]}]},{\"@type\":\"ImageObject\",\"inLanguage\":\"da-DK\",\"@id\":\"https:\/\/onlinelotto365.com\/da\/vindende-numre\/el-gordo\/#primaryimage\",\"url\":\"https:\/\/redfoxlotto.com\/image?size=8&amp;lottery=el-gordo-primitiva\",\"contentUrl\":\"https:\/\/redfoxlotto.com\/image?size=8&amp;lottery=el-gordo-primitiva\"},{\"@type\":\"BreadcrumbList\",\"@id\":\"https:\/\/onlinelotto365.com\/da\/vindende-numre\/el-gordo\/#breadcrumb\",\"itemListElement\":[{\"@type\":\"ListItem\",\"position\":1,\"name\":\"Home\",\"item\":\"https:\/\/onlinelotto365.com\/da\/\"},{\"@type\":\"ListItem\",\"position\":2,\"name\":\"F\u00e5 vindertal og resultater for de seneste lotteriudtr\u00e6kninger\",\"item\":\"https:\/\/onlinelotto365.com\/da\/vindende-numre\/\"},{\"@type\":\"ListItem\",\"position\":3,\"name\":\"Se El Gordo resultater og gevinster her\"}]},{\"@type\":\"WebSite\",\"@id\":\"https:\/\/onlinelotto365.com\/da\/#website\",\"url\":\"https:\/\/onlinelotto365.com\/da\/\",\"name\":\"OnlineLotto365\",\"description\":\"\",\"potentialAction\":[{\"@type\":\"SearchAction\",\"target\":{\"@type\":\"EntryPoint\",\"urlTemplate\":\"https:\/\/onlinelotto365.com\/da\/?s={search_term_string}\"},\"query-input\":{\"@type\":\"PropertyValueSpecification\",\"valueRequired\":true,\"valueName\":\"search_term_string\"}}],\"inLanguage\":\"da-DK\"}]}<\/script>\n<!-- \/ Yoast SEO plugin. -->","yoast_head_json":{"title":"El Gordo vindernumre | El Gordo tr\u00e6kningsresultater og pr\u00e6mier","description":"Vindernumre, resultater, pr\u00e6mier for El Gordo og mange andre lotterier, altid opdateret p\u00e5 vores hjemmeside","robots":{"index":"index","follow":"follow","max-snippet":"max-snippet:-1","max-image-preview":"max-image-preview:large","max-video-preview":"max-video-preview:-1"},"canonical":"https:\/\/onlinelotto365.com\/da\/vindende-numre\/el-gordo\/","og_locale":"da_DK","og_type":"article","og_title":"El Gordo vindernumre | El Gordo tr\u00e6kningsresultater og pr\u00e6mier","og_description":"Vindernumre, resultater, pr\u00e6mier for El Gordo og mange andre lotterier, altid opdateret p\u00e5 vores hjemmeside","og_url":"https:\/\/onlinelotto365.com\/da\/vindende-numre\/el-gordo\/","og_site_name":"OnlineLotto365","og_image":[{"url":"https:\/\/redfoxlotto.com\/image?size=8&amp;lottery=el-gordo-primitiva"}],"twitter_card":"summary_large_image","twitter_misc":{"Estimeret l\u00e6setid":"3 minutter"},"schema":{"@context":"https:\/\/schema.org","@graph":[{"@type":"WebPage","@id":"https:\/\/onlinelotto365.com\/da\/vindende-numre\/el-gordo\/","url":"https:\/\/onlinelotto365.com\/da\/vindende-numre\/el-gordo\/","name":"El Gordo vindernumre | El Gordo tr\u00e6kningsresultater og pr\u00e6mier","isPartOf":{"@id":"https:\/\/onlinelotto365.com\/da\/#website"},"primaryImageOfPage":{"@id":"https:\/\/onlinelotto365.com\/da\/vindende-numre\/el-gordo\/#primaryimage"},"image":{"@id":"https:\/\/onlinelotto365.com\/da\/vindende-numre\/el-gordo\/#primaryimage"},"thumbnailUrl":"https:\/\/redfoxlotto.com\/image?size=8&amp;lottery=el-gordo-primitiva","datePublished":"2022-11-22T10:09:29+00:00","dateModified":"2022-11-22T10:09:29+00:00","description":"Vindernumre, resultater, pr\u00e6mier for El Gordo og mange andre lotterier, altid opdateret p\u00e5 vores hjemmeside","breadcrumb":{"@id":"https:\/\/onlinelotto365.com\/da\/vindende-numre\/el-gordo\/#breadcrumb"},"inLanguage":"da-DK","potentialAction":[{"@type":"ReadAction","target":["https:\/\/onlinelotto365.com\/da\/vindende-numre\/el-gordo\/"]}]},{"@type":"ImageObject","inLanguage":"da-DK","@id":"https:\/\/onlinelotto365.com\/da\/vindende-numre\/el-gordo\/#primaryimage","url":"https:\/\/redfoxlotto.com\/image?size=8&amp;lottery=el-gordo-primitiva","contentUrl":"https:\/\/redfoxlotto.com\/image?size=8&amp;lottery=el-gordo-primitiva"},{"@type":"BreadcrumbList","@id":"https:\/\/onlinelotto365.com\/da\/vindende-numre\/el-gordo\/#breadcrumb","itemListElement":[{"@type":"ListItem","position":1,"name":"Home","item":"https:\/\/onlinelotto365.com\/da\/"},{"@type":"ListItem","position":2,"name":"F\u00e5 vindertal og resultater for de seneste lotteriudtr\u00e6kninger","item":"https:\/\/onlinelotto365.com\/da\/vindende-numre\/"},{"@type":"ListItem","position":3,"name":"Se El Gordo resultater og gevinster her"}]},{"@type":"WebSite","@id":"https:\/\/onlinelotto365.com\/da\/#website","url":"https:\/\/onlinelotto365.com\/da\/","name":"OnlineLotto365","description":"","potentialAction":[{"@type":"SearchAction","target":{"@type":"EntryPoint","urlTemplate":"https:\/\/onlinelotto365.com\/da\/?s={search_term_string}"},"query-input":{"@type":"PropertyValueSpecification","valueRequired":true,"valueName":"search_term_string"}}],"inLanguage":"da-DK"}]}},"_links":{"self":[{"href":"https:\/\/onlinelotto365.com\/da\/wp-json\/wp\/v2\/pages\/80661","targetHints":{"allow":["GET"]}}],"collection":[{"href":"https:\/\/onlinelotto365.com\/da\/wp-json\/wp\/v2\/pages"}],"about":[{"href":"https:\/\/onlinelotto365.com\/da\/wp-json\/wp\/v2\/types\/page"}],"author":[{"embeddable":true,"href":"https:\/\/onlinelotto365.com\/da\/wp-json\/wp\/v2\/users\/1"}],"replies":[{"embeddable":true,"href":"https:\/\/onlinelotto365.com\/da\/wp-json\/wp\/v2\/comments?post=80661"}],"version-history":[{"count":0,"href":"https:\/\/onlinelotto365.com\/da\/wp-json\/wp\/v2\/pages\/80661\/revisions"}],"up":[{"embeddable":true,"href":"https:\/\/onlinelotto365.com\/da\/wp-json\/wp\/v2\/pages\/5826"}],"wp:attachment":[{"href":"https:\/\/onlinelotto365.com\/da\/wp-json\/wp\/v2\/media?parent=80661"}],"curies":[{"name":"wp","href":"https:\/\/api.w.org\/{rel}","templated":true}]}}