{"id":80693,"date":"2022-11-22T12:20:32","date_gmt":"2022-11-22T11:20:32","guid":{"rendered":"https:\/\/onlinelotto365.com\/?page_id=80693"},"modified":"2022-11-22T12:20:32","modified_gmt":"2022-11-22T11:20:32","slug":"la-primitiva","status":"publish","type":"page","link":"https:\/\/onlinelotto365.com\/da\/vindende-numre\/la-primitiva\/","title":{"rendered":"La Primitiva lodtr\u00e6kningsresultater"},"content":{"rendered":"<p>Vi tilbyder masser af forskellige internationale lotterispil, og vi ved, at du gerne vil finde de vindende numre hurtigt. Det er derfor, at nogle mennesker v\u00e6lger at lede efter tallene i avisen. Men det kan v\u00e6re sv\u00e6rt at finde de vindende numre til La Primitiva i avisen. Det kan ogs\u00e5 v\u00e6re sv\u00e6rt at finde disse numre p\u00e5 tv, da du skal lave din research for at finde den rigtige kanal.<br \/>\n<a href=\"https:\/\/redfoxlotto.com\/play\/la-primitiva\/?ref=a8564250a2&amp;medium=ol365\" target=\"_blank\" rel=\"noopener noreferrer\"><img decoding=\"async\" class=\"aligncenter\" src=\"https:\/\/redfoxlotto.com\/image?size=8&amp;lottery=la-primitiva\" alt=\" la primitiva\" \/><\/a><br \/>\nEn anden mulighed er, at du kan g\u00e5 ind p\u00e5 La Primitiva&#8217;s hjemmeside og se, om de viser live-tr\u00e6kningen for deres spil. Hvis de g\u00f8r det, kan det v\u00e6re sp\u00e6ndende at se. Hvis de derimod ikke g\u00f8r det, hvilket mange lotterispil ikke g\u00f8r, s\u00e5 m\u00e5 du vente lidt mere.<\/p>\n<p>Efter lodtr\u00e6kningen kan du nogle gange finde den seneste La Primitiva-tegning p\u00e5 YouTube. Men du skal vente et stykke tid efter tr\u00e6kningen for at kunne g\u00f8re dette.<\/p>\n<p>Den mest bekvemme metode til at f\u00e5 tallene er dog at tjekke vores hjemmeside. Vi tilbyder de vindende numre og resultater og endda pr\u00e6miebel\u00f8b for La Primitiva direkte p\u00e5 vores hjemmeside, og vi inkluderer ogs\u00e5 andre lotterier, som vi tilbyder.<\/p>\n<h2>S\u00e5dan finder du ud af, om din onlinebillet har vundet<\/h2>\n<p>Hvis du har k\u00f8bt billetter til La Primitiva, beh\u00f8ver du ikke engang at g\u00e5 til resultatsiden. Du kan g\u00e5 direkte ind p\u00e5 din konto og se dine billetter. Lige p\u00e5 den samme sk\u00e6rm kan du se vindernumrene for hvert spil, som du har spillet. Og du vil se fremh\u00e6vede numre for alle de numre, der matcher mellem din kupon og de vindende numre.<br \/>\nHvis du har det rigtige nummer rigtigt, er du en vinder, og du kan se pr\u00e6cis, hvor meget du har vundet. Du vil ogs\u00e5 opdage, at gevinsterne (for alle bel\u00f8b under 2.500 \u20ac) allerede er tilg\u00e6ngelige p\u00e5 din konto, s\u00e5 snart resultaterne er bekr\u00e6ftet.<\/p>\n<h2>La Primitiva resultatarkiv<\/h2>\n<p>For dem, der \u00f8nsker at udv\u00e6lge deres numre til den n\u00e6ste tr\u00e6kning, ved vi, at det kan v\u00e6re vigtigt at tjekke \u00e6ldre lodder og \u00e6ldre numre. Derfor s\u00f8rger vi for, at enhver side, der har de seneste La Primitiva-resultater, ogs\u00e5 har adgang til \u00e6ldre numre. Du kan tjekke dem ud n\u00e5r som helst og uanset \u00e5rsagen.<\/p>\n<h2>Min billet har vundet, hvad sker der nu?<\/h2>\n<p><img loading=\"lazy\" decoding=\"async\" class=\"alignright wp-image-3572\" src=\"https:\/\/onlinelotto365.com\/wp-content\/uploads\/2020\/11\/online_lottery-25-300x212.jpg\" alt=\"vindertal for La Primitiva\" width=\"232\" height=\"165\" srcset=\"https:\/\/onlinelotto365.com\/wp-content\/uploads\/2020\/11\/online_lottery-25-300x212.jpg 300w, https:\/\/onlinelotto365.com\/wp-content\/uploads\/2020\/11\/online_lottery-25.jpg 320w\" sizes=\"auto, (max-width: 232px) 100vw, 232px\" \/><br \/>\nHvis din billet er en vinder, skal du blot l\u00e6ne dig tilbage og slappe af, for vi tager os af tingene for dig. Vi krediterer ethvert bel\u00f8b under 2.500 \u20ac direkte til din konto, s\u00e5 du beh\u00f8ver ikke at g\u00f8re krav p\u00e5 det eller g\u00e5 igennem nogen ekstra trin. S\u00e5 l\u00e6nge du har mindst 10 \u20ac p\u00e5 din konto, kan du derefter h\u00e6ve pengene til din bankkonto eller dit kreditkort.<\/p>\n<p>Du skal blot sikre dig, at du har brugt det p\u00e5g\u00e6ldende kort eller den p\u00e5g\u00e6ldende konto hos os tidligere. Du skal ogs\u00e5 udfylde nogle dokumenter for at sikre, at vi overholder de regler, som vores betalingsformidler har. Disse dokumenter beskytter os, men de beskytter ogs\u00e5 dig ved at sikre, at du er den eneste, der kan h\u00e6ve dine penge fra kontoen.<\/p>\n","protected":false},"excerpt":{"rendered":"<p>Vi tilbyder masser af forskellige internationale lotterispil, og vi ved, at du gerne vil finde de vindende numre hurtigt. Det er derfor, at nogle mennesker v\u00e6lger at lede efter tallene i avisen. Men det kan v\u00e6re sv\u00e6rt at finde de vindende numre til La Primitiva i avisen. Det kan ogs\u00e5 v\u00e6re sv\u00e6rt at finde disse [&hellip;]<\/p>\n","protected":false},"author":1,"featured_media":0,"parent":5826,"menu_order":7,"comment_status":"closed","ping_status":"closed","template":"la-primitiva-results.php","meta":{"_et_pb_use_builder":"","_et_pb_old_content":"","_et_gb_content_width":"","exclude_from_search":false,"footnotes":""},"class_list":["post-80693","page","type-page","status-publish","hentry"],"yoast_head":"<!-- This site is optimized with the Yoast SEO plugin v23.4 - https:\/\/yoast.com\/wordpress\/plugins\/seo\/ -->\n<title>Seneste tr\u00e6kningsresultater, vindertal for La Primitiva<\/title>\n<meta name=\"description\" content=\"F\u00e5 de seneste vindertal for La Primitiva i Spanien, samt andre resultater\" \/>\n<meta name=\"robots\" content=\"index, follow, max-snippet:-1, max-image-preview:large, max-video-preview:-1\" \/>\n<link rel=\"canonical\" href=\"https:\/\/onlinelotto365.com\/da\/vindende-numre\/la-primitiva\/\" \/>\n<meta property=\"og:locale\" content=\"da_DK\" \/>\n<meta property=\"og:type\" content=\"article\" \/>\n<meta property=\"og:title\" content=\"Seneste tr\u00e6kningsresultater, vindertal for La Primitiva\" \/>\n<meta property=\"og:description\" content=\"F\u00e5 de seneste vindertal for La Primitiva i Spanien, samt andre resultater\" \/>\n<meta property=\"og:url\" content=\"https:\/\/onlinelotto365.com\/da\/vindende-numre\/la-primitiva\/\" \/>\n<meta property=\"og:site_name\" content=\"OnlineLotto365\" \/>\n<meta property=\"og:image\" content=\"https:\/\/redfoxlotto.com\/image?size=8&amp;lottery=la-primitiva\" \/>\n<meta name=\"twitter:card\" content=\"summary_large_image\" \/>\n<meta name=\"twitter:label1\" content=\"Estimeret l\u00e6setid\" \/>\n\t<meta name=\"twitter:data1\" content=\"3 minutter\" \/>\n<script type=\"application\/ld+json\" class=\"yoast-schema-graph\">{\"@context\":\"https:\/\/schema.org\",\"@graph\":[{\"@type\":\"WebPage\",\"@id\":\"https:\/\/onlinelotto365.com\/da\/vindende-numre\/la-primitiva\/\",\"url\":\"https:\/\/onlinelotto365.com\/da\/vindende-numre\/la-primitiva\/\",\"name\":\"Seneste tr\u00e6kningsresultater, vindertal for La Primitiva\",\"isPartOf\":{\"@id\":\"https:\/\/onlinelotto365.com\/da\/#website\"},\"primaryImageOfPage\":{\"@id\":\"https:\/\/onlinelotto365.com\/da\/vindende-numre\/la-primitiva\/#primaryimage\"},\"image\":{\"@id\":\"https:\/\/onlinelotto365.com\/da\/vindende-numre\/la-primitiva\/#primaryimage\"},\"thumbnailUrl\":\"https:\/\/redfoxlotto.com\/image?size=8&amp;lottery=la-primitiva\",\"datePublished\":\"2022-11-22T11:20:32+00:00\",\"dateModified\":\"2022-11-22T11:20:32+00:00\",\"description\":\"F\u00e5 de seneste vindertal for La Primitiva i Spanien, samt andre resultater\",\"breadcrumb\":{\"@id\":\"https:\/\/onlinelotto365.com\/da\/vindende-numre\/la-primitiva\/#breadcrumb\"},\"inLanguage\":\"da-DK\",\"potentialAction\":[{\"@type\":\"ReadAction\",\"target\":[\"https:\/\/onlinelotto365.com\/da\/vindende-numre\/la-primitiva\/\"]}]},{\"@type\":\"ImageObject\",\"inLanguage\":\"da-DK\",\"@id\":\"https:\/\/onlinelotto365.com\/da\/vindende-numre\/la-primitiva\/#primaryimage\",\"url\":\"https:\/\/redfoxlotto.com\/image?size=8&amp;lottery=la-primitiva\",\"contentUrl\":\"https:\/\/redfoxlotto.com\/image?size=8&amp;lottery=la-primitiva\"},{\"@type\":\"BreadcrumbList\",\"@id\":\"https:\/\/onlinelotto365.com\/da\/vindende-numre\/la-primitiva\/#breadcrumb\",\"itemListElement\":[{\"@type\":\"ListItem\",\"position\":1,\"name\":\"Home\",\"item\":\"https:\/\/onlinelotto365.com\/da\/\"},{\"@type\":\"ListItem\",\"position\":2,\"name\":\"F\u00e5 vindertal og resultater for de seneste lotteriudtr\u00e6kninger\",\"item\":\"https:\/\/onlinelotto365.com\/da\/vindende-numre\/\"},{\"@type\":\"ListItem\",\"position\":3,\"name\":\"La Primitiva lodtr\u00e6kningsresultater\"}]},{\"@type\":\"WebSite\",\"@id\":\"https:\/\/onlinelotto365.com\/da\/#website\",\"url\":\"https:\/\/onlinelotto365.com\/da\/\",\"name\":\"OnlineLotto365\",\"description\":\"\",\"potentialAction\":[{\"@type\":\"SearchAction\",\"target\":{\"@type\":\"EntryPoint\",\"urlTemplate\":\"https:\/\/onlinelotto365.com\/da\/?s={search_term_string}\"},\"query-input\":{\"@type\":\"PropertyValueSpecification\",\"valueRequired\":true,\"valueName\":\"search_term_string\"}}],\"inLanguage\":\"da-DK\"}]}<\/script>\n<!-- \/ Yoast SEO plugin. -->","yoast_head_json":{"title":"Seneste tr\u00e6kningsresultater, vindertal for La Primitiva","description":"F\u00e5 de seneste vindertal for La Primitiva i Spanien, samt andre resultater","robots":{"index":"index","follow":"follow","max-snippet":"max-snippet:-1","max-image-preview":"max-image-preview:large","max-video-preview":"max-video-preview:-1"},"canonical":"https:\/\/onlinelotto365.com\/da\/vindende-numre\/la-primitiva\/","og_locale":"da_DK","og_type":"article","og_title":"Seneste tr\u00e6kningsresultater, vindertal for La Primitiva","og_description":"F\u00e5 de seneste vindertal for La Primitiva i Spanien, samt andre resultater","og_url":"https:\/\/onlinelotto365.com\/da\/vindende-numre\/la-primitiva\/","og_site_name":"OnlineLotto365","og_image":[{"url":"https:\/\/redfoxlotto.com\/image?size=8&amp;lottery=la-primitiva"}],"twitter_card":"summary_large_image","twitter_misc":{"Estimeret l\u00e6setid":"3 minutter"},"schema":{"@context":"https:\/\/schema.org","@graph":[{"@type":"WebPage","@id":"https:\/\/onlinelotto365.com\/da\/vindende-numre\/la-primitiva\/","url":"https:\/\/onlinelotto365.com\/da\/vindende-numre\/la-primitiva\/","name":"Seneste tr\u00e6kningsresultater, vindertal for La Primitiva","isPartOf":{"@id":"https:\/\/onlinelotto365.com\/da\/#website"},"primaryImageOfPage":{"@id":"https:\/\/onlinelotto365.com\/da\/vindende-numre\/la-primitiva\/#primaryimage"},"image":{"@id":"https:\/\/onlinelotto365.com\/da\/vindende-numre\/la-primitiva\/#primaryimage"},"thumbnailUrl":"https:\/\/redfoxlotto.com\/image?size=8&amp;lottery=la-primitiva","datePublished":"2022-11-22T11:20:32+00:00","dateModified":"2022-11-22T11:20:32+00:00","description":"F\u00e5 de seneste vindertal for La Primitiva i Spanien, samt andre resultater","breadcrumb":{"@id":"https:\/\/onlinelotto365.com\/da\/vindende-numre\/la-primitiva\/#breadcrumb"},"inLanguage":"da-DK","potentialAction":[{"@type":"ReadAction","target":["https:\/\/onlinelotto365.com\/da\/vindende-numre\/la-primitiva\/"]}]},{"@type":"ImageObject","inLanguage":"da-DK","@id":"https:\/\/onlinelotto365.com\/da\/vindende-numre\/la-primitiva\/#primaryimage","url":"https:\/\/redfoxlotto.com\/image?size=8&amp;lottery=la-primitiva","contentUrl":"https:\/\/redfoxlotto.com\/image?size=8&amp;lottery=la-primitiva"},{"@type":"BreadcrumbList","@id":"https:\/\/onlinelotto365.com\/da\/vindende-numre\/la-primitiva\/#breadcrumb","itemListElement":[{"@type":"ListItem","position":1,"name":"Home","item":"https:\/\/onlinelotto365.com\/da\/"},{"@type":"ListItem","position":2,"name":"F\u00e5 vindertal og resultater for de seneste lotteriudtr\u00e6kninger","item":"https:\/\/onlinelotto365.com\/da\/vindende-numre\/"},{"@type":"ListItem","position":3,"name":"La Primitiva lodtr\u00e6kningsresultater"}]},{"@type":"WebSite","@id":"https:\/\/onlinelotto365.com\/da\/#website","url":"https:\/\/onlinelotto365.com\/da\/","name":"OnlineLotto365","description":"","potentialAction":[{"@type":"SearchAction","target":{"@type":"EntryPoint","urlTemplate":"https:\/\/onlinelotto365.com\/da\/?s={search_term_string}"},"query-input":{"@type":"PropertyValueSpecification","valueRequired":true,"valueName":"search_term_string"}}],"inLanguage":"da-DK"}]}},"_links":{"self":[{"href":"https:\/\/onlinelotto365.com\/da\/wp-json\/wp\/v2\/pages\/80693","targetHints":{"allow":["GET"]}}],"collection":[{"href":"https:\/\/onlinelotto365.com\/da\/wp-json\/wp\/v2\/pages"}],"about":[{"href":"https:\/\/onlinelotto365.com\/da\/wp-json\/wp\/v2\/types\/page"}],"author":[{"embeddable":true,"href":"https:\/\/onlinelotto365.com\/da\/wp-json\/wp\/v2\/users\/1"}],"replies":[{"embeddable":true,"href":"https:\/\/onlinelotto365.com\/da\/wp-json\/wp\/v2\/comments?post=80693"}],"version-history":[{"count":0,"href":"https:\/\/onlinelotto365.com\/da\/wp-json\/wp\/v2\/pages\/80693\/revisions"}],"up":[{"embeddable":true,"href":"https:\/\/onlinelotto365.com\/da\/wp-json\/wp\/v2\/pages\/5826"}],"wp:attachment":[{"href":"https:\/\/onlinelotto365.com\/da\/wp-json\/wp\/v2\/media?parent=80693"}],"curies":[{"name":"wp","href":"https:\/\/api.w.org\/{rel}","templated":true}]}}