{"id":80758,"date":"2022-11-23T07:12:07","date_gmt":"2022-11-23T06:12:07","guid":{"rendered":"https:\/\/onlinelotto365.com\/?page_id=80758"},"modified":"2022-11-23T07:12:07","modified_gmt":"2022-11-23T06:12:07","slug":"uk-lottery","status":"publish","type":"page","link":"https:\/\/onlinelotto365.com\/da\/vindende-numre\/uk-lottery\/","title":{"rendered":"Resultater af det britiske lotteri"},"content":{"rendered":"<p>Der findes masser af forskellige internationale spil, og vi tilbyder en hel masse af dem. Det kan betyde, at du kan have sv\u00e6rt ved at finde resultaterne efter lodtr\u00e6kningen. For nogle vil de gerne kigge i avisen, men din lokale avis har m\u00e5ske ikke resultaterne fra det britiske lotteri. P\u00e5 den anden side har tv-stationerne m\u00e5ske heller ikke disse resultater, eller det kan tage tid at finde den rigtige kanal, der har dem.<br \/>\n<a href=\"https:\/\/redfoxlotto.com\/play\/lotto-uk\/?ref=a8564250a2&amp;medium=ol365\" target=\"_blank\" rel=\"noopener noreferrer\"><img decoding=\"async\" class=\"aligncenter\" src=\"https:\/\/redfoxlotto.com\/image?size=8&amp;lottery=lotto-uk\" alt=\"uk lotteri\" \/><\/a><br \/>\nEn anden mulighed er at kigge p\u00e5 det officielle websted for UK Lottery, som m\u00e5ske har en livestream af tr\u00e6kningen. Men ikke alle lotterispil tilbyder denne type livestream-system, og selv n\u00e5r de g\u00f8r, skal du v\u00e6re der p\u00e5 det rigtige tidspunkt. S\u00e5 hvilken m\u00e5de kan du bruge til at finde resultaterne af UK Lottery p\u00e5?<br \/>\nEn anden mulighed er at tjekke YouTube for den seneste tr\u00e6kning i UK Lottery, hvis den allerede er overst\u00e5et. Nogle gange vil folk uploade optagelsen eller l\u00e6gge vindernumrene op p\u00e5 en eller anden m\u00e5de.<\/p>\n<p>Den nemmeste metode for dig til at f\u00e5 de vindende numre er dog at tjekke vores hjemmeside. Vores side med lotteriresultater viser dig resultaterne og pr\u00e6mierne for UK Lottery samt alle andre lotterispil, som vi har tilg\u00e6ngelige.<\/p>\n<h2>S\u00e5dan finder du ud af, om din online-lodseddel har vundet<\/h2>\n<p>Hvad der er endnu bedre for dig er, at du kan tjekke din kontoside, hvis du allerede har k\u00f8bt lodder. P\u00e5 din kontoside viser vi dig de vindende numre for alle de lodder, du har, og sammenligner dem med din egen lod. Vi fremh\u00e6ver endda de numre, der matcher.<br \/>\nOg hvis du vinder mindre end 2.500 \u20ac, beh\u00f8ver du ikke at g\u00f8re noget, for pengene vil allerede blive sat direkte ind p\u00e5 din spillerkonto, s\u00e5 snart resultaterne er bekr\u00e6ftet. Det g\u00f8r det nemmere for dig at k\u00f8be flere lodder til den n\u00e6ste tr\u00e6kning.<\/p>\n<h2>Arkiv med UK Lottery-resultater<\/h2>\n<p>Hver af de sider p\u00e5 vores hjemmeside, der viser dig de aktuelle vindernumre, viser dig ogs\u00e5 de gamle UK Lottery-resultater. Du vil kunne tjekke tidligere tr\u00e6kninger for gamle lodder eller for at finde ud af, hvilke numre du vil spille n\u00e6ste gang. Mange mennesker kan nemlig godt lide at tjekke de gamle numre for at v\u00e6lge deres.<\/p>\n<h2>Min billet har vundet, hvad sker der s\u00e5 nu?<\/h2>\n<p><img loading=\"lazy\" decoding=\"async\" class=\"alignright wp-image-3550\" src=\"https:\/\/onlinelotto365.com\/wp-content\/uploads\/2020\/11\/online_lottery-108-300x232.jpg\" alt=\"uk lotteri resultater\" width=\"146\" height=\"113\" srcset=\"https:\/\/onlinelotto365.com\/wp-content\/uploads\/2020\/11\/online_lottery-108-300x232.jpg 300w, https:\/\/onlinelotto365.com\/wp-content\/uploads\/2020\/11\/online_lottery-108.jpg 320w\" sizes=\"auto, (max-width: 146px) 100vw, 146px\" \/><br \/>\nHvis du har en vinderkupon, og du har ret til mindre end 2.500 \u20ac, beh\u00f8ver du ikke at g\u00f8re noget som helst. Vi tager os af alting for dig, og vi s\u00f8rger for, at du f\u00e5r din gevinst direkte ind p\u00e5 din konto. Hvis du \u00f8nsker at bruge disse penge, kan du bruge dem til at k\u00f8be endnu flere billetter. Hvis du ikke vil, kan du h\u00e6ve pengene, s\u00e5 l\u00e6nge du har mindst 10 \u20ac til r\u00e5dighed. Disse penge skal h\u00e6ves med en betalingsmetode, der allerede er blevet brugt p\u00e5 vores side, og du skal muligvis bekr\u00e6fte din identitet for at overholde de f\u00f8derale regler.<\/p>\n","protected":false},"excerpt":{"rendered":"<p>Der findes masser af forskellige internationale spil, og vi tilbyder en hel masse af dem. Det kan betyde, at du kan have sv\u00e6rt ved at finde resultaterne efter lodtr\u00e6kningen. For nogle vil de gerne kigge i avisen, men din lokale avis har m\u00e5ske ikke resultaterne fra det britiske lotteri. P\u00e5 den anden side har tv-stationerne [&hellip;]<\/p>\n","protected":false},"author":1,"featured_media":0,"parent":5826,"menu_order":9,"comment_status":"closed","ping_status":"closed","template":"lotto-uk-results.php","meta":{"_et_pb_use_builder":"","_et_pb_old_content":"","_et_gb_content_width":"","exclude_from_search":false,"footnotes":""},"class_list":["post-80758","page","type-page","status-publish","hentry"],"yoast_head":"<!-- This site is optimized with the Yoast SEO plugin v23.4 - https:\/\/yoast.com\/wordpress\/plugins\/seo\/ -->\n<title>Resultater, vindernumre for UK Lottery<\/title>\n<meta name=\"description\" content=\"Lige efter tr\u00e6kningen, se resultaterne og numre af UK-lotteriet her\" \/>\n<meta name=\"robots\" content=\"index, follow, max-snippet:-1, max-image-preview:large, max-video-preview:-1\" \/>\n<link rel=\"canonical\" href=\"https:\/\/onlinelotto365.com\/da\/vindende-numre\/uk-lottery\/\" \/>\n<meta property=\"og:locale\" content=\"da_DK\" \/>\n<meta property=\"og:type\" content=\"article\" \/>\n<meta property=\"og:title\" content=\"Resultater, vindernumre for UK Lottery\" \/>\n<meta property=\"og:description\" content=\"Lige efter tr\u00e6kningen, se resultaterne og numre af UK-lotteriet her\" \/>\n<meta property=\"og:url\" content=\"https:\/\/onlinelotto365.com\/da\/vindende-numre\/uk-lottery\/\" \/>\n<meta property=\"og:site_name\" content=\"OnlineLotto365\" \/>\n<meta property=\"og:image\" content=\"https:\/\/redfoxlotto.com\/image?size=8&amp;lottery=lotto-uk\" \/>\n<meta name=\"twitter:card\" content=\"summary_large_image\" \/>\n<meta name=\"twitter:label1\" content=\"Estimeret l\u00e6setid\" \/>\n\t<meta name=\"twitter:data1\" content=\"3 minutter\" \/>\n<script type=\"application\/ld+json\" class=\"yoast-schema-graph\">{\"@context\":\"https:\/\/schema.org\",\"@graph\":[{\"@type\":\"WebPage\",\"@id\":\"https:\/\/onlinelotto365.com\/da\/vindende-numre\/uk-lottery\/\",\"url\":\"https:\/\/onlinelotto365.com\/da\/vindende-numre\/uk-lottery\/\",\"name\":\"Resultater, vindernumre for UK Lottery\",\"isPartOf\":{\"@id\":\"https:\/\/onlinelotto365.com\/da\/#website\"},\"primaryImageOfPage\":{\"@id\":\"https:\/\/onlinelotto365.com\/da\/vindende-numre\/uk-lottery\/#primaryimage\"},\"image\":{\"@id\":\"https:\/\/onlinelotto365.com\/da\/vindende-numre\/uk-lottery\/#primaryimage\"},\"thumbnailUrl\":\"https:\/\/redfoxlotto.com\/image?size=8&amp;lottery=lotto-uk\",\"datePublished\":\"2022-11-23T06:12:07+00:00\",\"dateModified\":\"2022-11-23T06:12:07+00:00\",\"description\":\"Lige efter tr\u00e6kningen, se resultaterne og numre af UK-lotteriet her\",\"breadcrumb\":{\"@id\":\"https:\/\/onlinelotto365.com\/da\/vindende-numre\/uk-lottery\/#breadcrumb\"},\"inLanguage\":\"da-DK\",\"potentialAction\":[{\"@type\":\"ReadAction\",\"target\":[\"https:\/\/onlinelotto365.com\/da\/vindende-numre\/uk-lottery\/\"]}]},{\"@type\":\"ImageObject\",\"inLanguage\":\"da-DK\",\"@id\":\"https:\/\/onlinelotto365.com\/da\/vindende-numre\/uk-lottery\/#primaryimage\",\"url\":\"https:\/\/redfoxlotto.com\/image?size=8&amp;lottery=lotto-uk\",\"contentUrl\":\"https:\/\/redfoxlotto.com\/image?size=8&amp;lottery=lotto-uk\"},{\"@type\":\"BreadcrumbList\",\"@id\":\"https:\/\/onlinelotto365.com\/da\/vindende-numre\/uk-lottery\/#breadcrumb\",\"itemListElement\":[{\"@type\":\"ListItem\",\"position\":1,\"name\":\"Home\",\"item\":\"https:\/\/onlinelotto365.com\/da\/\"},{\"@type\":\"ListItem\",\"position\":2,\"name\":\"F\u00e5 vindertal og resultater for de seneste lotteriudtr\u00e6kninger\",\"item\":\"https:\/\/onlinelotto365.com\/da\/vindende-numre\/\"},{\"@type\":\"ListItem\",\"position\":3,\"name\":\"Resultater af det britiske lotteri\"}]},{\"@type\":\"WebSite\",\"@id\":\"https:\/\/onlinelotto365.com\/da\/#website\",\"url\":\"https:\/\/onlinelotto365.com\/da\/\",\"name\":\"OnlineLotto365\",\"description\":\"\",\"potentialAction\":[{\"@type\":\"SearchAction\",\"target\":{\"@type\":\"EntryPoint\",\"urlTemplate\":\"https:\/\/onlinelotto365.com\/da\/?s={search_term_string}\"},\"query-input\":{\"@type\":\"PropertyValueSpecification\",\"valueRequired\":true,\"valueName\":\"search_term_string\"}}],\"inLanguage\":\"da-DK\"}]}<\/script>\n<!-- \/ Yoast SEO plugin. -->","yoast_head_json":{"title":"Resultater, vindernumre for UK Lottery","description":"Lige efter tr\u00e6kningen, se resultaterne og numre af UK-lotteriet her","robots":{"index":"index","follow":"follow","max-snippet":"max-snippet:-1","max-image-preview":"max-image-preview:large","max-video-preview":"max-video-preview:-1"},"canonical":"https:\/\/onlinelotto365.com\/da\/vindende-numre\/uk-lottery\/","og_locale":"da_DK","og_type":"article","og_title":"Resultater, vindernumre for UK Lottery","og_description":"Lige efter tr\u00e6kningen, se resultaterne og numre af UK-lotteriet her","og_url":"https:\/\/onlinelotto365.com\/da\/vindende-numre\/uk-lottery\/","og_site_name":"OnlineLotto365","og_image":[{"url":"https:\/\/redfoxlotto.com\/image?size=8&amp;lottery=lotto-uk"}],"twitter_card":"summary_large_image","twitter_misc":{"Estimeret l\u00e6setid":"3 minutter"},"schema":{"@context":"https:\/\/schema.org","@graph":[{"@type":"WebPage","@id":"https:\/\/onlinelotto365.com\/da\/vindende-numre\/uk-lottery\/","url":"https:\/\/onlinelotto365.com\/da\/vindende-numre\/uk-lottery\/","name":"Resultater, vindernumre for UK Lottery","isPartOf":{"@id":"https:\/\/onlinelotto365.com\/da\/#website"},"primaryImageOfPage":{"@id":"https:\/\/onlinelotto365.com\/da\/vindende-numre\/uk-lottery\/#primaryimage"},"image":{"@id":"https:\/\/onlinelotto365.com\/da\/vindende-numre\/uk-lottery\/#primaryimage"},"thumbnailUrl":"https:\/\/redfoxlotto.com\/image?size=8&amp;lottery=lotto-uk","datePublished":"2022-11-23T06:12:07+00:00","dateModified":"2022-11-23T06:12:07+00:00","description":"Lige efter tr\u00e6kningen, se resultaterne og numre af UK-lotteriet her","breadcrumb":{"@id":"https:\/\/onlinelotto365.com\/da\/vindende-numre\/uk-lottery\/#breadcrumb"},"inLanguage":"da-DK","potentialAction":[{"@type":"ReadAction","target":["https:\/\/onlinelotto365.com\/da\/vindende-numre\/uk-lottery\/"]}]},{"@type":"ImageObject","inLanguage":"da-DK","@id":"https:\/\/onlinelotto365.com\/da\/vindende-numre\/uk-lottery\/#primaryimage","url":"https:\/\/redfoxlotto.com\/image?size=8&amp;lottery=lotto-uk","contentUrl":"https:\/\/redfoxlotto.com\/image?size=8&amp;lottery=lotto-uk"},{"@type":"BreadcrumbList","@id":"https:\/\/onlinelotto365.com\/da\/vindende-numre\/uk-lottery\/#breadcrumb","itemListElement":[{"@type":"ListItem","position":1,"name":"Home","item":"https:\/\/onlinelotto365.com\/da\/"},{"@type":"ListItem","position":2,"name":"F\u00e5 vindertal og resultater for de seneste lotteriudtr\u00e6kninger","item":"https:\/\/onlinelotto365.com\/da\/vindende-numre\/"},{"@type":"ListItem","position":3,"name":"Resultater af det britiske lotteri"}]},{"@type":"WebSite","@id":"https:\/\/onlinelotto365.com\/da\/#website","url":"https:\/\/onlinelotto365.com\/da\/","name":"OnlineLotto365","description":"","potentialAction":[{"@type":"SearchAction","target":{"@type":"EntryPoint","urlTemplate":"https:\/\/onlinelotto365.com\/da\/?s={search_term_string}"},"query-input":{"@type":"PropertyValueSpecification","valueRequired":true,"valueName":"search_term_string"}}],"inLanguage":"da-DK"}]}},"_links":{"self":[{"href":"https:\/\/onlinelotto365.com\/da\/wp-json\/wp\/v2\/pages\/80758","targetHints":{"allow":["GET"]}}],"collection":[{"href":"https:\/\/onlinelotto365.com\/da\/wp-json\/wp\/v2\/pages"}],"about":[{"href":"https:\/\/onlinelotto365.com\/da\/wp-json\/wp\/v2\/types\/page"}],"author":[{"embeddable":true,"href":"https:\/\/onlinelotto365.com\/da\/wp-json\/wp\/v2\/users\/1"}],"replies":[{"embeddable":true,"href":"https:\/\/onlinelotto365.com\/da\/wp-json\/wp\/v2\/comments?post=80758"}],"version-history":[{"count":0,"href":"https:\/\/onlinelotto365.com\/da\/wp-json\/wp\/v2\/pages\/80758\/revisions"}],"up":[{"embeddable":true,"href":"https:\/\/onlinelotto365.com\/da\/wp-json\/wp\/v2\/pages\/5826"}],"wp:attachment":[{"href":"https:\/\/onlinelotto365.com\/da\/wp-json\/wp\/v2\/media?parent=80758"}],"curies":[{"name":"wp","href":"https:\/\/api.w.org\/{rel}","templated":true}]}}