{"id":80790,"date":"2022-11-23T07:55:30","date_gmt":"2022-11-23T06:55:30","guid":{"rendered":"https:\/\/onlinelotto365.com\/?page_id=80790"},"modified":"2022-11-23T07:55:30","modified_gmt":"2022-11-23T06:55:30","slug":"set-for-life","status":"publish","type":"page","link":"https:\/\/onlinelotto365.com\/da\/vindende-numre\/set-for-life\/","title":{"rendered":"Resultater af lodtr\u00e6kningen Set for life"},"content":{"rendered":"<p>Internationale lotterispil kan v\u00e6re meget sjove, men det kr\u00e6ver en del arbejde at finde de vindende numre. Tallene for Set for Life er m\u00e5ske ikke tilg\u00e6ngelige i din lokale avis. Det skyldes, at du m\u00e5ske ikke befinder dig i det rigtige omr\u00e5de.<br \/>\n<a href=\"https:\/\/redfoxlotto.com\/play\/set-for-life-uk\/?ref=a8564250a2&amp;medium=ol365\" target=\"_blank\" rel=\"noopener noreferrer\"><img decoding=\"async\" class=\"aligncenter\" src=\"https:\/\/redfoxlotto.com\/image?size=8&amp;lottery=set-for-life-uk\" alt=\"s\u00e6t for livet\" \/><\/a><br \/>\nDet samme g\u00e6lder for at se resultaterne p\u00e5 tv. Hvis du ikke befinder dig i det rigtige omr\u00e5de, skal du s\u00f8ge en hel del for at finde en kanal, der viser resultaterne.<br \/>\nDu kan ogs\u00e5 kigge p\u00e5 det officielle Set for Life-websted for at se, om de har en liveudsendelse for de vindende numre. Hvis de har det, b\u00f8r du m\u00e5ske tjekke det ud, for at se lodtr\u00e6kningen live er en af de mest sp\u00e6ndende muligheder. P\u00e5 den anden side er det ikke alle lotterispil, der tilbyder denne mulighed, og du finder den m\u00e5ske ikke.<\/p>\n<p>Et andet sted at kigge er p\u00e5 YouTube. Du kan nogle gange finde tr\u00e6kningsvideoer der, efter at tr\u00e6kningen har fundet sted, og du kan m\u00e5ske finde de vindende numre.<\/p>\n<p>Den mest bekvemme m\u00e5de at finde vindernumrene til Set for Life p\u00e5 er at g\u00e5 ind p\u00e5 vores websted. Vi har alle vindernumre til r\u00e5dighed for alle de spil, som vi har til r\u00e5dighed. S\u00e5 du kan finde Set for Life og en hel masse andre.<\/p>\n<h2>S\u00e5dan finder du ud af, om din onlinebillet har vundet<\/h2>\n<p>Det bliver endnu bedre, hvis du allerede har k\u00f8bt billetter til Set for Life hos os. Vi g\u00f8r det nemlig endnu nemmere for dig at tjekke de billetter, du allerede har. Du kan tjekke den side, hvor alle dine billetter er gemt, og du vil ikke kun finde dine billetnumre, men ogs\u00e5 numrene for den vindende billet. Vi s\u00f8rger endda for at lade dig vide, hvilke numre der passer sammen, ved at farvekode dem. P\u00e5 den m\u00e5de beh\u00f8ver du ikke engang selv at se p\u00e5 mulighederne. Hvis det vindende bel\u00f8b s\u00e5 er mindre end 2.500 \u20ac, beh\u00f8ver du ikke at bekymre dig, for vi f\u00e5r pengene ind p\u00e5 din konto med det samme.<\/p>\n<h2>Set for livet resultatarkiv<\/h2>\n<p>For dem, der \u00f8nsker at tage et kig p\u00e5 de gamle tal for Set for Life, kan du nemt g\u00f8re det. Vi har nemlig arkivnumrene tilg\u00e6ngelige alle steder, hvor de seneste resultater er. P\u00e5 den m\u00e5de kan du se, hvilke numre der tr\u00e6kkes mest, og hvilke der m\u00e5ske skal tr\u00e6kkes igen.<\/p>\n<h2>Min billet har vundet, hvad sker der s\u00e5 nu?<\/h2>\n<p>Hvis du vinder p\u00e5 din lottokupon med Set for Life er det eneste du skal g\u00f8re at vente og se, hvad der sker. Vi tager os nemlig af de fleste ting for dig. Du kan vente p\u00e5 ethvert bel\u00f8b, der er mindre end 2.500 \u20ac, fordi vi straks s\u00e6tter det ind p\u00e5 din konto, s\u00e5 snart de vindende tal er blevet bekr\u00e6ftet.<br \/>\n<img loading=\"lazy\" decoding=\"async\" class=\"alignright wp-image-3543\" src=\"https:\/\/onlinelotto365.com\/wp-content\/uploads\/2020\/11\/online_lottery-3-300x300.jpg\" alt=\"set for life vindernumre\" width=\"187\" height=\"187\" srcset=\"https:\/\/onlinelotto365.com\/wp-content\/uploads\/2020\/11\/online_lottery-3-300x300.jpg 300w, https:\/\/onlinelotto365.com\/wp-content\/uploads\/2020\/11\/online_lottery-3-100x100.jpg 100w, https:\/\/onlinelotto365.com\/wp-content\/uploads\/2020\/11\/online_lottery-3-150x150.jpg 150w, https:\/\/onlinelotto365.com\/wp-content\/uploads\/2020\/11\/online_lottery-3.jpg 320w\" sizes=\"auto, (max-width: 187px) 100vw, 187px\" \/><br \/>\nHvis du derefter har mindst \u20ac10 p\u00e5 din konto, har du mulighed for at h\u00e6ve pengene til din bankkonto. Du skal bare s\u00f8rge for, at du bruger en konto, som du allerede har brugt med vores system f\u00f8r. Og du skal bekr\u00e6fte din identitet og oplysninger til vores betalingsprocessor. Dette er en simpel proces, der kan g\u00f8res med blot et par formularer, og f\u00f8r du ved af det, vil dine penge v\u00e6re tilg\u00e6ngelige.<\/p>\n","protected":false},"excerpt":{"rendered":"<p>Internationale lotterispil kan v\u00e6re meget sjove, men det kr\u00e6ver en del arbejde at finde de vindende numre. Tallene for Set for Life er m\u00e5ske ikke tilg\u00e6ngelige i din lokale avis. Det skyldes, at du m\u00e5ske ikke befinder dig i det rigtige omr\u00e5de. Det samme g\u00e6lder for at se resultaterne p\u00e5 tv. Hvis du ikke befinder [&hellip;]<\/p>\n","protected":false},"author":1,"featured_media":0,"parent":5826,"menu_order":10,"comment_status":"closed","ping_status":"closed","template":"set-for-life-results.php","meta":{"_et_pb_use_builder":"","_et_pb_old_content":"","_et_gb_content_width":"","exclude_from_search":false,"footnotes":""},"class_list":["post-80790","page","type-page","status-publish","hentry"],"yoast_head":"<!-- This site is optimized with the Yoast SEO plugin v23.4 - https:\/\/yoast.com\/wordpress\/plugins\/seo\/ -->\n<title>Seneste vindertal og udbetalinger for Set for life<\/title>\n<meta name=\"description\" content=\"Har du spillet Set for life-lotteriet? Vi har de seneste og tidligere vindernumre\" \/>\n<meta name=\"robots\" content=\"index, follow, max-snippet:-1, max-image-preview:large, max-video-preview:-1\" \/>\n<link rel=\"canonical\" href=\"https:\/\/onlinelotto365.com\/da\/vindende-numre\/set-for-life\/\" \/>\n<meta property=\"og:locale\" content=\"da_DK\" \/>\n<meta property=\"og:type\" content=\"article\" \/>\n<meta property=\"og:title\" content=\"Seneste vindertal og udbetalinger for Set for life\" \/>\n<meta property=\"og:description\" content=\"Har du spillet Set for life-lotteriet? Vi har de seneste og tidligere vindernumre\" \/>\n<meta property=\"og:url\" content=\"https:\/\/onlinelotto365.com\/da\/vindende-numre\/set-for-life\/\" \/>\n<meta property=\"og:site_name\" content=\"OnlineLotto365\" \/>\n<meta property=\"og:image\" content=\"https:\/\/redfoxlotto.com\/image?size=8&amp;lottery=set-for-life-uk\" \/>\n<meta name=\"twitter:card\" content=\"summary_large_image\" \/>\n<meta name=\"twitter:label1\" content=\"Estimeret l\u00e6setid\" \/>\n\t<meta name=\"twitter:data1\" content=\"3 minutter\" \/>\n<script type=\"application\/ld+json\" class=\"yoast-schema-graph\">{\"@context\":\"https:\/\/schema.org\",\"@graph\":[{\"@type\":\"WebPage\",\"@id\":\"https:\/\/onlinelotto365.com\/da\/vindende-numre\/set-for-life\/\",\"url\":\"https:\/\/onlinelotto365.com\/da\/vindende-numre\/set-for-life\/\",\"name\":\"Seneste vindertal og udbetalinger for Set for life\",\"isPartOf\":{\"@id\":\"https:\/\/onlinelotto365.com\/da\/#website\"},\"primaryImageOfPage\":{\"@id\":\"https:\/\/onlinelotto365.com\/da\/vindende-numre\/set-for-life\/#primaryimage\"},\"image\":{\"@id\":\"https:\/\/onlinelotto365.com\/da\/vindende-numre\/set-for-life\/#primaryimage\"},\"thumbnailUrl\":\"https:\/\/redfoxlotto.com\/image?size=8&amp;lottery=set-for-life-uk\",\"datePublished\":\"2022-11-23T06:55:30+00:00\",\"dateModified\":\"2022-11-23T06:55:30+00:00\",\"description\":\"Har du spillet Set for life-lotteriet? Vi har de seneste og tidligere vindernumre\",\"breadcrumb\":{\"@id\":\"https:\/\/onlinelotto365.com\/da\/vindende-numre\/set-for-life\/#breadcrumb\"},\"inLanguage\":\"da-DK\",\"potentialAction\":[{\"@type\":\"ReadAction\",\"target\":[\"https:\/\/onlinelotto365.com\/da\/vindende-numre\/set-for-life\/\"]}]},{\"@type\":\"ImageObject\",\"inLanguage\":\"da-DK\",\"@id\":\"https:\/\/onlinelotto365.com\/da\/vindende-numre\/set-for-life\/#primaryimage\",\"url\":\"https:\/\/redfoxlotto.com\/image?size=8&amp;lottery=set-for-life-uk\",\"contentUrl\":\"https:\/\/redfoxlotto.com\/image?size=8&amp;lottery=set-for-life-uk\"},{\"@type\":\"BreadcrumbList\",\"@id\":\"https:\/\/onlinelotto365.com\/da\/vindende-numre\/set-for-life\/#breadcrumb\",\"itemListElement\":[{\"@type\":\"ListItem\",\"position\":1,\"name\":\"Home\",\"item\":\"https:\/\/onlinelotto365.com\/da\/\"},{\"@type\":\"ListItem\",\"position\":2,\"name\":\"F\u00e5 vindertal og resultater for de seneste lotteriudtr\u00e6kninger\",\"item\":\"https:\/\/onlinelotto365.com\/da\/vindende-numre\/\"},{\"@type\":\"ListItem\",\"position\":3,\"name\":\"Resultater af lodtr\u00e6kningen Set for life\"}]},{\"@type\":\"WebSite\",\"@id\":\"https:\/\/onlinelotto365.com\/da\/#website\",\"url\":\"https:\/\/onlinelotto365.com\/da\/\",\"name\":\"OnlineLotto365\",\"description\":\"\",\"potentialAction\":[{\"@type\":\"SearchAction\",\"target\":{\"@type\":\"EntryPoint\",\"urlTemplate\":\"https:\/\/onlinelotto365.com\/da\/?s={search_term_string}\"},\"query-input\":{\"@type\":\"PropertyValueSpecification\",\"valueRequired\":true,\"valueName\":\"search_term_string\"}}],\"inLanguage\":\"da-DK\"}]}<\/script>\n<!-- \/ Yoast SEO plugin. -->","yoast_head_json":{"title":"Seneste vindertal og udbetalinger for Set for life","description":"Har du spillet Set for life-lotteriet? Vi har de seneste og tidligere vindernumre","robots":{"index":"index","follow":"follow","max-snippet":"max-snippet:-1","max-image-preview":"max-image-preview:large","max-video-preview":"max-video-preview:-1"},"canonical":"https:\/\/onlinelotto365.com\/da\/vindende-numre\/set-for-life\/","og_locale":"da_DK","og_type":"article","og_title":"Seneste vindertal og udbetalinger for Set for life","og_description":"Har du spillet Set for life-lotteriet? Vi har de seneste og tidligere vindernumre","og_url":"https:\/\/onlinelotto365.com\/da\/vindende-numre\/set-for-life\/","og_site_name":"OnlineLotto365","og_image":[{"url":"https:\/\/redfoxlotto.com\/image?size=8&amp;lottery=set-for-life-uk"}],"twitter_card":"summary_large_image","twitter_misc":{"Estimeret l\u00e6setid":"3 minutter"},"schema":{"@context":"https:\/\/schema.org","@graph":[{"@type":"WebPage","@id":"https:\/\/onlinelotto365.com\/da\/vindende-numre\/set-for-life\/","url":"https:\/\/onlinelotto365.com\/da\/vindende-numre\/set-for-life\/","name":"Seneste vindertal og udbetalinger for Set for life","isPartOf":{"@id":"https:\/\/onlinelotto365.com\/da\/#website"},"primaryImageOfPage":{"@id":"https:\/\/onlinelotto365.com\/da\/vindende-numre\/set-for-life\/#primaryimage"},"image":{"@id":"https:\/\/onlinelotto365.com\/da\/vindende-numre\/set-for-life\/#primaryimage"},"thumbnailUrl":"https:\/\/redfoxlotto.com\/image?size=8&amp;lottery=set-for-life-uk","datePublished":"2022-11-23T06:55:30+00:00","dateModified":"2022-11-23T06:55:30+00:00","description":"Har du spillet Set for life-lotteriet? Vi har de seneste og tidligere vindernumre","breadcrumb":{"@id":"https:\/\/onlinelotto365.com\/da\/vindende-numre\/set-for-life\/#breadcrumb"},"inLanguage":"da-DK","potentialAction":[{"@type":"ReadAction","target":["https:\/\/onlinelotto365.com\/da\/vindende-numre\/set-for-life\/"]}]},{"@type":"ImageObject","inLanguage":"da-DK","@id":"https:\/\/onlinelotto365.com\/da\/vindende-numre\/set-for-life\/#primaryimage","url":"https:\/\/redfoxlotto.com\/image?size=8&amp;lottery=set-for-life-uk","contentUrl":"https:\/\/redfoxlotto.com\/image?size=8&amp;lottery=set-for-life-uk"},{"@type":"BreadcrumbList","@id":"https:\/\/onlinelotto365.com\/da\/vindende-numre\/set-for-life\/#breadcrumb","itemListElement":[{"@type":"ListItem","position":1,"name":"Home","item":"https:\/\/onlinelotto365.com\/da\/"},{"@type":"ListItem","position":2,"name":"F\u00e5 vindertal og resultater for de seneste lotteriudtr\u00e6kninger","item":"https:\/\/onlinelotto365.com\/da\/vindende-numre\/"},{"@type":"ListItem","position":3,"name":"Resultater af lodtr\u00e6kningen Set for life"}]},{"@type":"WebSite","@id":"https:\/\/onlinelotto365.com\/da\/#website","url":"https:\/\/onlinelotto365.com\/da\/","name":"OnlineLotto365","description":"","potentialAction":[{"@type":"SearchAction","target":{"@type":"EntryPoint","urlTemplate":"https:\/\/onlinelotto365.com\/da\/?s={search_term_string}"},"query-input":{"@type":"PropertyValueSpecification","valueRequired":true,"valueName":"search_term_string"}}],"inLanguage":"da-DK"}]}},"_links":{"self":[{"href":"https:\/\/onlinelotto365.com\/da\/wp-json\/wp\/v2\/pages\/80790","targetHints":{"allow":["GET"]}}],"collection":[{"href":"https:\/\/onlinelotto365.com\/da\/wp-json\/wp\/v2\/pages"}],"about":[{"href":"https:\/\/onlinelotto365.com\/da\/wp-json\/wp\/v2\/types\/page"}],"author":[{"embeddable":true,"href":"https:\/\/onlinelotto365.com\/da\/wp-json\/wp\/v2\/users\/1"}],"replies":[{"embeddable":true,"href":"https:\/\/onlinelotto365.com\/da\/wp-json\/wp\/v2\/comments?post=80790"}],"version-history":[{"count":0,"href":"https:\/\/onlinelotto365.com\/da\/wp-json\/wp\/v2\/pages\/80790\/revisions"}],"up":[{"embeddable":true,"href":"https:\/\/onlinelotto365.com\/da\/wp-json\/wp\/v2\/pages\/5826"}],"wp:attachment":[{"href":"https:\/\/onlinelotto365.com\/da\/wp-json\/wp\/v2\/media?parent=80790"}],"curies":[{"name":"wp","href":"https:\/\/api.w.org\/{rel}","templated":true}]}}