{"id":80827,"date":"2022-11-23T10:56:53","date_gmt":"2022-11-23T09:56:53","guid":{"rendered":"https:\/\/onlinelotto365.com\/?page_id=80827"},"modified":"2022-11-23T10:56:53","modified_gmt":"2022-11-23T09:56:53","slug":"german-lotto","status":"publish","type":"page","link":"https:\/\/onlinelotto365.com\/da\/vindende-numre\/german-lotto\/","title":{"rendered":"Se de tyske Lotto vindertal her"},"content":{"rendered":"<p>Internationale lotterispil kan v\u00e6re lidt vanskeligere at spore, fordi du m\u00e5ske ikke bor i det samme omr\u00e5de, som de tr\u00e6kkes i. Du kan muligvis ikke tjekke tyske lottoresultater i din lokale avis. Og du kan m\u00e5ske heller ikke finde de tyske Lotto-vindertal p\u00e5 tv. Hvis du finder dem p\u00e5 et af disse steder, skal du foretage en ordentlig m\u00e6ngde research for at n\u00e5 frem til dem.<br \/>\n<a href=\"https:\/\/redfoxlotto.com\/play\/lotto-6aus49\/?ref=a8564250a2&amp;medium=ol365\" target=\"_blank\" rel=\"noopener noreferrer\"><img decoding=\"async\" class=\"aligncenter\" src=\"https:\/\/redfoxlotto.com\/image?size=8&amp;lottery=lotto-6aus49\" alt=\"Tysk Lotto 6aus49\" \/><\/a><br \/>\nDu kan ogs\u00e5 overveje at g\u00e5 ind p\u00e5 hjemmesiden for det tyske Lotto. Nogle gange tilbyder disse officielle hjemmesider live-tegninger, s\u00e5 du kan se resultaterne, mens de kommer ind. Ikke alle spil har dog denne mulighed, og du kan finde dig selv uden mulighed for at finde dine resultater, selv p\u00e5 det officielle websted.<\/p>\n<p>Du kan ogs\u00e5 tage et kig p\u00e5 YouTube for at se, om nogen har uploadet en video af live-tr\u00e6kningen eller endda en video med resultaterne p\u00e5 et tidspunkt efter, at tr\u00e6kningen har fundet sted.<\/p>\n<p>Den nemmeste m\u00e5de for dig at f\u00e5 de resultater, du leder efter, er dog at tage et kig p\u00e5 vores hjemmeside. Vi hj\u00e6lper dig med at finde resultaterne for det tyske Lotto direkte p\u00e5 vores resultatside. Det er der, hvor vi deler vindernumrene for alle de lotterispil, som du finder tilg\u00e6ngelige p\u00e5 vores hjemmeside.<\/p>\n<h2>S\u00e5dan finder du ud af, om din online-lodseddel har vundet<\/h2>\n<p>For dem, der har k\u00f8bt lodder fra os til det tyske Lotto, vil du opdage, at det er endnu nemmere at f\u00e5 resultaterne. Det skyldes, at alt du skal g\u00f8re er at tage et kig p\u00e5 din kontoside. N\u00e5r du er der, vil du kunne se de billetter, du har k\u00f8bt til alle de spil, vi har tilg\u00e6ngelige. Derefter kan du tage et kig p\u00e5 de vindende numre p\u00e5 samme sted.<br \/>\nVi vil endda fremh\u00e6ve alle de numre, som du har matchet, for at fort\u00e6lle dig, hvad du har vundet. Og hvis du vinder mindre end 2.500 \u20ac, s\u00f8rger vi for at tilf\u00f8je det til din konto, s\u00e5 snart tallene er blevet officielt bekr\u00e6ftet af spillet. S\u00e5 nemt er det for dig.<\/p>\n<h2>Arkiv med tyske Lotto-resultater<\/h2>\n<p>De sider p\u00e5 vores websted, der har de nyeste tal for det tyske Lotto, viser dig ogs\u00e5 alle de gamle tal fra vores arkiv. Det skyldes, at vi ved, at mange mennesker \u00f8nsker at kende de \u00e6ldre numre for at hj\u00e6lpe dem med at v\u00e6lge de numre, de \u00f8nsker at bruge til deres n\u00e6ste lottokuponer. Vi l\u00e6gger dem p\u00e5 alle sider, der viser de nye numre.<\/p>\n<h2>Min billet har vundet, hvad sker der s\u00e5 nu?<\/h2>\n<p><img loading=\"lazy\" decoding=\"async\" class=\"alignright size-medium wp-image-3593\" src=\"https:\/\/onlinelotto365.com\/wp-content\/uploads\/2020\/11\/online_lottery-39-300x150.jpg\" alt=\"tysk lotto vindertal\" width=\"300\" height=\"150\" srcset=\"https:\/\/onlinelotto365.com\/wp-content\/uploads\/2020\/11\/online_lottery-39-300x150.jpg 300w, https:\/\/onlinelotto365.com\/wp-content\/uploads\/2020\/11\/online_lottery-39.jpg 490w\" sizes=\"auto, (max-width: 300px) 100vw, 300px\" \/><br \/>\nHvis du har vundet i det tyske Lotto, og din vinderkupon er mindre end 2.500 \u20ac v\u00e6rd, s\u00f8rger vi for at s\u00e6tte pengene ind p\u00e5 din konto, s\u00e5 snart alle vindernumrene er blevet bekr\u00e6ftet. Det betyder, at du ikke beh\u00f8ver at g\u00f8re noget. Hvis den vindende kupon er mere end 2.500 \u20ac v\u00e6rd, skal du udfylde en formular, men vi hj\u00e6lper dig stadig med processen. Hvis du derefter har mindst 10 \u20ac p\u00e5 din konto, har du mulighed for at h\u00e6ve pengene til en bank- eller kreditkortkonto, som du allerede har brugt p\u00e5 vores side. Hvis du ikke har brugt kontoen hos os endnu, kan du ikke h\u00e6ve pengene til den.<\/p>\n","protected":false},"excerpt":{"rendered":"<p>Internationale lotterispil kan v\u00e6re lidt vanskeligere at spore, fordi du m\u00e5ske ikke bor i det samme omr\u00e5de, som de tr\u00e6kkes i. Du kan muligvis ikke tjekke tyske lottoresultater i din lokale avis. Og du kan m\u00e5ske heller ikke finde de tyske Lotto-vindertal p\u00e5 tv. Hvis du finder dem p\u00e5 et af disse steder, skal du [&hellip;]<\/p>\n","protected":false},"author":1,"featured_media":0,"parent":5826,"menu_order":11,"comment_status":"closed","ping_status":"closed","template":"lotto-german-results.php","meta":{"_et_pb_use_builder":"","_et_pb_old_content":"","_et_gb_content_width":"","exclude_from_search":false,"footnotes":""},"class_list":["post-80827","page","type-page","status-publish","hentry"],"yoast_head":"<!-- This site is optimized with the Yoast SEO plugin v23.4 - https:\/\/yoast.com\/wordpress\/plugins\/seo\/ -->\n<title>Vindernumre German Lotto | Tr\u00e6kningsresultater og vundne bel\u00f8b for German Lotto<\/title>\n<meta name=\"description\" content=\"Hvis du \u00f8nsker at finde de vindende numre for det tyske lotteri 6aus49, skal du kigge her!\" \/>\n<meta name=\"robots\" content=\"index, follow, max-snippet:-1, max-image-preview:large, max-video-preview:-1\" \/>\n<link rel=\"canonical\" href=\"https:\/\/onlinelotto365.com\/da\/vindende-numre\/german-lotto\/\" \/>\n<meta property=\"og:locale\" content=\"da_DK\" \/>\n<meta property=\"og:type\" content=\"article\" \/>\n<meta property=\"og:title\" content=\"Vindernumre German Lotto | Tr\u00e6kningsresultater og vundne bel\u00f8b for German Lotto\" \/>\n<meta property=\"og:description\" content=\"Hvis du \u00f8nsker at finde de vindende numre for det tyske lotteri 6aus49, skal du kigge her!\" \/>\n<meta property=\"og:url\" content=\"https:\/\/onlinelotto365.com\/da\/vindende-numre\/german-lotto\/\" \/>\n<meta property=\"og:site_name\" content=\"OnlineLotto365\" \/>\n<meta property=\"og:image\" content=\"https:\/\/redfoxlotto.com\/image?size=8&amp;lottery=lotto-6aus49\" \/>\n<meta name=\"twitter:card\" content=\"summary_large_image\" \/>\n<meta name=\"twitter:label1\" content=\"Estimeret l\u00e6setid\" \/>\n\t<meta name=\"twitter:data1\" content=\"3 minutter\" \/>\n<script type=\"application\/ld+json\" class=\"yoast-schema-graph\">{\"@context\":\"https:\/\/schema.org\",\"@graph\":[{\"@type\":\"WebPage\",\"@id\":\"https:\/\/onlinelotto365.com\/da\/vindende-numre\/german-lotto\/\",\"url\":\"https:\/\/onlinelotto365.com\/da\/vindende-numre\/german-lotto\/\",\"name\":\"Vindernumre German Lotto | Tr\u00e6kningsresultater og vundne bel\u00f8b for German Lotto\",\"isPartOf\":{\"@id\":\"https:\/\/onlinelotto365.com\/da\/#website\"},\"primaryImageOfPage\":{\"@id\":\"https:\/\/onlinelotto365.com\/da\/vindende-numre\/german-lotto\/#primaryimage\"},\"image\":{\"@id\":\"https:\/\/onlinelotto365.com\/da\/vindende-numre\/german-lotto\/#primaryimage\"},\"thumbnailUrl\":\"https:\/\/redfoxlotto.com\/image?size=8&amp;lottery=lotto-6aus49\",\"datePublished\":\"2022-11-23T09:56:53+00:00\",\"dateModified\":\"2022-11-23T09:56:53+00:00\",\"description\":\"Hvis du \u00f8nsker at finde de vindende numre for det tyske lotteri 6aus49, skal du kigge her!\",\"breadcrumb\":{\"@id\":\"https:\/\/onlinelotto365.com\/da\/vindende-numre\/german-lotto\/#breadcrumb\"},\"inLanguage\":\"da-DK\",\"potentialAction\":[{\"@type\":\"ReadAction\",\"target\":[\"https:\/\/onlinelotto365.com\/da\/vindende-numre\/german-lotto\/\"]}]},{\"@type\":\"ImageObject\",\"inLanguage\":\"da-DK\",\"@id\":\"https:\/\/onlinelotto365.com\/da\/vindende-numre\/german-lotto\/#primaryimage\",\"url\":\"https:\/\/redfoxlotto.com\/image?size=8&amp;lottery=lotto-6aus49\",\"contentUrl\":\"https:\/\/redfoxlotto.com\/image?size=8&amp;lottery=lotto-6aus49\"},{\"@type\":\"BreadcrumbList\",\"@id\":\"https:\/\/onlinelotto365.com\/da\/vindende-numre\/german-lotto\/#breadcrumb\",\"itemListElement\":[{\"@type\":\"ListItem\",\"position\":1,\"name\":\"Home\",\"item\":\"https:\/\/onlinelotto365.com\/da\/\"},{\"@type\":\"ListItem\",\"position\":2,\"name\":\"F\u00e5 vindertal og resultater for de seneste lotteriudtr\u00e6kninger\",\"item\":\"https:\/\/onlinelotto365.com\/da\/vindende-numre\/\"},{\"@type\":\"ListItem\",\"position\":3,\"name\":\"Se de tyske Lotto vindertal her\"}]},{\"@type\":\"WebSite\",\"@id\":\"https:\/\/onlinelotto365.com\/da\/#website\",\"url\":\"https:\/\/onlinelotto365.com\/da\/\",\"name\":\"OnlineLotto365\",\"description\":\"\",\"potentialAction\":[{\"@type\":\"SearchAction\",\"target\":{\"@type\":\"EntryPoint\",\"urlTemplate\":\"https:\/\/onlinelotto365.com\/da\/?s={search_term_string}\"},\"query-input\":{\"@type\":\"PropertyValueSpecification\",\"valueRequired\":true,\"valueName\":\"search_term_string\"}}],\"inLanguage\":\"da-DK\"}]}<\/script>\n<!-- \/ Yoast SEO plugin. -->","yoast_head_json":{"title":"Vindernumre German Lotto | Tr\u00e6kningsresultater og vundne bel\u00f8b for German Lotto","description":"Hvis du \u00f8nsker at finde de vindende numre for det tyske lotteri 6aus49, skal du kigge her!","robots":{"index":"index","follow":"follow","max-snippet":"max-snippet:-1","max-image-preview":"max-image-preview:large","max-video-preview":"max-video-preview:-1"},"canonical":"https:\/\/onlinelotto365.com\/da\/vindende-numre\/german-lotto\/","og_locale":"da_DK","og_type":"article","og_title":"Vindernumre German Lotto | Tr\u00e6kningsresultater og vundne bel\u00f8b for German Lotto","og_description":"Hvis du \u00f8nsker at finde de vindende numre for det tyske lotteri 6aus49, skal du kigge her!","og_url":"https:\/\/onlinelotto365.com\/da\/vindende-numre\/german-lotto\/","og_site_name":"OnlineLotto365","og_image":[{"url":"https:\/\/redfoxlotto.com\/image?size=8&amp;lottery=lotto-6aus49"}],"twitter_card":"summary_large_image","twitter_misc":{"Estimeret l\u00e6setid":"3 minutter"},"schema":{"@context":"https:\/\/schema.org","@graph":[{"@type":"WebPage","@id":"https:\/\/onlinelotto365.com\/da\/vindende-numre\/german-lotto\/","url":"https:\/\/onlinelotto365.com\/da\/vindende-numre\/german-lotto\/","name":"Vindernumre German Lotto | Tr\u00e6kningsresultater og vundne bel\u00f8b for German Lotto","isPartOf":{"@id":"https:\/\/onlinelotto365.com\/da\/#website"},"primaryImageOfPage":{"@id":"https:\/\/onlinelotto365.com\/da\/vindende-numre\/german-lotto\/#primaryimage"},"image":{"@id":"https:\/\/onlinelotto365.com\/da\/vindende-numre\/german-lotto\/#primaryimage"},"thumbnailUrl":"https:\/\/redfoxlotto.com\/image?size=8&amp;lottery=lotto-6aus49","datePublished":"2022-11-23T09:56:53+00:00","dateModified":"2022-11-23T09:56:53+00:00","description":"Hvis du \u00f8nsker at finde de vindende numre for det tyske lotteri 6aus49, skal du kigge her!","breadcrumb":{"@id":"https:\/\/onlinelotto365.com\/da\/vindende-numre\/german-lotto\/#breadcrumb"},"inLanguage":"da-DK","potentialAction":[{"@type":"ReadAction","target":["https:\/\/onlinelotto365.com\/da\/vindende-numre\/german-lotto\/"]}]},{"@type":"ImageObject","inLanguage":"da-DK","@id":"https:\/\/onlinelotto365.com\/da\/vindende-numre\/german-lotto\/#primaryimage","url":"https:\/\/redfoxlotto.com\/image?size=8&amp;lottery=lotto-6aus49","contentUrl":"https:\/\/redfoxlotto.com\/image?size=8&amp;lottery=lotto-6aus49"},{"@type":"BreadcrumbList","@id":"https:\/\/onlinelotto365.com\/da\/vindende-numre\/german-lotto\/#breadcrumb","itemListElement":[{"@type":"ListItem","position":1,"name":"Home","item":"https:\/\/onlinelotto365.com\/da\/"},{"@type":"ListItem","position":2,"name":"F\u00e5 vindertal og resultater for de seneste lotteriudtr\u00e6kninger","item":"https:\/\/onlinelotto365.com\/da\/vindende-numre\/"},{"@type":"ListItem","position":3,"name":"Se de tyske Lotto vindertal her"}]},{"@type":"WebSite","@id":"https:\/\/onlinelotto365.com\/da\/#website","url":"https:\/\/onlinelotto365.com\/da\/","name":"OnlineLotto365","description":"","potentialAction":[{"@type":"SearchAction","target":{"@type":"EntryPoint","urlTemplate":"https:\/\/onlinelotto365.com\/da\/?s={search_term_string}"},"query-input":{"@type":"PropertyValueSpecification","valueRequired":true,"valueName":"search_term_string"}}],"inLanguage":"da-DK"}]}},"_links":{"self":[{"href":"https:\/\/onlinelotto365.com\/da\/wp-json\/wp\/v2\/pages\/80827","targetHints":{"allow":["GET"]}}],"collection":[{"href":"https:\/\/onlinelotto365.com\/da\/wp-json\/wp\/v2\/pages"}],"about":[{"href":"https:\/\/onlinelotto365.com\/da\/wp-json\/wp\/v2\/types\/page"}],"author":[{"embeddable":true,"href":"https:\/\/onlinelotto365.com\/da\/wp-json\/wp\/v2\/users\/1"}],"replies":[{"embeddable":true,"href":"https:\/\/onlinelotto365.com\/da\/wp-json\/wp\/v2\/comments?post=80827"}],"version-history":[{"count":0,"href":"https:\/\/onlinelotto365.com\/da\/wp-json\/wp\/v2\/pages\/80827\/revisions"}],"up":[{"embeddable":true,"href":"https:\/\/onlinelotto365.com\/da\/wp-json\/wp\/v2\/pages\/5826"}],"wp:attachment":[{"href":"https:\/\/onlinelotto365.com\/da\/wp-json\/wp\/v2\/media?parent=80827"}],"curies":[{"name":"wp","href":"https:\/\/api.w.org\/{rel}","templated":true}]}}