{"id":80859,"date":"2022-11-23T12:16:40","date_gmt":"2022-11-23T11:16:40","guid":{"rendered":"https:\/\/onlinelotto365.com\/?page_id=80859"},"modified":"2022-11-23T12:16:40","modified_gmt":"2022-11-23T11:16:40","slug":"mega-sena","status":"publish","type":"page","link":"https:\/\/onlinelotto365.com\/da\/vindende-numre\/mega-sena\/","title":{"rendered":"Mega-Sena fra Brasilien &#8211; seneste vindertal"},"content":{"rendered":"<p>Der findes mange forskellige spil, og du vil gerne sikre dig, at du kan finde de vindende numre s\u00e5 hurtigt som muligt. Det er muligt p\u00e5 en r\u00e6kke forskellige m\u00e5der, hvis du ved, hvor du skal kigge. De vindende numre kan nogle gange findes i avisen, hvis du bor i et omr\u00e5de, hvor det er et lokalt spil. Det kan betyde, at Mega-Sena-resultaterne ikke er tilg\u00e6ngelige i dit omr\u00e5de. Nogle omr\u00e5der viser ogs\u00e5 de vindende numre p\u00e5 tv, hvilket kun sker, hvis du bor i visse omr\u00e5der.<br \/>\n<a href=\"https:\/\/redfoxlotto.com\/play\/mega-sena\/?ref=a8564250a2&amp;medium=ol365\" target=\"_blank\" rel=\"noopener noreferrer\"><img decoding=\"async\" class=\"aligncenter\" src=\"https:\/\/redfoxlotto.com\/image?size=8&amp;lottery=mega-sena\" alt=\"mega-sena\" \/><\/a><\/p>\n<p>En anden mulighed er at kigge p\u00e5 hjemmesiden for Mega-Sena-lotteriet for at se, om de har en udsendelse af live stream, n\u00e5r spillet tr\u00e6kkes. Det er ikke alle spil, der g\u00f8r det, men for dem, der g\u00f8r det, kan det v\u00e6re en sp\u00e6ndende oplevelse for alle, der ser med. Is\u00e6r hvis du faktisk er en vinder og ser dine numre blive trukket.<\/p>\n<p>Der er ogs\u00e5 mulighed for at g\u00e5 over til YouTube. Nogle gange uploader folk livevideoer af tr\u00e6kning online, og du kan m\u00e5ske se den seneste Mega Sena-tr\u00e6kning.<\/p>\n<p>Den nemmeste m\u00e5de for dig at f\u00e5 de vindende numre p\u00e5, vil dog v\u00e6re at tjekke vores hjemmeside. Vi kan give dig adgang til alle vindernumrene for Mega Sena samt alle andre spil, som du \u00f8nsker, og som vi har tilg\u00e6ngelige. Det g\u00f8r det nemmere for dig at finde de resultater, du \u00f8nsker.<\/p>\n<h2>S\u00e5dan finder du ud af, om din online billet har vundet<\/h2>\n<p>Hvad der er endnu bedre er, at du kan logge direkte ind p\u00e5 din konto og finde resultaterne af ethvert spil, som du ogs\u00e5 har k\u00f8bt billetter til. Du skal bare g\u00e5 til den sektion af hjemmesiden, hvor dine billetter er gemt, og du kan finde de vindernumre, der g\u00e6lder for disse billetter.<\/p>\n<p>Derefter kan du endda se, hvilke vindernumre der matcher dine nuv\u00e6rende numre, s\u00e5 du kan se, hvor meget du allerede har vundet. Hvis det er mindre end 2.500 \u20ac, s\u00f8rger vi for at f\u00e5 pengene direkte ind p\u00e5 din konto, s\u00e5 du kan begynde at bruge dem eller h\u00e6ve dem til din egen konto. Du skal blot s\u00f8rge for at h\u00e6ve pengene til en konto, som du allerede har brugt hos os.<\/p>\n<h2>Mega-Sena-resultater arkiv<\/h2>\n<p><img loading=\"lazy\" decoding=\"async\" class=\"alignright wp-image-3640\" src=\"https:\/\/onlinelotto365.com\/wp-content\/uploads\/2020\/11\/lottery_balls1-300x160.jpg\" alt=\"mega-sena resultater\" width=\"249\" height=\"133\" srcset=\"https:\/\/onlinelotto365.com\/wp-content\/uploads\/2020\/11\/lottery_balls1-300x160.jpg 300w, https:\/\/onlinelotto365.com\/wp-content\/uploads\/2020\/11\/lottery_balls1.jpg 472w\" sizes=\"auto, (max-width: 249px) 100vw, 249px\" \/><br \/>\nFor dem, der \u00f8nsker at f\u00e5 adgang til \u00e6ldre tal for Mega-Sena, b\u00f8r du kigge n\u00e6rmere p\u00e5 de websider, der allerede tilbyder de seneste tal. Du kan finde alle de gamle numre tilg\u00e6ngelige der ogs\u00e5, s\u00e5 du beh\u00f8ver ikke at bekymre dig om at g\u00e5 glip af nogle af de bedste oplysninger til at v\u00e6lge dit n\u00e6ste s\u00e6t numre.<\/p>\n","protected":false},"excerpt":{"rendered":"<p>Der findes mange forskellige spil, og du vil gerne sikre dig, at du kan finde de vindende numre s\u00e5 hurtigt som muligt. Det er muligt p\u00e5 en r\u00e6kke forskellige m\u00e5der, hvis du ved, hvor du skal kigge. De vindende numre kan nogle gange findes i avisen, hvis du bor i et omr\u00e5de, hvor det er [&hellip;]<\/p>\n","protected":false},"author":1,"featured_media":0,"parent":5826,"menu_order":12,"comment_status":"closed","ping_status":"closed","template":"megasena-results.php","meta":{"_et_pb_use_builder":"","_et_pb_old_content":"","_et_gb_content_width":"","exclude_from_search":false,"footnotes":""},"class_list":["post-80859","page","type-page","status-publish","hentry"],"yoast_head":"<!-- This site is optimized with the Yoast SEO plugin v23.4 - https:\/\/yoast.com\/wordpress\/plugins\/seo\/ -->\n<title>Seneste tr\u00e6kningsresultater og pr\u00e6mier for Mega-Sena<\/title>\n<meta name=\"description\" content=\"Resultater for Mega-Sena Brasilien og mange andre verdensomsp\u00e6ndende lotterier findes her\" \/>\n<meta name=\"robots\" content=\"index, follow, max-snippet:-1, max-image-preview:large, max-video-preview:-1\" \/>\n<link rel=\"canonical\" href=\"https:\/\/onlinelotto365.com\/da\/vindende-numre\/mega-sena\/\" \/>\n<meta property=\"og:locale\" content=\"da_DK\" \/>\n<meta property=\"og:type\" content=\"article\" \/>\n<meta property=\"og:title\" content=\"Seneste tr\u00e6kningsresultater og pr\u00e6mier for Mega-Sena\" \/>\n<meta property=\"og:description\" content=\"Resultater for Mega-Sena Brasilien og mange andre verdensomsp\u00e6ndende lotterier findes her\" \/>\n<meta property=\"og:url\" content=\"https:\/\/onlinelotto365.com\/da\/vindende-numre\/mega-sena\/\" \/>\n<meta property=\"og:site_name\" content=\"OnlineLotto365\" \/>\n<meta property=\"og:image\" content=\"https:\/\/redfoxlotto.com\/image?size=8&amp;lottery=mega-sena\" \/>\n<meta name=\"twitter:card\" content=\"summary_large_image\" \/>\n<meta name=\"twitter:label1\" content=\"Estimeret l\u00e6setid\" \/>\n\t<meta name=\"twitter:data1\" content=\"3 minutter\" \/>\n<script type=\"application\/ld+json\" class=\"yoast-schema-graph\">{\"@context\":\"https:\/\/schema.org\",\"@graph\":[{\"@type\":\"WebPage\",\"@id\":\"https:\/\/onlinelotto365.com\/da\/vindende-numre\/mega-sena\/\",\"url\":\"https:\/\/onlinelotto365.com\/da\/vindende-numre\/mega-sena\/\",\"name\":\"Seneste tr\u00e6kningsresultater og pr\u00e6mier for Mega-Sena\",\"isPartOf\":{\"@id\":\"https:\/\/onlinelotto365.com\/da\/#website\"},\"primaryImageOfPage\":{\"@id\":\"https:\/\/onlinelotto365.com\/da\/vindende-numre\/mega-sena\/#primaryimage\"},\"image\":{\"@id\":\"https:\/\/onlinelotto365.com\/da\/vindende-numre\/mega-sena\/#primaryimage\"},\"thumbnailUrl\":\"https:\/\/redfoxlotto.com\/image?size=8&amp;lottery=mega-sena\",\"datePublished\":\"2022-11-23T11:16:40+00:00\",\"dateModified\":\"2022-11-23T11:16:40+00:00\",\"description\":\"Resultater for Mega-Sena Brasilien og mange andre verdensomsp\u00e6ndende lotterier findes her\",\"breadcrumb\":{\"@id\":\"https:\/\/onlinelotto365.com\/da\/vindende-numre\/mega-sena\/#breadcrumb\"},\"inLanguage\":\"da-DK\",\"potentialAction\":[{\"@type\":\"ReadAction\",\"target\":[\"https:\/\/onlinelotto365.com\/da\/vindende-numre\/mega-sena\/\"]}]},{\"@type\":\"ImageObject\",\"inLanguage\":\"da-DK\",\"@id\":\"https:\/\/onlinelotto365.com\/da\/vindende-numre\/mega-sena\/#primaryimage\",\"url\":\"https:\/\/redfoxlotto.com\/image?size=8&amp;lottery=mega-sena\",\"contentUrl\":\"https:\/\/redfoxlotto.com\/image?size=8&amp;lottery=mega-sena\"},{\"@type\":\"BreadcrumbList\",\"@id\":\"https:\/\/onlinelotto365.com\/da\/vindende-numre\/mega-sena\/#breadcrumb\",\"itemListElement\":[{\"@type\":\"ListItem\",\"position\":1,\"name\":\"Home\",\"item\":\"https:\/\/onlinelotto365.com\/da\/\"},{\"@type\":\"ListItem\",\"position\":2,\"name\":\"F\u00e5 vindertal og resultater for de seneste lotteriudtr\u00e6kninger\",\"item\":\"https:\/\/onlinelotto365.com\/da\/vindende-numre\/\"},{\"@type\":\"ListItem\",\"position\":3,\"name\":\"Mega-Sena fra Brasilien &#8211; seneste vindertal\"}]},{\"@type\":\"WebSite\",\"@id\":\"https:\/\/onlinelotto365.com\/da\/#website\",\"url\":\"https:\/\/onlinelotto365.com\/da\/\",\"name\":\"OnlineLotto365\",\"description\":\"\",\"potentialAction\":[{\"@type\":\"SearchAction\",\"target\":{\"@type\":\"EntryPoint\",\"urlTemplate\":\"https:\/\/onlinelotto365.com\/da\/?s={search_term_string}\"},\"query-input\":{\"@type\":\"PropertyValueSpecification\",\"valueRequired\":true,\"valueName\":\"search_term_string\"}}],\"inLanguage\":\"da-DK\"}]}<\/script>\n<!-- \/ Yoast SEO plugin. -->","yoast_head_json":{"title":"Seneste tr\u00e6kningsresultater og pr\u00e6mier for Mega-Sena","description":"Resultater for Mega-Sena Brasilien og mange andre verdensomsp\u00e6ndende lotterier findes her","robots":{"index":"index","follow":"follow","max-snippet":"max-snippet:-1","max-image-preview":"max-image-preview:large","max-video-preview":"max-video-preview:-1"},"canonical":"https:\/\/onlinelotto365.com\/da\/vindende-numre\/mega-sena\/","og_locale":"da_DK","og_type":"article","og_title":"Seneste tr\u00e6kningsresultater og pr\u00e6mier for Mega-Sena","og_description":"Resultater for Mega-Sena Brasilien og mange andre verdensomsp\u00e6ndende lotterier findes her","og_url":"https:\/\/onlinelotto365.com\/da\/vindende-numre\/mega-sena\/","og_site_name":"OnlineLotto365","og_image":[{"url":"https:\/\/redfoxlotto.com\/image?size=8&amp;lottery=mega-sena"}],"twitter_card":"summary_large_image","twitter_misc":{"Estimeret l\u00e6setid":"3 minutter"},"schema":{"@context":"https:\/\/schema.org","@graph":[{"@type":"WebPage","@id":"https:\/\/onlinelotto365.com\/da\/vindende-numre\/mega-sena\/","url":"https:\/\/onlinelotto365.com\/da\/vindende-numre\/mega-sena\/","name":"Seneste tr\u00e6kningsresultater og pr\u00e6mier for Mega-Sena","isPartOf":{"@id":"https:\/\/onlinelotto365.com\/da\/#website"},"primaryImageOfPage":{"@id":"https:\/\/onlinelotto365.com\/da\/vindende-numre\/mega-sena\/#primaryimage"},"image":{"@id":"https:\/\/onlinelotto365.com\/da\/vindende-numre\/mega-sena\/#primaryimage"},"thumbnailUrl":"https:\/\/redfoxlotto.com\/image?size=8&amp;lottery=mega-sena","datePublished":"2022-11-23T11:16:40+00:00","dateModified":"2022-11-23T11:16:40+00:00","description":"Resultater for Mega-Sena Brasilien og mange andre verdensomsp\u00e6ndende lotterier findes her","breadcrumb":{"@id":"https:\/\/onlinelotto365.com\/da\/vindende-numre\/mega-sena\/#breadcrumb"},"inLanguage":"da-DK","potentialAction":[{"@type":"ReadAction","target":["https:\/\/onlinelotto365.com\/da\/vindende-numre\/mega-sena\/"]}]},{"@type":"ImageObject","inLanguage":"da-DK","@id":"https:\/\/onlinelotto365.com\/da\/vindende-numre\/mega-sena\/#primaryimage","url":"https:\/\/redfoxlotto.com\/image?size=8&amp;lottery=mega-sena","contentUrl":"https:\/\/redfoxlotto.com\/image?size=8&amp;lottery=mega-sena"},{"@type":"BreadcrumbList","@id":"https:\/\/onlinelotto365.com\/da\/vindende-numre\/mega-sena\/#breadcrumb","itemListElement":[{"@type":"ListItem","position":1,"name":"Home","item":"https:\/\/onlinelotto365.com\/da\/"},{"@type":"ListItem","position":2,"name":"F\u00e5 vindertal og resultater for de seneste lotteriudtr\u00e6kninger","item":"https:\/\/onlinelotto365.com\/da\/vindende-numre\/"},{"@type":"ListItem","position":3,"name":"Mega-Sena fra Brasilien &#8211; seneste vindertal"}]},{"@type":"WebSite","@id":"https:\/\/onlinelotto365.com\/da\/#website","url":"https:\/\/onlinelotto365.com\/da\/","name":"OnlineLotto365","description":"","potentialAction":[{"@type":"SearchAction","target":{"@type":"EntryPoint","urlTemplate":"https:\/\/onlinelotto365.com\/da\/?s={search_term_string}"},"query-input":{"@type":"PropertyValueSpecification","valueRequired":true,"valueName":"search_term_string"}}],"inLanguage":"da-DK"}]}},"_links":{"self":[{"href":"https:\/\/onlinelotto365.com\/da\/wp-json\/wp\/v2\/pages\/80859","targetHints":{"allow":["GET"]}}],"collection":[{"href":"https:\/\/onlinelotto365.com\/da\/wp-json\/wp\/v2\/pages"}],"about":[{"href":"https:\/\/onlinelotto365.com\/da\/wp-json\/wp\/v2\/types\/page"}],"author":[{"embeddable":true,"href":"https:\/\/onlinelotto365.com\/da\/wp-json\/wp\/v2\/users\/1"}],"replies":[{"embeddable":true,"href":"https:\/\/onlinelotto365.com\/da\/wp-json\/wp\/v2\/comments?post=80859"}],"version-history":[{"count":0,"href":"https:\/\/onlinelotto365.com\/da\/wp-json\/wp\/v2\/pages\/80859\/revisions"}],"up":[{"embeddable":true,"href":"https:\/\/onlinelotto365.com\/da\/wp-json\/wp\/v2\/pages\/5826"}],"wp:attachment":[{"href":"https:\/\/onlinelotto365.com\/da\/wp-json\/wp\/v2\/media?parent=80859"}],"curies":[{"name":"wp","href":"https:\/\/api.w.org\/{rel}","templated":true}]}}