{"id":80891,"date":"2022-11-23T13:11:38","date_gmt":"2022-11-23T12:11:38","guid":{"rendered":"https:\/\/onlinelotto365.com\/?page_id=80891"},"modified":"2022-11-23T13:11:38","modified_gmt":"2022-11-23T12:11:38","slug":"powerball-australia","status":"publish","type":"page","link":"https:\/\/onlinelotto365.com\/da\/vindende-numre\/powerball-australia\/","title":{"rendered":"Powerball Australia &#8211; seneste og tidligere vindertal, resultater"},"content":{"rendered":"<p>Ved internationale lotterier kan du pr\u00f8ve at tjekke resultaterne i avisen, men det er usandsynligt, at du finder vindertallene for Powerball Australia i din lokale avis. Du finder det m\u00e5ske heller ikke p\u00e5 nogen af dine lokale tv-kanaler. Hvis du g\u00f8r det, vil det tage lidt tid og kr\u00e6fter at finde den rigtige kanal.<br \/>\n<a href=\"https:\/\/redfoxlotto.com\/play\/powerball-au\/?ref=a8564250a2&amp;medium=ol365\" target=\"_blank\" rel=\"noopener noreferrer\"><img decoding=\"async\" class=\"aligncenter\" src=\"https:\/\/redfoxlotto.com\/image?size=8&amp;lottery=powerball-au\" alt=\"Powerball Australia\" \/><\/a><br \/>\nEn anden mulighed er at tjekke Powerball Australia&#8217;s hjemmeside for at se, om de tilbyder en mulighed for live-tr\u00e6kning. Hvis de g\u00f8r det, kan du m\u00e5ske se med og f\u00e5 den fulde nydelse af at se dine numre blive trukket live. Men ikke alle spil tilbyder denne mulighed, og du kan risikere at g\u00e5 glip af oplevelsen helt og holdent.<br \/>\nDu kan ogs\u00e5 kigge p\u00e5 YouTube for at se, om der findes en optagelse af live-tr\u00e6kningen for Powerball Australia. Dette kan v\u00e6re en god m\u00e5de at finde resultaterne p\u00e5, efter at tr\u00e6kningen er blevet foretaget.<\/p>\n<p>Den bedste m\u00e5de, hvorp\u00e5 du kan finde resultaterne af Powerball Australia, er dog at tjekke vores hjemmeside. Du vil kunne finde resultaterne for dette og alle andre spil, som vi har tilg\u00e6ngelige, s\u00e5 du beh\u00f8ver ikke at bekymre dig om at g\u00e5 glip af noget som helst.<\/p>\n<h2>S\u00e5dan finder du ud af, om din online billet har vundet<\/h2>\n<p>Hvad med hvis du allerede har k\u00f8bt dine egne billetter til Powerball Australia? Jamen, s\u00e5 er det endnu nemmere for dig at tjekke de vindende numre. I stedet for at tjekke den almindelige side med lotteriresultater kan du tjekke billetternes side p\u00e5 din konto. Dette vil lade dig se de vindende numre sammenlignet med dine egne, hvilket vil v\u00e6re endnu bedre for dine behov.<\/p>\n<p>Du kan kigge efter eventuelle numre i din kupon, der er fremh\u00e6vet, hvilket betyder, at de matcher de vindende numre. Derefter kan du se, hvor meget du har vundet. Og hvis det er mindre end 2.500 \u20ac, vil det blive krediteret til din konto bare s\u00e5dan.<\/p>\n<h2>Powerball Australien resultater arkiv<\/h2>\n<p>P\u00e5 vores hjemmeside g\u00f8r vi det nemt for dig at tjekke ikke kun de aktuelle lottotal for Powerball Australia med mere, men ogs\u00e5 de gamle numre. En af de mest popul\u00e6re m\u00e5der, som folk v\u00e6lger deres numre p\u00e5, er ved at kigge p\u00e5 nogle af de \u00e6ldre numre, s\u00e5 vi s\u00f8rger for, at du kan finde disse numre p\u00e5 enhver side, hvor vi tilbyder de aktuelle vindernumre.<\/p>\n<h2>Min kupon har vundet, hvad sker der s\u00e5 nu?<\/h2>\n<p>Hvis din kupon er en vinder, skal du bare l\u00e6ne dig tilbage og lade os hj\u00e6lpe dig med at f\u00e5 de penge, du har ret til. Hvis du har vundet mindre end 2.500 \u20ac, krediterer vi pengene til din spillerkonto, s\u00e5 snart resultaterne er bekr\u00e6ftet. Derefter vil du kunne h\u00e6ve pengene, s\u00e5 l\u00e6nge der er \u20ac10 p\u00e5 din konto.<\/p>\n","protected":false},"excerpt":{"rendered":"<p>Ved internationale lotterier kan du pr\u00f8ve at tjekke resultaterne i avisen, men det er usandsynligt, at du finder vindertallene for Powerball Australia i din lokale avis. Du finder det m\u00e5ske heller ikke p\u00e5 nogen af dine lokale tv-kanaler. Hvis du g\u00f8r det, vil det tage lidt tid og kr\u00e6fter at finde den rigtige kanal. En [&hellip;]<\/p>\n","protected":false},"author":1,"featured_media":0,"parent":5826,"menu_order":13,"comment_status":"closed","ping_status":"closed","template":"powerball-au-results.php","meta":{"_et_pb_use_builder":"","_et_pb_old_content":"","_et_gb_content_width":"","exclude_from_search":false,"footnotes":""},"class_list":["post-80891","page","type-page","status-publish","hentry"],"yoast_head":"<!-- This site is optimized with the Yoast SEO plugin v23.4 - https:\/\/yoast.com\/wordpress\/plugins\/seo\/ -->\n<title>Seneste og tidligere tr\u00e6kningsresultater og vindernumre for Powerball Australia<\/title>\n<meta name=\"description\" content=\"Vi offentligg\u00f8r Powerball Australia vindernumre lige efter tr\u00e6kningen\" \/>\n<meta name=\"robots\" content=\"index, follow, max-snippet:-1, max-image-preview:large, max-video-preview:-1\" \/>\n<link rel=\"canonical\" href=\"https:\/\/onlinelotto365.com\/da\/vindende-numre\/powerball-australia\/\" \/>\n<meta property=\"og:locale\" content=\"da_DK\" \/>\n<meta property=\"og:type\" content=\"article\" \/>\n<meta property=\"og:title\" content=\"Seneste og tidligere tr\u00e6kningsresultater og vindernumre for Powerball Australia\" \/>\n<meta property=\"og:description\" content=\"Vi offentligg\u00f8r Powerball Australia vindernumre lige efter tr\u00e6kningen\" \/>\n<meta property=\"og:url\" content=\"https:\/\/onlinelotto365.com\/da\/vindende-numre\/powerball-australia\/\" \/>\n<meta property=\"og:site_name\" content=\"OnlineLotto365\" \/>\n<meta property=\"og:image\" content=\"https:\/\/redfoxlotto.com\/image?size=8&amp;lottery=powerball-au\" \/>\n<meta name=\"twitter:card\" content=\"summary_large_image\" \/>\n<meta name=\"twitter:label1\" content=\"Estimeret l\u00e6setid\" \/>\n\t<meta name=\"twitter:data1\" content=\"3 minutter\" \/>\n<script type=\"application\/ld+json\" class=\"yoast-schema-graph\">{\"@context\":\"https:\/\/schema.org\",\"@graph\":[{\"@type\":\"WebPage\",\"@id\":\"https:\/\/onlinelotto365.com\/da\/vindende-numre\/powerball-australia\/\",\"url\":\"https:\/\/onlinelotto365.com\/da\/vindende-numre\/powerball-australia\/\",\"name\":\"Seneste og tidligere tr\u00e6kningsresultater og vindernumre for Powerball Australia\",\"isPartOf\":{\"@id\":\"https:\/\/onlinelotto365.com\/da\/#website\"},\"primaryImageOfPage\":{\"@id\":\"https:\/\/onlinelotto365.com\/da\/vindende-numre\/powerball-australia\/#primaryimage\"},\"image\":{\"@id\":\"https:\/\/onlinelotto365.com\/da\/vindende-numre\/powerball-australia\/#primaryimage\"},\"thumbnailUrl\":\"https:\/\/redfoxlotto.com\/image?size=8&amp;lottery=powerball-au\",\"datePublished\":\"2022-11-23T12:11:38+00:00\",\"dateModified\":\"2022-11-23T12:11:38+00:00\",\"description\":\"Vi offentligg\u00f8r Powerball Australia vindernumre lige efter tr\u00e6kningen\",\"breadcrumb\":{\"@id\":\"https:\/\/onlinelotto365.com\/da\/vindende-numre\/powerball-australia\/#breadcrumb\"},\"inLanguage\":\"da-DK\",\"potentialAction\":[{\"@type\":\"ReadAction\",\"target\":[\"https:\/\/onlinelotto365.com\/da\/vindende-numre\/powerball-australia\/\"]}]},{\"@type\":\"ImageObject\",\"inLanguage\":\"da-DK\",\"@id\":\"https:\/\/onlinelotto365.com\/da\/vindende-numre\/powerball-australia\/#primaryimage\",\"url\":\"https:\/\/redfoxlotto.com\/image?size=8&amp;lottery=powerball-au\",\"contentUrl\":\"https:\/\/redfoxlotto.com\/image?size=8&amp;lottery=powerball-au\"},{\"@type\":\"BreadcrumbList\",\"@id\":\"https:\/\/onlinelotto365.com\/da\/vindende-numre\/powerball-australia\/#breadcrumb\",\"itemListElement\":[{\"@type\":\"ListItem\",\"position\":1,\"name\":\"Home\",\"item\":\"https:\/\/onlinelotto365.com\/da\/\"},{\"@type\":\"ListItem\",\"position\":2,\"name\":\"F\u00e5 vindertal og resultater for de seneste lotteriudtr\u00e6kninger\",\"item\":\"https:\/\/onlinelotto365.com\/da\/vindende-numre\/\"},{\"@type\":\"ListItem\",\"position\":3,\"name\":\"Powerball Australia &#8211; seneste og tidligere vindertal, resultater\"}]},{\"@type\":\"WebSite\",\"@id\":\"https:\/\/onlinelotto365.com\/da\/#website\",\"url\":\"https:\/\/onlinelotto365.com\/da\/\",\"name\":\"OnlineLotto365\",\"description\":\"\",\"potentialAction\":[{\"@type\":\"SearchAction\",\"target\":{\"@type\":\"EntryPoint\",\"urlTemplate\":\"https:\/\/onlinelotto365.com\/da\/?s={search_term_string}\"},\"query-input\":{\"@type\":\"PropertyValueSpecification\",\"valueRequired\":true,\"valueName\":\"search_term_string\"}}],\"inLanguage\":\"da-DK\"}]}<\/script>\n<!-- \/ Yoast SEO plugin. -->","yoast_head_json":{"title":"Seneste og tidligere tr\u00e6kningsresultater og vindernumre for Powerball Australia","description":"Vi offentligg\u00f8r Powerball Australia vindernumre lige efter tr\u00e6kningen","robots":{"index":"index","follow":"follow","max-snippet":"max-snippet:-1","max-image-preview":"max-image-preview:large","max-video-preview":"max-video-preview:-1"},"canonical":"https:\/\/onlinelotto365.com\/da\/vindende-numre\/powerball-australia\/","og_locale":"da_DK","og_type":"article","og_title":"Seneste og tidligere tr\u00e6kningsresultater og vindernumre for Powerball Australia","og_description":"Vi offentligg\u00f8r Powerball Australia vindernumre lige efter tr\u00e6kningen","og_url":"https:\/\/onlinelotto365.com\/da\/vindende-numre\/powerball-australia\/","og_site_name":"OnlineLotto365","og_image":[{"url":"https:\/\/redfoxlotto.com\/image?size=8&amp;lottery=powerball-au"}],"twitter_card":"summary_large_image","twitter_misc":{"Estimeret l\u00e6setid":"3 minutter"},"schema":{"@context":"https:\/\/schema.org","@graph":[{"@type":"WebPage","@id":"https:\/\/onlinelotto365.com\/da\/vindende-numre\/powerball-australia\/","url":"https:\/\/onlinelotto365.com\/da\/vindende-numre\/powerball-australia\/","name":"Seneste og tidligere tr\u00e6kningsresultater og vindernumre for Powerball Australia","isPartOf":{"@id":"https:\/\/onlinelotto365.com\/da\/#website"},"primaryImageOfPage":{"@id":"https:\/\/onlinelotto365.com\/da\/vindende-numre\/powerball-australia\/#primaryimage"},"image":{"@id":"https:\/\/onlinelotto365.com\/da\/vindende-numre\/powerball-australia\/#primaryimage"},"thumbnailUrl":"https:\/\/redfoxlotto.com\/image?size=8&amp;lottery=powerball-au","datePublished":"2022-11-23T12:11:38+00:00","dateModified":"2022-11-23T12:11:38+00:00","description":"Vi offentligg\u00f8r Powerball Australia vindernumre lige efter tr\u00e6kningen","breadcrumb":{"@id":"https:\/\/onlinelotto365.com\/da\/vindende-numre\/powerball-australia\/#breadcrumb"},"inLanguage":"da-DK","potentialAction":[{"@type":"ReadAction","target":["https:\/\/onlinelotto365.com\/da\/vindende-numre\/powerball-australia\/"]}]},{"@type":"ImageObject","inLanguage":"da-DK","@id":"https:\/\/onlinelotto365.com\/da\/vindende-numre\/powerball-australia\/#primaryimage","url":"https:\/\/redfoxlotto.com\/image?size=8&amp;lottery=powerball-au","contentUrl":"https:\/\/redfoxlotto.com\/image?size=8&amp;lottery=powerball-au"},{"@type":"BreadcrumbList","@id":"https:\/\/onlinelotto365.com\/da\/vindende-numre\/powerball-australia\/#breadcrumb","itemListElement":[{"@type":"ListItem","position":1,"name":"Home","item":"https:\/\/onlinelotto365.com\/da\/"},{"@type":"ListItem","position":2,"name":"F\u00e5 vindertal og resultater for de seneste lotteriudtr\u00e6kninger","item":"https:\/\/onlinelotto365.com\/da\/vindende-numre\/"},{"@type":"ListItem","position":3,"name":"Powerball Australia &#8211; seneste og tidligere vindertal, resultater"}]},{"@type":"WebSite","@id":"https:\/\/onlinelotto365.com\/da\/#website","url":"https:\/\/onlinelotto365.com\/da\/","name":"OnlineLotto365","description":"","potentialAction":[{"@type":"SearchAction","target":{"@type":"EntryPoint","urlTemplate":"https:\/\/onlinelotto365.com\/da\/?s={search_term_string}"},"query-input":{"@type":"PropertyValueSpecification","valueRequired":true,"valueName":"search_term_string"}}],"inLanguage":"da-DK"}]}},"_links":{"self":[{"href":"https:\/\/onlinelotto365.com\/da\/wp-json\/wp\/v2\/pages\/80891","targetHints":{"allow":["GET"]}}],"collection":[{"href":"https:\/\/onlinelotto365.com\/da\/wp-json\/wp\/v2\/pages"}],"about":[{"href":"https:\/\/onlinelotto365.com\/da\/wp-json\/wp\/v2\/types\/page"}],"author":[{"embeddable":true,"href":"https:\/\/onlinelotto365.com\/da\/wp-json\/wp\/v2\/users\/1"}],"replies":[{"embeddable":true,"href":"https:\/\/onlinelotto365.com\/da\/wp-json\/wp\/v2\/comments?post=80891"}],"version-history":[{"count":0,"href":"https:\/\/onlinelotto365.com\/da\/wp-json\/wp\/v2\/pages\/80891\/revisions"}],"up":[{"embeddable":true,"href":"https:\/\/onlinelotto365.com\/da\/wp-json\/wp\/v2\/pages\/5826"}],"wp:attachment":[{"href":"https:\/\/onlinelotto365.com\/da\/wp-json\/wp\/v2\/media?parent=80891"}],"curies":[{"name":"wp","href":"https:\/\/api.w.org\/{rel}","templated":true}]}}